{"id":99,"date":"2023-12-29T18:43:21","date_gmt":"2023-12-29T16:43:21","guid":{"rendered":"https:\/\/kolmlovitrykikeskus.ee\/?page_id=99"},"modified":"2024-10-02T09:44:37","modified_gmt":"2024-10-02T07:44:37","slug":"hinnaparing","status":"publish","type":"page","link":"https:\/\/kolmlovitrykikeskus.ee\/?page_id=99","title":{"rendered":"\u00dcldine hinnap\u00e4ring"},"content":{"rendered":"<style id=\"wpforms-css-vars-3196\">\n\t\t\t\t#wpforms-3196 {\n\t\t\t\t\n\t\t\t}\n\t\t\t<\/style><div class=\"wpforms-container wpforms-container-full wpforms-render-modern\" id=\"wpforms-3196\"><form id=\"wpforms-form-3196\" class=\"wpforms-validate wpforms-form wpforms-ajax-form\" data-formid=\"3196\" method=\"post\" enctype=\"multipart\/form-data\" action=\"\/index.php?rest_route=%2Fwp%2Fv2%2Fpages%2F99\" data-token=\"7730d0d61f23f73585d2203e5c4adc7c\" data-token-time=\"1776872151\"><noscript class=\"wpforms-error-noscript\">Please enable JavaScript in your browser to complete this form.<\/noscript><div id=\"wpforms-error-noscript\" style=\"display: none;\">Please enable JavaScript in your browser to complete this form.<\/div><div class=\"wpforms-field-container\"><div id=\"wpforms-3196-field_31-container\" class=\"wpforms-field wpforms-field-text\" data-field-id=\"31\"><label class=\"wpforms-field-label\" for=\"wpforms-3196-field_31\">Nimetus: <span class=\"wpforms-required-label\" aria-hidden=\"true\">*<\/span><\/label><input type=\"text\" id=\"wpforms-3196-field_31\" class=\"wpforms-field-large wpforms-field-required\" name=\"wpforms[fields][31]\" aria-errormessage=\"wpforms-3196-field_31-error\" required><\/div><div id=\"wpforms-3196-field_32-container\" class=\"wpforms-field wpforms-field-text wpforms-one-fourth wpforms-first\" data-field-id=\"32\"><label class=\"wpforms-field-label\" for=\"wpforms-3196-field_32\">Laius (mm): <span class=\"wpforms-required-label\" aria-hidden=\"true\">*<\/span><\/label><input type=\"text\" id=\"wpforms-3196-field_32\" class=\"wpforms-field-large wpforms-field-required\" name=\"wpforms[fields][32]\" aria-errormessage=\"wpforms-3196-field_32-error\" required><\/div><div id=\"wpforms-3196-field_33-container\" class=\"wpforms-field wpforms-field-text wpforms-one-fourth\" data-field-id=\"33\"><label class=\"wpforms-field-label\" for=\"wpforms-3196-field_33\">K\u00f5rgus (mm):  <span class=\"wpforms-required-label\" aria-hidden=\"true\">*<\/span><\/label><input type=\"text\" id=\"wpforms-3196-field_33\" class=\"wpforms-field-large wpforms-field-required\" name=\"wpforms[fields][33]\" aria-errormessage=\"wpforms-3196-field_33-error\" required><\/div><div id=\"wpforms-3196-field_34-container\" class=\"wpforms-field wpforms-field-text wpforms-one-fourth\" data-field-id=\"34\"><label class=\"wpforms-field-label\" for=\"wpforms-3196-field_34\">Tiraa\u017e: <span class=\"wpforms-required-label\" aria-hidden=\"true\">*<\/span><\/label><input type=\"text\" id=\"wpforms-3196-field_34\" class=\"wpforms-field-large wpforms-field-required\" name=\"wpforms[fields][34]\" aria-errormessage=\"wpforms-3196-field_34-error\" required><\/div><div id=\"wpforms-3196-field_10-container\" class=\"wpforms-field wpforms-field-select wpforms-one-third wpforms-first wpforms-field-select-style-modern\" data-field-id=\"10\"><label class=\"wpforms-field-label\" for=\"wpforms-3196-field_10\">V\u00e4rvilisus esik\u00fcljel<\/label><select id=\"wpforms-3196-field_10\" class=\"wpforms-field-large choicesjs-select\" data-size-class=\"wpforms-field-row wpforms-field-large\" data-search-enabled=\"\" name=\"wpforms[fields][10]\"><option value=\"\" class=\"placeholder\" disabled  selected='selected'><\/option><option value=\"1 v\u00e4rv\"  class=\"choice-1 depth-1\"  >1 v\u00e4rv<\/option><option value=\"2 v\u00e4rvi\"  class=\"choice-2 depth-1\"  >2 v\u00e4rvi<\/option><option value=\"3 v\u00e4rvi\"  class=\"choice-3 depth-1\"  >3 v\u00e4rvi<\/option><option value=\"4 v\u00e4rvi\"  class=\"choice-4 depth-1\"  >4 v\u00e4rvi<\/option><option value=\"5 v\u00e4rvi\"  class=\"choice-6 depth-1\"  >5 v\u00e4rvi<\/option><option value=\"6 v\u00e4rvi\"  class=\"choice-7 depth-1\"  >6 v\u00e4rvi<\/option><\/select><\/div><div id=\"wpforms-3196-field_35-container\" class=\"wpforms-field wpforms-field-select wpforms-one-third wpforms-field-select-style-modern\" data-field-id=\"35\"><label class=\"wpforms-field-label\" for=\"wpforms-3196-field_35\">V\u00e4rvilisus tagak\u00fcljel<\/label><select id=\"wpforms-3196-field_35\" class=\"wpforms-field-large choicesjs-select\" data-size-class=\"wpforms-field-row wpforms-field-large\" data-search-enabled=\"\" name=\"wpforms[fields][35]\"><option value=\"\" class=\"placeholder\" disabled  selected='selected'><\/option><option value=\"1 v\u00e4rv\"  class=\"choice-1 depth-1\"  >1 v\u00e4rv<\/option><option value=\"2 v\u00e4rvi\"  class=\"choice-2 depth-1\"  >2 v\u00e4rvi<\/option><option value=\"3 v\u00e4rvi\"  class=\"choice-3 depth-1\"  >3 v\u00e4rvi<\/option><option value=\"4 v\u00e4rvi\"  class=\"choice-4 depth-1\"  >4 v\u00e4rvi<\/option><option value=\"5 v\u00e4rvi\"  class=\"choice-6 depth-1\"  >5 v\u00e4rvi<\/option><option value=\"6 v\u00e4rvi\"  class=\"choice-7 depth-1\"  >6 v\u00e4rvi<\/option><\/select><\/div><div id=\"wpforms-3196-field_36-container\" class=\"wpforms-field wpforms-field-textarea\" data-field-id=\"36\"><label class=\"wpforms-field-label\" for=\"wpforms-3196-field_36\">Tr\u00fckise materjal: <span class=\"wpforms-required-label\" aria-hidden=\"true\">*<\/span><\/label><textarea id=\"wpforms-3196-field_36\" class=\"wpforms-field-small wpforms-field-required\" name=\"wpforms[fields][36]\" aria-errormessage=\"wpforms-3196-field_36-error\" required><\/textarea><\/div><div id=\"wpforms-3196-field_37-container\" class=\"wpforms-field wpforms-field-textarea\" data-field-id=\"37\"><label class=\"wpforms-field-label\" for=\"wpforms-3196-field_37\">Muu info:<\/label><textarea id=\"wpforms-3196-field_37\" class=\"wpforms-field-medium\" name=\"wpforms[fields][37]\" aria-errormessage=\"wpforms-3196-field_37-error\" ><\/textarea><\/div><div id=\"wpforms-3196-field_29-container\" class=\"wpforms-field wpforms-field-name wpforms-one-fourth wpforms-first\" data-field-id=\"29\"><label class=\"wpforms-field-label\" for=\"wpforms-3196-field_29\">Kontaktisik: <span class=\"wpforms-required-label\" aria-hidden=\"true\">*<\/span><\/label><input type=\"text\" id=\"wpforms-3196-field_29\" class=\"wpforms-field-large wpforms-field-required\" name=\"wpforms[fields][29]\" aria-errormessage=\"wpforms-3196-field_29-error\" required><\/div><div id=\"wpforms-3196-field_1-container\" class=\"wpforms-field wpforms-field-name wpforms-one-fourth\" data-field-id=\"1\"><label class=\"wpforms-field-label\" for=\"wpforms-3196-field_1\">Kontakttelefon: <span class=\"wpforms-required-label\" aria-hidden=\"true\">*<\/span><\/label><input type=\"text\" id=\"wpforms-3196-field_1\" class=\"wpforms-field-large wpforms-field-required\" name=\"wpforms[fields][1]\" aria-errormessage=\"wpforms-3196-field_1-error\" required><\/div><div id=\"wpforms-3196-field_30-container\" class=\"wpforms-field wpforms-field-name\" data-field-id=\"30\"><label class=\"wpforms-field-label\" for=\"wpforms-3196-field_30\">Ettev\u00f5tte nimi:<\/label><input type=\"text\" id=\"wpforms-3196-field_30\" class=\"wpforms-field-medium\" name=\"wpforms[fields][30]\" aria-errormessage=\"wpforms-3196-field_30-error\" ><\/div>\t\t<div id=\"wpforms-3196-field_2-container\"\n\t\t\tclass=\"wpforms-field wpforms-field-text\"\n\t\t\tdata-field-type=\"text\"\n\t\t\tdata-field-id=\"2\"\n\t\t\t>\n\t\t\t<label class=\"wpforms-field-label\" for=\"wpforms-3196-field_2\" > Tiraa\u017e: V\u00e4rvilisus<\/label>\n\t\t\t<input type=\"text\" id=\"wpforms-3196-field_2\" class=\"wpforms-field-medium\" name=\"wpforms[fields][2]\" >\n\t\t<\/div>\n\t\t<div id=\"wpforms-3196-field_7-container\" class=\"wpforms-field wpforms-field-email\" data-field-id=\"7\"><label class=\"wpforms-field-label\" for=\"wpforms-3196-field_7\">Email <span class=\"wpforms-required-label\" aria-hidden=\"true\">*<\/span><\/label><input type=\"email\" id=\"wpforms-3196-field_7\" class=\"wpforms-field-medium wpforms-field-required\" name=\"wpforms[fields][7]\" spellcheck=\"false\" aria-errormessage=\"wpforms-3196-field_7-error\" required><\/div><script>\n\t\t\t\t( function() {\n\t\t\t\t\tconst style = document.createElement( 'style' );\n\t\t\t\t\tstyle.appendChild( document.createTextNode( '#wpforms-3196-field_2-container { position: absolute !important; overflow: hidden !important; display: inline !important; height: 1px !important; width: 1px !important; z-index: -1000 !important; padding: 0 !important; } #wpforms-3196-field_2-container input { visibility: hidden; } #wpforms-conversational-form-page #wpforms-3196-field_2-container label { counter-increment: none; }' ) );\n\t\t\t\t\tdocument.head.appendChild( style );\n\t\t\t\t\tdocument.currentScript?.remove();\n\t\t\t\t} )();\n\t\t\t<\/script><\/div><!-- .wpforms-field-container --><div class=\"wpforms-recaptcha-container wpforms-is-recaptcha wpforms-is-recaptcha-type-invisible\" ><div class=\"g-recaptcha\" data-sitekey=\"6LdzjlYqAAAAAMAW4IVc8mLuJE2EYudua8gh8o5A\" data-size=\"invisible\"><\/div><\/div><div class=\"wpforms-submit-container\" ><input type=\"hidden\" name=\"wpforms[id]\" value=\"3196\"><input type=\"hidden\" name=\"page_title\" value=\"\"><input type=\"hidden\" name=\"page_url\" value=\"https:\/\/kolmlovitrykikeskus.ee\/index.php?rest_route=\/wp\/v2\/pages\/99\"><input type=\"hidden\" name=\"url_referer\" value=\"\"><button type=\"submit\" name=\"wpforms[submit]\" id=\"wpforms-submit-3196\" class=\"wpforms-submit\" data-alt-text=\"Saadab...\" data-submit-text=\"Saada\" aria-live=\"assertive\" value=\"wpforms-submit\">Saada<\/button><img loading=\"lazy\" decoding=\"async\" src=\"https:\/\/kolmlovitrykikeskus.ee\/wp-content\/plugins\/wpforms-lite\/assets\/images\/submit-spin.svg\" class=\"wpforms-submit-spinner\" style=\"display: none;\" width=\"26\" height=\"26\" alt=\"Loading\"><\/div><\/form><\/div>  <!-- .wpforms-container -->\n","protected":false},"excerpt":{"rendered":"","protected":false},"author":1,"featured_media":0,"parent":0,"menu_order":0,"comment_status":"closed","ping_status":"closed","template":"","meta":{"footnotes":""},"class_list":["post-99","page","type-page","status-publish","hentry"],"yoast_head":"<!-- This site is optimized with the Yoast SEO plugin v27.4 - https:\/\/yoast.com\/product\/yoast-seo-wordpress\/ -->\n<title>\u00dcldine hinnap\u00e4ring - Kolm L\u00f5vi Tr\u00fckikeskus<\/title>\n<meta name=\"description\" content=\"\u00dcldine hinnap\u00e4ring Kolm L\u00f5vi Tr\u00fckikeskus\" \/>\n<meta name=\"robots\" content=\"index, follow, max-snippet:-1, max-image-preview:large, max-video-preview:-1\" \/>\n<link rel=\"canonical\" href=\"https:\/\/kolmlovitrykikeskus.ee\/?page_id=99\" \/>\n<meta property=\"og:locale\" content=\"et_EE\" \/>\n<meta property=\"og:type\" content=\"article\" \/>\n<meta property=\"og:title\" content=\"\u00dcldine hinnap\u00e4ring - Kolm L\u00f5vi Tr\u00fckikeskus\" \/>\n<meta property=\"og:description\" content=\"\u00dcldine hinnap\u00e4ring Kolm L\u00f5vi Tr\u00fckikeskus\" \/>\n<meta property=\"og:url\" content=\"https:\/\/kolmlovitrykikeskus.ee\/?page_id=99\" \/>\n<meta property=\"og:site_name\" content=\"Kolm L\u00f5vi Tr\u00fckikeskus\" \/>\n<meta property=\"article:publisher\" content=\"https:\/\/www.facebook.com\/kolmlovitrykikeskus\" \/>\n<meta property=\"article:modified_time\" content=\"2024-10-02T07:44:37+00:00\" \/>\n<meta name=\"twitter:card\" content=\"summary_large_image\" \/>\n<meta name=\"twitter:label1\" content=\"Est. reading time\" \/>\n\t<meta name=\"twitter:data1\" content=\"1 minut\" \/>\n<script type=\"application\/ld+json\" class=\"yoast-schema-graph\">{\"@context\":\"https:\\\/\\\/schema.org\",\"@graph\":[{\"@type\":\"WebPage\",\"@id\":\"https:\\\/\\\/kolmlovitrykikeskus.ee\\\/?page_id=99\",\"url\":\"https:\\\/\\\/kolmlovitrykikeskus.ee\\\/?page_id=99\",\"name\":\"\u00dcldine hinnap\u00e4ring - Kolm L\u00f5vi Tr\u00fckikeskus\",\"isPartOf\":{\"@id\":\"https:\\\/\\\/kolmlovitrykikeskus.ee\\\/#website\"},\"datePublished\":\"2023-12-29T16:43:21+00:00\",\"dateModified\":\"2024-10-02T07:44:37+00:00\",\"description\":\"\u00dcldine hinnap\u00e4ring Kolm L\u00f5vi Tr\u00fckikeskus\",\"breadcrumb\":{\"@id\":\"https:\\\/\\\/kolmlovitrykikeskus.ee\\\/?page_id=99#breadcrumb\"},\"inLanguage\":\"et\",\"potentialAction\":[{\"@type\":\"ReadAction\",\"target\":[\"https:\\\/\\\/kolmlovitrykikeskus.ee\\\/?page_id=99\"]}]},{\"@type\":\"BreadcrumbList\",\"@id\":\"https:\\\/\\\/kolmlovitrykikeskus.ee\\\/?page_id=99#breadcrumb\",\"itemListElement\":[{\"@type\":\"ListItem\",\"position\":1,\"name\":\"Home\",\"item\":\"https:\\\/\\\/kolmlovitrykikeskus.ee\\\/\"},{\"@type\":\"ListItem\",\"position\":2,\"name\":\"\u00dcldine hinnap\u00e4ring\"}]},{\"@type\":\"WebSite\",\"@id\":\"https:\\\/\\\/kolmlovitrykikeskus.ee\\\/#website\",\"url\":\"https:\\\/\\\/kolmlovitrykikeskus.ee\\\/\",\"name\":\"Kolm L\u00f5vi Tr\u00fckikeskus\",\"description\":\"Leiame lahenduse!\",\"publisher\":{\"@id\":\"https:\\\/\\\/kolmlovitrykikeskus.ee\\\/#organization\"},\"potentialAction\":[{\"@type\":\"SearchAction\",\"target\":{\"@type\":\"EntryPoint\",\"urlTemplate\":\"https:\\\/\\\/kolmlovitrykikeskus.ee\\\/?s={search_term_string}\"},\"query-input\":{\"@type\":\"PropertyValueSpecification\",\"valueRequired\":true,\"valueName\":\"search_term_string\"}}],\"inLanguage\":\"et\"},{\"@type\":\"Organization\",\"@id\":\"https:\\\/\\\/kolmlovitrykikeskus.ee\\\/#organization\",\"name\":\"Kolm L\u00f5vi Tr\u00fckikeskus\",\"url\":\"https:\\\/\\\/kolmlovitrykikeskus.ee\\\/\",\"logo\":{\"@type\":\"ImageObject\",\"inLanguage\":\"et\",\"@id\":\"https:\\\/\\\/kolmlovitrykikeskus.ee\\\/#\\\/schema\\\/logo\\\/image\\\/\",\"url\":\"https:\\\/\\\/kolmlovitrykikeskus.ee\\\/wp-content\\\/uploads\\\/2023\\\/12\\\/cropped-kltk-logo.png\",\"contentUrl\":\"https:\\\/\\\/kolmlovitrykikeskus.ee\\\/wp-content\\\/uploads\\\/2023\\\/12\\\/cropped-kltk-logo.png\",\"width\":640,\"height\":170,\"caption\":\"Kolm L\u00f5vi Tr\u00fckikeskus\"},\"image\":{\"@id\":\"https:\\\/\\\/kolmlovitrykikeskus.ee\\\/#\\\/schema\\\/logo\\\/image\\\/\"},\"sameAs\":[\"https:\\\/\\\/www.facebook.com\\\/kolmlovitrykikeskus\"]}]}<\/script>\n<!-- \/ Yoast SEO plugin. -->","yoast_head_json":{"title":"\u00dcldine hinnap\u00e4ring - Kolm L\u00f5vi Tr\u00fckikeskus","description":"\u00dcldine hinnap\u00e4ring Kolm L\u00f5vi Tr\u00fckikeskus","robots":{"index":"index","follow":"follow","max-snippet":"max-snippet:-1","max-image-preview":"max-image-preview:large","max-video-preview":"max-video-preview:-1"},"canonical":"https:\/\/kolmlovitrykikeskus.ee\/?page_id=99","og_locale":"et_EE","og_type":"article","og_title":"\u00dcldine hinnap\u00e4ring - Kolm L\u00f5vi Tr\u00fckikeskus","og_description":"\u00dcldine hinnap\u00e4ring Kolm L\u00f5vi Tr\u00fckikeskus","og_url":"https:\/\/kolmlovitrykikeskus.ee\/?page_id=99","og_site_name":"Kolm L\u00f5vi Tr\u00fckikeskus","article_publisher":"https:\/\/www.facebook.com\/kolmlovitrykikeskus","article_modified_time":"2024-10-02T07:44:37+00:00","twitter_card":"summary_large_image","twitter_misc":{"Est. reading time":"1 minut"},"schema":{"@context":"https:\/\/schema.org","@graph":[{"@type":"WebPage","@id":"https:\/\/kolmlovitrykikeskus.ee\/?page_id=99","url":"https:\/\/kolmlovitrykikeskus.ee\/?page_id=99","name":"\u00dcldine hinnap\u00e4ring - Kolm L\u00f5vi Tr\u00fckikeskus","isPartOf":{"@id":"https:\/\/kolmlovitrykikeskus.ee\/#website"},"datePublished":"2023-12-29T16:43:21+00:00","dateModified":"2024-10-02T07:44:37+00:00","description":"\u00dcldine hinnap\u00e4ring Kolm L\u00f5vi Tr\u00fckikeskus","breadcrumb":{"@id":"https:\/\/kolmlovitrykikeskus.ee\/?page_id=99#breadcrumb"},"inLanguage":"et","potentialAction":[{"@type":"ReadAction","target":["https:\/\/kolmlovitrykikeskus.ee\/?page_id=99"]}]},{"@type":"BreadcrumbList","@id":"https:\/\/kolmlovitrykikeskus.ee\/?page_id=99#breadcrumb","itemListElement":[{"@type":"ListItem","position":1,"name":"Home","item":"https:\/\/kolmlovitrykikeskus.ee\/"},{"@type":"ListItem","position":2,"name":"\u00dcldine hinnap\u00e4ring"}]},{"@type":"WebSite","@id":"https:\/\/kolmlovitrykikeskus.ee\/#website","url":"https:\/\/kolmlovitrykikeskus.ee\/","name":"Kolm L\u00f5vi Tr\u00fckikeskus","description":"Leiame lahenduse!","publisher":{"@id":"https:\/\/kolmlovitrykikeskus.ee\/#organization"},"potentialAction":[{"@type":"SearchAction","target":{"@type":"EntryPoint","urlTemplate":"https:\/\/kolmlovitrykikeskus.ee\/?s={search_term_string}"},"query-input":{"@type":"PropertyValueSpecification","valueRequired":true,"valueName":"search_term_string"}}],"inLanguage":"et"},{"@type":"Organization","@id":"https:\/\/kolmlovitrykikeskus.ee\/#organization","name":"Kolm L\u00f5vi Tr\u00fckikeskus","url":"https:\/\/kolmlovitrykikeskus.ee\/","logo":{"@type":"ImageObject","inLanguage":"et","@id":"https:\/\/kolmlovitrykikeskus.ee\/#\/schema\/logo\/image\/","url":"https:\/\/kolmlovitrykikeskus.ee\/wp-content\/uploads\/2023\/12\/cropped-kltk-logo.png","contentUrl":"https:\/\/kolmlovitrykikeskus.ee\/wp-content\/uploads\/2023\/12\/cropped-kltk-logo.png","width":640,"height":170,"caption":"Kolm L\u00f5vi Tr\u00fckikeskus"},"image":{"@id":"https:\/\/kolmlovitrykikeskus.ee\/#\/schema\/logo\/image\/"},"sameAs":["https:\/\/www.facebook.com\/kolmlovitrykikeskus"]}]}},"_links":{"self":[{"href":"https:\/\/kolmlovitrykikeskus.ee\/index.php?rest_route=\/wp\/v2\/pages\/99","targetHints":{"allow":["GET"]}}],"collection":[{"href":"https:\/\/kolmlovitrykikeskus.ee\/index.php?rest_route=\/wp\/v2\/pages"}],"about":[{"href":"https:\/\/kolmlovitrykikeskus.ee\/index.php?rest_route=\/wp\/v2\/types\/page"}],"author":[{"embeddable":true,"href":"https:\/\/kolmlovitrykikeskus.ee\/index.php?rest_route=\/wp\/v2\/users\/1"}],"replies":[{"embeddable":true,"href":"https:\/\/kolmlovitrykikeskus.ee\/index.php?rest_route=%2Fwp%2Fv2%2Fcomments&post=99"}],"version-history":[{"count":11,"href":"https:\/\/kolmlovitrykikeskus.ee\/index.php?rest_route=\/wp\/v2\/pages\/99\/revisions"}],"predecessor-version":[{"id":3211,"href":"https:\/\/kolmlovitrykikeskus.ee\/index.php?rest_route=\/wp\/v2\/pages\/99\/revisions\/3211"}],"wp:attachment":[{"href":"https:\/\/kolmlovitrykikeskus.ee\/index.php?rest_route=%2Fwp%2Fv2%2Fmedia&parent=99"}],"curies":[{"name":"wp","href":"https:\/\/api.w.org\/{rel}","templated":true}]}}