{"id":871,"date":"2024-08-08T21:11:38","date_gmt":"2024-08-08T19:11:38","guid":{"rendered":"https:\/\/kolmlovitrykikeskus.ee\/?page_id=871"},"modified":"2024-12-13T09:33:23","modified_gmt":"2024-12-13T07:33:23","slug":"trukk-tekstiilidele","status":"publish","type":"page","link":"https:\/\/kolmlovitrykikeskus.ee\/?page_id=871","title":{"rendered":"Tr\u00fckk tekstiilidele"},"content":{"rendered":"<h3>Sublimatsioontr\u00fckk pol\u00fcesterkangal<\/h3>\r\n<p><span style=\"background-color: #ff0000;\"><span style=\"background-color: #ffffff;\"><a href=\"https:\/\/kolmlovitrykikeskus.ee\/?page_id=901\">Sublimatsiooniga<\/a> on v\u00f5imalik kujutist kanda tekstiilile kui ka muudele esemetele<\/span><\/span>.<!-- \/wp:post-content -->\r\n\r\n<!-- wp:image {\"id\":885,\"width\":\"413px\",\"height\":\"auto\",\"sizeSlug\":\"full\",\"linkDestination\":\"none\"} --><\/p>\r\n<p class=\"wp-block-image size-full is-resized\"><img loading=\"lazy\" decoding=\"async\" class=\"alignnone wp-image-885 size-full\" style=\"width: 413px; height: auto;\" src=\"https:\/\/kolmlovitrykikeskus.ee\/wp-content\/uploads\/2024\/01\/sublimatsioon-tekstiilil.png\" alt=\"Subli tekstiilil\" width=\"520\" height=\"131\" srcset=\"https:\/\/kolmlovitrykikeskus.ee\/wp-content\/uploads\/2024\/01\/sublimatsioon-tekstiilil.png 520w, https:\/\/kolmlovitrykikeskus.ee\/wp-content\/uploads\/2024\/01\/sublimatsioon-tekstiilil-300x76.png 300w\" sizes=\"auto, (max-width: 520px) 100vw, 520px\" \/><!-- \/wp:image -->\r\n\r\n<!-- wp:paragraph \/-->\r\n\r\n<!-- wp:paragraph --><\/p>\r\n<p>Pakume tr\u00fckki T-s\u00e4rkidele nii ainueksemplarides kui suurtes kogustes. T-s\u00e4rkidele tr\u00fckime presstr\u00fckis, siiditr\u00fckis ja sublimatsiooniga. Tekstiilidest sobivad praktiliselt k\u00f5ik kiud, mis kannatavad l\u00fchiajalist k\u00f5rget temperatuuri. Hilisem hooldus peaks toimuma vastavalt tekstiilitootja ettekirjutusele, kuid triikida ei tohi kujutist pildipoolelt. Sublimatsioontr\u00fckile sobivad ainult pol\u00fcester kangad v\u00f5i kangad milles on pol\u00fcestermaterjal protsentuaalselt \u00fclekaalus.<!-- \/wp:paragraph -->\r\n\r\n<!-- wp:image {\"id\":884,\"width\":\"415px\",\"height\":\"auto\",\"sizeSlug\":\"full\",\"linkDestination\":\"none\"} --><\/p>\r\n<h3>Presstr\u00fckk<\/h3>\r\n<p class=\"wp-block-image size-full is-resized\"><img loading=\"lazy\" decoding=\"async\" width=\"520\" height=\"446\" class=\"wp-image-884\" style=\"width: 415px; height: auto;\" src=\"https:\/\/kolmlovitrykikeskus.ee\/wp-content\/uploads\/2024\/01\/presstrykk520px.jpg\" alt=\"Kummpresstr\u00fckk tekstiilil\" srcset=\"https:\/\/kolmlovitrykikeskus.ee\/wp-content\/uploads\/2024\/01\/presstrykk520px.jpg 520w, https:\/\/kolmlovitrykikeskus.ee\/wp-content\/uploads\/2024\/01\/presstrykk520px-300x257.jpg 300w\" sizes=\"auto, (max-width: 520px) 100vw, 520px\" \/><br \/>tr\u00fckitud, v\u00e4lja l\u00f5igatud ja pressitud kujutised<!-- \/wp:image -->\r\n\r\n<!-- wp:image {\"id\":883,\"width\":\"422px\",\"height\":\"auto\",\"sizeSlug\":\"full\",\"linkDestination\":\"none\"} --><\/p>\r\n<h3>Plotterl\u00f5ikus<\/h3>\r\n<p class=\"wp-block-image size-full is-resized\"><img loading=\"lazy\" decoding=\"async\" width=\"520\" height=\"423\" class=\"wp-image-883\" style=\"width: 422px; height: auto;\" src=\"https:\/\/kolmlovitrykikeskus.ee\/wp-content\/uploads\/2024\/01\/presstrykk520px-1.jpg\" alt=\"Presstr\u00fckk\" srcset=\"https:\/\/kolmlovitrykikeskus.ee\/wp-content\/uploads\/2024\/01\/presstrykk520px-1.jpg 520w, https:\/\/kolmlovitrykikeskus.ee\/wp-content\/uploads\/2024\/01\/presstrykk520px-1-300x244.jpg 300w\" sizes=\"auto, (max-width: 520px) 100vw, 520px\" \/><br \/>Plotterl\u00f5ikusega l\u00f5igatud ja pressitud kujutis.<!-- \/wp:image -->\r\n\r\n<!-- wp:paragraph --><\/p>\r\n<p class=\"wp-block-image size-full is-resized\"><img loading=\"lazy\" decoding=\"async\" width=\"657\" height=\"743\" class=\"wp-image-882\" style=\"width: 422px; height: auto;\" src=\"https:\/\/kolmlovitrykikeskus.ee\/wp-content\/uploads\/2024\/01\/torva657.jpg\" alt=\"Jalgpalli dressidele logod ja numbrid\r\n\" srcset=\"https:\/\/kolmlovitrykikeskus.ee\/wp-content\/uploads\/2024\/01\/torva657.jpg 657w, https:\/\/kolmlovitrykikeskus.ee\/wp-content\/uploads\/2024\/01\/torva657-265x300.jpg 265w\" sizes=\"auto, (max-width: 657px) 100vw, 657px\" \/><br \/>Jalgpallimeeskonna dressidele logode ja numbrite pressimine.<!-- \/wp:paragraph -->\r\n\r\n<!-- wp:paragraph --><\/p>\r\n<h3>Siiditr\u00fckk<\/h3>\r\n<p class=\"wp-block-image size-full is-resized\"><img loading=\"lazy\" decoding=\"async\" width=\"657\" height=\"382\" class=\"wp-image-881\" style=\"width: 423px; height: auto;\" src=\"https:\/\/kolmlovitrykikeskus.ee\/wp-content\/uploads\/2024\/01\/transfer-siiditrykis-1.jpg\" alt=\"Transfer siiditr\u00fckk\" srcset=\"https:\/\/kolmlovitrykikeskus.ee\/wp-content\/uploads\/2024\/01\/transfer-siiditrykis-1.jpg 657w, https:\/\/kolmlovitrykikeskus.ee\/wp-content\/uploads\/2024\/01\/transfer-siiditrykis-1-300x174.jpg 300w\" sizes=\"auto, (max-width: 657px) 100vw, 657px\" \/><br \/>Siiditr\u00fckis tr\u00fckitud transfer on pressitud kangale. V\u00f5imaldab logod varem valmis teha. V\u00e4ga hea detailide edastus ja kestvus kasutamisel. Ei tohi triikida.<!-- \/wp:paragraph -->\r\n\r\n<!-- wp:paragraph --><\/p>\r\n<p class=\"wp-block-image size-full is-resized\"><img loading=\"lazy\" decoding=\"async\" width=\"657\" height=\"313\" class=\"wp-image-880\" style=\"width: 427px; height: auto;\" src=\"https:\/\/kolmlovitrykikeskus.ee\/wp-content\/uploads\/2024\/01\/tshirts-soriP7016546.jpg\" alt=\"Siiditr\u00fckk ts\u00e4rk\" srcset=\"https:\/\/kolmlovitrykikeskus.ee\/wp-content\/uploads\/2024\/01\/tshirts-soriP7016546.jpg 657w, https:\/\/kolmlovitrykikeskus.ee\/wp-content\/uploads\/2024\/01\/tshirts-soriP7016546-300x143.jpg 300w\" sizes=\"auto, (max-width: 657px) 100vw, 657px\" \/><br \/>Siiditr\u00fckis tr\u00fckk t-s\u00e4rkidele. Valge v\u00e4rv on paisutatud.<!-- \/wp:paragraph -->\r\n\r\n<!-- wp:paragraph --><\/p>\r\n<p class=\"wp-block-image size-full is-resized\"><img loading=\"lazy\" decoding=\"async\" width=\"657\" height=\"493\" class=\"wp-image-879\" style=\"width: 430px; height: auto;\" src=\"https:\/\/kolmlovitrykikeskus.ee\/wp-content\/uploads\/2024\/01\/texbanner657.jpg\" alt=\"tekstiilbanner\" srcset=\"https:\/\/kolmlovitrykikeskus.ee\/wp-content\/uploads\/2024\/01\/texbanner657.jpg 657w, https:\/\/kolmlovitrykikeskus.ee\/wp-content\/uploads\/2024\/01\/texbanner657-300x225.jpg 300w\" sizes=\"auto, (max-width: 657px) 100vw, 657px\" \/><br \/>Tekstiilist banner heade s\u00f5numite kandjana seinale riputamiseks.<!-- \/wp:paragraph -->\r\n\r\n<!-- wp:paragraph \/-->\r\n\r\n<!-- wp:image {\"id\":878,\"width\":\"435px\",\"height\":\"auto\",\"sizeSlug\":\"full\",\"linkDestination\":\"none\"} --><\/p>\r\n<p class=\"wp-block-image size-full is-resized\"><img loading=\"lazy\" decoding=\"async\" width=\"520\" height=\"390\" class=\"wp-image-878\" style=\"width: 435px; height: auto;\" src=\"https:\/\/kolmlovitrykikeskus.ee\/wp-content\/uploads\/2024\/01\/lohe520px.jpg\" alt=\"Lohe siidis\r\n\" srcset=\"https:\/\/kolmlovitrykikeskus.ee\/wp-content\/uploads\/2024\/01\/lohe520px.jpg 520w, https:\/\/kolmlovitrykikeskus.ee\/wp-content\/uploads\/2024\/01\/lohe520px-300x225.jpg 300w\" sizes=\"auto, (max-width: 520px) 100vw, 520px\" \/><br \/>Siiditr\u00fckis kahev\u00e4rviline kujutis T-s\u00e4rgil.<!-- \/wp:image -->\r\n\r\n<!-- wp:paragraph --><\/p>\r\n<p class=\"wp-block-image size-full is-resized\"><img loading=\"lazy\" decoding=\"async\" class=\"alignnone wp-image-877\" style=\"width: 441px; height: auto;\" src=\"https:\/\/kolmlovitrykikeskus.ee\/wp-content\/uploads\/2024\/01\/miki520px.jpg\" alt=\"Mickey cmyk tr\u00fckk\r\n\" width=\"520\" height=\"390\" srcset=\"https:\/\/kolmlovitrykikeskus.ee\/wp-content\/uploads\/2024\/01\/miki520px.jpg 520w, https:\/\/kolmlovitrykikeskus.ee\/wp-content\/uploads\/2024\/01\/miki520px-300x225.jpg 300w\" sizes=\"auto, (max-width: 520px) 100vw, 520px\" \/><br \/>Presstr\u00fckk erikujuline cmyk-tr\u00fckk T-s\u00e4rgil.<!-- \/wp:paragraph -->\r\n\r\n<!-- wp:paragraph --><\/p>\r\n<p class=\"wp-block-image size-full is-resized\"><img loading=\"lazy\" decoding=\"async\" class=\"alignnone wp-image-876\" style=\"width: 449px; height: auto;\" src=\"https:\/\/kolmlovitrykikeskus.ee\/wp-content\/uploads\/2024\/01\/neoonroheline520.jpg\" alt=\"Neoonroheline\" width=\"520\" height=\"201\" srcset=\"https:\/\/kolmlovitrykikeskus.ee\/wp-content\/uploads\/2024\/01\/neoonroheline520.jpg 520w, https:\/\/kolmlovitrykikeskus.ee\/wp-content\/uploads\/2024\/01\/neoonroheline520-300x116.jpg 300w\" sizes=\"auto, (max-width: 520px) 100vw, 520px\" \/><br \/>Neoonroheline presstr\u00fckk rohelisel T-s\u00e4rgil<!-- \/wp:paragraph -->\r\n\r\n<!-- wp:paragraph --><\/p>\r\n<p><strong>PRESSTR\u00dcKK &#8211;<\/strong> v\u00f5imaldab \u00fcksikeksemplarides ja v\u00e4iketiraa\u017eides tr\u00fckkida ilma voodrita tekstiilesemetele logosid ning muid vajalikke graafilisi elemente. Tr\u00fckiks vajalikud kujutised valmistame ette kolmel erineval viisil l\u00e4htudes kujundusest:<\/p>\r\n<ul style=\"list-style-type: disc;\">\r\n<li>l\u00f5igatav v\u00e4rviline materjal: l\u00f5ikame plotteriga \u00f5iget v\u00e4rvi spetsiaalmaterjalist vajaliku kujutise (iga v\u00e4rv l\u00f5igatakse eraldi);<\/li>\r\n<li>valge prinditav materjal: tr\u00fckime digitr\u00fckis valgele spetsiaalmaterjalile vajaliku logo v\u00f5i kujutise (k\u00f5ik v\u00e4rvid korraga, taustaks j\u00e4\u00e4b valge v\u00e4rv);<\/li>\r\n<li>l\u00e4bipaistev prinditav materjal: sobib heledatele tekstiilidele, l\u00e4bipaistev osa j\u00e4\u00e4b p\u00e4rast kuumutamist l\u00e4ikima.<\/li>\r\n<\/ul>\r\n<p class=\"wp-block-image size-full\"><img loading=\"lazy\" decoding=\"async\" class=\"alignnone wp-image-875\" src=\"https:\/\/kolmlovitrykikeskus.ee\/wp-content\/uploads\/2024\/01\/kahevarvilinepress.jpg\" alt=\"kahev\u00e4rviline press\" width=\"450\" height=\"338\" srcset=\"https:\/\/kolmlovitrykikeskus.ee\/wp-content\/uploads\/2024\/01\/kahevarvilinepress.jpg 506w, https:\/\/kolmlovitrykikeskus.ee\/wp-content\/uploads\/2024\/01\/kahevarvilinepress-300x225.jpg 300w\" sizes=\"auto, (max-width: 450px) 100vw, 450px\" \/><!-- \/wp:paragraph -->\r\n\r\n<!-- wp:image {\"id\":874,\"sizeSlug\":\"full\",\"linkDestination\":\"none\"} --><\/p>\r\n<p class=\"wp-block-image size-full\"><img loading=\"lazy\" decoding=\"async\" class=\"alignnone wp-image-874\" src=\"https:\/\/kolmlovitrykikeskus.ee\/wp-content\/uploads\/2024\/01\/tekstiil1.gif\" alt=\"Tekstiil1\" width=\"450\" height=\"338\" \/><br \/>Materjal prinditud, l\u00f5igatud ja pressitud tekstiilile<!-- \/wp:image -->\r\n\r\n<!-- wp:image {\"id\":873,\"sizeSlug\":\"full\",\"linkDestination\":\"none\"} --><\/p>\r\n<p class=\"wp-block-image size-full\"><img loading=\"lazy\" decoding=\"async\" class=\"alignnone wp-image-873\" src=\"https:\/\/kolmlovitrykikeskus.ee\/wp-content\/uploads\/2024\/01\/tekstiil_kullaga.gif\" alt=\"Kullaga tekstiil\" width=\"450\" height=\"338\" \/><br \/>Materjalist l\u00f5igatud kujund pressitud tekstiilile<!-- \/wp:image -->\r\n\r\n<!-- wp:paragraph --><\/p>\r\n<p><strong>SIIDITR\u00dcKK<\/strong> &#8211; v\u00f5imaldab tr\u00fckkida suuri tiraa\u017ee. Pilt, kujund v\u00f5i tekst saab olla ainult \u00fchev\u00e4rviline. Siiditr\u00fckk tekstiilile on tr\u00fckkidest \u00fcks k\u00f5ige vastupidavamaid. V\u00f5imalik kasutada efektv\u00e4rve ja \u00fclekande (transfer) tr\u00fckimeetodit.<!-- \/wp:paragraph -->\r\n\r\n<!-- wp:image {\"id\":872,\"sizeSlug\":\"full\",\"linkDestination\":\"none\"} --><\/p>\r\n<p class=\"wp-block-image size-full\"><img loading=\"lazy\" decoding=\"async\" class=\"alignnone wp-image-872\" src=\"https:\/\/kolmlovitrykikeskus.ee\/wp-content\/uploads\/2024\/01\/transfer-print.jpg\" alt=\"Transfer print\" width=\"450\" height=\"338\" \/><!-- \/wp:image -->\r\n\r\n<!-- wp:paragraph --><\/p>\r\n<p>Kui sul ei ole endal T-s\u00e4rki, v\u00f5id selle osta meilt. Pakume laia valikut naiste, meeste ja laste s\u00e4rke. <a href=\"http:\/\/www.aure.ee\/\"><strong>ONLINE KATALOOG<\/strong>.<\/a><!-- \/wp:paragraph -->\r\n\r\n<!-- wp:paragraph --><\/p>\r\n<p>Ohutusvestide kohta vaata t\u00e4psemalt <a href=\"https:\/\/kolmlovitrykikeskus.ee\/?page_id=897\"><b>SIIT<\/b><\/a><!-- \/wp:paragraph --><\/p>","protected":false},"excerpt":{"rendered":"<p>Sublimatsioontr\u00fckk pol\u00fcesterkangal Sublimatsiooniga on v\u00f5imalik kujutist kanda tekstiilile kui ka muudele esemetele. Pakume tr\u00fckki T-s\u00e4rkidele nii ainueksemplarides kui suurtes kogustes. T-s\u00e4rkidele tr\u00fckime presstr\u00fckis, siiditr\u00fckis ja [&#8230;]<\/p>\n","protected":false},"author":3,"featured_media":0,"parent":0,"menu_order":0,"comment_status":"closed","ping_status":"closed","template":"","meta":{"footnotes":""},"class_list":["post-871","page","type-page","status-publish","hentry"],"yoast_head":"<!-- This site is optimized with the Yoast SEO plugin v27.5 - https:\/\/yoast.com\/product\/yoast-seo-wordpress\/ -->\n<title>Tr\u00fckk tekstiilidele - Kolm L\u00f5vi Tr\u00fckikeskus<\/title>\n<meta name=\"description\" content=\"Tr\u00fckk tekstiilidele Kolm L\u00f5vi Tr\u00fckikeskus sublimatsioon presstr\u00fckk siiditr\u00fckk plotterl\u00f5ikus t-s\u00e4rkidele tr\u00fckk\" \/>\n<meta name=\"robots\" content=\"index, follow, max-snippet:-1, max-image-preview:large, max-video-preview:-1\" \/>\n<link rel=\"canonical\" href=\"https:\/\/kolmlovitrykikeskus.ee\/?page_id=871\" \/>\n<meta property=\"og:locale\" content=\"et_EE\" \/>\n<meta property=\"og:type\" content=\"article\" \/>\n<meta property=\"og:title\" content=\"Tr\u00fckk tekstiilidele - Kolm L\u00f5vi Tr\u00fckikeskus\" \/>\n<meta property=\"og:description\" content=\"Tr\u00fckk tekstiilidele Kolm L\u00f5vi Tr\u00fckikeskus sublimatsioon presstr\u00fckk siiditr\u00fckk plotterl\u00f5ikus t-s\u00e4rkidele tr\u00fckk\" \/>\n<meta property=\"og:url\" content=\"https:\/\/kolmlovitrykikeskus.ee\/?page_id=871\" \/>\n<meta property=\"og:site_name\" content=\"Kolm L\u00f5vi Tr\u00fckikeskus\" \/>\n<meta property=\"article:publisher\" content=\"https:\/\/www.facebook.com\/kolmlovitrykikeskus\" \/>\n<meta property=\"article:modified_time\" content=\"2024-12-13T07:33:23+00:00\" \/>\n<meta property=\"og:image\" content=\"https:\/\/kolmlovitrykikeskus.ee\/wp-content\/uploads\/2024\/01\/sublimatsioon-tekstiilil.png\" \/>\n\t<meta property=\"og:image:width\" content=\"520\" \/>\n\t<meta property=\"og:image:height\" content=\"131\" \/>\n\t<meta property=\"og:image:type\" content=\"image\/png\" \/>\n<meta name=\"twitter:card\" content=\"summary_large_image\" \/>\n<meta name=\"twitter:label1\" content=\"Est. reading time\" \/>\n\t<meta name=\"twitter:data1\" content=\"5 minutit\" \/>\n<script type=\"application\/ld+json\" class=\"yoast-schema-graph\">{\"@context\":\"https:\\\/\\\/schema.org\",\"@graph\":[{\"@type\":\"WebPage\",\"@id\":\"https:\\\/\\\/kolmlovitrykikeskus.ee\\\/?page_id=871\",\"url\":\"https:\\\/\\\/kolmlovitrykikeskus.ee\\\/?page_id=871\",\"name\":\"Tr\u00fckk tekstiilidele - Kolm L\u00f5vi Tr\u00fckikeskus\",\"isPartOf\":{\"@id\":\"https:\\\/\\\/kolmlovitrykikeskus.ee\\\/#website\"},\"primaryImageOfPage\":{\"@id\":\"https:\\\/\\\/kolmlovitrykikeskus.ee\\\/?page_id=871#primaryimage\"},\"image\":{\"@id\":\"https:\\\/\\\/kolmlovitrykikeskus.ee\\\/?page_id=871#primaryimage\"},\"thumbnailUrl\":\"https:\\\/\\\/kolmlovitrykikeskus.ee\\\/wp-content\\\/uploads\\\/2024\\\/01\\\/sublimatsioon-tekstiilil.png\",\"datePublished\":\"2024-08-08T19:11:38+00:00\",\"dateModified\":\"2024-12-13T07:33:23+00:00\",\"description\":\"Tr\u00fckk tekstiilidele Kolm L\u00f5vi Tr\u00fckikeskus sublimatsioon presstr\u00fckk siiditr\u00fckk plotterl\u00f5ikus t-s\u00e4rkidele tr\u00fckk\",\"breadcrumb\":{\"@id\":\"https:\\\/\\\/kolmlovitrykikeskus.ee\\\/?page_id=871#breadcrumb\"},\"inLanguage\":\"et\",\"potentialAction\":[{\"@type\":\"ReadAction\",\"target\":[\"https:\\\/\\\/kolmlovitrykikeskus.ee\\\/?page_id=871\"]}]},{\"@type\":\"ImageObject\",\"inLanguage\":\"et\",\"@id\":\"https:\\\/\\\/kolmlovitrykikeskus.ee\\\/?page_id=871#primaryimage\",\"url\":\"https:\\\/\\\/kolmlovitrykikeskus.ee\\\/wp-content\\\/uploads\\\/2024\\\/01\\\/sublimatsioon-tekstiilil.png\",\"contentUrl\":\"https:\\\/\\\/kolmlovitrykikeskus.ee\\\/wp-content\\\/uploads\\\/2024\\\/01\\\/sublimatsioon-tekstiilil.png\",\"width\":520,\"height\":131,\"caption\":\"Subli tekstiilil\"},{\"@type\":\"BreadcrumbList\",\"@id\":\"https:\\\/\\\/kolmlovitrykikeskus.ee\\\/?page_id=871#breadcrumb\",\"itemListElement\":[{\"@type\":\"ListItem\",\"position\":1,\"name\":\"Home\",\"item\":\"https:\\\/\\\/kolmlovitrykikeskus.ee\\\/\"},{\"@type\":\"ListItem\",\"position\":2,\"name\":\"Tr\u00fckk tekstiilidele\"}]},{\"@type\":\"WebSite\",\"@id\":\"https:\\\/\\\/kolmlovitrykikeskus.ee\\\/#website\",\"url\":\"https:\\\/\\\/kolmlovitrykikeskus.ee\\\/\",\"name\":\"Kolm L\u00f5vi Tr\u00fckikeskus\",\"description\":\"Leiame lahenduse!\",\"publisher\":{\"@id\":\"https:\\\/\\\/kolmlovitrykikeskus.ee\\\/#organization\"},\"potentialAction\":[{\"@type\":\"SearchAction\",\"target\":{\"@type\":\"EntryPoint\",\"urlTemplate\":\"https:\\\/\\\/kolmlovitrykikeskus.ee\\\/?s={search_term_string}\"},\"query-input\":{\"@type\":\"PropertyValueSpecification\",\"valueRequired\":true,\"valueName\":\"search_term_string\"}}],\"inLanguage\":\"et\"},{\"@type\":\"Organization\",\"@id\":\"https:\\\/\\\/kolmlovitrykikeskus.ee\\\/#organization\",\"name\":\"Kolm L\u00f5vi Tr\u00fckikeskus\",\"url\":\"https:\\\/\\\/kolmlovitrykikeskus.ee\\\/\",\"logo\":{\"@type\":\"ImageObject\",\"inLanguage\":\"et\",\"@id\":\"https:\\\/\\\/kolmlovitrykikeskus.ee\\\/#\\\/schema\\\/logo\\\/image\\\/\",\"url\":\"https:\\\/\\\/kolmlovitrykikeskus.ee\\\/wp-content\\\/uploads\\\/2023\\\/12\\\/cropped-kltk-logo.png\",\"contentUrl\":\"https:\\\/\\\/kolmlovitrykikeskus.ee\\\/wp-content\\\/uploads\\\/2023\\\/12\\\/cropped-kltk-logo.png\",\"width\":640,\"height\":170,\"caption\":\"Kolm L\u00f5vi Tr\u00fckikeskus\"},\"image\":{\"@id\":\"https:\\\/\\\/kolmlovitrykikeskus.ee\\\/#\\\/schema\\\/logo\\\/image\\\/\"},\"sameAs\":[\"https:\\\/\\\/www.facebook.com\\\/kolmlovitrykikeskus\"]}]}<\/script>\n<!-- \/ Yoast SEO plugin. -->","yoast_head_json":{"title":"Tr\u00fckk tekstiilidele - Kolm L\u00f5vi Tr\u00fckikeskus","description":"Tr\u00fckk tekstiilidele Kolm L\u00f5vi Tr\u00fckikeskus sublimatsioon presstr\u00fckk siiditr\u00fckk plotterl\u00f5ikus t-s\u00e4rkidele tr\u00fckk","robots":{"index":"index","follow":"follow","max-snippet":"max-snippet:-1","max-image-preview":"max-image-preview:large","max-video-preview":"max-video-preview:-1"},"canonical":"https:\/\/kolmlovitrykikeskus.ee\/?page_id=871","og_locale":"et_EE","og_type":"article","og_title":"Tr\u00fckk tekstiilidele - Kolm L\u00f5vi Tr\u00fckikeskus","og_description":"Tr\u00fckk tekstiilidele Kolm L\u00f5vi Tr\u00fckikeskus sublimatsioon presstr\u00fckk siiditr\u00fckk plotterl\u00f5ikus t-s\u00e4rkidele tr\u00fckk","og_url":"https:\/\/kolmlovitrykikeskus.ee\/?page_id=871","og_site_name":"Kolm L\u00f5vi Tr\u00fckikeskus","article_publisher":"https:\/\/www.facebook.com\/kolmlovitrykikeskus","article_modified_time":"2024-12-13T07:33:23+00:00","og_image":[{"width":520,"height":131,"url":"https:\/\/kolmlovitrykikeskus.ee\/wp-content\/uploads\/2024\/01\/sublimatsioon-tekstiilil.png","type":"image\/png"}],"twitter_card":"summary_large_image","twitter_misc":{"Est. reading time":"5 minutit"},"schema":{"@context":"https:\/\/schema.org","@graph":[{"@type":"WebPage","@id":"https:\/\/kolmlovitrykikeskus.ee\/?page_id=871","url":"https:\/\/kolmlovitrykikeskus.ee\/?page_id=871","name":"Tr\u00fckk tekstiilidele - Kolm L\u00f5vi Tr\u00fckikeskus","isPartOf":{"@id":"https:\/\/kolmlovitrykikeskus.ee\/#website"},"primaryImageOfPage":{"@id":"https:\/\/kolmlovitrykikeskus.ee\/?page_id=871#primaryimage"},"image":{"@id":"https:\/\/kolmlovitrykikeskus.ee\/?page_id=871#primaryimage"},"thumbnailUrl":"https:\/\/kolmlovitrykikeskus.ee\/wp-content\/uploads\/2024\/01\/sublimatsioon-tekstiilil.png","datePublished":"2024-08-08T19:11:38+00:00","dateModified":"2024-12-13T07:33:23+00:00","description":"Tr\u00fckk tekstiilidele Kolm L\u00f5vi Tr\u00fckikeskus sublimatsioon presstr\u00fckk siiditr\u00fckk plotterl\u00f5ikus t-s\u00e4rkidele tr\u00fckk","breadcrumb":{"@id":"https:\/\/kolmlovitrykikeskus.ee\/?page_id=871#breadcrumb"},"inLanguage":"et","potentialAction":[{"@type":"ReadAction","target":["https:\/\/kolmlovitrykikeskus.ee\/?page_id=871"]}]},{"@type":"ImageObject","inLanguage":"et","@id":"https:\/\/kolmlovitrykikeskus.ee\/?page_id=871#primaryimage","url":"https:\/\/kolmlovitrykikeskus.ee\/wp-content\/uploads\/2024\/01\/sublimatsioon-tekstiilil.png","contentUrl":"https:\/\/kolmlovitrykikeskus.ee\/wp-content\/uploads\/2024\/01\/sublimatsioon-tekstiilil.png","width":520,"height":131,"caption":"Subli tekstiilil"},{"@type":"BreadcrumbList","@id":"https:\/\/kolmlovitrykikeskus.ee\/?page_id=871#breadcrumb","itemListElement":[{"@type":"ListItem","position":1,"name":"Home","item":"https:\/\/kolmlovitrykikeskus.ee\/"},{"@type":"ListItem","position":2,"name":"Tr\u00fckk tekstiilidele"}]},{"@type":"WebSite","@id":"https:\/\/kolmlovitrykikeskus.ee\/#website","url":"https:\/\/kolmlovitrykikeskus.ee\/","name":"Kolm L\u00f5vi Tr\u00fckikeskus","description":"Leiame lahenduse!","publisher":{"@id":"https:\/\/kolmlovitrykikeskus.ee\/#organization"},"potentialAction":[{"@type":"SearchAction","target":{"@type":"EntryPoint","urlTemplate":"https:\/\/kolmlovitrykikeskus.ee\/?s={search_term_string}"},"query-input":{"@type":"PropertyValueSpecification","valueRequired":true,"valueName":"search_term_string"}}],"inLanguage":"et"},{"@type":"Organization","@id":"https:\/\/kolmlovitrykikeskus.ee\/#organization","name":"Kolm L\u00f5vi Tr\u00fckikeskus","url":"https:\/\/kolmlovitrykikeskus.ee\/","logo":{"@type":"ImageObject","inLanguage":"et","@id":"https:\/\/kolmlovitrykikeskus.ee\/#\/schema\/logo\/image\/","url":"https:\/\/kolmlovitrykikeskus.ee\/wp-content\/uploads\/2023\/12\/cropped-kltk-logo.png","contentUrl":"https:\/\/kolmlovitrykikeskus.ee\/wp-content\/uploads\/2023\/12\/cropped-kltk-logo.png","width":640,"height":170,"caption":"Kolm L\u00f5vi Tr\u00fckikeskus"},"image":{"@id":"https:\/\/kolmlovitrykikeskus.ee\/#\/schema\/logo\/image\/"},"sameAs":["https:\/\/www.facebook.com\/kolmlovitrykikeskus"]}]}},"_links":{"self":[{"href":"https:\/\/kolmlovitrykikeskus.ee\/index.php?rest_route=\/wp\/v2\/pages\/871","targetHints":{"allow":["GET"]}}],"collection":[{"href":"https:\/\/kolmlovitrykikeskus.ee\/index.php?rest_route=\/wp\/v2\/pages"}],"about":[{"href":"https:\/\/kolmlovitrykikeskus.ee\/index.php?rest_route=\/wp\/v2\/types\/page"}],"author":[{"embeddable":true,"href":"https:\/\/kolmlovitrykikeskus.ee\/index.php?rest_route=\/wp\/v2\/users\/3"}],"replies":[{"embeddable":true,"href":"https:\/\/kolmlovitrykikeskus.ee\/index.php?rest_route=%2Fwp%2Fv2%2Fcomments&post=871"}],"version-history":[{"count":14,"href":"https:\/\/kolmlovitrykikeskus.ee\/index.php?rest_route=\/wp\/v2\/pages\/871\/revisions"}],"predecessor-version":[{"id":4230,"href":"https:\/\/kolmlovitrykikeskus.ee\/index.php?rest_route=\/wp\/v2\/pages\/871\/revisions\/4230"}],"wp:attachment":[{"href":"https:\/\/kolmlovitrykikeskus.ee\/index.php?rest_route=%2Fwp%2Fv2%2Fmedia&parent=871"}],"curies":[{"name":"wp","href":"https:\/\/api.w.org\/{rel}","templated":true}]}}