{"id":841,"date":"2024-08-27T12:09:24","date_gmt":"2024-08-27T10:09:24","guid":{"rendered":"https:\/\/kolmlovitrykikeskus.ee\/?page_id=841"},"modified":"2024-12-16T09:22:34","modified_gmt":"2024-12-16T07:22:34","slug":"majajuhid-ja-infotahvlid","status":"publish","type":"page","link":"https:\/\/kolmlovitrykikeskus.ee\/?page_id=841","title":{"rendered":"Majajuhid ja infotahvlid"},"content":{"rendered":"<p>\r\n\r\n<\/p>\r\n<p class=\"wp-block-image size-full is-resized\"><img loading=\"lazy\" decoding=\"async\" class=\"alignnone wp-image-846 size-full\" style=\"width: 464px; height: auto;\" src=\"https:\/\/kolmlovitrykikeskus.ee\/wp-content\/uploads\/2024\/01\/sp-profiiligaseinaviidad.png\" alt=\"Profiiliga seinaviit\" width=\"709\" height=\"224\" srcset=\"https:\/\/kolmlovitrykikeskus.ee\/wp-content\/uploads\/2024\/01\/sp-profiiligaseinaviidad.png 709w, https:\/\/kolmlovitrykikeskus.ee\/wp-content\/uploads\/2024\/01\/sp-profiiligaseinaviidad-300x95.png 300w\" sizes=\"auto, (max-width: 709px) 100vw, 709px\" \/><br \/>Majajuhtide n\u00e4idised kasutatud HOT ja SP profiile. SP profiilide majasisesed viidad, kinnitatud t\u00fc\u00fcblite-kruvidega seinale.<\/p>\r\n<p>\r\n\r\n<\/p>\r\n<p>\r\n\r\n<\/p>\r\n<p class=\"wp-block-image size-full is-resized\"><img loading=\"lazy\" decoding=\"async\" width=\"507\" height=\"231\" class=\"wp-image-845\" style=\"width: 463px; height: auto;\" src=\"https:\/\/kolmlovitrykikeskus.ee\/wp-content\/uploads\/2024\/01\/sp-profiiligamajajuht.png\" alt=\"Profiiliga majajuht1\" srcset=\"https:\/\/kolmlovitrykikeskus.ee\/wp-content\/uploads\/2024\/01\/sp-profiiligamajajuht.png 507w, https:\/\/kolmlovitrykikeskus.ee\/wp-content\/uploads\/2024\/01\/sp-profiiligamajajuht-300x137.png 300w\" sizes=\"auto, (max-width: 507px) 100vw, 507px\" \/><br \/>Kinnitatud SP profiilid hammaslattidele.<\/p>\r\n<p>\r\n\r\n<\/p>\r\n<p>\r\n\r\n<\/p>\r\n<p class=\"wp-block-image size-full is-resized\"><img loading=\"lazy\" decoding=\"async\" width=\"433\" height=\"557\" class=\"wp-image-844\" style=\"width: 463px; height: 595px;\" src=\"https:\/\/kolmlovitrykikeskus.ee\/wp-content\/uploads\/2024\/01\/sp-ja-hot-profiiligamajajuht.png\" alt=\"Hammaslatil majajuht\" srcset=\"https:\/\/kolmlovitrykikeskus.ee\/wp-content\/uploads\/2024\/01\/sp-ja-hot-profiiligamajajuht.png 433w, https:\/\/kolmlovitrykikeskus.ee\/wp-content\/uploads\/2024\/01\/sp-ja-hot-profiiligamajajuht-233x300.png 233w\" sizes=\"auto, (max-width: 433px) 100vw, 433px\" \/><br \/>Kasutatud SP ja HOT\/HOP profiile\r\n\r\n\r\n\r\n<\/p>\r\n<p class=\"wp-block-image size-large is-resized\"><img loading=\"lazy\" decoding=\"async\" class=\"alignnone wp-image-843\" style=\"width: 804px; height: 912px;\" src=\"https:\/\/kolmlovitrykikeskus.ee\/wp-content\/uploads\/2024\/01\/Officeday-majajuht-903x1024.jpg\" alt=\"Officeday majajuht\" width=\"1200\" height=\"1362\" srcset=\"https:\/\/kolmlovitrykikeskus.ee\/wp-content\/uploads\/2024\/01\/Officeday-majajuht-903x1024.jpg 903w, https:\/\/kolmlovitrykikeskus.ee\/wp-content\/uploads\/2024\/01\/Officeday-majajuht-264x300.jpg 264w, https:\/\/kolmlovitrykikeskus.ee\/wp-content\/uploads\/2024\/01\/Officeday-majajuht-768x871.jpg 768w, https:\/\/kolmlovitrykikeskus.ee\/wp-content\/uploads\/2024\/01\/Officeday-majajuht-1354x1536.jpg 1354w, https:\/\/kolmlovitrykikeskus.ee\/wp-content\/uploads\/2024\/01\/Officeday-majajuht-1805x2048.jpg 1805w, https:\/\/kolmlovitrykikeskus.ee\/wp-content\/uploads\/2024\/01\/Officeday-majajuht-1800x2042.jpg 1800w\" sizes=\"auto, (max-width: 1200px) 100vw, 1200px\" \/>\r\n\r\n<\/p>\r\n<p>Majajuht tr\u00fckitud h\u00f5bedasele materjalile ja kleebitud 5mm plastikplaadile.<\/p>","protected":false},"excerpt":{"rendered":"<p>Majajuht tr\u00fckitud h\u00f5bedasele materjalile ja kleebitud 5mm plastikplaadile.<\/p>\n","protected":false},"author":3,"featured_media":0,"parent":0,"menu_order":0,"comment_status":"closed","ping_status":"closed","template":"","meta":{"footnotes":""},"class_list":["post-841","page","type-page","status-publish","hentry"],"yoast_head":"<!-- This site is optimized with the Yoast SEO plugin v27.4 - https:\/\/yoast.com\/product\/yoast-seo-wordpress\/ -->\n<title>Majajuhid ja infotahvlid - Kolm L\u00f5vi Tr\u00fckikeskus<\/title>\n<meta name=\"description\" content=\"Majajuhid ja infotahvlid Kolm L\u00f5vi Tr\u00fckikeskus majajuht infotahvel tr\u00fckkimine printimine kleeps kleepekas\" \/>\n<meta name=\"robots\" content=\"index, follow, max-snippet:-1, max-image-preview:large, max-video-preview:-1\" \/>\n<link rel=\"canonical\" href=\"https:\/\/kolmlovitrykikeskus.ee\/?page_id=841\" \/>\n<meta property=\"og:locale\" content=\"et_EE\" \/>\n<meta property=\"og:type\" content=\"article\" \/>\n<meta property=\"og:title\" content=\"Majajuhid ja infotahvlid - Kolm L\u00f5vi Tr\u00fckikeskus\" \/>\n<meta property=\"og:description\" content=\"Majajuhid ja infotahvlid Kolm L\u00f5vi Tr\u00fckikeskus majajuht infotahvel tr\u00fckkimine printimine kleeps kleepekas\" \/>\n<meta property=\"og:url\" content=\"https:\/\/kolmlovitrykikeskus.ee\/?page_id=841\" \/>\n<meta property=\"og:site_name\" content=\"Kolm L\u00f5vi Tr\u00fckikeskus\" \/>\n<meta property=\"article:publisher\" content=\"https:\/\/www.facebook.com\/kolmlovitrykikeskus\" \/>\n<meta property=\"article:modified_time\" content=\"2024-12-16T07:22:34+00:00\" \/>\n<meta property=\"og:image\" content=\"https:\/\/kolmlovitrykikeskus.ee\/wp-content\/uploads\/2024\/01\/sp-profiiligaseinaviidad.png\" \/>\n\t<meta property=\"og:image:width\" content=\"709\" \/>\n\t<meta property=\"og:image:height\" content=\"224\" \/>\n\t<meta property=\"og:image:type\" content=\"image\/png\" \/>\n<meta name=\"twitter:card\" content=\"summary_large_image\" \/>\n<meta name=\"twitter:label1\" content=\"Est. reading time\" \/>\n\t<meta name=\"twitter:data1\" content=\"1 minut\" \/>\n<script type=\"application\/ld+json\" class=\"yoast-schema-graph\">{\"@context\":\"https:\\\/\\\/schema.org\",\"@graph\":[{\"@type\":\"WebPage\",\"@id\":\"https:\\\/\\\/kolmlovitrykikeskus.ee\\\/?page_id=841\",\"url\":\"https:\\\/\\\/kolmlovitrykikeskus.ee\\\/?page_id=841\",\"name\":\"Majajuhid ja infotahvlid - Kolm L\u00f5vi Tr\u00fckikeskus\",\"isPartOf\":{\"@id\":\"https:\\\/\\\/kolmlovitrykikeskus.ee\\\/#website\"},\"primaryImageOfPage\":{\"@id\":\"https:\\\/\\\/kolmlovitrykikeskus.ee\\\/?page_id=841#primaryimage\"},\"image\":{\"@id\":\"https:\\\/\\\/kolmlovitrykikeskus.ee\\\/?page_id=841#primaryimage\"},\"thumbnailUrl\":\"https:\\\/\\\/kolmlovitrykikeskus.ee\\\/wp-content\\\/uploads\\\/2024\\\/01\\\/sp-profiiligaseinaviidad.png\",\"datePublished\":\"2024-08-27T10:09:24+00:00\",\"dateModified\":\"2024-12-16T07:22:34+00:00\",\"description\":\"Majajuhid ja infotahvlid Kolm L\u00f5vi Tr\u00fckikeskus majajuht infotahvel tr\u00fckkimine printimine kleeps kleepekas\",\"breadcrumb\":{\"@id\":\"https:\\\/\\\/kolmlovitrykikeskus.ee\\\/?page_id=841#breadcrumb\"},\"inLanguage\":\"et\",\"potentialAction\":[{\"@type\":\"ReadAction\",\"target\":[\"https:\\\/\\\/kolmlovitrykikeskus.ee\\\/?page_id=841\"]}]},{\"@type\":\"ImageObject\",\"inLanguage\":\"et\",\"@id\":\"https:\\\/\\\/kolmlovitrykikeskus.ee\\\/?page_id=841#primaryimage\",\"url\":\"https:\\\/\\\/kolmlovitrykikeskus.ee\\\/wp-content\\\/uploads\\\/2024\\\/01\\\/sp-profiiligaseinaviidad.png\",\"contentUrl\":\"https:\\\/\\\/kolmlovitrykikeskus.ee\\\/wp-content\\\/uploads\\\/2024\\\/01\\\/sp-profiiligaseinaviidad.png\",\"width\":709,\"height\":224,\"caption\":\"Profiiliga seinaviit\"},{\"@type\":\"BreadcrumbList\",\"@id\":\"https:\\\/\\\/kolmlovitrykikeskus.ee\\\/?page_id=841#breadcrumb\",\"itemListElement\":[{\"@type\":\"ListItem\",\"position\":1,\"name\":\"Home\",\"item\":\"https:\\\/\\\/kolmlovitrykikeskus.ee\\\/\"},{\"@type\":\"ListItem\",\"position\":2,\"name\":\"Majajuhid ja infotahvlid\"}]},{\"@type\":\"WebSite\",\"@id\":\"https:\\\/\\\/kolmlovitrykikeskus.ee\\\/#website\",\"url\":\"https:\\\/\\\/kolmlovitrykikeskus.ee\\\/\",\"name\":\"Kolm L\u00f5vi Tr\u00fckikeskus\",\"description\":\"Leiame lahenduse!\",\"publisher\":{\"@id\":\"https:\\\/\\\/kolmlovitrykikeskus.ee\\\/#organization\"},\"potentialAction\":[{\"@type\":\"SearchAction\",\"target\":{\"@type\":\"EntryPoint\",\"urlTemplate\":\"https:\\\/\\\/kolmlovitrykikeskus.ee\\\/?s={search_term_string}\"},\"query-input\":{\"@type\":\"PropertyValueSpecification\",\"valueRequired\":true,\"valueName\":\"search_term_string\"}}],\"inLanguage\":\"et\"},{\"@type\":\"Organization\",\"@id\":\"https:\\\/\\\/kolmlovitrykikeskus.ee\\\/#organization\",\"name\":\"Kolm L\u00f5vi Tr\u00fckikeskus\",\"url\":\"https:\\\/\\\/kolmlovitrykikeskus.ee\\\/\",\"logo\":{\"@type\":\"ImageObject\",\"inLanguage\":\"et\",\"@id\":\"https:\\\/\\\/kolmlovitrykikeskus.ee\\\/#\\\/schema\\\/logo\\\/image\\\/\",\"url\":\"https:\\\/\\\/kolmlovitrykikeskus.ee\\\/wp-content\\\/uploads\\\/2023\\\/12\\\/cropped-kltk-logo.png\",\"contentUrl\":\"https:\\\/\\\/kolmlovitrykikeskus.ee\\\/wp-content\\\/uploads\\\/2023\\\/12\\\/cropped-kltk-logo.png\",\"width\":640,\"height\":170,\"caption\":\"Kolm L\u00f5vi Tr\u00fckikeskus\"},\"image\":{\"@id\":\"https:\\\/\\\/kolmlovitrykikeskus.ee\\\/#\\\/schema\\\/logo\\\/image\\\/\"},\"sameAs\":[\"https:\\\/\\\/www.facebook.com\\\/kolmlovitrykikeskus\"]}]}<\/script>\n<!-- \/ Yoast SEO plugin. -->","yoast_head_json":{"title":"Majajuhid ja infotahvlid - Kolm L\u00f5vi Tr\u00fckikeskus","description":"Majajuhid ja infotahvlid Kolm L\u00f5vi Tr\u00fckikeskus majajuht infotahvel tr\u00fckkimine printimine kleeps kleepekas","robots":{"index":"index","follow":"follow","max-snippet":"max-snippet:-1","max-image-preview":"max-image-preview:large","max-video-preview":"max-video-preview:-1"},"canonical":"https:\/\/kolmlovitrykikeskus.ee\/?page_id=841","og_locale":"et_EE","og_type":"article","og_title":"Majajuhid ja infotahvlid - Kolm L\u00f5vi Tr\u00fckikeskus","og_description":"Majajuhid ja infotahvlid Kolm L\u00f5vi Tr\u00fckikeskus majajuht infotahvel tr\u00fckkimine printimine kleeps kleepekas","og_url":"https:\/\/kolmlovitrykikeskus.ee\/?page_id=841","og_site_name":"Kolm L\u00f5vi Tr\u00fckikeskus","article_publisher":"https:\/\/www.facebook.com\/kolmlovitrykikeskus","article_modified_time":"2024-12-16T07:22:34+00:00","og_image":[{"width":709,"height":224,"url":"https:\/\/kolmlovitrykikeskus.ee\/wp-content\/uploads\/2024\/01\/sp-profiiligaseinaviidad.png","type":"image\/png"}],"twitter_card":"summary_large_image","twitter_misc":{"Est. reading time":"1 minut"},"schema":{"@context":"https:\/\/schema.org","@graph":[{"@type":"WebPage","@id":"https:\/\/kolmlovitrykikeskus.ee\/?page_id=841","url":"https:\/\/kolmlovitrykikeskus.ee\/?page_id=841","name":"Majajuhid ja infotahvlid - Kolm L\u00f5vi Tr\u00fckikeskus","isPartOf":{"@id":"https:\/\/kolmlovitrykikeskus.ee\/#website"},"primaryImageOfPage":{"@id":"https:\/\/kolmlovitrykikeskus.ee\/?page_id=841#primaryimage"},"image":{"@id":"https:\/\/kolmlovitrykikeskus.ee\/?page_id=841#primaryimage"},"thumbnailUrl":"https:\/\/kolmlovitrykikeskus.ee\/wp-content\/uploads\/2024\/01\/sp-profiiligaseinaviidad.png","datePublished":"2024-08-27T10:09:24+00:00","dateModified":"2024-12-16T07:22:34+00:00","description":"Majajuhid ja infotahvlid Kolm L\u00f5vi Tr\u00fckikeskus majajuht infotahvel tr\u00fckkimine printimine kleeps kleepekas","breadcrumb":{"@id":"https:\/\/kolmlovitrykikeskus.ee\/?page_id=841#breadcrumb"},"inLanguage":"et","potentialAction":[{"@type":"ReadAction","target":["https:\/\/kolmlovitrykikeskus.ee\/?page_id=841"]}]},{"@type":"ImageObject","inLanguage":"et","@id":"https:\/\/kolmlovitrykikeskus.ee\/?page_id=841#primaryimage","url":"https:\/\/kolmlovitrykikeskus.ee\/wp-content\/uploads\/2024\/01\/sp-profiiligaseinaviidad.png","contentUrl":"https:\/\/kolmlovitrykikeskus.ee\/wp-content\/uploads\/2024\/01\/sp-profiiligaseinaviidad.png","width":709,"height":224,"caption":"Profiiliga seinaviit"},{"@type":"BreadcrumbList","@id":"https:\/\/kolmlovitrykikeskus.ee\/?page_id=841#breadcrumb","itemListElement":[{"@type":"ListItem","position":1,"name":"Home","item":"https:\/\/kolmlovitrykikeskus.ee\/"},{"@type":"ListItem","position":2,"name":"Majajuhid ja infotahvlid"}]},{"@type":"WebSite","@id":"https:\/\/kolmlovitrykikeskus.ee\/#website","url":"https:\/\/kolmlovitrykikeskus.ee\/","name":"Kolm L\u00f5vi Tr\u00fckikeskus","description":"Leiame lahenduse!","publisher":{"@id":"https:\/\/kolmlovitrykikeskus.ee\/#organization"},"potentialAction":[{"@type":"SearchAction","target":{"@type":"EntryPoint","urlTemplate":"https:\/\/kolmlovitrykikeskus.ee\/?s={search_term_string}"},"query-input":{"@type":"PropertyValueSpecification","valueRequired":true,"valueName":"search_term_string"}}],"inLanguage":"et"},{"@type":"Organization","@id":"https:\/\/kolmlovitrykikeskus.ee\/#organization","name":"Kolm L\u00f5vi Tr\u00fckikeskus","url":"https:\/\/kolmlovitrykikeskus.ee\/","logo":{"@type":"ImageObject","inLanguage":"et","@id":"https:\/\/kolmlovitrykikeskus.ee\/#\/schema\/logo\/image\/","url":"https:\/\/kolmlovitrykikeskus.ee\/wp-content\/uploads\/2023\/12\/cropped-kltk-logo.png","contentUrl":"https:\/\/kolmlovitrykikeskus.ee\/wp-content\/uploads\/2023\/12\/cropped-kltk-logo.png","width":640,"height":170,"caption":"Kolm L\u00f5vi Tr\u00fckikeskus"},"image":{"@id":"https:\/\/kolmlovitrykikeskus.ee\/#\/schema\/logo\/image\/"},"sameAs":["https:\/\/www.facebook.com\/kolmlovitrykikeskus"]}]}},"_links":{"self":[{"href":"https:\/\/kolmlovitrykikeskus.ee\/index.php?rest_route=\/wp\/v2\/pages\/841","targetHints":{"allow":["GET"]}}],"collection":[{"href":"https:\/\/kolmlovitrykikeskus.ee\/index.php?rest_route=\/wp\/v2\/pages"}],"about":[{"href":"https:\/\/kolmlovitrykikeskus.ee\/index.php?rest_route=\/wp\/v2\/types\/page"}],"author":[{"embeddable":true,"href":"https:\/\/kolmlovitrykikeskus.ee\/index.php?rest_route=\/wp\/v2\/users\/3"}],"replies":[{"embeddable":true,"href":"https:\/\/kolmlovitrykikeskus.ee\/index.php?rest_route=%2Fwp%2Fv2%2Fcomments&post=841"}],"version-history":[{"count":6,"href":"https:\/\/kolmlovitrykikeskus.ee\/index.php?rest_route=\/wp\/v2\/pages\/841\/revisions"}],"predecessor-version":[{"id":3691,"href":"https:\/\/kolmlovitrykikeskus.ee\/index.php?rest_route=\/wp\/v2\/pages\/841\/revisions\/3691"}],"wp:attachment":[{"href":"https:\/\/kolmlovitrykikeskus.ee\/index.php?rest_route=%2Fwp%2Fv2%2Fmedia&parent=841"}],"curies":[{"name":"wp","href":"https:\/\/api.w.org\/{rel}","templated":true}]}}