{"id":744,"date":"2024-08-26T15:59:07","date_gmt":"2024-08-26T13:59:07","guid":{"rendered":"https:\/\/kolmlovitrykikeskus.ee\/?page_id=744"},"modified":"2024-11-18T18:06:00","modified_gmt":"2024-11-18T16:06:00","slug":"plotterloikusega-kleebiste-kleepimine","status":"publish","type":"page","link":"https:\/\/kolmlovitrykikeskus.ee\/?page_id=744","title":{"rendered":"PLOTTERL\u00d5IKUSEGA KLEEBISTE KLEEPIMINE"},"content":{"rendered":"<p><\/p>\r\n<h3>Vajalikud t\u00f6\u00f6riistad<\/h3>\r\n<p>M\u00f5\u00f5dulint, maalriteip v\u00f5i paberteip, k\u00e4\u00e4rid ja spaatel.<\/p>\r\n<p>V\u00e4iksemad t\u00f6\u00f6d saad kleepida \u00fcksi, suuremate puhul palu kedagi appi.<\/p>\r\n<hr \/>\r\n<h3>Suuremate v\u00f5i laiemate t\u00f6\u00f6de puhul<\/h3>\r\n<ol>\r\n<li>M\u00e4rgi horisontaaljoon mitmesse kohta, n\u00e4iteks iga 50 cm tagant.<\/li>\r\n<li>Kleepimise ajal suru kleebist esmalt \u00f5rnalt, kindlate ja sujuvate liigutustega ainult \u00fches suunas, alustades kinnitatud servast ja liikudes sellest eemale.<\/li>\r\n<\/ol>\r\n<hr \/>\r\n<p>L\u00fchike videojuhend:<\/p>\r\n<p>\r\n\r\n<\/p>\r\n<p class=\"wp-block-embed__wrapper\"><a href=\"https:\/\/www.youtube.com\/embed\/q9sNH7au8eo\">https:\/\/www.youtube.com\/embed\/q9sNH7au8eo<\/a><\/p>\r\n<p>\r\n\r\n<\/p>\r\n<p>Kui on t\u00e4psustavaid k\u00fcsimusi, siis \u00e4rge k\u00f5helge meiega kontakti v\u00f5tmast enne t\u00f6\u00f6 kleepimist.<\/p>\r\n<p><\/p>","protected":false},"excerpt":{"rendered":"<p>Vajalikud t\u00f6\u00f6riistad M\u00f5\u00f5dulint, maalriteip v\u00f5i paberteip, k\u00e4\u00e4rid ja spaatel. V\u00e4iksemad t\u00f6\u00f6d saad kleepida \u00fcksi, suuremate puhul palu kedagi appi. Suuremate v\u00f5i laiemate t\u00f6\u00f6de puhul M\u00e4rgi [&#8230;]<\/p>\n","protected":false},"author":5,"featured_media":0,"parent":0,"menu_order":0,"comment_status":"closed","ping_status":"closed","template":"","meta":{"footnotes":""},"class_list":["post-744","page","type-page","status-publish","hentry"],"yoast_head":"<!-- This site is optimized with the Yoast SEO plugin v27.4 - https:\/\/yoast.com\/product\/yoast-seo-wordpress\/ -->\n<title>PLOTTERL\u00d5IKUSEGA KLEEBISTE KLEEPIMINE - Kolm L\u00f5vi Tr\u00fckikeskus<\/title>\n<meta name=\"description\" content=\"PLOTTERL\u00d5IKUSEGA KLEEBISTE KLEEPIMINE Kolm L\u00f5vi Tr\u00fckikeskus kleepimistehnika\" \/>\n<meta name=\"robots\" content=\"index, follow, max-snippet:-1, max-image-preview:large, max-video-preview:-1\" \/>\n<link rel=\"canonical\" href=\"https:\/\/kolmlovitrykikeskus.ee\/?page_id=744\" \/>\n<meta property=\"og:locale\" content=\"et_EE\" \/>\n<meta property=\"og:type\" content=\"article\" \/>\n<meta property=\"og:title\" content=\"PLOTTERL\u00d5IKUSEGA KLEEBISTE KLEEPIMINE - Kolm L\u00f5vi Tr\u00fckikeskus\" \/>\n<meta property=\"og:description\" content=\"PLOTTERL\u00d5IKUSEGA KLEEBISTE KLEEPIMINE Kolm L\u00f5vi Tr\u00fckikeskus kleepimistehnika\" \/>\n<meta property=\"og:url\" content=\"https:\/\/kolmlovitrykikeskus.ee\/?page_id=744\" \/>\n<meta property=\"og:site_name\" content=\"Kolm L\u00f5vi Tr\u00fckikeskus\" \/>\n<meta property=\"article:publisher\" content=\"https:\/\/www.facebook.com\/kolmlovitrykikeskus\" \/>\n<meta property=\"article:modified_time\" content=\"2024-11-18T16:06:00+00:00\" \/>\n<meta name=\"twitter:card\" content=\"summary_large_image\" \/>\n<meta name=\"twitter:label1\" content=\"Est. reading time\" \/>\n\t<meta name=\"twitter:data1\" content=\"1 minut\" \/>\n<script type=\"application\/ld+json\" class=\"yoast-schema-graph\">{\"@context\":\"https:\\\/\\\/schema.org\",\"@graph\":[{\"@type\":\"WebPage\",\"@id\":\"https:\\\/\\\/kolmlovitrykikeskus.ee\\\/?page_id=744\",\"url\":\"https:\\\/\\\/kolmlovitrykikeskus.ee\\\/?page_id=744\",\"name\":\"PLOTTERL\u00d5IKUSEGA KLEEBISTE KLEEPIMINE - Kolm L\u00f5vi Tr\u00fckikeskus\",\"isPartOf\":{\"@id\":\"https:\\\/\\\/kolmlovitrykikeskus.ee\\\/#website\"},\"datePublished\":\"2024-08-26T13:59:07+00:00\",\"dateModified\":\"2024-11-18T16:06:00+00:00\",\"description\":\"PLOTTERL\u00d5IKUSEGA KLEEBISTE KLEEPIMINE Kolm L\u00f5vi Tr\u00fckikeskus kleepimistehnika\",\"breadcrumb\":{\"@id\":\"https:\\\/\\\/kolmlovitrykikeskus.ee\\\/?page_id=744#breadcrumb\"},\"inLanguage\":\"et\",\"potentialAction\":[{\"@type\":\"ReadAction\",\"target\":[\"https:\\\/\\\/kolmlovitrykikeskus.ee\\\/?page_id=744\"]}]},{\"@type\":\"BreadcrumbList\",\"@id\":\"https:\\\/\\\/kolmlovitrykikeskus.ee\\\/?page_id=744#breadcrumb\",\"itemListElement\":[{\"@type\":\"ListItem\",\"position\":1,\"name\":\"Home\",\"item\":\"https:\\\/\\\/kolmlovitrykikeskus.ee\\\/\"},{\"@type\":\"ListItem\",\"position\":2,\"name\":\"PLOTTERL\u00d5IKUSEGA KLEEBISTE KLEEPIMINE\"}]},{\"@type\":\"WebSite\",\"@id\":\"https:\\\/\\\/kolmlovitrykikeskus.ee\\\/#website\",\"url\":\"https:\\\/\\\/kolmlovitrykikeskus.ee\\\/\",\"name\":\"Kolm L\u00f5vi Tr\u00fckikeskus\",\"description\":\"Leiame lahenduse!\",\"publisher\":{\"@id\":\"https:\\\/\\\/kolmlovitrykikeskus.ee\\\/#organization\"},\"potentialAction\":[{\"@type\":\"SearchAction\",\"target\":{\"@type\":\"EntryPoint\",\"urlTemplate\":\"https:\\\/\\\/kolmlovitrykikeskus.ee\\\/?s={search_term_string}\"},\"query-input\":{\"@type\":\"PropertyValueSpecification\",\"valueRequired\":true,\"valueName\":\"search_term_string\"}}],\"inLanguage\":\"et\"},{\"@type\":\"Organization\",\"@id\":\"https:\\\/\\\/kolmlovitrykikeskus.ee\\\/#organization\",\"name\":\"Kolm L\u00f5vi Tr\u00fckikeskus\",\"url\":\"https:\\\/\\\/kolmlovitrykikeskus.ee\\\/\",\"logo\":{\"@type\":\"ImageObject\",\"inLanguage\":\"et\",\"@id\":\"https:\\\/\\\/kolmlovitrykikeskus.ee\\\/#\\\/schema\\\/logo\\\/image\\\/\",\"url\":\"https:\\\/\\\/kolmlovitrykikeskus.ee\\\/wp-content\\\/uploads\\\/2023\\\/12\\\/cropped-kltk-logo.png\",\"contentUrl\":\"https:\\\/\\\/kolmlovitrykikeskus.ee\\\/wp-content\\\/uploads\\\/2023\\\/12\\\/cropped-kltk-logo.png\",\"width\":640,\"height\":170,\"caption\":\"Kolm L\u00f5vi Tr\u00fckikeskus\"},\"image\":{\"@id\":\"https:\\\/\\\/kolmlovitrykikeskus.ee\\\/#\\\/schema\\\/logo\\\/image\\\/\"},\"sameAs\":[\"https:\\\/\\\/www.facebook.com\\\/kolmlovitrykikeskus\"]}]}<\/script>\n<!-- \/ Yoast SEO plugin. -->","yoast_head_json":{"title":"PLOTTERL\u00d5IKUSEGA KLEEBISTE KLEEPIMINE - Kolm L\u00f5vi Tr\u00fckikeskus","description":"PLOTTERL\u00d5IKUSEGA KLEEBISTE KLEEPIMINE Kolm L\u00f5vi Tr\u00fckikeskus kleepimistehnika","robots":{"index":"index","follow":"follow","max-snippet":"max-snippet:-1","max-image-preview":"max-image-preview:large","max-video-preview":"max-video-preview:-1"},"canonical":"https:\/\/kolmlovitrykikeskus.ee\/?page_id=744","og_locale":"et_EE","og_type":"article","og_title":"PLOTTERL\u00d5IKUSEGA KLEEBISTE KLEEPIMINE - Kolm L\u00f5vi Tr\u00fckikeskus","og_description":"PLOTTERL\u00d5IKUSEGA KLEEBISTE KLEEPIMINE Kolm L\u00f5vi Tr\u00fckikeskus kleepimistehnika","og_url":"https:\/\/kolmlovitrykikeskus.ee\/?page_id=744","og_site_name":"Kolm L\u00f5vi Tr\u00fckikeskus","article_publisher":"https:\/\/www.facebook.com\/kolmlovitrykikeskus","article_modified_time":"2024-11-18T16:06:00+00:00","twitter_card":"summary_large_image","twitter_misc":{"Est. reading time":"1 minut"},"schema":{"@context":"https:\/\/schema.org","@graph":[{"@type":"WebPage","@id":"https:\/\/kolmlovitrykikeskus.ee\/?page_id=744","url":"https:\/\/kolmlovitrykikeskus.ee\/?page_id=744","name":"PLOTTERL\u00d5IKUSEGA KLEEBISTE KLEEPIMINE - Kolm L\u00f5vi Tr\u00fckikeskus","isPartOf":{"@id":"https:\/\/kolmlovitrykikeskus.ee\/#website"},"datePublished":"2024-08-26T13:59:07+00:00","dateModified":"2024-11-18T16:06:00+00:00","description":"PLOTTERL\u00d5IKUSEGA KLEEBISTE KLEEPIMINE Kolm L\u00f5vi Tr\u00fckikeskus kleepimistehnika","breadcrumb":{"@id":"https:\/\/kolmlovitrykikeskus.ee\/?page_id=744#breadcrumb"},"inLanguage":"et","potentialAction":[{"@type":"ReadAction","target":["https:\/\/kolmlovitrykikeskus.ee\/?page_id=744"]}]},{"@type":"BreadcrumbList","@id":"https:\/\/kolmlovitrykikeskus.ee\/?page_id=744#breadcrumb","itemListElement":[{"@type":"ListItem","position":1,"name":"Home","item":"https:\/\/kolmlovitrykikeskus.ee\/"},{"@type":"ListItem","position":2,"name":"PLOTTERL\u00d5IKUSEGA KLEEBISTE KLEEPIMINE"}]},{"@type":"WebSite","@id":"https:\/\/kolmlovitrykikeskus.ee\/#website","url":"https:\/\/kolmlovitrykikeskus.ee\/","name":"Kolm L\u00f5vi Tr\u00fckikeskus","description":"Leiame lahenduse!","publisher":{"@id":"https:\/\/kolmlovitrykikeskus.ee\/#organization"},"potentialAction":[{"@type":"SearchAction","target":{"@type":"EntryPoint","urlTemplate":"https:\/\/kolmlovitrykikeskus.ee\/?s={search_term_string}"},"query-input":{"@type":"PropertyValueSpecification","valueRequired":true,"valueName":"search_term_string"}}],"inLanguage":"et"},{"@type":"Organization","@id":"https:\/\/kolmlovitrykikeskus.ee\/#organization","name":"Kolm L\u00f5vi Tr\u00fckikeskus","url":"https:\/\/kolmlovitrykikeskus.ee\/","logo":{"@type":"ImageObject","inLanguage":"et","@id":"https:\/\/kolmlovitrykikeskus.ee\/#\/schema\/logo\/image\/","url":"https:\/\/kolmlovitrykikeskus.ee\/wp-content\/uploads\/2023\/12\/cropped-kltk-logo.png","contentUrl":"https:\/\/kolmlovitrykikeskus.ee\/wp-content\/uploads\/2023\/12\/cropped-kltk-logo.png","width":640,"height":170,"caption":"Kolm L\u00f5vi Tr\u00fckikeskus"},"image":{"@id":"https:\/\/kolmlovitrykikeskus.ee\/#\/schema\/logo\/image\/"},"sameAs":["https:\/\/www.facebook.com\/kolmlovitrykikeskus"]}]}},"_links":{"self":[{"href":"https:\/\/kolmlovitrykikeskus.ee\/index.php?rest_route=\/wp\/v2\/pages\/744","targetHints":{"allow":["GET"]}}],"collection":[{"href":"https:\/\/kolmlovitrykikeskus.ee\/index.php?rest_route=\/wp\/v2\/pages"}],"about":[{"href":"https:\/\/kolmlovitrykikeskus.ee\/index.php?rest_route=\/wp\/v2\/types\/page"}],"author":[{"embeddable":true,"href":"https:\/\/kolmlovitrykikeskus.ee\/index.php?rest_route=\/wp\/v2\/users\/5"}],"replies":[{"embeddable":true,"href":"https:\/\/kolmlovitrykikeskus.ee\/index.php?rest_route=%2Fwp%2Fv2%2Fcomments&post=744"}],"version-history":[{"count":6,"href":"https:\/\/kolmlovitrykikeskus.ee\/index.php?rest_route=\/wp\/v2\/pages\/744\/revisions"}],"predecessor-version":[{"id":4005,"href":"https:\/\/kolmlovitrykikeskus.ee\/index.php?rest_route=\/wp\/v2\/pages\/744\/revisions\/4005"}],"wp:attachment":[{"href":"https:\/\/kolmlovitrykikeskus.ee\/index.php?rest_route=%2Fwp%2Fv2%2Fmedia&parent=744"}],"curies":[{"name":"wp","href":"https:\/\/api.w.org\/{rel}","templated":true}]}}