{"id":714,"date":"2024-08-27T15:28:00","date_gmt":"2024-08-27T13:28:00","guid":{"rendered":"https:\/\/kolmlovitrykikeskus.ee\/?page_id=714"},"modified":"2024-10-20T09:52:48","modified_gmt":"2024-10-20T07:52:48","slug":"kalendrid-lauakalender","status":"publish","type":"page","link":"https:\/\/kolmlovitrykikeskus.ee\/?page_id=714","title":{"rendered":"Kalendrid"},"content":{"rendered":"<p>J\u00e4rgmise aasta kalendrid telli<a href=\"https:\/\/kolmlovitrykikeskus.ee\/?page_id=1206\"> <strong>siit<\/strong>.<\/a><!-- \/wp:post-content -->\r\n\r\n<!-- wp:list {\"ordered\":true,\"start\":2020} \/-->\r\n\r\n<!-- wp:paragraph --><\/p>\r\n<h4>Lauakalender <a href=\"https:\/\/kolmlovitrykikeskus.ee\/?page_id=764\">(lauakalendrite mallid leiate siit).<\/a><!-- \/wp:paragraph -->\r\n\r\n<!-- wp:image {\"id\":730,\"width\":\"371px\",\"height\":\"auto\",\"sizeSlug\":\"full\",\"linkDestination\":\"none\"} --><\/h4>\r\n<p class=\"wp-block-image size-full is-resized\"><img loading=\"lazy\" decoding=\"async\" class=\"alignnone wp-image-730 \" style=\"width: 545px; height: 495px;\" src=\"https:\/\/kolmlovitrykikeskus.ee\/wp-content\/uploads\/2024\/01\/lauakalender-infoportaalile.jpg\" alt=\"Lauakalender\" width=\"657\" height=\"596\" srcset=\"https:\/\/kolmlovitrykikeskus.ee\/wp-content\/uploads\/2024\/01\/lauakalender-infoportaalile.jpg 657w, https:\/\/kolmlovitrykikeskus.ee\/wp-content\/uploads\/2024\/01\/lauakalender-infoportaalile-300x272.jpg 300w\" sizes=\"auto, (max-width: 657px) 100vw, 657px\" \/><!-- \/wp:image -->\r\n\r\n<!-- wp:image {\"id\":729,\"width\":\"368px\",\"height\":\"auto\",\"sizeSlug\":\"full\",\"linkDestination\":\"none\"} --><\/p>\r\n<p class=\"wp-block-image size-full is-resized\"><img loading=\"lazy\" decoding=\"async\" width=\"500\" height=\"730\" class=\"wp-image-729\" style=\"width: 545px; height: 795px;\" src=\"https:\/\/kolmlovitrykikeskus.ee\/wp-content\/uploads\/2024\/01\/lauakalender-A5-500px.gif.jpeg\" alt=\"lauakalender horisonataalne\" srcset=\"https:\/\/kolmlovitrykikeskus.ee\/wp-content\/uploads\/2024\/01\/lauakalender-A5-500px.gif.jpeg 500w, https:\/\/kolmlovitrykikeskus.ee\/wp-content\/uploads\/2024\/01\/lauakalender-A5-500px.gif-205x300.jpeg 205w\" sizes=\"auto, (max-width: 500px) 100vw, 500px\" \/><!-- \/wp:image -->\r\n\r\n<!-- wp:paragraph --><\/p>\r\n<p>A5 lauakalendrite vertikaalsed ja horisontaalsed variandid (sisu+esileht). Sisu kas meie disain v\u00f5i kliendi disain kogused alates 25tk. Igal lehel v\u00f5ib olla erinev pilt. V\u00f5imalik lisada personaalseid t\u00e4htp\u00e4evi.<!-- \/wp:paragraph -->\r\n\r\n<!-- wp:image {\"id\":728,\"width\":\"371px\",\"height\":\"auto\",\"sizeSlug\":\"full\",\"linkDestination\":\"none\"} --><\/p>\r\n<p class=\"wp-block-image size-full is-resized\"><img loading=\"lazy\" decoding=\"async\" width=\"730\" height=\"500\" class=\"wp-image-728\" style=\"width: 542px; height: 371px;\" src=\"https:\/\/kolmlovitrykikeskus.ee\/wp-content\/uploads\/2024\/01\/lauakalender-A5port-500.jpg\" alt=\"lauakalender vertikaalne\" srcset=\"https:\/\/kolmlovitrykikeskus.ee\/wp-content\/uploads\/2024\/01\/lauakalender-A5port-500.jpg 730w, https:\/\/kolmlovitrykikeskus.ee\/wp-content\/uploads\/2024\/01\/lauakalender-A5port-500-300x205.jpg 300w\" sizes=\"auto, (max-width: 730px) 100vw, 730px\" \/><!-- \/wp:image -->\r\n\r\n<!-- wp:paragraph --><\/p>\r\n<h4>Taskukalender<\/h4>\r\n<p class=\"wp-block-image size-full is-resized\"><img loading=\"lazy\" decoding=\"async\" width=\"520\" height=\"341\" class=\"wp-image-727\" style=\"width: 544px; height: 356px;\" src=\"https:\/\/kolmlovitrykikeskus.ee\/wp-content\/uploads\/2024\/01\/taskukalendrid520px.jpg\" alt=\"Taskukalendrid 60x90mm.\" srcset=\"https:\/\/kolmlovitrykikeskus.ee\/wp-content\/uploads\/2024\/01\/taskukalendrid520px.jpg 520w, https:\/\/kolmlovitrykikeskus.ee\/wp-content\/uploads\/2024\/01\/taskukalendrid520px-300x197.jpg 300w\" sizes=\"auto, (max-width: 520px) 100vw, 520px\" \/><br \/>Taskukalendrid 60x90mm<!-- \/wp:paragraph -->\r\n\r\n<!-- wp:paragraph --><\/p>\r\n<h4>Seinakalendrid<\/h4>\r\n<p class=\"wp-block-image size-full is-resized\"><img loading=\"lazy\" decoding=\"async\" width=\"657\" height=\"350\" class=\"wp-image-726\" style=\"width: 538px; height: 286px;\" src=\"https:\/\/kolmlovitrykikeskus.ee\/wp-content\/uploads\/2024\/01\/kalenderP5057728-657px-1.jpg\" alt=\"Kalender seina\" srcset=\"https:\/\/kolmlovitrykikeskus.ee\/wp-content\/uploads\/2024\/01\/kalenderP5057728-657px-1.jpg 657w, https:\/\/kolmlovitrykikeskus.ee\/wp-content\/uploads\/2024\/01\/kalenderP5057728-657px-1-300x160.jpg 300w\" sizes=\"auto, (max-width: 657px) 100vw, 657px\" \/><!-- \/wp:paragraph -->\r\n\r\n<!-- wp:image {\"id\":725,\"width\":\"375px\",\"height\":\"auto\",\"sizeSlug\":\"full\",\"linkDestination\":\"none\"} --><\/p>\r\n<p class=\"wp-block-image size-full is-resized\"><img loading=\"lazy\" decoding=\"async\" width=\"657\" height=\"968\" class=\"wp-image-725\" style=\"width: 541px; height: 798px;\" src=\"https:\/\/kolmlovitrykikeskus.ee\/wp-content\/uploads\/2024\/01\/kalendrid2015-657.jpg\" alt=\"Kalendrid Trio Max, metallkammk\u00f6ide\" srcset=\"https:\/\/kolmlovitrykikeskus.ee\/wp-content\/uploads\/2024\/01\/kalendrid2015-657.jpg 657w, https:\/\/kolmlovitrykikeskus.ee\/wp-content\/uploads\/2024\/01\/kalendrid2015-657-204x300.jpg 204w\" sizes=\"auto, (max-width: 657px) 100vw, 657px\" \/><!-- \/wp:image -->\r\n\r\n<!-- wp:paragraph --><\/p>\r\n<p>Kalendri sisulehed 420x297mm: v\u00e4rvivalik sinine-punane ja must-punane.<br \/>P\u00e4isepilt A4 ja reklaamriba v\u00f5imalus all servad 60mm. \u00dclalt k\u00f6ide h\u00f5bedane metallkamm. Riputusauku on v\u00f5imalik kaitsta metall\u00f6\u00f6siga.<!-- \/wp:paragraph -->\r\n\r\n<!-- wp:image {\"id\":724,\"width\":\"381px\",\"height\":\"auto\",\"sizeSlug\":\"full\",\"linkDestination\":\"none\"} \/-->\r\n\r\n<!-- wp:paragraph --><\/p>\r\n<p>Traditsiooniline riba peal libistatav kuup\u00e4evam\u00e4rkija, kui ka staatiliselt paberile kinnituv kuup\u00e4evam\u00e4rkija.<!-- \/wp:paragraph -->\r\n\r\n<!-- wp:image {\"id\":723,\"width\":\"385px\",\"height\":\"auto\",\"sizeSlug\":\"full\",\"linkDestination\":\"none\"} --><\/p>\r\n<p class=\"wp-block-image size-full is-resized\"><img loading=\"lazy\" decoding=\"async\" width=\"520\" height=\"214\" class=\"wp-image-723\" style=\"width: 543px; height: 223px;\" src=\"https:\/\/kolmlovitrykikeskus.ee\/wp-content\/uploads\/2024\/01\/kuupavamarkijavariant-1.jpg\" alt=\"Kuup\u00e4evam\u00e4rkija\" srcset=\"https:\/\/kolmlovitrykikeskus.ee\/wp-content\/uploads\/2024\/01\/kuupavamarkijavariant-1.jpg 520w, https:\/\/kolmlovitrykikeskus.ee\/wp-content\/uploads\/2024\/01\/kuupavamarkijavariant-1-300x123.jpg 300w\" sizes=\"auto, (max-width: 520px) 100vw, 520px\" \/><!-- \/wp:image -->\r\n\r\n<!-- wp:image {\"id\":722,\"width\":\"386px\",\"height\":\"auto\",\"sizeSlug\":\"large\",\"linkDestination\":\"none\"} --><\/p>\r\n<p class=\"wp-block-image size-large is-resized\"><img loading=\"lazy\" decoding=\"async\" width=\"898\" height=\"1024\" class=\"wp-image-722\" style=\"width: 544px; height: 620px;\" src=\"https:\/\/kolmlovitrykikeskus.ee\/wp-content\/uploads\/2024\/01\/kalendr2014-yhekuuga-898x1024.jpg\" alt=\"kalender 1\" srcset=\"https:\/\/kolmlovitrykikeskus.ee\/wp-content\/uploads\/2024\/01\/kalendr2014-yhekuuga-898x1024.jpg 898w, https:\/\/kolmlovitrykikeskus.ee\/wp-content\/uploads\/2024\/01\/kalendr2014-yhekuuga-263x300.jpg 263w, https:\/\/kolmlovitrykikeskus.ee\/wp-content\/uploads\/2024\/01\/kalendr2014-yhekuuga-768x876.jpg 768w, https:\/\/kolmlovitrykikeskus.ee\/wp-content\/uploads\/2024\/01\/kalendr2014-yhekuuga.jpg 1000w\" sizes=\"auto, (max-width: 898px) 100vw, 898px\" \/><br \/>Kalendrid \u00fcks kuu &#8211; formaat A4.<!-- \/wp:image -->\r\n\r\n<!-- wp:image {\"id\":721,\"width\":\"383px\",\"height\":\"auto\",\"sizeSlug\":\"full\",\"linkDestination\":\"none\"} --><\/p>\r\n<p class=\"wp-block-image size-full is-resized\"><img loading=\"lazy\" decoding=\"async\" width=\"736\" height=\"844\" class=\"wp-image-721\" style=\"width: 543px; height: 622px;\" src=\"https:\/\/kolmlovitrykikeskus.ee\/wp-content\/uploads\/2024\/01\/kalender-kolmekuuga.jpg\" alt=\"kalender 2\" srcset=\"https:\/\/kolmlovitrykikeskus.ee\/wp-content\/uploads\/2024\/01\/kalender-kolmekuuga.jpg 736w, https:\/\/kolmlovitrykikeskus.ee\/wp-content\/uploads\/2024\/01\/kalender-kolmekuuga-262x300.jpg 262w\" sizes=\"auto, (max-width: 736px) 100vw, 736px\" \/><br \/>Kalender kolm kuud korraga &#8211; formaat A3.<!-- \/wp:image -->\r\n\r\n<!-- wp:image {\"id\":720,\"width\":\"384px\",\"height\":\"auto\",\"sizeSlug\":\"large\",\"linkDestination\":\"none\"} --><\/p>\r\n<p class=\"wp-block-image size-large is-resized\"><img loading=\"lazy\" decoding=\"async\" width=\"639\" height=\"1024\" class=\"wp-image-720\" style=\"width: 540px; height: 865px;\" src=\"https:\/\/kolmlovitrykikeskus.ee\/wp-content\/uploads\/2024\/01\/kalender-piklehtlux-639x1024.jpg\" alt=\"kalender 3\" srcset=\"https:\/\/kolmlovitrykikeskus.ee\/wp-content\/uploads\/2024\/01\/kalender-piklehtlux-639x1024.jpg 639w, https:\/\/kolmlovitrykikeskus.ee\/wp-content\/uploads\/2024\/01\/kalender-piklehtlux-187x300.jpg 187w, https:\/\/kolmlovitrykikeskus.ee\/wp-content\/uploads\/2024\/01\/kalender-piklehtlux.jpg 736w\" sizes=\"auto, (max-width: 639px) 100vw, 639px\" \/><br \/>Kalender kolme kuuga \u00fchel lehel koos m\u00e4rkmeribaga &#8211; formaat A3<!-- \/wp:image --><\/p>","protected":false},"excerpt":{"rendered":"<p>J\u00e4rgmise aasta kalendrid telli siit. Lauakalender (lauakalendrite mallid leiate siit). A5 lauakalendrite vertikaalsed ja horisontaalsed variandid (sisu+esileht). Sisu kas meie disain v\u00f5i kliendi disain kogused [&#8230;]<\/p>\n","protected":false},"author":3,"featured_media":0,"parent":0,"menu_order":0,"comment_status":"closed","ping_status":"closed","template":"","meta":{"footnotes":""},"class_list":["post-714","page","type-page","status-publish","hentry"],"yoast_head":"<!-- This site is optimized with the Yoast SEO plugin v27.5 - https:\/\/yoast.com\/product\/yoast-seo-wordpress\/ -->\n<title>Kalendrid - Kolm L\u00f5vi Tr\u00fckikeskus<\/title>\n<meta name=\"description\" content=\"Kalendrid Kolm L\u00f5vi Tr\u00fckikeskus seinakalender, taskukalender, trio, mono, kuup\u00e4evam\u00e4rkija, riputatav kalender\" \/>\n<meta name=\"robots\" content=\"index, follow, max-snippet:-1, max-image-preview:large, max-video-preview:-1\" \/>\n<link rel=\"canonical\" href=\"https:\/\/kolmlovitrykikeskus.ee\/?page_id=714\" \/>\n<meta property=\"og:locale\" content=\"et_EE\" \/>\n<meta property=\"og:type\" content=\"article\" \/>\n<meta property=\"og:title\" content=\"Kalendrid - Kolm L\u00f5vi Tr\u00fckikeskus\" \/>\n<meta property=\"og:description\" content=\"Kalendrid Kolm L\u00f5vi Tr\u00fckikeskus seinakalender, taskukalender, trio, mono, kuup\u00e4evam\u00e4rkija, riputatav kalender\" \/>\n<meta property=\"og:url\" content=\"https:\/\/kolmlovitrykikeskus.ee\/?page_id=714\" \/>\n<meta property=\"og:site_name\" content=\"Kolm L\u00f5vi Tr\u00fckikeskus\" \/>\n<meta property=\"article:publisher\" content=\"https:\/\/www.facebook.com\/kolmlovitrykikeskus\" \/>\n<meta property=\"article:modified_time\" content=\"2024-10-20T07:52:48+00:00\" \/>\n<meta property=\"og:image\" content=\"https:\/\/kolmlovitrykikeskus.ee\/wp-content\/uploads\/2024\/01\/lauakalender-infoportaalile.jpg\" \/>\n<meta name=\"twitter:card\" content=\"summary_large_image\" \/>\n<meta name=\"twitter:label1\" content=\"Est. reading time\" \/>\n\t<meta name=\"twitter:data1\" content=\"3 minutit\" \/>\n<script type=\"application\/ld+json\" class=\"yoast-schema-graph\">{\"@context\":\"https:\\\/\\\/schema.org\",\"@graph\":[{\"@type\":\"WebPage\",\"@id\":\"https:\\\/\\\/kolmlovitrykikeskus.ee\\\/?page_id=714\",\"url\":\"https:\\\/\\\/kolmlovitrykikeskus.ee\\\/?page_id=714\",\"name\":\"Kalendrid - Kolm L\u00f5vi Tr\u00fckikeskus\",\"isPartOf\":{\"@id\":\"https:\\\/\\\/kolmlovitrykikeskus.ee\\\/#website\"},\"primaryImageOfPage\":{\"@id\":\"https:\\\/\\\/kolmlovitrykikeskus.ee\\\/?page_id=714#primaryimage\"},\"image\":{\"@id\":\"https:\\\/\\\/kolmlovitrykikeskus.ee\\\/?page_id=714#primaryimage\"},\"thumbnailUrl\":\"https:\\\/\\\/kolmlovitrykikeskus.ee\\\/wp-content\\\/uploads\\\/2024\\\/01\\\/lauakalender-infoportaalile.jpg\",\"datePublished\":\"2024-08-27T13:28:00+00:00\",\"dateModified\":\"2024-10-20T07:52:48+00:00\",\"description\":\"Kalendrid Kolm L\u00f5vi Tr\u00fckikeskus seinakalender, taskukalender, trio, mono, kuup\u00e4evam\u00e4rkija, riputatav kalender\",\"breadcrumb\":{\"@id\":\"https:\\\/\\\/kolmlovitrykikeskus.ee\\\/?page_id=714#breadcrumb\"},\"inLanguage\":\"et\",\"potentialAction\":[{\"@type\":\"ReadAction\",\"target\":[\"https:\\\/\\\/kolmlovitrykikeskus.ee\\\/?page_id=714\"]}]},{\"@type\":\"ImageObject\",\"inLanguage\":\"et\",\"@id\":\"https:\\\/\\\/kolmlovitrykikeskus.ee\\\/?page_id=714#primaryimage\",\"url\":\"https:\\\/\\\/kolmlovitrykikeskus.ee\\\/wp-content\\\/uploads\\\/2024\\\/01\\\/lauakalender-infoportaalile.jpg\",\"contentUrl\":\"https:\\\/\\\/kolmlovitrykikeskus.ee\\\/wp-content\\\/uploads\\\/2024\\\/01\\\/lauakalender-infoportaalile.jpg\",\"width\":657,\"height\":596,\"caption\":\"Lauakalender\"},{\"@type\":\"BreadcrumbList\",\"@id\":\"https:\\\/\\\/kolmlovitrykikeskus.ee\\\/?page_id=714#breadcrumb\",\"itemListElement\":[{\"@type\":\"ListItem\",\"position\":1,\"name\":\"Home\",\"item\":\"https:\\\/\\\/kolmlovitrykikeskus.ee\\\/\"},{\"@type\":\"ListItem\",\"position\":2,\"name\":\"Kalendrid\"}]},{\"@type\":\"WebSite\",\"@id\":\"https:\\\/\\\/kolmlovitrykikeskus.ee\\\/#website\",\"url\":\"https:\\\/\\\/kolmlovitrykikeskus.ee\\\/\",\"name\":\"Kolm L\u00f5vi Tr\u00fckikeskus\",\"description\":\"Leiame lahenduse!\",\"publisher\":{\"@id\":\"https:\\\/\\\/kolmlovitrykikeskus.ee\\\/#organization\"},\"potentialAction\":[{\"@type\":\"SearchAction\",\"target\":{\"@type\":\"EntryPoint\",\"urlTemplate\":\"https:\\\/\\\/kolmlovitrykikeskus.ee\\\/?s={search_term_string}\"},\"query-input\":{\"@type\":\"PropertyValueSpecification\",\"valueRequired\":true,\"valueName\":\"search_term_string\"}}],\"inLanguage\":\"et\"},{\"@type\":\"Organization\",\"@id\":\"https:\\\/\\\/kolmlovitrykikeskus.ee\\\/#organization\",\"name\":\"Kolm L\u00f5vi Tr\u00fckikeskus\",\"url\":\"https:\\\/\\\/kolmlovitrykikeskus.ee\\\/\",\"logo\":{\"@type\":\"ImageObject\",\"inLanguage\":\"et\",\"@id\":\"https:\\\/\\\/kolmlovitrykikeskus.ee\\\/#\\\/schema\\\/logo\\\/image\\\/\",\"url\":\"https:\\\/\\\/kolmlovitrykikeskus.ee\\\/wp-content\\\/uploads\\\/2023\\\/12\\\/cropped-kltk-logo.png\",\"contentUrl\":\"https:\\\/\\\/kolmlovitrykikeskus.ee\\\/wp-content\\\/uploads\\\/2023\\\/12\\\/cropped-kltk-logo.png\",\"width\":640,\"height\":170,\"caption\":\"Kolm L\u00f5vi Tr\u00fckikeskus\"},\"image\":{\"@id\":\"https:\\\/\\\/kolmlovitrykikeskus.ee\\\/#\\\/schema\\\/logo\\\/image\\\/\"},\"sameAs\":[\"https:\\\/\\\/www.facebook.com\\\/kolmlovitrykikeskus\"]}]}<\/script>\n<!-- \/ Yoast SEO plugin. -->","yoast_head_json":{"title":"Kalendrid - Kolm L\u00f5vi Tr\u00fckikeskus","description":"Kalendrid Kolm L\u00f5vi Tr\u00fckikeskus seinakalender, taskukalender, trio, mono, kuup\u00e4evam\u00e4rkija, riputatav kalender","robots":{"index":"index","follow":"follow","max-snippet":"max-snippet:-1","max-image-preview":"max-image-preview:large","max-video-preview":"max-video-preview:-1"},"canonical":"https:\/\/kolmlovitrykikeskus.ee\/?page_id=714","og_locale":"et_EE","og_type":"article","og_title":"Kalendrid - Kolm L\u00f5vi Tr\u00fckikeskus","og_description":"Kalendrid Kolm L\u00f5vi Tr\u00fckikeskus seinakalender, taskukalender, trio, mono, kuup\u00e4evam\u00e4rkija, riputatav kalender","og_url":"https:\/\/kolmlovitrykikeskus.ee\/?page_id=714","og_site_name":"Kolm L\u00f5vi Tr\u00fckikeskus","article_publisher":"https:\/\/www.facebook.com\/kolmlovitrykikeskus","article_modified_time":"2024-10-20T07:52:48+00:00","og_image":[{"url":"https:\/\/kolmlovitrykikeskus.ee\/wp-content\/uploads\/2024\/01\/lauakalender-infoportaalile.jpg","type":"","width":"","height":""}],"twitter_card":"summary_large_image","twitter_misc":{"Est. reading time":"3 minutit"},"schema":{"@context":"https:\/\/schema.org","@graph":[{"@type":"WebPage","@id":"https:\/\/kolmlovitrykikeskus.ee\/?page_id=714","url":"https:\/\/kolmlovitrykikeskus.ee\/?page_id=714","name":"Kalendrid - Kolm L\u00f5vi Tr\u00fckikeskus","isPartOf":{"@id":"https:\/\/kolmlovitrykikeskus.ee\/#website"},"primaryImageOfPage":{"@id":"https:\/\/kolmlovitrykikeskus.ee\/?page_id=714#primaryimage"},"image":{"@id":"https:\/\/kolmlovitrykikeskus.ee\/?page_id=714#primaryimage"},"thumbnailUrl":"https:\/\/kolmlovitrykikeskus.ee\/wp-content\/uploads\/2024\/01\/lauakalender-infoportaalile.jpg","datePublished":"2024-08-27T13:28:00+00:00","dateModified":"2024-10-20T07:52:48+00:00","description":"Kalendrid Kolm L\u00f5vi Tr\u00fckikeskus seinakalender, taskukalender, trio, mono, kuup\u00e4evam\u00e4rkija, riputatav kalender","breadcrumb":{"@id":"https:\/\/kolmlovitrykikeskus.ee\/?page_id=714#breadcrumb"},"inLanguage":"et","potentialAction":[{"@type":"ReadAction","target":["https:\/\/kolmlovitrykikeskus.ee\/?page_id=714"]}]},{"@type":"ImageObject","inLanguage":"et","@id":"https:\/\/kolmlovitrykikeskus.ee\/?page_id=714#primaryimage","url":"https:\/\/kolmlovitrykikeskus.ee\/wp-content\/uploads\/2024\/01\/lauakalender-infoportaalile.jpg","contentUrl":"https:\/\/kolmlovitrykikeskus.ee\/wp-content\/uploads\/2024\/01\/lauakalender-infoportaalile.jpg","width":657,"height":596,"caption":"Lauakalender"},{"@type":"BreadcrumbList","@id":"https:\/\/kolmlovitrykikeskus.ee\/?page_id=714#breadcrumb","itemListElement":[{"@type":"ListItem","position":1,"name":"Home","item":"https:\/\/kolmlovitrykikeskus.ee\/"},{"@type":"ListItem","position":2,"name":"Kalendrid"}]},{"@type":"WebSite","@id":"https:\/\/kolmlovitrykikeskus.ee\/#website","url":"https:\/\/kolmlovitrykikeskus.ee\/","name":"Kolm L\u00f5vi Tr\u00fckikeskus","description":"Leiame lahenduse!","publisher":{"@id":"https:\/\/kolmlovitrykikeskus.ee\/#organization"},"potentialAction":[{"@type":"SearchAction","target":{"@type":"EntryPoint","urlTemplate":"https:\/\/kolmlovitrykikeskus.ee\/?s={search_term_string}"},"query-input":{"@type":"PropertyValueSpecification","valueRequired":true,"valueName":"search_term_string"}}],"inLanguage":"et"},{"@type":"Organization","@id":"https:\/\/kolmlovitrykikeskus.ee\/#organization","name":"Kolm L\u00f5vi Tr\u00fckikeskus","url":"https:\/\/kolmlovitrykikeskus.ee\/","logo":{"@type":"ImageObject","inLanguage":"et","@id":"https:\/\/kolmlovitrykikeskus.ee\/#\/schema\/logo\/image\/","url":"https:\/\/kolmlovitrykikeskus.ee\/wp-content\/uploads\/2023\/12\/cropped-kltk-logo.png","contentUrl":"https:\/\/kolmlovitrykikeskus.ee\/wp-content\/uploads\/2023\/12\/cropped-kltk-logo.png","width":640,"height":170,"caption":"Kolm L\u00f5vi Tr\u00fckikeskus"},"image":{"@id":"https:\/\/kolmlovitrykikeskus.ee\/#\/schema\/logo\/image\/"},"sameAs":["https:\/\/www.facebook.com\/kolmlovitrykikeskus"]}]}},"_links":{"self":[{"href":"https:\/\/kolmlovitrykikeskus.ee\/index.php?rest_route=\/wp\/v2\/pages\/714","targetHints":{"allow":["GET"]}}],"collection":[{"href":"https:\/\/kolmlovitrykikeskus.ee\/index.php?rest_route=\/wp\/v2\/pages"}],"about":[{"href":"https:\/\/kolmlovitrykikeskus.ee\/index.php?rest_route=\/wp\/v2\/types\/page"}],"author":[{"embeddable":true,"href":"https:\/\/kolmlovitrykikeskus.ee\/index.php?rest_route=\/wp\/v2\/users\/3"}],"replies":[{"embeddable":true,"href":"https:\/\/kolmlovitrykikeskus.ee\/index.php?rest_route=%2Fwp%2Fv2%2Fcomments&post=714"}],"version-history":[{"count":6,"href":"https:\/\/kolmlovitrykikeskus.ee\/index.php?rest_route=\/wp\/v2\/pages\/714\/revisions"}],"predecessor-version":[{"id":3776,"href":"https:\/\/kolmlovitrykikeskus.ee\/index.php?rest_route=\/wp\/v2\/pages\/714\/revisions\/3776"}],"wp:attachment":[{"href":"https:\/\/kolmlovitrykikeskus.ee\/index.php?rest_route=%2Fwp%2Fv2%2Fmedia&parent=714"}],"curies":[{"name":"wp","href":"https:\/\/api.w.org\/{rel}","templated":true}]}}