{"id":705,"date":"2024-08-23T12:45:44","date_gmt":"2024-08-23T10:45:44","guid":{"rendered":"https:\/\/kolmlovitrykikeskus.ee\/?page_id=705"},"modified":"2024-11-18T18:03:43","modified_gmt":"2024-11-18T16:03:43","slug":"kleebised","status":"publish","type":"page","link":"https:\/\/kolmlovitrykikeskus.ee\/?page_id=705","title":{"rendered":"KLEEBISTE MATERJALID &#8211; tehniline"},"content":{"rendered":"<p><\/p>\r\n<p>Kleebismaterjale saab liigitada l\u00e4htudes pinnamaterjalist ja liimist. Pinnamaterjalidest on peamised pol\u00fcmeerne ja monomeerne vin\u00fc\u00fcl, pol\u00fcester ning erinevad paberid.<\/p>\r\n<p>Liimid jagunevad p\u00fcsiliimideks (permanent) ja eemaldatavateks (removable). K\u00f5ige levinum kleebise liim on akr\u00fc\u00fclil p\u00f5hinev.<\/p>\r\n<p>Kleebiseid saab tr\u00fckkida siiditr\u00fckis, digitr\u00fckis ja fooliumtr\u00fckis. Kleebiste v\u00e4rvivalik ning pinnat\u00f6\u00f6tluste valik on v\u00e4ga lai. Samuti on olemas palju erikleebiste variante, mida saab kasutada ka v\u00e4ga ekstreemsetel pindadel, n\u00e4iteks lihvimata betoonil, asfaldil, k\u00e4idaval p\u00f5randal, kuumutatavatel pindadel (pol\u00fcester kuni 150 \u00b0C) ja isegi tapeedi asemel.<\/p>\r\n<p>T\u00e4nap\u00e4eval pole probleemiks muuta auto v\u00e4rvi kleebise abil, n\u00e4iteks kleepides auto t\u00e4ismahus \u00fcle. Lisaks tavalistele l\u00e4ikiva ja mati pinnat\u00f6\u00f6tlusega kleebistele on saadaval ka erinevate reljeefmustritega efektkleebised.<\/p>\r\n<p>Paljudele ei ole uudiseks ka liivapritsi efekti j\u00e4ljendavad kleebised klaasidele. Neid saab paigaldada lauspinnana v\u00f5i mustritena. Kui on vaja ruumi muuta, saab kleebise kergesti eemaldada.<\/p>\r\n<p>Kleebise materjali valides tuleks m\u00f5elda selle kasutusajale. Materjali \u00f5ige valik v\u00f5imaldab kleebist lihtsamalt eemaldada enne liimigarantii l\u00f5ppemist. P\u00e4rast liimigarantii l\u00f5ppu kaotab kleebis enamuse oma elastsusest, muutudes rabedaks v\u00f5i k\u00f5vaks. Liim v\u00f5ib t\u00e4ielikult kuivada, mist\u00f5ttu kleebise eemaldamine v\u00f5ib kahjustada aluspinda.<\/p>\r\n<p>Eelnevalt mainitud pol\u00fcmeersed ja monomeersed kleebiskiled erinevad stabiilsuse poolest. Pol\u00fcmeersed materjalid on pinnastabiilsemad kui monomeersed. K\u00f5ige stabiilsemad on valukiled (cast), mida valmistatakse materjali valamise teel suurele pinnale ja hiljem l\u00f5igatakse vajalikesse m\u00f5\u00f5tudesse. Monomeersed kiled valmistatakse odavamalt massi pressimise teel. Kui monomeerne kile on pikalt pinnal olnud, v\u00f5ib kleebise \u00e4\u00e4res n\u00e4ha liimiriba, millesse on kogunenud tolmu \u2013 see viitab materjali v\u00e4hesele dimensioonilisele stabiilsusele.<\/p>\r\n<p>Tehnilised andmed p\u00f5hinevad Euroopa keskmistel tingimustel. Kleebise tegelik eluiga s\u00f5ltub aluspinna ettevalmistusest, eksponeerimistingimustest ja kile hooldusest. N\u00e4iteks l\u00f5unapoolne asetus, pikaajaline kokkupuude kuumade tingimustega (nagu L\u00f5una-Euroopas) v\u00f5i t\u00f6\u00f6stuslik saastatus v\u00f5ivad kleebise eluiga l\u00fchendada.<\/p>\r\n<p>Tehnilistes katsetustes hinnatakse kleebise niiskuskindlust, korrosioonikindlust, veekindlust, vastupidavust lahustitele (nt vesi, bensiin, diisel\u00f5li, antifriis), samuti liimuvusn\u00e4itajaid (esmane ja l\u00f5plik), tulekindlust ja dimensioonilist stabiilsust.<\/p>\r\n<p>\r\n\r\n<\/p>\r\n<p><img loading=\"lazy\" decoding=\"async\" class=\"alignnone wp-image-706\" src=\"https:\/\/kolmlovitrykikeskus.ee\/wp-content\/uploads\/2024\/01\/kleebiserullid.jpg\" alt=\"kleebiserullid\" width=\"560\" height=\"347\" \/><\/p>\r\n<p>\r\n\r\n<\/p>\r\n<hr \/>\r\n<p>\r\n\r\n<\/p>\r\n<p><strong>Pol\u00fcester peegelpinnaga kleebis<\/strong>: talub kuni 150 \u00b0C.<br \/><strong>Plotteriga l\u00f5igatavad vin\u00fc\u00fclkleebised<\/strong>: taluvad kuni 110 \u00b0C.<br \/><strong>Digitr\u00fckis kasutatavad monomeersed kleebised<\/strong>: taluvad kuni 80 \u00b0C.<\/p>\r\n<p>Pidev kleebiste eksponeerimine kuumutataval pinnal v\u00f5ib nende kasutusaega oluliselt l\u00fchendada ja kiirendada monomeersete kleebiste dimensioonilist v\u00e4henemist.<\/p>\r\n<p>\r\n\r\n<\/p>\r\n<h3 class=\"wp-block-heading\">Kleebismaterjalide \u00fcldine paigaldusjuhis<\/h3>\r\n<p>Kleebiste kleepimiseks m\u00f5eldud pinnad peavad olema eelnevalt puhtad, kuivad ning ilma \u00f5li, rasva, lahustite, silikooni v\u00f5i muu lisandita. P\u00e4rast puhastamist tuleb oodata, kuni puhastusvahendi j\u00e4\u00e4gid on t\u00e4ielikult eraldunud, ning pind tuleks seej\u00e4rel \u00fcle p\u00fchkida puhta ja kuiva lapiga. Mittet\u00e4ielik kuivamine v\u00f5ib p\u00f5hjustada kile- ja pinnavaheliste gaasimullide teket. Samuti tuleks v\u00e4rsked viimistlusmaterjalid, n\u00e4iteks aluspinna viimistlemiseks kasutatud v\u00e4rvid, lasta kuivada v\u00e4hemalt kolm n\u00e4dalat.<\/p>\r\n<p>Materjalidele, mis paisuvad soojusega ja kahanevad k\u00fclmaga, kleepimisel v\u00f5ivad temperatuurik\u00f5ikumised p\u00f5hjustada kortse. Kleebise kleepumist v\u00f5ib takistada ka mustust h\u00fclgav lisaomadus, mis on materjalile antud.<\/p>\r\n<p>Igal kleebismaterjalil on oma paigaldus- ja kasutustemperatuur. N\u00e4iteks fosformaterjali paigaldustemperatuur on alates +8 \u00b0C ja kasutustemperatuur on -40 kuni +100 \u00b0C. Nende temperatuuride eiramine v\u00f5ib p\u00f5hjustada kleebise n\u00f5rga kinnitumise pinnale v\u00f5i isegi selle hilisema lahtituleku. Liialt kuum v\u00f5i k\u00fclm pind v\u00f5ib materjali kahjustada.<\/p>\r\n<p><strong>Soovitus<\/strong>: Paigaldusjuhiste saamiseks k\u00fcsi t\u00e4iendavat infot klienditeenindajalt enne paigaldamist.<\/p>\r\n<p><\/p>","protected":false},"excerpt":{"rendered":"<p>Kleebismaterjale saab liigitada l\u00e4htudes pinnamaterjalist ja liimist. Pinnamaterjalidest on peamised pol\u00fcmeerne ja monomeerne vin\u00fc\u00fcl, pol\u00fcester ning erinevad paberid. Liimid jagunevad p\u00fcsiliimideks (permanent) ja eemaldatavateks (removable). [&#8230;]<\/p>\n","protected":false},"author":5,"featured_media":0,"parent":0,"menu_order":0,"comment_status":"closed","ping_status":"closed","template":"","meta":{"footnotes":""},"class_list":["post-705","page","type-page","status-publish","hentry"],"yoast_head":"<!-- This site is optimized with the Yoast SEO plugin v27.4 - https:\/\/yoast.com\/product\/yoast-seo-wordpress\/ -->\n<title>KLEEBISTE MATERJALID - tehniline - Kolm L\u00f5vi Tr\u00fckikeskus<\/title>\n<meta name=\"description\" content=\"kleebised KLEEBISTE MATERJALID - tehniline Kolm L\u00f5vi Tr\u00fckikeskus\" \/>\n<meta name=\"robots\" content=\"index, follow, max-snippet:-1, max-image-preview:large, max-video-preview:-1\" \/>\n<link rel=\"canonical\" href=\"https:\/\/kolmlovitrykikeskus.ee\/?page_id=705\" \/>\n<meta property=\"og:locale\" content=\"et_EE\" \/>\n<meta property=\"og:type\" content=\"article\" \/>\n<meta property=\"og:title\" content=\"KLEEBISTE MATERJALID - tehniline - Kolm L\u00f5vi Tr\u00fckikeskus\" \/>\n<meta property=\"og:description\" content=\"kleebised KLEEBISTE MATERJALID - tehniline Kolm L\u00f5vi Tr\u00fckikeskus\" \/>\n<meta property=\"og:url\" content=\"https:\/\/kolmlovitrykikeskus.ee\/?page_id=705\" \/>\n<meta property=\"og:site_name\" content=\"Kolm L\u00f5vi Tr\u00fckikeskus\" \/>\n<meta property=\"article:publisher\" content=\"https:\/\/www.facebook.com\/kolmlovitrykikeskus\" \/>\n<meta property=\"article:modified_time\" content=\"2024-11-18T16:03:43+00:00\" \/>\n<meta property=\"og:image\" content=\"https:\/\/kolmlovitrykikeskus.ee\/wp-content\/uploads\/2024\/01\/kleebiserullid.jpg\" \/>\n<meta name=\"twitter:card\" content=\"summary_large_image\" \/>\n<meta name=\"twitter:label1\" content=\"Est. reading time\" \/>\n\t<meta name=\"twitter:data1\" content=\"3 minutit\" \/>\n<script type=\"application\/ld+json\" class=\"yoast-schema-graph\">{\"@context\":\"https:\\\/\\\/schema.org\",\"@graph\":[{\"@type\":\"WebPage\",\"@id\":\"https:\\\/\\\/kolmlovitrykikeskus.ee\\\/?page_id=705\",\"url\":\"https:\\\/\\\/kolmlovitrykikeskus.ee\\\/?page_id=705\",\"name\":\"KLEEBISTE MATERJALID - tehniline - Kolm L\u00f5vi Tr\u00fckikeskus\",\"isPartOf\":{\"@id\":\"https:\\\/\\\/kolmlovitrykikeskus.ee\\\/#website\"},\"primaryImageOfPage\":{\"@id\":\"https:\\\/\\\/kolmlovitrykikeskus.ee\\\/?page_id=705#primaryimage\"},\"image\":{\"@id\":\"https:\\\/\\\/kolmlovitrykikeskus.ee\\\/?page_id=705#primaryimage\"},\"thumbnailUrl\":\"https:\\\/\\\/kolmlovitrykikeskus.ee\\\/wp-content\\\/uploads\\\/2024\\\/01\\\/kleebiserullid.jpg\",\"datePublished\":\"2024-08-23T10:45:44+00:00\",\"dateModified\":\"2024-11-18T16:03:43+00:00\",\"description\":\"kleebised KLEEBISTE MATERJALID - tehniline Kolm L\u00f5vi Tr\u00fckikeskus\",\"breadcrumb\":{\"@id\":\"https:\\\/\\\/kolmlovitrykikeskus.ee\\\/?page_id=705#breadcrumb\"},\"inLanguage\":\"et\",\"potentialAction\":[{\"@type\":\"ReadAction\",\"target\":[\"https:\\\/\\\/kolmlovitrykikeskus.ee\\\/?page_id=705\"]}]},{\"@type\":\"ImageObject\",\"inLanguage\":\"et\",\"@id\":\"https:\\\/\\\/kolmlovitrykikeskus.ee\\\/?page_id=705#primaryimage\",\"url\":\"https:\\\/\\\/kolmlovitrykikeskus.ee\\\/wp-content\\\/uploads\\\/2024\\\/01\\\/kleebiserullid.jpg\",\"contentUrl\":\"https:\\\/\\\/kolmlovitrykikeskus.ee\\\/wp-content\\\/uploads\\\/2024\\\/01\\\/kleebiserullid.jpg\",\"width\":300,\"height\":186,\"caption\":\"kleebiserullid\"},{\"@type\":\"BreadcrumbList\",\"@id\":\"https:\\\/\\\/kolmlovitrykikeskus.ee\\\/?page_id=705#breadcrumb\",\"itemListElement\":[{\"@type\":\"ListItem\",\"position\":1,\"name\":\"Home\",\"item\":\"https:\\\/\\\/kolmlovitrykikeskus.ee\\\/\"},{\"@type\":\"ListItem\",\"position\":2,\"name\":\"KLEEBISTE MATERJALID &#8211; tehniline\"}]},{\"@type\":\"WebSite\",\"@id\":\"https:\\\/\\\/kolmlovitrykikeskus.ee\\\/#website\",\"url\":\"https:\\\/\\\/kolmlovitrykikeskus.ee\\\/\",\"name\":\"Kolm L\u00f5vi Tr\u00fckikeskus\",\"description\":\"Leiame lahenduse!\",\"publisher\":{\"@id\":\"https:\\\/\\\/kolmlovitrykikeskus.ee\\\/#organization\"},\"potentialAction\":[{\"@type\":\"SearchAction\",\"target\":{\"@type\":\"EntryPoint\",\"urlTemplate\":\"https:\\\/\\\/kolmlovitrykikeskus.ee\\\/?s={search_term_string}\"},\"query-input\":{\"@type\":\"PropertyValueSpecification\",\"valueRequired\":true,\"valueName\":\"search_term_string\"}}],\"inLanguage\":\"et\"},{\"@type\":\"Organization\",\"@id\":\"https:\\\/\\\/kolmlovitrykikeskus.ee\\\/#organization\",\"name\":\"Kolm L\u00f5vi Tr\u00fckikeskus\",\"url\":\"https:\\\/\\\/kolmlovitrykikeskus.ee\\\/\",\"logo\":{\"@type\":\"ImageObject\",\"inLanguage\":\"et\",\"@id\":\"https:\\\/\\\/kolmlovitrykikeskus.ee\\\/#\\\/schema\\\/logo\\\/image\\\/\",\"url\":\"https:\\\/\\\/kolmlovitrykikeskus.ee\\\/wp-content\\\/uploads\\\/2023\\\/12\\\/cropped-kltk-logo.png\",\"contentUrl\":\"https:\\\/\\\/kolmlovitrykikeskus.ee\\\/wp-content\\\/uploads\\\/2023\\\/12\\\/cropped-kltk-logo.png\",\"width\":640,\"height\":170,\"caption\":\"Kolm L\u00f5vi Tr\u00fckikeskus\"},\"image\":{\"@id\":\"https:\\\/\\\/kolmlovitrykikeskus.ee\\\/#\\\/schema\\\/logo\\\/image\\\/\"},\"sameAs\":[\"https:\\\/\\\/www.facebook.com\\\/kolmlovitrykikeskus\"]}]}<\/script>\n<!-- \/ Yoast SEO plugin. -->","yoast_head_json":{"title":"KLEEBISTE MATERJALID - tehniline - Kolm L\u00f5vi Tr\u00fckikeskus","description":"kleebised KLEEBISTE MATERJALID - tehniline Kolm L\u00f5vi Tr\u00fckikeskus","robots":{"index":"index","follow":"follow","max-snippet":"max-snippet:-1","max-image-preview":"max-image-preview:large","max-video-preview":"max-video-preview:-1"},"canonical":"https:\/\/kolmlovitrykikeskus.ee\/?page_id=705","og_locale":"et_EE","og_type":"article","og_title":"KLEEBISTE MATERJALID - tehniline - Kolm L\u00f5vi Tr\u00fckikeskus","og_description":"kleebised KLEEBISTE MATERJALID - tehniline Kolm L\u00f5vi Tr\u00fckikeskus","og_url":"https:\/\/kolmlovitrykikeskus.ee\/?page_id=705","og_site_name":"Kolm L\u00f5vi Tr\u00fckikeskus","article_publisher":"https:\/\/www.facebook.com\/kolmlovitrykikeskus","article_modified_time":"2024-11-18T16:03:43+00:00","og_image":[{"url":"https:\/\/kolmlovitrykikeskus.ee\/wp-content\/uploads\/2024\/01\/kleebiserullid.jpg","type":"","width":"","height":""}],"twitter_card":"summary_large_image","twitter_misc":{"Est. reading time":"3 minutit"},"schema":{"@context":"https:\/\/schema.org","@graph":[{"@type":"WebPage","@id":"https:\/\/kolmlovitrykikeskus.ee\/?page_id=705","url":"https:\/\/kolmlovitrykikeskus.ee\/?page_id=705","name":"KLEEBISTE MATERJALID - tehniline - Kolm L\u00f5vi Tr\u00fckikeskus","isPartOf":{"@id":"https:\/\/kolmlovitrykikeskus.ee\/#website"},"primaryImageOfPage":{"@id":"https:\/\/kolmlovitrykikeskus.ee\/?page_id=705#primaryimage"},"image":{"@id":"https:\/\/kolmlovitrykikeskus.ee\/?page_id=705#primaryimage"},"thumbnailUrl":"https:\/\/kolmlovitrykikeskus.ee\/wp-content\/uploads\/2024\/01\/kleebiserullid.jpg","datePublished":"2024-08-23T10:45:44+00:00","dateModified":"2024-11-18T16:03:43+00:00","description":"kleebised KLEEBISTE MATERJALID - tehniline Kolm L\u00f5vi Tr\u00fckikeskus","breadcrumb":{"@id":"https:\/\/kolmlovitrykikeskus.ee\/?page_id=705#breadcrumb"},"inLanguage":"et","potentialAction":[{"@type":"ReadAction","target":["https:\/\/kolmlovitrykikeskus.ee\/?page_id=705"]}]},{"@type":"ImageObject","inLanguage":"et","@id":"https:\/\/kolmlovitrykikeskus.ee\/?page_id=705#primaryimage","url":"https:\/\/kolmlovitrykikeskus.ee\/wp-content\/uploads\/2024\/01\/kleebiserullid.jpg","contentUrl":"https:\/\/kolmlovitrykikeskus.ee\/wp-content\/uploads\/2024\/01\/kleebiserullid.jpg","width":300,"height":186,"caption":"kleebiserullid"},{"@type":"BreadcrumbList","@id":"https:\/\/kolmlovitrykikeskus.ee\/?page_id=705#breadcrumb","itemListElement":[{"@type":"ListItem","position":1,"name":"Home","item":"https:\/\/kolmlovitrykikeskus.ee\/"},{"@type":"ListItem","position":2,"name":"KLEEBISTE MATERJALID &#8211; tehniline"}]},{"@type":"WebSite","@id":"https:\/\/kolmlovitrykikeskus.ee\/#website","url":"https:\/\/kolmlovitrykikeskus.ee\/","name":"Kolm L\u00f5vi Tr\u00fckikeskus","description":"Leiame lahenduse!","publisher":{"@id":"https:\/\/kolmlovitrykikeskus.ee\/#organization"},"potentialAction":[{"@type":"SearchAction","target":{"@type":"EntryPoint","urlTemplate":"https:\/\/kolmlovitrykikeskus.ee\/?s={search_term_string}"},"query-input":{"@type":"PropertyValueSpecification","valueRequired":true,"valueName":"search_term_string"}}],"inLanguage":"et"},{"@type":"Organization","@id":"https:\/\/kolmlovitrykikeskus.ee\/#organization","name":"Kolm L\u00f5vi Tr\u00fckikeskus","url":"https:\/\/kolmlovitrykikeskus.ee\/","logo":{"@type":"ImageObject","inLanguage":"et","@id":"https:\/\/kolmlovitrykikeskus.ee\/#\/schema\/logo\/image\/","url":"https:\/\/kolmlovitrykikeskus.ee\/wp-content\/uploads\/2023\/12\/cropped-kltk-logo.png","contentUrl":"https:\/\/kolmlovitrykikeskus.ee\/wp-content\/uploads\/2023\/12\/cropped-kltk-logo.png","width":640,"height":170,"caption":"Kolm L\u00f5vi Tr\u00fckikeskus"},"image":{"@id":"https:\/\/kolmlovitrykikeskus.ee\/#\/schema\/logo\/image\/"},"sameAs":["https:\/\/www.facebook.com\/kolmlovitrykikeskus"]}]}},"_links":{"self":[{"href":"https:\/\/kolmlovitrykikeskus.ee\/index.php?rest_route=\/wp\/v2\/pages\/705","targetHints":{"allow":["GET"]}}],"collection":[{"href":"https:\/\/kolmlovitrykikeskus.ee\/index.php?rest_route=\/wp\/v2\/pages"}],"about":[{"href":"https:\/\/kolmlovitrykikeskus.ee\/index.php?rest_route=\/wp\/v2\/types\/page"}],"author":[{"embeddable":true,"href":"https:\/\/kolmlovitrykikeskus.ee\/index.php?rest_route=\/wp\/v2\/users\/5"}],"replies":[{"embeddable":true,"href":"https:\/\/kolmlovitrykikeskus.ee\/index.php?rest_route=%2Fwp%2Fv2%2Fcomments&post=705"}],"version-history":[{"count":14,"href":"https:\/\/kolmlovitrykikeskus.ee\/index.php?rest_route=\/wp\/v2\/pages\/705\/revisions"}],"predecessor-version":[{"id":4004,"href":"https:\/\/kolmlovitrykikeskus.ee\/index.php?rest_route=\/wp\/v2\/pages\/705\/revisions\/4004"}],"wp:attachment":[{"href":"https:\/\/kolmlovitrykikeskus.ee\/index.php?rest_route=%2Fwp%2Fv2%2Fmedia&parent=705"}],"curies":[{"name":"wp","href":"https:\/\/api.w.org\/{rel}","templated":true}]}}