{"id":691,"date":"2024-08-27T15:39:30","date_gmt":"2024-08-27T13:39:30","guid":{"rendered":"https:\/\/kolmlovitrykikeskus.ee\/?page_id=691"},"modified":"2024-11-18T23:27:25","modified_gmt":"2024-11-18T21:27:25","slug":"reklaamtrukised","status":"publish","type":"page","link":"https:\/\/kolmlovitrykikeskus.ee\/?page_id=691","title":{"rendered":"Reklaamtr\u00fckised"},"content":{"rendered":"\r\n<h2>Reklaamtr\u00fckised igaks s\u00fcndmuseks!<\/h2>\r\n<p>Pakume kvaliteetseid tr\u00fckiteenuseid, mis aitavad teie ettev\u00f5ttel paista silma nii klientide kui ka koost\u00f6\u00f6partnerite seas. Meie teenuste valikus on:<\/p>\r\n<ul>\r\n<li><strong>Logo ja kontaktandmetega reklaamtr\u00fckised<\/strong>, mis sobivad ideaalselt info jagamiseks ja kaubam\u00e4rgi tutvustamiseks.<\/li>\r\n<li><strong>Kujundusteenus<\/strong>, et muuta teie ideed professionaalseks ja meeldej\u00e4\u00e4vaks disainiks.<\/li>\r\n<li><strong>Erinevad paberivalikud<\/strong>, et leida just teie vajadustele sobiv lahendus.<\/li>\r\n<li><strong>Lai j\u00e4relt\u00f6\u00f6tluse valik<\/strong>:\r\n<ul>\r\n<li>Voltimine<\/li>\r\n<li>Soonimine<\/li>\r\n<li>Erikujuliseks stantsimine<\/li>\r\n<li>Lakkimine ja muud erilahendused.<\/li>\r\n<\/ul>\r\n<\/li>\r\n<\/ul>\r\n<p>Kasutame kaasaegseid tr\u00fckitehnoloogiaid, sealhulgas digi-, ofset- ja siiditr\u00fckki, et tagada laitmatu kvaliteet igas tootes.<\/p>\r\n<h4>Valmistame:<\/h4>\r\n<p><strong>\r\n\r\n<\/strong><\/p>\r\n<ul style=\"list-style-type: disc;\">\r\n<li><strong>visiitkaardid<\/strong><\/li>\r\n<li><strong>kleebised<\/strong><\/li>\r\n<li><strong>flaiereid<\/strong><\/li>\r\n<li><strong>voldikuid<\/strong><\/li>\r\n<li><strong>kalendrid<\/strong><\/li>\r\n<li><strong>bro\u0161\u00fc\u00fcre<\/strong><\/li>\r\n<li><strong>tootereklaame<\/strong><\/li>\r\n<li><strong>parkimiskellad<\/strong><\/li>\r\n<li><strong>hinnakirju<\/strong><\/li>\r\n<li><strong>kinke- ja kliendikaarte<\/strong><\/li>\r\n<li><strong>registrikaaned (kiirk\u00f6itjad) firmagraafikaga<\/strong><\/li>\r\n<li><strong>diplomeid jne.<\/strong><\/li>\r\n<\/ul>\r\n\r\n\r\n\r\n<p>Tule meie kontorisse n\u00e4idiseid vaatama ja v\u00f5imalustega tutvuma!<br \/>Hinnapakkumise saamiseks saada p\u00e4ring info @ trykikeskus.ee.<\/p>\r\n\r\n\r\n\r\n<figure class=\"wp-block-image size-full is-resized\"><img loading=\"lazy\" decoding=\"async\" width=\"657\" height=\"391\" class=\"wp-image-704\" style=\"width: 375px; height: auto;\" src=\"https:\/\/kolmlovitrykikeskus.ee\/wp-content\/uploads\/2024\/01\/kinkekaardid657px.jpg\" alt=\"Kinkekaart\r\n\" srcset=\"https:\/\/kolmlovitrykikeskus.ee\/wp-content\/uploads\/2024\/01\/kinkekaardid657px.jpg 657w, https:\/\/kolmlovitrykikeskus.ee\/wp-content\/uploads\/2024\/01\/kinkekaardid657px-300x179.jpg 300w\" sizes=\"auto, (max-width: 657px) 100vw, 657px\" \/>\u00a0 \u00a0<img loading=\"lazy\" decoding=\"async\" width=\"560\" height=\"343\" class=\"wp-image-703\" style=\"width: 362px; height: 222px;\" src=\"https:\/\/kolmlovitrykikeskus.ee\/wp-content\/uploads\/2024\/01\/kinkekaardid560px.jpg\" alt=\"Kinkekaardid2\" srcset=\"https:\/\/kolmlovitrykikeskus.ee\/wp-content\/uploads\/2024\/01\/kinkekaardid560px.jpg 560w, https:\/\/kolmlovitrykikeskus.ee\/wp-content\/uploads\/2024\/01\/kinkekaardid560px-300x184.jpg 300w\" sizes=\"auto, (max-width: 560px) 100vw, 560px\" \/><\/figure>\r\n\r\n\r\n\r\n\r\n\r\n<figure class=\"wp-block-image size-full is-resized\"><img loading=\"lazy\" decoding=\"async\" width=\"520\" height=\"376\" class=\"wp-image-702\" style=\"width: 401px; height: 290px;\" src=\"https:\/\/kolmlovitrykikeskus.ee\/wp-content\/uploads\/2024\/01\/registrikaaned-a4-2.jpg\" alt=\"registrikaaned kiirk\u00f6itjad registrid\" srcset=\"https:\/\/kolmlovitrykikeskus.ee\/wp-content\/uploads\/2024\/01\/registrikaaned-a4-2.jpg 520w, https:\/\/kolmlovitrykikeskus.ee\/wp-content\/uploads\/2024\/01\/registrikaaned-a4-2-300x217.jpg 300w\" sizes=\"auto, (max-width: 520px) 100vw, 520px\" \/>\u00a0 \u00a0<img loading=\"lazy\" decoding=\"async\" width=\"657\" height=\"568\" class=\"wp-image-701\" style=\"width: 336px; height: 290px;\" src=\"https:\/\/kolmlovitrykikeskus.ee\/wp-content\/uploads\/2024\/01\/vaiksed_voldikud.jpg\" alt=\"voldikud, reklaamvoldikud\r\n\" srcset=\"https:\/\/kolmlovitrykikeskus.ee\/wp-content\/uploads\/2024\/01\/vaiksed_voldikud.jpg 657w, https:\/\/kolmlovitrykikeskus.ee\/wp-content\/uploads\/2024\/01\/vaiksed_voldikud-300x259.jpg 300w\" sizes=\"auto, (max-width: 657px) 100vw, 657px\" \/><br \/>Erinevaid voltimise skeeme vaata<a href=\"https:\/\/kolmlovitrykikeskus.ee\/wp-content\/uploads\/2024\/08\/voltimiseskeemid.jpg\"> <strong>siit<\/strong>.<\/a><\/figure>\r\n\r\n\r\n\r\n\r\n\r\n\r\n\r\n\r\n\r\n<figure class=\"wp-block-image size-full is-resized\"><img loading=\"lazy\" decoding=\"async\" width=\"509\" height=\"247\" class=\"wp-image-700\" style=\"width: 390px; height: 189px;\" src=\"https:\/\/kolmlovitrykikeskus.ee\/wp-content\/uploads\/2024\/01\/kristalllkb-kryos.jpg\" alt=\"kristallkleebis\" srcset=\"https:\/\/kolmlovitrykikeskus.ee\/wp-content\/uploads\/2024\/01\/kristalllkb-kryos.jpg 509w, https:\/\/kolmlovitrykikeskus.ee\/wp-content\/uploads\/2024\/01\/kristalllkb-kryos-300x146.jpg 300w\" sizes=\"auto, (max-width: 509px) 100vw, 509px\" \/>\u00a0 <img loading=\"lazy\" decoding=\"async\" width=\"519\" height=\"277\" class=\"wp-image-699\" style=\"width: 353px; height: 188px;\" src=\"https:\/\/kolmlovitrykikeskus.ee\/wp-content\/uploads\/2024\/01\/ratsarosetid519.jpg\" alt=\"Rosetid tunnustamiseks\r\n\" srcset=\"https:\/\/kolmlovitrykikeskus.ee\/wp-content\/uploads\/2024\/01\/ratsarosetid519.jpg 519w, https:\/\/kolmlovitrykikeskus.ee\/wp-content\/uploads\/2024\/01\/ratsarosetid519-300x160.jpg 300w\" sizes=\"auto, (max-width: 519px) 100vw, 519px\" \/><br \/>V\u00e4\u00e4rtuslik kristallkleebis (3D) firmalogoga toodetele <span style=\"color: #0000ff;\"><a style=\"color: #0000ff;\" href=\"https:\/\/kolmlovitrykikeskus.ee\/?page_id=439\"><strong>(vaata lisaks)<\/strong><\/a>. <span style=\"color: #000000;\"><a style=\"color: #000000;\" href=\"https:\/\/kolmlovitrykikeskus.ee\/?page_id=439\">R<\/a><span style=\"background-color: #ffffff;\">osettidega m\u00e4rgid auhindadeks \/ tunnistuseks parimatele<a href=\"https:\/\/kolmlovitrykikeskus.ee\/?page_id=2008\"><span style=\"color: #0000ff;\"><strong> (vaata lisaks).<\/strong><\/span><\/a><\/span><\/span><\/span><\/figure>\r\n\r\n\r\n\r\n\r\n\r\n\r\n\r\n\r\n\r\n<figure class=\"wp-block-image size-full is-resized\"><img loading=\"lazy\" decoding=\"async\" width=\"657\" height=\"353\" class=\"wp-image-698\" style=\"width: 347px; height: 186px;\" src=\"https:\/\/kolmlovitrykikeskus.ee\/wp-content\/uploads\/2024\/01\/kilekaaned657.jpg\" alt=\"Kilekaaned\" srcset=\"https:\/\/kolmlovitrykikeskus.ee\/wp-content\/uploads\/2024\/01\/kilekaaned657.jpg 657w, https:\/\/kolmlovitrykikeskus.ee\/wp-content\/uploads\/2024\/01\/kilekaaned657-300x161.jpg 300w\" sizes=\"auto, (max-width: 657px) 100vw, 657px\" \/>\u00a0 <img loading=\"lazy\" decoding=\"async\" width=\"657\" height=\"305\" class=\"wp-image-694\" style=\"width: 399px; height: 185px;\" src=\"https:\/\/kolmlovitrykikeskus.ee\/wp-content\/uploads\/2024\/01\/palli-teine-pool.jpg\" alt=\"tr\u00fckis, metallk\u00f5ide\" srcset=\"https:\/\/kolmlovitrykikeskus.ee\/wp-content\/uploads\/2024\/01\/palli-teine-pool.jpg 657w, https:\/\/kolmlovitrykikeskus.ee\/wp-content\/uploads\/2024\/01\/palli-teine-pool-300x139.jpg 300w\" sizes=\"auto, (max-width: 657px) 100vw, 657px\" \/><br \/>Kilekaantele logode tr\u00fckk 1-2 v\u00e4rviga. Kaanematerjal on matt v\u00f5i l\u00e4ikiv.<\/figure>\r\n\r\n\r\n\r\n\r\n\r\n<figure class=\"wp-block-image size-full is-resized\"><img loading=\"lazy\" decoding=\"async\" width=\"509\" height=\"511\" class=\"wp-image-697\" style=\"width: 419px; height: auto;\" src=\"https:\/\/kolmlovitrykikeskus.ee\/wp-content\/uploads\/2024\/01\/parkimiskellatoorik.jpg\" alt=\"parkimiskella toorik\" srcset=\"https:\/\/kolmlovitrykikeskus.ee\/wp-content\/uploads\/2024\/01\/parkimiskellatoorik.jpg 509w, https:\/\/kolmlovitrykikeskus.ee\/wp-content\/uploads\/2024\/01\/parkimiskellatoorik-300x300.jpg 300w, https:\/\/kolmlovitrykikeskus.ee\/wp-content\/uploads\/2024\/01\/parkimiskellatoorik-150x150.jpg 150w\" sizes=\"auto, (max-width: 509px) 100vw, 509px\" \/><br \/>Tooted mis on vajalikud on heaks kingituseks oma klientidele. Fotol parkimiskella toorik millele saab kanda firmagraafika.<\/figure>\r\n\r\n\r\n\r\n\r\n\r\n<figure class=\"wp-block-image size-full is-resized\"><img loading=\"lazy\" decoding=\"async\" width=\"657\" height=\"493\" class=\"wp-image-696\" style=\"width: 425px; height: auto;\" src=\"https:\/\/kolmlovitrykikeskus.ee\/wp-content\/uploads\/2024\/01\/kalender2015-pais.jpg\" alt=\"kalender, trio kalender\" srcset=\"https:\/\/kolmlovitrykikeskus.ee\/wp-content\/uploads\/2024\/01\/kalender2015-pais.jpg 657w, https:\/\/kolmlovitrykikeskus.ee\/wp-content\/uploads\/2024\/01\/kalender2015-pais-300x225.jpg 300w\" sizes=\"auto, (max-width: 657px) 100vw, 657px\" \/>\u00a0 <img loading=\"lazy\" decoding=\"async\" width=\"520\" height=\"390\" class=\"wp-image-695\" style=\"width: 421px; height: 316px;\" src=\"https:\/\/kolmlovitrykikeskus.ee\/wp-content\/uploads\/2024\/01\/ohutustrykised.jpg\" alt=\"Ohutustr\u00fckised\" srcset=\"https:\/\/kolmlovitrykikeskus.ee\/wp-content\/uploads\/2024\/01\/ohutustrykised.jpg 520w, https:\/\/kolmlovitrykikeskus.ee\/wp-content\/uploads\/2024\/01\/ohutustrykised-300x225.jpg 300w\" sizes=\"auto, (max-width: 520px) 100vw, 520px\" \/><br \/>Kalendrip\u00e4is t\u00e4iendatud fooliumtr\u00fckis graafilise elemendiga. Metallkammk\u00f6ide, k\u00f6itmisteenused, k\u00f6itmine.<\/figure>\r\n<p><span style=\"color: #ffffff;\">voldikud, voldikute tr\u00fckk, voldikute valmistamine, reklaamvoldikud, infolehed, tr\u00fckitud voldikud, kolmeks murtud voldikud, kahepoolne voldik, A4 voldikud, A5 voldikud, digitr\u00fckitud voldikud, kvaliteetne voldikute tr\u00fckk, voldikud reklaamiks, voldikud ettev\u00f5tetele, voldikud kampaaniateks, voldikud messidele, voldikud tutvustamiseks<\/span><br \/><span style=\"color: #ffffff;\">tootevoldikud, voldikute kujundus, kiire voldikute valmistamine, taskukohane voldikute tr\u00fckk, personaliseeritud voldikud<\/span><\/p>\r\n\r\n\r\n\r\n\r\n\r\n\r\n","protected":false},"excerpt":{"rendered":"<p>Reklaamtr\u00fckised igaks s\u00fcndmuseks! Pakume kvaliteetseid tr\u00fckiteenuseid, mis aitavad teie ettev\u00f5ttel paista silma nii klientide kui ka koost\u00f6\u00f6partnerite seas. Meie teenuste valikus on: Logo ja kontaktandmetega [&#8230;]<\/p>\n","protected":false},"author":3,"featured_media":0,"parent":0,"menu_order":0,"comment_status":"closed","ping_status":"closed","template":"","meta":{"footnotes":""},"class_list":["post-691","page","type-page","status-publish","hentry"],"yoast_head":"<!-- This site is optimized with the Yoast SEO plugin v27.4 - https:\/\/yoast.com\/product\/yoast-seo-wordpress\/ -->\n<title>Reklaamtr\u00fckised - Kolm L\u00f5vi Tr\u00fckikeskus<\/title>\n<meta name=\"description\" content=\"Reklaamtr\u00fckised Kolm L\u00f5vi Tr\u00fckikeskus\" \/>\n<meta name=\"robots\" content=\"index, follow, max-snippet:-1, max-image-preview:large, max-video-preview:-1\" \/>\n<link rel=\"canonical\" href=\"https:\/\/kolmlovitrykikeskus.ee\/?page_id=691\" \/>\n<meta property=\"og:locale\" content=\"et_EE\" \/>\n<meta property=\"og:type\" content=\"article\" \/>\n<meta property=\"og:title\" content=\"Reklaamtr\u00fckised - Kolm L\u00f5vi Tr\u00fckikeskus\" \/>\n<meta property=\"og:description\" content=\"Reklaamtr\u00fckised Kolm L\u00f5vi Tr\u00fckikeskus\" \/>\n<meta property=\"og:url\" content=\"https:\/\/kolmlovitrykikeskus.ee\/?page_id=691\" \/>\n<meta property=\"og:site_name\" content=\"Kolm L\u00f5vi Tr\u00fckikeskus\" \/>\n<meta property=\"article:publisher\" content=\"https:\/\/www.facebook.com\/kolmlovitrykikeskus\" \/>\n<meta property=\"article:modified_time\" content=\"2024-11-18T21:27:25+00:00\" \/>\n<meta property=\"og:image\" content=\"https:\/\/kolmlovitrykikeskus.ee\/wp-content\/uploads\/2024\/01\/kinkekaardid657px.jpg\" \/>\n<meta name=\"twitter:card\" content=\"summary_large_image\" \/>\n<meta name=\"twitter:label1\" content=\"Est. reading time\" \/>\n\t<meta name=\"twitter:data1\" content=\"4 minutit\" \/>\n<script type=\"application\/ld+json\" class=\"yoast-schema-graph\">{\"@context\":\"https:\\\/\\\/schema.org\",\"@graph\":[{\"@type\":\"WebPage\",\"@id\":\"https:\\\/\\\/kolmlovitrykikeskus.ee\\\/?page_id=691\",\"url\":\"https:\\\/\\\/kolmlovitrykikeskus.ee\\\/?page_id=691\",\"name\":\"Reklaamtr\u00fckised - Kolm L\u00f5vi Tr\u00fckikeskus\",\"isPartOf\":{\"@id\":\"https:\\\/\\\/kolmlovitrykikeskus.ee\\\/#website\"},\"primaryImageOfPage\":{\"@id\":\"https:\\\/\\\/kolmlovitrykikeskus.ee\\\/?page_id=691#primaryimage\"},\"image\":{\"@id\":\"https:\\\/\\\/kolmlovitrykikeskus.ee\\\/?page_id=691#primaryimage\"},\"thumbnailUrl\":\"https:\\\/\\\/kolmlovitrykikeskus.ee\\\/wp-content\\\/uploads\\\/2024\\\/01\\\/kinkekaardid657px.jpg\",\"datePublished\":\"2024-08-27T13:39:30+00:00\",\"dateModified\":\"2024-11-18T21:27:25+00:00\",\"description\":\"Reklaamtr\u00fckised Kolm L\u00f5vi Tr\u00fckikeskus\",\"breadcrumb\":{\"@id\":\"https:\\\/\\\/kolmlovitrykikeskus.ee\\\/?page_id=691#breadcrumb\"},\"inLanguage\":\"et\",\"potentialAction\":[{\"@type\":\"ReadAction\",\"target\":[\"https:\\\/\\\/kolmlovitrykikeskus.ee\\\/?page_id=691\"]}]},{\"@type\":\"ImageObject\",\"inLanguage\":\"et\",\"@id\":\"https:\\\/\\\/kolmlovitrykikeskus.ee\\\/?page_id=691#primaryimage\",\"url\":\"https:\\\/\\\/kolmlovitrykikeskus.ee\\\/wp-content\\\/uploads\\\/2024\\\/01\\\/kinkekaardid657px.jpg\",\"contentUrl\":\"https:\\\/\\\/kolmlovitrykikeskus.ee\\\/wp-content\\\/uploads\\\/2024\\\/01\\\/kinkekaardid657px.jpg\",\"width\":657,\"height\":391,\"caption\":\"OLYMPUS DIGITAL CAMERA\"},{\"@type\":\"BreadcrumbList\",\"@id\":\"https:\\\/\\\/kolmlovitrykikeskus.ee\\\/?page_id=691#breadcrumb\",\"itemListElement\":[{\"@type\":\"ListItem\",\"position\":1,\"name\":\"Home\",\"item\":\"https:\\\/\\\/kolmlovitrykikeskus.ee\\\/\"},{\"@type\":\"ListItem\",\"position\":2,\"name\":\"Reklaamtr\u00fckised\"}]},{\"@type\":\"WebSite\",\"@id\":\"https:\\\/\\\/kolmlovitrykikeskus.ee\\\/#website\",\"url\":\"https:\\\/\\\/kolmlovitrykikeskus.ee\\\/\",\"name\":\"Kolm L\u00f5vi Tr\u00fckikeskus\",\"description\":\"Leiame lahenduse!\",\"publisher\":{\"@id\":\"https:\\\/\\\/kolmlovitrykikeskus.ee\\\/#organization\"},\"potentialAction\":[{\"@type\":\"SearchAction\",\"target\":{\"@type\":\"EntryPoint\",\"urlTemplate\":\"https:\\\/\\\/kolmlovitrykikeskus.ee\\\/?s={search_term_string}\"},\"query-input\":{\"@type\":\"PropertyValueSpecification\",\"valueRequired\":true,\"valueName\":\"search_term_string\"}}],\"inLanguage\":\"et\"},{\"@type\":\"Organization\",\"@id\":\"https:\\\/\\\/kolmlovitrykikeskus.ee\\\/#organization\",\"name\":\"Kolm L\u00f5vi Tr\u00fckikeskus\",\"url\":\"https:\\\/\\\/kolmlovitrykikeskus.ee\\\/\",\"logo\":{\"@type\":\"ImageObject\",\"inLanguage\":\"et\",\"@id\":\"https:\\\/\\\/kolmlovitrykikeskus.ee\\\/#\\\/schema\\\/logo\\\/image\\\/\",\"url\":\"https:\\\/\\\/kolmlovitrykikeskus.ee\\\/wp-content\\\/uploads\\\/2023\\\/12\\\/cropped-kltk-logo.png\",\"contentUrl\":\"https:\\\/\\\/kolmlovitrykikeskus.ee\\\/wp-content\\\/uploads\\\/2023\\\/12\\\/cropped-kltk-logo.png\",\"width\":640,\"height\":170,\"caption\":\"Kolm L\u00f5vi Tr\u00fckikeskus\"},\"image\":{\"@id\":\"https:\\\/\\\/kolmlovitrykikeskus.ee\\\/#\\\/schema\\\/logo\\\/image\\\/\"},\"sameAs\":[\"https:\\\/\\\/www.facebook.com\\\/kolmlovitrykikeskus\"]}]}<\/script>\n<!-- \/ Yoast SEO plugin. -->","yoast_head_json":{"title":"Reklaamtr\u00fckised - Kolm L\u00f5vi Tr\u00fckikeskus","description":"Reklaamtr\u00fckised Kolm L\u00f5vi Tr\u00fckikeskus","robots":{"index":"index","follow":"follow","max-snippet":"max-snippet:-1","max-image-preview":"max-image-preview:large","max-video-preview":"max-video-preview:-1"},"canonical":"https:\/\/kolmlovitrykikeskus.ee\/?page_id=691","og_locale":"et_EE","og_type":"article","og_title":"Reklaamtr\u00fckised - Kolm L\u00f5vi Tr\u00fckikeskus","og_description":"Reklaamtr\u00fckised Kolm L\u00f5vi Tr\u00fckikeskus","og_url":"https:\/\/kolmlovitrykikeskus.ee\/?page_id=691","og_site_name":"Kolm L\u00f5vi Tr\u00fckikeskus","article_publisher":"https:\/\/www.facebook.com\/kolmlovitrykikeskus","article_modified_time":"2024-11-18T21:27:25+00:00","og_image":[{"url":"https:\/\/kolmlovitrykikeskus.ee\/wp-content\/uploads\/2024\/01\/kinkekaardid657px.jpg","type":"","width":"","height":""}],"twitter_card":"summary_large_image","twitter_misc":{"Est. reading time":"4 minutit"},"schema":{"@context":"https:\/\/schema.org","@graph":[{"@type":"WebPage","@id":"https:\/\/kolmlovitrykikeskus.ee\/?page_id=691","url":"https:\/\/kolmlovitrykikeskus.ee\/?page_id=691","name":"Reklaamtr\u00fckised - Kolm L\u00f5vi Tr\u00fckikeskus","isPartOf":{"@id":"https:\/\/kolmlovitrykikeskus.ee\/#website"},"primaryImageOfPage":{"@id":"https:\/\/kolmlovitrykikeskus.ee\/?page_id=691#primaryimage"},"image":{"@id":"https:\/\/kolmlovitrykikeskus.ee\/?page_id=691#primaryimage"},"thumbnailUrl":"https:\/\/kolmlovitrykikeskus.ee\/wp-content\/uploads\/2024\/01\/kinkekaardid657px.jpg","datePublished":"2024-08-27T13:39:30+00:00","dateModified":"2024-11-18T21:27:25+00:00","description":"Reklaamtr\u00fckised Kolm L\u00f5vi Tr\u00fckikeskus","breadcrumb":{"@id":"https:\/\/kolmlovitrykikeskus.ee\/?page_id=691#breadcrumb"},"inLanguage":"et","potentialAction":[{"@type":"ReadAction","target":["https:\/\/kolmlovitrykikeskus.ee\/?page_id=691"]}]},{"@type":"ImageObject","inLanguage":"et","@id":"https:\/\/kolmlovitrykikeskus.ee\/?page_id=691#primaryimage","url":"https:\/\/kolmlovitrykikeskus.ee\/wp-content\/uploads\/2024\/01\/kinkekaardid657px.jpg","contentUrl":"https:\/\/kolmlovitrykikeskus.ee\/wp-content\/uploads\/2024\/01\/kinkekaardid657px.jpg","width":657,"height":391,"caption":"OLYMPUS DIGITAL CAMERA"},{"@type":"BreadcrumbList","@id":"https:\/\/kolmlovitrykikeskus.ee\/?page_id=691#breadcrumb","itemListElement":[{"@type":"ListItem","position":1,"name":"Home","item":"https:\/\/kolmlovitrykikeskus.ee\/"},{"@type":"ListItem","position":2,"name":"Reklaamtr\u00fckised"}]},{"@type":"WebSite","@id":"https:\/\/kolmlovitrykikeskus.ee\/#website","url":"https:\/\/kolmlovitrykikeskus.ee\/","name":"Kolm L\u00f5vi Tr\u00fckikeskus","description":"Leiame lahenduse!","publisher":{"@id":"https:\/\/kolmlovitrykikeskus.ee\/#organization"},"potentialAction":[{"@type":"SearchAction","target":{"@type":"EntryPoint","urlTemplate":"https:\/\/kolmlovitrykikeskus.ee\/?s={search_term_string}"},"query-input":{"@type":"PropertyValueSpecification","valueRequired":true,"valueName":"search_term_string"}}],"inLanguage":"et"},{"@type":"Organization","@id":"https:\/\/kolmlovitrykikeskus.ee\/#organization","name":"Kolm L\u00f5vi Tr\u00fckikeskus","url":"https:\/\/kolmlovitrykikeskus.ee\/","logo":{"@type":"ImageObject","inLanguage":"et","@id":"https:\/\/kolmlovitrykikeskus.ee\/#\/schema\/logo\/image\/","url":"https:\/\/kolmlovitrykikeskus.ee\/wp-content\/uploads\/2023\/12\/cropped-kltk-logo.png","contentUrl":"https:\/\/kolmlovitrykikeskus.ee\/wp-content\/uploads\/2023\/12\/cropped-kltk-logo.png","width":640,"height":170,"caption":"Kolm L\u00f5vi Tr\u00fckikeskus"},"image":{"@id":"https:\/\/kolmlovitrykikeskus.ee\/#\/schema\/logo\/image\/"},"sameAs":["https:\/\/www.facebook.com\/kolmlovitrykikeskus"]}]}},"_links":{"self":[{"href":"https:\/\/kolmlovitrykikeskus.ee\/index.php?rest_route=\/wp\/v2\/pages\/691","targetHints":{"allow":["GET"]}}],"collection":[{"href":"https:\/\/kolmlovitrykikeskus.ee\/index.php?rest_route=\/wp\/v2\/pages"}],"about":[{"href":"https:\/\/kolmlovitrykikeskus.ee\/index.php?rest_route=\/wp\/v2\/types\/page"}],"author":[{"embeddable":true,"href":"https:\/\/kolmlovitrykikeskus.ee\/index.php?rest_route=\/wp\/v2\/users\/3"}],"replies":[{"embeddable":true,"href":"https:\/\/kolmlovitrykikeskus.ee\/index.php?rest_route=%2Fwp%2Fv2%2Fcomments&post=691"}],"version-history":[{"count":14,"href":"https:\/\/kolmlovitrykikeskus.ee\/index.php?rest_route=\/wp\/v2\/pages\/691\/revisions"}],"predecessor-version":[{"id":4041,"href":"https:\/\/kolmlovitrykikeskus.ee\/index.php?rest_route=\/wp\/v2\/pages\/691\/revisions\/4041"}],"wp:attachment":[{"href":"https:\/\/kolmlovitrykikeskus.ee\/index.php?rest_route=%2Fwp%2Fv2%2Fmedia&parent=691"}],"curies":[{"name":"wp","href":"https:\/\/api.w.org\/{rel}","templated":true}]}}