{"id":680,"date":"2024-08-13T17:34:24","date_gmt":"2024-08-13T15:34:24","guid":{"rendered":"https:\/\/kolmlovitrykikeskus.ee\/?page_id=680"},"modified":"2024-11-23T16:03:15","modified_gmt":"2024-11-23T14:03:15","slug":"paberi-formaadid","status":"publish","type":"page","link":"https:\/\/kolmlovitrykikeskus.ee\/?page_id=680","title":{"rendered":"PABERI FORMAADID"},"content":{"rendered":"\r\n<figure class=\"wp-block-table\">\r\n<table style=\"border-collapse: collapse; width: 26.9727%; height: 289px;\">\r\n<tbody>\r\n<tr style=\"height: 24px;\">\r\n<td style=\"width: 33.3333%; height: 24px; text-align: center;\"><small>m\u00f5\u00f5t<\/small><\/td>\r\n<td style=\"width: 33.3333%; height: 24px; text-align: center;\"><small>mm\/k\u00f5rgus<\/small><\/td>\r\n<td style=\"width: 33.3333%; height: 24px; text-align: center;\"><small>mm\/laius<\/small><\/td>\r\n<\/tr>\r\n<tr style=\"height: 24px;\">\r\n<td style=\"width: 33.3333%; height: 24px; text-align: center;\">A0<\/td>\r\n<td style=\"width: 33.3333%; height: 24px; text-align: center;\">\u00a01189<\/td>\r\n<td style=\"width: 33.3333%; height: 24px; text-align: center;\">\u00a0841<\/td>\r\n<\/tr>\r\n<tr style=\"height: 24px;\">\r\n<td style=\"width: 33.3333%; height: 24px; text-align: center;\">A1<\/td>\r\n<td style=\"width: 33.3333%; height: 24px; text-align: center;\">\u00a0841<\/td>\r\n<td style=\"width: 33.3333%; height: 24px; text-align: center;\">\u00a0594<\/td>\r\n<\/tr>\r\n<tr style=\"height: 24px;\">\r\n<td style=\"width: 33.3333%; height: 24px; text-align: center;\">A2<\/td>\r\n<td style=\"width: 33.3333%; height: 24px; text-align: center;\">594<\/td>\r\n<td style=\"width: 33.3333%; height: 24px; text-align: center;\">420<\/td>\r\n<\/tr>\r\n<tr style=\"height: 24px;\">\r\n<td style=\"width: 33.3333%; height: 24px; text-align: center;\">A3<\/td>\r\n<td style=\"width: 33.3333%; height: 24px; text-align: center;\">420<\/td>\r\n<td style=\"width: 33.3333%; height: 24px; text-align: center;\">297<\/td>\r\n<\/tr>\r\n<tr style=\"height: 24px;\">\r\n<td style=\"width: 33.3333%; height: 24px; text-align: center;\">A4<\/td>\r\n<td style=\"width: 33.3333%; height: 24px; text-align: center;\">297<\/td>\r\n<td style=\"width: 33.3333%; height: 24px; text-align: center;\">210<\/td>\r\n<\/tr>\r\n<tr style=\"height: 24px;\">\r\n<td style=\"width: 33.3333%; height: 24px; text-align: center;\">A5<\/td>\r\n<td style=\"width: 33.3333%; height: 24px; text-align: center;\">210<\/td>\r\n<td style=\"width: 33.3333%; height: 24px; text-align: center;\">148<\/td>\r\n<\/tr>\r\n<tr style=\"height: 24px;\">\r\n<td style=\"width: 33.3333%; height: 24px; text-align: center;\">A6<\/td>\r\n<td style=\"width: 33.3333%; height: 24px; text-align: center;\">\u00a0148<\/td>\r\n<td style=\"width: 33.3333%; height: 24px; text-align: center;\">105<\/td>\r\n<\/tr>\r\n<tr style=\"height: 24px;\">\r\n<td style=\"width: 33.3333%; height: 24px; text-align: center;\">A7<\/td>\r\n<td style=\"width: 33.3333%; height: 24px; text-align: center;\">\u00a0105<\/td>\r\n<td style=\"width: 33.3333%; height: 24px; text-align: center;\">74<\/td>\r\n<\/tr>\r\n<tr style=\"height: 24px;\">\r\n<td style=\"width: 33.3333%; height: 24px; text-align: center;\">A8<\/td>\r\n<td style=\"width: 33.3333%; height: 24px; text-align: center;\">74<\/td>\r\n<td style=\"width: 33.3333%; height: 24px; text-align: center;\">52<\/td>\r\n<\/tr>\r\n<tr style=\"height: 25px;\">\r\n<td style=\"width: 33.3333%; height: 25px; text-align: center;\">A9<\/td>\r\n<td style=\"width: 33.3333%; height: 25px; text-align: center;\">\u00a052<\/td>\r\n<td style=\"width: 33.3333%; height: 25px; text-align: center;\">\u00a037<\/td>\r\n<\/tr>\r\n<tr style=\"height: 24px;\">\r\n<td style=\"width: 33.3333%; height: 24px; text-align: center;\">A10<\/td>\r\n<td style=\"width: 33.3333%; height: 24px; text-align: center;\">\u00a037<\/td>\r\n<td style=\"width: 33.3333%; height: 24px; text-align: center;\">26<\/td>\r\n<\/tr>\r\n<\/tbody>\r\n<\/table>\r\n<\/figure>\r\n\r\n\r\n\r\n<figure class=\"wp-block-image size-large\"><img loading=\"lazy\" decoding=\"async\" width=\"750\" height=\"1024\" class=\"wp-image-687\" src=\"https:\/\/kolmlovitrykikeskus.ee\/wp-content\/uploads\/2024\/01\/image-750x1024.png\" alt=\"\" srcset=\"https:\/\/kolmlovitrykikeskus.ee\/wp-content\/uploads\/2024\/01\/image-750x1024.png 750w, https:\/\/kolmlovitrykikeskus.ee\/wp-content\/uploads\/2024\/01\/image-220x300.png 220w, https:\/\/kolmlovitrykikeskus.ee\/wp-content\/uploads\/2024\/01\/image-768x1049.png 768w, https:\/\/kolmlovitrykikeskus.ee\/wp-content\/uploads\/2024\/01\/image-1125x1536.png 1125w, https:\/\/kolmlovitrykikeskus.ee\/wp-content\/uploads\/2024\/01\/image-1500x2048.png 1500w, https:\/\/kolmlovitrykikeskus.ee\/wp-content\/uploads\/2024\/01\/image-1800x2458.png 1800w\" sizes=\"auto, (max-width: 750px) 100vw, 750px\" \/>KO<\/figure>\r\n\r\n\r\n\r\n<p>Loe rohkem paberiformaatide kohta:\u00a0<a href=\"http:\/\/en.wikipedia.org\/wiki\/Paper_size\" target=\"_blank\" rel=\"noreferrer noopener\">http:\/\/en.wikipedia.org\/wiki\/Paper_size<\/a><\/p>\r\n","protected":false},"excerpt":{"rendered":"<p>m\u00f5\u00f5t mm\/k\u00f5rgus mm\/laius A0 \u00a01189 \u00a0841 A1 \u00a0841 \u00a0594 A2 594 420 A3 420 297 A4 297 210 A5 210 148 A6 \u00a0148 105 A7 [&#8230;]<\/p>\n","protected":false},"author":5,"featured_media":0,"parent":0,"menu_order":0,"comment_status":"closed","ping_status":"closed","template":"","meta":{"footnotes":""},"class_list":["post-680","page","type-page","status-publish","hentry"],"yoast_head":"<!-- This site is optimized with the Yoast SEO plugin v27.4 - https:\/\/yoast.com\/product\/yoast-seo-wordpress\/ -->\n<title>PABERI FORMAADID - Kolm L\u00f5vi Tr\u00fckikeskus<\/title>\n<meta name=\"description\" content=\"PABERI FORMAADID Kolm L\u00f5vi Tr\u00fckikeskus - paberi formaadid paberite suurused A3 A2 A4 A5 printimine tr\u00fckk tr\u00fckikoda\" \/>\n<meta name=\"robots\" content=\"index, follow, max-snippet:-1, max-image-preview:large, max-video-preview:-1\" \/>\n<link rel=\"canonical\" href=\"https:\/\/kolmlovitrykikeskus.ee\/?page_id=680\" \/>\n<meta property=\"og:locale\" content=\"et_EE\" \/>\n<meta property=\"og:type\" content=\"article\" \/>\n<meta property=\"og:title\" content=\"PABERI FORMAADID - Kolm L\u00f5vi Tr\u00fckikeskus\" \/>\n<meta property=\"og:description\" content=\"PABERI FORMAADID Kolm L\u00f5vi Tr\u00fckikeskus - paberi formaadid paberite suurused A3 A2 A4 A5 printimine tr\u00fckk tr\u00fckikoda\" \/>\n<meta property=\"og:url\" content=\"https:\/\/kolmlovitrykikeskus.ee\/?page_id=680\" \/>\n<meta property=\"og:site_name\" content=\"Kolm L\u00f5vi Tr\u00fckikeskus\" \/>\n<meta property=\"article:publisher\" content=\"https:\/\/www.facebook.com\/kolmlovitrykikeskus\" \/>\n<meta property=\"article:modified_time\" content=\"2024-11-23T14:03:15+00:00\" \/>\n<meta property=\"og:image\" content=\"https:\/\/kolmlovitrykikeskus.ee\/wp-content\/uploads\/2024\/01\/image-750x1024.png\" \/>\n<meta name=\"twitter:card\" content=\"summary_large_image\" \/>\n<meta name=\"twitter:label1\" content=\"Est. reading time\" \/>\n\t<meta name=\"twitter:data1\" content=\"1 minut\" \/>\n<script type=\"application\/ld+json\" class=\"yoast-schema-graph\">{\"@context\":\"https:\\\/\\\/schema.org\",\"@graph\":[{\"@type\":\"WebPage\",\"@id\":\"https:\\\/\\\/kolmlovitrykikeskus.ee\\\/?page_id=680\",\"url\":\"https:\\\/\\\/kolmlovitrykikeskus.ee\\\/?page_id=680\",\"name\":\"PABERI FORMAADID - Kolm L\u00f5vi Tr\u00fckikeskus\",\"isPartOf\":{\"@id\":\"https:\\\/\\\/kolmlovitrykikeskus.ee\\\/#website\"},\"primaryImageOfPage\":{\"@id\":\"https:\\\/\\\/kolmlovitrykikeskus.ee\\\/?page_id=680#primaryimage\"},\"image\":{\"@id\":\"https:\\\/\\\/kolmlovitrykikeskus.ee\\\/?page_id=680#primaryimage\"},\"thumbnailUrl\":\"https:\\\/\\\/kolmlovitrykikeskus.ee\\\/wp-content\\\/uploads\\\/2024\\\/01\\\/image-750x1024.png\",\"datePublished\":\"2024-08-13T15:34:24+00:00\",\"dateModified\":\"2024-11-23T14:03:15+00:00\",\"description\":\"PABERI FORMAADID Kolm L\u00f5vi Tr\u00fckikeskus - paberi formaadid paberite suurused A3 A2 A4 A5 printimine tr\u00fckk tr\u00fckikoda\",\"breadcrumb\":{\"@id\":\"https:\\\/\\\/kolmlovitrykikeskus.ee\\\/?page_id=680#breadcrumb\"},\"inLanguage\":\"et\",\"potentialAction\":[{\"@type\":\"ReadAction\",\"target\":[\"https:\\\/\\\/kolmlovitrykikeskus.ee\\\/?page_id=680\"]}]},{\"@type\":\"ImageObject\",\"inLanguage\":\"et\",\"@id\":\"https:\\\/\\\/kolmlovitrykikeskus.ee\\\/?page_id=680#primaryimage\",\"url\":\"https:\\\/\\\/kolmlovitrykikeskus.ee\\\/wp-content\\\/uploads\\\/2024\\\/01\\\/image.png\",\"contentUrl\":\"https:\\\/\\\/kolmlovitrykikeskus.ee\\\/wp-content\\\/uploads\\\/2024\\\/01\\\/image.png\",\"width\":3449,\"height\":4709},{\"@type\":\"BreadcrumbList\",\"@id\":\"https:\\\/\\\/kolmlovitrykikeskus.ee\\\/?page_id=680#breadcrumb\",\"itemListElement\":[{\"@type\":\"ListItem\",\"position\":1,\"name\":\"Home\",\"item\":\"https:\\\/\\\/kolmlovitrykikeskus.ee\\\/\"},{\"@type\":\"ListItem\",\"position\":2,\"name\":\"PABERI FORMAADID\"}]},{\"@type\":\"WebSite\",\"@id\":\"https:\\\/\\\/kolmlovitrykikeskus.ee\\\/#website\",\"url\":\"https:\\\/\\\/kolmlovitrykikeskus.ee\\\/\",\"name\":\"Kolm L\u00f5vi Tr\u00fckikeskus\",\"description\":\"Leiame lahenduse!\",\"publisher\":{\"@id\":\"https:\\\/\\\/kolmlovitrykikeskus.ee\\\/#organization\"},\"potentialAction\":[{\"@type\":\"SearchAction\",\"target\":{\"@type\":\"EntryPoint\",\"urlTemplate\":\"https:\\\/\\\/kolmlovitrykikeskus.ee\\\/?s={search_term_string}\"},\"query-input\":{\"@type\":\"PropertyValueSpecification\",\"valueRequired\":true,\"valueName\":\"search_term_string\"}}],\"inLanguage\":\"et\"},{\"@type\":\"Organization\",\"@id\":\"https:\\\/\\\/kolmlovitrykikeskus.ee\\\/#organization\",\"name\":\"Kolm L\u00f5vi Tr\u00fckikeskus\",\"url\":\"https:\\\/\\\/kolmlovitrykikeskus.ee\\\/\",\"logo\":{\"@type\":\"ImageObject\",\"inLanguage\":\"et\",\"@id\":\"https:\\\/\\\/kolmlovitrykikeskus.ee\\\/#\\\/schema\\\/logo\\\/image\\\/\",\"url\":\"https:\\\/\\\/kolmlovitrykikeskus.ee\\\/wp-content\\\/uploads\\\/2023\\\/12\\\/cropped-kltk-logo.png\",\"contentUrl\":\"https:\\\/\\\/kolmlovitrykikeskus.ee\\\/wp-content\\\/uploads\\\/2023\\\/12\\\/cropped-kltk-logo.png\",\"width\":640,\"height\":170,\"caption\":\"Kolm L\u00f5vi Tr\u00fckikeskus\"},\"image\":{\"@id\":\"https:\\\/\\\/kolmlovitrykikeskus.ee\\\/#\\\/schema\\\/logo\\\/image\\\/\"},\"sameAs\":[\"https:\\\/\\\/www.facebook.com\\\/kolmlovitrykikeskus\"]}]}<\/script>\n<!-- \/ Yoast SEO plugin. -->","yoast_head_json":{"title":"PABERI FORMAADID - Kolm L\u00f5vi Tr\u00fckikeskus","description":"PABERI FORMAADID Kolm L\u00f5vi Tr\u00fckikeskus - paberi formaadid paberite suurused A3 A2 A4 A5 printimine tr\u00fckk tr\u00fckikoda","robots":{"index":"index","follow":"follow","max-snippet":"max-snippet:-1","max-image-preview":"max-image-preview:large","max-video-preview":"max-video-preview:-1"},"canonical":"https:\/\/kolmlovitrykikeskus.ee\/?page_id=680","og_locale":"et_EE","og_type":"article","og_title":"PABERI FORMAADID - Kolm L\u00f5vi Tr\u00fckikeskus","og_description":"PABERI FORMAADID Kolm L\u00f5vi Tr\u00fckikeskus - paberi formaadid paberite suurused A3 A2 A4 A5 printimine tr\u00fckk tr\u00fckikoda","og_url":"https:\/\/kolmlovitrykikeskus.ee\/?page_id=680","og_site_name":"Kolm L\u00f5vi Tr\u00fckikeskus","article_publisher":"https:\/\/www.facebook.com\/kolmlovitrykikeskus","article_modified_time":"2024-11-23T14:03:15+00:00","og_image":[{"url":"https:\/\/kolmlovitrykikeskus.ee\/wp-content\/uploads\/2024\/01\/image-750x1024.png","type":"","width":"","height":""}],"twitter_card":"summary_large_image","twitter_misc":{"Est. reading time":"1 minut"},"schema":{"@context":"https:\/\/schema.org","@graph":[{"@type":"WebPage","@id":"https:\/\/kolmlovitrykikeskus.ee\/?page_id=680","url":"https:\/\/kolmlovitrykikeskus.ee\/?page_id=680","name":"PABERI FORMAADID - Kolm L\u00f5vi Tr\u00fckikeskus","isPartOf":{"@id":"https:\/\/kolmlovitrykikeskus.ee\/#website"},"primaryImageOfPage":{"@id":"https:\/\/kolmlovitrykikeskus.ee\/?page_id=680#primaryimage"},"image":{"@id":"https:\/\/kolmlovitrykikeskus.ee\/?page_id=680#primaryimage"},"thumbnailUrl":"https:\/\/kolmlovitrykikeskus.ee\/wp-content\/uploads\/2024\/01\/image-750x1024.png","datePublished":"2024-08-13T15:34:24+00:00","dateModified":"2024-11-23T14:03:15+00:00","description":"PABERI FORMAADID Kolm L\u00f5vi Tr\u00fckikeskus - paberi formaadid paberite suurused A3 A2 A4 A5 printimine tr\u00fckk tr\u00fckikoda","breadcrumb":{"@id":"https:\/\/kolmlovitrykikeskus.ee\/?page_id=680#breadcrumb"},"inLanguage":"et","potentialAction":[{"@type":"ReadAction","target":["https:\/\/kolmlovitrykikeskus.ee\/?page_id=680"]}]},{"@type":"ImageObject","inLanguage":"et","@id":"https:\/\/kolmlovitrykikeskus.ee\/?page_id=680#primaryimage","url":"https:\/\/kolmlovitrykikeskus.ee\/wp-content\/uploads\/2024\/01\/image.png","contentUrl":"https:\/\/kolmlovitrykikeskus.ee\/wp-content\/uploads\/2024\/01\/image.png","width":3449,"height":4709},{"@type":"BreadcrumbList","@id":"https:\/\/kolmlovitrykikeskus.ee\/?page_id=680#breadcrumb","itemListElement":[{"@type":"ListItem","position":1,"name":"Home","item":"https:\/\/kolmlovitrykikeskus.ee\/"},{"@type":"ListItem","position":2,"name":"PABERI FORMAADID"}]},{"@type":"WebSite","@id":"https:\/\/kolmlovitrykikeskus.ee\/#website","url":"https:\/\/kolmlovitrykikeskus.ee\/","name":"Kolm L\u00f5vi Tr\u00fckikeskus","description":"Leiame lahenduse!","publisher":{"@id":"https:\/\/kolmlovitrykikeskus.ee\/#organization"},"potentialAction":[{"@type":"SearchAction","target":{"@type":"EntryPoint","urlTemplate":"https:\/\/kolmlovitrykikeskus.ee\/?s={search_term_string}"},"query-input":{"@type":"PropertyValueSpecification","valueRequired":true,"valueName":"search_term_string"}}],"inLanguage":"et"},{"@type":"Organization","@id":"https:\/\/kolmlovitrykikeskus.ee\/#organization","name":"Kolm L\u00f5vi Tr\u00fckikeskus","url":"https:\/\/kolmlovitrykikeskus.ee\/","logo":{"@type":"ImageObject","inLanguage":"et","@id":"https:\/\/kolmlovitrykikeskus.ee\/#\/schema\/logo\/image\/","url":"https:\/\/kolmlovitrykikeskus.ee\/wp-content\/uploads\/2023\/12\/cropped-kltk-logo.png","contentUrl":"https:\/\/kolmlovitrykikeskus.ee\/wp-content\/uploads\/2023\/12\/cropped-kltk-logo.png","width":640,"height":170,"caption":"Kolm L\u00f5vi Tr\u00fckikeskus"},"image":{"@id":"https:\/\/kolmlovitrykikeskus.ee\/#\/schema\/logo\/image\/"},"sameAs":["https:\/\/www.facebook.com\/kolmlovitrykikeskus"]}]}},"_links":{"self":[{"href":"https:\/\/kolmlovitrykikeskus.ee\/index.php?rest_route=\/wp\/v2\/pages\/680","targetHints":{"allow":["GET"]}}],"collection":[{"href":"https:\/\/kolmlovitrykikeskus.ee\/index.php?rest_route=\/wp\/v2\/pages"}],"about":[{"href":"https:\/\/kolmlovitrykikeskus.ee\/index.php?rest_route=\/wp\/v2\/types\/page"}],"author":[{"embeddable":true,"href":"https:\/\/kolmlovitrykikeskus.ee\/index.php?rest_route=\/wp\/v2\/users\/5"}],"replies":[{"embeddable":true,"href":"https:\/\/kolmlovitrykikeskus.ee\/index.php?rest_route=%2Fwp%2Fv2%2Fcomments&post=680"}],"version-history":[{"count":15,"href":"https:\/\/kolmlovitrykikeskus.ee\/index.php?rest_route=\/wp\/v2\/pages\/680\/revisions"}],"predecessor-version":[{"id":3425,"href":"https:\/\/kolmlovitrykikeskus.ee\/index.php?rest_route=\/wp\/v2\/pages\/680\/revisions\/3425"}],"wp:attachment":[{"href":"https:\/\/kolmlovitrykikeskus.ee\/index.php?rest_route=%2Fwp%2Fv2%2Fmedia&parent=680"}],"curies":[{"name":"wp","href":"https:\/\/api.w.org\/{rel}","templated":true}]}}