{"id":674,"date":"2024-08-22T15:16:11","date_gmt":"2024-08-22T13:16:11","guid":{"rendered":"https:\/\/kolmlovitrykikeskus.ee\/?page_id=674"},"modified":"2024-12-04T17:44:02","modified_gmt":"2024-12-04T15:44:02","slug":"erinevad-trukised-ja-logodega-esemed-kontorisse-tassidele-trukk-magnetite-trukk-nimesildid-rinnasildid-prillilapid","status":"publish","type":"page","link":"https:\/\/kolmlovitrykikeskus.ee\/?page_id=674","title":{"rendered":"Erinevad tr\u00fckised ja logodega esemed kontorisse. Tassid. Magnetid. Nimesildid. Rinnasildid. Prillilapid."},"content":{"rendered":"\r\n<p><a id=\"liigu-yles-erinevad-trykised\"><\/a>Firma logoga kirja\u00fcmbrikud, blanketid, arved, kaaned ja muud tr\u00fckised aitavad Sul eristuda ning esile tuua oma ettev\u00f5tte erip\u00e4ra. Kui Sul ei ole veel endal kujundust v\u00f5i puudub tr\u00fckivalmis kavand, on meie disainer r\u00f5\u00f5muga n\u00f5us aitama.<\/p>\r\n\r\n\r\n\r\n<p><strong>\u00dcmbrikud<\/strong> &#8211; pakume nii aknaga kui aknata \u00fcmbrikke erinevates m\u00f5\u00f5tudes, \u00fcmbrikuid tr\u00fckime siidi-, ofset- v\u00f5i digitr\u00fckis. Tehnoloogia valik s\u00f5ltub kujundusest ning tiraa\u017eist.<br \/><strong>Blanketid<\/strong> &#8211; pakume lisaks tavalisele valgele kriitpaberile ka eripabereid, blankette tr\u00fckime siidi-, ofset- v\u00f5i digitr\u00fckis. Tehnoloogia valik s\u00f5ltub kujundusest ning tiraa\u017eist.<br \/><strong>Kilekaaned<\/strong> &#8211; tr\u00fckime siiditr\u00fckis, parima tulemuse saab kasutades PVC p\u00f5himikuga kilekaasi.<br \/><strong>Tassidele tr\u00fckk, veepudelitele, fotokividele, metallplaatidele, prillilappidele jm tasapinnalistele v\u00f5i kumeratele esemetele.<\/strong><br \/><strong>Rinnasildid \/ nimesildid<\/strong> <span style=\"color: #0000ff;\"><a style=\"color: #0000ff;\" href=\"https:\/\/kolmlovitrykikeskus.ee\/?page_id=1980\"><strong>(vaata siit)<\/strong><\/a><\/span>, rinnam\u00e4rgid, meenem\u00e4rgid, v\u00f5tmehoidjad <span style=\"color: #0000ff;\"><a style=\"color: #0000ff;\" href=\"https:\/\/kolmlovitrykikeskus.ee\/?page_id=1946\"><strong>(vaata siit)<\/strong><\/a><\/span>\u00a0jms.<br \/><strong>Dokumendikaaned<\/strong> &#8211; kaaned saab stantsida vastavalt kliendi soovile ning vajadustele, kuid pakume ka valmislahendust. Tehnoloogia valik s\u00f5ltub kujundusest ning tiraa\u017eist. Kiirk\u00f6itjad firmagraafikaga A4 ja A5 suurustes.<br \/><strong>Kiirk\u00f6ited<\/strong> metallkamm, plastkamm ja plastspiraalk\u00f6itega. Kaaned firmagraafikaga, men\u00fc\u00fcde kaaned eritellimusel.<br \/><strong>N\u00e4idiste lehvikud<\/strong> kinnitusr\u00f5ngastega<strong><span style=\"color: #0000ff;\"><a style=\"color: #0000ff;\" href=\"https:\/\/kolmlovitrykikeskus.ee\/?page_id=453\"> (vaata SIIT).<\/a><\/span><\/strong><\/p>\r\n\r\n\r\n\r\n\r\n\r\n\r\n\r\n\r\n\r\n<p><img loading=\"lazy\" decoding=\"async\" class=\"alignnone wp-image-686 \" src=\"https:\/\/kolmlovitrykikeskus.ee\/wp-content\/uploads\/2024\/01\/pehmedv6tmehoidjad657-1-300x216.jpg\" alt=\"V\u00f5tmehoidjad\" width=\"383\" height=\"276\" srcset=\"https:\/\/kolmlovitrykikeskus.ee\/wp-content\/uploads\/2024\/01\/pehmedv6tmehoidjad657-1-300x216.jpg 300w, https:\/\/kolmlovitrykikeskus.ee\/wp-content\/uploads\/2024\/01\/pehmedv6tmehoidjad657-1.jpg 657w\" sizes=\"auto, (max-width: 383px) 100vw, 383px\" \/>\u00a0 \u00a0<img loading=\"lazy\" decoding=\"async\" class=\"alignnone wp-image-685 \" style=\"width: 491px; height: 276px;\" src=\"https:\/\/kolmlovitrykikeskus.ee\/wp-content\/uploads\/2024\/01\/paber-sert-300x168.jpg\" alt=\"paberi sertifikaat\" width=\"300\" height=\"168\" srcset=\"https:\/\/kolmlovitrykikeskus.ee\/wp-content\/uploads\/2024\/01\/paber-sert-300x168.jpg 300w, https:\/\/kolmlovitrykikeskus.ee\/wp-content\/uploads\/2024\/01\/paber-sert.jpg 560w\" sizes=\"auto, (max-width: 300px) 100vw, 300px\" \/><\/p>\r\n<p>Pehmed v\u00f5tmehoidjad. Vaata ka teisi kristallkleebiseid<a href=\"https:\/\/kolmlovitrykikeskus.ee\/?page_id=1946\"><strong> <span style=\"color: #0000ff;\">(vaata siit).<\/span><\/strong><\/a> Paberi valikus leidub taaskasutuskiust pabereid ning \u00f6koloogiliste sertifikaatidega pabereid.<\/p>\r\n\r\n\r\n\r\n\r\n\r\n\r\n\r\n<p><img loading=\"lazy\" decoding=\"async\" class=\"alignnone wp-image-676 \" src=\"https:\/\/kolmlovitrykikeskus.ee\/wp-content\/uploads\/2024\/01\/kiirkoited-1-300x194.jpg\" alt=\"K\u00f6itmis variandid\" width=\"428\" height=\"277\" srcset=\"https:\/\/kolmlovitrykikeskus.ee\/wp-content\/uploads\/2024\/01\/kiirkoited-1-300x194.jpg 300w, https:\/\/kolmlovitrykikeskus.ee\/wp-content\/uploads\/2024\/01\/kiirkoited-1.jpg 657w\" sizes=\"auto, (max-width: 428px) 100vw, 428px\" \/>\u00a0 <img loading=\"lazy\" decoding=\"async\" class=\"alignnone wp-image-684 \" style=\"width: 447px; height: 278px;\" src=\"https:\/\/kolmlovitrykikeskus.ee\/wp-content\/uploads\/2024\/01\/tassideletrykk520px-300x187.jpg\" alt=\"Tassidele tr\u00fckk\" width=\"300\" height=\"187\" srcset=\"https:\/\/kolmlovitrykikeskus.ee\/wp-content\/uploads\/2024\/01\/tassideletrykk520px-300x187.jpg 300w, https:\/\/kolmlovitrykikeskus.ee\/wp-content\/uploads\/2024\/01\/tassideletrykk520px.jpg 520w\" sizes=\"auto, (max-width: 300px) 100vw, 300px\" \/><br \/>Kiirk\u00f6itmisviiside erinevad t\u00fc\u00fcbid. Vasakul esimene plastkamm, metallkamm ja plastspiraalk\u00f6ide <strong><span style=\"color: #0000ff;\"><a style=\"color: #0000ff;\" href=\"https:\/\/kolmlovitrykikeskus.ee\/?page_id=453\">(vaata SIIT).\u00a0<\/a> <br \/><\/span><\/strong>Kaunid tassid logo ja fotoga. Oma logo\/pildiga tassi hinnakirja <a href=\"https:\/\/kolmlovitrykikeskus.ee\/?page_id=901\"><strong><span style=\"color: #0000ff;\">vaata SIIT.<\/span><\/strong><\/a><\/p>\r\n\r\n\r\n\r\n\r\n\r\n\r\n\r\n\r\n\r\n<p class=\"wp-block-image size-full is-resized\"><img loading=\"lazy\" decoding=\"async\" class=\"alignnone wp-image-683 \" style=\"width: 440px; height: 274px;\" src=\"https:\/\/kolmlovitrykikeskus.ee\/wp-content\/uploads\/2024\/01\/lattetassid-kolmlovi-300x187.jpg\" alt=\"lattetassid\" width=\"300\" height=\"187\" srcset=\"https:\/\/kolmlovitrykikeskus.ee\/wp-content\/uploads\/2024\/01\/lattetassid-kolmlovi-300x187.jpg 300w, https:\/\/kolmlovitrykikeskus.ee\/wp-content\/uploads\/2024\/01\/lattetassid-kolmlovi.jpg 520w\" sizes=\"auto, (max-width: 300px) 100vw, 300px\" \/>\u00a0 <img loading=\"lazy\" decoding=\"async\" class=\"alignnone wp-image-682 \" style=\"width: 439px; height: 273px;\" src=\"https:\/\/kolmlovitrykikeskus.ee\/wp-content\/uploads\/2024\/01\/firmagraafikagamagnetid-300x187.jpg\" alt=\"Firmagraafikaga magnetid, kingituseks, reklaamiks 54x86mm.\" width=\"300\" height=\"187\" srcset=\"https:\/\/kolmlovitrykikeskus.ee\/wp-content\/uploads\/2024\/01\/firmagraafikagamagnetid-300x187.jpg 300w, https:\/\/kolmlovitrykikeskus.ee\/wp-content\/uploads\/2024\/01\/firmagraafikagamagnetid.jpg 520w\" sizes=\"auto, (max-width: 300px) 100vw, 300px\" \/><br \/>Latte tasside n\u00e4idiskujud &#8211; suur (430ml) ja v\u00e4ike 290mm.<br \/>Firmagraafikaga magnetid, kingituseks, reklaamiks suurusega 54x86mm.<\/p>\r\n<p>\r\n\r\n\r\n\r\n\r\n\r\n<\/p>\r\n<p>\r\n\r\n<\/p>\r\n<p class=\"wp-block-image size-full is-resized\"><img loading=\"lazy\" decoding=\"async\" width=\"520\" height=\"324\" class=\"wp-image-681\" style=\"width: 441px; height: 275px;\" src=\"https:\/\/kolmlovitrykikeskus.ee\/wp-content\/uploads\/2024\/01\/prillilapid520px.jpg\" alt=\"Prillilapid firmagraafikaga\r\n\" srcset=\"https:\/\/kolmlovitrykikeskus.ee\/wp-content\/uploads\/2024\/01\/prillilapid520px.jpg 520w, https:\/\/kolmlovitrykikeskus.ee\/wp-content\/uploads\/2024\/01\/prillilapid520px-300x187.jpg 300w\" sizes=\"auto, (max-width: 520px) 100vw, 520px\" \/><br \/>Prillilapid firmagraafikaga, sobivad ka optika puhastamiseks. Graafika on tr\u00fckitav \u00fchele poolele. V\u00f5imalik pakendada l\u00e4bipaistvatesse korduvkasutusega taskutesse <a href=\"https:\/\/kolmlovitrykikeskus.ee\/?page_id=2688\"><span style=\"color: #0000ff;\">(vaata siit)<\/span><\/a>.<\/p>\r\n<p><span style=\"color: #0000ff;\"><a style=\"color: #0000ff;\" href=\"#liigu-yles-erinevad-trykised\">Liigu \u00fcles<\/a><\/span><\/p>\r\n","protected":false},"excerpt":{"rendered":"<p>Firma logoga kirja\u00fcmbrikud, blanketid, arved, kaaned ja muud tr\u00fckised aitavad Sul eristuda ning esile tuua oma ettev\u00f5tte erip\u00e4ra. Kui Sul ei ole veel endal kujundust [&#8230;]<\/p>\n","protected":false},"author":3,"featured_media":0,"parent":0,"menu_order":0,"comment_status":"closed","ping_status":"closed","template":"","meta":{"footnotes":""},"class_list":["post-674","page","type-page","status-publish","hentry"],"yoast_head":"<!-- This site is optimized with the Yoast SEO plugin v27.5 - https:\/\/yoast.com\/product\/yoast-seo-wordpress\/ -->\n<title>Erinevad tr\u00fckised ja logodega esemed kontorisse. Tassid. Magnetid. Nimesildid. Rinnasildid. Prillilapid. - Kolm L\u00f5vi Tr\u00fckikeskus<\/title>\n<meta name=\"description\" content=\"Erinevad tr\u00fckised ja logodega esemed kontorisse. Tassid. Magnetid. Nimesildid. Rinnasildid. Prillilapid. Kolm L\u00f5vi Tr\u00fckikeskus\" \/>\n<meta name=\"robots\" content=\"index, follow, max-snippet:-1, max-image-preview:large, max-video-preview:-1\" \/>\n<link rel=\"canonical\" href=\"https:\/\/kolmlovitrykikeskus.ee\/?page_id=674\" \/>\n<meta property=\"og:locale\" content=\"et_EE\" \/>\n<meta property=\"og:type\" content=\"article\" \/>\n<meta property=\"og:title\" content=\"Erinevad tr\u00fckised ja logodega esemed kontorisse. Tassid. Magnetid. Nimesildid. Rinnasildid. Prillilapid. - Kolm L\u00f5vi Tr\u00fckikeskus\" \/>\n<meta property=\"og:description\" content=\"Erinevad tr\u00fckised ja logodega esemed kontorisse. Tassid. Magnetid. Nimesildid. Rinnasildid. Prillilapid. Kolm L\u00f5vi Tr\u00fckikeskus\" \/>\n<meta property=\"og:url\" content=\"https:\/\/kolmlovitrykikeskus.ee\/?page_id=674\" \/>\n<meta property=\"og:site_name\" content=\"Kolm L\u00f5vi Tr\u00fckikeskus\" \/>\n<meta property=\"article:publisher\" content=\"https:\/\/www.facebook.com\/kolmlovitrykikeskus\" \/>\n<meta property=\"article:modified_time\" content=\"2024-12-04T15:44:02+00:00\" \/>\n<meta property=\"og:image\" content=\"https:\/\/kolmlovitrykikeskus.ee\/wp-content\/uploads\/2024\/01\/pehmedv6tmehoidjad657-1.jpg\" \/>\n\t<meta property=\"og:image:width\" content=\"657\" \/>\n\t<meta property=\"og:image:height\" content=\"472\" \/>\n\t<meta property=\"og:image:type\" content=\"image\/jpeg\" \/>\n<meta name=\"twitter:card\" content=\"summary_large_image\" \/>\n<meta name=\"twitter:label1\" content=\"Est. reading time\" \/>\n\t<meta name=\"twitter:data1\" content=\"3 minutit\" \/>\n<script type=\"application\/ld+json\" class=\"yoast-schema-graph\">{\"@context\":\"https:\\\/\\\/schema.org\",\"@graph\":[{\"@type\":\"WebPage\",\"@id\":\"https:\\\/\\\/kolmlovitrykikeskus.ee\\\/?page_id=674\",\"url\":\"https:\\\/\\\/kolmlovitrykikeskus.ee\\\/?page_id=674\",\"name\":\"Erinevad tr\u00fckised ja logodega esemed kontorisse. Tassid. Magnetid. Nimesildid. Rinnasildid. Prillilapid. - Kolm L\u00f5vi Tr\u00fckikeskus\",\"isPartOf\":{\"@id\":\"https:\\\/\\\/kolmlovitrykikeskus.ee\\\/#website\"},\"primaryImageOfPage\":{\"@id\":\"https:\\\/\\\/kolmlovitrykikeskus.ee\\\/?page_id=674#primaryimage\"},\"image\":{\"@id\":\"https:\\\/\\\/kolmlovitrykikeskus.ee\\\/?page_id=674#primaryimage\"},\"thumbnailUrl\":\"https:\\\/\\\/kolmlovitrykikeskus.ee\\\/wp-content\\\/uploads\\\/2024\\\/01\\\/pehmedv6tmehoidjad657-1-300x216.jpg\",\"datePublished\":\"2024-08-22T13:16:11+00:00\",\"dateModified\":\"2024-12-04T15:44:02+00:00\",\"description\":\"Erinevad tr\u00fckised ja logodega esemed kontorisse. Tassid. Magnetid. Nimesildid. Rinnasildid. Prillilapid. Kolm L\u00f5vi Tr\u00fckikeskus\",\"breadcrumb\":{\"@id\":\"https:\\\/\\\/kolmlovitrykikeskus.ee\\\/?page_id=674#breadcrumb\"},\"inLanguage\":\"et\",\"potentialAction\":[{\"@type\":\"ReadAction\",\"target\":[\"https:\\\/\\\/kolmlovitrykikeskus.ee\\\/?page_id=674\"]}]},{\"@type\":\"ImageObject\",\"inLanguage\":\"et\",\"@id\":\"https:\\\/\\\/kolmlovitrykikeskus.ee\\\/?page_id=674#primaryimage\",\"url\":\"https:\\\/\\\/kolmlovitrykikeskus.ee\\\/wp-content\\\/uploads\\\/2024\\\/01\\\/pehmedv6tmehoidjad657-1.jpg\",\"contentUrl\":\"https:\\\/\\\/kolmlovitrykikeskus.ee\\\/wp-content\\\/uploads\\\/2024\\\/01\\\/pehmedv6tmehoidjad657-1.jpg\",\"width\":657,\"height\":472,\"caption\":\"OLYMPUS DIGITAL CAMERA\"},{\"@type\":\"BreadcrumbList\",\"@id\":\"https:\\\/\\\/kolmlovitrykikeskus.ee\\\/?page_id=674#breadcrumb\",\"itemListElement\":[{\"@type\":\"ListItem\",\"position\":1,\"name\":\"Home\",\"item\":\"https:\\\/\\\/kolmlovitrykikeskus.ee\\\/\"},{\"@type\":\"ListItem\",\"position\":2,\"name\":\"Erinevad tr\u00fckised ja logodega esemed kontorisse. Tassid. Magnetid. Nimesildid. Rinnasildid. Prillilapid.\"}]},{\"@type\":\"WebSite\",\"@id\":\"https:\\\/\\\/kolmlovitrykikeskus.ee\\\/#website\",\"url\":\"https:\\\/\\\/kolmlovitrykikeskus.ee\\\/\",\"name\":\"Kolm L\u00f5vi Tr\u00fckikeskus\",\"description\":\"Leiame lahenduse!\",\"publisher\":{\"@id\":\"https:\\\/\\\/kolmlovitrykikeskus.ee\\\/#organization\"},\"potentialAction\":[{\"@type\":\"SearchAction\",\"target\":{\"@type\":\"EntryPoint\",\"urlTemplate\":\"https:\\\/\\\/kolmlovitrykikeskus.ee\\\/?s={search_term_string}\"},\"query-input\":{\"@type\":\"PropertyValueSpecification\",\"valueRequired\":true,\"valueName\":\"search_term_string\"}}],\"inLanguage\":\"et\"},{\"@type\":\"Organization\",\"@id\":\"https:\\\/\\\/kolmlovitrykikeskus.ee\\\/#organization\",\"name\":\"Kolm L\u00f5vi Tr\u00fckikeskus\",\"url\":\"https:\\\/\\\/kolmlovitrykikeskus.ee\\\/\",\"logo\":{\"@type\":\"ImageObject\",\"inLanguage\":\"et\",\"@id\":\"https:\\\/\\\/kolmlovitrykikeskus.ee\\\/#\\\/schema\\\/logo\\\/image\\\/\",\"url\":\"https:\\\/\\\/kolmlovitrykikeskus.ee\\\/wp-content\\\/uploads\\\/2023\\\/12\\\/cropped-kltk-logo.png\",\"contentUrl\":\"https:\\\/\\\/kolmlovitrykikeskus.ee\\\/wp-content\\\/uploads\\\/2023\\\/12\\\/cropped-kltk-logo.png\",\"width\":640,\"height\":170,\"caption\":\"Kolm L\u00f5vi Tr\u00fckikeskus\"},\"image\":{\"@id\":\"https:\\\/\\\/kolmlovitrykikeskus.ee\\\/#\\\/schema\\\/logo\\\/image\\\/\"},\"sameAs\":[\"https:\\\/\\\/www.facebook.com\\\/kolmlovitrykikeskus\"]}]}<\/script>\n<!-- \/ Yoast SEO plugin. -->","yoast_head_json":{"title":"Erinevad tr\u00fckised ja logodega esemed kontorisse. Tassid. Magnetid. Nimesildid. Rinnasildid. Prillilapid. - Kolm L\u00f5vi Tr\u00fckikeskus","description":"Erinevad tr\u00fckised ja logodega esemed kontorisse. Tassid. Magnetid. Nimesildid. Rinnasildid. Prillilapid. Kolm L\u00f5vi Tr\u00fckikeskus","robots":{"index":"index","follow":"follow","max-snippet":"max-snippet:-1","max-image-preview":"max-image-preview:large","max-video-preview":"max-video-preview:-1"},"canonical":"https:\/\/kolmlovitrykikeskus.ee\/?page_id=674","og_locale":"et_EE","og_type":"article","og_title":"Erinevad tr\u00fckised ja logodega esemed kontorisse. Tassid. Magnetid. Nimesildid. Rinnasildid. Prillilapid. - Kolm L\u00f5vi Tr\u00fckikeskus","og_description":"Erinevad tr\u00fckised ja logodega esemed kontorisse. Tassid. Magnetid. Nimesildid. Rinnasildid. Prillilapid. Kolm L\u00f5vi Tr\u00fckikeskus","og_url":"https:\/\/kolmlovitrykikeskus.ee\/?page_id=674","og_site_name":"Kolm L\u00f5vi Tr\u00fckikeskus","article_publisher":"https:\/\/www.facebook.com\/kolmlovitrykikeskus","article_modified_time":"2024-12-04T15:44:02+00:00","og_image":[{"width":657,"height":472,"url":"https:\/\/kolmlovitrykikeskus.ee\/wp-content\/uploads\/2024\/01\/pehmedv6tmehoidjad657-1.jpg","type":"image\/jpeg"}],"twitter_card":"summary_large_image","twitter_misc":{"Est. reading time":"3 minutit"},"schema":{"@context":"https:\/\/schema.org","@graph":[{"@type":"WebPage","@id":"https:\/\/kolmlovitrykikeskus.ee\/?page_id=674","url":"https:\/\/kolmlovitrykikeskus.ee\/?page_id=674","name":"Erinevad tr\u00fckised ja logodega esemed kontorisse. Tassid. Magnetid. Nimesildid. Rinnasildid. Prillilapid. - Kolm L\u00f5vi Tr\u00fckikeskus","isPartOf":{"@id":"https:\/\/kolmlovitrykikeskus.ee\/#website"},"primaryImageOfPage":{"@id":"https:\/\/kolmlovitrykikeskus.ee\/?page_id=674#primaryimage"},"image":{"@id":"https:\/\/kolmlovitrykikeskus.ee\/?page_id=674#primaryimage"},"thumbnailUrl":"https:\/\/kolmlovitrykikeskus.ee\/wp-content\/uploads\/2024\/01\/pehmedv6tmehoidjad657-1-300x216.jpg","datePublished":"2024-08-22T13:16:11+00:00","dateModified":"2024-12-04T15:44:02+00:00","description":"Erinevad tr\u00fckised ja logodega esemed kontorisse. Tassid. Magnetid. Nimesildid. Rinnasildid. Prillilapid. Kolm L\u00f5vi Tr\u00fckikeskus","breadcrumb":{"@id":"https:\/\/kolmlovitrykikeskus.ee\/?page_id=674#breadcrumb"},"inLanguage":"et","potentialAction":[{"@type":"ReadAction","target":["https:\/\/kolmlovitrykikeskus.ee\/?page_id=674"]}]},{"@type":"ImageObject","inLanguage":"et","@id":"https:\/\/kolmlovitrykikeskus.ee\/?page_id=674#primaryimage","url":"https:\/\/kolmlovitrykikeskus.ee\/wp-content\/uploads\/2024\/01\/pehmedv6tmehoidjad657-1.jpg","contentUrl":"https:\/\/kolmlovitrykikeskus.ee\/wp-content\/uploads\/2024\/01\/pehmedv6tmehoidjad657-1.jpg","width":657,"height":472,"caption":"OLYMPUS DIGITAL CAMERA"},{"@type":"BreadcrumbList","@id":"https:\/\/kolmlovitrykikeskus.ee\/?page_id=674#breadcrumb","itemListElement":[{"@type":"ListItem","position":1,"name":"Home","item":"https:\/\/kolmlovitrykikeskus.ee\/"},{"@type":"ListItem","position":2,"name":"Erinevad tr\u00fckised ja logodega esemed kontorisse. Tassid. Magnetid. Nimesildid. Rinnasildid. Prillilapid."}]},{"@type":"WebSite","@id":"https:\/\/kolmlovitrykikeskus.ee\/#website","url":"https:\/\/kolmlovitrykikeskus.ee\/","name":"Kolm L\u00f5vi Tr\u00fckikeskus","description":"Leiame lahenduse!","publisher":{"@id":"https:\/\/kolmlovitrykikeskus.ee\/#organization"},"potentialAction":[{"@type":"SearchAction","target":{"@type":"EntryPoint","urlTemplate":"https:\/\/kolmlovitrykikeskus.ee\/?s={search_term_string}"},"query-input":{"@type":"PropertyValueSpecification","valueRequired":true,"valueName":"search_term_string"}}],"inLanguage":"et"},{"@type":"Organization","@id":"https:\/\/kolmlovitrykikeskus.ee\/#organization","name":"Kolm L\u00f5vi Tr\u00fckikeskus","url":"https:\/\/kolmlovitrykikeskus.ee\/","logo":{"@type":"ImageObject","inLanguage":"et","@id":"https:\/\/kolmlovitrykikeskus.ee\/#\/schema\/logo\/image\/","url":"https:\/\/kolmlovitrykikeskus.ee\/wp-content\/uploads\/2023\/12\/cropped-kltk-logo.png","contentUrl":"https:\/\/kolmlovitrykikeskus.ee\/wp-content\/uploads\/2023\/12\/cropped-kltk-logo.png","width":640,"height":170,"caption":"Kolm L\u00f5vi Tr\u00fckikeskus"},"image":{"@id":"https:\/\/kolmlovitrykikeskus.ee\/#\/schema\/logo\/image\/"},"sameAs":["https:\/\/www.facebook.com\/kolmlovitrykikeskus"]}]}},"_links":{"self":[{"href":"https:\/\/kolmlovitrykikeskus.ee\/index.php?rest_route=\/wp\/v2\/pages\/674","targetHints":{"allow":["GET"]}}],"collection":[{"href":"https:\/\/kolmlovitrykikeskus.ee\/index.php?rest_route=\/wp\/v2\/pages"}],"about":[{"href":"https:\/\/kolmlovitrykikeskus.ee\/index.php?rest_route=\/wp\/v2\/types\/page"}],"author":[{"embeddable":true,"href":"https:\/\/kolmlovitrykikeskus.ee\/index.php?rest_route=\/wp\/v2\/users\/3"}],"replies":[{"embeddable":true,"href":"https:\/\/kolmlovitrykikeskus.ee\/index.php?rest_route=%2Fwp%2Fv2%2Fcomments&post=674"}],"version-history":[{"count":34,"href":"https:\/\/kolmlovitrykikeskus.ee\/index.php?rest_route=\/wp\/v2\/pages\/674\/revisions"}],"predecessor-version":[{"id":4177,"href":"https:\/\/kolmlovitrykikeskus.ee\/index.php?rest_route=\/wp\/v2\/pages\/674\/revisions\/4177"}],"wp:attachment":[{"href":"https:\/\/kolmlovitrykikeskus.ee\/index.php?rest_route=%2Fwp%2Fv2%2Fmedia&parent=674"}],"curies":[{"name":"wp","href":"https:\/\/api.w.org\/{rel}","templated":true}]}}