{"id":665,"date":"2024-08-23T14:17:47","date_gmt":"2024-08-23T12:17:47","guid":{"rendered":"https:\/\/kolmlovitrykikeskus.ee\/?page_id=665"},"modified":"2024-11-28T09:50:50","modified_gmt":"2024-11-28T07:50:50","slug":"visiitkaartide-hoidjad-taskud-karbid-jalad-esitlusalused","status":"publish","type":"page","link":"https:\/\/kolmlovitrykikeskus.ee\/?page_id=665","title":{"rendered":"Visiitkaartide tarvikud"},"content":{"rendered":"\r\n<h1>Visiitkaartide hoidjad, taskud, karbid, jalad, esitlusalused<\/h1>\r\n<p>\u00a0 <img loading=\"lazy\" decoding=\"async\" class=\"alignnone wp-image-4132\" src=\"https:\/\/kolmlovitrykikeskus.ee\/wp-content\/uploads\/2024\/11\/spoonigaviimistletudvisalus1.jpg\" alt=\"\" width=\"460\" height=\"358\" srcset=\"https:\/\/kolmlovitrykikeskus.ee\/wp-content\/uploads\/2024\/11\/spoonigaviimistletudvisalus1.jpg 393w, https:\/\/kolmlovitrykikeskus.ee\/wp-content\/uploads\/2024\/11\/spoonigaviimistletudvisalus1-300x234.jpg 300w\" sizes=\"auto, (max-width: 460px) 100vw, 460px\" \/>\u00a0 \u00a0 <img loading=\"lazy\" decoding=\"async\" class=\"alignnone wp-image-4133\" src=\"https:\/\/kolmlovitrykikeskus.ee\/wp-content\/uploads\/2024\/11\/spoonigaviimistletudvisalus2.jpg\" alt=\"\" width=\"407\" height=\"357\" \/><br \/>Puiduspooniga viimistletud visiitkaartide hoidmisalused.<\/p>\r\n\r\n\r\n\r\n<p class=\"wp-block-image size-full\"><img loading=\"lazy\" decoding=\"async\" class=\"alignnone wp-image-667\" src=\"https:\/\/kolmlovitrykikeskus.ee\/wp-content\/uploads\/2024\/01\/visiitkaardihoidjad100-657px-1.png\" alt=\"visiitkaartide hoidmisalus, hoidja visiitkaartide hoidmisalus, hoidja\" width=\"1010\" height=\"358\" srcset=\"https:\/\/kolmlovitrykikeskus.ee\/wp-content\/uploads\/2024\/01\/visiitkaardihoidjad100-657px-1.png 657w, https:\/\/kolmlovitrykikeskus.ee\/wp-content\/uploads\/2024\/01\/visiitkaardihoidjad100-657px-1-300x106.png 300w\" sizes=\"auto, (max-width: 1010px) 100vw, 1010px\" \/><br \/>Harjatud alumiiniumpinnaga hoidmisalused.<\/p>\r\n\r\n\r\n\r\n\r\n\r\n<p class=\"wp-block-image size-full\"><img loading=\"lazy\" decoding=\"async\" class=\"alignnone wp-image-666\" src=\"https:\/\/kolmlovitrykikeskus.ee\/wp-content\/uploads\/2024\/01\/kahepoolneviskaartidealus.jpg\" alt=\"kahepoolne visiitkaartide hoidmis alus, hoidja\" width=\"500\" height=\"378\" srcset=\"https:\/\/kolmlovitrykikeskus.ee\/wp-content\/uploads\/2024\/01\/kahepoolneviskaartidealus.jpg 327w, https:\/\/kolmlovitrykikeskus.ee\/wp-content\/uploads\/2024\/01\/kahepoolneviskaartidealus-300x227.jpg 300w\" sizes=\"auto, (max-width: 500px) 100vw, 500px\" \/><br \/>Kahepoolne visiitkaartide hoidmisalus.<\/p>\r\n\r\n\r\n\r\n<p>See pole kogu valik, k\u00fcsi ka teiste suuruste ja variantide kohta info (at) trykikeskus.ee.<\/p>\r\n","protected":false},"excerpt":{"rendered":"<p>Visiitkaartide hoidjad, taskud, karbid, jalad, esitlusalused \u00a0 \u00a0 \u00a0 Puiduspooniga viimistletud visiitkaartide hoidmisalused. See pole kogu valik, k\u00fcsi ka teiste suuruste ja variantide kohta info [&#8230;]<\/p>\n","protected":false},"author":3,"featured_media":0,"parent":0,"menu_order":0,"comment_status":"closed","ping_status":"closed","template":"","meta":{"footnotes":""},"class_list":["post-665","page","type-page","status-publish","hentry"],"yoast_head":"<!-- This site is optimized with the Yoast SEO plugin v27.4 - https:\/\/yoast.com\/product\/yoast-seo-wordpress\/ -->\n<title>Visiitkaartide tarvikud - Kolm L\u00f5vi Tr\u00fckikeskus<\/title>\n<meta name=\"description\" content=\"Visiitkaartide tarvikud Visiitkaartide hoidjad, taskud, karbid, jalad, esitlusalused, tr\u00fckiteenused, tr\u00fckikoda, prinditeenus, print\" \/>\n<meta name=\"robots\" content=\"index, follow, max-snippet:-1, max-image-preview:large, max-video-preview:-1\" \/>\n<link rel=\"canonical\" href=\"https:\/\/kolmlovitrykikeskus.ee\/?page_id=665\" \/>\n<meta property=\"og:locale\" content=\"et_EE\" \/>\n<meta property=\"og:type\" content=\"article\" \/>\n<meta property=\"og:title\" content=\"Visiitkaartide tarvikud - Kolm L\u00f5vi Tr\u00fckikeskus\" \/>\n<meta property=\"og:description\" content=\"Visiitkaartide tarvikud Visiitkaartide hoidjad, taskud, karbid, jalad, esitlusalused, tr\u00fckiteenused, tr\u00fckikoda, prinditeenus, print\" \/>\n<meta property=\"og:url\" content=\"https:\/\/kolmlovitrykikeskus.ee\/?page_id=665\" \/>\n<meta property=\"og:site_name\" content=\"Kolm L\u00f5vi Tr\u00fckikeskus\" \/>\n<meta property=\"article:publisher\" content=\"https:\/\/www.facebook.com\/kolmlovitrykikeskus\" \/>\n<meta property=\"article:modified_time\" content=\"2024-11-28T07:50:50+00:00\" \/>\n<meta property=\"og:image\" content=\"https:\/\/kolmlovitrykikeskus.ee\/wp-content\/uploads\/2024\/11\/spoonigaviimistletudvisalus1.jpg\" \/>\n<meta name=\"twitter:card\" content=\"summary_large_image\" \/>\n<meta name=\"twitter:label1\" content=\"Est. reading time\" \/>\n\t<meta name=\"twitter:data1\" content=\"1 minut\" \/>\n<script type=\"application\/ld+json\" class=\"yoast-schema-graph\">{\"@context\":\"https:\\\/\\\/schema.org\",\"@graph\":[{\"@type\":\"WebPage\",\"@id\":\"https:\\\/\\\/kolmlovitrykikeskus.ee\\\/?page_id=665\",\"url\":\"https:\\\/\\\/kolmlovitrykikeskus.ee\\\/?page_id=665\",\"name\":\"Visiitkaartide tarvikud - Kolm L\u00f5vi Tr\u00fckikeskus\",\"isPartOf\":{\"@id\":\"https:\\\/\\\/kolmlovitrykikeskus.ee\\\/#website\"},\"primaryImageOfPage\":{\"@id\":\"https:\\\/\\\/kolmlovitrykikeskus.ee\\\/?page_id=665#primaryimage\"},\"image\":{\"@id\":\"https:\\\/\\\/kolmlovitrykikeskus.ee\\\/?page_id=665#primaryimage\"},\"thumbnailUrl\":\"https:\\\/\\\/kolmlovitrykikeskus.ee\\\/wp-content\\\/uploads\\\/2024\\\/11\\\/spoonigaviimistletudvisalus1.jpg\",\"datePublished\":\"2024-08-23T12:17:47+00:00\",\"dateModified\":\"2024-11-28T07:50:50+00:00\",\"description\":\"Visiitkaartide tarvikud Visiitkaartide hoidjad, taskud, karbid, jalad, esitlusalused, tr\u00fckiteenused, tr\u00fckikoda, prinditeenus, print\",\"breadcrumb\":{\"@id\":\"https:\\\/\\\/kolmlovitrykikeskus.ee\\\/?page_id=665#breadcrumb\"},\"inLanguage\":\"et\",\"potentialAction\":[{\"@type\":\"ReadAction\",\"target\":[\"https:\\\/\\\/kolmlovitrykikeskus.ee\\\/?page_id=665\"]}]},{\"@type\":\"ImageObject\",\"inLanguage\":\"et\",\"@id\":\"https:\\\/\\\/kolmlovitrykikeskus.ee\\\/?page_id=665#primaryimage\",\"url\":\"https:\\\/\\\/kolmlovitrykikeskus.ee\\\/wp-content\\\/uploads\\\/2024\\\/11\\\/spoonigaviimistletudvisalus1.jpg\",\"contentUrl\":\"https:\\\/\\\/kolmlovitrykikeskus.ee\\\/wp-content\\\/uploads\\\/2024\\\/11\\\/spoonigaviimistletudvisalus1.jpg\",\"width\":393,\"height\":306},{\"@type\":\"BreadcrumbList\",\"@id\":\"https:\\\/\\\/kolmlovitrykikeskus.ee\\\/?page_id=665#breadcrumb\",\"itemListElement\":[{\"@type\":\"ListItem\",\"position\":1,\"name\":\"Home\",\"item\":\"https:\\\/\\\/kolmlovitrykikeskus.ee\\\/\"},{\"@type\":\"ListItem\",\"position\":2,\"name\":\"Visiitkaartide tarvikud\"}]},{\"@type\":\"WebSite\",\"@id\":\"https:\\\/\\\/kolmlovitrykikeskus.ee\\\/#website\",\"url\":\"https:\\\/\\\/kolmlovitrykikeskus.ee\\\/\",\"name\":\"Kolm L\u00f5vi Tr\u00fckikeskus\",\"description\":\"Leiame lahenduse!\",\"publisher\":{\"@id\":\"https:\\\/\\\/kolmlovitrykikeskus.ee\\\/#organization\"},\"potentialAction\":[{\"@type\":\"SearchAction\",\"target\":{\"@type\":\"EntryPoint\",\"urlTemplate\":\"https:\\\/\\\/kolmlovitrykikeskus.ee\\\/?s={search_term_string}\"},\"query-input\":{\"@type\":\"PropertyValueSpecification\",\"valueRequired\":true,\"valueName\":\"search_term_string\"}}],\"inLanguage\":\"et\"},{\"@type\":\"Organization\",\"@id\":\"https:\\\/\\\/kolmlovitrykikeskus.ee\\\/#organization\",\"name\":\"Kolm L\u00f5vi Tr\u00fckikeskus\",\"url\":\"https:\\\/\\\/kolmlovitrykikeskus.ee\\\/\",\"logo\":{\"@type\":\"ImageObject\",\"inLanguage\":\"et\",\"@id\":\"https:\\\/\\\/kolmlovitrykikeskus.ee\\\/#\\\/schema\\\/logo\\\/image\\\/\",\"url\":\"https:\\\/\\\/kolmlovitrykikeskus.ee\\\/wp-content\\\/uploads\\\/2023\\\/12\\\/cropped-kltk-logo.png\",\"contentUrl\":\"https:\\\/\\\/kolmlovitrykikeskus.ee\\\/wp-content\\\/uploads\\\/2023\\\/12\\\/cropped-kltk-logo.png\",\"width\":640,\"height\":170,\"caption\":\"Kolm L\u00f5vi Tr\u00fckikeskus\"},\"image\":{\"@id\":\"https:\\\/\\\/kolmlovitrykikeskus.ee\\\/#\\\/schema\\\/logo\\\/image\\\/\"},\"sameAs\":[\"https:\\\/\\\/www.facebook.com\\\/kolmlovitrykikeskus\"]}]}<\/script>\n<!-- \/ Yoast SEO plugin. -->","yoast_head_json":{"title":"Visiitkaartide tarvikud - Kolm L\u00f5vi Tr\u00fckikeskus","description":"Visiitkaartide tarvikud Visiitkaartide hoidjad, taskud, karbid, jalad, esitlusalused, tr\u00fckiteenused, tr\u00fckikoda, prinditeenus, print","robots":{"index":"index","follow":"follow","max-snippet":"max-snippet:-1","max-image-preview":"max-image-preview:large","max-video-preview":"max-video-preview:-1"},"canonical":"https:\/\/kolmlovitrykikeskus.ee\/?page_id=665","og_locale":"et_EE","og_type":"article","og_title":"Visiitkaartide tarvikud - Kolm L\u00f5vi Tr\u00fckikeskus","og_description":"Visiitkaartide tarvikud Visiitkaartide hoidjad, taskud, karbid, jalad, esitlusalused, tr\u00fckiteenused, tr\u00fckikoda, prinditeenus, print","og_url":"https:\/\/kolmlovitrykikeskus.ee\/?page_id=665","og_site_name":"Kolm L\u00f5vi Tr\u00fckikeskus","article_publisher":"https:\/\/www.facebook.com\/kolmlovitrykikeskus","article_modified_time":"2024-11-28T07:50:50+00:00","og_image":[{"url":"https:\/\/kolmlovitrykikeskus.ee\/wp-content\/uploads\/2024\/11\/spoonigaviimistletudvisalus1.jpg","type":"","width":"","height":""}],"twitter_card":"summary_large_image","twitter_misc":{"Est. reading time":"1 minut"},"schema":{"@context":"https:\/\/schema.org","@graph":[{"@type":"WebPage","@id":"https:\/\/kolmlovitrykikeskus.ee\/?page_id=665","url":"https:\/\/kolmlovitrykikeskus.ee\/?page_id=665","name":"Visiitkaartide tarvikud - Kolm L\u00f5vi Tr\u00fckikeskus","isPartOf":{"@id":"https:\/\/kolmlovitrykikeskus.ee\/#website"},"primaryImageOfPage":{"@id":"https:\/\/kolmlovitrykikeskus.ee\/?page_id=665#primaryimage"},"image":{"@id":"https:\/\/kolmlovitrykikeskus.ee\/?page_id=665#primaryimage"},"thumbnailUrl":"https:\/\/kolmlovitrykikeskus.ee\/wp-content\/uploads\/2024\/11\/spoonigaviimistletudvisalus1.jpg","datePublished":"2024-08-23T12:17:47+00:00","dateModified":"2024-11-28T07:50:50+00:00","description":"Visiitkaartide tarvikud Visiitkaartide hoidjad, taskud, karbid, jalad, esitlusalused, tr\u00fckiteenused, tr\u00fckikoda, prinditeenus, print","breadcrumb":{"@id":"https:\/\/kolmlovitrykikeskus.ee\/?page_id=665#breadcrumb"},"inLanguage":"et","potentialAction":[{"@type":"ReadAction","target":["https:\/\/kolmlovitrykikeskus.ee\/?page_id=665"]}]},{"@type":"ImageObject","inLanguage":"et","@id":"https:\/\/kolmlovitrykikeskus.ee\/?page_id=665#primaryimage","url":"https:\/\/kolmlovitrykikeskus.ee\/wp-content\/uploads\/2024\/11\/spoonigaviimistletudvisalus1.jpg","contentUrl":"https:\/\/kolmlovitrykikeskus.ee\/wp-content\/uploads\/2024\/11\/spoonigaviimistletudvisalus1.jpg","width":393,"height":306},{"@type":"BreadcrumbList","@id":"https:\/\/kolmlovitrykikeskus.ee\/?page_id=665#breadcrumb","itemListElement":[{"@type":"ListItem","position":1,"name":"Home","item":"https:\/\/kolmlovitrykikeskus.ee\/"},{"@type":"ListItem","position":2,"name":"Visiitkaartide tarvikud"}]},{"@type":"WebSite","@id":"https:\/\/kolmlovitrykikeskus.ee\/#website","url":"https:\/\/kolmlovitrykikeskus.ee\/","name":"Kolm L\u00f5vi Tr\u00fckikeskus","description":"Leiame lahenduse!","publisher":{"@id":"https:\/\/kolmlovitrykikeskus.ee\/#organization"},"potentialAction":[{"@type":"SearchAction","target":{"@type":"EntryPoint","urlTemplate":"https:\/\/kolmlovitrykikeskus.ee\/?s={search_term_string}"},"query-input":{"@type":"PropertyValueSpecification","valueRequired":true,"valueName":"search_term_string"}}],"inLanguage":"et"},{"@type":"Organization","@id":"https:\/\/kolmlovitrykikeskus.ee\/#organization","name":"Kolm L\u00f5vi Tr\u00fckikeskus","url":"https:\/\/kolmlovitrykikeskus.ee\/","logo":{"@type":"ImageObject","inLanguage":"et","@id":"https:\/\/kolmlovitrykikeskus.ee\/#\/schema\/logo\/image\/","url":"https:\/\/kolmlovitrykikeskus.ee\/wp-content\/uploads\/2023\/12\/cropped-kltk-logo.png","contentUrl":"https:\/\/kolmlovitrykikeskus.ee\/wp-content\/uploads\/2023\/12\/cropped-kltk-logo.png","width":640,"height":170,"caption":"Kolm L\u00f5vi Tr\u00fckikeskus"},"image":{"@id":"https:\/\/kolmlovitrykikeskus.ee\/#\/schema\/logo\/image\/"},"sameAs":["https:\/\/www.facebook.com\/kolmlovitrykikeskus"]}]}},"_links":{"self":[{"href":"https:\/\/kolmlovitrykikeskus.ee\/index.php?rest_route=\/wp\/v2\/pages\/665","targetHints":{"allow":["GET"]}}],"collection":[{"href":"https:\/\/kolmlovitrykikeskus.ee\/index.php?rest_route=\/wp\/v2\/pages"}],"about":[{"href":"https:\/\/kolmlovitrykikeskus.ee\/index.php?rest_route=\/wp\/v2\/types\/page"}],"author":[{"embeddable":true,"href":"https:\/\/kolmlovitrykikeskus.ee\/index.php?rest_route=\/wp\/v2\/users\/3"}],"replies":[{"embeddable":true,"href":"https:\/\/kolmlovitrykikeskus.ee\/index.php?rest_route=%2Fwp%2Fv2%2Fcomments&post=665"}],"version-history":[{"count":19,"href":"https:\/\/kolmlovitrykikeskus.ee\/index.php?rest_route=\/wp\/v2\/pages\/665\/revisions"}],"predecessor-version":[{"id":4143,"href":"https:\/\/kolmlovitrykikeskus.ee\/index.php?rest_route=\/wp\/v2\/pages\/665\/revisions\/4143"}],"wp:attachment":[{"href":"https:\/\/kolmlovitrykikeskus.ee\/index.php?rest_route=%2Fwp%2Fv2%2Fmedia&parent=665"}],"curies":[{"name":"wp","href":"https:\/\/api.w.org\/{rel}","templated":true}]}}