{"id":661,"date":"2024-08-27T15:57:13","date_gmt":"2024-08-27T13:57:13","guid":{"rendered":"https:\/\/kolmlovitrykikeskus.ee\/?page_id=661"},"modified":"2024-12-18T13:05:18","modified_gmt":"2024-12-18T11:05:18","slug":"korg-ja-pimetrukk","status":"publish","type":"page","link":"https:\/\/kolmlovitrykikeskus.ee\/?page_id=661","title":{"rendered":"K\u00f5rg- ja pimetr\u00fckk"},"content":{"rendered":"\r\n<h2>K\u00f5rgtr\u00fckis tr\u00fckkimisel tehakse tr\u00fckivorm mille k\u00f5rgem osa tr\u00fckib.<\/h2>\r\n<p>Pehmematel paberitel j\u00e4\u00e4b seet\u00f5ttu iseloomulik s\u00fcvend paberisse. V\u00e4rv j\u00e4\u00e4b k\u00f5rgtr\u00fckipuhul kergelt lasuurne ja kujutise servast pisut tumedam. Tr\u00fckitakse SPOT s\u00fcsteemi j\u00e4rgi.<\/p>\r\n\r\n\r\n\r\n<p class=\"wp-block-image size-full\"><img loading=\"lazy\" decoding=\"async\" class=\"aligncenter wp-image-663\" src=\"https:\/\/kolmlovitrykikeskus.ee\/wp-content\/uploads\/2024\/01\/korgtrykk-pimetrykk.jpg\" alt=\"k\u00f5rgtr\u00fckis visiitkaardid, k\u00f5rgt\u00fckis kutsed kaardid, k\u00f5rgtr\u00fckk visiitkaart, visiitkaardid\" width=\"520\" height=\"673\" srcset=\"https:\/\/kolmlovitrykikeskus.ee\/wp-content\/uploads\/2024\/01\/korgtrykk-pimetrykk.jpg 520w, https:\/\/kolmlovitrykikeskus.ee\/wp-content\/uploads\/2024\/01\/korgtrykk-pimetrykk-232x300.jpg 232w\" sizes=\"auto, (max-width: 520px) 100vw, 520px\" \/><\/p>\r\n\r\n\r\n\r\n<p>Kui k\u00f5rgtr\u00fcki tr\u00fckivormile ei lisata tr\u00fcki v\u00e4rvi on v\u00f5imalik teha pimetr\u00fckki st. paberisse pressitakse lihtsalt kujutise s\u00fcvend. Pehmemad paberid annavad parema efekti. Tavaliselt tr\u00fckitakse visiitkaardid, kutsed, kaardid 100% puuvilla paberile kuna see sobib k\u00f5ige paremini k\u00f5rgtr\u00fcki reljeefi esile tulekuks.<\/p>\r\n\r\n\r\n\r\n<p>Tugevamad paberid j\u00e4tavad v\u00e4hem reljeefsust ja tihedamad paberid \u00fcldse mitte.<\/p>\r\n","protected":false},"excerpt":{"rendered":"<p>K\u00f5rgtr\u00fckis tr\u00fckkimisel tehakse tr\u00fckivorm mille k\u00f5rgem osa tr\u00fckib. Pehmematel paberitel j\u00e4\u00e4b seet\u00f5ttu iseloomulik s\u00fcvend paberisse. V\u00e4rv j\u00e4\u00e4b k\u00f5rgtr\u00fckipuhul kergelt lasuurne ja kujutise servast pisut tumedam. [&#8230;]<\/p>\n","protected":false},"author":3,"featured_media":0,"parent":0,"menu_order":0,"comment_status":"closed","ping_status":"closed","template":"","meta":{"footnotes":""},"class_list":["post-661","page","type-page","status-publish","hentry"],"yoast_head":"<!-- This site is optimized with the Yoast SEO plugin v27.5 - https:\/\/yoast.com\/product\/yoast-seo-wordpress\/ -->\n<title>K\u00f5rg- ja pimetr\u00fckk - Kolm L\u00f5vi Tr\u00fckikeskus<\/title>\n<meta name=\"description\" content=\"K\u00f5rgtr\u00fckk ja pimetr\u00fckk tr\u00fckkimine printimine print tr\u00fckkimine pimedatele\" \/>\n<meta name=\"robots\" content=\"index, follow, max-snippet:-1, max-image-preview:large, max-video-preview:-1\" \/>\n<link rel=\"canonical\" href=\"https:\/\/kolmlovitrykikeskus.ee\/?page_id=661\" \/>\n<meta property=\"og:locale\" content=\"et_EE\" \/>\n<meta property=\"og:type\" content=\"article\" \/>\n<meta property=\"og:title\" content=\"K\u00f5rg- ja pimetr\u00fckk - Kolm L\u00f5vi Tr\u00fckikeskus\" \/>\n<meta property=\"og:description\" content=\"K\u00f5rgtr\u00fckk ja pimetr\u00fckk tr\u00fckkimine printimine print tr\u00fckkimine pimedatele\" \/>\n<meta property=\"og:url\" content=\"https:\/\/kolmlovitrykikeskus.ee\/?page_id=661\" \/>\n<meta property=\"og:site_name\" content=\"Kolm L\u00f5vi Tr\u00fckikeskus\" \/>\n<meta property=\"article:publisher\" content=\"https:\/\/www.facebook.com\/kolmlovitrykikeskus\" \/>\n<meta property=\"article:modified_time\" content=\"2024-12-18T11:05:18+00:00\" \/>\n<meta property=\"og:image\" content=\"https:\/\/kolmlovitrykikeskus.ee\/wp-content\/uploads\/2024\/01\/korgtrykk-pimetrykk.jpg\" \/>\n\t<meta property=\"og:image:width\" content=\"520\" \/>\n\t<meta property=\"og:image:height\" content=\"673\" \/>\n\t<meta property=\"og:image:type\" content=\"image\/jpeg\" \/>\n<meta name=\"twitter:card\" content=\"summary_large_image\" \/>\n<meta name=\"twitter:label1\" content=\"Est. reading time\" \/>\n\t<meta name=\"twitter:data1\" content=\"1 minut\" \/>\n<script type=\"application\/ld+json\" class=\"yoast-schema-graph\">{\"@context\":\"https:\\\/\\\/schema.org\",\"@graph\":[{\"@type\":\"WebPage\",\"@id\":\"https:\\\/\\\/kolmlovitrykikeskus.ee\\\/?page_id=661\",\"url\":\"https:\\\/\\\/kolmlovitrykikeskus.ee\\\/?page_id=661\",\"name\":\"K\u00f5rg- ja pimetr\u00fckk - Kolm L\u00f5vi Tr\u00fckikeskus\",\"isPartOf\":{\"@id\":\"https:\\\/\\\/kolmlovitrykikeskus.ee\\\/#website\"},\"primaryImageOfPage\":{\"@id\":\"https:\\\/\\\/kolmlovitrykikeskus.ee\\\/?page_id=661#primaryimage\"},\"image\":{\"@id\":\"https:\\\/\\\/kolmlovitrykikeskus.ee\\\/?page_id=661#primaryimage\"},\"thumbnailUrl\":\"https:\\\/\\\/kolmlovitrykikeskus.ee\\\/wp-content\\\/uploads\\\/2024\\\/01\\\/korgtrykk-pimetrykk.jpg\",\"datePublished\":\"2024-08-27T13:57:13+00:00\",\"dateModified\":\"2024-12-18T11:05:18+00:00\",\"description\":\"K\u00f5rgtr\u00fckk ja pimetr\u00fckk tr\u00fckkimine printimine print tr\u00fckkimine pimedatele\",\"breadcrumb\":{\"@id\":\"https:\\\/\\\/kolmlovitrykikeskus.ee\\\/?page_id=661#breadcrumb\"},\"inLanguage\":\"et\",\"potentialAction\":[{\"@type\":\"ReadAction\",\"target\":[\"https:\\\/\\\/kolmlovitrykikeskus.ee\\\/?page_id=661\"]}]},{\"@type\":\"ImageObject\",\"inLanguage\":\"et\",\"@id\":\"https:\\\/\\\/kolmlovitrykikeskus.ee\\\/?page_id=661#primaryimage\",\"url\":\"https:\\\/\\\/kolmlovitrykikeskus.ee\\\/wp-content\\\/uploads\\\/2024\\\/01\\\/korgtrykk-pimetrykk.jpg\",\"contentUrl\":\"https:\\\/\\\/kolmlovitrykikeskus.ee\\\/wp-content\\\/uploads\\\/2024\\\/01\\\/korgtrykk-pimetrykk.jpg\",\"width\":520,\"height\":673,\"caption\":\"k\u00f5rgtr\u00fckis visiitkaardid, k\u00f5rgt\u00fckis kutsed kaardid, k\u00f5rgtr\u00fckk visiitkaart, visiitkaardid\"},{\"@type\":\"BreadcrumbList\",\"@id\":\"https:\\\/\\\/kolmlovitrykikeskus.ee\\\/?page_id=661#breadcrumb\",\"itemListElement\":[{\"@type\":\"ListItem\",\"position\":1,\"name\":\"Home\",\"item\":\"https:\\\/\\\/kolmlovitrykikeskus.ee\\\/\"},{\"@type\":\"ListItem\",\"position\":2,\"name\":\"K\u00f5rg- ja pimetr\u00fckk\"}]},{\"@type\":\"WebSite\",\"@id\":\"https:\\\/\\\/kolmlovitrykikeskus.ee\\\/#website\",\"url\":\"https:\\\/\\\/kolmlovitrykikeskus.ee\\\/\",\"name\":\"Kolm L\u00f5vi Tr\u00fckikeskus\",\"description\":\"Leiame lahenduse!\",\"publisher\":{\"@id\":\"https:\\\/\\\/kolmlovitrykikeskus.ee\\\/#organization\"},\"potentialAction\":[{\"@type\":\"SearchAction\",\"target\":{\"@type\":\"EntryPoint\",\"urlTemplate\":\"https:\\\/\\\/kolmlovitrykikeskus.ee\\\/?s={search_term_string}\"},\"query-input\":{\"@type\":\"PropertyValueSpecification\",\"valueRequired\":true,\"valueName\":\"search_term_string\"}}],\"inLanguage\":\"et\"},{\"@type\":\"Organization\",\"@id\":\"https:\\\/\\\/kolmlovitrykikeskus.ee\\\/#organization\",\"name\":\"Kolm L\u00f5vi Tr\u00fckikeskus\",\"url\":\"https:\\\/\\\/kolmlovitrykikeskus.ee\\\/\",\"logo\":{\"@type\":\"ImageObject\",\"inLanguage\":\"et\",\"@id\":\"https:\\\/\\\/kolmlovitrykikeskus.ee\\\/#\\\/schema\\\/logo\\\/image\\\/\",\"url\":\"https:\\\/\\\/kolmlovitrykikeskus.ee\\\/wp-content\\\/uploads\\\/2023\\\/12\\\/cropped-kltk-logo.png\",\"contentUrl\":\"https:\\\/\\\/kolmlovitrykikeskus.ee\\\/wp-content\\\/uploads\\\/2023\\\/12\\\/cropped-kltk-logo.png\",\"width\":640,\"height\":170,\"caption\":\"Kolm L\u00f5vi Tr\u00fckikeskus\"},\"image\":{\"@id\":\"https:\\\/\\\/kolmlovitrykikeskus.ee\\\/#\\\/schema\\\/logo\\\/image\\\/\"},\"sameAs\":[\"https:\\\/\\\/www.facebook.com\\\/kolmlovitrykikeskus\"]}]}<\/script>\n<!-- \/ Yoast SEO plugin. -->","yoast_head_json":{"title":"K\u00f5rg- ja pimetr\u00fckk - Kolm L\u00f5vi Tr\u00fckikeskus","description":"K\u00f5rgtr\u00fckk ja pimetr\u00fckk tr\u00fckkimine printimine print tr\u00fckkimine pimedatele","robots":{"index":"index","follow":"follow","max-snippet":"max-snippet:-1","max-image-preview":"max-image-preview:large","max-video-preview":"max-video-preview:-1"},"canonical":"https:\/\/kolmlovitrykikeskus.ee\/?page_id=661","og_locale":"et_EE","og_type":"article","og_title":"K\u00f5rg- ja pimetr\u00fckk - Kolm L\u00f5vi Tr\u00fckikeskus","og_description":"K\u00f5rgtr\u00fckk ja pimetr\u00fckk tr\u00fckkimine printimine print tr\u00fckkimine pimedatele","og_url":"https:\/\/kolmlovitrykikeskus.ee\/?page_id=661","og_site_name":"Kolm L\u00f5vi Tr\u00fckikeskus","article_publisher":"https:\/\/www.facebook.com\/kolmlovitrykikeskus","article_modified_time":"2024-12-18T11:05:18+00:00","og_image":[{"width":520,"height":673,"url":"https:\/\/kolmlovitrykikeskus.ee\/wp-content\/uploads\/2024\/01\/korgtrykk-pimetrykk.jpg","type":"image\/jpeg"}],"twitter_card":"summary_large_image","twitter_misc":{"Est. reading time":"1 minut"},"schema":{"@context":"https:\/\/schema.org","@graph":[{"@type":"WebPage","@id":"https:\/\/kolmlovitrykikeskus.ee\/?page_id=661","url":"https:\/\/kolmlovitrykikeskus.ee\/?page_id=661","name":"K\u00f5rg- ja pimetr\u00fckk - Kolm L\u00f5vi Tr\u00fckikeskus","isPartOf":{"@id":"https:\/\/kolmlovitrykikeskus.ee\/#website"},"primaryImageOfPage":{"@id":"https:\/\/kolmlovitrykikeskus.ee\/?page_id=661#primaryimage"},"image":{"@id":"https:\/\/kolmlovitrykikeskus.ee\/?page_id=661#primaryimage"},"thumbnailUrl":"https:\/\/kolmlovitrykikeskus.ee\/wp-content\/uploads\/2024\/01\/korgtrykk-pimetrykk.jpg","datePublished":"2024-08-27T13:57:13+00:00","dateModified":"2024-12-18T11:05:18+00:00","description":"K\u00f5rgtr\u00fckk ja pimetr\u00fckk tr\u00fckkimine printimine print tr\u00fckkimine pimedatele","breadcrumb":{"@id":"https:\/\/kolmlovitrykikeskus.ee\/?page_id=661#breadcrumb"},"inLanguage":"et","potentialAction":[{"@type":"ReadAction","target":["https:\/\/kolmlovitrykikeskus.ee\/?page_id=661"]}]},{"@type":"ImageObject","inLanguage":"et","@id":"https:\/\/kolmlovitrykikeskus.ee\/?page_id=661#primaryimage","url":"https:\/\/kolmlovitrykikeskus.ee\/wp-content\/uploads\/2024\/01\/korgtrykk-pimetrykk.jpg","contentUrl":"https:\/\/kolmlovitrykikeskus.ee\/wp-content\/uploads\/2024\/01\/korgtrykk-pimetrykk.jpg","width":520,"height":673,"caption":"k\u00f5rgtr\u00fckis visiitkaardid, k\u00f5rgt\u00fckis kutsed kaardid, k\u00f5rgtr\u00fckk visiitkaart, visiitkaardid"},{"@type":"BreadcrumbList","@id":"https:\/\/kolmlovitrykikeskus.ee\/?page_id=661#breadcrumb","itemListElement":[{"@type":"ListItem","position":1,"name":"Home","item":"https:\/\/kolmlovitrykikeskus.ee\/"},{"@type":"ListItem","position":2,"name":"K\u00f5rg- ja pimetr\u00fckk"}]},{"@type":"WebSite","@id":"https:\/\/kolmlovitrykikeskus.ee\/#website","url":"https:\/\/kolmlovitrykikeskus.ee\/","name":"Kolm L\u00f5vi Tr\u00fckikeskus","description":"Leiame lahenduse!","publisher":{"@id":"https:\/\/kolmlovitrykikeskus.ee\/#organization"},"potentialAction":[{"@type":"SearchAction","target":{"@type":"EntryPoint","urlTemplate":"https:\/\/kolmlovitrykikeskus.ee\/?s={search_term_string}"},"query-input":{"@type":"PropertyValueSpecification","valueRequired":true,"valueName":"search_term_string"}}],"inLanguage":"et"},{"@type":"Organization","@id":"https:\/\/kolmlovitrykikeskus.ee\/#organization","name":"Kolm L\u00f5vi Tr\u00fckikeskus","url":"https:\/\/kolmlovitrykikeskus.ee\/","logo":{"@type":"ImageObject","inLanguage":"et","@id":"https:\/\/kolmlovitrykikeskus.ee\/#\/schema\/logo\/image\/","url":"https:\/\/kolmlovitrykikeskus.ee\/wp-content\/uploads\/2023\/12\/cropped-kltk-logo.png","contentUrl":"https:\/\/kolmlovitrykikeskus.ee\/wp-content\/uploads\/2023\/12\/cropped-kltk-logo.png","width":640,"height":170,"caption":"Kolm L\u00f5vi Tr\u00fckikeskus"},"image":{"@id":"https:\/\/kolmlovitrykikeskus.ee\/#\/schema\/logo\/image\/"},"sameAs":["https:\/\/www.facebook.com\/kolmlovitrykikeskus"]}]}},"_links":{"self":[{"href":"https:\/\/kolmlovitrykikeskus.ee\/index.php?rest_route=\/wp\/v2\/pages\/661","targetHints":{"allow":["GET"]}}],"collection":[{"href":"https:\/\/kolmlovitrykikeskus.ee\/index.php?rest_route=\/wp\/v2\/pages"}],"about":[{"href":"https:\/\/kolmlovitrykikeskus.ee\/index.php?rest_route=\/wp\/v2\/types\/page"}],"author":[{"embeddable":true,"href":"https:\/\/kolmlovitrykikeskus.ee\/index.php?rest_route=\/wp\/v2\/users\/3"}],"replies":[{"embeddable":true,"href":"https:\/\/kolmlovitrykikeskus.ee\/index.php?rest_route=%2Fwp%2Fv2%2Fcomments&post=661"}],"version-history":[{"count":8,"href":"https:\/\/kolmlovitrykikeskus.ee\/index.php?rest_route=\/wp\/v2\/pages\/661\/revisions"}],"predecessor-version":[{"id":4298,"href":"https:\/\/kolmlovitrykikeskus.ee\/index.php?rest_route=\/wp\/v2\/pages\/661\/revisions\/4298"}],"wp:attachment":[{"href":"https:\/\/kolmlovitrykikeskus.ee\/index.php?rest_route=%2Fwp%2Fv2%2Fmedia&parent=661"}],"curies":[{"name":"wp","href":"https:\/\/api.w.org\/{rel}","templated":true}]}}