{"id":657,"date":"2024-08-27T15:51:23","date_gmt":"2024-08-27T13:51:23","guid":{"rendered":"https:\/\/kolmlovitrykikeskus.ee\/?page_id=657"},"modified":"2025-03-18T10:05:56","modified_gmt":"2025-03-18T08:05:56","slug":"tehnoloogiad","status":"publish","type":"page","link":"https:\/\/kolmlovitrykikeskus.ee\/?page_id=657","title":{"rendered":"TEHNOLOOGIAD"},"content":{"rendered":"<h1>Tehnilised m\u00e4rkused<\/h1>\r\n<p>Allj\u00e4rgnevalt toome v\u00e4lja m\u00f5ned tehnilised m\u00e4rkused, mida tasub meeles pidada erinevate tr\u00fckitehnoloogiate kasutamisel. Oleme alati valmis koost\u00f6\u00f6s oma klientidega katsetama ja uurima lahendusi, mis kompavad tehnoloogiliste v\u00f5imaluste piire.<br \/>Katsetuste planeerimisel varuge piisavalt aega ja ressursse. Meie omalt poolt pakume teadmisi, kogemusi ja vajalikke seadmeid, et aidata saavutada parimaid tulemusi.<\/p>\r\n<p><span style=\"color: #0000ff;\"><strong><a style=\"color: #0000ff;\" href=\"https:\/\/kolmlovitrykikeskus.ee\/?page_id=887\">SIIDITR\u00dcKK<\/a><\/strong><\/span><\/p>\r\n<p><strong>Kujundamisel ja siiditr\u00fckitehnoloogia kasutamisel<\/strong><\/p>\r\n<p>Tr\u00fckise kujundamisel \u00e4ra kasuta peenemat joonej\u00e4medust kui <strong>0,2\u20130,3 mm<\/strong>, et tagada tr\u00fckikvaliteet ja loetavus.<\/p>\r\n<p>Siiditr\u00fckitehnoloogias tr\u00fckitakse enamik tr\u00fckiseid <strong>SPOT<\/strong>-toonidega. Seda tehnoloogiat kasutatakse laialdaselt erinevate toodete, n\u00e4iteks <strong>kleebiste<\/strong>, <strong>visiitkaartide<\/strong>, <strong>kaartide<\/strong>, <strong>mapikaanete<\/strong>, <strong>esemete<\/strong> ja paljude muude toodete tr\u00fckkimiseks. Siiditr\u00fckk on levinud ka <strong>membraanklaviatuuride<\/strong> graafika tootmisel.<\/p>\r\n<p>Vali siiditr\u00fckk, kui hindad <strong>kirkast ja selget v\u00e4rvi<\/strong>. Lisaks on v\u00f5imalik kasutada erilisi v\u00e4rve, n\u00e4iteks <strong>p\u00e4rlmutter-, helkivat h\u00f5bedat ja kulda<\/strong>, et luua unikaalne ja efektne tulemus.<\/p>\r\n<p>Siiditr\u00fcki puhul saab tr\u00fckkida mitmesugustele <strong>plastikmaterjalidele<\/strong>, <strong>metallidele <\/strong>(lisainfo <strong><span style=\"color: #0000ff;\"><a style=\"color: #0000ff;\" href=\"https:\/\/kolmlovitrykikeskus.ee\/?page_id=678\">SIIT<\/a><\/span><\/strong><span style=\"color: #0000ff;\"><span style=\"color: #000000;\">)<\/span><\/span> ning isegi siledale lakitud v\u00f5i lakkimata vineerile.<\/p>\r\n<p><img loading=\"lazy\" decoding=\"async\" class=\"alignnone wp-image-659\" src=\"https:\/\/kolmlovitrykikeskus.ee\/wp-content\/uploads\/2024\/01\/parlmuttersinine-300x79.jpg\" alt=\"parlmuttersinine\" width=\"520\" height=\"138\" srcset=\"https:\/\/kolmlovitrykikeskus.ee\/wp-content\/uploads\/2024\/01\/parlmuttersinine-300x79.jpg 300w, https:\/\/kolmlovitrykikeskus.ee\/wp-content\/uploads\/2024\/01\/parlmuttersinine.jpg 506w\" sizes=\"auto, (max-width: 520px) 100vw, 520px\" \/><!-- \/wp:post-content -->\r\n\r\n<!-- wp:paragraph --><\/p>\r\n<p><strong>Tr\u00fckkimisel kasutatavad materjalid ja v\u00e4rviseeriad<\/strong><\/p>\r\n<p>Tr\u00fckkida saab praktiliselt igale materjalile, kui kasutada sobivat v\u00e4rviseeriat. \u00d5ige v\u00e4rvi m\u00e4\u00e4ramiseks vajame materjali koostise kirjeldust ja\/v\u00f5i materjalin\u00e4idist. Kui Eestis puudub vastav v\u00e4rviseeria, on v\u00f5imalik see m\u00e4\u00e4rata v\u00e4rvitootja laboris.<\/p>\r\n<p><strong>Eriv\u00e4rvide tellimine<\/strong><br \/>Eriv\u00e4rvide tellimisel palume klientidel arvestada t\u00e4iendava ajakuluga ja v\u00f5imalike tellimiskoguse piirangutega. Soovitame planeerida tellimused varakult, et tagada sujuv protsess.<\/p>\r\n<p><strong>Toonpiltide tr\u00fckkimine<\/strong><br \/>Toonpiltide tr\u00fckkimiseks saab kasutada efektset j\u00e4medat graafilist rastrit, mis loob ainulaadse ja silmapaistva tulemuse.<!-- \/wp:paragraph -->\r\n\r\n<!-- wp:image {\"id\":660,\"sizeSlug\":\"full\",\"linkDestination\":\"none\"} --><\/p>\r\n<p><img loading=\"lazy\" decoding=\"async\" class=\"alignnone wp-image-660\" src=\"https:\/\/kolmlovitrykikeskus.ee\/wp-content\/uploads\/2024\/01\/raster-kutsel-300x109.jpg\" alt=\"raster-kutsel\" width=\"520\" height=\"189\" srcset=\"https:\/\/kolmlovitrykikeskus.ee\/wp-content\/uploads\/2024\/01\/raster-kutsel-300x109.jpg 300w, https:\/\/kolmlovitrykikeskus.ee\/wp-content\/uploads\/2024\/01\/raster-kutsel.jpg 506w\" sizes=\"auto, (max-width: 520px) 100vw, 520px\" \/><!-- \/wp:image -->\r\n\r\n<!-- wp:paragraph --><\/p>\r\n<p><strong>DIGITR\u00dcKK<\/strong><br \/>Tr\u00fckiv\u00e4rvid CMYK. Erinevad paberid annavad erinevaid lisa v\u00f5imalusi, n\u00e4iteks metallv\u00e4rvilised paberid j\u00e4\u00e4vad kergelt tr\u00fckiv\u00e4rvidest l\u00e4bi paistma. Puuvilla kiududega pabereid ei saa enamasti digitr\u00fcki puhul kasutada. V\u00f5imalik teatud juhtudel kasutada<strong>\u00a0<a href=\"https:\/\/kolmlovitrykikeskus.ee\/?page_id=2165\"><span style=\"color: #0000ff;\">digifooliumit<\/span>.<\/a><\/strong><br \/><br \/><strong>OFSETTR\u00dcKK<\/strong><br \/>Korraliku tumeda musta pinna saamiseks CMYK-is soovitame kasutada j\u00e4rgnevat valemit: C 80%, M 40%, Y 40%, K 100%. Tr\u00fckisel piltide hea kvaliteedi tagamiseks on soovitav kasutada pilte resolutsiooniga 300 dpi.<br \/><br \/><span style=\"color: #0000ff;\"><a style=\"color: #0000ff;\" href=\"https:\/\/kolmlovitrykikeskus.ee\/?page_id=661&amp;preview=true\"><strong>SURUTR\u00dcKK \/ PRESSTR\u00dcKK \/ PIMETR\u00dcKK<\/strong><\/a><\/span><br \/>Surutr\u00fckk &#8211; paberi v\u00f5i kartongi pinnast v\u00e4ljapressitud kujutis. Pimetr\u00fckk &#8211; paberi v\u00f5i kartongi pinna sisse surutud kujutis.<br \/>Kasutatakse kahepoolset v\u00f5i \u00fchepoolset metallkli\u0161eed millega pressitakse kas kujutis paberil \u00fcles v\u00f5i allapoole. V\u00e4ljapressimiseks soovitame kasutada mahulisemaid pabereid. Sissepressimiseks sobib ka tavaline kriitkartong alates 300g\/m\u00b2. Pimetr\u00fckk teostatakse alati ilma v\u00e4rvi tr\u00fckkimata ja kujunduses hakkab m\u00e4ngima reljeef mis pressitakse.<br \/><br \/><strong>TERMOTR\u00dcKK<\/strong><br \/>Kasutatakse kujutise reljeefseks t\u00f5stmisel siiditr\u00fckis.<!-- \/wp:paragraph -->\r\n\r\n<!-- wp:image {\"id\":662,\"sizeSlug\":\"full\",\"linkDestination\":\"none\"} --><\/p>\r\n<p><img loading=\"lazy\" decoding=\"async\" class=\"alignnone wp-image-662\" src=\"https:\/\/kolmlovitrykikeskus.ee\/wp-content\/uploads\/2024\/01\/termotrykk-300x126.jpg\" alt=\"termotr\u00fckk\" width=\"520\" height=\"219\" srcset=\"https:\/\/kolmlovitrykikeskus.ee\/wp-content\/uploads\/2024\/01\/termotrykk-300x126.jpg 300w, https:\/\/kolmlovitrykikeskus.ee\/wp-content\/uploads\/2024\/01\/termotrykk.jpg 506w\" sizes=\"auto, (max-width: 520px) 100vw, 520px\" \/><\/p>\r\n<p><span style=\"color: #0000ff;\"><a style=\"color: #0000ff;\" href=\"https:\/\/kolmlovitrykikeskus.ee\/?page_id=2165\"><strong>FOOLIUMTR\u00dcKK<\/strong><\/a><\/span><\/p>\r\n<p>Kui soovid oma tr\u00fckisele t\u00f5eliselt s\u00e4ravat kulda, h\u00f5bedat v\u00f5i hologrammmustrit, on fooliumtr\u00fckk ideaalne t\u00e4iendus. Fooliumiga tr\u00fckitava joone v\u00f5i fooliumipinna sees oleva joone laius peab olema v\u00e4hemalt 0,3 mm, soovitatavalt 0,5 mm. Foolium- v\u00f5i surutr\u00fckivorm tuleb kujundada vektorgraafikas, kus jooned on 100% mustad ja miinimumpaksusega 0,3 mm. Fooliumtr\u00fcki kujutiste alla ei j\u00e4eta auke \u2013 pind j\u00e4\u00e4b tr\u00fckitud.<\/p>\r\n<p>Katmata paberitele saab fooliumtr\u00fckis lisada ka lakkfooliumi.<!-- \/wp:image -->\r\n\r\n<!-- wp:image {\"id\":670,\"sizeSlug\":\"full\",\"linkDestination\":\"none\"} --><\/p>\r\n<p><img loading=\"lazy\" decoding=\"async\" class=\"alignnone wp-image-670\" src=\"https:\/\/kolmlovitrykikeskus.ee\/wp-content\/uploads\/2024\/01\/fooliumelement-300x141.jpg\" alt=\"fooliumelement\" width=\"520\" height=\"244\" srcset=\"https:\/\/kolmlovitrykikeskus.ee\/wp-content\/uploads\/2024\/01\/fooliumelement-300x141.jpg 300w, https:\/\/kolmlovitrykikeskus.ee\/wp-content\/uploads\/2024\/01\/fooliumelement.jpg 506w\" sizes=\"auto, (max-width: 520px) 100vw, 520px\" \/><br \/><!-- \/wp:image -->\r\n\r\n<!-- wp:paragraph --><\/p>\r\n<p><strong><span style=\"color: #0000ff;\"><a style=\"color: #0000ff;\" href=\"https:\/\/kolmlovitrykikeskus.ee\/?page_id=426\">PLOTTERL\u00d5IKUS<\/a><\/span><\/strong><br \/>Arvutiga juhitav mehaaniline nuga v\u00f5imaldab l\u00f5igata kleebisest erinevaid t\u00e4hti-numbreid ja kujutisi.<!-- \/wp:paragraph -->\r\n\r\n<!-- wp:image {\"id\":671,\"sizeSlug\":\"full\",\"linkDestination\":\"none\"} --><\/p>\r\n<p><img loading=\"lazy\" decoding=\"async\" class=\"alignnone wp-image-671\" src=\"https:\/\/kolmlovitrykikeskus.ee\/wp-content\/uploads\/2024\/01\/kleebisepiagaldamine-300x210.jpg\" alt=\"kleebise paigaldamine\" width=\"520\" height=\"365\" srcset=\"https:\/\/kolmlovitrykikeskus.ee\/wp-content\/uploads\/2024\/01\/kleebisepiagaldamine-300x210.jpg 300w, https:\/\/kolmlovitrykikeskus.ee\/wp-content\/uploads\/2024\/01\/kleebisepiagaldamine.jpg 506w\" sizes=\"auto, (max-width: 520px) 100vw, 520px\" \/><br \/>Pildil v\u00f5ib n\u00e4ha kuidas iseseisvalt lihtsate vahenditega on v\u00f5imalik eelnevalt l\u00f5igatud kujundeid-tekste siirdeteibi ja plastikkaardi abil siledale pinnale kleepida.<!-- \/wp:image -->\r\n\r\n<!-- wp:paragraph --><\/p>\r\n<p><strong><span style=\"color: #0000ff;\"><a style=\"color: #0000ff;\" href=\"https:\/\/kolmlovitrykikeskus.ee\/?page_id=2076\">STANTSIMINE<\/a><\/span><\/strong><br \/>Stantsi joonis peab olema tehtud vektorgraafilise graafikafailina. Kujundus failis 1:1 suuruses. Joonisel m\u00e4rkida: Terad = punane, Nuudid = roheline, Perfod = kollane. Palume v\u00e4ltida topeltjooni. Muude eriliste terade (liimiklapi tera, madalam tera, laineline tera) kohta k\u00fcsige eelnevalt saadavust. Perfoteradel erinevad perforatsiooni variandid.<!-- \/wp:paragraph -->\r\n\r\n<!-- wp:paragraph --><\/p>\r\n<p><strong><span style=\"color: #0000ff;\"><a style=\"color: #0000ff;\" href=\"https:\/\/kolmlovitrykikeskus.ee\/?page_id=2554\">LAMINEERIMINE<\/a><\/span><\/strong><br \/>Lamineerimine annab tr\u00fckisele kindla kaitse mehaanilise kulumise eest. Kasutame nii kuum- kui k\u00fclmlamineerimist. \u00d5ige materjali valime l\u00e4htudes tr\u00fckise kasutusvaldkonnast. Saadaval l\u00e4ikivad, matt ja liivmatt pinnaga laminaadid.<!-- \/wp:paragraph -->\r\n\r\n<!-- wp:paragraph --><\/p>\r\n<p><strong>LAKKIMINE<\/strong><br \/>Lakkimist teostame UV- ja siiditr\u00fckitehnoloogiaga.<!-- \/wp:paragraph -->\r\n\r\n<!-- wp:paragraph --><\/p>\r\n<p><strong>VOLTIMINE\u00a0\/\u00a0SOONIMINE<\/strong><br \/>Allpool n\u00e4eb erinevaid levinud paberite voltimise skeeme.\u00a0<span style=\"color: #333333; background-color: #ffffff;\"><strong>Voldikute\u00a0<\/strong><\/span>puhul on kasutusel m\u00f5isted G-volt ja Z-volt. Tervitus-, \u00f5nnitluskaartide puhul on kasutusel tavaliselt variandid 2,3 \u00a0ja vahel ka variant 5. Paksemaid pabereid ja digitr\u00fckis tr\u00fckiseid on soovitav enne voltimist soonida.\u00a0<!-- \/wp:paragraph -->\r\n\r\n<!-- wp:image {\"id\":672,\"sizeSlug\":\"full\",\"linkDestination\":\"none\"} --><\/p>\r\n<p><img loading=\"lazy\" decoding=\"async\" class=\"alignnone wp-image-2580\" src=\"https:\/\/kolmlovitrykikeskus.ee\/wp-content\/uploads\/2024\/08\/voltimiseskeemid.jpg\" alt=\"\" width=\"1200\" height=\"228\" srcset=\"https:\/\/kolmlovitrykikeskus.ee\/wp-content\/uploads\/2024\/08\/voltimiseskeemid.jpg 657w, https:\/\/kolmlovitrykikeskus.ee\/wp-content\/uploads\/2024\/08\/voltimiseskeemid-300x57.jpg 300w\" sizes=\"auto, (max-width: 1200px) 100vw, 1200px\" \/><\/p>\r\n<p><span style=\"color: #0000ff;\"><a style=\"color: #0000ff;\" href=\"https:\/\/kolmlovitrykikeskus.ee\/?page_id=661&amp;preview=true\"><strong>K\u00d5RGTR\u00dcKK<\/strong><\/a><\/span><br \/>Kunagi valitsev tehnoloogia on t\u00e4naseks muutunud v\u00e4ga eksklusiivsete tr\u00fckiste teostusviisiks. V\u00e4ga elegantne disain ja \u00f5ige paber muudab tr\u00fckise t\u00f5eliselt isiklikuks ja omap\u00e4raseks kunstiteoseks. Teostatakse k\u00e4sitsi! Kombineeritav stantsimise, suru- ja pimetr\u00fckiga. M\u00f5ningad paberid saab t\u00e4iendada ka fooliumtr\u00fckiga.<!-- \/wp:image --><\/p>","protected":false},"excerpt":{"rendered":"<p>Tehnilised m\u00e4rkused Allj\u00e4rgnevalt toome v\u00e4lja m\u00f5ned tehnilised m\u00e4rkused, mida tasub meeles pidada erinevate tr\u00fckitehnoloogiate kasutamisel. Oleme alati valmis koost\u00f6\u00f6s oma klientidega katsetama ja uurima lahendusi, [&#8230;]<\/p>\n","protected":false},"author":5,"featured_media":0,"parent":0,"menu_order":0,"comment_status":"closed","ping_status":"closed","template":"","meta":{"footnotes":""},"class_list":["post-657","page","type-page","status-publish","hentry"],"yoast_head":"<!-- This site is optimized with the Yoast SEO plugin v27.4 - https:\/\/yoast.com\/product\/yoast-seo-wordpress\/ -->\n<title>TEHNOLOOGIAD - Kolm L\u00f5vi Tr\u00fckikeskus<\/title>\n<meta name=\"description\" content=\"TEHNOLOOGIAD Kolm L\u00f5vi Tr\u00fckikeskus tehniline tr\u00fckk print siiditr\u00fckk plotterl\u00f5ikus sublimatsioon lamineerimine\" \/>\n<meta name=\"robots\" content=\"index, follow, max-snippet:-1, max-image-preview:large, max-video-preview:-1\" \/>\n<link rel=\"canonical\" href=\"https:\/\/kolmlovitrykikeskus.ee\/?page_id=657\" \/>\n<meta property=\"og:locale\" content=\"et_EE\" \/>\n<meta property=\"og:type\" content=\"article\" \/>\n<meta property=\"og:title\" content=\"TEHNOLOOGIAD - Kolm L\u00f5vi Tr\u00fckikeskus\" \/>\n<meta property=\"og:description\" content=\"TEHNOLOOGIAD Kolm L\u00f5vi Tr\u00fckikeskus tehniline tr\u00fckk print siiditr\u00fckk plotterl\u00f5ikus sublimatsioon lamineerimine\" \/>\n<meta property=\"og:url\" content=\"https:\/\/kolmlovitrykikeskus.ee\/?page_id=657\" \/>\n<meta property=\"og:site_name\" content=\"Kolm L\u00f5vi Tr\u00fckikeskus\" \/>\n<meta property=\"article:publisher\" content=\"https:\/\/www.facebook.com\/kolmlovitrykikeskus\" \/>\n<meta property=\"article:modified_time\" content=\"2025-03-18T08:05:56+00:00\" \/>\n<meta property=\"og:image\" content=\"https:\/\/kolmlovitrykikeskus.ee\/wp-content\/uploads\/2024\/01\/parlmuttersinine.jpg\" \/>\n\t<meta property=\"og:image:width\" content=\"506\" \/>\n\t<meta property=\"og:image:height\" content=\"134\" \/>\n\t<meta property=\"og:image:type\" content=\"image\/jpeg\" \/>\n<meta name=\"twitter:card\" content=\"summary_large_image\" \/>\n<meta name=\"twitter:label1\" content=\"Est. reading time\" \/>\n\t<meta name=\"twitter:data1\" content=\"5 minutit\" \/>\n<script type=\"application\/ld+json\" class=\"yoast-schema-graph\">{\"@context\":\"https:\\\/\\\/schema.org\",\"@graph\":[{\"@type\":\"WebPage\",\"@id\":\"https:\\\/\\\/kolmlovitrykikeskus.ee\\\/?page_id=657\",\"url\":\"https:\\\/\\\/kolmlovitrykikeskus.ee\\\/?page_id=657\",\"name\":\"TEHNOLOOGIAD - Kolm L\u00f5vi Tr\u00fckikeskus\",\"isPartOf\":{\"@id\":\"https:\\\/\\\/kolmlovitrykikeskus.ee\\\/#website\"},\"primaryImageOfPage\":{\"@id\":\"https:\\\/\\\/kolmlovitrykikeskus.ee\\\/?page_id=657#primaryimage\"},\"image\":{\"@id\":\"https:\\\/\\\/kolmlovitrykikeskus.ee\\\/?page_id=657#primaryimage\"},\"thumbnailUrl\":\"https:\\\/\\\/kolmlovitrykikeskus.ee\\\/wp-content\\\/uploads\\\/2024\\\/01\\\/parlmuttersinine-300x79.jpg\",\"datePublished\":\"2024-08-27T13:51:23+00:00\",\"dateModified\":\"2025-03-18T08:05:56+00:00\",\"description\":\"TEHNOLOOGIAD Kolm L\u00f5vi Tr\u00fckikeskus tehniline tr\u00fckk print siiditr\u00fckk plotterl\u00f5ikus sublimatsioon lamineerimine\",\"breadcrumb\":{\"@id\":\"https:\\\/\\\/kolmlovitrykikeskus.ee\\\/?page_id=657#breadcrumb\"},\"inLanguage\":\"et\",\"potentialAction\":[{\"@type\":\"ReadAction\",\"target\":[\"https:\\\/\\\/kolmlovitrykikeskus.ee\\\/?page_id=657\"]}]},{\"@type\":\"ImageObject\",\"inLanguage\":\"et\",\"@id\":\"https:\\\/\\\/kolmlovitrykikeskus.ee\\\/?page_id=657#primaryimage\",\"url\":\"https:\\\/\\\/kolmlovitrykikeskus.ee\\\/wp-content\\\/uploads\\\/2024\\\/01\\\/parlmuttersinine.jpg\",\"contentUrl\":\"https:\\\/\\\/kolmlovitrykikeskus.ee\\\/wp-content\\\/uploads\\\/2024\\\/01\\\/parlmuttersinine.jpg\",\"width\":506,\"height\":134,\"caption\":\"parlmuttersinine\"},{\"@type\":\"BreadcrumbList\",\"@id\":\"https:\\\/\\\/kolmlovitrykikeskus.ee\\\/?page_id=657#breadcrumb\",\"itemListElement\":[{\"@type\":\"ListItem\",\"position\":1,\"name\":\"Home\",\"item\":\"https:\\\/\\\/kolmlovitrykikeskus.ee\\\/\"},{\"@type\":\"ListItem\",\"position\":2,\"name\":\"TEHNOLOOGIAD\"}]},{\"@type\":\"WebSite\",\"@id\":\"https:\\\/\\\/kolmlovitrykikeskus.ee\\\/#website\",\"url\":\"https:\\\/\\\/kolmlovitrykikeskus.ee\\\/\",\"name\":\"Kolm L\u00f5vi Tr\u00fckikeskus\",\"description\":\"Leiame lahenduse!\",\"publisher\":{\"@id\":\"https:\\\/\\\/kolmlovitrykikeskus.ee\\\/#organization\"},\"potentialAction\":[{\"@type\":\"SearchAction\",\"target\":{\"@type\":\"EntryPoint\",\"urlTemplate\":\"https:\\\/\\\/kolmlovitrykikeskus.ee\\\/?s={search_term_string}\"},\"query-input\":{\"@type\":\"PropertyValueSpecification\",\"valueRequired\":true,\"valueName\":\"search_term_string\"}}],\"inLanguage\":\"et\"},{\"@type\":\"Organization\",\"@id\":\"https:\\\/\\\/kolmlovitrykikeskus.ee\\\/#organization\",\"name\":\"Kolm L\u00f5vi Tr\u00fckikeskus\",\"url\":\"https:\\\/\\\/kolmlovitrykikeskus.ee\\\/\",\"logo\":{\"@type\":\"ImageObject\",\"inLanguage\":\"et\",\"@id\":\"https:\\\/\\\/kolmlovitrykikeskus.ee\\\/#\\\/schema\\\/logo\\\/image\\\/\",\"url\":\"https:\\\/\\\/kolmlovitrykikeskus.ee\\\/wp-content\\\/uploads\\\/2023\\\/12\\\/cropped-kltk-logo.png\",\"contentUrl\":\"https:\\\/\\\/kolmlovitrykikeskus.ee\\\/wp-content\\\/uploads\\\/2023\\\/12\\\/cropped-kltk-logo.png\",\"width\":640,\"height\":170,\"caption\":\"Kolm L\u00f5vi Tr\u00fckikeskus\"},\"image\":{\"@id\":\"https:\\\/\\\/kolmlovitrykikeskus.ee\\\/#\\\/schema\\\/logo\\\/image\\\/\"},\"sameAs\":[\"https:\\\/\\\/www.facebook.com\\\/kolmlovitrykikeskus\"]}]}<\/script>\n<!-- \/ Yoast SEO plugin. -->","yoast_head_json":{"title":"TEHNOLOOGIAD - Kolm L\u00f5vi Tr\u00fckikeskus","description":"TEHNOLOOGIAD Kolm L\u00f5vi Tr\u00fckikeskus tehniline tr\u00fckk print siiditr\u00fckk plotterl\u00f5ikus sublimatsioon lamineerimine","robots":{"index":"index","follow":"follow","max-snippet":"max-snippet:-1","max-image-preview":"max-image-preview:large","max-video-preview":"max-video-preview:-1"},"canonical":"https:\/\/kolmlovitrykikeskus.ee\/?page_id=657","og_locale":"et_EE","og_type":"article","og_title":"TEHNOLOOGIAD - Kolm L\u00f5vi Tr\u00fckikeskus","og_description":"TEHNOLOOGIAD Kolm L\u00f5vi Tr\u00fckikeskus tehniline tr\u00fckk print siiditr\u00fckk plotterl\u00f5ikus sublimatsioon lamineerimine","og_url":"https:\/\/kolmlovitrykikeskus.ee\/?page_id=657","og_site_name":"Kolm L\u00f5vi Tr\u00fckikeskus","article_publisher":"https:\/\/www.facebook.com\/kolmlovitrykikeskus","article_modified_time":"2025-03-18T08:05:56+00:00","og_image":[{"width":506,"height":134,"url":"https:\/\/kolmlovitrykikeskus.ee\/wp-content\/uploads\/2024\/01\/parlmuttersinine.jpg","type":"image\/jpeg"}],"twitter_card":"summary_large_image","twitter_misc":{"Est. reading time":"5 minutit"},"schema":{"@context":"https:\/\/schema.org","@graph":[{"@type":"WebPage","@id":"https:\/\/kolmlovitrykikeskus.ee\/?page_id=657","url":"https:\/\/kolmlovitrykikeskus.ee\/?page_id=657","name":"TEHNOLOOGIAD - Kolm L\u00f5vi Tr\u00fckikeskus","isPartOf":{"@id":"https:\/\/kolmlovitrykikeskus.ee\/#website"},"primaryImageOfPage":{"@id":"https:\/\/kolmlovitrykikeskus.ee\/?page_id=657#primaryimage"},"image":{"@id":"https:\/\/kolmlovitrykikeskus.ee\/?page_id=657#primaryimage"},"thumbnailUrl":"https:\/\/kolmlovitrykikeskus.ee\/wp-content\/uploads\/2024\/01\/parlmuttersinine-300x79.jpg","datePublished":"2024-08-27T13:51:23+00:00","dateModified":"2025-03-18T08:05:56+00:00","description":"TEHNOLOOGIAD Kolm L\u00f5vi Tr\u00fckikeskus tehniline tr\u00fckk print siiditr\u00fckk plotterl\u00f5ikus sublimatsioon lamineerimine","breadcrumb":{"@id":"https:\/\/kolmlovitrykikeskus.ee\/?page_id=657#breadcrumb"},"inLanguage":"et","potentialAction":[{"@type":"ReadAction","target":["https:\/\/kolmlovitrykikeskus.ee\/?page_id=657"]}]},{"@type":"ImageObject","inLanguage":"et","@id":"https:\/\/kolmlovitrykikeskus.ee\/?page_id=657#primaryimage","url":"https:\/\/kolmlovitrykikeskus.ee\/wp-content\/uploads\/2024\/01\/parlmuttersinine.jpg","contentUrl":"https:\/\/kolmlovitrykikeskus.ee\/wp-content\/uploads\/2024\/01\/parlmuttersinine.jpg","width":506,"height":134,"caption":"parlmuttersinine"},{"@type":"BreadcrumbList","@id":"https:\/\/kolmlovitrykikeskus.ee\/?page_id=657#breadcrumb","itemListElement":[{"@type":"ListItem","position":1,"name":"Home","item":"https:\/\/kolmlovitrykikeskus.ee\/"},{"@type":"ListItem","position":2,"name":"TEHNOLOOGIAD"}]},{"@type":"WebSite","@id":"https:\/\/kolmlovitrykikeskus.ee\/#website","url":"https:\/\/kolmlovitrykikeskus.ee\/","name":"Kolm L\u00f5vi Tr\u00fckikeskus","description":"Leiame lahenduse!","publisher":{"@id":"https:\/\/kolmlovitrykikeskus.ee\/#organization"},"potentialAction":[{"@type":"SearchAction","target":{"@type":"EntryPoint","urlTemplate":"https:\/\/kolmlovitrykikeskus.ee\/?s={search_term_string}"},"query-input":{"@type":"PropertyValueSpecification","valueRequired":true,"valueName":"search_term_string"}}],"inLanguage":"et"},{"@type":"Organization","@id":"https:\/\/kolmlovitrykikeskus.ee\/#organization","name":"Kolm L\u00f5vi Tr\u00fckikeskus","url":"https:\/\/kolmlovitrykikeskus.ee\/","logo":{"@type":"ImageObject","inLanguage":"et","@id":"https:\/\/kolmlovitrykikeskus.ee\/#\/schema\/logo\/image\/","url":"https:\/\/kolmlovitrykikeskus.ee\/wp-content\/uploads\/2023\/12\/cropped-kltk-logo.png","contentUrl":"https:\/\/kolmlovitrykikeskus.ee\/wp-content\/uploads\/2023\/12\/cropped-kltk-logo.png","width":640,"height":170,"caption":"Kolm L\u00f5vi Tr\u00fckikeskus"},"image":{"@id":"https:\/\/kolmlovitrykikeskus.ee\/#\/schema\/logo\/image\/"},"sameAs":["https:\/\/www.facebook.com\/kolmlovitrykikeskus"]}]}},"_links":{"self":[{"href":"https:\/\/kolmlovitrykikeskus.ee\/index.php?rest_route=\/wp\/v2\/pages\/657","targetHints":{"allow":["GET"]}}],"collection":[{"href":"https:\/\/kolmlovitrykikeskus.ee\/index.php?rest_route=\/wp\/v2\/pages"}],"about":[{"href":"https:\/\/kolmlovitrykikeskus.ee\/index.php?rest_route=\/wp\/v2\/types\/page"}],"author":[{"embeddable":true,"href":"https:\/\/kolmlovitrykikeskus.ee\/index.php?rest_route=\/wp\/v2\/users\/5"}],"replies":[{"embeddable":true,"href":"https:\/\/kolmlovitrykikeskus.ee\/index.php?rest_route=%2Fwp%2Fv2%2Fcomments&post=657"}],"version-history":[{"count":34,"href":"https:\/\/kolmlovitrykikeskus.ee\/index.php?rest_route=\/wp\/v2\/pages\/657\/revisions"}],"predecessor-version":[{"id":4394,"href":"https:\/\/kolmlovitrykikeskus.ee\/index.php?rest_route=\/wp\/v2\/pages\/657\/revisions\/4394"}],"wp:attachment":[{"href":"https:\/\/kolmlovitrykikeskus.ee\/index.php?rest_route=%2Fwp%2Fv2%2Fmedia&parent=657"}],"curies":[{"name":"wp","href":"https:\/\/api.w.org\/{rel}","templated":true}]}}