{"id":652,"date":"2024-08-21T13:05:33","date_gmt":"2024-08-21T11:05:33","guid":{"rendered":"https:\/\/kolmlovitrykikeskus.ee\/?page_id=652"},"modified":"2024-11-17T12:30:25","modified_gmt":"2024-11-17T10:30:25","slug":"sobilikud-failid","status":"publish","type":"page","link":"https:\/\/kolmlovitrykikeskus.ee\/?page_id=652","title":{"rendered":"SOBILIKUD FAILID"},"content":{"rendered":"\r\n<h3>Valmiskujundused<\/h3>\r\n<p>Valmiskujundused tuleb esitada AI, CDR v\u00f5i PDF formaadis, mis on salvestatud PC-s\u00fcsteemi jaoks.<\/p>\r\n<ul style=\"list-style-type: disc;\">\r\n<li>Fondid peavad olema konverditud.<\/li>\r\n<li>Bleed (l\u00f5ikevaru) 3\u20135 mm.<\/li>\r\n<li>V\u00e4rvis\u00fcsteemiks peab olema CMYK v\u00f5i SPOT, s\u00f5ltuvalt t\u00f6\u00f6 v\u00e4ljundist.<\/li>\r\n<li>Failis olev bitmapgraafika peab samuti olema CMYK v\u00f5i SPOT v\u00e4rvides ning \u00f5iges resolutsioonis.<\/li>\r\n<li>Kujundus peab olema failis 1:1 suuruses, ilma poognalaotust tegemata.<\/li>\r\n<\/ul>\r\n<p><strong>NB! Kujundamiseks ei sobi kontoritarkvara!<\/strong><\/p>\r\n<h3>Algmaterjalid<\/h3>\r\n<p>Sobivateks algmaterjalideks on:<\/p>\r\n<ul>\r\n<li>Tekstid: <strong>DOC<\/strong>, <strong>TEXT<\/strong>, <strong>ODT<\/strong> formaadis failid.<\/li>\r\n<li>Arvutabelid: <strong>XLS<\/strong>, <strong>ODS<\/strong> formaadis failid.<\/li>\r\n<li>Pildid: <strong>TIF<\/strong>, <strong>JPG<\/strong>, <strong>PSD<\/strong>, <strong>BMP<\/strong>, <strong>PNG<\/strong> formaadis failid.<\/li>\r\n<li><strong>AutoCAD<\/strong> faile me avada ei saa. Palume need salvestada <strong>1:1 tr\u00fckise m\u00f5\u00f5dus PDF-formaati<\/strong>.<\/li>\r\n<\/ul>\r\n<p><strong>Kontoritarkvaras<\/strong> loodud tabelite puhul palume lisada kindlasti v\u00e4ljaprinditud versiooni v\u00f5i PDF-i.<\/p>\r\n<h3>V\u00e4rvide \u00fcleminekud ja kujunduse t\u00e4psustused<\/h3>\r\n<p>\u00dcleminekuv\u00e4rvide kasutamisel m\u00f5elge hoolikalt, kuidas ekraanil n\u00e4htav kujundus kajastub paberil. Allpool on toodud n\u00e4ide neljast erinevast tulbast:<\/p>\r\n<ul>\r\n<li>Kahel vasakpoolsel tulbal on \u00fcleminek <strong>100%\u20130%<\/strong>, kuid \u00fclemineku jaotus on kujundi pikkusel erinev.<\/li>\r\n<li>Parempoolsetes tulpades on \u00fcleminek <strong>10%\u20130%<\/strong>. K\u00f5ige parempoolne tulp on kujundatud <strong>SPOT halliga<\/strong>, ja teisel paremalt on \u00fcleminek loodud musta p\u00f5hitooniga, mille v\u00e4rvit\u00e4idlus on allservas 10%.<\/li>\r\n<\/ul>\r\n<p>Tulemus paberil v\u00f5ib olla t\u00e4iesti erinev, mist\u00f5ttu soovitame hoolikalt kaaluda v\u00e4rvivalikut.<\/p>\r\n\r\n\r\n\r\n\r\n\r\n<figure class=\"wp-block-image size-full\"><img loading=\"lazy\" decoding=\"async\" width=\"200\" height=\"170\" class=\"wp-image-653\" src=\"https:\/\/kolmlovitrykikeskus.ee\/wp-content\/uploads\/2024\/01\/fountainfill.jpg\" alt=\"fountainfill\" \/><\/figure>\r\n<h3>V\u00e4rvitoonid valmis tr\u00fckifailides<\/h3>\r\n<p>Valmis tr\u00fckifailides kasuta ainult <strong>\u00f5igeid v\u00e4rvitoone<\/strong> just selles v\u00e4rvis\u00fcsteemis (<strong>CMYK<\/strong> v\u00f5i <strong>SPOT<\/strong>), milles soovid hiljem tr\u00fckist teostada. Eba\u00f5igete v\u00e4rvitoonide kasutamine v\u00f5ib p\u00f5hjustada tr\u00fckise tulemuses soovimatuid k\u00f5rvalekaldeid.<\/p>\r\n\r\n\r\n","protected":false},"excerpt":{"rendered":"<p>Valmiskujundused Valmiskujundused tuleb esitada AI, CDR v\u00f5i PDF formaadis, mis on salvestatud PC-s\u00fcsteemi jaoks. Fondid peavad olema konverditud. Bleed (l\u00f5ikevaru) 3\u20135 mm. V\u00e4rvis\u00fcsteemiks peab olema [&#8230;]<\/p>\n","protected":false},"author":5,"featured_media":0,"parent":0,"menu_order":0,"comment_status":"closed","ping_status":"closed","template":"","meta":{"footnotes":""},"class_list":["post-652","page","type-page","status-publish","hentry"],"yoast_head":"<!-- This site is optimized with the Yoast SEO plugin v27.5 - https:\/\/yoast.com\/product\/yoast-seo-wordpress\/ -->\n<title>SOBILIKUD FAILID - Kolm L\u00f5vi Tr\u00fckikeskus<\/title>\n<meta name=\"description\" content=\"SOBILIKUD FAILID Kolm L\u00f5vi Tr\u00fckikeskus SOBILIKUD FAILID\" \/>\n<meta name=\"robots\" content=\"index, follow, max-snippet:-1, max-image-preview:large, max-video-preview:-1\" \/>\n<link rel=\"canonical\" href=\"https:\/\/kolmlovitrykikeskus.ee\/?page_id=652\" \/>\n<meta property=\"og:locale\" content=\"et_EE\" \/>\n<meta property=\"og:type\" content=\"article\" \/>\n<meta property=\"og:title\" content=\"SOBILIKUD FAILID - Kolm L\u00f5vi Tr\u00fckikeskus\" \/>\n<meta property=\"og:description\" content=\"SOBILIKUD FAILID Kolm L\u00f5vi Tr\u00fckikeskus SOBILIKUD FAILID\" \/>\n<meta property=\"og:url\" content=\"https:\/\/kolmlovitrykikeskus.ee\/?page_id=652\" \/>\n<meta property=\"og:site_name\" content=\"Kolm L\u00f5vi Tr\u00fckikeskus\" \/>\n<meta property=\"article:publisher\" content=\"https:\/\/www.facebook.com\/kolmlovitrykikeskus\" \/>\n<meta property=\"article:modified_time\" content=\"2024-11-17T10:30:25+00:00\" \/>\n<meta property=\"og:image\" content=\"https:\/\/kolmlovitrykikeskus.ee\/wp-content\/uploads\/2024\/01\/fountainfill.jpg\" \/>\n<meta name=\"twitter:card\" content=\"summary_large_image\" \/>\n<meta name=\"twitter:label1\" content=\"Est. reading time\" \/>\n\t<meta name=\"twitter:data1\" content=\"2 minutit\" \/>\n<script type=\"application\/ld+json\" class=\"yoast-schema-graph\">{\"@context\":\"https:\\\/\\\/schema.org\",\"@graph\":[{\"@type\":\"WebPage\",\"@id\":\"https:\\\/\\\/kolmlovitrykikeskus.ee\\\/?page_id=652\",\"url\":\"https:\\\/\\\/kolmlovitrykikeskus.ee\\\/?page_id=652\",\"name\":\"SOBILIKUD FAILID - Kolm L\u00f5vi Tr\u00fckikeskus\",\"isPartOf\":{\"@id\":\"https:\\\/\\\/kolmlovitrykikeskus.ee\\\/#website\"},\"primaryImageOfPage\":{\"@id\":\"https:\\\/\\\/kolmlovitrykikeskus.ee\\\/?page_id=652#primaryimage\"},\"image\":{\"@id\":\"https:\\\/\\\/kolmlovitrykikeskus.ee\\\/?page_id=652#primaryimage\"},\"thumbnailUrl\":\"https:\\\/\\\/kolmlovitrykikeskus.ee\\\/wp-content\\\/uploads\\\/2024\\\/01\\\/fountainfill.jpg\",\"datePublished\":\"2024-08-21T11:05:33+00:00\",\"dateModified\":\"2024-11-17T10:30:25+00:00\",\"description\":\"SOBILIKUD FAILID Kolm L\u00f5vi Tr\u00fckikeskus SOBILIKUD FAILID\",\"breadcrumb\":{\"@id\":\"https:\\\/\\\/kolmlovitrykikeskus.ee\\\/?page_id=652#breadcrumb\"},\"inLanguage\":\"et\",\"potentialAction\":[{\"@type\":\"ReadAction\",\"target\":[\"https:\\\/\\\/kolmlovitrykikeskus.ee\\\/?page_id=652\"]}]},{\"@type\":\"ImageObject\",\"inLanguage\":\"et\",\"@id\":\"https:\\\/\\\/kolmlovitrykikeskus.ee\\\/?page_id=652#primaryimage\",\"url\":\"https:\\\/\\\/kolmlovitrykikeskus.ee\\\/wp-content\\\/uploads\\\/2024\\\/01\\\/fountainfill.jpg\",\"contentUrl\":\"https:\\\/\\\/kolmlovitrykikeskus.ee\\\/wp-content\\\/uploads\\\/2024\\\/01\\\/fountainfill.jpg\",\"width\":200,\"height\":170,\"caption\":\"fountainfill\"},{\"@type\":\"BreadcrumbList\",\"@id\":\"https:\\\/\\\/kolmlovitrykikeskus.ee\\\/?page_id=652#breadcrumb\",\"itemListElement\":[{\"@type\":\"ListItem\",\"position\":1,\"name\":\"Home\",\"item\":\"https:\\\/\\\/kolmlovitrykikeskus.ee\\\/\"},{\"@type\":\"ListItem\",\"position\":2,\"name\":\"SOBILIKUD FAILID\"}]},{\"@type\":\"WebSite\",\"@id\":\"https:\\\/\\\/kolmlovitrykikeskus.ee\\\/#website\",\"url\":\"https:\\\/\\\/kolmlovitrykikeskus.ee\\\/\",\"name\":\"Kolm L\u00f5vi Tr\u00fckikeskus\",\"description\":\"Leiame lahenduse!\",\"publisher\":{\"@id\":\"https:\\\/\\\/kolmlovitrykikeskus.ee\\\/#organization\"},\"potentialAction\":[{\"@type\":\"SearchAction\",\"target\":{\"@type\":\"EntryPoint\",\"urlTemplate\":\"https:\\\/\\\/kolmlovitrykikeskus.ee\\\/?s={search_term_string}\"},\"query-input\":{\"@type\":\"PropertyValueSpecification\",\"valueRequired\":true,\"valueName\":\"search_term_string\"}}],\"inLanguage\":\"et\"},{\"@type\":\"Organization\",\"@id\":\"https:\\\/\\\/kolmlovitrykikeskus.ee\\\/#organization\",\"name\":\"Kolm L\u00f5vi Tr\u00fckikeskus\",\"url\":\"https:\\\/\\\/kolmlovitrykikeskus.ee\\\/\",\"logo\":{\"@type\":\"ImageObject\",\"inLanguage\":\"et\",\"@id\":\"https:\\\/\\\/kolmlovitrykikeskus.ee\\\/#\\\/schema\\\/logo\\\/image\\\/\",\"url\":\"https:\\\/\\\/kolmlovitrykikeskus.ee\\\/wp-content\\\/uploads\\\/2023\\\/12\\\/cropped-kltk-logo.png\",\"contentUrl\":\"https:\\\/\\\/kolmlovitrykikeskus.ee\\\/wp-content\\\/uploads\\\/2023\\\/12\\\/cropped-kltk-logo.png\",\"width\":640,\"height\":170,\"caption\":\"Kolm L\u00f5vi Tr\u00fckikeskus\"},\"image\":{\"@id\":\"https:\\\/\\\/kolmlovitrykikeskus.ee\\\/#\\\/schema\\\/logo\\\/image\\\/\"},\"sameAs\":[\"https:\\\/\\\/www.facebook.com\\\/kolmlovitrykikeskus\"]}]}<\/script>\n<!-- \/ Yoast SEO plugin. -->","yoast_head_json":{"title":"SOBILIKUD FAILID - Kolm L\u00f5vi Tr\u00fckikeskus","description":"SOBILIKUD FAILID Kolm L\u00f5vi Tr\u00fckikeskus SOBILIKUD FAILID","robots":{"index":"index","follow":"follow","max-snippet":"max-snippet:-1","max-image-preview":"max-image-preview:large","max-video-preview":"max-video-preview:-1"},"canonical":"https:\/\/kolmlovitrykikeskus.ee\/?page_id=652","og_locale":"et_EE","og_type":"article","og_title":"SOBILIKUD FAILID - Kolm L\u00f5vi Tr\u00fckikeskus","og_description":"SOBILIKUD FAILID Kolm L\u00f5vi Tr\u00fckikeskus SOBILIKUD FAILID","og_url":"https:\/\/kolmlovitrykikeskus.ee\/?page_id=652","og_site_name":"Kolm L\u00f5vi Tr\u00fckikeskus","article_publisher":"https:\/\/www.facebook.com\/kolmlovitrykikeskus","article_modified_time":"2024-11-17T10:30:25+00:00","og_image":[{"url":"https:\/\/kolmlovitrykikeskus.ee\/wp-content\/uploads\/2024\/01\/fountainfill.jpg","type":"","width":"","height":""}],"twitter_card":"summary_large_image","twitter_misc":{"Est. reading time":"2 minutit"},"schema":{"@context":"https:\/\/schema.org","@graph":[{"@type":"WebPage","@id":"https:\/\/kolmlovitrykikeskus.ee\/?page_id=652","url":"https:\/\/kolmlovitrykikeskus.ee\/?page_id=652","name":"SOBILIKUD FAILID - Kolm L\u00f5vi Tr\u00fckikeskus","isPartOf":{"@id":"https:\/\/kolmlovitrykikeskus.ee\/#website"},"primaryImageOfPage":{"@id":"https:\/\/kolmlovitrykikeskus.ee\/?page_id=652#primaryimage"},"image":{"@id":"https:\/\/kolmlovitrykikeskus.ee\/?page_id=652#primaryimage"},"thumbnailUrl":"https:\/\/kolmlovitrykikeskus.ee\/wp-content\/uploads\/2024\/01\/fountainfill.jpg","datePublished":"2024-08-21T11:05:33+00:00","dateModified":"2024-11-17T10:30:25+00:00","description":"SOBILIKUD FAILID Kolm L\u00f5vi Tr\u00fckikeskus SOBILIKUD FAILID","breadcrumb":{"@id":"https:\/\/kolmlovitrykikeskus.ee\/?page_id=652#breadcrumb"},"inLanguage":"et","potentialAction":[{"@type":"ReadAction","target":["https:\/\/kolmlovitrykikeskus.ee\/?page_id=652"]}]},{"@type":"ImageObject","inLanguage":"et","@id":"https:\/\/kolmlovitrykikeskus.ee\/?page_id=652#primaryimage","url":"https:\/\/kolmlovitrykikeskus.ee\/wp-content\/uploads\/2024\/01\/fountainfill.jpg","contentUrl":"https:\/\/kolmlovitrykikeskus.ee\/wp-content\/uploads\/2024\/01\/fountainfill.jpg","width":200,"height":170,"caption":"fountainfill"},{"@type":"BreadcrumbList","@id":"https:\/\/kolmlovitrykikeskus.ee\/?page_id=652#breadcrumb","itemListElement":[{"@type":"ListItem","position":1,"name":"Home","item":"https:\/\/kolmlovitrykikeskus.ee\/"},{"@type":"ListItem","position":2,"name":"SOBILIKUD FAILID"}]},{"@type":"WebSite","@id":"https:\/\/kolmlovitrykikeskus.ee\/#website","url":"https:\/\/kolmlovitrykikeskus.ee\/","name":"Kolm L\u00f5vi Tr\u00fckikeskus","description":"Leiame lahenduse!","publisher":{"@id":"https:\/\/kolmlovitrykikeskus.ee\/#organization"},"potentialAction":[{"@type":"SearchAction","target":{"@type":"EntryPoint","urlTemplate":"https:\/\/kolmlovitrykikeskus.ee\/?s={search_term_string}"},"query-input":{"@type":"PropertyValueSpecification","valueRequired":true,"valueName":"search_term_string"}}],"inLanguage":"et"},{"@type":"Organization","@id":"https:\/\/kolmlovitrykikeskus.ee\/#organization","name":"Kolm L\u00f5vi Tr\u00fckikeskus","url":"https:\/\/kolmlovitrykikeskus.ee\/","logo":{"@type":"ImageObject","inLanguage":"et","@id":"https:\/\/kolmlovitrykikeskus.ee\/#\/schema\/logo\/image\/","url":"https:\/\/kolmlovitrykikeskus.ee\/wp-content\/uploads\/2023\/12\/cropped-kltk-logo.png","contentUrl":"https:\/\/kolmlovitrykikeskus.ee\/wp-content\/uploads\/2023\/12\/cropped-kltk-logo.png","width":640,"height":170,"caption":"Kolm L\u00f5vi Tr\u00fckikeskus"},"image":{"@id":"https:\/\/kolmlovitrykikeskus.ee\/#\/schema\/logo\/image\/"},"sameAs":["https:\/\/www.facebook.com\/kolmlovitrykikeskus"]}]}},"_links":{"self":[{"href":"https:\/\/kolmlovitrykikeskus.ee\/index.php?rest_route=\/wp\/v2\/pages\/652","targetHints":{"allow":["GET"]}}],"collection":[{"href":"https:\/\/kolmlovitrykikeskus.ee\/index.php?rest_route=\/wp\/v2\/pages"}],"about":[{"href":"https:\/\/kolmlovitrykikeskus.ee\/index.php?rest_route=\/wp\/v2\/types\/page"}],"author":[{"embeddable":true,"href":"https:\/\/kolmlovitrykikeskus.ee\/index.php?rest_route=\/wp\/v2\/users\/5"}],"replies":[{"embeddable":true,"href":"https:\/\/kolmlovitrykikeskus.ee\/index.php?rest_route=%2Fwp%2Fv2%2Fcomments&post=652"}],"version-history":[{"count":8,"href":"https:\/\/kolmlovitrykikeskus.ee\/index.php?rest_route=\/wp\/v2\/pages\/652\/revisions"}],"predecessor-version":[{"id":3979,"href":"https:\/\/kolmlovitrykikeskus.ee\/index.php?rest_route=\/wp\/v2\/pages\/652\/revisions\/3979"}],"wp:attachment":[{"href":"https:\/\/kolmlovitrykikeskus.ee\/index.php?rest_route=%2Fwp%2Fv2%2Fmedia&parent=652"}],"curies":[{"name":"wp","href":"https:\/\/api.w.org\/{rel}","templated":true}]}}