{"id":609,"date":"2024-08-08T21:23:25","date_gmt":"2024-08-08T19:23:25","guid":{"rendered":"https:\/\/kolmlovitrykikeskus.ee\/?page_id=609"},"modified":"2024-12-25T15:26:21","modified_gmt":"2024-12-25T13:26:21","slug":"varvisusteemid-varvitabelid","status":"publish","type":"page","link":"https:\/\/kolmlovitrykikeskus.ee\/?page_id=609","title":{"rendered":"V\u00c4RVIS\u00dcSTEEMID ja -TABELID"},"content":{"rendered":"\r\n<p><a href=\"https:\/\/kolmlovitrykikeskus.ee\/?page_id=1685\">SPOT v\u00e4rvid<\/a> segatakse kokku\u00a0p\u00f5hitoonidest\u00a0v\u00e4rvikataloogide alusel retseptide j\u00e4rgi. Disainis ja tr\u00fckis on k\u00f5ige levinum firma Pantone poolt arendatav s\u00fcsteem, mis on kujunenud faktiliseks standardiks.<\/p>\r\n\r\n\r\n\r\n<p class=\"wp-block-image size-full\"><img loading=\"lazy\" decoding=\"async\" class=\"alignnone wp-image-610 size-full\" src=\"https:\/\/kolmlovitrykikeskus.ee\/wp-content\/uploads\/2024\/01\/pantone.jpg\" alt=\"pantone\" width=\"300\" height=\"204\" \/><\/p>\r\n\r\n\r\n\r\n<p>CMYK v\u00e4rvide tr\u00fckkimisel kasutatakse tavaliselt k\u00f5iki nelja CMYK-s\u00fcsteemi p\u00f5hitoone. V\u00e4rvid tr\u00fckitakse paberile rastrina, millest moodustub pilt vaataja silmas.<\/p>\r\n\r\n\r\n\r\n<p class=\"wp-block-image size-full\"><img loading=\"lazy\" decoding=\"async\" width=\"176\" height=\"50\" class=\"wp-image-611\" src=\"https:\/\/kolmlovitrykikeskus.ee\/wp-content\/uploads\/2024\/01\/cmyk.jpg\" alt=\"smyk\" \/>Tr\u00fckitakse nelja p\u00f5hitooniga: cyan, magenta, kollane ja must.\u00a0<\/p>\r\n\r\n\r\n\r\n<p>L\u00f5pptulemus:<\/p>\r\n\r\n\r\n\r\n<p class=\"wp-block-image size-full\"><img loading=\"lazy\" decoding=\"async\" class=\"alignnone wp-image-612 size-full\" src=\"https:\/\/kolmlovitrykikeskus.ee\/wp-content\/uploads\/2024\/01\/cmyk_2.jpg\" alt=\"smyk-2\" width=\"180\" height=\"134\" \/><\/p>\r\n\r\n\r\n\r\n<p>Osav\u00e4rvid eraldi:<\/p>\r\n\r\n\r\n\r\n<p class=\"wp-block-image size-full\"><img loading=\"lazy\" decoding=\"async\" width=\"180\" height=\"538\" class=\"wp-image-614 alignnone\" src=\"https:\/\/kolmlovitrykikeskus.ee\/wp-content\/uploads\/2024\/01\/cmyk_1-1.jpg\" alt=\"smyk-1\" srcset=\"https:\/\/kolmlovitrykikeskus.ee\/wp-content\/uploads\/2024\/01\/cmyk_1-1.jpg 180w, https:\/\/kolmlovitrykikeskus.ee\/wp-content\/uploads\/2024\/01\/cmyk_1-1-100x300.jpg 100w\" sizes=\"auto, (max-width: 180px) 100vw, 180px\" \/><\/p>\r\n\r\n\r\n\r\n<p>RGB v\u00e4rvis\u00fcsteemis moodustuvad v\u00e4rvitoonid kolme p\u00f5hivalguse (punane, roheline ja sinine) segunemisel. Igap\u00e4evaselt kasutatakse seda s\u00fcsteemi kujutiste moodustamiseks monitoridel, TV-ekraanidel ja lavavalgustuses teatrietendustel.<\/p>\r\n\r\n\r\n\r\n<p>RGB-s v\u00e4rvi moodustumine<img loading=\"lazy\" decoding=\"async\" width=\"100\" height=\"100\" class=\"wp-image-646\" style=\"width: 100px;\" src=\"https:\/\/kolmlovitrykikeskus.ee\/wp-content\/uploads\/2024\/01\/rgb_circles.gif\" alt=\"rgb\" \/>\u00a0ja CMYK\u00a0<img loading=\"lazy\" decoding=\"async\" width=\"100\" height=\"100\" class=\"wp-image-647\" style=\"width: 100px;\" src=\"https:\/\/kolmlovitrykikeskus.ee\/wp-content\/uploads\/2024\/01\/cmyk_circles.gif\" alt=\"cmyk-circles\" \/><\/p>\r\n\r\n\r\n\r\n<p>Kokkuv\u00f5tvalt: CMYK on v\u00e4rvis\u00fcsteem, milles tr\u00fckitakse k\u00f5ik v\u00e4rvitoonid alati p\u00f5hitoonidena. V\u00e4rvi segunemine toimub optiliselt. CMYK p\u00f5hitoone on 4. SPOT toonid segatakse enne tr\u00fckki spetsiaalselt retsepti j\u00e4rgi valmis ja siis tr\u00fckitakse. SPOT p\u00f5hitoone on 14.\u00a0RGB v\u00e4rvis\u00fcsteemis ei ole v\u00f5imalik printida ega tr\u00fckkida.<\/p>\r\n\r\n\r\n<hr class=\"wp-block-separator has-alpha-channel-opacity\" \/>\r\n\r\n\r\n<p><strong><a>Abimaterjal v\u00e4rvide valimiseks<\/a><\/strong>\u00a0(v\u00e4rvitabelid internetis on ainult indikatsioon mitte standard millest juhinduda, kuna ekraanide eredus ja kontrastsus v\u00f5ib olla erinevalt seadistatud):\u00a0<\/p>\r\n\r\n\r\n\r\n<p>1. HTML koodid\u00a0<a href=\"https:\/\/html-color.codes\/color-charts\"><u>https:\/\/html-color.codes\/color-charts<\/u><\/a><\/p>\r\n\r\n\r\n\r\n<p>2. RAL\u00a0v\u00e4rvide tabel\u00a0<a href=\"http:\/\/www.ralcolor.com\/\"><u>http:\/\/www.ralcolor.com\/<\/u><\/a><\/p>\r\n\r\n\r\n\r\n<p>3. SPOT v\u00e4rvide indikatiivne\u00a0<a href=\"https:\/\/kolmlovitrykikeskus.ee\/?page_id=1685\"><u>v\u00f5rdlustabel<\/u><\/a>.<\/p>\r\n\r\n\r\n\r\n<p>4. V\u00e4rvim\u00e4\u00e4ramise indikatsioon\u00a0<a href=\"http:\/\/www.ginifab.com\/feeds\/pms\/pms_color_in_image\"><u>fotolt<\/u><\/a>.\u00a0<\/p>\r\n\r\n\r\n\r\n<p>5. RGB toonide konvertimine SPOT toonideks\u00a0<a href=\"http:\/\/www.ginifab.com\/feeds\/pms\/\"><u>http:\/\/www.ginifab.com\/feeds\/pms\/<\/u><\/a><\/p>\r\n\r\n\r\n\r\n\r\n\r\n<p>Ekraanilt v\u00e4rve vaadates peab kindlasti arvestama sellega et RGB-valgusega ekraanil moodustatud v\u00f5ib olla oluliselt erksam kui v\u00e4rviga paberile tr\u00fckitud v\u00e4rvitoon.<\/p>\r\n","protected":false},"excerpt":{"rendered":"<p>SPOT v\u00e4rvid segatakse kokku\u00a0p\u00f5hitoonidest\u00a0v\u00e4rvikataloogide alusel retseptide j\u00e4rgi. Disainis ja tr\u00fckis on k\u00f5ige levinum firma Pantone poolt arendatav s\u00fcsteem, mis on kujunenud faktiliseks standardiks. CMYK v\u00e4rvide [&#8230;]<\/p>\n","protected":false},"author":5,"featured_media":0,"parent":0,"menu_order":0,"comment_status":"closed","ping_status":"closed","template":"","meta":{"footnotes":""},"class_list":["post-609","page","type-page","status-publish","hentry"],"yoast_head":"<!-- This site is optimized with the Yoast SEO plugin v27.4 - https:\/\/yoast.com\/product\/yoast-seo-wordpress\/ -->\n<title>V\u00c4RVIS\u00dcSTEEMID ja -TABELID - Kolm L\u00f5vi Tr\u00fckikeskus<\/title>\n<meta name=\"description\" content=\"V\u00c4RVIS\u00dcSTEEMID ja -TABELID Kolm L\u00f5vi Tr\u00fckikeskus RGB CMYK tr\u00fckk print tr\u00fckkimine printimine kleeps kleepekas\" \/>\n<meta name=\"robots\" content=\"index, follow, max-snippet:-1, max-image-preview:large, max-video-preview:-1\" \/>\n<link rel=\"canonical\" href=\"https:\/\/kolmlovitrykikeskus.ee\/?page_id=609\" \/>\n<meta property=\"og:locale\" content=\"et_EE\" \/>\n<meta property=\"og:type\" content=\"article\" \/>\n<meta property=\"og:title\" content=\"V\u00c4RVIS\u00dcSTEEMID ja -TABELID - Kolm L\u00f5vi Tr\u00fckikeskus\" \/>\n<meta property=\"og:description\" content=\"V\u00c4RVIS\u00dcSTEEMID ja -TABELID Kolm L\u00f5vi Tr\u00fckikeskus RGB CMYK tr\u00fckk print tr\u00fckkimine printimine kleeps kleepekas\" \/>\n<meta property=\"og:url\" content=\"https:\/\/kolmlovitrykikeskus.ee\/?page_id=609\" \/>\n<meta property=\"og:site_name\" content=\"Kolm L\u00f5vi Tr\u00fckikeskus\" \/>\n<meta property=\"article:publisher\" content=\"https:\/\/www.facebook.com\/kolmlovitrykikeskus\" \/>\n<meta property=\"article:modified_time\" content=\"2024-12-25T13:26:21+00:00\" \/>\n<meta property=\"og:image\" content=\"https:\/\/kolmlovitrykikeskus.ee\/wp-content\/uploads\/2024\/01\/pantone.jpg\" \/>\n\t<meta property=\"og:image:width\" content=\"300\" \/>\n\t<meta property=\"og:image:height\" content=\"204\" \/>\n\t<meta property=\"og:image:type\" content=\"image\/jpeg\" \/>\n<meta name=\"twitter:card\" content=\"summary_large_image\" \/>\n<meta name=\"twitter:label1\" content=\"Est. reading time\" \/>\n\t<meta name=\"twitter:data1\" content=\"3 minutit\" \/>\n<script type=\"application\/ld+json\" class=\"yoast-schema-graph\">{\"@context\":\"https:\\\/\\\/schema.org\",\"@graph\":[{\"@type\":\"WebPage\",\"@id\":\"https:\\\/\\\/kolmlovitrykikeskus.ee\\\/?page_id=609\",\"url\":\"https:\\\/\\\/kolmlovitrykikeskus.ee\\\/?page_id=609\",\"name\":\"V\u00c4RVIS\u00dcSTEEMID ja -TABELID - Kolm L\u00f5vi Tr\u00fckikeskus\",\"isPartOf\":{\"@id\":\"https:\\\/\\\/kolmlovitrykikeskus.ee\\\/#website\"},\"primaryImageOfPage\":{\"@id\":\"https:\\\/\\\/kolmlovitrykikeskus.ee\\\/?page_id=609#primaryimage\"},\"image\":{\"@id\":\"https:\\\/\\\/kolmlovitrykikeskus.ee\\\/?page_id=609#primaryimage\"},\"thumbnailUrl\":\"https:\\\/\\\/kolmlovitrykikeskus.ee\\\/wp-content\\\/uploads\\\/2024\\\/01\\\/pantone.jpg\",\"datePublished\":\"2024-08-08T19:23:25+00:00\",\"dateModified\":\"2024-12-25T13:26:21+00:00\",\"description\":\"V\u00c4RVIS\u00dcSTEEMID ja -TABELID Kolm L\u00f5vi Tr\u00fckikeskus RGB CMYK tr\u00fckk print tr\u00fckkimine printimine kleeps kleepekas\",\"breadcrumb\":{\"@id\":\"https:\\\/\\\/kolmlovitrykikeskus.ee\\\/?page_id=609#breadcrumb\"},\"inLanguage\":\"et\",\"potentialAction\":[{\"@type\":\"ReadAction\",\"target\":[\"https:\\\/\\\/kolmlovitrykikeskus.ee\\\/?page_id=609\"]}]},{\"@type\":\"ImageObject\",\"inLanguage\":\"et\",\"@id\":\"https:\\\/\\\/kolmlovitrykikeskus.ee\\\/?page_id=609#primaryimage\",\"url\":\"https:\\\/\\\/kolmlovitrykikeskus.ee\\\/wp-content\\\/uploads\\\/2024\\\/01\\\/pantone.jpg\",\"contentUrl\":\"https:\\\/\\\/kolmlovitrykikeskus.ee\\\/wp-content\\\/uploads\\\/2024\\\/01\\\/pantone.jpg\",\"width\":300,\"height\":204,\"caption\":\"pantone\"},{\"@type\":\"BreadcrumbList\",\"@id\":\"https:\\\/\\\/kolmlovitrykikeskus.ee\\\/?page_id=609#breadcrumb\",\"itemListElement\":[{\"@type\":\"ListItem\",\"position\":1,\"name\":\"Home\",\"item\":\"https:\\\/\\\/kolmlovitrykikeskus.ee\\\/\"},{\"@type\":\"ListItem\",\"position\":2,\"name\":\"V\u00c4RVIS\u00dcSTEEMID ja -TABELID\"}]},{\"@type\":\"WebSite\",\"@id\":\"https:\\\/\\\/kolmlovitrykikeskus.ee\\\/#website\",\"url\":\"https:\\\/\\\/kolmlovitrykikeskus.ee\\\/\",\"name\":\"Kolm L\u00f5vi Tr\u00fckikeskus\",\"description\":\"Leiame lahenduse!\",\"publisher\":{\"@id\":\"https:\\\/\\\/kolmlovitrykikeskus.ee\\\/#organization\"},\"potentialAction\":[{\"@type\":\"SearchAction\",\"target\":{\"@type\":\"EntryPoint\",\"urlTemplate\":\"https:\\\/\\\/kolmlovitrykikeskus.ee\\\/?s={search_term_string}\"},\"query-input\":{\"@type\":\"PropertyValueSpecification\",\"valueRequired\":true,\"valueName\":\"search_term_string\"}}],\"inLanguage\":\"et\"},{\"@type\":\"Organization\",\"@id\":\"https:\\\/\\\/kolmlovitrykikeskus.ee\\\/#organization\",\"name\":\"Kolm L\u00f5vi Tr\u00fckikeskus\",\"url\":\"https:\\\/\\\/kolmlovitrykikeskus.ee\\\/\",\"logo\":{\"@type\":\"ImageObject\",\"inLanguage\":\"et\",\"@id\":\"https:\\\/\\\/kolmlovitrykikeskus.ee\\\/#\\\/schema\\\/logo\\\/image\\\/\",\"url\":\"https:\\\/\\\/kolmlovitrykikeskus.ee\\\/wp-content\\\/uploads\\\/2023\\\/12\\\/cropped-kltk-logo.png\",\"contentUrl\":\"https:\\\/\\\/kolmlovitrykikeskus.ee\\\/wp-content\\\/uploads\\\/2023\\\/12\\\/cropped-kltk-logo.png\",\"width\":640,\"height\":170,\"caption\":\"Kolm L\u00f5vi Tr\u00fckikeskus\"},\"image\":{\"@id\":\"https:\\\/\\\/kolmlovitrykikeskus.ee\\\/#\\\/schema\\\/logo\\\/image\\\/\"},\"sameAs\":[\"https:\\\/\\\/www.facebook.com\\\/kolmlovitrykikeskus\"]}]}<\/script>\n<!-- \/ Yoast SEO plugin. -->","yoast_head_json":{"title":"V\u00c4RVIS\u00dcSTEEMID ja -TABELID - Kolm L\u00f5vi Tr\u00fckikeskus","description":"V\u00c4RVIS\u00dcSTEEMID ja -TABELID Kolm L\u00f5vi Tr\u00fckikeskus RGB CMYK tr\u00fckk print tr\u00fckkimine printimine kleeps kleepekas","robots":{"index":"index","follow":"follow","max-snippet":"max-snippet:-1","max-image-preview":"max-image-preview:large","max-video-preview":"max-video-preview:-1"},"canonical":"https:\/\/kolmlovitrykikeskus.ee\/?page_id=609","og_locale":"et_EE","og_type":"article","og_title":"V\u00c4RVIS\u00dcSTEEMID ja -TABELID - Kolm L\u00f5vi Tr\u00fckikeskus","og_description":"V\u00c4RVIS\u00dcSTEEMID ja -TABELID Kolm L\u00f5vi Tr\u00fckikeskus RGB CMYK tr\u00fckk print tr\u00fckkimine printimine kleeps kleepekas","og_url":"https:\/\/kolmlovitrykikeskus.ee\/?page_id=609","og_site_name":"Kolm L\u00f5vi Tr\u00fckikeskus","article_publisher":"https:\/\/www.facebook.com\/kolmlovitrykikeskus","article_modified_time":"2024-12-25T13:26:21+00:00","og_image":[{"width":300,"height":204,"url":"https:\/\/kolmlovitrykikeskus.ee\/wp-content\/uploads\/2024\/01\/pantone.jpg","type":"image\/jpeg"}],"twitter_card":"summary_large_image","twitter_misc":{"Est. reading time":"3 minutit"},"schema":{"@context":"https:\/\/schema.org","@graph":[{"@type":"WebPage","@id":"https:\/\/kolmlovitrykikeskus.ee\/?page_id=609","url":"https:\/\/kolmlovitrykikeskus.ee\/?page_id=609","name":"V\u00c4RVIS\u00dcSTEEMID ja -TABELID - Kolm L\u00f5vi Tr\u00fckikeskus","isPartOf":{"@id":"https:\/\/kolmlovitrykikeskus.ee\/#website"},"primaryImageOfPage":{"@id":"https:\/\/kolmlovitrykikeskus.ee\/?page_id=609#primaryimage"},"image":{"@id":"https:\/\/kolmlovitrykikeskus.ee\/?page_id=609#primaryimage"},"thumbnailUrl":"https:\/\/kolmlovitrykikeskus.ee\/wp-content\/uploads\/2024\/01\/pantone.jpg","datePublished":"2024-08-08T19:23:25+00:00","dateModified":"2024-12-25T13:26:21+00:00","description":"V\u00c4RVIS\u00dcSTEEMID ja -TABELID Kolm L\u00f5vi Tr\u00fckikeskus RGB CMYK tr\u00fckk print tr\u00fckkimine printimine kleeps kleepekas","breadcrumb":{"@id":"https:\/\/kolmlovitrykikeskus.ee\/?page_id=609#breadcrumb"},"inLanguage":"et","potentialAction":[{"@type":"ReadAction","target":["https:\/\/kolmlovitrykikeskus.ee\/?page_id=609"]}]},{"@type":"ImageObject","inLanguage":"et","@id":"https:\/\/kolmlovitrykikeskus.ee\/?page_id=609#primaryimage","url":"https:\/\/kolmlovitrykikeskus.ee\/wp-content\/uploads\/2024\/01\/pantone.jpg","contentUrl":"https:\/\/kolmlovitrykikeskus.ee\/wp-content\/uploads\/2024\/01\/pantone.jpg","width":300,"height":204,"caption":"pantone"},{"@type":"BreadcrumbList","@id":"https:\/\/kolmlovitrykikeskus.ee\/?page_id=609#breadcrumb","itemListElement":[{"@type":"ListItem","position":1,"name":"Home","item":"https:\/\/kolmlovitrykikeskus.ee\/"},{"@type":"ListItem","position":2,"name":"V\u00c4RVIS\u00dcSTEEMID ja -TABELID"}]},{"@type":"WebSite","@id":"https:\/\/kolmlovitrykikeskus.ee\/#website","url":"https:\/\/kolmlovitrykikeskus.ee\/","name":"Kolm L\u00f5vi Tr\u00fckikeskus","description":"Leiame lahenduse!","publisher":{"@id":"https:\/\/kolmlovitrykikeskus.ee\/#organization"},"potentialAction":[{"@type":"SearchAction","target":{"@type":"EntryPoint","urlTemplate":"https:\/\/kolmlovitrykikeskus.ee\/?s={search_term_string}"},"query-input":{"@type":"PropertyValueSpecification","valueRequired":true,"valueName":"search_term_string"}}],"inLanguage":"et"},{"@type":"Organization","@id":"https:\/\/kolmlovitrykikeskus.ee\/#organization","name":"Kolm L\u00f5vi Tr\u00fckikeskus","url":"https:\/\/kolmlovitrykikeskus.ee\/","logo":{"@type":"ImageObject","inLanguage":"et","@id":"https:\/\/kolmlovitrykikeskus.ee\/#\/schema\/logo\/image\/","url":"https:\/\/kolmlovitrykikeskus.ee\/wp-content\/uploads\/2023\/12\/cropped-kltk-logo.png","contentUrl":"https:\/\/kolmlovitrykikeskus.ee\/wp-content\/uploads\/2023\/12\/cropped-kltk-logo.png","width":640,"height":170,"caption":"Kolm L\u00f5vi Tr\u00fckikeskus"},"image":{"@id":"https:\/\/kolmlovitrykikeskus.ee\/#\/schema\/logo\/image\/"},"sameAs":["https:\/\/www.facebook.com\/kolmlovitrykikeskus"]}]}},"_links":{"self":[{"href":"https:\/\/kolmlovitrykikeskus.ee\/index.php?rest_route=\/wp\/v2\/pages\/609","targetHints":{"allow":["GET"]}}],"collection":[{"href":"https:\/\/kolmlovitrykikeskus.ee\/index.php?rest_route=\/wp\/v2\/pages"}],"about":[{"href":"https:\/\/kolmlovitrykikeskus.ee\/index.php?rest_route=\/wp\/v2\/types\/page"}],"author":[{"embeddable":true,"href":"https:\/\/kolmlovitrykikeskus.ee\/index.php?rest_route=\/wp\/v2\/users\/5"}],"replies":[{"embeddable":true,"href":"https:\/\/kolmlovitrykikeskus.ee\/index.php?rest_route=%2Fwp%2Fv2%2Fcomments&post=609"}],"version-history":[{"count":13,"href":"https:\/\/kolmlovitrykikeskus.ee\/index.php?rest_route=\/wp\/v2\/pages\/609\/revisions"}],"predecessor-version":[{"id":4304,"href":"https:\/\/kolmlovitrykikeskus.ee\/index.php?rest_route=\/wp\/v2\/pages\/609\/revisions\/4304"}],"wp:attachment":[{"href":"https:\/\/kolmlovitrykikeskus.ee\/index.php?rest_route=%2Fwp%2Fv2%2Fmedia&parent=609"}],"curies":[{"name":"wp","href":"https:\/\/api.w.org\/{rel}","templated":true}]}}