{"id":538,"date":"2024-08-27T13:42:32","date_gmt":"2024-08-27T11:42:32","guid":{"rendered":"https:\/\/kolmlovitrykikeskus.ee\/?page_id=538"},"modified":"2024-10-20T10:18:53","modified_gmt":"2024-10-20T08:18:53","slug":"visiitkaartide-kujundusmallid","status":"publish","type":"page","link":"https:\/\/kolmlovitrykikeskus.ee\/?page_id=538","title":{"rendered":"Visiitkaartide kujundusmallid"},"content":{"rendered":"<p><\/p>\r\n<p>K\u00e4esoleval lehek\u00fcljel on m\u00f5ned visiitkaartide kujundusmallid. Vali siit endale sobiv ja me kohandame selle sinu jaoks sobivaks.<\/p>\r\n<p>\r\n\r\n<\/p>\r\n<p>Muutmata kujul disainimalli kasutamine lisab esmatellimusele 10\u20ac+km.<br \/>V\u00f5imalik vahetada erinevaid kirjastiile e. fonte<strong><span style=\"color: #0000ff;\"><a style=\"color: #0000ff;\" href=\"https:\/\/kolmlovitrykikeskus.ee\/?page_id=613\"> (vaata siit)<\/a>.<\/span><\/strong><br \/>Disainimalli kohandamine kliendi soovidele vastavaks alates 15.00\u20ac+km.<br \/>Suuremate ja mahukamate disainide puhul arvestame 29.17\u20ac+km tunnihinnaga (arvestus 0,5h t\u00e4psusega). Logode ja graafika vektoriseerimine, fontide otsimine on samuti tunnihinna arvestusega.<br \/>V\u00f5imalik meilt osta erinevaid kirjastiilide litsentse (alates 10\u20ac+km st. suuresti oleneb autorist v\u00f5ib litsentsi hind olla ka tublisti k\u00f5rgem).<\/p>\r\n<p>\r\n\r\n<\/p>\r\n<p>Fontide eelm\u00e4\u00e4ramiseks v\u00f5ib kasutada <span style=\"color: #0000ff;\"><a style=\"color: #0000ff;\" href=\"https:\/\/www.myfonts.com\/pages\/whatthefont\"><strong>http:\/\/www.myfonts.com\/WhatTheFont\/<\/strong>\u00a0<\/a><\/span><\/p>\r\n<p>\r\n\r\n<\/p>\r\n<p>Visiitkaarte saame valmistada kolmes erinevas tr\u00fckitehnoloogias:<br \/>SIIDITR\u00dcKK, OFSETTR\u00dcKK ja PRINTMASTERIGA.<br \/>Tule vaatama materjale ja n\u00e4idiseid, <span style=\"color: #0000ff;\"><a style=\"color: #0000ff;\" href=\"https:\/\/kolmlovitrykikeskus.ee\/?page_id=73\"><strong>(asukohta vt SIIT)<\/strong>.<\/a><\/span><\/p>\r\n<p>1\u00a0 <img loading=\"lazy\" decoding=\"async\" width=\"217\" height=\"120\" class=\"wp-image-562\" src=\"https:\/\/kolmlovitrykikeskus.ee\/wp-content\/uploads\/2024\/01\/v1.gif\" alt=\"v1\" \/>\u00a0 \u00a0 \u00a02\u00a0 <img loading=\"lazy\" decoding=\"async\" width=\"217\" height=\"120\" class=\"wp-image-561\" src=\"https:\/\/kolmlovitrykikeskus.ee\/wp-content\/uploads\/2024\/01\/v2.gif\" alt=\"v2\" \/>\u00a0 \u00a0 \u00a03 \u00a0<img loading=\"lazy\" decoding=\"async\" width=\"217\" height=\"120\" class=\"wp-image-560\" src=\"https:\/\/kolmlovitrykikeskus.ee\/wp-content\/uploads\/2024\/01\/v3.gif\" alt=\"v3\r\n\" \/><\/p>\r\n<p>\r\n\r\n\r\n\r\n\r\n\r\n\r\n\r\n\r\n\r\n\r\n\r\n\r\n\r\n\r\n\r\n<\/p>\r\n<p>4\u00a0 <img loading=\"lazy\" decoding=\"async\" width=\"217\" height=\"120\" class=\"wp-image-559\" src=\"https:\/\/kolmlovitrykikeskus.ee\/wp-content\/uploads\/2024\/01\/v4.gif\" alt=\"v4\" \/>\u00a0 \u00a0 \u00a05\u00a0 <img loading=\"lazy\" decoding=\"async\" width=\"217\" height=\"120\" class=\"wp-image-558\" src=\"https:\/\/kolmlovitrykikeskus.ee\/wp-content\/uploads\/2024\/01\/v5.gif\" alt=\"Visiitkaart5\" \/>\u00a0 \u00a0 \u00a06 \u00a0<img loading=\"lazy\" decoding=\"async\" width=\"217\" height=\"120\" class=\"wp-image-557\" src=\"https:\/\/kolmlovitrykikeskus.ee\/wp-content\/uploads\/2024\/01\/v6.gif\" alt=\"V6\" \/><\/p>\r\n<p>\r\n\r\n\r\n\r\n\r\n\r\n\r\n\r\n\r\n\r\n\r\n\r\n<\/p>\r\n<p>7\u00a0 <img loading=\"lazy\" decoding=\"async\" width=\"217\" height=\"120\" class=\"wp-image-556\" src=\"https:\/\/kolmlovitrykikeskus.ee\/wp-content\/uploads\/2024\/01\/v7.gif\" alt=\"v7\" \/>\u00a0 \u00a0 \u00a08\u00a0 <img loading=\"lazy\" decoding=\"async\" width=\"217\" height=\"120\" class=\"wp-image-555\" src=\"https:\/\/kolmlovitrykikeskus.ee\/wp-content\/uploads\/2024\/01\/v8.gif\" alt=\"v8\" \/>\u00a0 \u00a0 \u00a09\u00a0 <img loading=\"lazy\" decoding=\"async\" width=\"215\" height=\"118\" class=\"wp-image-554\" src=\"https:\/\/kolmlovitrykikeskus.ee\/wp-content\/uploads\/2024\/01\/v9.gif\" alt=\"v9\" \/><\/p>\r\n<p>\r\n\r\n\r\n\r\n\r\n\r\n\r\n\r\n\r\n\r\n\r\n\r\n<\/p>\r\n<p>10 <img loading=\"lazy\" decoding=\"async\" width=\"217\" height=\"120\" class=\"wp-image-553\" src=\"https:\/\/kolmlovitrykikeskus.ee\/wp-content\/uploads\/2024\/01\/v10.gif\" alt=\"v10\" \/>\u00a0 \u00a0 11 <img loading=\"lazy\" decoding=\"async\" width=\"217\" height=\"120\" class=\"wp-image-552\" src=\"https:\/\/kolmlovitrykikeskus.ee\/wp-content\/uploads\/2024\/01\/v11.gif\" alt=\"v11\" \/>\u00a0 \u00a0 12 <img loading=\"lazy\" decoding=\"async\" width=\"217\" height=\"120\" class=\"wp-image-551\" src=\"https:\/\/kolmlovitrykikeskus.ee\/wp-content\/uploads\/2024\/01\/v12.gif\" alt=\"v12\" \/><\/p>\r\n<p>\r\n\r\n\r\n\r\n\r\n\r\n\r\n\r\n\r\n\r\n\r\n\r\n<\/p>\r\n<p>13 <img loading=\"lazy\" decoding=\"async\" width=\"217\" height=\"120\" class=\"wp-image-550\" src=\"https:\/\/kolmlovitrykikeskus.ee\/wp-content\/uploads\/2024\/01\/v13.gif\" alt=\"v13\" \/>\u00a0 \u00a0 14 <img loading=\"lazy\" decoding=\"async\" width=\"217\" height=\"120\" class=\"wp-image-549\" src=\"https:\/\/kolmlovitrykikeskus.ee\/wp-content\/uploads\/2024\/01\/v14.gif\" alt=\"v14\" \/>\u00a0 \u00a0 15 <img loading=\"lazy\" decoding=\"async\" width=\"217\" height=\"120\" class=\"wp-image-548\" src=\"https:\/\/kolmlovitrykikeskus.ee\/wp-content\/uploads\/2024\/01\/v15.gif\" alt=\"v15\" \/><\/p>\r\n<p>\r\n\r\n\r\n\r\n\r\n\r\n\r\n\r\n\r\n\r\n\r\n\r\n<\/p>\r\n<p>16 <img loading=\"lazy\" decoding=\"async\" width=\"217\" height=\"120\" class=\"wp-image-547\" src=\"https:\/\/kolmlovitrykikeskus.ee\/wp-content\/uploads\/2024\/01\/v16.gif\" alt=\"v16\" \/>\u00a0 \u00a0 17 <img loading=\"lazy\" decoding=\"async\" width=\"214\" height=\"120\" class=\"wp-image-546\" src=\"https:\/\/kolmlovitrykikeskus.ee\/wp-content\/uploads\/2024\/01\/v17.gif\" alt=\"v17\" \/>\u00a0 \u00a0 \u00a018 <img loading=\"lazy\" decoding=\"async\" width=\"214\" height=\"120\" class=\"wp-image-545\" src=\"https:\/\/kolmlovitrykikeskus.ee\/wp-content\/uploads\/2024\/01\/v18.gif\" alt=\"v18\" \/><\/p>\r\n<p>\r\n\r\n\r\n\r\n\r\n\r\n\r\n\r\n\r\n\r\n\r\n\r\n<\/p>\r\n<p>19 <img loading=\"lazy\" decoding=\"async\" width=\"214\" height=\"120\" class=\"wp-image-544\" src=\"https:\/\/kolmlovitrykikeskus.ee\/wp-content\/uploads\/2024\/01\/v19.gif\" alt=\"v19\" \/>\u00a0 \u00a0 20 <img loading=\"lazy\" decoding=\"async\" width=\"215\" height=\"120\" class=\"wp-image-543\" src=\"https:\/\/kolmlovitrykikeskus.ee\/wp-content\/uploads\/2024\/01\/v20.gif\" alt=\"v20\" \/>\u00a0 \u00a0 21 <img loading=\"lazy\" decoding=\"async\" width=\"214\" height=\"120\" class=\"wp-image-542\" src=\"https:\/\/kolmlovitrykikeskus.ee\/wp-content\/uploads\/2024\/01\/v21.gif\" alt=\"v21\" \/><\/p>\r\n<p>\r\n\r\n\r\n\r\n\r\n\r\n\r\n\r\n\r\n\r\n\r\n\r\n<\/p>\r\n<p>22 <img loading=\"lazy\" decoding=\"async\" width=\"215\" height=\"120\" class=\"wp-image-541\" src=\"https:\/\/kolmlovitrykikeskus.ee\/wp-content\/uploads\/2024\/01\/v22.gif\" alt=\"v22\" \/>\u00a0 \u00a0 23 <img loading=\"lazy\" decoding=\"async\" width=\"214\" height=\"120\" class=\"wp-image-540\" src=\"https:\/\/kolmlovitrykikeskus.ee\/wp-content\/uploads\/2024\/01\/v23.gif\" alt=\"v23\" \/>\u00a0 \u00a0 24 <img loading=\"lazy\" decoding=\"async\" width=\"214\" height=\"120\" class=\"wp-image-539\" src=\"https:\/\/kolmlovitrykikeskus.ee\/wp-content\/uploads\/2024\/01\/v24.gif\" alt=\"v24\" \/><\/p>\r\n<p>\r\n\r\n\r\n\r\n\r\n\r\n\r\n\r\n\r\n\r\n<\/p>\r\n<p>Kui soovid oma visiitkaarti rohkem panustada ja otsid midagi erilisemat, siis on meil terve virn inspireerivaid raamatuid visiitkaartidest kohapeal vaatamiseks.<\/p>\r\n<p><\/p>","protected":false},"excerpt":{"rendered":"<p>K\u00e4esoleval lehek\u00fcljel on m\u00f5ned visiitkaartide kujundusmallid. Vali siit endale sobiv ja me kohandame selle sinu jaoks sobivaks. Muutmata kujul disainimalli kasutamine lisab esmatellimusele 10\u20ac+km.V\u00f5imalik vahetada [&#8230;]<\/p>\n","protected":false},"author":3,"featured_media":0,"parent":0,"menu_order":0,"comment_status":"closed","ping_status":"closed","template":"","meta":{"footnotes":""},"class_list":["post-538","page","type-page","status-publish","hentry"],"yoast_head":"<!-- This site is optimized with the Yoast SEO plugin v27.6 - https:\/\/yoast.com\/product\/yoast-seo-wordpress\/ -->\n<title>Visiitkaartide kujundusmallid - Kolm L\u00f5vi Tr\u00fckikeskus<\/title>\n<meta name=\"description\" content=\"Visiitkaartide kujundusmallid Kolm L\u00f5vi Tr\u00fckikeskus visiitkaardid nimekaardid\" \/>\n<meta name=\"robots\" content=\"index, follow, max-snippet:-1, max-image-preview:large, max-video-preview:-1\" \/>\n<link rel=\"canonical\" href=\"https:\/\/kolmlovitrykikeskus.ee\/?page_id=538\" \/>\n<meta property=\"og:locale\" content=\"et_EE\" \/>\n<meta property=\"og:type\" content=\"article\" \/>\n<meta property=\"og:title\" content=\"Visiitkaartide kujundusmallid - Kolm L\u00f5vi Tr\u00fckikeskus\" \/>\n<meta property=\"og:description\" content=\"Visiitkaartide kujundusmallid Kolm L\u00f5vi Tr\u00fckikeskus visiitkaardid nimekaardid\" \/>\n<meta property=\"og:url\" content=\"https:\/\/kolmlovitrykikeskus.ee\/?page_id=538\" \/>\n<meta property=\"og:site_name\" content=\"Kolm L\u00f5vi Tr\u00fckikeskus\" \/>\n<meta property=\"article:publisher\" content=\"https:\/\/www.facebook.com\/kolmlovitrykikeskus\" \/>\n<meta property=\"article:modified_time\" content=\"2024-10-20T08:18:53+00:00\" \/>\n<meta property=\"og:image\" content=\"https:\/\/kolmlovitrykikeskus.ee\/wp-content\/uploads\/2024\/01\/v1.gif\" \/>\n<meta name=\"twitter:card\" content=\"summary_large_image\" \/>\n<meta name=\"twitter:label1\" content=\"Est. reading time\" \/>\n\t<meta name=\"twitter:data1\" content=\"6 minutit\" \/>\n<script type=\"application\/ld+json\" class=\"yoast-schema-graph\">{\"@context\":\"https:\\\/\\\/schema.org\",\"@graph\":[{\"@type\":\"WebPage\",\"@id\":\"https:\\\/\\\/kolmlovitrykikeskus.ee\\\/?page_id=538\",\"url\":\"https:\\\/\\\/kolmlovitrykikeskus.ee\\\/?page_id=538\",\"name\":\"Visiitkaartide kujundusmallid - Kolm L\u00f5vi Tr\u00fckikeskus\",\"isPartOf\":{\"@id\":\"https:\\\/\\\/kolmlovitrykikeskus.ee\\\/#website\"},\"primaryImageOfPage\":{\"@id\":\"https:\\\/\\\/kolmlovitrykikeskus.ee\\\/?page_id=538#primaryimage\"},\"image\":{\"@id\":\"https:\\\/\\\/kolmlovitrykikeskus.ee\\\/?page_id=538#primaryimage\"},\"thumbnailUrl\":\"https:\\\/\\\/kolmlovitrykikeskus.ee\\\/wp-content\\\/uploads\\\/2024\\\/01\\\/v1.gif\",\"datePublished\":\"2024-08-27T11:42:32+00:00\",\"dateModified\":\"2024-10-20T08:18:53+00:00\",\"description\":\"Visiitkaartide kujundusmallid Kolm L\u00f5vi Tr\u00fckikeskus visiitkaardid nimekaardid\",\"breadcrumb\":{\"@id\":\"https:\\\/\\\/kolmlovitrykikeskus.ee\\\/?page_id=538#breadcrumb\"},\"inLanguage\":\"et\",\"potentialAction\":[{\"@type\":\"ReadAction\",\"target\":[\"https:\\\/\\\/kolmlovitrykikeskus.ee\\\/?page_id=538\"]}]},{\"@type\":\"ImageObject\",\"inLanguage\":\"et\",\"@id\":\"https:\\\/\\\/kolmlovitrykikeskus.ee\\\/?page_id=538#primaryimage\",\"url\":\"https:\\\/\\\/kolmlovitrykikeskus.ee\\\/wp-content\\\/uploads\\\/2024\\\/01\\\/v1.gif\",\"contentUrl\":\"https:\\\/\\\/kolmlovitrykikeskus.ee\\\/wp-content\\\/uploads\\\/2024\\\/01\\\/v1.gif\",\"width\":217,\"height\":120,\"caption\":\"v1\"},{\"@type\":\"BreadcrumbList\",\"@id\":\"https:\\\/\\\/kolmlovitrykikeskus.ee\\\/?page_id=538#breadcrumb\",\"itemListElement\":[{\"@type\":\"ListItem\",\"position\":1,\"name\":\"Home\",\"item\":\"https:\\\/\\\/kolmlovitrykikeskus.ee\\\/\"},{\"@type\":\"ListItem\",\"position\":2,\"name\":\"Visiitkaartide kujundusmallid\"}]},{\"@type\":\"WebSite\",\"@id\":\"https:\\\/\\\/kolmlovitrykikeskus.ee\\\/#website\",\"url\":\"https:\\\/\\\/kolmlovitrykikeskus.ee\\\/\",\"name\":\"Kolm L\u00f5vi Tr\u00fckikeskus\",\"description\":\"Leiame lahenduse!\",\"publisher\":{\"@id\":\"https:\\\/\\\/kolmlovitrykikeskus.ee\\\/#organization\"},\"potentialAction\":[{\"@type\":\"SearchAction\",\"target\":{\"@type\":\"EntryPoint\",\"urlTemplate\":\"https:\\\/\\\/kolmlovitrykikeskus.ee\\\/?s={search_term_string}\"},\"query-input\":{\"@type\":\"PropertyValueSpecification\",\"valueRequired\":true,\"valueName\":\"search_term_string\"}}],\"inLanguage\":\"et\"},{\"@type\":\"Organization\",\"@id\":\"https:\\\/\\\/kolmlovitrykikeskus.ee\\\/#organization\",\"name\":\"Kolm L\u00f5vi Tr\u00fckikeskus\",\"url\":\"https:\\\/\\\/kolmlovitrykikeskus.ee\\\/\",\"logo\":{\"@type\":\"ImageObject\",\"inLanguage\":\"et\",\"@id\":\"https:\\\/\\\/kolmlovitrykikeskus.ee\\\/#\\\/schema\\\/logo\\\/image\\\/\",\"url\":\"https:\\\/\\\/kolmlovitrykikeskus.ee\\\/wp-content\\\/uploads\\\/2023\\\/12\\\/cropped-kltk-logo.png\",\"contentUrl\":\"https:\\\/\\\/kolmlovitrykikeskus.ee\\\/wp-content\\\/uploads\\\/2023\\\/12\\\/cropped-kltk-logo.png\",\"width\":640,\"height\":170,\"caption\":\"Kolm L\u00f5vi Tr\u00fckikeskus\"},\"image\":{\"@id\":\"https:\\\/\\\/kolmlovitrykikeskus.ee\\\/#\\\/schema\\\/logo\\\/image\\\/\"},\"sameAs\":[\"https:\\\/\\\/www.facebook.com\\\/kolmlovitrykikeskus\"]}]}<\/script>\n<!-- \/ Yoast SEO plugin. -->","yoast_head_json":{"title":"Visiitkaartide kujundusmallid - Kolm L\u00f5vi Tr\u00fckikeskus","description":"Visiitkaartide kujundusmallid Kolm L\u00f5vi Tr\u00fckikeskus visiitkaardid nimekaardid","robots":{"index":"index","follow":"follow","max-snippet":"max-snippet:-1","max-image-preview":"max-image-preview:large","max-video-preview":"max-video-preview:-1"},"canonical":"https:\/\/kolmlovitrykikeskus.ee\/?page_id=538","og_locale":"et_EE","og_type":"article","og_title":"Visiitkaartide kujundusmallid - Kolm L\u00f5vi Tr\u00fckikeskus","og_description":"Visiitkaartide kujundusmallid Kolm L\u00f5vi Tr\u00fckikeskus visiitkaardid nimekaardid","og_url":"https:\/\/kolmlovitrykikeskus.ee\/?page_id=538","og_site_name":"Kolm L\u00f5vi Tr\u00fckikeskus","article_publisher":"https:\/\/www.facebook.com\/kolmlovitrykikeskus","article_modified_time":"2024-10-20T08:18:53+00:00","og_image":[{"url":"https:\/\/kolmlovitrykikeskus.ee\/wp-content\/uploads\/2024\/01\/v1.gif","type":"","width":"","height":""}],"twitter_card":"summary_large_image","twitter_misc":{"Est. reading time":"6 minutit"},"schema":{"@context":"https:\/\/schema.org","@graph":[{"@type":"WebPage","@id":"https:\/\/kolmlovitrykikeskus.ee\/?page_id=538","url":"https:\/\/kolmlovitrykikeskus.ee\/?page_id=538","name":"Visiitkaartide kujundusmallid - Kolm L\u00f5vi Tr\u00fckikeskus","isPartOf":{"@id":"https:\/\/kolmlovitrykikeskus.ee\/#website"},"primaryImageOfPage":{"@id":"https:\/\/kolmlovitrykikeskus.ee\/?page_id=538#primaryimage"},"image":{"@id":"https:\/\/kolmlovitrykikeskus.ee\/?page_id=538#primaryimage"},"thumbnailUrl":"https:\/\/kolmlovitrykikeskus.ee\/wp-content\/uploads\/2024\/01\/v1.gif","datePublished":"2024-08-27T11:42:32+00:00","dateModified":"2024-10-20T08:18:53+00:00","description":"Visiitkaartide kujundusmallid Kolm L\u00f5vi Tr\u00fckikeskus visiitkaardid nimekaardid","breadcrumb":{"@id":"https:\/\/kolmlovitrykikeskus.ee\/?page_id=538#breadcrumb"},"inLanguage":"et","potentialAction":[{"@type":"ReadAction","target":["https:\/\/kolmlovitrykikeskus.ee\/?page_id=538"]}]},{"@type":"ImageObject","inLanguage":"et","@id":"https:\/\/kolmlovitrykikeskus.ee\/?page_id=538#primaryimage","url":"https:\/\/kolmlovitrykikeskus.ee\/wp-content\/uploads\/2024\/01\/v1.gif","contentUrl":"https:\/\/kolmlovitrykikeskus.ee\/wp-content\/uploads\/2024\/01\/v1.gif","width":217,"height":120,"caption":"v1"},{"@type":"BreadcrumbList","@id":"https:\/\/kolmlovitrykikeskus.ee\/?page_id=538#breadcrumb","itemListElement":[{"@type":"ListItem","position":1,"name":"Home","item":"https:\/\/kolmlovitrykikeskus.ee\/"},{"@type":"ListItem","position":2,"name":"Visiitkaartide kujundusmallid"}]},{"@type":"WebSite","@id":"https:\/\/kolmlovitrykikeskus.ee\/#website","url":"https:\/\/kolmlovitrykikeskus.ee\/","name":"Kolm L\u00f5vi Tr\u00fckikeskus","description":"Leiame lahenduse!","publisher":{"@id":"https:\/\/kolmlovitrykikeskus.ee\/#organization"},"potentialAction":[{"@type":"SearchAction","target":{"@type":"EntryPoint","urlTemplate":"https:\/\/kolmlovitrykikeskus.ee\/?s={search_term_string}"},"query-input":{"@type":"PropertyValueSpecification","valueRequired":true,"valueName":"search_term_string"}}],"inLanguage":"et"},{"@type":"Organization","@id":"https:\/\/kolmlovitrykikeskus.ee\/#organization","name":"Kolm L\u00f5vi Tr\u00fckikeskus","url":"https:\/\/kolmlovitrykikeskus.ee\/","logo":{"@type":"ImageObject","inLanguage":"et","@id":"https:\/\/kolmlovitrykikeskus.ee\/#\/schema\/logo\/image\/","url":"https:\/\/kolmlovitrykikeskus.ee\/wp-content\/uploads\/2023\/12\/cropped-kltk-logo.png","contentUrl":"https:\/\/kolmlovitrykikeskus.ee\/wp-content\/uploads\/2023\/12\/cropped-kltk-logo.png","width":640,"height":170,"caption":"Kolm L\u00f5vi Tr\u00fckikeskus"},"image":{"@id":"https:\/\/kolmlovitrykikeskus.ee\/#\/schema\/logo\/image\/"},"sameAs":["https:\/\/www.facebook.com\/kolmlovitrykikeskus"]}]}},"_links":{"self":[{"href":"https:\/\/kolmlovitrykikeskus.ee\/index.php?rest_route=\/wp\/v2\/pages\/538","targetHints":{"allow":["GET"]}}],"collection":[{"href":"https:\/\/kolmlovitrykikeskus.ee\/index.php?rest_route=\/wp\/v2\/pages"}],"about":[{"href":"https:\/\/kolmlovitrykikeskus.ee\/index.php?rest_route=\/wp\/v2\/types\/page"}],"author":[{"embeddable":true,"href":"https:\/\/kolmlovitrykikeskus.ee\/index.php?rest_route=\/wp\/v2\/users\/3"}],"replies":[{"embeddable":true,"href":"https:\/\/kolmlovitrykikeskus.ee\/index.php?rest_route=%2Fwp%2Fv2%2Fcomments&post=538"}],"version-history":[{"count":10,"href":"https:\/\/kolmlovitrykikeskus.ee\/index.php?rest_route=\/wp\/v2\/pages\/538\/revisions"}],"predecessor-version":[{"id":3793,"href":"https:\/\/kolmlovitrykikeskus.ee\/index.php?rest_route=\/wp\/v2\/pages\/538\/revisions\/3793"}],"wp:attachment":[{"href":"https:\/\/kolmlovitrykikeskus.ee\/index.php?rest_route=%2Fwp%2Fv2%2Fmedia&parent=538"}],"curies":[{"name":"wp","href":"https:\/\/api.w.org\/{rel}","templated":true}]}}