{"id":525,"date":"2024-08-27T16:07:58","date_gmt":"2024-08-27T14:07:58","guid":{"rendered":"https:\/\/kolmlovitrykikeskus.ee\/?page_id=525"},"modified":"2024-12-16T09:10:51","modified_gmt":"2024-12-16T07:10:51","slug":"prugi-sorteerimine-nahtavuse-tabel","status":"publish","type":"page","link":"https:\/\/kolmlovitrykikeskus.ee\/?page_id=525","title":{"rendered":"OHUTUSM\u00c4RGID, PR\u00dcGISORTEERIMIST\u00a0JUHENDAVAD SILDID \/ KLEEBISED. TEOREETILISE LOETAVUSE TABEL EHK TEKSTI N\u00c4HTAVUSTABEL."},"content":{"rendered":"<p>Kolm L\u00f5vi Ohutus on Kolm L\u00f5vi Tr\u00fckikeskus ohutusm\u00e4rgiste tootesuuna kaubam\u00e4rk. Ohutusm\u00e4rgiseid m\u00fc\u00fcakse \u00fcle eesti edasim\u00fc\u00fcjate v\u00f5rgustiku kaudu. Edasim\u00fc\u00fcjateks on firmad, kes tegelevad ka muude ohutusalaste kaupade m\u00fc\u00fcgiga. <strong>L\u00e4hemat infot toodete ja edasim\u00fc\u00fcjate kohta saad Kolm L\u00f5vi Ohutuse kodulehel\u00a0<\/strong><a href=\"http:\/\/www.ohutusmark.ee\/\"><u><strong>www.ohutusmark.ee<\/strong><\/u><\/a> Ohutusm\u00e4rgiste ostukeskkond internetis <strong><a href=\"http:\/\/www.kohver.com\/\">www.kohver.com<\/a><\/strong>.<\/p>\r\n<p class=\"wp-block-image size-full\"><img loading=\"lazy\" decoding=\"async\" class=\"wp-image-528\" src=\"https:\/\/kolmlovitrykikeskus.ee\/wp-content\/uploads\/2024\/01\/i-made-self.jpg\" alt=\"i-made self\" width=\"433\" height=\"570\" srcset=\"https:\/\/kolmlovitrykikeskus.ee\/wp-content\/uploads\/2024\/01\/i-made-self.jpg 320w, https:\/\/kolmlovitrykikeskus.ee\/wp-content\/uploads\/2024\/01\/i-made-self-228x300.jpg 228w\" sizes=\"auto, (max-width: 433px) 100vw, 433px\" \/><!-- \/wp:post-content -->\r\n\r\n<!-- wp:paragraph --><\/p>\r\n<p>K\u00f5ik vajalikud m\u00e4rgid vastavad eesti standarditele, kui ka rahvusvahelistele n\u00f5udmistele.<br \/>Ohutusm\u00e4rgiseid valmistatakse mitmes erinevas suuruses. Erinevatel alusmaterjalidel: kleebis ja plastik (s.h. ka j\u00e4relhelenduv nn. fosform\u00e4rgid).<!-- \/wp:paragraph -->\r\n\r\n<!-- wp:image {\"id\":532,\"sizeSlug\":\"full\",\"linkDestination\":\"none\"} --><\/p>\r\n<p class=\"wp-block-image size-full\"><img loading=\"lazy\" decoding=\"async\" width=\"180\" height=\"98\" class=\"wp-image-532\" src=\"https:\/\/kolmlovitrykikeskus.ee\/wp-content\/uploads\/2024\/01\/KLO-3D-logo.png\" alt=\"KLO-3D-logo\" \/><!-- \/wp:image -->\r\n\r\n<!-- wp:image {\"id\":533,\"sizeSlug\":\"full\",\"linkDestination\":\"none\"} --><\/p>\r\n<p class=\"wp-block-image size-full\"><img loading=\"lazy\" decoding=\"async\" width=\"560\" height=\"541\" class=\"wp-image-533\" src=\"https:\/\/kolmlovitrykikeskus.ee\/wp-content\/uploads\/2024\/01\/kahpoolsed-ohutumargid560px.jpg\" alt=\"kahepoolsed ohutusm\u00e4rgid\" srcset=\"https:\/\/kolmlovitrykikeskus.ee\/wp-content\/uploads\/2024\/01\/kahpoolsed-ohutumargid560px.jpg 560w, https:\/\/kolmlovitrykikeskus.ee\/wp-content\/uploads\/2024\/01\/kahpoolsed-ohutumargid560px-300x290.jpg 300w\" sizes=\"auto, (max-width: 560px) 100vw, 560px\" \/><br \/>Plastikust kahepoolsed seinast eenduvad ohutusm\u00e4rgid 10, 20, 30cm k\u00f5rgusega.<\/p>\r\n<!-- \/wp:image -->\r\n\r\n<!-- wp:separator \/-->\r\n\r\n<!-- wp:image {\"id\":563,\"sizeSlug\":\"full\",\"linkDestination\":\"none\"} -->\r\n<p class=\"wp-block-image size-full\"><img loading=\"lazy\" decoding=\"async\" class=\"wp-image-563\" src=\"https:\/\/kolmlovitrykikeskus.ee\/wp-content\/uploads\/2024\/01\/evakuatsioonimark.jpg\" alt=\"evakuatsiooni m\u00e4rk\" width=\"558\" height=\"334\" srcset=\"https:\/\/kolmlovitrykikeskus.ee\/wp-content\/uploads\/2024\/01\/evakuatsioonimark.jpg 506w, https:\/\/kolmlovitrykikeskus.ee\/wp-content\/uploads\/2024\/01\/evakuatsioonimark-300x180.jpg 300w\" sizes=\"auto, (max-width: 558px) 100vw, 558px\" \/><br \/>Alumiiniumprofiiliga seinale kinnitatav ohutusm\u00e4rk.<\/p>\r\n<!-- \/wp:image -->\r\n\r\n<!-- wp:image {\"id\":564,\"sizeSlug\":\"full\",\"linkDestination\":\"none\"} -->\r\n<p class=\"wp-block-image size-full\"><img loading=\"lazy\" decoding=\"async\" class=\"wp-image-564\" src=\"https:\/\/kolmlovitrykikeskus.ee\/wp-content\/uploads\/2024\/01\/evakuatsioon-laest.jpg\" alt=\"evakuatsioon laest\" width=\"558\" height=\"334\" srcset=\"https:\/\/kolmlovitrykikeskus.ee\/wp-content\/uploads\/2024\/01\/evakuatsioon-laest.jpg 506w, https:\/\/kolmlovitrykikeskus.ee\/wp-content\/uploads\/2024\/01\/evakuatsioon-laest-300x180.jpg 300w\" sizes=\"auto, (max-width: 558px) 100vw, 558px\" \/><br \/>Kettide ja magnetitega lakke riputatav ohutusm\u00e4rk.<\/p>\r\n<!-- \/wp:image -->\r\n\r\n<!-- wp:paragraph -->\r\n<p><strong>Valdkonniti on m\u00e4rgid jaotatud:<\/strong><\/p>\r\n<ul style=\"list-style-type: disc;\">\r\n<li>Tuleohutusm\u00e4rgised &#8211; seeria 000<\/li>\r\n<li>T\u00f6\u00f6ohutusm\u00e4rgised &#8211; seeria 100<\/li>\r\n<li>Elektriohutus, logistika ja laomajandus, kontrollkleebised, kinnitusteibid &#8211; seeria 200<\/li>\r\n<li>Kemikaalid, mahutite ja torustike t\u00e4histamine, ohtlike ainete transport &#8211; seeria 300<\/li>\r\n<li>Transpordim\u00e4rgid &#8211; seeria 400<\/li>\r\n<li>Rahvusvaheliselt kasutatavate ohutusm\u00e4rkide laiendus &#8211; seeria 600<\/li>\r\n<li>Merendus ja meretranspordi m\u00e4rgid &#8211; seeria 700 ja 7000<\/li>\r\n<li>Liitm\u00e4rgid ja m\u00e4rkide komplektid &#8211; seeria 800 ja 1000<\/li>\r\n<li>Olmem\u00e4rgid &#8211; seeria 900<\/li>\r\n<\/ul>\r\n<p><strong>Torustiku t\u00e4istamise kleebised ehk torukleebised:<\/strong><!-- \/wp:paragraph -->\r\n\r\n<!-- wp:image {\"id\":565,\"sizeSlug\":\"full\",\"linkDestination\":\"none\"} --><\/p>\r\n<p class=\"wp-block-image size-full\"><img loading=\"lazy\" decoding=\"async\" class=\"alignnone wp-image-565 \" src=\"https:\/\/kolmlovitrykikeskus.ee\/wp-content\/uploads\/2024\/01\/309-torukleebis.png\" alt=\"309-torukleebis\" width=\"344\" height=\"55\" \/><!-- \/wp:image -->\r\n\r\n<!-- wp:paragraph \/-->\r\n\r\n<!-- wp:paragraph --><\/p>\r\n<p>Torukleebistel on kahesuunalised otsad millest \u00fcks paigaldamisel l\u00f5igatakse maha.<br \/>Torustiku t\u00e4istamisel peab arvestama \u00f5ige v\u00e4rvikoodiga. Torukleebistest loe pikemalt <a href=\"https:\/\/www.ohutusmark.ee\/pages\/torustike-kleebised.html\">siit .<\/a><\/p>\r\n<p><strong>Klaasikleebised erinevate hoiatuste ja keeldudega.<\/strong><!-- \/wp:paragraph -->\r\n\r\n<!-- wp:image {\"id\":566,\"sizeSlug\":\"full\",\"linkDestination\":\"none\"} --><\/p>\r\n<p class=\"wp-block-image size-full\"><img loading=\"lazy\" decoding=\"async\" class=\"alignnone  wp-image-566\" src=\"https:\/\/kolmlovitrykikeskus.ee\/wp-content\/uploads\/2024\/01\/klaasikleebised-e1724933885883-300x187.png\" alt=\"klaasikleebised\" width=\"527\" height=\"328\" srcset=\"https:\/\/kolmlovitrykikeskus.ee\/wp-content\/uploads\/2024\/01\/klaasikleebised-e1724933885883-300x187.png 300w, https:\/\/kolmlovitrykikeskus.ee\/wp-content\/uploads\/2024\/01\/klaasikleebised-e1724933885883.png 657w\" sizes=\"auto, (max-width: 527px) 100vw, 527px\" \/><br \/>Kahelt poolt vaadeldavad kleebised klaasile, \u00fchev\u00e4rvilised kujutised<br \/><!-- \/wp:image -->\r\n\r\n<!-- wp:separator \/-->\r\n\r\n<!-- wp:image {\"id\":567,\"sizeSlug\":\"full\",\"linkDestination\":\"none\"} --><\/p>\r\n<p class=\"wp-block-image size-full\"><img loading=\"lazy\" decoding=\"async\" width=\"520\" height=\"780\" class=\"wp-image-567\" src=\"https:\/\/kolmlovitrykikeskus.ee\/wp-content\/uploads\/2024\/01\/alexelanorge520.jpg\" alt=\"alexelanorge\" srcset=\"https:\/\/kolmlovitrykikeskus.ee\/wp-content\/uploads\/2024\/01\/alexelanorge520.jpg 520w, https:\/\/kolmlovitrykikeskus.ee\/wp-content\/uploads\/2024\/01\/alexelanorge520-200x300.jpg 200w\" sizes=\"auto, (max-width: 520px) 100vw, 520px\" \/><br \/>Suured metallist ohutusm\u00e4rgised territooriumile.<!-- \/wp:image -->\r\n\r\n<!-- wp:separator \/-->\r\n\r\n<!-- wp:image {\"id\":568,\"sizeSlug\":\"full\",\"linkDestination\":\"none\"} --><\/p>\r\n<p class=\"wp-block-image size-full\"><img loading=\"lazy\" decoding=\"async\" width=\"520\" height=\"348\" class=\"wp-image-568\" src=\"https:\/\/kolmlovitrykikeskus.ee\/wp-content\/uploads\/2024\/01\/taaskasutuskleebis520.jpg\" alt=\"Taaskasutuskleebis\" srcset=\"https:\/\/kolmlovitrykikeskus.ee\/wp-content\/uploads\/2024\/01\/taaskasutuskleebis520.jpg 520w, https:\/\/kolmlovitrykikeskus.ee\/wp-content\/uploads\/2024\/01\/taaskasutuskleebis520-300x201.jpg 300w\" sizes=\"auto, (max-width: 520px) 100vw, 520px\" \/><\/p>\r\n<p>Taaskasutust propageerivad ja juhendavad kleebised kogumiskastidele, konteineritele, pr\u00fcgikastidele jms<\/p>\r\n<!-- \/wp:image -->\r\n\r\n<!-- wp:image {\"id\":569,\"sizeSlug\":\"full\",\"linkDestination\":\"none\"} -->\r\n<p>&nbsp;<\/p>\r\n<p class=\"wp-block-image size-full\"><img loading=\"lazy\" decoding=\"async\" width=\"520\" height=\"395\" class=\"wp-image-569\" src=\"https:\/\/kolmlovitrykikeskus.ee\/wp-content\/uploads\/2024\/01\/prygikastidele520px.png\" alt=\"Pr\u00fcgikastidele\" srcset=\"https:\/\/kolmlovitrykikeskus.ee\/wp-content\/uploads\/2024\/01\/prygikastidele520px.png 520w, https:\/\/kolmlovitrykikeskus.ee\/wp-content\/uploads\/2024\/01\/prygikastidele520px-300x228.png 300w\" sizes=\"auto, (max-width: 520px) 100vw, 520px\" \/><br \/>Kogumisn\u00f5udele \/ pr\u00fcgikastidele sorteerimist juhendavad sildid \/ kleebised<!-- \/wp:image -->\r\n\r\n<!-- wp:separator \/-->\r\n\r\n<!-- wp:image {\"id\":570,\"sizeSlug\":\"full\",\"linkDestination\":\"none\"} --><\/p>\r\n<p class=\"wp-block-image size-full\"><img loading=\"lazy\" decoding=\"async\" width=\"520\" height=\"390\" class=\"wp-image-570\" src=\"https:\/\/kolmlovitrykikeskus.ee\/wp-content\/uploads\/2024\/01\/ohutusjuhend520.jpg\" alt=\"ohutusjuhend\" srcset=\"https:\/\/kolmlovitrykikeskus.ee\/wp-content\/uploads\/2024\/01\/ohutusjuhend520.jpg 520w, https:\/\/kolmlovitrykikeskus.ee\/wp-content\/uploads\/2024\/01\/ohutusjuhend520-300x225.jpg 300w\" sizes=\"auto, (max-width: 520px) 100vw, 520px\" \/><\/p>\r\n<p>Ohutusjuhendid erinevatesse t\u00f6\u00f6keskkondadesse.<\/p>\r\n<!-- \/wp:image -->\r\n\r\n<!-- wp:image {\"id\":571,\"sizeSlug\":\"full\",\"linkDestination\":\"none\"} -->\r\n<p>&nbsp;<\/p>\r\n<p class=\"wp-block-image size-full\"><img loading=\"lazy\" decoding=\"async\" width=\"520\" height=\"344\" class=\"wp-image-571\" src=\"https:\/\/kolmlovitrykikeskus.ee\/wp-content\/uploads\/2024\/01\/klientideparkla520px.jpg\" alt=\"klientide parkla\" srcset=\"https:\/\/kolmlovitrykikeskus.ee\/wp-content\/uploads\/2024\/01\/klientideparkla520px.jpg 520w, https:\/\/kolmlovitrykikeskus.ee\/wp-content\/uploads\/2024\/01\/klientideparkla520px-300x198.jpg 300w\" sizes=\"auto, (max-width: 520px) 100vw, 520px\" \/><!-- \/wp:image -->\r\n\r\n<!-- wp:paragraph --><\/p>\r\n<p>Parkimisviidad ettev\u00f5tete parklasse.<!-- \/wp:paragraph -->\r\n\r\n<!-- wp:separator \/-->\r\n\r\n<!-- wp:image {\"id\":572,\"sizeSlug\":\"full\",\"linkDestination\":\"none\"} --><\/p>\r\n<p class=\"wp-block-image size-full\"><img loading=\"lazy\" decoding=\"async\" class=\"alignnone wp-image-572\" src=\"https:\/\/kolmlovitrykikeskus.ee\/wp-content\/uploads\/2024\/01\/nahtavusribad657.jpg\" alt=\"n\u00e4htavusribad\" width=\"520\" height=\"410\" srcset=\"https:\/\/kolmlovitrykikeskus.ee\/wp-content\/uploads\/2024\/01\/nahtavusribad657.jpg 657w, https:\/\/kolmlovitrykikeskus.ee\/wp-content\/uploads\/2024\/01\/nahtavusribad657-300x237.jpg 300w\" sizes=\"auto, (max-width: 520px) 100vw, 520px\" \/><\/p>\r\n<p>Klaasile kleebitavad pooll\u00e4bipaistvad n\u00e4htavusribad. Vaata t\u00e4psemalt <a href=\"https:\/\/www.ohutusmark.ee\/pages\/naehtavusribad.html\">siit.<\/a>\u00a0Mooduli k\u00f5rgus 210mm laius circa 1100mm.<!-- \/wp:image -->\r\n\r\n<!-- wp:paragraph --><\/p>\r\n<p class=\"wp-block-image size-full\"><img loading=\"lazy\" decoding=\"async\" class=\"alignnone wp-image-573\" src=\"https:\/\/kolmlovitrykikeskus.ee\/wp-content\/uploads\/2024\/01\/klokast300px.gif\" alt=\"klokast300\" width=\"520\" height=\"527\" \/><!-- \/wp:paragraph -->\r\n\r\n<!-- wp:paragraph --><\/p>\r\n<p>KOLM L\u00d5VI OHUTUS klienditeenindus t\u00f6\u00f6p\u00e4eviti kl 9-17 telefonil 6580214.<br \/>Jaekliendid saavad vajalikud ohutusm\u00e4rke tellida e-poest\u00a0<a href=\"http:\/\/www.kohver.com\"><u><strong>www.kohver.com<\/strong><\/u><\/a><!-- \/wp:paragraph -->\r\n\r\n<!-- wp:paragraph --><\/p>\r\n<p>Kui sul on mis tahes k\u00fcsimus m\u00e4rgistamise kohta, \u00e4ra k\u00f5hkle helistamast meie<br \/>teenindusnumbril 6580214.\u00a0<!-- \/wp:paragraph -->\r\n\r\n<!-- wp:image {\"id\":574,\"sizeSlug\":\"full\",\"linkDestination\":\"none\"} --><\/p>\r\n<p class=\"wp-block-image size-full\"><img loading=\"lazy\" decoding=\"async\" class=\"alignnone wp-image-574 size-full\" src=\"https:\/\/kolmlovitrykikeskus.ee\/wp-content\/uploads\/2024\/01\/klologo.jpg\" alt=\"klo logo\" width=\"170\" height=\"84\" \/><!-- \/wp:image -->\r\n\r\n<!-- wp:image {\"id\":575,\"sizeSlug\":\"full\",\"linkDestination\":\"none\"} --><\/p>\r\n<p class=\"wp-block-image size-full\"><img loading=\"lazy\" decoding=\"async\" class=\"alignnone wp-image-575\" src=\"https:\/\/kolmlovitrykikeskus.ee\/wp-content\/uploads\/2024\/01\/tuletorjekappidemargistamine.jpg\" alt=\"tulet\u00f5rje kappide m\u00e4rgistamine\" width=\"520\" height=\"682\" srcset=\"https:\/\/kolmlovitrykikeskus.ee\/wp-content\/uploads\/2024\/01\/tuletorjekappidemargistamine.jpg 555w, https:\/\/kolmlovitrykikeskus.ee\/wp-content\/uploads\/2024\/01\/tuletorjekappidemargistamine-229x300.jpg 229w\" sizes=\"auto, (max-width: 520px) 100vw, 520px\" \/><!-- \/wp:image -->\r\n\r\n<!-- wp:paragraph --><\/p>\r\n<p>T\u00e4hek\u00f5rguse ja teoreetilise loetavuse tabel ehk loetavuse tabel.<br \/>M\u00f5eldud on must t\u00e4ht valgel taustal.<!-- \/wp:paragraph -->\r\n\r\n<!-- wp:image {\"id\":576,\"sizeSlug\":\"full\",\"linkDestination\":\"none\"} --><\/p>\r\n<p class=\"wp-block-image size-full\"><img loading=\"lazy\" decoding=\"async\" width=\"800\" height=\"300\" class=\"wp-image-576\" src=\"https:\/\/kolmlovitrykikeskus.ee\/wp-content\/uploads\/2024\/01\/teoreetiline-loetavus.jpg\" alt=\"teoreetiline loetavus\" srcset=\"https:\/\/kolmlovitrykikeskus.ee\/wp-content\/uploads\/2024\/01\/teoreetiline-loetavus.jpg 800w, https:\/\/kolmlovitrykikeskus.ee\/wp-content\/uploads\/2024\/01\/teoreetiline-loetavus-300x113.jpg 300w, https:\/\/kolmlovitrykikeskus.ee\/wp-content\/uploads\/2024\/01\/teoreetiline-loetavus-768x288.jpg 768w\" sizes=\"auto, (max-width: 800px) 100vw, 800px\" \/><!-- \/wp:image --><\/p>","protected":false},"excerpt":{"rendered":"<p>Kolm L\u00f5vi Ohutus on Kolm L\u00f5vi Tr\u00fckikeskus ohutusm\u00e4rgiste tootesuuna kaubam\u00e4rk. Ohutusm\u00e4rgiseid m\u00fc\u00fcakse \u00fcle eesti edasim\u00fc\u00fcjate v\u00f5rgustiku kaudu. Edasim\u00fc\u00fcjateks on firmad, kes tegelevad ka muude ohutusalaste [&#8230;]<\/p>\n","protected":false},"author":5,"featured_media":0,"parent":0,"menu_order":0,"comment_status":"closed","ping_status":"closed","template":"","meta":{"footnotes":""},"class_list":["post-525","page","type-page","status-publish","hentry"],"yoast_head":"<!-- This site is optimized with the Yoast SEO plugin v27.4 - https:\/\/yoast.com\/product\/yoast-seo-wordpress\/ -->\n<title>OHUTUSM\u00c4RGID, PR\u00dcGISORTEERIMIST\u00a0JUHENDAVAD SILDID \/ KLEEBISED. TEOREETILISE LOETAVUSE TABEL EHK TEKSTI N\u00c4HTAVUSTABEL. Kolm L\u00f5vi Tr\u00fckikeskus<\/title>\n<meta name=\"description\" content=\"OHUTUSM\u00c4RGID, PR\u00dcGISORTEERIMIST\u00a0JUHENDAVAD SILDID \/ KLEEBISED. TEOREETILISE LOETAVUSE TABEL EHK TEKSTI N\u00c4HTAVUSTABEL.\" \/>\n<meta name=\"robots\" content=\"index, follow, max-snippet:-1, max-image-preview:large, max-video-preview:-1\" \/>\n<link rel=\"canonical\" href=\"https:\/\/kolmlovitrykikeskus.ee\/?page_id=525\" \/>\n<meta property=\"og:locale\" content=\"et_EE\" \/>\n<meta property=\"og:type\" content=\"article\" \/>\n<meta property=\"og:title\" content=\"OHUTUSM\u00c4RGID, PR\u00dcGISORTEERIMIST\u00a0JUHENDAVAD SILDID \/ KLEEBISED. TEOREETILISE LOETAVUSE TABEL EHK TEKSTI N\u00c4HTAVUSTABEL. Kolm L\u00f5vi Tr\u00fckikeskus\" \/>\n<meta property=\"og:description\" content=\"OHUTUSM\u00c4RGID, PR\u00dcGISORTEERIMIST\u00a0JUHENDAVAD SILDID \/ KLEEBISED. TEOREETILISE LOETAVUSE TABEL EHK TEKSTI N\u00c4HTAVUSTABEL.\" \/>\n<meta property=\"og:url\" content=\"https:\/\/kolmlovitrykikeskus.ee\/?page_id=525\" \/>\n<meta property=\"og:site_name\" content=\"Kolm L\u00f5vi Tr\u00fckikeskus\" \/>\n<meta property=\"article:publisher\" content=\"https:\/\/www.facebook.com\/kolmlovitrykikeskus\" \/>\n<meta property=\"article:modified_time\" content=\"2024-12-16T07:10:51+00:00\" \/>\n<meta property=\"og:image\" content=\"https:\/\/kolmlovitrykikeskus.ee\/wp-content\/uploads\/2024\/01\/i-made-self.jpg\" \/>\n\t<meta property=\"og:image:width\" content=\"320\" \/>\n\t<meta property=\"og:image:height\" content=\"421\" \/>\n\t<meta property=\"og:image:type\" content=\"image\/jpeg\" \/>\n<meta name=\"twitter:card\" content=\"summary_large_image\" \/>\n<meta name=\"twitter:label1\" content=\"Est. reading time\" \/>\n\t<meta name=\"twitter:data1\" content=\"5 minutit\" \/>\n<script type=\"application\/ld+json\" class=\"yoast-schema-graph\">{\"@context\":\"https:\\\/\\\/schema.org\",\"@graph\":[{\"@type\":\"WebPage\",\"@id\":\"https:\\\/\\\/kolmlovitrykikeskus.ee\\\/?page_id=525\",\"url\":\"https:\\\/\\\/kolmlovitrykikeskus.ee\\\/?page_id=525\",\"name\":\"OHUTUSM\u00c4RGID, PR\u00dcGISORTEERIMIST\u00a0JUHENDAVAD SILDID \\\/ KLEEBISED. TEOREETILISE LOETAVUSE TABEL EHK TEKSTI N\u00c4HTAVUSTABEL. Kolm L\u00f5vi Tr\u00fckikeskus\",\"isPartOf\":{\"@id\":\"https:\\\/\\\/kolmlovitrykikeskus.ee\\\/#website\"},\"primaryImageOfPage\":{\"@id\":\"https:\\\/\\\/kolmlovitrykikeskus.ee\\\/?page_id=525#primaryimage\"},\"image\":{\"@id\":\"https:\\\/\\\/kolmlovitrykikeskus.ee\\\/?page_id=525#primaryimage\"},\"thumbnailUrl\":\"https:\\\/\\\/kolmlovitrykikeskus.ee\\\/wp-content\\\/uploads\\\/2024\\\/01\\\/i-made-self.jpg\",\"datePublished\":\"2024-08-27T14:07:58+00:00\",\"dateModified\":\"2024-12-16T07:10:51+00:00\",\"description\":\"OHUTUSM\u00c4RGID, PR\u00dcGISORTEERIMIST\u00a0JUHENDAVAD SILDID \\\/ KLEEBISED. TEOREETILISE LOETAVUSE TABEL EHK TEKSTI N\u00c4HTAVUSTABEL.\",\"breadcrumb\":{\"@id\":\"https:\\\/\\\/kolmlovitrykikeskus.ee\\\/?page_id=525#breadcrumb\"},\"inLanguage\":\"et\",\"potentialAction\":[{\"@type\":\"ReadAction\",\"target\":[\"https:\\\/\\\/kolmlovitrykikeskus.ee\\\/?page_id=525\"]}]},{\"@type\":\"ImageObject\",\"inLanguage\":\"et\",\"@id\":\"https:\\\/\\\/kolmlovitrykikeskus.ee\\\/?page_id=525#primaryimage\",\"url\":\"https:\\\/\\\/kolmlovitrykikeskus.ee\\\/wp-content\\\/uploads\\\/2024\\\/01\\\/i-made-self.jpg\",\"contentUrl\":\"https:\\\/\\\/kolmlovitrykikeskus.ee\\\/wp-content\\\/uploads\\\/2024\\\/01\\\/i-made-self.jpg\",\"width\":320,\"height\":421,\"caption\":\"i-made self\"},{\"@type\":\"BreadcrumbList\",\"@id\":\"https:\\\/\\\/kolmlovitrykikeskus.ee\\\/?page_id=525#breadcrumb\",\"itemListElement\":[{\"@type\":\"ListItem\",\"position\":1,\"name\":\"Home\",\"item\":\"https:\\\/\\\/kolmlovitrykikeskus.ee\\\/\"},{\"@type\":\"ListItem\",\"position\":2,\"name\":\"OHUTUSM\u00c4RGID, PR\u00dcGISORTEERIMIST\u00a0JUHENDAVAD SILDID \\\/ KLEEBISED. TEOREETILISE LOETAVUSE TABEL EHK TEKSTI N\u00c4HTAVUSTABEL.\"}]},{\"@type\":\"WebSite\",\"@id\":\"https:\\\/\\\/kolmlovitrykikeskus.ee\\\/#website\",\"url\":\"https:\\\/\\\/kolmlovitrykikeskus.ee\\\/\",\"name\":\"Kolm L\u00f5vi Tr\u00fckikeskus\",\"description\":\"Leiame lahenduse!\",\"publisher\":{\"@id\":\"https:\\\/\\\/kolmlovitrykikeskus.ee\\\/#organization\"},\"potentialAction\":[{\"@type\":\"SearchAction\",\"target\":{\"@type\":\"EntryPoint\",\"urlTemplate\":\"https:\\\/\\\/kolmlovitrykikeskus.ee\\\/?s={search_term_string}\"},\"query-input\":{\"@type\":\"PropertyValueSpecification\",\"valueRequired\":true,\"valueName\":\"search_term_string\"}}],\"inLanguage\":\"et\"},{\"@type\":\"Organization\",\"@id\":\"https:\\\/\\\/kolmlovitrykikeskus.ee\\\/#organization\",\"name\":\"Kolm L\u00f5vi Tr\u00fckikeskus\",\"url\":\"https:\\\/\\\/kolmlovitrykikeskus.ee\\\/\",\"logo\":{\"@type\":\"ImageObject\",\"inLanguage\":\"et\",\"@id\":\"https:\\\/\\\/kolmlovitrykikeskus.ee\\\/#\\\/schema\\\/logo\\\/image\\\/\",\"url\":\"https:\\\/\\\/kolmlovitrykikeskus.ee\\\/wp-content\\\/uploads\\\/2023\\\/12\\\/cropped-kltk-logo.png\",\"contentUrl\":\"https:\\\/\\\/kolmlovitrykikeskus.ee\\\/wp-content\\\/uploads\\\/2023\\\/12\\\/cropped-kltk-logo.png\",\"width\":640,\"height\":170,\"caption\":\"Kolm L\u00f5vi Tr\u00fckikeskus\"},\"image\":{\"@id\":\"https:\\\/\\\/kolmlovitrykikeskus.ee\\\/#\\\/schema\\\/logo\\\/image\\\/\"},\"sameAs\":[\"https:\\\/\\\/www.facebook.com\\\/kolmlovitrykikeskus\"]}]}<\/script>\n<!-- \/ Yoast SEO plugin. -->","yoast_head_json":{"title":"OHUTUSM\u00c4RGID, PR\u00dcGISORTEERIMIST\u00a0JUHENDAVAD SILDID \/ KLEEBISED. TEOREETILISE LOETAVUSE TABEL EHK TEKSTI N\u00c4HTAVUSTABEL. Kolm L\u00f5vi Tr\u00fckikeskus","description":"OHUTUSM\u00c4RGID, PR\u00dcGISORTEERIMIST\u00a0JUHENDAVAD SILDID \/ KLEEBISED. TEOREETILISE LOETAVUSE TABEL EHK TEKSTI N\u00c4HTAVUSTABEL.","robots":{"index":"index","follow":"follow","max-snippet":"max-snippet:-1","max-image-preview":"max-image-preview:large","max-video-preview":"max-video-preview:-1"},"canonical":"https:\/\/kolmlovitrykikeskus.ee\/?page_id=525","og_locale":"et_EE","og_type":"article","og_title":"OHUTUSM\u00c4RGID, PR\u00dcGISORTEERIMIST\u00a0JUHENDAVAD SILDID \/ KLEEBISED. TEOREETILISE LOETAVUSE TABEL EHK TEKSTI N\u00c4HTAVUSTABEL. Kolm L\u00f5vi Tr\u00fckikeskus","og_description":"OHUTUSM\u00c4RGID, PR\u00dcGISORTEERIMIST\u00a0JUHENDAVAD SILDID \/ KLEEBISED. TEOREETILISE LOETAVUSE TABEL EHK TEKSTI N\u00c4HTAVUSTABEL.","og_url":"https:\/\/kolmlovitrykikeskus.ee\/?page_id=525","og_site_name":"Kolm L\u00f5vi Tr\u00fckikeskus","article_publisher":"https:\/\/www.facebook.com\/kolmlovitrykikeskus","article_modified_time":"2024-12-16T07:10:51+00:00","og_image":[{"width":320,"height":421,"url":"https:\/\/kolmlovitrykikeskus.ee\/wp-content\/uploads\/2024\/01\/i-made-self.jpg","type":"image\/jpeg"}],"twitter_card":"summary_large_image","twitter_misc":{"Est. reading time":"5 minutit"},"schema":{"@context":"https:\/\/schema.org","@graph":[{"@type":"WebPage","@id":"https:\/\/kolmlovitrykikeskus.ee\/?page_id=525","url":"https:\/\/kolmlovitrykikeskus.ee\/?page_id=525","name":"OHUTUSM\u00c4RGID, PR\u00dcGISORTEERIMIST\u00a0JUHENDAVAD SILDID \/ KLEEBISED. TEOREETILISE LOETAVUSE TABEL EHK TEKSTI N\u00c4HTAVUSTABEL. Kolm L\u00f5vi Tr\u00fckikeskus","isPartOf":{"@id":"https:\/\/kolmlovitrykikeskus.ee\/#website"},"primaryImageOfPage":{"@id":"https:\/\/kolmlovitrykikeskus.ee\/?page_id=525#primaryimage"},"image":{"@id":"https:\/\/kolmlovitrykikeskus.ee\/?page_id=525#primaryimage"},"thumbnailUrl":"https:\/\/kolmlovitrykikeskus.ee\/wp-content\/uploads\/2024\/01\/i-made-self.jpg","datePublished":"2024-08-27T14:07:58+00:00","dateModified":"2024-12-16T07:10:51+00:00","description":"OHUTUSM\u00c4RGID, PR\u00dcGISORTEERIMIST\u00a0JUHENDAVAD SILDID \/ KLEEBISED. TEOREETILISE LOETAVUSE TABEL EHK TEKSTI N\u00c4HTAVUSTABEL.","breadcrumb":{"@id":"https:\/\/kolmlovitrykikeskus.ee\/?page_id=525#breadcrumb"},"inLanguage":"et","potentialAction":[{"@type":"ReadAction","target":["https:\/\/kolmlovitrykikeskus.ee\/?page_id=525"]}]},{"@type":"ImageObject","inLanguage":"et","@id":"https:\/\/kolmlovitrykikeskus.ee\/?page_id=525#primaryimage","url":"https:\/\/kolmlovitrykikeskus.ee\/wp-content\/uploads\/2024\/01\/i-made-self.jpg","contentUrl":"https:\/\/kolmlovitrykikeskus.ee\/wp-content\/uploads\/2024\/01\/i-made-self.jpg","width":320,"height":421,"caption":"i-made self"},{"@type":"BreadcrumbList","@id":"https:\/\/kolmlovitrykikeskus.ee\/?page_id=525#breadcrumb","itemListElement":[{"@type":"ListItem","position":1,"name":"Home","item":"https:\/\/kolmlovitrykikeskus.ee\/"},{"@type":"ListItem","position":2,"name":"OHUTUSM\u00c4RGID, PR\u00dcGISORTEERIMIST\u00a0JUHENDAVAD SILDID \/ KLEEBISED. TEOREETILISE LOETAVUSE TABEL EHK TEKSTI N\u00c4HTAVUSTABEL."}]},{"@type":"WebSite","@id":"https:\/\/kolmlovitrykikeskus.ee\/#website","url":"https:\/\/kolmlovitrykikeskus.ee\/","name":"Kolm L\u00f5vi Tr\u00fckikeskus","description":"Leiame lahenduse!","publisher":{"@id":"https:\/\/kolmlovitrykikeskus.ee\/#organization"},"potentialAction":[{"@type":"SearchAction","target":{"@type":"EntryPoint","urlTemplate":"https:\/\/kolmlovitrykikeskus.ee\/?s={search_term_string}"},"query-input":{"@type":"PropertyValueSpecification","valueRequired":true,"valueName":"search_term_string"}}],"inLanguage":"et"},{"@type":"Organization","@id":"https:\/\/kolmlovitrykikeskus.ee\/#organization","name":"Kolm L\u00f5vi Tr\u00fckikeskus","url":"https:\/\/kolmlovitrykikeskus.ee\/","logo":{"@type":"ImageObject","inLanguage":"et","@id":"https:\/\/kolmlovitrykikeskus.ee\/#\/schema\/logo\/image\/","url":"https:\/\/kolmlovitrykikeskus.ee\/wp-content\/uploads\/2023\/12\/cropped-kltk-logo.png","contentUrl":"https:\/\/kolmlovitrykikeskus.ee\/wp-content\/uploads\/2023\/12\/cropped-kltk-logo.png","width":640,"height":170,"caption":"Kolm L\u00f5vi Tr\u00fckikeskus"},"image":{"@id":"https:\/\/kolmlovitrykikeskus.ee\/#\/schema\/logo\/image\/"},"sameAs":["https:\/\/www.facebook.com\/kolmlovitrykikeskus"]}]}},"_links":{"self":[{"href":"https:\/\/kolmlovitrykikeskus.ee\/index.php?rest_route=\/wp\/v2\/pages\/525","targetHints":{"allow":["GET"]}}],"collection":[{"href":"https:\/\/kolmlovitrykikeskus.ee\/index.php?rest_route=\/wp\/v2\/pages"}],"about":[{"href":"https:\/\/kolmlovitrykikeskus.ee\/index.php?rest_route=\/wp\/v2\/types\/page"}],"author":[{"embeddable":true,"href":"https:\/\/kolmlovitrykikeskus.ee\/index.php?rest_route=\/wp\/v2\/users\/5"}],"replies":[{"embeddable":true,"href":"https:\/\/kolmlovitrykikeskus.ee\/index.php?rest_route=%2Fwp%2Fv2%2Fcomments&post=525"}],"version-history":[{"count":12,"href":"https:\/\/kolmlovitrykikeskus.ee\/index.php?rest_route=\/wp\/v2\/pages\/525\/revisions"}],"predecessor-version":[{"id":3598,"href":"https:\/\/kolmlovitrykikeskus.ee\/index.php?rest_route=\/wp\/v2\/pages\/525\/revisions\/3598"}],"wp:attachment":[{"href":"https:\/\/kolmlovitrykikeskus.ee\/index.php?rest_route=%2Fwp%2Fv2%2Fmedia&parent=525"}],"curies":[{"name":"wp","href":"https:\/\/api.w.org\/{rel}","templated":true}]}}