{"id":453,"date":"2024-08-23T09:05:11","date_gmt":"2024-08-23T07:05:11","guid":{"rendered":"https:\/\/kolmlovitrykikeskus.ee\/?page_id=453"},"modified":"2024-11-23T16:14:29","modified_gmt":"2024-11-23T14:14:29","slug":"kiirkoitmine","status":"publish","type":"page","link":"https:\/\/kolmlovitrykikeskus.ee\/?page_id=453","title":{"rendered":"Kiirk\u00f6itmine"},"content":{"rendered":"<h4><a id=\"Liigu-yles-kiirkoide\"><\/a>Pakume erinevaid kiirk\u00f6itmisv\u00f5imalusi &#8211; liimk\u00f6ide, klamberk\u00f6ide, spiraalk\u00f6ide, kammk\u00f6ide. Kiireks k\u00f6itmiseks <a href=\"#koiterongad-kiirkoide\">k\u00f6iter\u00f5ngad<\/a>. Men\u00fc\u00fcde ja kaante valmistamine. Kiirmen\u00fc\u00fcde info\u00a0<a href=\"https:\/\/kolmlovitrykikeskus.ee\/?page_id=1709&amp;preview=true\">siin.<\/a> Kinnitusr\u00f5ngad n\u00e4idistele. Pehmete kaantega liimk\u00f6ites juhendid, k\u00e4siraamatud v\u00e4iketiraa\u017eides.<\/h4>\r\n<p>Teeme liimk\u00f6idet: k\u00f5vad ja pehmed kaaned, v\u00e4iksed tiraa\u017eid, m\u00f5\u00f5tudega laiusesse kuni 350mm, k\u00f5rgusesse 455mm, seljapaksusega kuni 5-20mm. Lisaks on v\u00f5imalik valmistada A5 kiirk\u00f6itekaaned (sees kahe r\u00f5ngaga kinnitus), pealt t\u00e4isgraafilised teie firmagraafikaga, lamineeritud l\u00e4ikivaks.<!-- \/wp:post-content -->\r\n\r\n<!-- wp:paragraph --><\/p>\r\n<h5>K\u00f5va- ja pehmekaanelised raamatud v\u00e4iketiraa\u017eides, 10, 20, 50\u2026 tk. Aga ka suuremaid tiraa\u017ee.<!-- \/wp:paragraph -->\r\n\r\n<!-- wp:image {\"id\":466,\"sizeSlug\":\"full\",\"linkDestination\":\"none\"} --><\/h5>\r\n<p class=\"wp-block-image size-full\"><img loading=\"lazy\" decoding=\"async\" class=\"alignnone wp-image-466\" src=\"https:\/\/kolmlovitrykikeskus.ee\/wp-content\/uploads\/2024\/01\/raamatudkovakaantega.jpg\" alt=\"Raamatud k\u00f5vakaanega\" width=\"657\" height=\"336\" srcset=\"https:\/\/kolmlovitrykikeskus.ee\/wp-content\/uploads\/2024\/01\/raamatudkovakaantega.jpg 560w, https:\/\/kolmlovitrykikeskus.ee\/wp-content\/uploads\/2024\/01\/raamatudkovakaantega-300x153.jpg 300w\" sizes=\"auto, (max-width: 657px) 100vw, 657px\" \/><br \/><!-- \/wp:image -->\r\n\r\n<!-- wp:paragraph -->Liimk\u00f6ites k\u00f5vakaaneliste raamatute, fotoraamatute, diplomikaante v\u00e4iketiraa\u017eides valmistamine. Kasutatavad materjalid t\u00e4isgraafilised, tr\u00fckitud ja lamineeritud kaaned, kalingurk\u00f6ide ja kunstnahk. Liimk\u00f6ites juhendid, tootejuhised, k\u00e4siraamatud pehmete kaantega tiraa\u017eidega alates 10tk-st.<!-- \/wp:paragraph -->\r\n\r\n<!-- wp:image {\"id\":465,\"sizeSlug\":\"full\",\"linkDestination\":\"none\"} \/-->\r\n\r\n<!-- wp:paragraph --><\/p>\r\n<p class=\"wp-block-image size-full\"><img loading=\"lazy\" decoding=\"async\" class=\"alignnone wp-image-465\" src=\"https:\/\/kolmlovitrykikeskus.ee\/wp-content\/uploads\/2024\/01\/menyy-kaaned-erinevad.jpg\" alt=\"Men\u00fc\u00fc kaaned\" width=\"657\" height=\"488\" srcset=\"https:\/\/kolmlovitrykikeskus.ee\/wp-content\/uploads\/2024\/01\/menyy-kaaned-erinevad.jpg 560w, https:\/\/kolmlovitrykikeskus.ee\/wp-content\/uploads\/2024\/01\/menyy-kaaned-erinevad-300x223.jpg 300w\" sizes=\"auto, (max-width: 657px) 100vw, 657px\" \/><br \/>K\u00f5vakaaneliste men\u00fc\u00fcde valmistamine.<!-- \/wp:paragraph -->\r\n\r\n<!-- wp:image {\"id\":464,\"sizeSlug\":\"full\",\"linkDestination\":\"none\"} \/-->\r\n\r\n<!-- wp:paragraph --><\/p>\r\n<p class=\"wp-block-image size-full\"><img loading=\"lazy\" decoding=\"async\" class=\"alignnone wp-image-464\" src=\"https:\/\/kolmlovitrykikeskus.ee\/wp-content\/uploads\/2024\/01\/registrikaaned-a4-1.jpg\" alt=\"Registrikaaned\" width=\"657\" height=\"475\" srcset=\"https:\/\/kolmlovitrykikeskus.ee\/wp-content\/uploads\/2024\/01\/registrikaaned-a4-1.jpg 520w, https:\/\/kolmlovitrykikeskus.ee\/wp-content\/uploads\/2024\/01\/registrikaaned-a4-1-300x217.jpg 300w\" sizes=\"auto, (max-width: 657px) 100vw, 657px\" \/><br \/>Registrikaaned \/ kiirk\u00f6itjad firmagraafikaga \/ r\u00f5ngask\u00f6itekaaned.<!-- \/wp:paragraph -->\r\n\r\n<!-- wp:image {\"id\":463,\"sizeSlug\":\"full\",\"linkDestination\":\"none\"} \/-->\r\n\r\n<!-- wp:paragraph --><\/p>\r\n<p class=\"wp-block-image size-full\"><img loading=\"lazy\" decoding=\"async\" width=\"657\" height=\"342\" class=\"wp-image-463\" src=\"https:\/\/kolmlovitrykikeskus.ee\/wp-content\/uploads\/2024\/01\/liimkoide2-657.jpg\" alt=\"Liimk\u00f6ide\" srcset=\"https:\/\/kolmlovitrykikeskus.ee\/wp-content\/uploads\/2024\/01\/liimkoide2-657.jpg 657w, https:\/\/kolmlovitrykikeskus.ee\/wp-content\/uploads\/2024\/01\/liimkoide2-657-300x156.jpg 300w\" sizes=\"auto, (max-width: 657px) 100vw, 657px\" \/><br \/>Pehmekaaneline liimk\u00f6ide.<!-- \/wp:paragraph -->\r\n\r\n<!-- wp:paragraph \/-->\r\n\r\n<!-- wp:image {\"id\":462,\"sizeSlug\":\"full\",\"linkDestination\":\"none\"} --><\/p>\r\n<p class=\"wp-block-image size-full\"><img loading=\"lazy\" decoding=\"async\" width=\"657\" height=\"317\" class=\"wp-image-462\" src=\"https:\/\/kolmlovitrykikeskus.ee\/wp-content\/uploads\/2024\/01\/liimkoide.jpg\" alt=\"K\u00f5vakaane liimk\u00f6ide\" srcset=\"https:\/\/kolmlovitrykikeskus.ee\/wp-content\/uploads\/2024\/01\/liimkoide.jpg 657w, https:\/\/kolmlovitrykikeskus.ee\/wp-content\/uploads\/2024\/01\/liimkoide-300x145.jpg 300w\" sizes=\"auto, (max-width: 657px) 100vw, 657px\" \/><br \/>K\u00f5vakaantega liimk\u00f6ide.<!-- \/wp:image -->\r\n\r\n<!-- wp:image {\"id\":461,\"sizeSlug\":\"full\",\"linkDestination\":\"none\"} --><\/p>\r\n<p class=\"wp-block-image size-full\"><img loading=\"lazy\" decoding=\"async\" width=\"657\" height=\"424\" class=\"wp-image-461\" src=\"https:\/\/kolmlovitrykikeskus.ee\/wp-content\/uploads\/2024\/01\/kiirkoited.jpg\" alt=\"Kiirk\u00f6ited\" srcset=\"https:\/\/kolmlovitrykikeskus.ee\/wp-content\/uploads\/2024\/01\/kiirkoited.jpg 657w, https:\/\/kolmlovitrykikeskus.ee\/wp-content\/uploads\/2024\/01\/kiirkoited-300x194.jpg 300w\" sizes=\"auto, (max-width: 657px) 100vw, 657px\" \/><\/p>\r\n<ul>\r\n<li>PLASTKAMMK\u00d6IDE (formaat kuni A4)\u00a0 \u00a0<\/li>\r\n<li>METALLKAMMK\u00d6IDE 2:1, 3:1 (formaat kuni A3)<\/li>\r\n<li>SPIRAALK\u00d6IDE 4:1 (formaat kuni A4)<\/li>\r\n<\/ul>\r\n<p><img loading=\"lazy\" decoding=\"async\" width=\"657\" height=\"674\" class=\"wp-image-460\" src=\"https:\/\/kolmlovitrykikeskus.ee\/wp-content\/uploads\/2024\/01\/spiraalkoide.jpg\" alt=\"Spiraalk\u00f6ide\" srcset=\"https:\/\/kolmlovitrykikeskus.ee\/wp-content\/uploads\/2024\/01\/spiraalkoide.jpg 657w, https:\/\/kolmlovitrykikeskus.ee\/wp-content\/uploads\/2024\/01\/spiraalkoide-292x300.jpg 292w\" sizes=\"auto, (max-width: 657px) 100vw, 657px\" \/><br \/><!-- \/wp:image -->\r\n\r\n<!-- wp:paragraph -->K\u00f6iter\u00f5ngad, n\u00e4idiste lehvikute kinnikruvitavad r\u00f5ngad.<\/p>\r\n<blockquote>\r\n<p><a id=\"koiterongad-kiirkoide\"><\/a><span style=\"background-color: #ffffff;\"><em>Erinevad r\u00f5ngad on eraldi ostetavad ainult paki kaupa, juhul kui kasutatakse koos meie poolt valmistatud tr\u00fckistega v\u00f5i n\u00e4idiste lehvikutega on teised tingimused.<\/em><\/span><!-- \/wp:paragraph -->\r\n\r\n<!-- wp:image {\"id\":459,\"sizeSlug\":\"full\",\"linkDestination\":\"none\"} --><\/p>\r\n<\/blockquote>\r\n<p class=\"wp-block-image size-full\"><img loading=\"lazy\" decoding=\"async\" class=\"alignnone wp-image-459\" src=\"https:\/\/kolmlovitrykikeskus.ee\/wp-content\/uploads\/2024\/01\/koiteorngad520px.jpg\" alt=\"K\u00f6iter\u00f5ngad\" width=\"657\" height=\"208\" srcset=\"https:\/\/kolmlovitrykikeskus.ee\/wp-content\/uploads\/2024\/01\/koiteorngad520px.jpg 520w, https:\/\/kolmlovitrykikeskus.ee\/wp-content\/uploads\/2024\/01\/koiteorngad520px-300x95.jpg 300w\" sizes=\"auto, (max-width: 657px) 100vw, 657px\" \/><br \/><!-- \/wp:image -->\r\n\r\n<!-- wp:paragraph -->Hammaskinnitusega k\u00f6iter\u00f5ngas (vasakpoolne) suurused l\u00e4bim\u00f5\u00f5duga 14, 19, 25, 38, 50, 60, 76mm.<br \/>h\u00f5bedased 14mm pakk 100tk 156+km (alla paki, ostusamm 10tk 0,32+km\/tk)<br \/>h\u00f5bedased 19mm pakk 100tk 168+km (alla paki, ostusamm 10tk 0,34+km\/tk)<br \/>h\u00f5bedased 25mm pakk 100tk 192+km (alla paki, ostusamm 10tk 0,39+km\/tk)<br \/>h\u00f5bedased 32mm pakk 100tk 204+km (alla paki, ostusamm 10tk 0,41+km\/tk)<br \/>h\u00f5bedased 38mm pakk 100tk 216+km (alla paki, ostusamm 10tk 0,44+km\/tk)<br \/>h\u00f5bedased 50mm pakk 100tk (k\u00fcsi hinda)<br \/>h\u00f5bedased 60mm pakk 100tk (k\u00fcsi hinda)<br \/>h\u00f5bedased 76mm pakk 100tk (k\u00fcsi hinda)<br \/>Keermekinnitusega k\u00f6iter\u00f5ngas (parempoolne) 51, 76, 102, 127, 152, 178, 203, 254, 305mm (m\u00f5\u00f5t on v\u00f5etud pikema k\u00fclje j\u00e4rgi). Pakis olenevalt suurusest 25-100tk. Allolevalt pildil suur v\u00f5tmer\u00f5ngas 120mm (all vasakul) ilma liigendita &#8211; kinnitus on lihtne konks (pakk 20tk).<!-- \/wp:paragraph -->\r\n\r\n<!-- wp:image {\"id\":458,\"sizeSlug\":\"full\",\"linkDestination\":\"none\"} --><\/p>\r\n<p class=\"wp-block-image size-full\"><img loading=\"lazy\" decoding=\"async\" class=\"alignnone wp-image-458\" src=\"https:\/\/kolmlovitrykikeskus.ee\/wp-content\/uploads\/2024\/01\/koiteronad-naidistekaartidele.png\" alt=\"N\u00e4idistekaartidel k\u00f5iter\u00f5ngad\" width=\"657\" height=\"303\" srcset=\"https:\/\/kolmlovitrykikeskus.ee\/wp-content\/uploads\/2024\/01\/koiteronad-naidistekaartidele.png 520w, https:\/\/kolmlovitrykikeskus.ee\/wp-content\/uploads\/2024\/01\/koiteronad-naidistekaartidele-300x138.png 300w\" sizes=\"auto, (max-width: 657px) 100vw, 657px\" \/><br \/><!-- \/wp:image -->\r\n\r\n<!-- wp:paragraph -->K\u00f6iter\u00f5ngad erinevateks otstarveteks: lehvikuteks, k\u00f6itmiseks, riputamiseks.<br \/>Suurused alates 13mm, 19mm, 25mm, 32mm. Korduvalt avatavad ja metallist.<!-- \/wp:paragraph -->\r\n\r\n<!-- wp:image {\"id\":457,\"sizeSlug\":\"full\",\"linkDestination\":\"none\"} --><\/p>\r\n<p class=\"wp-block-image size-full\"><img loading=\"lazy\" decoding=\"async\" width=\"520\" height=\"165\" class=\"wp-image-457\" src=\"https:\/\/kolmlovitrykikeskus.ee\/wp-content\/uploads\/2024\/01\/koiterongad520-2.jpg\" alt=\"K\u00f6iter\u00f5ngad korduvalt avatavad\" srcset=\"https:\/\/kolmlovitrykikeskus.ee\/wp-content\/uploads\/2024\/01\/koiterongad520-2.jpg 520w, https:\/\/kolmlovitrykikeskus.ee\/wp-content\/uploads\/2024\/01\/koiterongad520-2-300x95.jpg 300w\" sizes=\"auto, (max-width: 520px) 100vw, 520px\" \/><br \/><!-- \/wp:image -->\r\n\r\n<!-- wp:paragraph -->Trossr\u00f5ngad vintkinnitusega (sirutatult 110mm).<!-- \/wp:paragraph -->\r\n\r\n<!-- wp:image {\"id\":456,\"sizeSlug\":\"full\",\"linkDestination\":\"none\"} --><\/p>\r\n<p class=\"wp-block-image size-full\"><img loading=\"lazy\" decoding=\"async\" class=\"alignnone wp-image-456\" src=\"https:\/\/kolmlovitrykikeskus.ee\/wp-content\/uploads\/2024\/01\/koiterongad-520-3.jpg\" alt=\"Trossr\u00f5ngad\" width=\"657\" height=\"208\" srcset=\"https:\/\/kolmlovitrykikeskus.ee\/wp-content\/uploads\/2024\/01\/koiterongad-520-3.jpg 520w, https:\/\/kolmlovitrykikeskus.ee\/wp-content\/uploads\/2024\/01\/koiterongad-520-3-300x95.jpg 300w\" sizes=\"auto, (max-width: 657px) 100vw, 657px\" \/><br \/><!-- \/wp:image -->\r\n\r\n<!-- wp:paragraph -->Kinnitusr\u00f5ngad n\u00e4idiste v\u00f5i materjalide kinnitamiseks. N\u00e4idister\u00f5ngad.<!-- \/wp:paragraph -->\r\n\r\n<!-- wp:image {\"id\":455,\"sizeSlug\":\"full\",\"linkDestination\":\"none\"} --><\/p>\r\n<p class=\"wp-block-image size-full\"><img loading=\"lazy\" decoding=\"async\" class=\"alignnone wp-image-455\" src=\"https:\/\/kolmlovitrykikeskus.ee\/wp-content\/uploads\/2024\/01\/kinnitusrongad-520px.png\" alt=\"kinnitusr\u00f5ngad, k\u00f6iter\u00f5ngad, n\u00e4idister\u00f5ngas, konksuga r\u00f5ngas\" width=\"657\" height=\"449\" srcset=\"https:\/\/kolmlovitrykikeskus.ee\/wp-content\/uploads\/2024\/01\/kinnitusrongad-520px.png 520w, https:\/\/kolmlovitrykikeskus.ee\/wp-content\/uploads\/2024\/01\/kinnitusrongad-520px-300x205.png 300w\" sizes=\"auto, (max-width: 657px) 100vw, 657px\" \/><br \/><!-- \/wp:image -->\r\n\r\n<!-- wp:paragraph -->R\u00f5ngas 76mm (MR76) 100tk pakk 143,37+km, 2+ paki ostmisel paki hind 106,20+km<br \/>R\u00f5ngas 120mm (MR120) 100tk pakk 296,46+km, 2+ paki ostmisel 219,60+km<br \/>R\u00f5ngas 150mm (MR150) 100tk pakk 322,92+km, 2+ paki ostmisel paki hind 239,20+km<br \/>R\u00f5ngas kinnituskonksuga (MR120H) 120mm 458,73+km, pakk 2+ paki ostmisel paki hind 339,80+km.<br \/>Suured kinnitusr\u00f5ngad on tellitavad paki kaupa.<!-- \/wp:paragraph --><\/p>\r\n<p><a href=\"#Liigu-yles-kiirkoide\">Liigu \u00fcles<\/a><\/p>","protected":false},"excerpt":{"rendered":"<p>Pakume erinevaid kiirk\u00f6itmisv\u00f5imalusi &#8211; liimk\u00f6ide, klamberk\u00f6ide, spiraalk\u00f6ide, kammk\u00f6ide. Kiireks k\u00f6itmiseks k\u00f6iter\u00f5ngad. Men\u00fc\u00fcde ja kaante valmistamine. Kiirmen\u00fc\u00fcde info\u00a0siin. Kinnitusr\u00f5ngad n\u00e4idistele. Pehmete kaantega liimk\u00f6ites juhendid, k\u00e4siraamatud v\u00e4iketiraa\u017eides. [&#8230;]<\/p>\n","protected":false},"author":3,"featured_media":0,"parent":0,"menu_order":0,"comment_status":"closed","ping_status":"closed","template":"","meta":{"footnotes":""},"class_list":["post-453","page","type-page","status-publish","hentry"],"yoast_head":"<!-- This site is optimized with the Yoast SEO plugin v27.4 - https:\/\/yoast.com\/product\/yoast-seo-wordpress\/ -->\n<title>Kiirk\u00f6itmine - Kolm L\u00f5vi Tr\u00fckikeskus<\/title>\n<meta name=\"description\" content=\"kiirk\u00f6itmine diplomit\u00f6\u00f6d kammk\u00f6ide r\u00f5ngask\u00f6ide kinnitusr\u00f5ngad Kiirk\u00f6itmine Kolm L\u00f5vi Tr\u00fckikeskus tr\u00fckiteenused prinditeenused\" \/>\n<meta name=\"robots\" content=\"index, follow, max-snippet:-1, max-image-preview:large, max-video-preview:-1\" \/>\n<link rel=\"canonical\" href=\"https:\/\/kolmlovitrykikeskus.ee\/?page_id=453\" \/>\n<meta property=\"og:locale\" content=\"et_EE\" \/>\n<meta property=\"og:type\" content=\"article\" \/>\n<meta property=\"og:title\" content=\"Kiirk\u00f6itmine - Kolm L\u00f5vi Tr\u00fckikeskus\" \/>\n<meta property=\"og:description\" content=\"kiirk\u00f6itmine diplomit\u00f6\u00f6d kammk\u00f6ide r\u00f5ngask\u00f6ide kinnitusr\u00f5ngad Kiirk\u00f6itmine Kolm L\u00f5vi Tr\u00fckikeskus tr\u00fckiteenused prinditeenused\" \/>\n<meta property=\"og:url\" content=\"https:\/\/kolmlovitrykikeskus.ee\/?page_id=453\" \/>\n<meta property=\"og:site_name\" content=\"Kolm L\u00f5vi Tr\u00fckikeskus\" \/>\n<meta property=\"article:publisher\" content=\"https:\/\/www.facebook.com\/kolmlovitrykikeskus\" \/>\n<meta property=\"article:modified_time\" content=\"2024-11-23T14:14:29+00:00\" \/>\n<meta property=\"og:image\" content=\"https:\/\/kolmlovitrykikeskus.ee\/wp-content\/uploads\/2024\/01\/raamatudkovakaantega.jpg\" \/>\n<meta name=\"twitter:card\" content=\"summary_large_image\" \/>\n<meta name=\"twitter:label1\" content=\"Est. reading time\" \/>\n\t<meta name=\"twitter:data1\" content=\"5 minutit\" \/>\n<script type=\"application\/ld+json\" class=\"yoast-schema-graph\">{\"@context\":\"https:\\\/\\\/schema.org\",\"@graph\":[{\"@type\":\"WebPage\",\"@id\":\"https:\\\/\\\/kolmlovitrykikeskus.ee\\\/?page_id=453\",\"url\":\"https:\\\/\\\/kolmlovitrykikeskus.ee\\\/?page_id=453\",\"name\":\"Kiirk\u00f6itmine - Kolm L\u00f5vi Tr\u00fckikeskus\",\"isPartOf\":{\"@id\":\"https:\\\/\\\/kolmlovitrykikeskus.ee\\\/#website\"},\"primaryImageOfPage\":{\"@id\":\"https:\\\/\\\/kolmlovitrykikeskus.ee\\\/?page_id=453#primaryimage\"},\"image\":{\"@id\":\"https:\\\/\\\/kolmlovitrykikeskus.ee\\\/?page_id=453#primaryimage\"},\"thumbnailUrl\":\"https:\\\/\\\/kolmlovitrykikeskus.ee\\\/wp-content\\\/uploads\\\/2024\\\/01\\\/raamatudkovakaantega.jpg\",\"datePublished\":\"2024-08-23T07:05:11+00:00\",\"dateModified\":\"2024-11-23T14:14:29+00:00\",\"description\":\"kiirk\u00f6itmine diplomit\u00f6\u00f6d kammk\u00f6ide r\u00f5ngask\u00f6ide kinnitusr\u00f5ngad Kiirk\u00f6itmine Kolm L\u00f5vi Tr\u00fckikeskus tr\u00fckiteenused prinditeenused\",\"breadcrumb\":{\"@id\":\"https:\\\/\\\/kolmlovitrykikeskus.ee\\\/?page_id=453#breadcrumb\"},\"inLanguage\":\"et\",\"potentialAction\":[{\"@type\":\"ReadAction\",\"target\":[\"https:\\\/\\\/kolmlovitrykikeskus.ee\\\/?page_id=453\"]}]},{\"@type\":\"ImageObject\",\"inLanguage\":\"et\",\"@id\":\"https:\\\/\\\/kolmlovitrykikeskus.ee\\\/?page_id=453#primaryimage\",\"url\":\"https:\\\/\\\/kolmlovitrykikeskus.ee\\\/wp-content\\\/uploads\\\/2024\\\/01\\\/raamatudkovakaantega.jpg\",\"contentUrl\":\"https:\\\/\\\/kolmlovitrykikeskus.ee\\\/wp-content\\\/uploads\\\/2024\\\/01\\\/raamatudkovakaantega.jpg\",\"width\":560,\"height\":286,\"caption\":\"Raamatud k\u00f5vakaanega\"},{\"@type\":\"BreadcrumbList\",\"@id\":\"https:\\\/\\\/kolmlovitrykikeskus.ee\\\/?page_id=453#breadcrumb\",\"itemListElement\":[{\"@type\":\"ListItem\",\"position\":1,\"name\":\"Home\",\"item\":\"https:\\\/\\\/kolmlovitrykikeskus.ee\\\/\"},{\"@type\":\"ListItem\",\"position\":2,\"name\":\"Kiirk\u00f6itmine\"}]},{\"@type\":\"WebSite\",\"@id\":\"https:\\\/\\\/kolmlovitrykikeskus.ee\\\/#website\",\"url\":\"https:\\\/\\\/kolmlovitrykikeskus.ee\\\/\",\"name\":\"Kolm L\u00f5vi Tr\u00fckikeskus\",\"description\":\"Leiame lahenduse!\",\"publisher\":{\"@id\":\"https:\\\/\\\/kolmlovitrykikeskus.ee\\\/#organization\"},\"potentialAction\":[{\"@type\":\"SearchAction\",\"target\":{\"@type\":\"EntryPoint\",\"urlTemplate\":\"https:\\\/\\\/kolmlovitrykikeskus.ee\\\/?s={search_term_string}\"},\"query-input\":{\"@type\":\"PropertyValueSpecification\",\"valueRequired\":true,\"valueName\":\"search_term_string\"}}],\"inLanguage\":\"et\"},{\"@type\":\"Organization\",\"@id\":\"https:\\\/\\\/kolmlovitrykikeskus.ee\\\/#organization\",\"name\":\"Kolm L\u00f5vi Tr\u00fckikeskus\",\"url\":\"https:\\\/\\\/kolmlovitrykikeskus.ee\\\/\",\"logo\":{\"@type\":\"ImageObject\",\"inLanguage\":\"et\",\"@id\":\"https:\\\/\\\/kolmlovitrykikeskus.ee\\\/#\\\/schema\\\/logo\\\/image\\\/\",\"url\":\"https:\\\/\\\/kolmlovitrykikeskus.ee\\\/wp-content\\\/uploads\\\/2023\\\/12\\\/cropped-kltk-logo.png\",\"contentUrl\":\"https:\\\/\\\/kolmlovitrykikeskus.ee\\\/wp-content\\\/uploads\\\/2023\\\/12\\\/cropped-kltk-logo.png\",\"width\":640,\"height\":170,\"caption\":\"Kolm L\u00f5vi Tr\u00fckikeskus\"},\"image\":{\"@id\":\"https:\\\/\\\/kolmlovitrykikeskus.ee\\\/#\\\/schema\\\/logo\\\/image\\\/\"},\"sameAs\":[\"https:\\\/\\\/www.facebook.com\\\/kolmlovitrykikeskus\"]}]}<\/script>\n<!-- \/ Yoast SEO plugin. -->","yoast_head_json":{"title":"Kiirk\u00f6itmine - Kolm L\u00f5vi Tr\u00fckikeskus","description":"kiirk\u00f6itmine diplomit\u00f6\u00f6d kammk\u00f6ide r\u00f5ngask\u00f6ide kinnitusr\u00f5ngad Kiirk\u00f6itmine Kolm L\u00f5vi Tr\u00fckikeskus tr\u00fckiteenused prinditeenused","robots":{"index":"index","follow":"follow","max-snippet":"max-snippet:-1","max-image-preview":"max-image-preview:large","max-video-preview":"max-video-preview:-1"},"canonical":"https:\/\/kolmlovitrykikeskus.ee\/?page_id=453","og_locale":"et_EE","og_type":"article","og_title":"Kiirk\u00f6itmine - Kolm L\u00f5vi Tr\u00fckikeskus","og_description":"kiirk\u00f6itmine diplomit\u00f6\u00f6d kammk\u00f6ide r\u00f5ngask\u00f6ide kinnitusr\u00f5ngad Kiirk\u00f6itmine Kolm L\u00f5vi Tr\u00fckikeskus tr\u00fckiteenused prinditeenused","og_url":"https:\/\/kolmlovitrykikeskus.ee\/?page_id=453","og_site_name":"Kolm L\u00f5vi Tr\u00fckikeskus","article_publisher":"https:\/\/www.facebook.com\/kolmlovitrykikeskus","article_modified_time":"2024-11-23T14:14:29+00:00","og_image":[{"url":"https:\/\/kolmlovitrykikeskus.ee\/wp-content\/uploads\/2024\/01\/raamatudkovakaantega.jpg","type":"","width":"","height":""}],"twitter_card":"summary_large_image","twitter_misc":{"Est. reading time":"5 minutit"},"schema":{"@context":"https:\/\/schema.org","@graph":[{"@type":"WebPage","@id":"https:\/\/kolmlovitrykikeskus.ee\/?page_id=453","url":"https:\/\/kolmlovitrykikeskus.ee\/?page_id=453","name":"Kiirk\u00f6itmine - Kolm L\u00f5vi Tr\u00fckikeskus","isPartOf":{"@id":"https:\/\/kolmlovitrykikeskus.ee\/#website"},"primaryImageOfPage":{"@id":"https:\/\/kolmlovitrykikeskus.ee\/?page_id=453#primaryimage"},"image":{"@id":"https:\/\/kolmlovitrykikeskus.ee\/?page_id=453#primaryimage"},"thumbnailUrl":"https:\/\/kolmlovitrykikeskus.ee\/wp-content\/uploads\/2024\/01\/raamatudkovakaantega.jpg","datePublished":"2024-08-23T07:05:11+00:00","dateModified":"2024-11-23T14:14:29+00:00","description":"kiirk\u00f6itmine diplomit\u00f6\u00f6d kammk\u00f6ide r\u00f5ngask\u00f6ide kinnitusr\u00f5ngad Kiirk\u00f6itmine Kolm L\u00f5vi Tr\u00fckikeskus tr\u00fckiteenused prinditeenused","breadcrumb":{"@id":"https:\/\/kolmlovitrykikeskus.ee\/?page_id=453#breadcrumb"},"inLanguage":"et","potentialAction":[{"@type":"ReadAction","target":["https:\/\/kolmlovitrykikeskus.ee\/?page_id=453"]}]},{"@type":"ImageObject","inLanguage":"et","@id":"https:\/\/kolmlovitrykikeskus.ee\/?page_id=453#primaryimage","url":"https:\/\/kolmlovitrykikeskus.ee\/wp-content\/uploads\/2024\/01\/raamatudkovakaantega.jpg","contentUrl":"https:\/\/kolmlovitrykikeskus.ee\/wp-content\/uploads\/2024\/01\/raamatudkovakaantega.jpg","width":560,"height":286,"caption":"Raamatud k\u00f5vakaanega"},{"@type":"BreadcrumbList","@id":"https:\/\/kolmlovitrykikeskus.ee\/?page_id=453#breadcrumb","itemListElement":[{"@type":"ListItem","position":1,"name":"Home","item":"https:\/\/kolmlovitrykikeskus.ee\/"},{"@type":"ListItem","position":2,"name":"Kiirk\u00f6itmine"}]},{"@type":"WebSite","@id":"https:\/\/kolmlovitrykikeskus.ee\/#website","url":"https:\/\/kolmlovitrykikeskus.ee\/","name":"Kolm L\u00f5vi Tr\u00fckikeskus","description":"Leiame lahenduse!","publisher":{"@id":"https:\/\/kolmlovitrykikeskus.ee\/#organization"},"potentialAction":[{"@type":"SearchAction","target":{"@type":"EntryPoint","urlTemplate":"https:\/\/kolmlovitrykikeskus.ee\/?s={search_term_string}"},"query-input":{"@type":"PropertyValueSpecification","valueRequired":true,"valueName":"search_term_string"}}],"inLanguage":"et"},{"@type":"Organization","@id":"https:\/\/kolmlovitrykikeskus.ee\/#organization","name":"Kolm L\u00f5vi Tr\u00fckikeskus","url":"https:\/\/kolmlovitrykikeskus.ee\/","logo":{"@type":"ImageObject","inLanguage":"et","@id":"https:\/\/kolmlovitrykikeskus.ee\/#\/schema\/logo\/image\/","url":"https:\/\/kolmlovitrykikeskus.ee\/wp-content\/uploads\/2023\/12\/cropped-kltk-logo.png","contentUrl":"https:\/\/kolmlovitrykikeskus.ee\/wp-content\/uploads\/2023\/12\/cropped-kltk-logo.png","width":640,"height":170,"caption":"Kolm L\u00f5vi Tr\u00fckikeskus"},"image":{"@id":"https:\/\/kolmlovitrykikeskus.ee\/#\/schema\/logo\/image\/"},"sameAs":["https:\/\/www.facebook.com\/kolmlovitrykikeskus"]}]}},"_links":{"self":[{"href":"https:\/\/kolmlovitrykikeskus.ee\/index.php?rest_route=\/wp\/v2\/pages\/453","targetHints":{"allow":["GET"]}}],"collection":[{"href":"https:\/\/kolmlovitrykikeskus.ee\/index.php?rest_route=\/wp\/v2\/pages"}],"about":[{"href":"https:\/\/kolmlovitrykikeskus.ee\/index.php?rest_route=\/wp\/v2\/types\/page"}],"author":[{"embeddable":true,"href":"https:\/\/kolmlovitrykikeskus.ee\/index.php?rest_route=\/wp\/v2\/users\/3"}],"replies":[{"embeddable":true,"href":"https:\/\/kolmlovitrykikeskus.ee\/index.php?rest_route=%2Fwp%2Fv2%2Fcomments&post=453"}],"version-history":[{"count":21,"href":"https:\/\/kolmlovitrykikeskus.ee\/index.php?rest_route=\/wp\/v2\/pages\/453\/revisions"}],"predecessor-version":[{"id":4106,"href":"https:\/\/kolmlovitrykikeskus.ee\/index.php?rest_route=\/wp\/v2\/pages\/453\/revisions\/4106"}],"wp:attachment":[{"href":"https:\/\/kolmlovitrykikeskus.ee\/index.php?rest_route=%2Fwp%2Fv2%2Fmedia&parent=453"}],"curies":[{"name":"wp","href":"https:\/\/api.w.org\/{rel}","templated":true}]}}