{"id":4460,"date":"2025-05-20T09:14:16","date_gmt":"2025-05-20T07:14:16","guid":{"rendered":"https:\/\/kolmlovitrykikeskus.ee\/?page_id=4460"},"modified":"2026-04-27T14:25:39","modified_gmt":"2026-04-27T12:25:39","slug":"trukised","status":"publish","type":"page","link":"https:\/\/kolmlovitrykikeskus.ee\/?page_id=4460","title":{"rendered":"Tr\u00fckised"},"content":{"rendered":"<ul>\n<li>\n<h3>RINDA<\/h3>\n<\/li>\n<\/ul>\n<p><a href=\"https:\/\/kolmlovitrykikeskus.ee\/?page_id=1960\">&#8211; Kvaliteetsete meenem\u00e4rkide, nimem\u00e4rkide, k\u00fclmkapimagnetite, rinnam\u00e4rkide hinnakiri<\/a><br \/>\n<a href=\"https:\/\/kolmlovitrykikeskus.ee\/?page_id=674\">&#8211; Erinevad tr\u00fckised ja logodega esemed kontorisse. Tassid, magnetid, nimesildid, rinnasildid, prillilapid<\/a><br \/>\n<a href=\"https:\/\/kolmlovitrykikeskus.ee\/?page_id=1980\">&#8211; Rinnam\u00e4rgid, nimesildid<\/a><br \/>\n<a href=\"https:\/\/kolmlovitrykikeskus.ee\/?page_id=1997\">&#8211; Rinnasildid, nimesildid magnetiga<\/a><br \/>\n<a href=\"https:\/\/kolmlovitrykikeskus.ee\/?page_id=1760\">&#8211; Metallist rinnam\u00e4rgid ja v\u00f5tmehoidjad<\/a><br \/>\n<a href=\"https:\/\/kolmlovitrykikeskus.ee\/?page_id=1992\">&#8211; Rinnasiltide hinnakiri<\/a><br \/>\n<a href=\"https:\/\/kolmlovitrykikeskus.ee\/?page_id=2027\">&#8211; Pulmam\u00e4rgid ametinimetustega<\/a><\/p>\n<ul>\n<li>\n<h3>KAELA<\/h3>\n<\/li>\n<\/ul>\n<header class=\"page-header entry-header\"><a href=\"https:\/\/kolmlovitrykikeskus.ee\/?page_id=954\">&#8211; Kaelakaardid<\/a><br \/>\n<a href=\"https:\/\/kolmlovitrykikeskus.ee\/?page_id=1894\">&#8211; Plasttaskud<\/a><br \/>\n<a href=\"https:\/\/kolmlovitrykikeskus.ee\/?page_id=1905\">&#8211; Pehmed PVC kaelakaartide taskud<\/a><br \/>\n<a href=\"https:\/\/kolmlovitrykikeskus.ee\/?page_id=2020\">&#8211; Kinnitused, r\u00f5ngad rinnam\u00e4rkidele \/ v\u00f5tmehoidjatele \/ rosettidele<\/a><br \/>\n<a href=\"https:\/\/kolmlovitrykikeskus.ee\/?page_id=748\">&#8211; Kaelakaartide kavandamine<\/a><\/header>\n<ul>\n<li>\n<h3>KONTORISSE<\/h3>\n<\/li>\n<\/ul>\n<p><a href=\"https:\/\/kolmlovitrykikeskus.ee\/?page_id=691\">&#8211; Reklaamtr\u00fckised<\/a><br \/>\n<a href=\"https:\/\/kolmlovitrykikeskus.ee\/?page_id=2208\">&#8211; Avatud-suletud sildid<\/a><br \/>\n<a href=\"https:\/\/kolmlovitrykikeskus.ee\/?page_id=674\">&#8211; Erinevad tr\u00fckised ja logodega esemed kontorisse. Tassid. Magnetid. Nimesildid. Rinnasildid. Prillilapid<\/a><br \/>\n<a href=\"https:\/\/kolmlovitrykikeskus.ee\/?page_id=449\">&#8211; Nimesildid, nimedega rinnam\u00e4rgid. V\u00e4iksed metallraamid nimesiltidega kappidele, kastidele, karpidele. Nimesildiraamid<\/a><br \/>\n<a href=\"https:\/\/kolmlovitrykikeskus.ee\/?page_id=2213\">&#8211; Men\u00fc\u00fcd ja kiirk\u00f6itjad<\/a><br \/>\n<a href=\"https:\/\/kolmlovitrykikeskus.ee\/?page_id=2156\">&#8211; M\u00e4rkmikud<\/a><br \/>\n<a href=\"https:\/\/kolmlovitrykikeskus.ee\/?page_id=478\">&#8211; Visiitkaardid<\/a><br \/>\n<a href=\"https:\/\/kolmlovitrykikeskus.ee\/?page_id=775\">&#8211; Lauar\u00e4\u00e4kija<\/a><br \/>\n<a href=\"https:\/\/kolmlovitrykikeskus.ee\/?page_id=581\">&#8211; Klaviatuurikleebised<\/a><br \/>\n<a href=\"https:\/\/kolmlovitrykikeskus.ee\/?page_id=437\">&#8211; Turvakleebised<\/a><br \/>\n<a href=\"https:\/\/kolmlovitrykikeskus.ee\/?page_id=421\">&#8211; Paberetiketid<\/a><br \/>\n<a href=\"https:\/\/kolmlovitrykikeskus.ee\/?page_id=1843\">&#8211; Kleebised<\/a><br \/>\n<a href=\"https:\/\/kolmlovitrykikeskus.ee\/?page_id=2190\">&#8211; Kellad<\/a><br \/>\n<a href=\"https:\/\/kolmlovitrykikeskus.ee\/?page_id=714\">&#8211; Kalendrid<\/a><\/p>\n<ul>\n<li>\n<h3>SEINALE, AIALE<\/h3>\n<\/li>\n<\/ul>\n<p>&nbsp;<\/p>\n<ul>\n<li>\n<h3>TASKUSSE<\/h3>\n<\/li>\n<\/ul>\n<p>&nbsp;<\/p>\n<ul>\n<li>\n<h3>ESITLEMISEKS<\/h3>\n<\/li>\n<\/ul>\n<p>&nbsp;<\/p>\n<ul>\n<li>\n<h3>CD PLAADILE<\/h3>\n<\/li>\n<\/ul>\n<p>&nbsp;<\/p>\n<ul>\n<li>\n<h3>KINGITUSEKS<\/h3>\n<\/li>\n<\/ul>\n<p>&nbsp;<\/p>\n<ul>\n<li>\n<h3>AUTOSSE<\/h3>\n<\/li>\n<\/ul>\n<p>&nbsp;<\/p>\n<ul>\n<li>\n<h3>RIPUTAMISEKS<\/h3>\n<\/li>\n<\/ul>\n<p>&nbsp;<\/p>\n<ul>\n<li>\n<h3>TUNNUSTAMISEKS<\/h3>\n<\/li>\n<\/ul>\n<p>&nbsp;<\/p>\n<ul>\n<li>\n<h3>T\u00d6\u00d6STUSSE<\/h3>\n<\/li>\n<\/ul>\n<p>&nbsp;<\/p>\n","protected":false},"excerpt":{"rendered":"<p>RINDA &#8211; Kvaliteetsete meenem\u00e4rkide, nimem\u00e4rkide, k\u00fclmkapimagnetite, rinnam\u00e4rkide hinnakiri &#8211; Erinevad tr\u00fckised ja logodega esemed kontorisse. Tassid, magnetid, nimesildid, rinnasildid, prillilapid &#8211; Rinnam\u00e4rgid, nimesildid &#8211; Rinnasildid, [&#8230;]<\/p>\n","protected":false},"author":5,"featured_media":0,"parent":0,"menu_order":0,"comment_status":"closed","ping_status":"closed","template":"","meta":{"footnotes":""},"class_list":["post-4460","page","type-page","status-publish","hentry"],"yoast_head":"<!-- This site is optimized with the Yoast SEO plugin v27.5 - https:\/\/yoast.com\/product\/yoast-seo-wordpress\/ -->\n<title>Tr\u00fckised - Kolm L\u00f5vi Tr\u00fckikeskus<\/title>\n<meta name=\"description\" content=\"Tr\u00fckised Kolm L\u00f5vi Tr\u00fckikeskus\" \/>\n<meta name=\"robots\" content=\"index, follow, max-snippet:-1, max-image-preview:large, max-video-preview:-1\" \/>\n<link rel=\"canonical\" href=\"https:\/\/kolmlovitrykikeskus.ee\/?page_id=4460\" \/>\n<meta property=\"og:locale\" content=\"et_EE\" \/>\n<meta property=\"og:type\" content=\"article\" \/>\n<meta property=\"og:title\" content=\"Tr\u00fckised - Kolm L\u00f5vi Tr\u00fckikeskus\" \/>\n<meta property=\"og:description\" content=\"Tr\u00fckised Kolm L\u00f5vi Tr\u00fckikeskus\" \/>\n<meta property=\"og:url\" content=\"https:\/\/kolmlovitrykikeskus.ee\/?page_id=4460\" \/>\n<meta property=\"og:site_name\" content=\"Kolm L\u00f5vi Tr\u00fckikeskus\" \/>\n<meta property=\"article:publisher\" content=\"https:\/\/www.facebook.com\/kolmlovitrykikeskus\" \/>\n<meta property=\"article:modified_time\" content=\"2026-04-27T12:25:39+00:00\" \/>\n<meta name=\"twitter:card\" content=\"summary_large_image\" \/>\n<meta name=\"twitter:label1\" content=\"Est. reading time\" \/>\n\t<meta name=\"twitter:data1\" content=\"1 minut\" \/>\n<script type=\"application\/ld+json\" class=\"yoast-schema-graph\">{\"@context\":\"https:\\\/\\\/schema.org\",\"@graph\":[{\"@type\":\"WebPage\",\"@id\":\"https:\\\/\\\/kolmlovitrykikeskus.ee\\\/?page_id=4460\",\"url\":\"https:\\\/\\\/kolmlovitrykikeskus.ee\\\/?page_id=4460\",\"name\":\"Tr\u00fckised - Kolm L\u00f5vi Tr\u00fckikeskus\",\"isPartOf\":{\"@id\":\"https:\\\/\\\/kolmlovitrykikeskus.ee\\\/#website\"},\"datePublished\":\"2025-05-20T07:14:16+00:00\",\"dateModified\":\"2026-04-27T12:25:39+00:00\",\"description\":\"Tr\u00fckised Kolm L\u00f5vi Tr\u00fckikeskus\",\"breadcrumb\":{\"@id\":\"https:\\\/\\\/kolmlovitrykikeskus.ee\\\/?page_id=4460#breadcrumb\"},\"inLanguage\":\"et\",\"potentialAction\":[{\"@type\":\"ReadAction\",\"target\":[\"https:\\\/\\\/kolmlovitrykikeskus.ee\\\/?page_id=4460\"]}]},{\"@type\":\"BreadcrumbList\",\"@id\":\"https:\\\/\\\/kolmlovitrykikeskus.ee\\\/?page_id=4460#breadcrumb\",\"itemListElement\":[{\"@type\":\"ListItem\",\"position\":1,\"name\":\"Home\",\"item\":\"https:\\\/\\\/kolmlovitrykikeskus.ee\\\/\"},{\"@type\":\"ListItem\",\"position\":2,\"name\":\"Tr\u00fckised\"}]},{\"@type\":\"WebSite\",\"@id\":\"https:\\\/\\\/kolmlovitrykikeskus.ee\\\/#website\",\"url\":\"https:\\\/\\\/kolmlovitrykikeskus.ee\\\/\",\"name\":\"Kolm L\u00f5vi Tr\u00fckikeskus\",\"description\":\"Leiame lahenduse!\",\"publisher\":{\"@id\":\"https:\\\/\\\/kolmlovitrykikeskus.ee\\\/#organization\"},\"potentialAction\":[{\"@type\":\"SearchAction\",\"target\":{\"@type\":\"EntryPoint\",\"urlTemplate\":\"https:\\\/\\\/kolmlovitrykikeskus.ee\\\/?s={search_term_string}\"},\"query-input\":{\"@type\":\"PropertyValueSpecification\",\"valueRequired\":true,\"valueName\":\"search_term_string\"}}],\"inLanguage\":\"et\"},{\"@type\":\"Organization\",\"@id\":\"https:\\\/\\\/kolmlovitrykikeskus.ee\\\/#organization\",\"name\":\"Kolm L\u00f5vi Tr\u00fckikeskus\",\"url\":\"https:\\\/\\\/kolmlovitrykikeskus.ee\\\/\",\"logo\":{\"@type\":\"ImageObject\",\"inLanguage\":\"et\",\"@id\":\"https:\\\/\\\/kolmlovitrykikeskus.ee\\\/#\\\/schema\\\/logo\\\/image\\\/\",\"url\":\"https:\\\/\\\/kolmlovitrykikeskus.ee\\\/wp-content\\\/uploads\\\/2023\\\/12\\\/cropped-kltk-logo.png\",\"contentUrl\":\"https:\\\/\\\/kolmlovitrykikeskus.ee\\\/wp-content\\\/uploads\\\/2023\\\/12\\\/cropped-kltk-logo.png\",\"width\":640,\"height\":170,\"caption\":\"Kolm L\u00f5vi Tr\u00fckikeskus\"},\"image\":{\"@id\":\"https:\\\/\\\/kolmlovitrykikeskus.ee\\\/#\\\/schema\\\/logo\\\/image\\\/\"},\"sameAs\":[\"https:\\\/\\\/www.facebook.com\\\/kolmlovitrykikeskus\"]}]}<\/script>\n<!-- \/ Yoast SEO plugin. -->","yoast_head_json":{"title":"Tr\u00fckised - Kolm L\u00f5vi Tr\u00fckikeskus","description":"Tr\u00fckised Kolm L\u00f5vi Tr\u00fckikeskus","robots":{"index":"index","follow":"follow","max-snippet":"max-snippet:-1","max-image-preview":"max-image-preview:large","max-video-preview":"max-video-preview:-1"},"canonical":"https:\/\/kolmlovitrykikeskus.ee\/?page_id=4460","og_locale":"et_EE","og_type":"article","og_title":"Tr\u00fckised - Kolm L\u00f5vi Tr\u00fckikeskus","og_description":"Tr\u00fckised Kolm L\u00f5vi Tr\u00fckikeskus","og_url":"https:\/\/kolmlovitrykikeskus.ee\/?page_id=4460","og_site_name":"Kolm L\u00f5vi Tr\u00fckikeskus","article_publisher":"https:\/\/www.facebook.com\/kolmlovitrykikeskus","article_modified_time":"2026-04-27T12:25:39+00:00","twitter_card":"summary_large_image","twitter_misc":{"Est. reading time":"1 minut"},"schema":{"@context":"https:\/\/schema.org","@graph":[{"@type":"WebPage","@id":"https:\/\/kolmlovitrykikeskus.ee\/?page_id=4460","url":"https:\/\/kolmlovitrykikeskus.ee\/?page_id=4460","name":"Tr\u00fckised - Kolm L\u00f5vi Tr\u00fckikeskus","isPartOf":{"@id":"https:\/\/kolmlovitrykikeskus.ee\/#website"},"datePublished":"2025-05-20T07:14:16+00:00","dateModified":"2026-04-27T12:25:39+00:00","description":"Tr\u00fckised Kolm L\u00f5vi Tr\u00fckikeskus","breadcrumb":{"@id":"https:\/\/kolmlovitrykikeskus.ee\/?page_id=4460#breadcrumb"},"inLanguage":"et","potentialAction":[{"@type":"ReadAction","target":["https:\/\/kolmlovitrykikeskus.ee\/?page_id=4460"]}]},{"@type":"BreadcrumbList","@id":"https:\/\/kolmlovitrykikeskus.ee\/?page_id=4460#breadcrumb","itemListElement":[{"@type":"ListItem","position":1,"name":"Home","item":"https:\/\/kolmlovitrykikeskus.ee\/"},{"@type":"ListItem","position":2,"name":"Tr\u00fckised"}]},{"@type":"WebSite","@id":"https:\/\/kolmlovitrykikeskus.ee\/#website","url":"https:\/\/kolmlovitrykikeskus.ee\/","name":"Kolm L\u00f5vi Tr\u00fckikeskus","description":"Leiame lahenduse!","publisher":{"@id":"https:\/\/kolmlovitrykikeskus.ee\/#organization"},"potentialAction":[{"@type":"SearchAction","target":{"@type":"EntryPoint","urlTemplate":"https:\/\/kolmlovitrykikeskus.ee\/?s={search_term_string}"},"query-input":{"@type":"PropertyValueSpecification","valueRequired":true,"valueName":"search_term_string"}}],"inLanguage":"et"},{"@type":"Organization","@id":"https:\/\/kolmlovitrykikeskus.ee\/#organization","name":"Kolm L\u00f5vi Tr\u00fckikeskus","url":"https:\/\/kolmlovitrykikeskus.ee\/","logo":{"@type":"ImageObject","inLanguage":"et","@id":"https:\/\/kolmlovitrykikeskus.ee\/#\/schema\/logo\/image\/","url":"https:\/\/kolmlovitrykikeskus.ee\/wp-content\/uploads\/2023\/12\/cropped-kltk-logo.png","contentUrl":"https:\/\/kolmlovitrykikeskus.ee\/wp-content\/uploads\/2023\/12\/cropped-kltk-logo.png","width":640,"height":170,"caption":"Kolm L\u00f5vi Tr\u00fckikeskus"},"image":{"@id":"https:\/\/kolmlovitrykikeskus.ee\/#\/schema\/logo\/image\/"},"sameAs":["https:\/\/www.facebook.com\/kolmlovitrykikeskus"]}]}},"_links":{"self":[{"href":"https:\/\/kolmlovitrykikeskus.ee\/index.php?rest_route=\/wp\/v2\/pages\/4460","targetHints":{"allow":["GET"]}}],"collection":[{"href":"https:\/\/kolmlovitrykikeskus.ee\/index.php?rest_route=\/wp\/v2\/pages"}],"about":[{"href":"https:\/\/kolmlovitrykikeskus.ee\/index.php?rest_route=\/wp\/v2\/types\/page"}],"author":[{"embeddable":true,"href":"https:\/\/kolmlovitrykikeskus.ee\/index.php?rest_route=\/wp\/v2\/users\/5"}],"replies":[{"embeddable":true,"href":"https:\/\/kolmlovitrykikeskus.ee\/index.php?rest_route=%2Fwp%2Fv2%2Fcomments&post=4460"}],"version-history":[{"count":14,"href":"https:\/\/kolmlovitrykikeskus.ee\/index.php?rest_route=\/wp\/v2\/pages\/4460\/revisions"}],"predecessor-version":[{"id":4692,"href":"https:\/\/kolmlovitrykikeskus.ee\/index.php?rest_route=\/wp\/v2\/pages\/4460\/revisions\/4692"}],"wp:attachment":[{"href":"https:\/\/kolmlovitrykikeskus.ee\/index.php?rest_route=%2Fwp%2Fv2%2Fmedia&parent=4460"}],"curies":[{"name":"wp","href":"https:\/\/api.w.org\/{rel}","templated":true}]}}