{"id":399,"date":"2024-08-08T21:05:27","date_gmt":"2024-08-08T19:05:27","guid":{"rendered":"https:\/\/kolmlovitrykikeskus.ee\/?page_id=399"},"modified":"2024-12-13T09:47:07","modified_gmt":"2024-12-13T07:47:07","slug":"kinnitamine-ja-riputamine","status":"publish","type":"page","link":"https:\/\/kolmlovitrykikeskus.ee\/?page_id=399","title":{"rendered":"Kinnitamine ja riputamine"},"content":{"rendered":"\r\n<h1 class=\"wp-block-heading\"><a id=\"Liigu-yles-riputused\"><\/a>Tellitavate tr\u00fckiste juure pakume erinevaid kinnitus- ja riputamisvariante.\u00a0Riputusm\u00e4rgised.<\/h1>\r\n<h4>\r\n\r\n<\/h4>\r\n<h4 class=\"wp-block-heading\">Kinnitused erinevatele pindadele, riputuskonksud, riputusvardad, S-konks, C-konks, riputuskett, laemagnet. Kleebitavad kinnitusklambrid. Kleebitavad plastikust riputuskonksud.<\/h4>\r\n\r\n\r\n\r\n<h4>Erinevad konksud, vardad ja kettraamide, postrite ja infograafika riputamiseks.<br \/><span style=\"background-color: #ffff00;\"><strong>Eraldi ostetavad kinnitustarbed on enamasti 10, 50 v\u00f5i 100 kaupa pakis.<\/strong><\/span><br \/>Erinevate t\u00f6\u00f6de juures saab neid lisada vajalikus koguses.<\/h4>\r\n\r\n\r\n\r\n<p class=\"wp-block-image size-full is-resized\"><img loading=\"lazy\" decoding=\"async\" width=\"520\" height=\"343\" class=\"wp-image-400\" style=\"width: 585px; height: auto;\" src=\"https:\/\/kolmlovitrykikeskus.ee\/wp-content\/uploads\/2024\/01\/riputuskonksud.jpg\" alt=\"riputuskonksud\" srcset=\"https:\/\/kolmlovitrykikeskus.ee\/wp-content\/uploads\/2024\/01\/riputuskonksud.jpg 520w, https:\/\/kolmlovitrykikeskus.ee\/wp-content\/uploads\/2024\/01\/riputuskonksud-300x198.jpg 300w\" sizes=\"auto, (max-width: 520px) 100vw, 520px\" \/><\/p>\r\n\r\n\r\n\r\n\r\n\r\n<p class=\"wp-block-image size-full is-resized\"><img loading=\"lazy\" decoding=\"async\" width=\"520\" height=\"447\" class=\"wp-image-401\" style=\"width: 584px; height: auto;\" src=\"https:\/\/kolmlovitrykikeskus.ee\/wp-content\/uploads\/2024\/01\/takjakinnitusega-iminapp.jpg\" alt=\"takjakinnitusega iminapp\" srcset=\"https:\/\/kolmlovitrykikeskus.ee\/wp-content\/uploads\/2024\/01\/takjakinnitusega-iminapp.jpg 520w, https:\/\/kolmlovitrykikeskus.ee\/wp-content\/uploads\/2024\/01\/takjakinnitusega-iminapp-300x258.jpg 300w\" sizes=\"auto, (max-width: 520px) 100vw, 520px\" \/><br \/>60mm takjakinnitusega iminapp siledatele pindadele.<\/p>\r\n\r\n\r\n\r\n\r\n\r\n<p><img loading=\"lazy\" decoding=\"async\" width=\"1024\" height=\"868\" class=\"wp-image-403\" style=\"width: 579px; height: auto;\" src=\"https:\/\/kolmlovitrykikeskus.ee\/wp-content\/uploads\/2024\/01\/A5horisontaalne-kyljeaknal-1024x868.jpg\" alt=\"A5 horisontaalne- k\u00fcljeaknal\" srcset=\"https:\/\/kolmlovitrykikeskus.ee\/wp-content\/uploads\/2024\/01\/A5horisontaalne-kyljeaknal-1024x868.jpg 1024w, https:\/\/kolmlovitrykikeskus.ee\/wp-content\/uploads\/2024\/01\/A5horisontaalne-kyljeaknal-300x254.jpg 300w, https:\/\/kolmlovitrykikeskus.ee\/wp-content\/uploads\/2024\/01\/A5horisontaalne-kyljeaknal-768x651.jpg 768w, https:\/\/kolmlovitrykikeskus.ee\/wp-content\/uploads\/2024\/01\/A5horisontaalne-kyljeaknal.jpg 1200w\" sizes=\"auto, (max-width: 1024px) 100vw, 1024px\" \/><br \/>40mm iminapaga klaasile kinnitatud A5 kapseldatud tr\u00fckis.<\/p>\r\n\r\n\r\n\r\n<p class=\"wp-block-image size-large is-resized\"><img loading=\"lazy\" decoding=\"async\" width=\"1024\" height=\"890\" class=\"wp-image-404\" style=\"width: 579px; height: auto;\" src=\"https:\/\/kolmlovitrykikeskus.ee\/wp-content\/uploads\/2024\/01\/iminappadega-klaasilekinnitus-1024x890.jpg\" alt=\"iminappadega-klaasikinnitus\" srcset=\"https:\/\/kolmlovitrykikeskus.ee\/wp-content\/uploads\/2024\/01\/iminappadega-klaasilekinnitus-1024x890.jpg 1024w, https:\/\/kolmlovitrykikeskus.ee\/wp-content\/uploads\/2024\/01\/iminappadega-klaasilekinnitus-300x261.jpg 300w, https:\/\/kolmlovitrykikeskus.ee\/wp-content\/uploads\/2024\/01\/iminappadega-klaasilekinnitus-768x668.jpg 768w, https:\/\/kolmlovitrykikeskus.ee\/wp-content\/uploads\/2024\/01\/iminappadega-klaasilekinnitus.jpg 1200w\" sizes=\"auto, (max-width: 1024px) 100vw, 1024px\" \/><br \/>Kahe v\u00e4ikese iminapaga (25mm) klaasile kinnitatud A5 horisontaalne sedel.\u00a0<\/p>\r\n\r\n\r\n\r\n<p class=\"wp-block-image size-large is-resized\"><img loading=\"lazy\" decoding=\"async\" width=\"936\" height=\"1024\" class=\"wp-image-412\" style=\"width: 580px; height: auto;\" src=\"https:\/\/kolmlovitrykikeskus.ee\/wp-content\/uploads\/2024\/01\/info-autokyljeaknal-iminappadega-936x1024.jpg\" alt=\"k\u00fcljeklaasile\" srcset=\"https:\/\/kolmlovitrykikeskus.ee\/wp-content\/uploads\/2024\/01\/info-autokyljeaknal-iminappadega-936x1024.jpg 936w, https:\/\/kolmlovitrykikeskus.ee\/wp-content\/uploads\/2024\/01\/info-autokyljeaknal-iminappadega-274x300.jpg 274w, https:\/\/kolmlovitrykikeskus.ee\/wp-content\/uploads\/2024\/01\/info-autokyljeaknal-iminappadega-768x840.jpg 768w, https:\/\/kolmlovitrykikeskus.ee\/wp-content\/uploads\/2024\/01\/info-autokyljeaknal-iminappadega.jpg 1200w\" sizes=\"auto, (max-width: 936px) 100vw, 936px\" \/><\/p>\r\n\r\n\r\n\r\n<p class=\"wp-block-image size-full is-resized\"><img loading=\"lazy\" decoding=\"async\" width=\"520\" height=\"207\" class=\"wp-image-413\" style=\"width: 632px; height: auto;\" src=\"https:\/\/kolmlovitrykikeskus.ee\/wp-content\/uploads\/2024\/01\/iminapp-kinnituspiluga.png\" alt=\"iminapp-kinnituspiluga\" srcset=\"https:\/\/kolmlovitrykikeskus.ee\/wp-content\/uploads\/2024\/01\/iminapp-kinnituspiluga.png 520w, https:\/\/kolmlovitrykikeskus.ee\/wp-content\/uploads\/2024\/01\/iminapp-kinnituspiluga-300x119.png 300w\" sizes=\"auto, (max-width: 520px) 100vw, 520px\" \/><br \/>Kahe v\u00e4ikese iminapaga (25mm) A5 vertikaalne sedel auto esiklaasil. <br \/><strong>Telli meilt vajalik tr\u00fckis iminappade vahele \u00a0info (at) trykikeskus.ee.<\/strong><br \/>Iminapp kinnituspiluga l\u00e4bim\u00f5\u00f5t ~25mm. Kinnituspilu on m\u00f5eldud n\u00e4iteks riputuspaela jaoks.<\/p>\r\n\r\n\r\n\r\n<p class=\"wp-block-image size-large is-resized\"><img loading=\"lazy\" decoding=\"async\" width=\"1024\" height=\"715\" class=\"wp-image-414\" style=\"width: 643px; height: auto;\" src=\"https:\/\/kolmlovitrykikeskus.ee\/wp-content\/uploads\/2024\/01\/kummiga-riputus-autohinnasilt-1024x715.jpg\" alt=\"Kummiga riputus, autohinnasilt\" srcset=\"https:\/\/kolmlovitrykikeskus.ee\/wp-content\/uploads\/2024\/01\/kummiga-riputus-autohinnasilt-1024x715.jpg 1024w, https:\/\/kolmlovitrykikeskus.ee\/wp-content\/uploads\/2024\/01\/kummiga-riputus-autohinnasilt-300x210.jpg 300w, https:\/\/kolmlovitrykikeskus.ee\/wp-content\/uploads\/2024\/01\/kummiga-riputus-autohinnasilt-768x536.jpg 768w, https:\/\/kolmlovitrykikeskus.ee\/wp-content\/uploads\/2024\/01\/kummiga-riputus-autohinnasilt.jpg 1200w\" sizes=\"auto, (max-width: 1024px) 100vw, 1024px\" \/><\/p>\r\n\r\n\r\n\r\n<p class=\"wp-block-image size-large is-resized\"><img loading=\"lazy\" decoding=\"async\" width=\"617\" height=\"1024\" class=\"wp-image-415\" style=\"width: 644px; height: auto;\" src=\"https:\/\/kolmlovitrykikeskus.ee\/wp-content\/uploads\/2024\/01\/pikk-kumm-riputus-617x1024.jpg\" alt=\"pikk kumm riputus\" srcset=\"https:\/\/kolmlovitrykikeskus.ee\/wp-content\/uploads\/2024\/01\/pikk-kumm-riputus-617x1024.jpg 617w, https:\/\/kolmlovitrykikeskus.ee\/wp-content\/uploads\/2024\/01\/pikk-kumm-riputus-181x300.jpg 181w, https:\/\/kolmlovitrykikeskus.ee\/wp-content\/uploads\/2024\/01\/pikk-kumm-riputus-768x1274.jpg 768w, https:\/\/kolmlovitrykikeskus.ee\/wp-content\/uploads\/2024\/01\/pikk-kumm-riputus-926x1536.jpg 926w, https:\/\/kolmlovitrykikeskus.ee\/wp-content\/uploads\/2024\/01\/pikk-kumm-riputus.jpg 1200w\" sizes=\"auto, (max-width: 617px) 100vw, 617px\" \/><br \/>Kummiga riputatud info auto tahavaate peegli k\u00fcljes. Kummid m\u00fc\u00fcgis paki kaupa. Hind s\u00f5ltub kinnituskummi pikkusest.<br \/><strong>Tr\u00fckiste-siltide juurde v\u00f5imalik tellida omale sobiva pikkusega kinnituskumm.<\/strong><\/p>\r\n\r\n\r\n\r\n<p class=\"wp-block-image size-large is-resized\"><img loading=\"lazy\" decoding=\"async\" width=\"991\" height=\"1024\" class=\"wp-image-416\" style=\"width: 648px; height: auto;\" src=\"https:\/\/kolmlovitrykikeskus.ee\/wp-content\/uploads\/2024\/01\/stantsitud-papp-plastikkonks-991x1024.jpg\" alt=\"stantsitud papp plastikkonks\" srcset=\"https:\/\/kolmlovitrykikeskus.ee\/wp-content\/uploads\/2024\/01\/stantsitud-papp-plastikkonks-991x1024.jpg 991w, https:\/\/kolmlovitrykikeskus.ee\/wp-content\/uploads\/2024\/01\/stantsitud-papp-plastikkonks-290x300.jpg 290w, https:\/\/kolmlovitrykikeskus.ee\/wp-content\/uploads\/2024\/01\/stantsitud-papp-plastikkonks-768x794.jpg 768w, https:\/\/kolmlovitrykikeskus.ee\/wp-content\/uploads\/2024\/01\/stantsitud-papp-plastikkonks.jpg 1200w\" sizes=\"auto, (max-width: 991px) 100vw, 991px\" \/><br \/>Fotol stantsitud plastik konksuga A4 infosedel rippumas tahavaatepeegli k\u00fcljes.<\/p>\r\n\r\n\r\n\r\n\r\n\r\n\r\n\r\n<p class=\"wp-block-image size-large is-resized\"><img loading=\"lazy\" decoding=\"async\" width=\"1024\" height=\"549\" class=\"wp-image-417\" style=\"width: 650px; height: auto;\" src=\"https:\/\/kolmlovitrykikeskus.ee\/wp-content\/uploads\/2024\/01\/pappistkonks-1024x549.jpg\" alt=\"Papistkonks- Scaled\" srcset=\"https:\/\/kolmlovitrykikeskus.ee\/wp-content\/uploads\/2024\/01\/pappistkonks-1024x549.jpg 1024w, https:\/\/kolmlovitrykikeskus.ee\/wp-content\/uploads\/2024\/01\/pappistkonks-300x161.jpg 300w, https:\/\/kolmlovitrykikeskus.ee\/wp-content\/uploads\/2024\/01\/pappistkonks-768x411.jpg 768w, https:\/\/kolmlovitrykikeskus.ee\/wp-content\/uploads\/2024\/01\/pappistkonks-1536x823.jpg 1536w, https:\/\/kolmlovitrykikeskus.ee\/wp-content\/uploads\/2024\/01\/pappistkonks-2048x1097.jpg 2048w, https:\/\/kolmlovitrykikeskus.ee\/wp-content\/uploads\/2024\/01\/pappistkonks-1800x964.jpg 1800w\" sizes=\"auto, (max-width: 1024px) 100vw, 1024px\" \/><br \/>Konksud on v\u00f5imalik valmistada 0.8, 1.2mm plastikust v\u00f5i kartongist 0.3mm. Laovalik 1.2mm plastikkonksud. Eritellimusel on v\u00f5imalik valmistada erinevaid konkse kergematele asjadele ka lamineeritud kartongist. <span style=\"color: #999999;\">(HP32217)<\/span><\/p>\r\n\r\n\r\n\r\n<p class=\"wp-block-image size-full is-resized\"><img loading=\"lazy\" decoding=\"async\" width=\"520\" height=\"403\" class=\"wp-image-418\" style=\"width: 654px; height: 507px;\" src=\"https:\/\/kolmlovitrykikeskus.ee\/wp-content\/uploads\/2024\/01\/seinakinnitusteibigaohutusmark.jpg\" alt=\"seinakinnitus teibiga\" srcset=\"https:\/\/kolmlovitrykikeskus.ee\/wp-content\/uploads\/2024\/01\/seinakinnitusteibigaohutusmark.jpg 520w, https:\/\/kolmlovitrykikeskus.ee\/wp-content\/uploads\/2024\/01\/seinakinnitusteibigaohutusmark-300x233.jpg 300w\" sizes=\"auto, (max-width: 520px) 100vw, 520px\" \/><br \/>Kleebitavad kinnitusklambrid m\u00fc\u00fcgis 10tk pakis.<\/p>\r\n\r\n\r\n\r\n<p class=\"wp-block-image size-full is-resized\"><img loading=\"lazy\" decoding=\"async\" width=\"520\" height=\"237\" class=\"wp-image-432\" style=\"width: 650px; height: 296px;\" src=\"https:\/\/kolmlovitrykikeskus.ee\/wp-content\/uploads\/2024\/01\/kinnitusedteibiga.jpg\" alt=\"kinnitused teibiga\" srcset=\"https:\/\/kolmlovitrykikeskus.ee\/wp-content\/uploads\/2024\/01\/kinnitusedteibiga.jpg 520w, https:\/\/kolmlovitrykikeskus.ee\/wp-content\/uploads\/2024\/01\/kinnitusedteibiga-300x137.jpg 300w\" sizes=\"auto, (max-width: 520px) 100vw, 520px\" \/><br \/>Valik erinevad sildi v\u00f5i sedeli kinnitusprofiile. Parempoolseim on v\u00e4ikeste siltide kinnitusjalg.<\/p>\r\n\r\n\r\n\r\n\r\n\r\n<p><img loading=\"lazy\" decoding=\"async\" width=\"500\" height=\"404\" class=\"wp-image-433\" src=\"https:\/\/kolmlovitrykikeskus.ee\/wp-content\/uploads\/2024\/01\/riputus-uksele-a-b-c.png\" alt=\"riputus uksele a-b-c\" srcset=\"https:\/\/kolmlovitrykikeskus.ee\/wp-content\/uploads\/2024\/01\/riputus-uksele-a-b-c.png 500w, https:\/\/kolmlovitrykikeskus.ee\/wp-content\/uploads\/2024\/01\/riputus-uksele-a-b-c-300x242.png 300w\" sizes=\"auto, (max-width: 500px) 100vw, 500px\" \/><br \/><strong>Ukseriputused<\/strong><strong>, riputusm\u00e4rgised. <br \/><\/strong>Erinevad riputusm\u00e4rkide mallid (v\u00f5imalik tellida 0.8mm PP-plastikust kui ka paberist 225g paberist).<\/p>\r\n\r\n\r\n\r\n\r\n\r\n<p class=\"wp-block-image size-full\"><img loading=\"lazy\" decoding=\"async\" width=\"655\" height=\"362\" class=\"wp-image-434\" src=\"https:\/\/kolmlovitrykikeskus.ee\/wp-content\/uploads\/2024\/01\/plastikriputus.png\" alt=\"plasikriputus\" srcset=\"https:\/\/kolmlovitrykikeskus.ee\/wp-content\/uploads\/2024\/01\/plastikriputus.png 655w, https:\/\/kolmlovitrykikeskus.ee\/wp-content\/uploads\/2024\/01\/plastikriputus-300x166.png 300w\" sizes=\"auto, (max-width: 655px) 100vw, 655px\" \/><br \/><strong>Kleebistavad riputuskonksud.<\/strong><\/p>\r\n<p><a href=\"#Liigu-yles-riputused\">Liigu \u00fcles<\/a><\/p>\r\n\r\n\r\n","protected":false},"excerpt":{"rendered":"<p>Tellitavate tr\u00fckiste juure pakume erinevaid kinnitus- ja riputamisvariante.\u00a0Riputusm\u00e4rgised. Kinnitused erinevatele pindadele, riputuskonksud, riputusvardad, S-konks, C-konks, riputuskett, laemagnet. Kleebitavad kinnitusklambrid. Kleebitavad plastikust riputuskonksud. Erinevad konksud, vardad [&#8230;]<\/p>\n","protected":false},"author":5,"featured_media":0,"parent":0,"menu_order":0,"comment_status":"closed","ping_status":"closed","template":"","meta":{"footnotes":""},"class_list":["post-399","page","type-page","status-publish","hentry"],"yoast_head":"<!-- This site is optimized with the Yoast SEO plugin v27.6 - https:\/\/yoast.com\/product\/yoast-seo-wordpress\/ -->\n<title>Kinnitamine ja riputamine - Kolm L\u00f5vi Tr\u00fckikeskus<\/title>\n<meta name=\"description\" content=\"Kinnitamine ja riputamine Kolm L\u00f5vi Tr\u00fckikeskus Tellitavate tr\u00fckiste juure pakume erinevaid kinnitus- ja riputamisvariante.\u00a0Riputusm\u00e4rgised.\" \/>\n<meta name=\"robots\" content=\"index, follow, max-snippet:-1, max-image-preview:large, max-video-preview:-1\" \/>\n<link rel=\"canonical\" href=\"https:\/\/kolmlovitrykikeskus.ee\/?page_id=399\" \/>\n<meta property=\"og:locale\" content=\"et_EE\" \/>\n<meta property=\"og:type\" content=\"article\" \/>\n<meta property=\"og:title\" content=\"Kinnitamine ja riputamine - Kolm L\u00f5vi Tr\u00fckikeskus\" \/>\n<meta property=\"og:description\" content=\"Kinnitamine ja riputamine Kolm L\u00f5vi Tr\u00fckikeskus Tellitavate tr\u00fckiste juure pakume erinevaid kinnitus- ja riputamisvariante.\u00a0Riputusm\u00e4rgised.\" \/>\n<meta property=\"og:url\" content=\"https:\/\/kolmlovitrykikeskus.ee\/?page_id=399\" \/>\n<meta property=\"og:site_name\" content=\"Kolm L\u00f5vi Tr\u00fckikeskus\" \/>\n<meta property=\"article:publisher\" content=\"https:\/\/www.facebook.com\/kolmlovitrykikeskus\" \/>\n<meta property=\"article:modified_time\" content=\"2024-12-13T07:47:07+00:00\" \/>\n<meta property=\"og:image\" content=\"https:\/\/kolmlovitrykikeskus.ee\/wp-content\/uploads\/2024\/01\/riputuskonksud.jpg\" \/>\n\t<meta property=\"og:image:width\" content=\"520\" \/>\n\t<meta property=\"og:image:height\" content=\"343\" \/>\n\t<meta property=\"og:image:type\" content=\"image\/jpeg\" \/>\n<meta name=\"twitter:card\" content=\"summary_large_image\" \/>\n<meta name=\"twitter:label1\" content=\"Est. reading time\" \/>\n\t<meta name=\"twitter:data1\" content=\"4 minutit\" \/>\n<script type=\"application\/ld+json\" class=\"yoast-schema-graph\">{\"@context\":\"https:\\\/\\\/schema.org\",\"@graph\":[{\"@type\":\"WebPage\",\"@id\":\"https:\\\/\\\/kolmlovitrykikeskus.ee\\\/?page_id=399\",\"url\":\"https:\\\/\\\/kolmlovitrykikeskus.ee\\\/?page_id=399\",\"name\":\"Kinnitamine ja riputamine - Kolm L\u00f5vi Tr\u00fckikeskus\",\"isPartOf\":{\"@id\":\"https:\\\/\\\/kolmlovitrykikeskus.ee\\\/#website\"},\"primaryImageOfPage\":{\"@id\":\"https:\\\/\\\/kolmlovitrykikeskus.ee\\\/?page_id=399#primaryimage\"},\"image\":{\"@id\":\"https:\\\/\\\/kolmlovitrykikeskus.ee\\\/?page_id=399#primaryimage\"},\"thumbnailUrl\":\"https:\\\/\\\/kolmlovitrykikeskus.ee\\\/wp-content\\\/uploads\\\/2024\\\/01\\\/riputuskonksud.jpg\",\"datePublished\":\"2024-08-08T19:05:27+00:00\",\"dateModified\":\"2024-12-13T07:47:07+00:00\",\"description\":\"Kinnitamine ja riputamine Kolm L\u00f5vi Tr\u00fckikeskus Tellitavate tr\u00fckiste juure pakume erinevaid kinnitus- ja riputamisvariante.\u00a0Riputusm\u00e4rgised.\",\"breadcrumb\":{\"@id\":\"https:\\\/\\\/kolmlovitrykikeskus.ee\\\/?page_id=399#breadcrumb\"},\"inLanguage\":\"et\",\"potentialAction\":[{\"@type\":\"ReadAction\",\"target\":[\"https:\\\/\\\/kolmlovitrykikeskus.ee\\\/?page_id=399\"]}]},{\"@type\":\"ImageObject\",\"inLanguage\":\"et\",\"@id\":\"https:\\\/\\\/kolmlovitrykikeskus.ee\\\/?page_id=399#primaryimage\",\"url\":\"https:\\\/\\\/kolmlovitrykikeskus.ee\\\/wp-content\\\/uploads\\\/2024\\\/01\\\/riputuskonksud.jpg\",\"contentUrl\":\"https:\\\/\\\/kolmlovitrykikeskus.ee\\\/wp-content\\\/uploads\\\/2024\\\/01\\\/riputuskonksud.jpg\",\"width\":520,\"height\":343,\"caption\":\"riputuskonksud\"},{\"@type\":\"BreadcrumbList\",\"@id\":\"https:\\\/\\\/kolmlovitrykikeskus.ee\\\/?page_id=399#breadcrumb\",\"itemListElement\":[{\"@type\":\"ListItem\",\"position\":1,\"name\":\"Home\",\"item\":\"https:\\\/\\\/kolmlovitrykikeskus.ee\\\/\"},{\"@type\":\"ListItem\",\"position\":2,\"name\":\"Kinnitamine ja riputamine\"}]},{\"@type\":\"WebSite\",\"@id\":\"https:\\\/\\\/kolmlovitrykikeskus.ee\\\/#website\",\"url\":\"https:\\\/\\\/kolmlovitrykikeskus.ee\\\/\",\"name\":\"Kolm L\u00f5vi Tr\u00fckikeskus\",\"description\":\"Leiame lahenduse!\",\"publisher\":{\"@id\":\"https:\\\/\\\/kolmlovitrykikeskus.ee\\\/#organization\"},\"potentialAction\":[{\"@type\":\"SearchAction\",\"target\":{\"@type\":\"EntryPoint\",\"urlTemplate\":\"https:\\\/\\\/kolmlovitrykikeskus.ee\\\/?s={search_term_string}\"},\"query-input\":{\"@type\":\"PropertyValueSpecification\",\"valueRequired\":true,\"valueName\":\"search_term_string\"}}],\"inLanguage\":\"et\"},{\"@type\":\"Organization\",\"@id\":\"https:\\\/\\\/kolmlovitrykikeskus.ee\\\/#organization\",\"name\":\"Kolm L\u00f5vi Tr\u00fckikeskus\",\"url\":\"https:\\\/\\\/kolmlovitrykikeskus.ee\\\/\",\"logo\":{\"@type\":\"ImageObject\",\"inLanguage\":\"et\",\"@id\":\"https:\\\/\\\/kolmlovitrykikeskus.ee\\\/#\\\/schema\\\/logo\\\/image\\\/\",\"url\":\"https:\\\/\\\/kolmlovitrykikeskus.ee\\\/wp-content\\\/uploads\\\/2023\\\/12\\\/cropped-kltk-logo.png\",\"contentUrl\":\"https:\\\/\\\/kolmlovitrykikeskus.ee\\\/wp-content\\\/uploads\\\/2023\\\/12\\\/cropped-kltk-logo.png\",\"width\":640,\"height\":170,\"caption\":\"Kolm L\u00f5vi Tr\u00fckikeskus\"},\"image\":{\"@id\":\"https:\\\/\\\/kolmlovitrykikeskus.ee\\\/#\\\/schema\\\/logo\\\/image\\\/\"},\"sameAs\":[\"https:\\\/\\\/www.facebook.com\\\/kolmlovitrykikeskus\"]}]}<\/script>\n<!-- \/ Yoast SEO plugin. -->","yoast_head_json":{"title":"Kinnitamine ja riputamine - Kolm L\u00f5vi Tr\u00fckikeskus","description":"Kinnitamine ja riputamine Kolm L\u00f5vi Tr\u00fckikeskus Tellitavate tr\u00fckiste juure pakume erinevaid kinnitus- ja riputamisvariante.\u00a0Riputusm\u00e4rgised.","robots":{"index":"index","follow":"follow","max-snippet":"max-snippet:-1","max-image-preview":"max-image-preview:large","max-video-preview":"max-video-preview:-1"},"canonical":"https:\/\/kolmlovitrykikeskus.ee\/?page_id=399","og_locale":"et_EE","og_type":"article","og_title":"Kinnitamine ja riputamine - Kolm L\u00f5vi Tr\u00fckikeskus","og_description":"Kinnitamine ja riputamine Kolm L\u00f5vi Tr\u00fckikeskus Tellitavate tr\u00fckiste juure pakume erinevaid kinnitus- ja riputamisvariante.\u00a0Riputusm\u00e4rgised.","og_url":"https:\/\/kolmlovitrykikeskus.ee\/?page_id=399","og_site_name":"Kolm L\u00f5vi Tr\u00fckikeskus","article_publisher":"https:\/\/www.facebook.com\/kolmlovitrykikeskus","article_modified_time":"2024-12-13T07:47:07+00:00","og_image":[{"width":520,"height":343,"url":"https:\/\/kolmlovitrykikeskus.ee\/wp-content\/uploads\/2024\/01\/riputuskonksud.jpg","type":"image\/jpeg"}],"twitter_card":"summary_large_image","twitter_misc":{"Est. reading time":"4 minutit"},"schema":{"@context":"https:\/\/schema.org","@graph":[{"@type":"WebPage","@id":"https:\/\/kolmlovitrykikeskus.ee\/?page_id=399","url":"https:\/\/kolmlovitrykikeskus.ee\/?page_id=399","name":"Kinnitamine ja riputamine - Kolm L\u00f5vi Tr\u00fckikeskus","isPartOf":{"@id":"https:\/\/kolmlovitrykikeskus.ee\/#website"},"primaryImageOfPage":{"@id":"https:\/\/kolmlovitrykikeskus.ee\/?page_id=399#primaryimage"},"image":{"@id":"https:\/\/kolmlovitrykikeskus.ee\/?page_id=399#primaryimage"},"thumbnailUrl":"https:\/\/kolmlovitrykikeskus.ee\/wp-content\/uploads\/2024\/01\/riputuskonksud.jpg","datePublished":"2024-08-08T19:05:27+00:00","dateModified":"2024-12-13T07:47:07+00:00","description":"Kinnitamine ja riputamine Kolm L\u00f5vi Tr\u00fckikeskus Tellitavate tr\u00fckiste juure pakume erinevaid kinnitus- ja riputamisvariante.\u00a0Riputusm\u00e4rgised.","breadcrumb":{"@id":"https:\/\/kolmlovitrykikeskus.ee\/?page_id=399#breadcrumb"},"inLanguage":"et","potentialAction":[{"@type":"ReadAction","target":["https:\/\/kolmlovitrykikeskus.ee\/?page_id=399"]}]},{"@type":"ImageObject","inLanguage":"et","@id":"https:\/\/kolmlovitrykikeskus.ee\/?page_id=399#primaryimage","url":"https:\/\/kolmlovitrykikeskus.ee\/wp-content\/uploads\/2024\/01\/riputuskonksud.jpg","contentUrl":"https:\/\/kolmlovitrykikeskus.ee\/wp-content\/uploads\/2024\/01\/riputuskonksud.jpg","width":520,"height":343,"caption":"riputuskonksud"},{"@type":"BreadcrumbList","@id":"https:\/\/kolmlovitrykikeskus.ee\/?page_id=399#breadcrumb","itemListElement":[{"@type":"ListItem","position":1,"name":"Home","item":"https:\/\/kolmlovitrykikeskus.ee\/"},{"@type":"ListItem","position":2,"name":"Kinnitamine ja riputamine"}]},{"@type":"WebSite","@id":"https:\/\/kolmlovitrykikeskus.ee\/#website","url":"https:\/\/kolmlovitrykikeskus.ee\/","name":"Kolm L\u00f5vi Tr\u00fckikeskus","description":"Leiame lahenduse!","publisher":{"@id":"https:\/\/kolmlovitrykikeskus.ee\/#organization"},"potentialAction":[{"@type":"SearchAction","target":{"@type":"EntryPoint","urlTemplate":"https:\/\/kolmlovitrykikeskus.ee\/?s={search_term_string}"},"query-input":{"@type":"PropertyValueSpecification","valueRequired":true,"valueName":"search_term_string"}}],"inLanguage":"et"},{"@type":"Organization","@id":"https:\/\/kolmlovitrykikeskus.ee\/#organization","name":"Kolm L\u00f5vi Tr\u00fckikeskus","url":"https:\/\/kolmlovitrykikeskus.ee\/","logo":{"@type":"ImageObject","inLanguage":"et","@id":"https:\/\/kolmlovitrykikeskus.ee\/#\/schema\/logo\/image\/","url":"https:\/\/kolmlovitrykikeskus.ee\/wp-content\/uploads\/2023\/12\/cropped-kltk-logo.png","contentUrl":"https:\/\/kolmlovitrykikeskus.ee\/wp-content\/uploads\/2023\/12\/cropped-kltk-logo.png","width":640,"height":170,"caption":"Kolm L\u00f5vi Tr\u00fckikeskus"},"image":{"@id":"https:\/\/kolmlovitrykikeskus.ee\/#\/schema\/logo\/image\/"},"sameAs":["https:\/\/www.facebook.com\/kolmlovitrykikeskus"]}]}},"_links":{"self":[{"href":"https:\/\/kolmlovitrykikeskus.ee\/index.php?rest_route=\/wp\/v2\/pages\/399","targetHints":{"allow":["GET"]}}],"collection":[{"href":"https:\/\/kolmlovitrykikeskus.ee\/index.php?rest_route=\/wp\/v2\/pages"}],"about":[{"href":"https:\/\/kolmlovitrykikeskus.ee\/index.php?rest_route=\/wp\/v2\/types\/page"}],"author":[{"embeddable":true,"href":"https:\/\/kolmlovitrykikeskus.ee\/index.php?rest_route=\/wp\/v2\/users\/5"}],"replies":[{"embeddable":true,"href":"https:\/\/kolmlovitrykikeskus.ee\/index.php?rest_route=%2Fwp%2Fv2%2Fcomments&post=399"}],"version-history":[{"count":34,"href":"https:\/\/kolmlovitrykikeskus.ee\/index.php?rest_route=\/wp\/v2\/pages\/399\/revisions"}],"predecessor-version":[{"id":4238,"href":"https:\/\/kolmlovitrykikeskus.ee\/index.php?rest_route=\/wp\/v2\/pages\/399\/revisions\/4238"}],"wp:attachment":[{"href":"https:\/\/kolmlovitrykikeskus.ee\/index.php?rest_route=%2Fwp%2Fv2%2Fmedia&parent=399"}],"curies":[{"name":"wp","href":"https:\/\/api.w.org\/{rel}","templated":true}]}}