{"id":395,"date":"2024-08-27T12:03:19","date_gmt":"2024-08-27T10:03:19","guid":{"rendered":"https:\/\/kolmlovitrykikeskus.ee\/?page_id=395"},"modified":"2024-12-13T10:23:13","modified_gmt":"2024-12-13T08:23:13","slug":"kleebiste-paigaldusjuhis","status":"publish","type":"page","link":"https:\/\/kolmlovitrykikeskus.ee\/?page_id=395","title":{"rendered":"Kleebiste paigaldusjuhis"},"content":{"rendered":"\r\n<p>Ettev\u00f5tte logo ja andmetega kleebis on hea moodus oma toodete m\u00e4rgistamiseks. Kleebisega saab katta vaateakna v\u00f5i isegi s\u00f5iduauto. Kleebiseid valmistame neljas erinevas tehnoloogias:<\/p>\r\n\r\n\r\n\r\n<ul style=\"list-style-type: disc;\">\r\n<li>SIIDITR\u00dcKK &#8211; suur materjalide valik, kasutatavad nii siseruumides kui rasketes ilmastikutingimustes, vastupidav tr\u00fckk.\r\n\r\n<\/li>\r\n<li>DIGITR\u00dcKK &#8211; materjalide valik piiratud (vin\u00fc\u00fcl, pol\u00fcester, paber). \u00d5igel materjalil on ilmastikukindlus hea, paberkleebised on pritsmekindlad<\/li>\r\n<li>TERMOSIIRDETR\u00dcKK &#8211; kasutatakse riiulisiltide, tooteetikettide ja piletite tr\u00fckkimiseks.<\/li>\r\n<li>PLOTTERL\u00d5IKUS &#8211; kasutatakse eriv\u00e4rvilisi kleebiseid, millest l\u00f5igatakse v\u00e4lja vajalikud kujundid v\u00f5i t\u00e4hed-numbrid ja kleebitakse siis vajalikule pinnale (klaas, plastik, metall jne). <span style=\"background-color: #ffffff;\">M\u00f5ned fotod <span style=\"color: #0000ff;\"><a style=\"background-color: #ffffff; color: #0000ff;\" href=\"https:\/\/kolmlovitrykikeskus.ee\/?page_id=426\"><strong>plotterl\u00f5ikusega<\/strong><\/a><\/span> valmistatud viitadest, siltidest.<\/span><\/li>\r\n<li>ERIMATERJALID n\u00e4iteks <span style=\"background-color: #ffffff;\"><strong><span style=\"color: #0000ff;\"><a style=\"background-color: #ffffff; color: #0000ff;\" href=\"https:\/\/kolmlovitrykikeskus.ee\/?page_id=398&amp;preview=true\">tahvlikleebis<\/a><\/span><\/strong><\/span>, vitraa\u017ekleebis, turvakleebis jms.\r\n\r\n\r\n\r\n\r\n\r\n<\/li>\r\n<\/ul>\r\n\r\n\r\n\r\n<p>Tahad eristuda? Telli <strong>KRISTALLKLEEBIS <span style=\"background-color: #ffffff; color: #0000ff;\"><a style=\"background-color: #ffffff; color: #0000ff;\" href=\"https:\/\/kolmlovitrykikeskus.ee\/?page_id=439\">SIIT<\/a><\/span><\/strong><span style=\"color: #0000ff;\">!<\/span> Veel <strong>kristallkleebistest pilte<span style=\"background-color: #ffffff; color: #0000ff;\"> <a style=\"background-color: #ffffff; color: #0000ff;\" href=\"https:\/\/kolmlovitrykikeskus.ee\/?page_id=1843&amp;preview=true\">SIIN<\/a><\/span><\/strong><span style=\"background-color: #ffffff; color: #0000ff;\">.<\/span><br \/>Kristall- ehk mullikleebis ehk 3D-kleebis &#8211; kleebis kaetakse spetsiaalse materjaliga, mis lisab kleebisele ruumilisuse efekti &#8211; kleebise pind j\u00e4\u00e4b kumer. T\u00e4nu pikale elueale ning s\u00e4ilivusele sobib kasutamiseks nii sise- kui v\u00e4listingimustes. Kristallkleebist saab valmistada erinevates suurustes ning igasuguse kujuga! Uuri l\u00e4hemalt ning k\u00fcsi pakkumist: info @ trykikeskus.ee. <strong>Hinnap\u00e4ringu tegemiseks v\u00f5ite kasutada ka meie online <span style=\"background-color: #ffffff; color: #0000ff;\"><a style=\"background-color: #ffffff; color: #0000ff;\" href=\"https:\/\/kolmlovitrykikeskus.ee\/?page_id=99\">hinnap\u00e4ringu vormi<\/a>.<\/span><\/strong><\/p>\r\n<p><img loading=\"lazy\" decoding=\"async\" class=\"alignnone wp-image-700 \" src=\"https:\/\/kolmlovitrykikeskus.ee\/wp-content\/uploads\/2024\/01\/kristalllkb-kryos-300x146.jpg\" alt=\"kristallkleebis\" width=\"342\" height=\"167\" srcset=\"https:\/\/kolmlovitrykikeskus.ee\/wp-content\/uploads\/2024\/01\/kristalllkb-kryos-300x146.jpg 300w, https:\/\/kolmlovitrykikeskus.ee\/wp-content\/uploads\/2024\/01\/kristalllkb-kryos.jpg 509w\" sizes=\"auto, (max-width: 342px) 100vw, 342px\" \/> \u00a0<img loading=\"lazy\" decoding=\"async\" class=\"alignnone wp-image-445 \" src=\"https:\/\/kolmlovitrykikeskus.ee\/wp-content\/uploads\/2024\/01\/kristalllovi-300x174.jpg\" alt=\"Kristall l\u00f5vi\" width=\"288\" height=\"167\" srcset=\"https:\/\/kolmlovitrykikeskus.ee\/wp-content\/uploads\/2024\/01\/kristalllovi-300x174.jpg 300w, https:\/\/kolmlovitrykikeskus.ee\/wp-content\/uploads\/2024\/01\/kristalllovi.jpg 509w\" sizes=\"auto, (max-width: 288px) 100vw, 288px\" \/>\u00a0 <img loading=\"lazy\" decoding=\"async\" class=\"alignnone wp-image-443\" src=\"https:\/\/kolmlovitrykikeskus.ee\/wp-content\/uploads\/2024\/01\/fleep-kristall2.jpg\" alt=\"Fleep-kristall\" width=\"206\" height=\"167\" \/><\/p>\r\n<p>Erinevate t\u00f6\u00f6de jaoks kasutame erinevaid kleebiseid vastavalt kasutusvaldkonnale. N\u00e4iteks tavalised kirjad viitadel ja akendel valmistame Avery 500 seeria kleebisest (vaata v\u00e4rvikaarti <span style=\"background-color: #ffffff; color: #0000ff;\"><strong><a style=\"background-color: #ffffff; color: #0000ff;\" href=\"https:\/\/kolmlovitrykikeskus.ee\/wp-content\/uploads\/2024\/08\/kleebisetoonid-500seeria.jpeg\">SIIT<\/a>)<\/strong>.<\/span><\/p>\r\n\r\n\r\n\r\n\r\n\r\n<p>Tavalisemad autokleebised keskpikaks kasutamiseks, v\u00e4rvilised 3a ja must-valge 5a vastupidavusega soovitame Mactac 8200 seeria kleebiseid (vaata v\u00e4rvikaarti<span style=\"color: #0000ff;\"><strong> <span style=\"background-color: #ffffff;\"><a style=\"background-color: #ffffff; color: #0000ff;\" href=\"https:\/\/kolmlovitrykikeskus.ee\/wp-content\/uploads\/2024\/08\/mactac8200.jpeg\">SIIT<\/a>).<\/span><\/strong><\/span><\/p>\r\n<p><img loading=\"lazy\" decoding=\"async\" class=\"wp-image-706 aligncenter\" src=\"https:\/\/kolmlovitrykikeskus.ee\/wp-content\/uploads\/2024\/01\/kleebiserullid.jpg\" alt=\"kleebiserullid\" width=\"560\" height=\"347\" \/><\/p>\r\n\r\n\r\n\r\n<p>Lisaks Avery kleebistele kasutame igap\u00e4evaselt 3M, MACTAC, METAMARK ja CREATIVE firmade kleebismaterjale.<\/p>\r\n\r\n\r\n\r\n<p>LOE KLEEBISMATERJALIDE KOHTA TEHNILIST JUTTU<span style=\"color: #0000ff;\"><strong><span style=\"background-color: #ffffff;\"> <a style=\"background-color: #ffffff; color: #0000ff;\" href=\"https:\/\/kolmlovitrykikeskus.ee\/?page_id=705\">SIIT<\/a>.<\/span><\/strong><\/span><\/p>\r\n\r\n\r\n\r\n<h4>Kleebiste \u00fcldine paigaldusjuhis<\/h4>\r\n<p>Kleebiste kleepimiseks ette n\u00e4htud pinnad peavad olema eelnevalt puhtad, kuivad ja vabad \u00f5list, rasvast, lahustitest, silikoonist v\u00f5i muudest lisanditest. P\u00e4rast puhastamist tuleb oodata m\u00f5ni hetk, et puhastusvahendi j\u00e4\u00e4gid aurustuksid. Seej\u00e4rel tuleb pind \u00fcle p\u00fchkida puhta ja kuiva lapiga. Mittet\u00e4ielikult kuivanud lahusti j\u00e4\u00e4gid v\u00f5ivad p\u00f5hjustada kile ja aluspinna vahele gaasimulle.<\/p>\r\n<p>Samuti tuleb arvestada, et v\u00e4rskelt viimistletud pinnad, sealhulgas aluspinna viimistlemiseks kasutatud v\u00e4rvid, peavad kuivama v\u00e4hemalt kolm n\u00e4dalat. Materjalide, mis paisuvad soojas ja kahanevad k\u00fclmas, kleepimisel v\u00f5ivad temperatuurik\u00f5ikumised p\u00f5hjustada kortsude v\u00f5i voltide teket. Kleebise kinnitumist aluspinnale v\u00f5ib takistada ka mustust h\u00fclgav lisaomadus, mis on materjalile antud.<\/p>\r\n<p>Igal materjalil on oma paigaldus- ja kasutustemperatuur, mida tuleb j\u00e4rgida. N\u00e4iteks fosformaterjali paigaldustemperatuur algab +8 \u00b0C-st ja kasutustemperatuuri vahemik on -40 \u00b0C kuni +100 \u00b0C. Kui neid temperatuure eirata, v\u00f5ib materjal pinnale n\u00f5rgalt kinnituda v\u00f5i hiljem hoopis lahti tulla. Liiga kuum v\u00f5i k\u00fclm pind v\u00f5ib materjali samuti kahjustada.<\/p>\r\n<p>Paigaldusjuhiseid soovitame k\u00fcsida klienditeenindajalt enne t\u00f6\u00f6 alustamist.<\/p>\r\n","protected":false},"excerpt":{"rendered":"<p>Ettev\u00f5tte logo ja andmetega kleebis on hea moodus oma toodete m\u00e4rgistamiseks. Kleebisega saab katta vaateakna v\u00f5i isegi s\u00f5iduauto. Kleebiseid valmistame neljas erinevas tehnoloogias: SIIDITR\u00dcKK &#8211; [&#8230;]<\/p>\n","protected":false},"author":3,"featured_media":0,"parent":0,"menu_order":0,"comment_status":"closed","ping_status":"closed","template":"","meta":{"footnotes":""},"class_list":["post-395","page","type-page","status-publish","hentry"],"yoast_head":"<!-- This site is optimized with the Yoast SEO plugin v27.4 - https:\/\/yoast.com\/product\/yoast-seo-wordpress\/ -->\n<title>Kleebiste paigaldusjuhis - Kolm L\u00f5vi Tr\u00fckikeskus<\/title>\n<meta name=\"description\" content=\"Kleebiste paigaldusjuhis kleebiste paigaldamine, kleepimine, digitr\u00fckk, sublimatsioon, kleepsu paigaldamine, kleepsu tellimine\" \/>\n<meta name=\"robots\" content=\"index, follow, max-snippet:-1, max-image-preview:large, max-video-preview:-1\" \/>\n<link rel=\"canonical\" href=\"https:\/\/kolmlovitrykikeskus.ee\/?page_id=395\" \/>\n<meta property=\"og:locale\" content=\"et_EE\" \/>\n<meta property=\"og:type\" content=\"article\" \/>\n<meta property=\"og:title\" content=\"Kleebiste paigaldusjuhis - Kolm L\u00f5vi Tr\u00fckikeskus\" \/>\n<meta property=\"og:description\" content=\"Kleebiste paigaldusjuhis kleebiste paigaldamine, kleepimine, digitr\u00fckk, sublimatsioon, kleepsu paigaldamine, kleepsu tellimine\" \/>\n<meta property=\"og:url\" content=\"https:\/\/kolmlovitrykikeskus.ee\/?page_id=395\" \/>\n<meta property=\"og:site_name\" content=\"Kolm L\u00f5vi Tr\u00fckikeskus\" \/>\n<meta property=\"article:publisher\" content=\"https:\/\/www.facebook.com\/kolmlovitrykikeskus\" \/>\n<meta property=\"article:modified_time\" content=\"2024-12-13T08:23:13+00:00\" \/>\n<meta property=\"og:image\" content=\"https:\/\/kolmlovitrykikeskus.ee\/wp-content\/uploads\/2024\/01\/kristalllkb-kryos.jpg\" \/>\n\t<meta property=\"og:image:width\" content=\"509\" \/>\n\t<meta property=\"og:image:height\" content=\"247\" \/>\n\t<meta property=\"og:image:type\" content=\"image\/jpeg\" \/>\n<meta name=\"twitter:card\" content=\"summary_large_image\" \/>\n<meta name=\"twitter:label1\" content=\"Est. reading time\" \/>\n\t<meta name=\"twitter:data1\" content=\"3 minutit\" \/>\n<script type=\"application\/ld+json\" class=\"yoast-schema-graph\">{\"@context\":\"https:\\\/\\\/schema.org\",\"@graph\":[{\"@type\":\"WebPage\",\"@id\":\"https:\\\/\\\/kolmlovitrykikeskus.ee\\\/?page_id=395\",\"url\":\"https:\\\/\\\/kolmlovitrykikeskus.ee\\\/?page_id=395\",\"name\":\"Kleebiste paigaldusjuhis - Kolm L\u00f5vi Tr\u00fckikeskus\",\"isPartOf\":{\"@id\":\"https:\\\/\\\/kolmlovitrykikeskus.ee\\\/#website\"},\"primaryImageOfPage\":{\"@id\":\"https:\\\/\\\/kolmlovitrykikeskus.ee\\\/?page_id=395#primaryimage\"},\"image\":{\"@id\":\"https:\\\/\\\/kolmlovitrykikeskus.ee\\\/?page_id=395#primaryimage\"},\"thumbnailUrl\":\"https:\\\/\\\/kolmlovitrykikeskus.ee\\\/wp-content\\\/uploads\\\/2024\\\/01\\\/kristalllkb-kryos-300x146.jpg\",\"datePublished\":\"2024-08-27T10:03:19+00:00\",\"dateModified\":\"2024-12-13T08:23:13+00:00\",\"description\":\"Kleebiste paigaldusjuhis kleebiste paigaldamine, kleepimine, digitr\u00fckk, sublimatsioon, kleepsu paigaldamine, kleepsu tellimine\",\"breadcrumb\":{\"@id\":\"https:\\\/\\\/kolmlovitrykikeskus.ee\\\/?page_id=395#breadcrumb\"},\"inLanguage\":\"et\",\"potentialAction\":[{\"@type\":\"ReadAction\",\"target\":[\"https:\\\/\\\/kolmlovitrykikeskus.ee\\\/?page_id=395\"]}]},{\"@type\":\"ImageObject\",\"inLanguage\":\"et\",\"@id\":\"https:\\\/\\\/kolmlovitrykikeskus.ee\\\/?page_id=395#primaryimage\",\"url\":\"https:\\\/\\\/kolmlovitrykikeskus.ee\\\/wp-content\\\/uploads\\\/2024\\\/01\\\/kristalllkb-kryos.jpg\",\"contentUrl\":\"https:\\\/\\\/kolmlovitrykikeskus.ee\\\/wp-content\\\/uploads\\\/2024\\\/01\\\/kristalllkb-kryos.jpg\",\"width\":509,\"height\":247,\"caption\":\"kristallkleebis\"},{\"@type\":\"BreadcrumbList\",\"@id\":\"https:\\\/\\\/kolmlovitrykikeskus.ee\\\/?page_id=395#breadcrumb\",\"itemListElement\":[{\"@type\":\"ListItem\",\"position\":1,\"name\":\"Home\",\"item\":\"https:\\\/\\\/kolmlovitrykikeskus.ee\\\/\"},{\"@type\":\"ListItem\",\"position\":2,\"name\":\"Kleebiste paigaldusjuhis\"}]},{\"@type\":\"WebSite\",\"@id\":\"https:\\\/\\\/kolmlovitrykikeskus.ee\\\/#website\",\"url\":\"https:\\\/\\\/kolmlovitrykikeskus.ee\\\/\",\"name\":\"Kolm L\u00f5vi Tr\u00fckikeskus\",\"description\":\"Leiame lahenduse!\",\"publisher\":{\"@id\":\"https:\\\/\\\/kolmlovitrykikeskus.ee\\\/#organization\"},\"potentialAction\":[{\"@type\":\"SearchAction\",\"target\":{\"@type\":\"EntryPoint\",\"urlTemplate\":\"https:\\\/\\\/kolmlovitrykikeskus.ee\\\/?s={search_term_string}\"},\"query-input\":{\"@type\":\"PropertyValueSpecification\",\"valueRequired\":true,\"valueName\":\"search_term_string\"}}],\"inLanguage\":\"et\"},{\"@type\":\"Organization\",\"@id\":\"https:\\\/\\\/kolmlovitrykikeskus.ee\\\/#organization\",\"name\":\"Kolm L\u00f5vi Tr\u00fckikeskus\",\"url\":\"https:\\\/\\\/kolmlovitrykikeskus.ee\\\/\",\"logo\":{\"@type\":\"ImageObject\",\"inLanguage\":\"et\",\"@id\":\"https:\\\/\\\/kolmlovitrykikeskus.ee\\\/#\\\/schema\\\/logo\\\/image\\\/\",\"url\":\"https:\\\/\\\/kolmlovitrykikeskus.ee\\\/wp-content\\\/uploads\\\/2023\\\/12\\\/cropped-kltk-logo.png\",\"contentUrl\":\"https:\\\/\\\/kolmlovitrykikeskus.ee\\\/wp-content\\\/uploads\\\/2023\\\/12\\\/cropped-kltk-logo.png\",\"width\":640,\"height\":170,\"caption\":\"Kolm L\u00f5vi Tr\u00fckikeskus\"},\"image\":{\"@id\":\"https:\\\/\\\/kolmlovitrykikeskus.ee\\\/#\\\/schema\\\/logo\\\/image\\\/\"},\"sameAs\":[\"https:\\\/\\\/www.facebook.com\\\/kolmlovitrykikeskus\"]}]}<\/script>\n<!-- \/ Yoast SEO plugin. -->","yoast_head_json":{"title":"Kleebiste paigaldusjuhis - Kolm L\u00f5vi Tr\u00fckikeskus","description":"Kleebiste paigaldusjuhis kleebiste paigaldamine, kleepimine, digitr\u00fckk, sublimatsioon, kleepsu paigaldamine, kleepsu tellimine","robots":{"index":"index","follow":"follow","max-snippet":"max-snippet:-1","max-image-preview":"max-image-preview:large","max-video-preview":"max-video-preview:-1"},"canonical":"https:\/\/kolmlovitrykikeskus.ee\/?page_id=395","og_locale":"et_EE","og_type":"article","og_title":"Kleebiste paigaldusjuhis - Kolm L\u00f5vi Tr\u00fckikeskus","og_description":"Kleebiste paigaldusjuhis kleebiste paigaldamine, kleepimine, digitr\u00fckk, sublimatsioon, kleepsu paigaldamine, kleepsu tellimine","og_url":"https:\/\/kolmlovitrykikeskus.ee\/?page_id=395","og_site_name":"Kolm L\u00f5vi Tr\u00fckikeskus","article_publisher":"https:\/\/www.facebook.com\/kolmlovitrykikeskus","article_modified_time":"2024-12-13T08:23:13+00:00","og_image":[{"width":509,"height":247,"url":"https:\/\/kolmlovitrykikeskus.ee\/wp-content\/uploads\/2024\/01\/kristalllkb-kryos.jpg","type":"image\/jpeg"}],"twitter_card":"summary_large_image","twitter_misc":{"Est. reading time":"3 minutit"},"schema":{"@context":"https:\/\/schema.org","@graph":[{"@type":"WebPage","@id":"https:\/\/kolmlovitrykikeskus.ee\/?page_id=395","url":"https:\/\/kolmlovitrykikeskus.ee\/?page_id=395","name":"Kleebiste paigaldusjuhis - Kolm L\u00f5vi Tr\u00fckikeskus","isPartOf":{"@id":"https:\/\/kolmlovitrykikeskus.ee\/#website"},"primaryImageOfPage":{"@id":"https:\/\/kolmlovitrykikeskus.ee\/?page_id=395#primaryimage"},"image":{"@id":"https:\/\/kolmlovitrykikeskus.ee\/?page_id=395#primaryimage"},"thumbnailUrl":"https:\/\/kolmlovitrykikeskus.ee\/wp-content\/uploads\/2024\/01\/kristalllkb-kryos-300x146.jpg","datePublished":"2024-08-27T10:03:19+00:00","dateModified":"2024-12-13T08:23:13+00:00","description":"Kleebiste paigaldusjuhis kleebiste paigaldamine, kleepimine, digitr\u00fckk, sublimatsioon, kleepsu paigaldamine, kleepsu tellimine","breadcrumb":{"@id":"https:\/\/kolmlovitrykikeskus.ee\/?page_id=395#breadcrumb"},"inLanguage":"et","potentialAction":[{"@type":"ReadAction","target":["https:\/\/kolmlovitrykikeskus.ee\/?page_id=395"]}]},{"@type":"ImageObject","inLanguage":"et","@id":"https:\/\/kolmlovitrykikeskus.ee\/?page_id=395#primaryimage","url":"https:\/\/kolmlovitrykikeskus.ee\/wp-content\/uploads\/2024\/01\/kristalllkb-kryos.jpg","contentUrl":"https:\/\/kolmlovitrykikeskus.ee\/wp-content\/uploads\/2024\/01\/kristalllkb-kryos.jpg","width":509,"height":247,"caption":"kristallkleebis"},{"@type":"BreadcrumbList","@id":"https:\/\/kolmlovitrykikeskus.ee\/?page_id=395#breadcrumb","itemListElement":[{"@type":"ListItem","position":1,"name":"Home","item":"https:\/\/kolmlovitrykikeskus.ee\/"},{"@type":"ListItem","position":2,"name":"Kleebiste paigaldusjuhis"}]},{"@type":"WebSite","@id":"https:\/\/kolmlovitrykikeskus.ee\/#website","url":"https:\/\/kolmlovitrykikeskus.ee\/","name":"Kolm L\u00f5vi Tr\u00fckikeskus","description":"Leiame lahenduse!","publisher":{"@id":"https:\/\/kolmlovitrykikeskus.ee\/#organization"},"potentialAction":[{"@type":"SearchAction","target":{"@type":"EntryPoint","urlTemplate":"https:\/\/kolmlovitrykikeskus.ee\/?s={search_term_string}"},"query-input":{"@type":"PropertyValueSpecification","valueRequired":true,"valueName":"search_term_string"}}],"inLanguage":"et"},{"@type":"Organization","@id":"https:\/\/kolmlovitrykikeskus.ee\/#organization","name":"Kolm L\u00f5vi Tr\u00fckikeskus","url":"https:\/\/kolmlovitrykikeskus.ee\/","logo":{"@type":"ImageObject","inLanguage":"et","@id":"https:\/\/kolmlovitrykikeskus.ee\/#\/schema\/logo\/image\/","url":"https:\/\/kolmlovitrykikeskus.ee\/wp-content\/uploads\/2023\/12\/cropped-kltk-logo.png","contentUrl":"https:\/\/kolmlovitrykikeskus.ee\/wp-content\/uploads\/2023\/12\/cropped-kltk-logo.png","width":640,"height":170,"caption":"Kolm L\u00f5vi Tr\u00fckikeskus"},"image":{"@id":"https:\/\/kolmlovitrykikeskus.ee\/#\/schema\/logo\/image\/"},"sameAs":["https:\/\/www.facebook.com\/kolmlovitrykikeskus"]}]}},"_links":{"self":[{"href":"https:\/\/kolmlovitrykikeskus.ee\/index.php?rest_route=\/wp\/v2\/pages\/395","targetHints":{"allow":["GET"]}}],"collection":[{"href":"https:\/\/kolmlovitrykikeskus.ee\/index.php?rest_route=\/wp\/v2\/pages"}],"about":[{"href":"https:\/\/kolmlovitrykikeskus.ee\/index.php?rest_route=\/wp\/v2\/types\/page"}],"author":[{"embeddable":true,"href":"https:\/\/kolmlovitrykikeskus.ee\/index.php?rest_route=\/wp\/v2\/users\/3"}],"replies":[{"embeddable":true,"href":"https:\/\/kolmlovitrykikeskus.ee\/index.php?rest_route=%2Fwp%2Fv2%2Fcomments&post=395"}],"version-history":[{"count":31,"href":"https:\/\/kolmlovitrykikeskus.ee\/index.php?rest_route=\/wp\/v2\/pages\/395\/revisions"}],"predecessor-version":[{"id":4253,"href":"https:\/\/kolmlovitrykikeskus.ee\/index.php?rest_route=\/wp\/v2\/pages\/395\/revisions\/4253"}],"wp:attachment":[{"href":"https:\/\/kolmlovitrykikeskus.ee\/index.php?rest_route=%2Fwp%2Fv2%2Fmedia&parent=395"}],"curies":[{"name":"wp","href":"https:\/\/api.w.org\/{rel}","templated":true}]}}