{"id":3265,"date":"2024-09-09T13:03:44","date_gmt":"2024-09-09T11:03:44","guid":{"rendered":"https:\/\/kolmlovitrykikeskus.ee\/?page_id=3265"},"modified":"2024-11-18T16:17:52","modified_gmt":"2024-11-18T14:17:52","slug":"aadresstahise-tellimine-maja-number","status":"publish","type":"page","link":"https:\/\/kolmlovitrykikeskus.ee\/?page_id=3265","title":{"rendered":"Aadresst\u00e4hise tellimine"},"content":{"rendered":"<style id=\"wpforms-css-vars-3249\">\n\t\t\t\t#wpforms-3249 {\n\t\t\t\t\n\t\t\t}\n\t\t\t<\/style><div class=\"wpforms-container wpforms-container-full wpforms-render-modern\" id=\"wpforms-3249\"><form id=\"wpforms-form-3249\" class=\"wpforms-validate wpforms-form wpforms-ajax-form\" data-formid=\"3249\" method=\"post\" enctype=\"multipart\/form-data\" action=\"\/index.php?rest_route=%2Fwp%2Fv2%2Fpages%2F3265\" data-token=\"030ab5776aa2bcdff788637bd1207562\" data-token-time=\"1776872355\"><noscript class=\"wpforms-error-noscript\">Please enable JavaScript in your browser to complete this form.<\/noscript><div id=\"wpforms-error-noscript\" style=\"display: none;\">Please enable JavaScript in your browser to complete this form.<\/div><div class=\"wpforms-field-container\"><div id=\"wpforms-3249-field_32-container\" class=\"wpforms-field wpforms-field-textarea\" data-field-id=\"32\"><label class=\"wpforms-field-label\" for=\"wpforms-3249-field_32\">T\u00e4psustav info: <span class=\"wpforms-required-label\" aria-hidden=\"true\">*<\/span><\/label><textarea id=\"wpforms-3249-field_32\" class=\"wpforms-field-medium wpforms-field-required\" name=\"wpforms[fields][32]\" aria-errormessage=\"wpforms-3249-field_32-error\" aria-describedby=\"wpforms-3249-field_32-description\" required><\/textarea><div id=\"wpforms-3249-field_32-description\" class=\"wpforms-field-description\">Kirjuta siia t\u00e4navanimed ja numbrid. \nLisa ka linnaosa. All m\u00e4rgi \u00e4ra hoone t\u00fc\u00fcp.<\/div><\/div><div id=\"wpforms-3249-field_8-container\" class=\"wpforms-field wpforms-field-radio wpforms-list-inline\" data-field-id=\"8\"><fieldset><legend class=\"wpforms-field-label\">K\u00f5rgus: <span class=\"wpforms-required-label\" aria-hidden=\"true\">*<\/span><\/legend><ul id=\"wpforms-3249-field_8\" class=\"wpforms-field-required\"><li class=\"choice-1 depth-1\"><input type=\"radio\" id=\"wpforms-3249-field_8_1\" name=\"wpforms[fields][8]\" value=\"320mm (korruselamu, -hoone)\" aria-errormessage=\"wpforms-3249-field_8_1-error\" required ><label class=\"wpforms-field-label-inline\" for=\"wpforms-3249-field_8_1\">320mm (korruselamu, -hoone)<\/label><\/li><li class=\"choice-2 depth-1\"><input type=\"radio\" id=\"wpforms-3249-field_8_2\" name=\"wpforms[fields][8]\" value=\"180mm (eramu)\" aria-errormessage=\"wpforms-3249-field_8_2-error\" required ><label class=\"wpforms-field-label-inline\" for=\"wpforms-3249-field_8_2\">180mm (eramu)<\/label><\/li><\/ul><\/fieldset><\/div><div id=\"wpforms-3249-field_10-container\" class=\"wpforms-field wpforms-field-select wpforms-field-select-style-modern\" data-field-id=\"10\"><label class=\"wpforms-field-label\" for=\"wpforms-3249-field_10\">Materjal: <span class=\"wpforms-required-label\" aria-hidden=\"true\">*<\/span><\/label><select id=\"wpforms-3249-field_10\" class=\"wpforms-field-medium wpforms-field-required choicesjs-select\" data-size-class=\"wpforms-field-row wpforms-field-medium\" data-search-enabled=\"\" name=\"wpforms[fields][10]\" required=\"required\"><option value=\"\" class=\"placeholder\" disabled  selected='selected'><\/option><option value=\"Valgustpeegeldav valge+3 mm alumiinium-komposiitplaat\"  class=\"choice-1 depth-1\"  >Valgustpeegeldav valge+3 mm alumiinium-komposiitplaat<\/option><option value=\"Tavaline valge+3 mm alumiinium-komposiitplaat\"  class=\"choice-2 depth-1\"  >Tavaline valge+3 mm alumiinium-komposiitplaat<\/option><\/select><\/div>\t\t<div id=\"wpforms-3249-field_2-container\"\n\t\t\tclass=\"wpforms-field wpforms-field-text\"\n\t\t\tdata-field-type=\"text\"\n\t\t\tdata-field-id=\"2\"\n\t\t\t>\n\t\t\t<label class=\"wpforms-field-label\" for=\"wpforms-3249-field_2\" >Materjal: Kogus: Kontaktisik:<\/label>\n\t\t\t<input type=\"text\" id=\"wpforms-3249-field_2\" class=\"wpforms-field-medium\" name=\"wpforms[fields][2]\" >\n\t\t<\/div>\n\t\t<div id=\"wpforms-3249-field_33-container\" class=\"wpforms-field wpforms-field-number\" data-field-id=\"33\"><label class=\"wpforms-field-label\" for=\"wpforms-3249-field_33\">Kogus: <span class=\"wpforms-required-label\" aria-hidden=\"true\">*<\/span><\/label><input type=\"number\" id=\"wpforms-3249-field_33\" class=\"wpforms-field-small wpforms-field-required\" name=\"wpforms[fields][33]\" step=\"any\" aria-errormessage=\"wpforms-3249-field_33-error\" required><\/div><div id=\"wpforms-3249-field_29-container\" class=\"wpforms-field wpforms-field-name\" data-field-id=\"29\"><label class=\"wpforms-field-label\" for=\"wpforms-3249-field_29\">Kontaktisik: <span class=\"wpforms-required-label\" aria-hidden=\"true\">*<\/span><\/label><input type=\"text\" id=\"wpforms-3249-field_29\" class=\"wpforms-field-medium wpforms-field-required\" name=\"wpforms[fields][29]\" aria-errormessage=\"wpforms-3249-field_29-error\" required><\/div><div id=\"wpforms-3249-field_30-container\" class=\"wpforms-field wpforms-field-name\" data-field-id=\"30\"><label class=\"wpforms-field-label\" for=\"wpforms-3249-field_30\">Ettev\u00f5tte nimi:<\/label><input type=\"text\" id=\"wpforms-3249-field_30\" class=\"wpforms-field-medium\" name=\"wpforms[fields][30]\" aria-errormessage=\"wpforms-3249-field_30-error\" ><\/div><div id=\"wpforms-3249-field_1-container\" class=\"wpforms-field wpforms-field-name\" data-field-id=\"1\"><label class=\"wpforms-field-label\" for=\"wpforms-3249-field_1\">Kontakttelefon: <span class=\"wpforms-required-label\" aria-hidden=\"true\">*<\/span><\/label><input type=\"text\" id=\"wpforms-3249-field_1\" class=\"wpforms-field-medium wpforms-field-required\" name=\"wpforms[fields][1]\" aria-errormessage=\"wpforms-3249-field_1-error\" required><\/div><div id=\"wpforms-3249-field_7-container\" class=\"wpforms-field wpforms-field-email\" data-field-id=\"7\"><label class=\"wpforms-field-label\" for=\"wpforms-3249-field_7\">Email <span class=\"wpforms-required-label\" aria-hidden=\"true\">*<\/span><\/label><input type=\"email\" id=\"wpforms-3249-field_7\" class=\"wpforms-field-medium wpforms-field-required\" name=\"wpforms[fields][7]\" spellcheck=\"false\" aria-errormessage=\"wpforms-3249-field_7-error\" required><\/div><script>\n\t\t\t\t( function() {\n\t\t\t\t\tconst style = document.createElement( 'style' );\n\t\t\t\t\tstyle.appendChild( document.createTextNode( '#wpforms-3249-field_2-container { position: absolute !important; overflow: hidden !important; display: inline !important; height: 1px !important; width: 1px !important; z-index: -1000 !important; padding: 0 !important; } #wpforms-3249-field_2-container input { visibility: hidden; } #wpforms-conversational-form-page #wpforms-3249-field_2-container label { counter-increment: none; }' ) );\n\t\t\t\t\tdocument.head.appendChild( style );\n\t\t\t\t\tdocument.currentScript?.remove();\n\t\t\t\t} )();\n\t\t\t<\/script><\/div><!-- .wpforms-field-container --><div class=\"wpforms-recaptcha-container wpforms-is-recaptcha wpforms-is-recaptcha-type-invisible\" ><div class=\"g-recaptcha\" data-sitekey=\"6LdzjlYqAAAAAMAW4IVc8mLuJE2EYudua8gh8o5A\" data-size=\"invisible\"><\/div><\/div><div class=\"wpforms-submit-container\" ><input type=\"hidden\" name=\"wpforms[id]\" value=\"3249\"><input type=\"hidden\" name=\"page_title\" value=\"\"><input type=\"hidden\" name=\"page_url\" value=\"https:\/\/kolmlovitrykikeskus.ee\/index.php?rest_route=\/wp\/v2\/pages\/3265\"><input type=\"hidden\" name=\"url_referer\" value=\"\"><button type=\"submit\" name=\"wpforms[submit]\" id=\"wpforms-submit-3249\" class=\"wpforms-submit\" data-alt-text=\"Saadab...\" data-submit-text=\"Saada\" aria-live=\"assertive\" value=\"wpforms-submit\">Saada<\/button><img loading=\"lazy\" decoding=\"async\" src=\"https:\/\/kolmlovitrykikeskus.ee\/wp-content\/plugins\/wpforms-lite\/assets\/images\/submit-spin.svg\" class=\"wpforms-submit-spinner\" style=\"display: none;\" width=\"26\" height=\"26\" alt=\"Loading\"><\/div><\/form><\/div>  <!-- .wpforms-container -->\n<p>Vaata aadresst\u00e4histe kohta rohkem<a href=\"https:\/\/kolmlovitrykikeskus.ee\/tanavate-nimesildid-aadresstahised-tanavanimed-sildid-tanavanimetustega-viidad-ja-majanumbrid-korterinumbrid-trepikojanumbrid\/\" target=\"_blank\" rel=\"noopener\"> SIIT.<\/a><\/p>\n<p>Tutvu: <a href=\"https:\/\/www.riigiteataja.ee\/akt\/425042014004?leiaKehtiv\">Tallinna aadressit\u00e4histe n\u00f5uded<\/a><\/p>\n<p><span style=\"color: #ffffff;\">aadresst\u00e4hised, aadressisildid, aadressim\u00e4rgised, majat\u00e4hised, t\u00e4navat\u00e4hised, aadresst\u00e4histe valmistamine, aadressitahvlid, metallist aadressisildid, vastupidavad aadresst\u00e4hised, kohandatud aadresst\u00e4hised, aadresst\u00e4hised majadele, aadressim\u00e4rgid hoonetele, t\u00e4navaaadressi sildid, v\u00e4litingimuste aadressisildid, aadresst\u00e4hised ettev\u00f5tetele, soodne aadresst\u00e4histe valmistamine, aadressikleepsud, kiire aadressim\u00e4rgiste tr\u00fckk <\/span><\/p>\n","protected":false},"excerpt":{"rendered":"<p>Vaata aadresst\u00e4histe kohta rohkem SIIT. Tutvu: Tallinna aadressit\u00e4histe n\u00f5uded aadresst\u00e4hised, aadressisildid, aadressim\u00e4rgised, majat\u00e4hised, t\u00e4navat\u00e4hised, aadresst\u00e4histe valmistamine, aadressitahvlid, metallist aadressisildid, vastupidavad aadresst\u00e4hised, kohandatud aadresst\u00e4hised, aadresst\u00e4hised majadele, [&#8230;]<\/p>\n","protected":false},"author":5,"featured_media":0,"parent":0,"menu_order":0,"comment_status":"closed","ping_status":"closed","template":"","meta":{"footnotes":""},"class_list":["post-3265","page","type-page","status-publish","hentry"],"yoast_head":"<!-- This site is optimized with the Yoast SEO plugin v27.4 - https:\/\/yoast.com\/product\/yoast-seo-wordpress\/ -->\n<title>Aadresst\u00e4hise tellimine - Kolm L\u00f5vi Tr\u00fckikeskus<\/title>\n<meta name=\"description\" content=\"aadresst\u00e4his t\u00e4navanumber maja number kortermaja number eramaja number hinnap\u00e4ring Aadresst\u00e4hise tellimine\" \/>\n<meta name=\"robots\" content=\"index, follow, max-snippet:-1, max-image-preview:large, max-video-preview:-1\" \/>\n<link rel=\"canonical\" href=\"https:\/\/kolmlovitrykikeskus.ee\/?page_id=3265\" \/>\n<meta property=\"og:locale\" content=\"et_EE\" \/>\n<meta property=\"og:type\" content=\"article\" \/>\n<meta property=\"og:title\" content=\"Aadresst\u00e4hise tellimine - Kolm L\u00f5vi Tr\u00fckikeskus\" \/>\n<meta property=\"og:description\" content=\"aadresst\u00e4his t\u00e4navanumber maja number kortermaja number eramaja number hinnap\u00e4ring Aadresst\u00e4hise tellimine\" \/>\n<meta property=\"og:url\" content=\"https:\/\/kolmlovitrykikeskus.ee\/?page_id=3265\" \/>\n<meta property=\"og:site_name\" content=\"Kolm L\u00f5vi Tr\u00fckikeskus\" \/>\n<meta property=\"article:publisher\" content=\"https:\/\/www.facebook.com\/kolmlovitrykikeskus\" \/>\n<meta property=\"article:modified_time\" content=\"2024-11-18T14:17:52+00:00\" \/>\n<meta name=\"twitter:card\" content=\"summary_large_image\" \/>\n<meta name=\"twitter:label1\" content=\"Est. reading time\" \/>\n\t<meta name=\"twitter:data1\" content=\"1 minut\" \/>\n<script type=\"application\/ld+json\" class=\"yoast-schema-graph\">{\"@context\":\"https:\\\/\\\/schema.org\",\"@graph\":[{\"@type\":\"WebPage\",\"@id\":\"https:\\\/\\\/kolmlovitrykikeskus.ee\\\/?page_id=3265\",\"url\":\"https:\\\/\\\/kolmlovitrykikeskus.ee\\\/?page_id=3265\",\"name\":\"Aadresst\u00e4hise tellimine - Kolm L\u00f5vi Tr\u00fckikeskus\",\"isPartOf\":{\"@id\":\"https:\\\/\\\/kolmlovitrykikeskus.ee\\\/#website\"},\"datePublished\":\"2024-09-09T11:03:44+00:00\",\"dateModified\":\"2024-11-18T14:17:52+00:00\",\"description\":\"aadresst\u00e4his t\u00e4navanumber maja number kortermaja number eramaja number hinnap\u00e4ring Aadresst\u00e4hise tellimine\",\"breadcrumb\":{\"@id\":\"https:\\\/\\\/kolmlovitrykikeskus.ee\\\/?page_id=3265#breadcrumb\"},\"inLanguage\":\"et\",\"potentialAction\":[{\"@type\":\"ReadAction\",\"target\":[\"https:\\\/\\\/kolmlovitrykikeskus.ee\\\/?page_id=3265\"]}]},{\"@type\":\"BreadcrumbList\",\"@id\":\"https:\\\/\\\/kolmlovitrykikeskus.ee\\\/?page_id=3265#breadcrumb\",\"itemListElement\":[{\"@type\":\"ListItem\",\"position\":1,\"name\":\"Home\",\"item\":\"https:\\\/\\\/kolmlovitrykikeskus.ee\\\/\"},{\"@type\":\"ListItem\",\"position\":2,\"name\":\"Aadresst\u00e4hise tellimine\"}]},{\"@type\":\"WebSite\",\"@id\":\"https:\\\/\\\/kolmlovitrykikeskus.ee\\\/#website\",\"url\":\"https:\\\/\\\/kolmlovitrykikeskus.ee\\\/\",\"name\":\"Kolm L\u00f5vi Tr\u00fckikeskus\",\"description\":\"Leiame lahenduse!\",\"publisher\":{\"@id\":\"https:\\\/\\\/kolmlovitrykikeskus.ee\\\/#organization\"},\"potentialAction\":[{\"@type\":\"SearchAction\",\"target\":{\"@type\":\"EntryPoint\",\"urlTemplate\":\"https:\\\/\\\/kolmlovitrykikeskus.ee\\\/?s={search_term_string}\"},\"query-input\":{\"@type\":\"PropertyValueSpecification\",\"valueRequired\":true,\"valueName\":\"search_term_string\"}}],\"inLanguage\":\"et\"},{\"@type\":\"Organization\",\"@id\":\"https:\\\/\\\/kolmlovitrykikeskus.ee\\\/#organization\",\"name\":\"Kolm L\u00f5vi Tr\u00fckikeskus\",\"url\":\"https:\\\/\\\/kolmlovitrykikeskus.ee\\\/\",\"logo\":{\"@type\":\"ImageObject\",\"inLanguage\":\"et\",\"@id\":\"https:\\\/\\\/kolmlovitrykikeskus.ee\\\/#\\\/schema\\\/logo\\\/image\\\/\",\"url\":\"https:\\\/\\\/kolmlovitrykikeskus.ee\\\/wp-content\\\/uploads\\\/2023\\\/12\\\/cropped-kltk-logo.png\",\"contentUrl\":\"https:\\\/\\\/kolmlovitrykikeskus.ee\\\/wp-content\\\/uploads\\\/2023\\\/12\\\/cropped-kltk-logo.png\",\"width\":640,\"height\":170,\"caption\":\"Kolm L\u00f5vi Tr\u00fckikeskus\"},\"image\":{\"@id\":\"https:\\\/\\\/kolmlovitrykikeskus.ee\\\/#\\\/schema\\\/logo\\\/image\\\/\"},\"sameAs\":[\"https:\\\/\\\/www.facebook.com\\\/kolmlovitrykikeskus\"]}]}<\/script>\n<!-- \/ Yoast SEO plugin. -->","yoast_head_json":{"title":"Aadresst\u00e4hise tellimine - Kolm L\u00f5vi Tr\u00fckikeskus","description":"aadresst\u00e4his t\u00e4navanumber maja number kortermaja number eramaja number hinnap\u00e4ring Aadresst\u00e4hise tellimine","robots":{"index":"index","follow":"follow","max-snippet":"max-snippet:-1","max-image-preview":"max-image-preview:large","max-video-preview":"max-video-preview:-1"},"canonical":"https:\/\/kolmlovitrykikeskus.ee\/?page_id=3265","og_locale":"et_EE","og_type":"article","og_title":"Aadresst\u00e4hise tellimine - Kolm L\u00f5vi Tr\u00fckikeskus","og_description":"aadresst\u00e4his t\u00e4navanumber maja number kortermaja number eramaja number hinnap\u00e4ring Aadresst\u00e4hise tellimine","og_url":"https:\/\/kolmlovitrykikeskus.ee\/?page_id=3265","og_site_name":"Kolm L\u00f5vi Tr\u00fckikeskus","article_publisher":"https:\/\/www.facebook.com\/kolmlovitrykikeskus","article_modified_time":"2024-11-18T14:17:52+00:00","twitter_card":"summary_large_image","twitter_misc":{"Est. reading time":"1 minut"},"schema":{"@context":"https:\/\/schema.org","@graph":[{"@type":"WebPage","@id":"https:\/\/kolmlovitrykikeskus.ee\/?page_id=3265","url":"https:\/\/kolmlovitrykikeskus.ee\/?page_id=3265","name":"Aadresst\u00e4hise tellimine - Kolm L\u00f5vi Tr\u00fckikeskus","isPartOf":{"@id":"https:\/\/kolmlovitrykikeskus.ee\/#website"},"datePublished":"2024-09-09T11:03:44+00:00","dateModified":"2024-11-18T14:17:52+00:00","description":"aadresst\u00e4his t\u00e4navanumber maja number kortermaja number eramaja number hinnap\u00e4ring Aadresst\u00e4hise tellimine","breadcrumb":{"@id":"https:\/\/kolmlovitrykikeskus.ee\/?page_id=3265#breadcrumb"},"inLanguage":"et","potentialAction":[{"@type":"ReadAction","target":["https:\/\/kolmlovitrykikeskus.ee\/?page_id=3265"]}]},{"@type":"BreadcrumbList","@id":"https:\/\/kolmlovitrykikeskus.ee\/?page_id=3265#breadcrumb","itemListElement":[{"@type":"ListItem","position":1,"name":"Home","item":"https:\/\/kolmlovitrykikeskus.ee\/"},{"@type":"ListItem","position":2,"name":"Aadresst\u00e4hise tellimine"}]},{"@type":"WebSite","@id":"https:\/\/kolmlovitrykikeskus.ee\/#website","url":"https:\/\/kolmlovitrykikeskus.ee\/","name":"Kolm L\u00f5vi Tr\u00fckikeskus","description":"Leiame lahenduse!","publisher":{"@id":"https:\/\/kolmlovitrykikeskus.ee\/#organization"},"potentialAction":[{"@type":"SearchAction","target":{"@type":"EntryPoint","urlTemplate":"https:\/\/kolmlovitrykikeskus.ee\/?s={search_term_string}"},"query-input":{"@type":"PropertyValueSpecification","valueRequired":true,"valueName":"search_term_string"}}],"inLanguage":"et"},{"@type":"Organization","@id":"https:\/\/kolmlovitrykikeskus.ee\/#organization","name":"Kolm L\u00f5vi Tr\u00fckikeskus","url":"https:\/\/kolmlovitrykikeskus.ee\/","logo":{"@type":"ImageObject","inLanguage":"et","@id":"https:\/\/kolmlovitrykikeskus.ee\/#\/schema\/logo\/image\/","url":"https:\/\/kolmlovitrykikeskus.ee\/wp-content\/uploads\/2023\/12\/cropped-kltk-logo.png","contentUrl":"https:\/\/kolmlovitrykikeskus.ee\/wp-content\/uploads\/2023\/12\/cropped-kltk-logo.png","width":640,"height":170,"caption":"Kolm L\u00f5vi Tr\u00fckikeskus"},"image":{"@id":"https:\/\/kolmlovitrykikeskus.ee\/#\/schema\/logo\/image\/"},"sameAs":["https:\/\/www.facebook.com\/kolmlovitrykikeskus"]}]}},"_links":{"self":[{"href":"https:\/\/kolmlovitrykikeskus.ee\/index.php?rest_route=\/wp\/v2\/pages\/3265","targetHints":{"allow":["GET"]}}],"collection":[{"href":"https:\/\/kolmlovitrykikeskus.ee\/index.php?rest_route=\/wp\/v2\/pages"}],"about":[{"href":"https:\/\/kolmlovitrykikeskus.ee\/index.php?rest_route=\/wp\/v2\/types\/page"}],"author":[{"embeddable":true,"href":"https:\/\/kolmlovitrykikeskus.ee\/index.php?rest_route=\/wp\/v2\/users\/5"}],"replies":[{"embeddable":true,"href":"https:\/\/kolmlovitrykikeskus.ee\/index.php?rest_route=%2Fwp%2Fv2%2Fcomments&post=3265"}],"version-history":[{"count":10,"href":"https:\/\/kolmlovitrykikeskus.ee\/index.php?rest_route=\/wp\/v2\/pages\/3265\/revisions"}],"predecessor-version":[{"id":3991,"href":"https:\/\/kolmlovitrykikeskus.ee\/index.php?rest_route=\/wp\/v2\/pages\/3265\/revisions\/3991"}],"wp:attachment":[{"href":"https:\/\/kolmlovitrykikeskus.ee\/index.php?rest_route=%2Fwp%2Fv2%2Fmedia&parent=3265"}],"curies":[{"name":"wp","href":"https:\/\/api.w.org\/{rel}","templated":true}]}}