{"id":3163,"date":"2024-09-05T15:52:21","date_gmt":"2024-09-05T13:52:21","guid":{"rendered":"https:\/\/kolmlovitrykikeskus.ee\/?page_id=3163"},"modified":"2024-10-02T09:05:54","modified_gmt":"2024-10-02T07:05:54","slug":"rinnamarkide-paring-tellimus","status":"publish","type":"page","link":"https:\/\/kolmlovitrykikeskus.ee\/?page_id=3163","title":{"rendered":"Rinnam\u00e4rkide p\u00e4ring \/ tellimus"},"content":{"rendered":"<style id=\"wpforms-css-vars-3141\">\n\t\t\t\t#wpforms-3141 {\n\t\t\t\t\n\t\t\t}\n\t\t\t<\/style><div class=\"wpforms-container wpforms-container-full wpforms-render-modern\" id=\"wpforms-3141\"><form id=\"wpforms-form-3141\" class=\"wpforms-validate wpforms-form wpforms-ajax-form\" data-formid=\"3141\" method=\"post\" enctype=\"multipart\/form-data\" action=\"\/index.php?rest_route=%2Fwp%2Fv2%2Fpages%2F3163\" data-token=\"190fe764b441c6a4e9b1efcfef432a8b\" data-token-time=\"1776867636\"><noscript class=\"wpforms-error-noscript\">Please enable JavaScript in your browser to complete this form.<\/noscript><div id=\"wpforms-error-noscript\" style=\"display: none;\">Please enable JavaScript in your browser to complete this form.<\/div><div class=\"wpforms-field-container\"><div id=\"wpforms-3141-field_8-container\" class=\"wpforms-field wpforms-field-radio wpforms-list-inline\" data-field-id=\"8\"><fieldset><legend class=\"wpforms-field-label\">Teema: <span class=\"wpforms-required-label\" aria-hidden=\"true\">*<\/span><\/legend><ul id=\"wpforms-3141-field_8\" class=\"wpforms-field-required\"><li class=\"choice-1 depth-1 wpforms-selected\"><input type=\"radio\" id=\"wpforms-3141-field_8_1\" name=\"wpforms[fields][8]\" value=\"P\u00e4ring\" aria-errormessage=\"wpforms-3141-field_8_1-error\" required  checked='checked'><label class=\"wpforms-field-label-inline\" for=\"wpforms-3141-field_8_1\">P\u00e4ring<\/label><\/li><li class=\"choice-2 depth-1\"><input type=\"radio\" id=\"wpforms-3141-field_8_2\" name=\"wpforms[fields][8]\" value=\"Tellimus\" aria-errormessage=\"wpforms-3141-field_8_2-error\" required ><label class=\"wpforms-field-label-inline\" for=\"wpforms-3141-field_8_2\">Tellimus<\/label><\/li><\/ul><\/fieldset><\/div><div id=\"wpforms-3141-field_10-container\" class=\"wpforms-field wpforms-field-select wpforms-field-select-style-modern\" data-field-id=\"10\"><label class=\"wpforms-field-label\" for=\"wpforms-3141-field_10\">Rinnam\u00e4rgi suurus <span class=\"wpforms-required-label\" aria-hidden=\"true\">*<\/span><\/label><select id=\"wpforms-3141-field_10\" class=\"wpforms-field-medium wpforms-field-required choicesjs-select\" data-size-class=\"wpforms-field-row wpforms-field-medium\" data-search-enabled=\"1\" name=\"wpforms[fields][10]\" required=\"required\"><option value=\"\" class=\"placeholder\" disabled  selected='selected'><\/option><option value=\"25mm rinnam\u00e4rk (vedrun\u00f5elaga)\"  class=\"choice-1 depth-1\"  >25mm rinnam\u00e4rk (vedrun\u00f5elaga)<\/option><option value=\"32mm rinnam\u00e4rk (haakn\u00f5elaga)\"  class=\"choice-2 depth-1\"  >32mm rinnam\u00e4rk (haakn\u00f5elaga)<\/option><option value=\"44mm rinnam\u00e4rk (haakn\u00f5elaga)\"  class=\"choice-3 depth-1\"  >44mm rinnam\u00e4rk (haakn\u00f5elaga)<\/option><option value=\"64mm rinnam\u00e4rk (haakn\u00f5elaga)\"  class=\"choice-4 depth-1\"  >64mm rinnam\u00e4rk (haakn\u00f5elaga)<\/option><option value=\"ovaalne 70x45mm rinnam\u00e4rk (haakn\u00f5elaga)\"  class=\"choice-6 depth-1\"  >ovaalne 70x45mm rinnam\u00e4rk (haakn\u00f5elaga)<\/option><option value=\"metallist 16mm rinnam\u00e4rk (liblikkinnitusega)\"  class=\"choice-7 depth-1\"  >metallist 16mm rinnam\u00e4rk (liblikkinnitusega)<\/option><option value=\"metallist kandiline 25x25mm rinnam\u00e4rk (liblikkinnitusega)\"  class=\"choice-8 depth-1\"  >metallist kandiline 25x25mm rinnam\u00e4rk (liblikkinnitusega)<\/option><option value=\"metallist \u00fcmmargune 25mm rinnam\u00e4rk (liblikkinnitusega)\"  class=\"choice-9 depth-1\"  >metallist \u00fcmmargune 25mm rinnam\u00e4rk (liblikkinnitusega)<\/option><option value=\"kandiline 20x12mm metallist rinnam\u00e4rk (liblikkinnitusega)\"  class=\"choice-10 depth-1\"  >kandiline 20x12mm metallist rinnam\u00e4rk (liblikkinnitusega)<\/option><option value=\"m\u00f5ni muu suurus meie kodulehel (kirjuta lisainfosse)\"  class=\"choice-11 depth-1\"  >m\u00f5ni muu suurus meie kodulehel (kirjuta lisainfosse)<\/option><\/select><\/div>\t\t<div id=\"wpforms-3141-field_2-container\"\n\t\t\tclass=\"wpforms-field wpforms-field-text\"\n\t\t\tdata-field-type=\"text\"\n\t\t\tdata-field-id=\"2\"\n\t\t\t>\n\t\t\t<label class=\"wpforms-field-label\" for=\"wpforms-3141-field_2\" >Kogus: Ettev\u00f5tte Kontaktisik:<\/label>\n\t\t\t<input type=\"text\" id=\"wpforms-3141-field_2\" class=\"wpforms-field-medium\" name=\"wpforms[fields][2]\" >\n\t\t<\/div>\n\t\t<div id=\"wpforms-3141-field_32-container\" class=\"wpforms-field wpforms-field-number\" data-field-id=\"32\"><label class=\"wpforms-field-label\" for=\"wpforms-3141-field_32\">Kogus:<\/label><input type=\"number\" id=\"wpforms-3141-field_32\" class=\"wpforms-field-small\" name=\"wpforms[fields][32]\" step=\"any\" aria-errormessage=\"wpforms-3141-field_32-error\" ><\/div><div id=\"wpforms-3141-field_12-container\" class=\"wpforms-field wpforms-field-radio wpforms-list-inline\" data-field-id=\"12\"><fieldset><legend class=\"wpforms-field-label\">T\u00e4psustus: <span class=\"wpforms-required-label\" aria-hidden=\"true\">*<\/span><\/legend><ul id=\"wpforms-3141-field_12\" class=\"wpforms-field-required\"><li class=\"choice-1 depth-1 wpforms-selected\"><input type=\"radio\" id=\"wpforms-3141-field_12_1\" name=\"wpforms[fields][12]\" value=\"Tiraa\u017eis k\u00f5ik m\u00e4rgid \u00fchesugused\" aria-errormessage=\"wpforms-3141-field_12_1-error\" required  checked='checked'><label class=\"wpforms-field-label-inline\" for=\"wpforms-3141-field_12_1\">Tiraa\u017eis k\u00f5ik m\u00e4rgid \u00fchesugused<\/label><\/li><li class=\"choice-2 depth-1\"><input type=\"radio\" id=\"wpforms-3141-field_12_2\" name=\"wpforms[fields][12]\" value=\"Tiraa\u017eis sisalduvad erinevad disainid\" aria-errormessage=\"wpforms-3141-field_12_2-error\" required ><label class=\"wpforms-field-label-inline\" for=\"wpforms-3141-field_12_2\">Tiraa\u017eis sisalduvad erinevad disainid<\/label><\/li><\/ul><\/fieldset><\/div><div id=\"wpforms-3141-field_6-container\" class=\"wpforms-field wpforms-field-textarea\" data-field-id=\"6\"><label class=\"wpforms-field-label\" for=\"wpforms-3141-field_6\">Lisainfo:<\/label><textarea id=\"wpforms-3141-field_6\" class=\"wpforms-field-small\" name=\"wpforms[fields][6]\" aria-errormessage=\"wpforms-3141-field_6-error\" aria-describedby=\"wpforms-3141-field_6-description\" ><\/textarea><div id=\"wpforms-3141-field_6-description\" class=\"wpforms-field-description\">Tehniline kirjeldus: Kvaliteetsed plekist rinnam\u00e4rkidel kaetakse kogu tr\u00fckk l\u00e4bipaistva mylar kilega, mis tagab m\u00e4rgi kestvuse pikaks ajaks. Metallist rinnam\u00e4rkidel kaetakse pealiskiht l\u00e4bipaistva pol\u00fcuretaaniga, mis tagab efektse ja kestva v\u00e4ljan\u00e4gemise.<\/div><\/div><div id=\"wpforms-3141-field_29-container\" class=\"wpforms-field wpforms-field-name\" data-field-id=\"29\"><label class=\"wpforms-field-label\" for=\"wpforms-3141-field_29\">Kontaktisik: <span class=\"wpforms-required-label\" aria-hidden=\"true\">*<\/span><\/label><input type=\"text\" id=\"wpforms-3141-field_29\" class=\"wpforms-field-medium wpforms-field-required\" name=\"wpforms[fields][29]\" aria-errormessage=\"wpforms-3141-field_29-error\" required><\/div><div id=\"wpforms-3141-field_30-container\" class=\"wpforms-field wpforms-field-name\" data-field-id=\"30\"><label class=\"wpforms-field-label\" for=\"wpforms-3141-field_30\">Ettev\u00f5tte nimi:<\/label><input type=\"text\" id=\"wpforms-3141-field_30\" class=\"wpforms-field-medium\" name=\"wpforms[fields][30]\" aria-errormessage=\"wpforms-3141-field_30-error\" ><\/div><div id=\"wpforms-3141-field_1-container\" class=\"wpforms-field wpforms-field-name\" data-field-id=\"1\"><label class=\"wpforms-field-label\" for=\"wpforms-3141-field_1\">Kontakttelefon: <span class=\"wpforms-required-label\" aria-hidden=\"true\">*<\/span><\/label><input type=\"text\" id=\"wpforms-3141-field_1\" class=\"wpforms-field-medium wpforms-field-required\" name=\"wpforms[fields][1]\" aria-errormessage=\"wpforms-3141-field_1-error\" required><\/div><div id=\"wpforms-3141-field_7-container\" class=\"wpforms-field wpforms-field-email\" data-field-id=\"7\"><label class=\"wpforms-field-label\" for=\"wpforms-3141-field_7\">Email <span class=\"wpforms-required-label\" aria-hidden=\"true\">*<\/span><\/label><input type=\"email\" id=\"wpforms-3141-field_7\" class=\"wpforms-field-medium wpforms-field-required\" name=\"wpforms[fields][7]\" spellcheck=\"false\" aria-errormessage=\"wpforms-3141-field_7-error\" required><\/div><script>\n\t\t\t\t( function() {\n\t\t\t\t\tconst style = document.createElement( 'style' );\n\t\t\t\t\tstyle.appendChild( document.createTextNode( '#wpforms-3141-field_2-container { position: absolute !important; overflow: hidden !important; display: inline !important; height: 1px !important; width: 1px !important; z-index: -1000 !important; padding: 0 !important; } #wpforms-3141-field_2-container input { visibility: hidden; } #wpforms-conversational-form-page #wpforms-3141-field_2-container label { counter-increment: none; }' ) );\n\t\t\t\t\tdocument.head.appendChild( style );\n\t\t\t\t\tdocument.currentScript?.remove();\n\t\t\t\t} )();\n\t\t\t<\/script><\/div><!-- .wpforms-field-container --><div class=\"wpforms-recaptcha-container wpforms-is-recaptcha wpforms-is-recaptcha-type-invisible\" ><div class=\"g-recaptcha\" data-sitekey=\"6LdzjlYqAAAAAMAW4IVc8mLuJE2EYudua8gh8o5A\" data-size=\"invisible\"><\/div><\/div><div class=\"wpforms-submit-container\" ><input type=\"hidden\" name=\"wpforms[id]\" value=\"3141\"><input type=\"hidden\" name=\"page_title\" value=\"\"><input type=\"hidden\" name=\"page_url\" value=\"https:\/\/kolmlovitrykikeskus.ee\/index.php?rest_route=\/wp\/v2\/pages\/3163\"><input type=\"hidden\" name=\"url_referer\" value=\"\"><button type=\"submit\" name=\"wpforms[submit]\" id=\"wpforms-submit-3141\" class=\"wpforms-submit\" data-alt-text=\"Saadab...\" data-submit-text=\"Saada\" aria-live=\"assertive\" value=\"wpforms-submit\">Saada<\/button><img loading=\"lazy\" decoding=\"async\" src=\"https:\/\/kolmlovitrykikeskus.ee\/wp-content\/plugins\/wpforms-lite\/assets\/images\/submit-spin.svg\" class=\"wpforms-submit-spinner\" style=\"display: none;\" width=\"26\" height=\"26\" alt=\"Loading\"><\/div><\/form><\/div>  <!-- .wpforms-container -->\n<p>Vaata rinnam\u00e4rkide kohta rohkem infot <a href=\"https:\/\/kolmlovitrykikeskus.ee\/rinnamargid-ja-votmehoidjad-nime-ja-rinnasildid\/\">SIIT<\/a><\/p>\n","protected":false},"excerpt":{"rendered":"<p>Vaata rinnam\u00e4rkide kohta rohkem infot SIIT<\/p>\n","protected":false},"author":5,"featured_media":0,"parent":0,"menu_order":0,"comment_status":"closed","ping_status":"closed","template":"","meta":{"footnotes":""},"class_list":["post-3163","page","type-page","status-publish","hentry"],"yoast_head":"<!-- This site is optimized with the Yoast SEO plugin v27.4 - https:\/\/yoast.com\/product\/yoast-seo-wordpress\/ -->\n<title>Rinnam\u00e4rkide p\u00e4ring \/ tellimus - Kolm L\u00f5vi Tr\u00fckikeskus<\/title>\n<meta name=\"description\" content=\"Rinnam\u00e4rkide p\u00e4ring \/ tellimus Kolm L\u00f5vi Tr\u00fckikeskus\" \/>\n<meta name=\"robots\" content=\"index, follow, max-snippet:-1, max-image-preview:large, max-video-preview:-1\" \/>\n<link rel=\"canonical\" href=\"https:\/\/kolmlovitrykikeskus.ee\/?page_id=3163\" \/>\n<meta property=\"og:locale\" content=\"et_EE\" \/>\n<meta property=\"og:type\" content=\"article\" \/>\n<meta property=\"og:title\" content=\"Rinnam\u00e4rkide p\u00e4ring \/ tellimus - Kolm L\u00f5vi Tr\u00fckikeskus\" \/>\n<meta property=\"og:description\" content=\"Rinnam\u00e4rkide p\u00e4ring \/ tellimus Kolm L\u00f5vi Tr\u00fckikeskus\" \/>\n<meta property=\"og:url\" content=\"https:\/\/kolmlovitrykikeskus.ee\/?page_id=3163\" \/>\n<meta property=\"og:site_name\" content=\"Kolm L\u00f5vi Tr\u00fckikeskus\" \/>\n<meta property=\"article:publisher\" content=\"https:\/\/www.facebook.com\/kolmlovitrykikeskus\" \/>\n<meta property=\"article:modified_time\" content=\"2024-10-02T07:05:54+00:00\" \/>\n<meta name=\"twitter:card\" content=\"summary_large_image\" \/>\n<meta name=\"twitter:label1\" content=\"Est. reading time\" \/>\n\t<meta name=\"twitter:data1\" content=\"1 minut\" \/>\n<script type=\"application\/ld+json\" class=\"yoast-schema-graph\">{\"@context\":\"https:\\\/\\\/schema.org\",\"@graph\":[{\"@type\":\"WebPage\",\"@id\":\"https:\\\/\\\/kolmlovitrykikeskus.ee\\\/?page_id=3163\",\"url\":\"https:\\\/\\\/kolmlovitrykikeskus.ee\\\/?page_id=3163\",\"name\":\"Rinnam\u00e4rkide p\u00e4ring \\\/ tellimus - Kolm L\u00f5vi Tr\u00fckikeskus\",\"isPartOf\":{\"@id\":\"https:\\\/\\\/kolmlovitrykikeskus.ee\\\/#website\"},\"datePublished\":\"2024-09-05T13:52:21+00:00\",\"dateModified\":\"2024-10-02T07:05:54+00:00\",\"description\":\"Rinnam\u00e4rkide p\u00e4ring \\\/ tellimus Kolm L\u00f5vi Tr\u00fckikeskus\",\"breadcrumb\":{\"@id\":\"https:\\\/\\\/kolmlovitrykikeskus.ee\\\/?page_id=3163#breadcrumb\"},\"inLanguage\":\"et\",\"potentialAction\":[{\"@type\":\"ReadAction\",\"target\":[\"https:\\\/\\\/kolmlovitrykikeskus.ee\\\/?page_id=3163\"]}]},{\"@type\":\"BreadcrumbList\",\"@id\":\"https:\\\/\\\/kolmlovitrykikeskus.ee\\\/?page_id=3163#breadcrumb\",\"itemListElement\":[{\"@type\":\"ListItem\",\"position\":1,\"name\":\"Home\",\"item\":\"https:\\\/\\\/kolmlovitrykikeskus.ee\\\/\"},{\"@type\":\"ListItem\",\"position\":2,\"name\":\"Rinnam\u00e4rkide p\u00e4ring \\\/ tellimus\"}]},{\"@type\":\"WebSite\",\"@id\":\"https:\\\/\\\/kolmlovitrykikeskus.ee\\\/#website\",\"url\":\"https:\\\/\\\/kolmlovitrykikeskus.ee\\\/\",\"name\":\"Kolm L\u00f5vi Tr\u00fckikeskus\",\"description\":\"Leiame lahenduse!\",\"publisher\":{\"@id\":\"https:\\\/\\\/kolmlovitrykikeskus.ee\\\/#organization\"},\"potentialAction\":[{\"@type\":\"SearchAction\",\"target\":{\"@type\":\"EntryPoint\",\"urlTemplate\":\"https:\\\/\\\/kolmlovitrykikeskus.ee\\\/?s={search_term_string}\"},\"query-input\":{\"@type\":\"PropertyValueSpecification\",\"valueRequired\":true,\"valueName\":\"search_term_string\"}}],\"inLanguage\":\"et\"},{\"@type\":\"Organization\",\"@id\":\"https:\\\/\\\/kolmlovitrykikeskus.ee\\\/#organization\",\"name\":\"Kolm L\u00f5vi Tr\u00fckikeskus\",\"url\":\"https:\\\/\\\/kolmlovitrykikeskus.ee\\\/\",\"logo\":{\"@type\":\"ImageObject\",\"inLanguage\":\"et\",\"@id\":\"https:\\\/\\\/kolmlovitrykikeskus.ee\\\/#\\\/schema\\\/logo\\\/image\\\/\",\"url\":\"https:\\\/\\\/kolmlovitrykikeskus.ee\\\/wp-content\\\/uploads\\\/2023\\\/12\\\/cropped-kltk-logo.png\",\"contentUrl\":\"https:\\\/\\\/kolmlovitrykikeskus.ee\\\/wp-content\\\/uploads\\\/2023\\\/12\\\/cropped-kltk-logo.png\",\"width\":640,\"height\":170,\"caption\":\"Kolm L\u00f5vi Tr\u00fckikeskus\"},\"image\":{\"@id\":\"https:\\\/\\\/kolmlovitrykikeskus.ee\\\/#\\\/schema\\\/logo\\\/image\\\/\"},\"sameAs\":[\"https:\\\/\\\/www.facebook.com\\\/kolmlovitrykikeskus\"]}]}<\/script>\n<!-- \/ Yoast SEO plugin. -->","yoast_head_json":{"title":"Rinnam\u00e4rkide p\u00e4ring \/ tellimus - Kolm L\u00f5vi Tr\u00fckikeskus","description":"Rinnam\u00e4rkide p\u00e4ring \/ tellimus Kolm L\u00f5vi Tr\u00fckikeskus","robots":{"index":"index","follow":"follow","max-snippet":"max-snippet:-1","max-image-preview":"max-image-preview:large","max-video-preview":"max-video-preview:-1"},"canonical":"https:\/\/kolmlovitrykikeskus.ee\/?page_id=3163","og_locale":"et_EE","og_type":"article","og_title":"Rinnam\u00e4rkide p\u00e4ring \/ tellimus - Kolm L\u00f5vi Tr\u00fckikeskus","og_description":"Rinnam\u00e4rkide p\u00e4ring \/ tellimus Kolm L\u00f5vi Tr\u00fckikeskus","og_url":"https:\/\/kolmlovitrykikeskus.ee\/?page_id=3163","og_site_name":"Kolm L\u00f5vi Tr\u00fckikeskus","article_publisher":"https:\/\/www.facebook.com\/kolmlovitrykikeskus","article_modified_time":"2024-10-02T07:05:54+00:00","twitter_card":"summary_large_image","twitter_misc":{"Est. reading time":"1 minut"},"schema":{"@context":"https:\/\/schema.org","@graph":[{"@type":"WebPage","@id":"https:\/\/kolmlovitrykikeskus.ee\/?page_id=3163","url":"https:\/\/kolmlovitrykikeskus.ee\/?page_id=3163","name":"Rinnam\u00e4rkide p\u00e4ring \/ tellimus - Kolm L\u00f5vi Tr\u00fckikeskus","isPartOf":{"@id":"https:\/\/kolmlovitrykikeskus.ee\/#website"},"datePublished":"2024-09-05T13:52:21+00:00","dateModified":"2024-10-02T07:05:54+00:00","description":"Rinnam\u00e4rkide p\u00e4ring \/ tellimus Kolm L\u00f5vi Tr\u00fckikeskus","breadcrumb":{"@id":"https:\/\/kolmlovitrykikeskus.ee\/?page_id=3163#breadcrumb"},"inLanguage":"et","potentialAction":[{"@type":"ReadAction","target":["https:\/\/kolmlovitrykikeskus.ee\/?page_id=3163"]}]},{"@type":"BreadcrumbList","@id":"https:\/\/kolmlovitrykikeskus.ee\/?page_id=3163#breadcrumb","itemListElement":[{"@type":"ListItem","position":1,"name":"Home","item":"https:\/\/kolmlovitrykikeskus.ee\/"},{"@type":"ListItem","position":2,"name":"Rinnam\u00e4rkide p\u00e4ring \/ tellimus"}]},{"@type":"WebSite","@id":"https:\/\/kolmlovitrykikeskus.ee\/#website","url":"https:\/\/kolmlovitrykikeskus.ee\/","name":"Kolm L\u00f5vi Tr\u00fckikeskus","description":"Leiame lahenduse!","publisher":{"@id":"https:\/\/kolmlovitrykikeskus.ee\/#organization"},"potentialAction":[{"@type":"SearchAction","target":{"@type":"EntryPoint","urlTemplate":"https:\/\/kolmlovitrykikeskus.ee\/?s={search_term_string}"},"query-input":{"@type":"PropertyValueSpecification","valueRequired":true,"valueName":"search_term_string"}}],"inLanguage":"et"},{"@type":"Organization","@id":"https:\/\/kolmlovitrykikeskus.ee\/#organization","name":"Kolm L\u00f5vi Tr\u00fckikeskus","url":"https:\/\/kolmlovitrykikeskus.ee\/","logo":{"@type":"ImageObject","inLanguage":"et","@id":"https:\/\/kolmlovitrykikeskus.ee\/#\/schema\/logo\/image\/","url":"https:\/\/kolmlovitrykikeskus.ee\/wp-content\/uploads\/2023\/12\/cropped-kltk-logo.png","contentUrl":"https:\/\/kolmlovitrykikeskus.ee\/wp-content\/uploads\/2023\/12\/cropped-kltk-logo.png","width":640,"height":170,"caption":"Kolm L\u00f5vi Tr\u00fckikeskus"},"image":{"@id":"https:\/\/kolmlovitrykikeskus.ee\/#\/schema\/logo\/image\/"},"sameAs":["https:\/\/www.facebook.com\/kolmlovitrykikeskus"]}]}},"_links":{"self":[{"href":"https:\/\/kolmlovitrykikeskus.ee\/index.php?rest_route=\/wp\/v2\/pages\/3163","targetHints":{"allow":["GET"]}}],"collection":[{"href":"https:\/\/kolmlovitrykikeskus.ee\/index.php?rest_route=\/wp\/v2\/pages"}],"about":[{"href":"https:\/\/kolmlovitrykikeskus.ee\/index.php?rest_route=\/wp\/v2\/types\/page"}],"author":[{"embeddable":true,"href":"https:\/\/kolmlovitrykikeskus.ee\/index.php?rest_route=\/wp\/v2\/users\/5"}],"replies":[{"embeddable":true,"href":"https:\/\/kolmlovitrykikeskus.ee\/index.php?rest_route=%2Fwp%2Fv2%2Fcomments&post=3163"}],"version-history":[{"count":4,"href":"https:\/\/kolmlovitrykikeskus.ee\/index.php?rest_route=\/wp\/v2\/pages\/3163\/revisions"}],"predecessor-version":[{"id":3430,"href":"https:\/\/kolmlovitrykikeskus.ee\/index.php?rest_route=\/wp\/v2\/pages\/3163\/revisions\/3430"}],"wp:attachment":[{"href":"https:\/\/kolmlovitrykikeskus.ee\/index.php?rest_route=%2Fwp%2Fv2%2Fmedia&parent=3163"}],"curies":[{"name":"wp","href":"https:\/\/api.w.org\/{rel}","templated":true}]}}