{"id":2912,"date":"2024-08-29T14:53:37","date_gmt":"2024-08-29T12:53:37","guid":{"rendered":"https:\/\/kolmlovitrykikeskus.ee\/?page_id=2912"},"modified":"2025-01-29T17:35:34","modified_gmt":"2025-01-29T15:35:34","slug":"muudetava-infoga-ohutusmark","status":"publish","type":"page","link":"https:\/\/kolmlovitrykikeskus.ee\/?page_id=2912","title":{"rendered":"Muudetava infoga ohutusm\u00e4rk &#8211; infosilt"},"content":{"rendered":"<h2>Mehhaanilised keeratavad infotablood aitavad lihtsalt ilma elektroonikata edastada olulist infot.<\/h2>\n<p><img loading=\"lazy\" decoding=\"async\" class=\"wp-image-2913 size-full aligncenter\" src=\"https:\/\/kolmlovitrykikeskus.ee\/wp-content\/uploads\/2024\/08\/infotabloo_keeratav.jpg\" alt=\"\" width=\"526\" height=\"526\" srcset=\"https:\/\/kolmlovitrykikeskus.ee\/wp-content\/uploads\/2024\/08\/infotabloo_keeratav.jpg 526w, https:\/\/kolmlovitrykikeskus.ee\/wp-content\/uploads\/2024\/08\/infotabloo_keeratav-300x300.jpg 300w, https:\/\/kolmlovitrykikeskus.ee\/wp-content\/uploads\/2024\/08\/infotabloo_keeratav-150x150.jpg 150w\" sizes=\"auto, (max-width: 526px) 100vw, 526px\" \/><br \/>\nNelja valikuga keeratav teavitussilt staatuse infoga (KORRAS, OOTEL, REMONT, HOOLDUS) Telli infotabloo e-poest <a href=\"https:\/\/www.kohver.com\/product_details.php?item_id=1223\">Kohver.com<\/a><\/p>\n<p><img loading=\"lazy\" decoding=\"async\" class=\"aligncenter wp-image-2920\" src=\"https:\/\/kolmlovitrykikeskus.ee\/wp-content\/uploads\/2024\/08\/infotabloo_noudepesu800.jpg\" alt=\"\" width=\"525\" height=\"525\" srcset=\"https:\/\/kolmlovitrykikeskus.ee\/wp-content\/uploads\/2024\/08\/infotabloo_noudepesu800.jpg 250w, https:\/\/kolmlovitrykikeskus.ee\/wp-content\/uploads\/2024\/08\/infotabloo_noudepesu800-150x150.jpg 150w\" sizes=\"auto, (max-width: 525px) 100vw, 525px\" \/><br \/>\nN\u00f5udepesumasina mitme valikuga keeratav teavitussilt staatuse infoga (PUHTAD, T\u00dcHI, MUSTAD, T\u00d6\u00d6TAB).<br \/>\nNelja v\u00f5i kahe asetusega keeratav infotabloo n\u00f5udepesumasinale. Telli e-poest <a href=\"https:\/\/www.kohver.com\/product_details.php?item_id=1223\">Kohver.com<\/a><\/p>\n<hr \/>\n<h2>Liikuva osaga teavitussilt: VABA \/ H\u00d5IVATUD v\u00f5i AVATUD \/ SULETUD.<\/h2>\n<p>Alumiiniumist, tagak\u00fcljel mahuline kinnitusteip. Telli e-poest <a href=\"https:\/\/kohver.com\/product_details.php?item_id=999\" target=\"_blank\" rel=\"noopener\">Kohver.com<\/a><\/p>\n<p><img loading=\"lazy\" decoding=\"async\" class=\"aligncenter wp-image-4362\" src=\"https:\/\/kolmlovitrykikeskus.ee\/wp-content\/uploads\/2025\/01\/liikuvaosagateavitus.jpg\" alt=\"\" width=\"525\" height=\"229\" srcset=\"https:\/\/kolmlovitrykikeskus.ee\/wp-content\/uploads\/2025\/01\/liikuvaosagateavitus.jpg 657w, https:\/\/kolmlovitrykikeskus.ee\/wp-content\/uploads\/2025\/01\/liikuvaosagateavitus-300x131.jpg 300w\" sizes=\"auto, (max-width: 525px) 100vw, 525px\" \/><\/p>\n<p><span style=\"color: #ffffff;\">muudetava infoga ohutusm\u00e4rk, muudetava staatusega ohutusm\u00e4rk<\/span><\/p>\n","protected":false},"excerpt":{"rendered":"<p>Mehhaanilised keeratavad infotablood aitavad lihtsalt ilma elektroonikata edastada olulist infot. Nelja valikuga keeratav teavitussilt staatuse infoga (KORRAS, OOTEL, REMONT, HOOLDUS) Telli infotabloo e-poest Kohver.com N\u00f5udepesumasina [&#8230;]<\/p>\n","protected":false},"author":5,"featured_media":0,"parent":0,"menu_order":0,"comment_status":"closed","ping_status":"closed","template":"","meta":{"footnotes":""},"class_list":["post-2912","page","type-page","status-publish","hentry"],"yoast_head":"<!-- This site is optimized with the Yoast SEO plugin v27.4 - https:\/\/yoast.com\/product\/yoast-seo-wordpress\/ -->\n<title>Muudetava infoga ohutusm\u00e4rk - infosilt - Kolm L\u00f5vi Tr\u00fckikeskus<\/title>\n<meta name=\"description\" content=\"Muudetava infoga ohutusm\u00e4rk keeratav infotabloo Muudetava infoga ohutusm\u00e4rk - infosilt Kolm L\u00f5vi Tr\u00fckikeskus n\u00f5ud staatus\" \/>\n<meta name=\"robots\" content=\"index, follow, max-snippet:-1, max-image-preview:large, max-video-preview:-1\" \/>\n<link rel=\"canonical\" href=\"https:\/\/kolmlovitrykikeskus.ee\/?page_id=2912\" \/>\n<meta property=\"og:locale\" content=\"et_EE\" \/>\n<meta property=\"og:type\" content=\"article\" \/>\n<meta property=\"og:title\" content=\"Muudetava infoga ohutusm\u00e4rk - infosilt - Kolm L\u00f5vi Tr\u00fckikeskus\" \/>\n<meta property=\"og:description\" content=\"Muudetava infoga ohutusm\u00e4rk keeratav infotabloo Muudetava infoga ohutusm\u00e4rk - infosilt Kolm L\u00f5vi Tr\u00fckikeskus n\u00f5ud staatus\" \/>\n<meta property=\"og:url\" content=\"https:\/\/kolmlovitrykikeskus.ee\/?page_id=2912\" \/>\n<meta property=\"og:site_name\" content=\"Kolm L\u00f5vi Tr\u00fckikeskus\" \/>\n<meta property=\"article:publisher\" content=\"https:\/\/www.facebook.com\/kolmlovitrykikeskus\" \/>\n<meta property=\"article:modified_time\" content=\"2025-01-29T15:35:34+00:00\" \/>\n<meta property=\"og:image\" content=\"https:\/\/kolmlovitrykikeskus.ee\/wp-content\/uploads\/2024\/08\/infotabloo_keeratav.jpg\" \/>\n\t<meta property=\"og:image:width\" content=\"526\" \/>\n\t<meta property=\"og:image:height\" content=\"526\" \/>\n\t<meta property=\"og:image:type\" content=\"image\/jpeg\" \/>\n<meta name=\"twitter:card\" content=\"summary_large_image\" \/>\n<meta name=\"twitter:label1\" content=\"Est. reading time\" \/>\n\t<meta name=\"twitter:data1\" content=\"1 minut\" \/>\n<script type=\"application\/ld+json\" class=\"yoast-schema-graph\">{\"@context\":\"https:\\\/\\\/schema.org\",\"@graph\":[{\"@type\":\"WebPage\",\"@id\":\"https:\\\/\\\/kolmlovitrykikeskus.ee\\\/?page_id=2912\",\"url\":\"https:\\\/\\\/kolmlovitrykikeskus.ee\\\/?page_id=2912\",\"name\":\"Muudetava infoga ohutusm\u00e4rk - infosilt - Kolm L\u00f5vi Tr\u00fckikeskus\",\"isPartOf\":{\"@id\":\"https:\\\/\\\/kolmlovitrykikeskus.ee\\\/#website\"},\"primaryImageOfPage\":{\"@id\":\"https:\\\/\\\/kolmlovitrykikeskus.ee\\\/?page_id=2912#primaryimage\"},\"image\":{\"@id\":\"https:\\\/\\\/kolmlovitrykikeskus.ee\\\/?page_id=2912#primaryimage\"},\"thumbnailUrl\":\"https:\\\/\\\/kolmlovitrykikeskus.ee\\\/wp-content\\\/uploads\\\/2024\\\/08\\\/infotabloo_keeratav.jpg\",\"datePublished\":\"2024-08-29T12:53:37+00:00\",\"dateModified\":\"2025-01-29T15:35:34+00:00\",\"description\":\"Muudetava infoga ohutusm\u00e4rk keeratav infotabloo Muudetava infoga ohutusm\u00e4rk - infosilt Kolm L\u00f5vi Tr\u00fckikeskus n\u00f5ud staatus\",\"breadcrumb\":{\"@id\":\"https:\\\/\\\/kolmlovitrykikeskus.ee\\\/?page_id=2912#breadcrumb\"},\"inLanguage\":\"et\",\"potentialAction\":[{\"@type\":\"ReadAction\",\"target\":[\"https:\\\/\\\/kolmlovitrykikeskus.ee\\\/?page_id=2912\"]}]},{\"@type\":\"ImageObject\",\"inLanguage\":\"et\",\"@id\":\"https:\\\/\\\/kolmlovitrykikeskus.ee\\\/?page_id=2912#primaryimage\",\"url\":\"https:\\\/\\\/kolmlovitrykikeskus.ee\\\/wp-content\\\/uploads\\\/2024\\\/08\\\/infotabloo_keeratav.jpg\",\"contentUrl\":\"https:\\\/\\\/kolmlovitrykikeskus.ee\\\/wp-content\\\/uploads\\\/2024\\\/08\\\/infotabloo_keeratav.jpg\",\"width\":526,\"height\":526},{\"@type\":\"BreadcrumbList\",\"@id\":\"https:\\\/\\\/kolmlovitrykikeskus.ee\\\/?page_id=2912#breadcrumb\",\"itemListElement\":[{\"@type\":\"ListItem\",\"position\":1,\"name\":\"Home\",\"item\":\"https:\\\/\\\/kolmlovitrykikeskus.ee\\\/\"},{\"@type\":\"ListItem\",\"position\":2,\"name\":\"Muudetava infoga ohutusm\u00e4rk &#8211; infosilt\"}]},{\"@type\":\"WebSite\",\"@id\":\"https:\\\/\\\/kolmlovitrykikeskus.ee\\\/#website\",\"url\":\"https:\\\/\\\/kolmlovitrykikeskus.ee\\\/\",\"name\":\"Kolm L\u00f5vi Tr\u00fckikeskus\",\"description\":\"Leiame lahenduse!\",\"publisher\":{\"@id\":\"https:\\\/\\\/kolmlovitrykikeskus.ee\\\/#organization\"},\"potentialAction\":[{\"@type\":\"SearchAction\",\"target\":{\"@type\":\"EntryPoint\",\"urlTemplate\":\"https:\\\/\\\/kolmlovitrykikeskus.ee\\\/?s={search_term_string}\"},\"query-input\":{\"@type\":\"PropertyValueSpecification\",\"valueRequired\":true,\"valueName\":\"search_term_string\"}}],\"inLanguage\":\"et\"},{\"@type\":\"Organization\",\"@id\":\"https:\\\/\\\/kolmlovitrykikeskus.ee\\\/#organization\",\"name\":\"Kolm L\u00f5vi Tr\u00fckikeskus\",\"url\":\"https:\\\/\\\/kolmlovitrykikeskus.ee\\\/\",\"logo\":{\"@type\":\"ImageObject\",\"inLanguage\":\"et\",\"@id\":\"https:\\\/\\\/kolmlovitrykikeskus.ee\\\/#\\\/schema\\\/logo\\\/image\\\/\",\"url\":\"https:\\\/\\\/kolmlovitrykikeskus.ee\\\/wp-content\\\/uploads\\\/2023\\\/12\\\/cropped-kltk-logo.png\",\"contentUrl\":\"https:\\\/\\\/kolmlovitrykikeskus.ee\\\/wp-content\\\/uploads\\\/2023\\\/12\\\/cropped-kltk-logo.png\",\"width\":640,\"height\":170,\"caption\":\"Kolm L\u00f5vi Tr\u00fckikeskus\"},\"image\":{\"@id\":\"https:\\\/\\\/kolmlovitrykikeskus.ee\\\/#\\\/schema\\\/logo\\\/image\\\/\"},\"sameAs\":[\"https:\\\/\\\/www.facebook.com\\\/kolmlovitrykikeskus\"]}]}<\/script>\n<!-- \/ Yoast SEO plugin. -->","yoast_head_json":{"title":"Muudetava infoga ohutusm\u00e4rk - infosilt - Kolm L\u00f5vi Tr\u00fckikeskus","description":"Muudetava infoga ohutusm\u00e4rk keeratav infotabloo Muudetava infoga ohutusm\u00e4rk - infosilt Kolm L\u00f5vi Tr\u00fckikeskus n\u00f5ud staatus","robots":{"index":"index","follow":"follow","max-snippet":"max-snippet:-1","max-image-preview":"max-image-preview:large","max-video-preview":"max-video-preview:-1"},"canonical":"https:\/\/kolmlovitrykikeskus.ee\/?page_id=2912","og_locale":"et_EE","og_type":"article","og_title":"Muudetava infoga ohutusm\u00e4rk - infosilt - Kolm L\u00f5vi Tr\u00fckikeskus","og_description":"Muudetava infoga ohutusm\u00e4rk keeratav infotabloo Muudetava infoga ohutusm\u00e4rk - infosilt Kolm L\u00f5vi Tr\u00fckikeskus n\u00f5ud staatus","og_url":"https:\/\/kolmlovitrykikeskus.ee\/?page_id=2912","og_site_name":"Kolm L\u00f5vi Tr\u00fckikeskus","article_publisher":"https:\/\/www.facebook.com\/kolmlovitrykikeskus","article_modified_time":"2025-01-29T15:35:34+00:00","og_image":[{"width":526,"height":526,"url":"https:\/\/kolmlovitrykikeskus.ee\/wp-content\/uploads\/2024\/08\/infotabloo_keeratav.jpg","type":"image\/jpeg"}],"twitter_card":"summary_large_image","twitter_misc":{"Est. reading time":"1 minut"},"schema":{"@context":"https:\/\/schema.org","@graph":[{"@type":"WebPage","@id":"https:\/\/kolmlovitrykikeskus.ee\/?page_id=2912","url":"https:\/\/kolmlovitrykikeskus.ee\/?page_id=2912","name":"Muudetava infoga ohutusm\u00e4rk - infosilt - Kolm L\u00f5vi Tr\u00fckikeskus","isPartOf":{"@id":"https:\/\/kolmlovitrykikeskus.ee\/#website"},"primaryImageOfPage":{"@id":"https:\/\/kolmlovitrykikeskus.ee\/?page_id=2912#primaryimage"},"image":{"@id":"https:\/\/kolmlovitrykikeskus.ee\/?page_id=2912#primaryimage"},"thumbnailUrl":"https:\/\/kolmlovitrykikeskus.ee\/wp-content\/uploads\/2024\/08\/infotabloo_keeratav.jpg","datePublished":"2024-08-29T12:53:37+00:00","dateModified":"2025-01-29T15:35:34+00:00","description":"Muudetava infoga ohutusm\u00e4rk keeratav infotabloo Muudetava infoga ohutusm\u00e4rk - infosilt Kolm L\u00f5vi Tr\u00fckikeskus n\u00f5ud staatus","breadcrumb":{"@id":"https:\/\/kolmlovitrykikeskus.ee\/?page_id=2912#breadcrumb"},"inLanguage":"et","potentialAction":[{"@type":"ReadAction","target":["https:\/\/kolmlovitrykikeskus.ee\/?page_id=2912"]}]},{"@type":"ImageObject","inLanguage":"et","@id":"https:\/\/kolmlovitrykikeskus.ee\/?page_id=2912#primaryimage","url":"https:\/\/kolmlovitrykikeskus.ee\/wp-content\/uploads\/2024\/08\/infotabloo_keeratav.jpg","contentUrl":"https:\/\/kolmlovitrykikeskus.ee\/wp-content\/uploads\/2024\/08\/infotabloo_keeratav.jpg","width":526,"height":526},{"@type":"BreadcrumbList","@id":"https:\/\/kolmlovitrykikeskus.ee\/?page_id=2912#breadcrumb","itemListElement":[{"@type":"ListItem","position":1,"name":"Home","item":"https:\/\/kolmlovitrykikeskus.ee\/"},{"@type":"ListItem","position":2,"name":"Muudetava infoga ohutusm\u00e4rk &#8211; infosilt"}]},{"@type":"WebSite","@id":"https:\/\/kolmlovitrykikeskus.ee\/#website","url":"https:\/\/kolmlovitrykikeskus.ee\/","name":"Kolm L\u00f5vi Tr\u00fckikeskus","description":"Leiame lahenduse!","publisher":{"@id":"https:\/\/kolmlovitrykikeskus.ee\/#organization"},"potentialAction":[{"@type":"SearchAction","target":{"@type":"EntryPoint","urlTemplate":"https:\/\/kolmlovitrykikeskus.ee\/?s={search_term_string}"},"query-input":{"@type":"PropertyValueSpecification","valueRequired":true,"valueName":"search_term_string"}}],"inLanguage":"et"},{"@type":"Organization","@id":"https:\/\/kolmlovitrykikeskus.ee\/#organization","name":"Kolm L\u00f5vi Tr\u00fckikeskus","url":"https:\/\/kolmlovitrykikeskus.ee\/","logo":{"@type":"ImageObject","inLanguage":"et","@id":"https:\/\/kolmlovitrykikeskus.ee\/#\/schema\/logo\/image\/","url":"https:\/\/kolmlovitrykikeskus.ee\/wp-content\/uploads\/2023\/12\/cropped-kltk-logo.png","contentUrl":"https:\/\/kolmlovitrykikeskus.ee\/wp-content\/uploads\/2023\/12\/cropped-kltk-logo.png","width":640,"height":170,"caption":"Kolm L\u00f5vi Tr\u00fckikeskus"},"image":{"@id":"https:\/\/kolmlovitrykikeskus.ee\/#\/schema\/logo\/image\/"},"sameAs":["https:\/\/www.facebook.com\/kolmlovitrykikeskus"]}]}},"_links":{"self":[{"href":"https:\/\/kolmlovitrykikeskus.ee\/index.php?rest_route=\/wp\/v2\/pages\/2912","targetHints":{"allow":["GET"]}}],"collection":[{"href":"https:\/\/kolmlovitrykikeskus.ee\/index.php?rest_route=\/wp\/v2\/pages"}],"about":[{"href":"https:\/\/kolmlovitrykikeskus.ee\/index.php?rest_route=\/wp\/v2\/types\/page"}],"author":[{"embeddable":true,"href":"https:\/\/kolmlovitrykikeskus.ee\/index.php?rest_route=\/wp\/v2\/users\/5"}],"replies":[{"embeddable":true,"href":"https:\/\/kolmlovitrykikeskus.ee\/index.php?rest_route=%2Fwp%2Fv2%2Fcomments&post=2912"}],"version-history":[{"count":20,"href":"https:\/\/kolmlovitrykikeskus.ee\/index.php?rest_route=\/wp\/v2\/pages\/2912\/revisions"}],"predecessor-version":[{"id":4366,"href":"https:\/\/kolmlovitrykikeskus.ee\/index.php?rest_route=\/wp\/v2\/pages\/2912\/revisions\/4366"}],"wp:attachment":[{"href":"https:\/\/kolmlovitrykikeskus.ee\/index.php?rest_route=%2Fwp%2Fv2%2Fmedia&parent=2912"}],"curies":[{"name":"wp","href":"https:\/\/api.w.org\/{rel}","templated":true}]}}