{"id":2554,"date":"2024-08-27T14:53:44","date_gmt":"2024-08-27T12:53:44","guid":{"rendered":"https:\/\/kolmlovitrykikeskus.ee\/?page_id=2554"},"modified":"2024-09-30T15:28:30","modified_gmt":"2024-09-30T13:28:30","slug":"lamineerimine","status":"publish","type":"page","link":"https:\/\/kolmlovitrykikeskus.ee\/?page_id=2554","title":{"rendered":"Lamineerimine"},"content":{"rendered":"<h4>Miks v\u00f5iks kleebised katta kaitsekilega?<br \/>\nKapslisse lamineerimine ehk taskulaminaadid.<\/h4>\n<p>Allj\u00e4rgnevalt m\u00f5ned argumendid miks v\u00f5iks olla vajalik kleebist kaitsekilega katta ehk lamineerida.<\/p>\n<blockquote><p><span style=\"background-color: #ffffff;\">Kaitsekilega kleebiseid on lihtsam ja ohutum paigaldada ning puhastada.<\/span><br \/>\n<span style=\"background-color: #ffffff;\">Kaitsekile kaitseb ilmastikust (liiv, pori, lumi) ja puhastusvahenditest tuleneva kulumise eest.<\/span><br \/>\n<span style=\"background-color: #ffffff;\">Kaitsekile kaitseb ka juhuslike vigastuste eest kleebise pinda.<\/span><\/p><\/blockquote>\n<p><img loading=\"lazy\" decoding=\"async\" class=\"alignnone wp-image-2558 size-full\" src=\"https:\/\/kolmlovitrykikeskus.ee\/wp-content\/uploads\/2024\/08\/kaitsekile-1.png\" alt=\"\" width=\"675\" height=\"210\" srcset=\"https:\/\/kolmlovitrykikeskus.ee\/wp-content\/uploads\/2024\/08\/kaitsekile-1.png 675w, https:\/\/kolmlovitrykikeskus.ee\/wp-content\/uploads\/2024\/08\/kaitsekile-1-300x93.png 300w\" sizes=\"auto, (max-width: 675px) 100vw, 675px\" \/><br \/>\nOhutusm\u00e4rgiste puhul on argumendiks puhastamine (puhastusvahend* sisaldab n\u00e4iteks piiritust, mis lahustab tr\u00fckiv\u00e4rvi) v\u00f5i abrasiivsed osakesed puhastusvahendites. Ilmastikust v\u00f5i t\u00f6\u00f6 spetsiifikast tulenvevate osakeste abrasiivne toime m\u00e4rgisele. N\u00e4iteks tolm, liiv, pori ja lumi.<\/p>\n<p><img loading=\"lazy\" decoding=\"async\" class=\"alignnone wp-image-2556 \" src=\"https:\/\/kolmlovitrykikeskus.ee\/wp-content\/uploads\/2024\/08\/kaitsekilegamargis.jpg\" alt=\"\" width=\"657\" height=\"385\" srcset=\"https:\/\/kolmlovitrykikeskus.ee\/wp-content\/uploads\/2024\/08\/kaitsekilegamargis.jpg 520w, https:\/\/kolmlovitrykikeskus.ee\/wp-content\/uploads\/2024\/08\/kaitsekilegamargis-300x176.jpg 300w\" sizes=\"auto, (max-width: 657px) 100vw, 657px\" \/><br \/>\n<em>Pildil oleval ohutusm\u00e4rgisel on vasakpool kaetud kaitsekilega ja parempool mitte. M\u00f5lemat poolt on t\u00f6\u00f6deldud tehnilise piiritusega. Ja alumist osa lihvimisklotsiga.<\/em><\/p>\n<p><strong>S\u00f5idukitele<\/strong> on tr\u00fckitud kleebise lamineerimine v\u00e4ga oluline, sest autokeemi ja aknapesuvahendid sisaldavad etanooli mis lahustavad ja helestavad tr\u00fcki v\u00e4rvi v\u00e4ga tugevalt.<\/p>\n<p><strong>Lamineerimise kilesi on l\u00e4ikiva, poolmati ja matipinnalisi.<\/strong> Tavalistesse oludesse sobib k\u00f5ige paremini l\u00e4kiv laminaat, sest teda on k\u00f5ige lihtsam hooldada. Matt ja poolmatt kleebis sobivad sisustusfotodele meeleoluloomiseks.<\/p>\n<p>L\u00e4ikiv laminaat j\u00e4tab v\u00e4rvid s\u00e4ravalt kirkaks. Matt ja poolmatt laminaat \u00fchtlustavad veidi v\u00e4rve ja muudavad toonid pehmemaks.<\/p>\n<p><strong>P\u00f5randakleebiseid<\/strong> valmistades kasutatakse spetsiaalset p\u00f5randalaminaati, mis on tavap\u00e4rasest laminaadist paksem, m\u00e4rjaks saades ei muutu libedaks ja talub k\u00f5ndimist. P\u00f5randalaminaat paigaldatakse \u00fcldjuhul siis kui aluskleebis on juba p\u00f5randale kleebitud ja ta on tr\u00fckisest tavaliselt 2-3 cm suurem. Niisketes oludes soovitame lisaks osta vedel silikooni pliiatsi millega servad \u00fcle &#8220;joonistada&#8221;, et niiskus ei p\u00e4\u00e4seks laminaadi alla.<\/p>\n<p>V\u00e4ga keerulistesse tingumustesse on v\u00f5imalik tellida eriti tugevat ja vastupidavat laminaati ehk <strong>KIVIKAITSE.<\/strong><\/p>\n<blockquote><p><span style=\"background-color: #ffffff;\"><em>*) K\u00f5ik puhastusained ei sisalda piiritust ega muid alkoholi\u00fchendeid, n\u00e4iteks testid on n\u00e4idanud, et Mayeri \u00dcldpuhastusaine ei lahusta meie tr\u00fckitud v\u00e4rve.<\/em><\/span><\/p><\/blockquote>\n<h4>Taskulaminaadid ehk kapslisse lamineerimine.<\/h4>\n<p>Tr\u00fckis lamineeritakse nii, et laminaadi iga serv ulatud \u00fcle servas, moodustub l\u00e4bipaistev kaitsev \u00e4\u00e4ris tr\u00fckise serva.<br \/>\nTaskulaminaatidel on kindlad m\u00f5\u00f5dud.<\/p>\n<p><img loading=\"lazy\" decoding=\"async\" class=\"alignnone wp-image-974 size-full\" src=\"https:\/\/kolmlovitrykikeskus.ee\/wp-content\/uploads\/2024\/01\/kaelakaardid-2018.jpg\" alt=\"Kaelakaardi m\u00f5\u00f5dud\" width=\"520\" height=\"729\" srcset=\"https:\/\/kolmlovitrykikeskus.ee\/wp-content\/uploads\/2024\/01\/kaelakaardid-2018.jpg 520w, https:\/\/kolmlovitrykikeskus.ee\/wp-content\/uploads\/2024\/01\/kaelakaardid-2018-214x300.jpg 214w\" sizes=\"auto, (max-width: 520px) 100vw, 520px\" \/><\/p>\n","protected":false},"excerpt":{"rendered":"<p>Miks v\u00f5iks kleebised katta kaitsekilega? Kapslisse lamineerimine ehk taskulaminaadid. Allj\u00e4rgnevalt m\u00f5ned argumendid miks v\u00f5iks olla vajalik kleebist kaitsekilega katta ehk lamineerida. Kaitsekilega kleebiseid on lihtsam [&#8230;]<\/p>\n","protected":false},"author":5,"featured_media":0,"parent":0,"menu_order":0,"comment_status":"closed","ping_status":"closed","template":"","meta":{"footnotes":""},"class_list":["post-2554","page","type-page","status-publish","hentry"],"yoast_head":"<!-- This site is optimized with the Yoast SEO plugin v27.4 - https:\/\/yoast.com\/product\/yoast-seo-wordpress\/ -->\n<title>Lamineerimine - Kolm L\u00f5vi Tr\u00fckikeskus<\/title>\n<meta name=\"description\" content=\"lamineerimine kaelakaarditaskud t\u00f6\u00f6t\u00f5endi taskud\" \/>\n<meta name=\"robots\" content=\"index, follow, max-snippet:-1, max-image-preview:large, max-video-preview:-1\" \/>\n<link rel=\"canonical\" href=\"https:\/\/kolmlovitrykikeskus.ee\/?page_id=2554\" \/>\n<meta property=\"og:locale\" content=\"et_EE\" \/>\n<meta property=\"og:type\" content=\"article\" \/>\n<meta property=\"og:title\" content=\"Lamineerimine - Kolm L\u00f5vi Tr\u00fckikeskus\" \/>\n<meta property=\"og:description\" content=\"lamineerimine kaelakaarditaskud t\u00f6\u00f6t\u00f5endi taskud\" \/>\n<meta property=\"og:url\" content=\"https:\/\/kolmlovitrykikeskus.ee\/?page_id=2554\" \/>\n<meta property=\"og:site_name\" content=\"Kolm L\u00f5vi Tr\u00fckikeskus\" \/>\n<meta property=\"article:publisher\" content=\"https:\/\/www.facebook.com\/kolmlovitrykikeskus\" \/>\n<meta property=\"article:modified_time\" content=\"2024-09-30T13:28:30+00:00\" \/>\n<meta property=\"og:image\" content=\"https:\/\/kolmlovitrykikeskus.ee\/wp-content\/uploads\/2024\/08\/kaitsekile-1.png\" \/>\n<meta name=\"twitter:card\" content=\"summary_large_image\" \/>\n<meta name=\"twitter:label1\" content=\"Est. reading time\" \/>\n\t<meta name=\"twitter:data1\" content=\"2 minutit\" \/>\n<script type=\"application\/ld+json\" class=\"yoast-schema-graph\">{\"@context\":\"https:\\\/\\\/schema.org\",\"@graph\":[{\"@type\":\"WebPage\",\"@id\":\"https:\\\/\\\/kolmlovitrykikeskus.ee\\\/?page_id=2554\",\"url\":\"https:\\\/\\\/kolmlovitrykikeskus.ee\\\/?page_id=2554\",\"name\":\"Lamineerimine - Kolm L\u00f5vi Tr\u00fckikeskus\",\"isPartOf\":{\"@id\":\"https:\\\/\\\/kolmlovitrykikeskus.ee\\\/#website\"},\"primaryImageOfPage\":{\"@id\":\"https:\\\/\\\/kolmlovitrykikeskus.ee\\\/?page_id=2554#primaryimage\"},\"image\":{\"@id\":\"https:\\\/\\\/kolmlovitrykikeskus.ee\\\/?page_id=2554#primaryimage\"},\"thumbnailUrl\":\"https:\\\/\\\/kolmlovitrykikeskus.ee\\\/wp-content\\\/uploads\\\/2024\\\/08\\\/kaitsekile-1.png\",\"datePublished\":\"2024-08-27T12:53:44+00:00\",\"dateModified\":\"2024-09-30T13:28:30+00:00\",\"description\":\"lamineerimine kaelakaarditaskud t\u00f6\u00f6t\u00f5endi taskud\",\"breadcrumb\":{\"@id\":\"https:\\\/\\\/kolmlovitrykikeskus.ee\\\/?page_id=2554#breadcrumb\"},\"inLanguage\":\"et\",\"potentialAction\":[{\"@type\":\"ReadAction\",\"target\":[\"https:\\\/\\\/kolmlovitrykikeskus.ee\\\/?page_id=2554\"]}]},{\"@type\":\"ImageObject\",\"inLanguage\":\"et\",\"@id\":\"https:\\\/\\\/kolmlovitrykikeskus.ee\\\/?page_id=2554#primaryimage\",\"url\":\"https:\\\/\\\/kolmlovitrykikeskus.ee\\\/wp-content\\\/uploads\\\/2024\\\/08\\\/kaitsekile-1.png\",\"contentUrl\":\"https:\\\/\\\/kolmlovitrykikeskus.ee\\\/wp-content\\\/uploads\\\/2024\\\/08\\\/kaitsekile-1.png\",\"width\":675,\"height\":210},{\"@type\":\"BreadcrumbList\",\"@id\":\"https:\\\/\\\/kolmlovitrykikeskus.ee\\\/?page_id=2554#breadcrumb\",\"itemListElement\":[{\"@type\":\"ListItem\",\"position\":1,\"name\":\"Home\",\"item\":\"https:\\\/\\\/kolmlovitrykikeskus.ee\\\/\"},{\"@type\":\"ListItem\",\"position\":2,\"name\":\"Lamineerimine\"}]},{\"@type\":\"WebSite\",\"@id\":\"https:\\\/\\\/kolmlovitrykikeskus.ee\\\/#website\",\"url\":\"https:\\\/\\\/kolmlovitrykikeskus.ee\\\/\",\"name\":\"Kolm L\u00f5vi Tr\u00fckikeskus\",\"description\":\"Leiame lahenduse!\",\"publisher\":{\"@id\":\"https:\\\/\\\/kolmlovitrykikeskus.ee\\\/#organization\"},\"potentialAction\":[{\"@type\":\"SearchAction\",\"target\":{\"@type\":\"EntryPoint\",\"urlTemplate\":\"https:\\\/\\\/kolmlovitrykikeskus.ee\\\/?s={search_term_string}\"},\"query-input\":{\"@type\":\"PropertyValueSpecification\",\"valueRequired\":true,\"valueName\":\"search_term_string\"}}],\"inLanguage\":\"et\"},{\"@type\":\"Organization\",\"@id\":\"https:\\\/\\\/kolmlovitrykikeskus.ee\\\/#organization\",\"name\":\"Kolm L\u00f5vi Tr\u00fckikeskus\",\"url\":\"https:\\\/\\\/kolmlovitrykikeskus.ee\\\/\",\"logo\":{\"@type\":\"ImageObject\",\"inLanguage\":\"et\",\"@id\":\"https:\\\/\\\/kolmlovitrykikeskus.ee\\\/#\\\/schema\\\/logo\\\/image\\\/\",\"url\":\"https:\\\/\\\/kolmlovitrykikeskus.ee\\\/wp-content\\\/uploads\\\/2023\\\/12\\\/cropped-kltk-logo.png\",\"contentUrl\":\"https:\\\/\\\/kolmlovitrykikeskus.ee\\\/wp-content\\\/uploads\\\/2023\\\/12\\\/cropped-kltk-logo.png\",\"width\":640,\"height\":170,\"caption\":\"Kolm L\u00f5vi Tr\u00fckikeskus\"},\"image\":{\"@id\":\"https:\\\/\\\/kolmlovitrykikeskus.ee\\\/#\\\/schema\\\/logo\\\/image\\\/\"},\"sameAs\":[\"https:\\\/\\\/www.facebook.com\\\/kolmlovitrykikeskus\"]}]}<\/script>\n<!-- \/ Yoast SEO plugin. -->","yoast_head_json":{"title":"Lamineerimine - Kolm L\u00f5vi Tr\u00fckikeskus","description":"lamineerimine kaelakaarditaskud t\u00f6\u00f6t\u00f5endi taskud","robots":{"index":"index","follow":"follow","max-snippet":"max-snippet:-1","max-image-preview":"max-image-preview:large","max-video-preview":"max-video-preview:-1"},"canonical":"https:\/\/kolmlovitrykikeskus.ee\/?page_id=2554","og_locale":"et_EE","og_type":"article","og_title":"Lamineerimine - Kolm L\u00f5vi Tr\u00fckikeskus","og_description":"lamineerimine kaelakaarditaskud t\u00f6\u00f6t\u00f5endi taskud","og_url":"https:\/\/kolmlovitrykikeskus.ee\/?page_id=2554","og_site_name":"Kolm L\u00f5vi Tr\u00fckikeskus","article_publisher":"https:\/\/www.facebook.com\/kolmlovitrykikeskus","article_modified_time":"2024-09-30T13:28:30+00:00","og_image":[{"url":"https:\/\/kolmlovitrykikeskus.ee\/wp-content\/uploads\/2024\/08\/kaitsekile-1.png","type":"","width":"","height":""}],"twitter_card":"summary_large_image","twitter_misc":{"Est. reading time":"2 minutit"},"schema":{"@context":"https:\/\/schema.org","@graph":[{"@type":"WebPage","@id":"https:\/\/kolmlovitrykikeskus.ee\/?page_id=2554","url":"https:\/\/kolmlovitrykikeskus.ee\/?page_id=2554","name":"Lamineerimine - Kolm L\u00f5vi Tr\u00fckikeskus","isPartOf":{"@id":"https:\/\/kolmlovitrykikeskus.ee\/#website"},"primaryImageOfPage":{"@id":"https:\/\/kolmlovitrykikeskus.ee\/?page_id=2554#primaryimage"},"image":{"@id":"https:\/\/kolmlovitrykikeskus.ee\/?page_id=2554#primaryimage"},"thumbnailUrl":"https:\/\/kolmlovitrykikeskus.ee\/wp-content\/uploads\/2024\/08\/kaitsekile-1.png","datePublished":"2024-08-27T12:53:44+00:00","dateModified":"2024-09-30T13:28:30+00:00","description":"lamineerimine kaelakaarditaskud t\u00f6\u00f6t\u00f5endi taskud","breadcrumb":{"@id":"https:\/\/kolmlovitrykikeskus.ee\/?page_id=2554#breadcrumb"},"inLanguage":"et","potentialAction":[{"@type":"ReadAction","target":["https:\/\/kolmlovitrykikeskus.ee\/?page_id=2554"]}]},{"@type":"ImageObject","inLanguage":"et","@id":"https:\/\/kolmlovitrykikeskus.ee\/?page_id=2554#primaryimage","url":"https:\/\/kolmlovitrykikeskus.ee\/wp-content\/uploads\/2024\/08\/kaitsekile-1.png","contentUrl":"https:\/\/kolmlovitrykikeskus.ee\/wp-content\/uploads\/2024\/08\/kaitsekile-1.png","width":675,"height":210},{"@type":"BreadcrumbList","@id":"https:\/\/kolmlovitrykikeskus.ee\/?page_id=2554#breadcrumb","itemListElement":[{"@type":"ListItem","position":1,"name":"Home","item":"https:\/\/kolmlovitrykikeskus.ee\/"},{"@type":"ListItem","position":2,"name":"Lamineerimine"}]},{"@type":"WebSite","@id":"https:\/\/kolmlovitrykikeskus.ee\/#website","url":"https:\/\/kolmlovitrykikeskus.ee\/","name":"Kolm L\u00f5vi Tr\u00fckikeskus","description":"Leiame lahenduse!","publisher":{"@id":"https:\/\/kolmlovitrykikeskus.ee\/#organization"},"potentialAction":[{"@type":"SearchAction","target":{"@type":"EntryPoint","urlTemplate":"https:\/\/kolmlovitrykikeskus.ee\/?s={search_term_string}"},"query-input":{"@type":"PropertyValueSpecification","valueRequired":true,"valueName":"search_term_string"}}],"inLanguage":"et"},{"@type":"Organization","@id":"https:\/\/kolmlovitrykikeskus.ee\/#organization","name":"Kolm L\u00f5vi Tr\u00fckikeskus","url":"https:\/\/kolmlovitrykikeskus.ee\/","logo":{"@type":"ImageObject","inLanguage":"et","@id":"https:\/\/kolmlovitrykikeskus.ee\/#\/schema\/logo\/image\/","url":"https:\/\/kolmlovitrykikeskus.ee\/wp-content\/uploads\/2023\/12\/cropped-kltk-logo.png","contentUrl":"https:\/\/kolmlovitrykikeskus.ee\/wp-content\/uploads\/2023\/12\/cropped-kltk-logo.png","width":640,"height":170,"caption":"Kolm L\u00f5vi Tr\u00fckikeskus"},"image":{"@id":"https:\/\/kolmlovitrykikeskus.ee\/#\/schema\/logo\/image\/"},"sameAs":["https:\/\/www.facebook.com\/kolmlovitrykikeskus"]}]}},"_links":{"self":[{"href":"https:\/\/kolmlovitrykikeskus.ee\/index.php?rest_route=\/wp\/v2\/pages\/2554","targetHints":{"allow":["GET"]}}],"collection":[{"href":"https:\/\/kolmlovitrykikeskus.ee\/index.php?rest_route=\/wp\/v2\/pages"}],"about":[{"href":"https:\/\/kolmlovitrykikeskus.ee\/index.php?rest_route=\/wp\/v2\/types\/page"}],"author":[{"embeddable":true,"href":"https:\/\/kolmlovitrykikeskus.ee\/index.php?rest_route=\/wp\/v2\/users\/5"}],"replies":[{"embeddable":true,"href":"https:\/\/kolmlovitrykikeskus.ee\/index.php?rest_route=%2Fwp%2Fv2%2Fcomments&post=2554"}],"version-history":[{"count":9,"href":"https:\/\/kolmlovitrykikeskus.ee\/index.php?rest_route=\/wp\/v2\/pages\/2554\/revisions"}],"predecessor-version":[{"id":3585,"href":"https:\/\/kolmlovitrykikeskus.ee\/index.php?rest_route=\/wp\/v2\/pages\/2554\/revisions\/3585"}],"wp:attachment":[{"href":"https:\/\/kolmlovitrykikeskus.ee\/index.php?rest_route=%2Fwp%2Fv2%2Fmedia&parent=2554"}],"curies":[{"name":"wp","href":"https:\/\/api.w.org\/{rel}","templated":true}]}}