{"id":2389,"date":"2024-08-26T18:05:49","date_gmt":"2024-08-26T16:05:49","guid":{"rendered":"https:\/\/kolmlovitrykikeskus.ee\/?page_id=2389"},"modified":"2024-09-30T14:39:52","modified_gmt":"2024-09-30T12:39:52","slug":"garderoobinumbrid-uhekordsed-garderoobinumbrid","status":"publish","type":"page","link":"https:\/\/kolmlovitrykikeskus.ee\/?page_id=2389","title":{"rendered":"Garderoobinumbrid. Paberist, \u00fchekordsed, metallist, plastikust, korduvkasutatavad."},"content":{"rendered":"<p><img loading=\"lazy\" decoding=\"async\" class=\"alignnone wp-image-788 size-full\" src=\"https:\/\/kolmlovitrykikeskus.ee\/wp-content\/uploads\/2024\/01\/prinditavad-garderoobinr.jpg\" alt=\"Prinditavad garderoobinr\" width=\"520\" height=\"363\" srcset=\"https:\/\/kolmlovitrykikeskus.ee\/wp-content\/uploads\/2024\/01\/prinditavad-garderoobinr.jpg 520w, https:\/\/kolmlovitrykikeskus.ee\/wp-content\/uploads\/2024\/01\/prinditavad-garderoobinr-300x209.jpg 300w\" sizes=\"auto, (max-width: 520px) 100vw, 520px\" \/><br \/>\n<em>Paberist v\u00e4rvilised tr\u00fckitavad garderoobinumbrid<\/em><\/p>\n<p>Paberist garderoobinumbreid saab tellida erineva v\u00e4rviga ja\/v\u00f5i kliendi s\u00fcmboolikaga. K\u00fcsi hinnapakkumist: info (at) trykikeskus.ee .<\/p>\n<p><img loading=\"lazy\" decoding=\"async\" class=\"alignnone wp-image-2386\" src=\"https:\/\/kolmlovitrykikeskus.ee\/wp-content\/uploads\/2024\/08\/garderoobi-numbrid.png\" alt=\"\" width=\"520\" height=\"254\" srcset=\"https:\/\/kolmlovitrykikeskus.ee\/wp-content\/uploads\/2024\/08\/garderoobi-numbrid.png 710w, https:\/\/kolmlovitrykikeskus.ee\/wp-content\/uploads\/2024\/08\/garderoobi-numbrid-300x147.png 300w\" sizes=\"auto, (max-width: 520px) 100vw, 520px\" \/><\/p>\n<p><img loading=\"lazy\" decoding=\"async\" class=\"alignnone wp-image-2387 size-medium\" src=\"https:\/\/kolmlovitrykikeskus.ee\/wp-content\/uploads\/2024\/08\/rebitavad-markeeringud-300x225.jpg\" alt=\"\" width=\"300\" height=\"225\" srcset=\"https:\/\/kolmlovitrykikeskus.ee\/wp-content\/uploads\/2024\/08\/rebitavad-markeeringud-300x225.jpg 300w, https:\/\/kolmlovitrykikeskus.ee\/wp-content\/uploads\/2024\/08\/rebitavad-markeeringud.jpg 520w\" sizes=\"auto, (max-width: 300px) 100vw, 300px\" \/><img loading=\"lazy\" decoding=\"async\" class=\"alignnone wp-image-2388 size-medium\" src=\"https:\/\/kolmlovitrykikeskus.ee\/wp-content\/uploads\/2024\/08\/rebitavad-markeeringud2-300x225.jpg\" alt=\"\" width=\"300\" height=\"225\" srcset=\"https:\/\/kolmlovitrykikeskus.ee\/wp-content\/uploads\/2024\/08\/rebitavad-markeeringud2-300x225.jpg 300w, https:\/\/kolmlovitrykikeskus.ee\/wp-content\/uploads\/2024\/08\/rebitavad-markeeringud2.jpg 520w\" sizes=\"auto, (max-width: 300px) 100vw, 300px\" \/><br \/>\n<em>Paberist garderoobinumbrid on lihtsalt rebitavad.<\/em><\/p>\n","protected":false},"excerpt":{"rendered":"<p>Paberist v\u00e4rvilised tr\u00fckitavad garderoobinumbrid Paberist garderoobinumbreid saab tellida erineva v\u00e4rviga ja\/v\u00f5i kliendi s\u00fcmboolikaga. K\u00fcsi hinnapakkumist: info (at) trykikeskus.ee . Paberist garderoobinumbrid on lihtsalt rebitavad.<\/p>\n","protected":false},"author":5,"featured_media":0,"parent":0,"menu_order":0,"comment_status":"closed","ping_status":"closed","template":"","meta":{"footnotes":""},"class_list":["post-2389","page","type-page","status-publish","hentry"],"yoast_head":"<!-- This site is optimized with the Yoast SEO plugin v27.5 - https:\/\/yoast.com\/product\/yoast-seo-wordpress\/ -->\n<title>Garderoobinumbrid. Paberist, \u00fchekordsed, metallist, plastikust, korduvkasutatavad. Kolm L\u00f5vi Tr\u00fckikeskus<\/title>\n<meta name=\"description\" content=\"Paberist \u00fchekordsed garderoobinumbrid, rebitavad garderoobinumbrid, tr\u00fckitavad, garderoobinumbrid, erinevad v\u00e4rvid, riietehoiu numbrid\" \/>\n<meta name=\"robots\" content=\"index, follow, max-snippet:-1, max-image-preview:large, max-video-preview:-1\" \/>\n<link rel=\"canonical\" href=\"https:\/\/kolmlovitrykikeskus.ee\/?page_id=2389\" \/>\n<meta property=\"og:locale\" content=\"et_EE\" \/>\n<meta property=\"og:type\" content=\"article\" \/>\n<meta property=\"og:title\" content=\"Garderoobinumbrid. Paberist, \u00fchekordsed, metallist, plastikust, korduvkasutatavad. Kolm L\u00f5vi Tr\u00fckikeskus\" \/>\n<meta property=\"og:description\" content=\"Paberist \u00fchekordsed garderoobinumbrid, rebitavad garderoobinumbrid, tr\u00fckitavad, garderoobinumbrid, erinevad v\u00e4rvid, riietehoiu numbrid\" \/>\n<meta property=\"og:url\" content=\"https:\/\/kolmlovitrykikeskus.ee\/?page_id=2389\" \/>\n<meta property=\"og:site_name\" content=\"Kolm L\u00f5vi Tr\u00fckikeskus\" \/>\n<meta property=\"article:publisher\" content=\"https:\/\/www.facebook.com\/kolmlovitrykikeskus\" \/>\n<meta property=\"article:modified_time\" content=\"2024-09-30T12:39:52+00:00\" \/>\n<meta property=\"og:image\" content=\"https:\/\/kolmlovitrykikeskus.ee\/wp-content\/uploads\/2024\/01\/prinditavad-garderoobinr.jpg\" \/>\n<meta name=\"twitter:card\" content=\"summary_large_image\" \/>\n<meta name=\"twitter:label1\" content=\"Est. reading time\" \/>\n\t<meta name=\"twitter:data1\" content=\"1 minut\" \/>\n<script type=\"application\/ld+json\" class=\"yoast-schema-graph\">{\"@context\":\"https:\\\/\\\/schema.org\",\"@graph\":[{\"@type\":\"WebPage\",\"@id\":\"https:\\\/\\\/kolmlovitrykikeskus.ee\\\/?page_id=2389\",\"url\":\"https:\\\/\\\/kolmlovitrykikeskus.ee\\\/?page_id=2389\",\"name\":\"Garderoobinumbrid. Paberist, \u00fchekordsed, metallist, plastikust, korduvkasutatavad. Kolm L\u00f5vi Tr\u00fckikeskus\",\"isPartOf\":{\"@id\":\"https:\\\/\\\/kolmlovitrykikeskus.ee\\\/#website\"},\"primaryImageOfPage\":{\"@id\":\"https:\\\/\\\/kolmlovitrykikeskus.ee\\\/?page_id=2389#primaryimage\"},\"image\":{\"@id\":\"https:\\\/\\\/kolmlovitrykikeskus.ee\\\/?page_id=2389#primaryimage\"},\"thumbnailUrl\":\"https:\\\/\\\/kolmlovitrykikeskus.ee\\\/wp-content\\\/uploads\\\/2024\\\/01\\\/prinditavad-garderoobinr.jpg\",\"datePublished\":\"2024-08-26T16:05:49+00:00\",\"dateModified\":\"2024-09-30T12:39:52+00:00\",\"description\":\"Paberist \u00fchekordsed garderoobinumbrid, rebitavad garderoobinumbrid, tr\u00fckitavad, garderoobinumbrid, erinevad v\u00e4rvid, riietehoiu numbrid\",\"breadcrumb\":{\"@id\":\"https:\\\/\\\/kolmlovitrykikeskus.ee\\\/?page_id=2389#breadcrumb\"},\"inLanguage\":\"et\",\"potentialAction\":[{\"@type\":\"ReadAction\",\"target\":[\"https:\\\/\\\/kolmlovitrykikeskus.ee\\\/?page_id=2389\"]}]},{\"@type\":\"ImageObject\",\"inLanguage\":\"et\",\"@id\":\"https:\\\/\\\/kolmlovitrykikeskus.ee\\\/?page_id=2389#primaryimage\",\"url\":\"https:\\\/\\\/kolmlovitrykikeskus.ee\\\/wp-content\\\/uploads\\\/2024\\\/01\\\/prinditavad-garderoobinr.jpg\",\"contentUrl\":\"https:\\\/\\\/kolmlovitrykikeskus.ee\\\/wp-content\\\/uploads\\\/2024\\\/01\\\/prinditavad-garderoobinr.jpg\",\"width\":520,\"height\":363,\"caption\":\"Prinditavad garderoobinr\"},{\"@type\":\"BreadcrumbList\",\"@id\":\"https:\\\/\\\/kolmlovitrykikeskus.ee\\\/?page_id=2389#breadcrumb\",\"itemListElement\":[{\"@type\":\"ListItem\",\"position\":1,\"name\":\"Home\",\"item\":\"https:\\\/\\\/kolmlovitrykikeskus.ee\\\/\"},{\"@type\":\"ListItem\",\"position\":2,\"name\":\"Garderoobinumbrid. Paberist, \u00fchekordsed, metallist, plastikust, korduvkasutatavad.\"}]},{\"@type\":\"WebSite\",\"@id\":\"https:\\\/\\\/kolmlovitrykikeskus.ee\\\/#website\",\"url\":\"https:\\\/\\\/kolmlovitrykikeskus.ee\\\/\",\"name\":\"Kolm L\u00f5vi Tr\u00fckikeskus\",\"description\":\"Leiame lahenduse!\",\"publisher\":{\"@id\":\"https:\\\/\\\/kolmlovitrykikeskus.ee\\\/#organization\"},\"potentialAction\":[{\"@type\":\"SearchAction\",\"target\":{\"@type\":\"EntryPoint\",\"urlTemplate\":\"https:\\\/\\\/kolmlovitrykikeskus.ee\\\/?s={search_term_string}\"},\"query-input\":{\"@type\":\"PropertyValueSpecification\",\"valueRequired\":true,\"valueName\":\"search_term_string\"}}],\"inLanguage\":\"et\"},{\"@type\":\"Organization\",\"@id\":\"https:\\\/\\\/kolmlovitrykikeskus.ee\\\/#organization\",\"name\":\"Kolm L\u00f5vi Tr\u00fckikeskus\",\"url\":\"https:\\\/\\\/kolmlovitrykikeskus.ee\\\/\",\"logo\":{\"@type\":\"ImageObject\",\"inLanguage\":\"et\",\"@id\":\"https:\\\/\\\/kolmlovitrykikeskus.ee\\\/#\\\/schema\\\/logo\\\/image\\\/\",\"url\":\"https:\\\/\\\/kolmlovitrykikeskus.ee\\\/wp-content\\\/uploads\\\/2023\\\/12\\\/cropped-kltk-logo.png\",\"contentUrl\":\"https:\\\/\\\/kolmlovitrykikeskus.ee\\\/wp-content\\\/uploads\\\/2023\\\/12\\\/cropped-kltk-logo.png\",\"width\":640,\"height\":170,\"caption\":\"Kolm L\u00f5vi Tr\u00fckikeskus\"},\"image\":{\"@id\":\"https:\\\/\\\/kolmlovitrykikeskus.ee\\\/#\\\/schema\\\/logo\\\/image\\\/\"},\"sameAs\":[\"https:\\\/\\\/www.facebook.com\\\/kolmlovitrykikeskus\"]}]}<\/script>\n<!-- \/ Yoast SEO plugin. -->","yoast_head_json":{"title":"Garderoobinumbrid. Paberist, \u00fchekordsed, metallist, plastikust, korduvkasutatavad. Kolm L\u00f5vi Tr\u00fckikeskus","description":"Paberist \u00fchekordsed garderoobinumbrid, rebitavad garderoobinumbrid, tr\u00fckitavad, garderoobinumbrid, erinevad v\u00e4rvid, riietehoiu numbrid","robots":{"index":"index","follow":"follow","max-snippet":"max-snippet:-1","max-image-preview":"max-image-preview:large","max-video-preview":"max-video-preview:-1"},"canonical":"https:\/\/kolmlovitrykikeskus.ee\/?page_id=2389","og_locale":"et_EE","og_type":"article","og_title":"Garderoobinumbrid. Paberist, \u00fchekordsed, metallist, plastikust, korduvkasutatavad. Kolm L\u00f5vi Tr\u00fckikeskus","og_description":"Paberist \u00fchekordsed garderoobinumbrid, rebitavad garderoobinumbrid, tr\u00fckitavad, garderoobinumbrid, erinevad v\u00e4rvid, riietehoiu numbrid","og_url":"https:\/\/kolmlovitrykikeskus.ee\/?page_id=2389","og_site_name":"Kolm L\u00f5vi Tr\u00fckikeskus","article_publisher":"https:\/\/www.facebook.com\/kolmlovitrykikeskus","article_modified_time":"2024-09-30T12:39:52+00:00","og_image":[{"url":"https:\/\/kolmlovitrykikeskus.ee\/wp-content\/uploads\/2024\/01\/prinditavad-garderoobinr.jpg","type":"","width":"","height":""}],"twitter_card":"summary_large_image","twitter_misc":{"Est. reading time":"1 minut"},"schema":{"@context":"https:\/\/schema.org","@graph":[{"@type":"WebPage","@id":"https:\/\/kolmlovitrykikeskus.ee\/?page_id=2389","url":"https:\/\/kolmlovitrykikeskus.ee\/?page_id=2389","name":"Garderoobinumbrid. Paberist, \u00fchekordsed, metallist, plastikust, korduvkasutatavad. Kolm L\u00f5vi Tr\u00fckikeskus","isPartOf":{"@id":"https:\/\/kolmlovitrykikeskus.ee\/#website"},"primaryImageOfPage":{"@id":"https:\/\/kolmlovitrykikeskus.ee\/?page_id=2389#primaryimage"},"image":{"@id":"https:\/\/kolmlovitrykikeskus.ee\/?page_id=2389#primaryimage"},"thumbnailUrl":"https:\/\/kolmlovitrykikeskus.ee\/wp-content\/uploads\/2024\/01\/prinditavad-garderoobinr.jpg","datePublished":"2024-08-26T16:05:49+00:00","dateModified":"2024-09-30T12:39:52+00:00","description":"Paberist \u00fchekordsed garderoobinumbrid, rebitavad garderoobinumbrid, tr\u00fckitavad, garderoobinumbrid, erinevad v\u00e4rvid, riietehoiu numbrid","breadcrumb":{"@id":"https:\/\/kolmlovitrykikeskus.ee\/?page_id=2389#breadcrumb"},"inLanguage":"et","potentialAction":[{"@type":"ReadAction","target":["https:\/\/kolmlovitrykikeskus.ee\/?page_id=2389"]}]},{"@type":"ImageObject","inLanguage":"et","@id":"https:\/\/kolmlovitrykikeskus.ee\/?page_id=2389#primaryimage","url":"https:\/\/kolmlovitrykikeskus.ee\/wp-content\/uploads\/2024\/01\/prinditavad-garderoobinr.jpg","contentUrl":"https:\/\/kolmlovitrykikeskus.ee\/wp-content\/uploads\/2024\/01\/prinditavad-garderoobinr.jpg","width":520,"height":363,"caption":"Prinditavad garderoobinr"},{"@type":"BreadcrumbList","@id":"https:\/\/kolmlovitrykikeskus.ee\/?page_id=2389#breadcrumb","itemListElement":[{"@type":"ListItem","position":1,"name":"Home","item":"https:\/\/kolmlovitrykikeskus.ee\/"},{"@type":"ListItem","position":2,"name":"Garderoobinumbrid. Paberist, \u00fchekordsed, metallist, plastikust, korduvkasutatavad."}]},{"@type":"WebSite","@id":"https:\/\/kolmlovitrykikeskus.ee\/#website","url":"https:\/\/kolmlovitrykikeskus.ee\/","name":"Kolm L\u00f5vi Tr\u00fckikeskus","description":"Leiame lahenduse!","publisher":{"@id":"https:\/\/kolmlovitrykikeskus.ee\/#organization"},"potentialAction":[{"@type":"SearchAction","target":{"@type":"EntryPoint","urlTemplate":"https:\/\/kolmlovitrykikeskus.ee\/?s={search_term_string}"},"query-input":{"@type":"PropertyValueSpecification","valueRequired":true,"valueName":"search_term_string"}}],"inLanguage":"et"},{"@type":"Organization","@id":"https:\/\/kolmlovitrykikeskus.ee\/#organization","name":"Kolm L\u00f5vi Tr\u00fckikeskus","url":"https:\/\/kolmlovitrykikeskus.ee\/","logo":{"@type":"ImageObject","inLanguage":"et","@id":"https:\/\/kolmlovitrykikeskus.ee\/#\/schema\/logo\/image\/","url":"https:\/\/kolmlovitrykikeskus.ee\/wp-content\/uploads\/2023\/12\/cropped-kltk-logo.png","contentUrl":"https:\/\/kolmlovitrykikeskus.ee\/wp-content\/uploads\/2023\/12\/cropped-kltk-logo.png","width":640,"height":170,"caption":"Kolm L\u00f5vi Tr\u00fckikeskus"},"image":{"@id":"https:\/\/kolmlovitrykikeskus.ee\/#\/schema\/logo\/image\/"},"sameAs":["https:\/\/www.facebook.com\/kolmlovitrykikeskus"]}]}},"_links":{"self":[{"href":"https:\/\/kolmlovitrykikeskus.ee\/index.php?rest_route=\/wp\/v2\/pages\/2389","targetHints":{"allow":["GET"]}}],"collection":[{"href":"https:\/\/kolmlovitrykikeskus.ee\/index.php?rest_route=\/wp\/v2\/pages"}],"about":[{"href":"https:\/\/kolmlovitrykikeskus.ee\/index.php?rest_route=\/wp\/v2\/types\/page"}],"author":[{"embeddable":true,"href":"https:\/\/kolmlovitrykikeskus.ee\/index.php?rest_route=\/wp\/v2\/users\/5"}],"replies":[{"embeddable":true,"href":"https:\/\/kolmlovitrykikeskus.ee\/index.php?rest_route=%2Fwp%2Fv2%2Fcomments&post=2389"}],"version-history":[{"count":9,"href":"https:\/\/kolmlovitrykikeskus.ee\/index.php?rest_route=\/wp\/v2\/pages\/2389\/revisions"}],"predecessor-version":[{"id":3421,"href":"https:\/\/kolmlovitrykikeskus.ee\/index.php?rest_route=\/wp\/v2\/pages\/2389\/revisions\/3421"}],"wp:attachment":[{"href":"https:\/\/kolmlovitrykikeskus.ee\/index.php?rest_route=%2Fwp%2Fv2%2Fmedia&parent=2389"}],"curies":[{"name":"wp","href":"https:\/\/api.w.org\/{rel}","templated":true}]}}