{"id":2282,"date":"2024-08-26T16:12:02","date_gmt":"2024-08-26T14:12:02","guid":{"rendered":"https:\/\/kolmlovitrykikeskus.ee\/?page_id=2282"},"modified":"2024-12-16T09:29:00","modified_gmt":"2024-12-16T07:29:00","slug":"marc-bric-messilahendused","status":"publish","type":"page","link":"https:\/\/kolmlovitrykikeskus.ee\/?page_id=2282","title":{"rendered":"Marc Bric messilahendused"},"content":{"rendered":"<p><img loading=\"lazy\" decoding=\"async\" class=\"alignnone size-medium wp-image-2284\" src=\"https:\/\/kolmlovitrykikeskus.ee\/wp-content\/uploads\/2024\/08\/mark-bric-300x291.jpg\" alt=\"\" width=\"300\" height=\"291\" srcset=\"https:\/\/kolmlovitrykikeskus.ee\/wp-content\/uploads\/2024\/08\/mark-bric-300x291.jpg 300w, https:\/\/kolmlovitrykikeskus.ee\/wp-content\/uploads\/2024\/08\/mark-bric.jpg 589w\" sizes=\"auto, (max-width: 300px) 100vw, 300px\" \/><\/p>\n<p>Pakume ka erinevaid mobiilseid ekspositsioonis\u00fcsteeme firmalt Mark Bric, mis aitavad Sul oma m\u00fc\u00fcgisaali, tooteesitlust, messiboksi v\u00f5i kliendi\u00fcritust silmapaistvamaks muuta. Lisaks pakutavatele raamidele, kinnitustele, b\u00e4nners\u00fcsteemidele ja tugijalgadele valmistame neisse kogu vajaliku tr\u00fckimaterjali (pildid, plakatid, kangad jms).<\/p>\n<p>Mark Bric asutati 1971. aastal ning on t\u00e4naseks kasvanud \u00fcheks juhtivaks v\u00e4ljapanekute ja messistendide materjalide v\u00e4ljaarendajaks ja tarnijaks. Firma eesm\u00e4rk on olla juhtiv kvaliteetsete v\u00e4ljapaneku- ja ekspositsioonis\u00fcsteemide tootja, kaasaegsete ja innovatiivsete lahenduste pakkuja m\u00e4rgistamise, jaekaubanduse ja n\u00e4ituste korraldamisega seotud t\u00f6\u00f6stuses. K\u00f5ik Mark Bric tooted on valmistatud k\u00f5rgemate standardite kohaselt ning parimatest saadavalolevatest materjalidest.<\/p>\n<ul style=\"list-style-type: disc;\">\n<li><strong>BannerUp<\/strong> on kokkukeriva ruloo p\u00f5him\u00f5ttel t\u00f6\u00f6tav b\u00e4nners\u00fcsteem. Tegemist on ideaalse ekspositsioonis\u00fcsteemiga kiireteks presentatsioonideks, n\u00e4itustel, m\u00fc\u00fcgi\u00fcritustel jne. B\u00e4nneri graafika vahetamiseks lihtsalt libista graafika rullmehhanismiga kasseti v\u00e4limisest avast sisse &#8211; ei ole vaja ise rullida ega kassetti avada. Laius 88cm ning \u00fclespanduna k\u00f5rgus 212cm. Kaal 6 kg. Komplekti kuulub kandekott sisepolstriga, mis kaitseb p\u00f5rutuste ja vigastuste eest, \u00fcks paar kinnitusprofiile ning tugipost. Tehasegarantii 10 aastat.<\/li>\n<\/ul>\n<p><img loading=\"lazy\" decoding=\"async\" class=\"alignnone size-medium wp-image-2300\" src=\"https:\/\/kolmlovitrykikeskus.ee\/wp-content\/uploads\/2024\/08\/Schwarzkopf_5296-201x300.jpg\" alt=\"\" width=\"201\" height=\"300\" srcset=\"https:\/\/kolmlovitrykikeskus.ee\/wp-content\/uploads\/2024\/08\/Schwarzkopf_5296-201x300.jpg 201w, https:\/\/kolmlovitrykikeskus.ee\/wp-content\/uploads\/2024\/08\/Schwarzkopf_5296.jpg 335w\" sizes=\"auto, (max-width: 201px) 100vw, 201px\" \/><img loading=\"lazy\" decoding=\"async\" class=\"alignnone size-medium wp-image-2301\" src=\"https:\/\/kolmlovitrykikeskus.ee\/wp-content\/uploads\/2024\/08\/Schwarzkopf_5343-201x300.jpg\" alt=\"\" width=\"201\" height=\"300\" srcset=\"https:\/\/kolmlovitrykikeskus.ee\/wp-content\/uploads\/2024\/08\/Schwarzkopf_5343-201x300.jpg 201w, https:\/\/kolmlovitrykikeskus.ee\/wp-content\/uploads\/2024\/08\/Schwarzkopf_5343.jpg 335w\" sizes=\"auto, (max-width: 201px) 100vw, 201px\" \/><br \/>\n<em>BannerUp&#8217;i \u00fcles seadmisega saab hakkama ka \u00fcks inimene<\/em><\/p>\n<p><img loading=\"lazy\" decoding=\"async\" class=\"alignnone size-medium wp-image-2299\" src=\"https:\/\/kolmlovitrykikeskus.ee\/wp-content\/uploads\/2024\/08\/BannerUp-kassett-300x126.jpg\" alt=\"\" width=\"300\" height=\"126\" srcset=\"https:\/\/kolmlovitrykikeskus.ee\/wp-content\/uploads\/2024\/08\/BannerUp-kassett-300x126.jpg 300w, https:\/\/kolmlovitrykikeskus.ee\/wp-content\/uploads\/2024\/08\/BannerUp-kassett.jpg 472w\" sizes=\"auto, (max-width: 300px) 100vw, 300px\" \/><br \/>\n<em>Vastupidav kassett kaitseb b\u00e4nnerit ja kerimismehhanismi p\u00f5rutuste ja kahjustuste eest \u2013 eriti paks alumiinium (1,8mm\/0,070&#8221;) teeb sellest turu k\u00f5ige vastupidavama toote.<\/em><\/p>\n<ul style=\"list-style-type: disc;\">\n<li><strong>MultiMaster&#8217;i<\/strong> n\u00e4ol on tegemist postritele, b\u00e4nneritele, plastiktahvlitele ja raamidele m\u00f5eldud tugijalaga &#8211; \u00fcks vastupidav ning stabiilne kolmikjalg erineva suurusega erinevatele materjalidele. T\u00e4nu multifunktsionaalsele teleskoopjalale on MultiMaster reguleeritav kuni 3m k\u00f5rguseks. Laius kuni 115cm ning s\u00fcgavus 66cm. Kaal 3,4 kg. Komplektis on mugav kandekott, milles on ruumi ka graafika jaoks, ning tugijalg koos \u00fche paari Multi-kinnitustega. Tehasegarantii 5 aastat.<\/li>\n<\/ul>\n<p><img loading=\"lazy\" decoding=\"async\" class=\"alignnone wp-image-2298\" src=\"https:\/\/kolmlovitrykikeskus.ee\/wp-content\/uploads\/2024\/08\/MultiMaster3.jpg\" alt=\"\" width=\"146\" height=\"310\" \/>\u00a0 \u00a0 \u00a0 \u00a0 \u00a0 \u00a0 \u00a0 \u00a0 \u00a0 \u00a0 \u00a0 \u00a0 \u00a0 \u00a0 \u00a0 \u00a0 \u00a0 \u00a0<img loading=\"lazy\" decoding=\"async\" class=\"alignnone size-medium wp-image-2297\" src=\"https:\/\/kolmlovitrykikeskus.ee\/wp-content\/uploads\/2024\/08\/multimaster_uus-146x300.jpg\" alt=\"\" width=\"146\" height=\"300\" srcset=\"https:\/\/kolmlovitrykikeskus.ee\/wp-content\/uploads\/2024\/08\/multimaster_uus-146x300.jpg 146w, https:\/\/kolmlovitrykikeskus.ee\/wp-content\/uploads\/2024\/08\/multimaster_uus.jpg 180w\" sizes=\"auto, (max-width: 146px) 100vw, 146px\" \/><br \/>\n<em>MultiMaster koos FlexiFrame raamiga, MultiMaster koos tekstiilb\u00e4nneriga<\/em><\/p>\n<ul style=\"list-style-type: disc;\">\n<li><strong>Flexiframe<\/strong> on ideaalne vahetatavate piltidega raamis\u00fcsteem, millel on v\u00e4ga lai kasutusvaldkond. Moodulitest koosnevad Flexiframe raamid on lihtsalt \u00fcmberehitatavad ja kohaldatavad. V\u00f5imaldab kasutada erinevaid paneele ja graafilisi materjale paksusega kuni 5,5mm. Kasutaja jaoks on Flexiframe efektiivne t\u00f6\u00f6riist oma s\u00f5numi edastamiseks n\u00e4itustel, messidel, vaateakendel, m\u00fc\u00fcgiedendamise kampaaniates jne. Lai suuruse ja v\u00e4rvivalik. Raamid saab iminappade ja konksude abil lihtsalt kinnitada klaasile, seinale v\u00f5i lakke. Tehasegarantii 5 aastat.<\/li>\n<\/ul>\n<p><img loading=\"lazy\" decoding=\"async\" class=\"alignnone wp-image-2296\" src=\"https:\/\/kolmlovitrykikeskus.ee\/wp-content\/uploads\/2024\/08\/Flexiframe-suuruste_valik.jpg\" alt=\"\" width=\"288\" height=\"282\" \/> <img loading=\"lazy\" decoding=\"async\" class=\"alignnone size-full wp-image-2295\" src=\"https:\/\/kolmlovitrykikeskus.ee\/wp-content\/uploads\/2024\/08\/tugijalad1.jpg\" alt=\"\" width=\"198\" height=\"283\" \/><img loading=\"lazy\" decoding=\"async\" class=\"alignnone size-full wp-image-2302\" src=\"https:\/\/kolmlovitrykikeskus.ee\/wp-content\/uploads\/2024\/08\/tugijalad2.jpg\" alt=\"\" width=\"198\" height=\"283\" \/><br \/>\n<em>Erinevad suurused, raame saab kasutada koos erinevate tugijalgadega<\/em><\/p>\n<ul style=\"list-style-type: disc;\">\n<li><strong>SnapUp<\/strong> on ideaalne ekspositsioonis\u00fcsteem suurem\u00f5\u00f5dulise graafika jaoks. Geniaalne magnetkinnitus teeb selle <em>pop-up<\/em> s\u00fcsteemi \u00fclespaneku ja mahav\u00f5tmise eriti lihtsaks, kiireks ja mugavaks. Graafika kinnitatakse silindrilise, kaarja v\u00f5i kumera kujuga raamistikule magnetitega (MagnetPro kinnitus). Ka raam ise on kergelt kokkupandav. SnapUp s\u00fcsteem on saadaval kolmes erim\u00f5\u00f5dus ja hinnas: MP1, MP2 ja MP Value, neist suurima m\u00f5\u00f5tmed on 2,875 x 2,255 m. Komplekti kuulub raamkonstruktsioon, magnetribad, komplekt alumisi ja \u00fclemisi plastikust kinnitusliistakuid, magnetteip ja kott. Tehasegarantii 10 aastat.<\/li>\n<\/ul>\n<p><img loading=\"lazy\" decoding=\"async\" class=\"alignnone size-full wp-image-2294\" src=\"https:\/\/kolmlovitrykikeskus.ee\/wp-content\/uploads\/2024\/08\/SnapUp-samm1.jpg\" alt=\"\" width=\"185\" height=\"250\" \/> <img loading=\"lazy\" decoding=\"async\" class=\"alignnone size-full wp-image-2293\" src=\"https:\/\/kolmlovitrykikeskus.ee\/wp-content\/uploads\/2024\/08\/SnapUp-samm2.jpg\" alt=\"\" width=\"188\" height=\"250\" \/> <img loading=\"lazy\" decoding=\"async\" class=\"alignnone size-full wp-image-2292\" src=\"https:\/\/kolmlovitrykikeskus.ee\/wp-content\/uploads\/2024\/08\/SnapUp-samm3.jpg\" alt=\"\" width=\"217\" height=\"250\" \/><br \/>\n<em>SnapUp&#8217;i \u00fcles seadmine samm-sammult<\/em><\/p>\n<ul style=\"list-style-type: disc;\">\n<li><strong>SnappyFrame<\/strong> on elegantne alumiiniumraam, mille k\u00f5ik k\u00fcljed on eest avatavad. Postreid ja pilte saab h\u00f5lpsalt vahetada raami seina pealt mahav\u00f5tmata &#8211; see on mugav, kiire ja praktiline. Raam on valmistatud k\u00f5rgekvaliteedilisest anodeeritud alumiiniumist. Saadaval viies erinevas suuruses. Komplekti kuuluvad esi- ja tagapaneel ning seinakinnitused.<\/li>\n<\/ul>\n<p><img loading=\"lazy\" decoding=\"async\" class=\"alignnone size-medium wp-image-2291\" src=\"https:\/\/kolmlovitrykikeskus.ee\/wp-content\/uploads\/2024\/08\/snappyposter-300x113.jpg\" alt=\"\" width=\"300\" height=\"113\" srcset=\"https:\/\/kolmlovitrykikeskus.ee\/wp-content\/uploads\/2024\/08\/snappyposter-300x113.jpg 300w, https:\/\/kolmlovitrykikeskus.ee\/wp-content\/uploads\/2024\/08\/snappyposter-768x290.jpg 768w, https:\/\/kolmlovitrykikeskus.ee\/wp-content\/uploads\/2024\/08\/snappyposter.jpg 794w\" sizes=\"auto, (max-width: 300px) 100vw, 300px\" \/><br \/>\n<em>SnappyFrame&#8217;i paigaldamine samm-sammult<\/em><\/p>\n<ul style=\"list-style-type: disc;\">\n<li><strong>BannerRail<\/strong> on parim v\u00f5imalus reklaamviitade, b\u00e4nnerite ja postrite lihtsaks, odavaks ja professionaalseks paigaldamiseks kaupluste vaateakendele, ostukeskustesse, pankadesse, reisib\u00fcroodesse jne. Kinnitusprofiile kinnitatakse unikaalse snap-lock s\u00fcsteemiga. Saadaval laiustes 70, 84, 100 ja 118,9cm. Kinnitusprofiili komplekt sisaldab alumist ja \u00fclemist profiili, 4 profiili otsakaitset ja 4 rippkonksu. Profiili vahele on v\u00f5imalik kinnitada kuni 0,4mm paksusega graafikat.<\/li>\n<\/ul>\n<p><img loading=\"lazy\" decoding=\"async\" class=\"alignnone size-full wp-image-2290\" src=\"https:\/\/kolmlovitrykikeskus.ee\/wp-content\/uploads\/2024\/08\/BannerRail-graafika_kinnita.jpg\" alt=\"\" width=\"223\" height=\"199\" \/><br \/>\n<em>Graafika kinnitamine<\/em><\/p>\n<ul style=\"list-style-type: disc;\">\n<li><strong>Impression<\/strong> on teine kvaliteetne b\u00e4nneri jalg, mille valmistamisel on kasutatud parimaid saadavalolevaid materjale. \u00c4\u00e4rmiselt kiire \u00fclespanek ning \u00fcllatav stabiilsus. Impression on saadaval kahes versioonis: 1) reklaammaterjali kinnituseks kasutatakse eriti tugeva kahepoolse teibiga varustatud alumiiniumprofiili, 2) unikaalse kiirkinnitusega (<em>snap-lock<\/em>) alumiiniumprofiil.<\/li>\n<\/ul>\n<p><img loading=\"lazy\" decoding=\"async\" class=\"alignnone size-medium wp-image-2289\" src=\"https:\/\/kolmlovitrykikeskus.ee\/wp-content\/uploads\/2024\/08\/Imp2_3566-201x300.jpg\" alt=\"\" width=\"201\" height=\"300\" srcset=\"https:\/\/kolmlovitrykikeskus.ee\/wp-content\/uploads\/2024\/08\/Imp2_3566-201x300.jpg 201w, https:\/\/kolmlovitrykikeskus.ee\/wp-content\/uploads\/2024\/08\/Imp2_3566-685x1024.jpg 685w, https:\/\/kolmlovitrykikeskus.ee\/wp-content\/uploads\/2024\/08\/Imp2_3566-768x1147.jpg 768w, https:\/\/kolmlovitrykikeskus.ee\/wp-content\/uploads\/2024\/08\/Imp2_3566-1028x1536.jpg 1028w, https:\/\/kolmlovitrykikeskus.ee\/wp-content\/uploads\/2024\/08\/Imp2_3566-1371x2048.jpg 1371w, https:\/\/kolmlovitrykikeskus.ee\/wp-content\/uploads\/2024\/08\/Imp2_3566-1800x2689.jpg 1800w, https:\/\/kolmlovitrykikeskus.ee\/wp-content\/uploads\/2024\/08\/Imp2_3566-scaled.jpg 1714w\" sizes=\"auto, (max-width: 201px) 100vw, 201px\" \/> <img loading=\"lazy\" decoding=\"async\" class=\"alignnone size-medium wp-image-2288\" src=\"https:\/\/kolmlovitrykikeskus.ee\/wp-content\/uploads\/2024\/08\/Imp2_3571-201x300.jpg\" alt=\"\" width=\"201\" height=\"300\" srcset=\"https:\/\/kolmlovitrykikeskus.ee\/wp-content\/uploads\/2024\/08\/Imp2_3571-201x300.jpg 201w, https:\/\/kolmlovitrykikeskus.ee\/wp-content\/uploads\/2024\/08\/Imp2_3571.jpg 402w\" sizes=\"auto, (max-width: 201px) 100vw, 201px\" \/> <img loading=\"lazy\" decoding=\"async\" class=\"alignnone size-medium wp-image-2287\" src=\"https:\/\/kolmlovitrykikeskus.ee\/wp-content\/uploads\/2024\/08\/Imp2_3582-201x300.jpg\" alt=\"\" width=\"201\" height=\"300\" srcset=\"https:\/\/kolmlovitrykikeskus.ee\/wp-content\/uploads\/2024\/08\/Imp2_3582-201x300.jpg 201w, https:\/\/kolmlovitrykikeskus.ee\/wp-content\/uploads\/2024\/08\/Imp2_3582-685x1024.jpg 685w, https:\/\/kolmlovitrykikeskus.ee\/wp-content\/uploads\/2024\/08\/Imp2_3582-768x1147.jpg 768w, https:\/\/kolmlovitrykikeskus.ee\/wp-content\/uploads\/2024\/08\/Imp2_3582-1028x1536.jpg 1028w, https:\/\/kolmlovitrykikeskus.ee\/wp-content\/uploads\/2024\/08\/Imp2_3582-1371x2048.jpg 1371w, https:\/\/kolmlovitrykikeskus.ee\/wp-content\/uploads\/2024\/08\/Imp2_3582-1800x2689.jpg 1800w, https:\/\/kolmlovitrykikeskus.ee\/wp-content\/uploads\/2024\/08\/Imp2_3582-scaled.jpg 1714w\" sizes=\"auto, (max-width: 201px) 100vw, 201px\" \/><br \/>\n<em>Impression b\u00e4nnerijala \u00fcles seadmine samm-sammult<\/em><\/p>\n<ul style=\"list-style-type: disc;\">\n<li><strong>SwingUp<\/strong> on kokkupandav riiul reklaammaterjalide organiseerimiseks ja jagamiseks. Ideaalne lahendus n\u00e4itustel, messidel, n\u00e4idistesaalides, vastuv\u00f5ttudel jne. Komplektis on vastupidav nailonkott. \u00dclespanduna on riiuli m\u00f5\u00f5tmed 24 (laius) x 147 (k\u00f5rgus) x 55 (s\u00fcgavus) cm, kaal 8,9 kg, 5 riiulit max A4 formaadis materjalide jaoks.<\/li>\n<\/ul>\n<p><img loading=\"lazy\" decoding=\"async\" class=\"alignnone size-medium wp-image-2286\" src=\"https:\/\/kolmlovitrykikeskus.ee\/wp-content\/uploads\/2024\/08\/SwingUp_kott-300x227.jpg\" alt=\"\" width=\"300\" height=\"227\" srcset=\"https:\/\/kolmlovitrykikeskus.ee\/wp-content\/uploads\/2024\/08\/SwingUp_kott-300x227.jpg 300w, https:\/\/kolmlovitrykikeskus.ee\/wp-content\/uploads\/2024\/08\/SwingUp_kott.jpg 330w\" sizes=\"auto, (max-width: 300px) 100vw, 300px\" \/> <img loading=\"lazy\" decoding=\"async\" class=\"alignnone size-full wp-image-2285\" src=\"https:\/\/kolmlovitrykikeskus.ee\/wp-content\/uploads\/2024\/08\/SwingUp3.jpg\" alt=\"\" width=\"180\" height=\"279\" \/><br \/>\nRiiul kokkupanduna ja kandekott. SwingUp riiuli \u00fclespanekuga saab hakkama ka \u00fcks inimene. SwingUp \u00fclespanduna<\/p>\n<p>Lisainfo http:\/\/<a href=\"http:\/\/www.markbricdisplay.com\">www.markbricdisplay.com<\/a><\/p>\n","protected":false},"excerpt":{"rendered":"<p>Pakume ka erinevaid mobiilseid ekspositsioonis\u00fcsteeme firmalt Mark Bric, mis aitavad Sul oma m\u00fc\u00fcgisaali, tooteesitlust, messiboksi v\u00f5i kliendi\u00fcritust silmapaistvamaks muuta. Lisaks pakutavatele raamidele, kinnitustele, b\u00e4nners\u00fcsteemidele ja [&#8230;]<\/p>\n","protected":false},"author":5,"featured_media":0,"parent":0,"menu_order":0,"comment_status":"closed","ping_status":"closed","template":"","meta":{"footnotes":""},"class_list":["post-2282","page","type-page","status-publish","hentry"],"yoast_head":"<!-- This site is optimized with the Yoast SEO plugin v27.4 - https:\/\/yoast.com\/product\/yoast-seo-wordpress\/ -->\n<title>Marc Bric messilahendused - Kolm L\u00f5vi Tr\u00fckikeskus<\/title>\n<meta name=\"description\" content=\"Marc Bric messim\u00f6\u00f6bel messistend stend rollup b\u00e4nner Kolm L\u00f5vi Tr\u00fckikeskus Marc Bric messilahendused\" \/>\n<meta name=\"robots\" content=\"index, follow, max-snippet:-1, max-image-preview:large, max-video-preview:-1\" \/>\n<link rel=\"canonical\" href=\"https:\/\/kolmlovitrykikeskus.ee\/?page_id=2282\" \/>\n<meta property=\"og:locale\" content=\"et_EE\" \/>\n<meta property=\"og:type\" content=\"article\" \/>\n<meta property=\"og:title\" content=\"Marc Bric messilahendused - Kolm L\u00f5vi Tr\u00fckikeskus\" \/>\n<meta property=\"og:description\" content=\"Marc Bric messim\u00f6\u00f6bel messistend stend rollup b\u00e4nner Kolm L\u00f5vi Tr\u00fckikeskus Marc Bric messilahendused\" \/>\n<meta property=\"og:url\" content=\"https:\/\/kolmlovitrykikeskus.ee\/?page_id=2282\" \/>\n<meta property=\"og:site_name\" content=\"Kolm L\u00f5vi Tr\u00fckikeskus\" \/>\n<meta property=\"article:publisher\" content=\"https:\/\/www.facebook.com\/kolmlovitrykikeskus\" \/>\n<meta property=\"article:modified_time\" content=\"2024-12-16T07:29:00+00:00\" \/>\n<meta property=\"og:image\" content=\"https:\/\/kolmlovitrykikeskus.ee\/wp-content\/uploads\/2024\/08\/mark-bric.jpg\" \/>\n\t<meta property=\"og:image:width\" content=\"589\" \/>\n\t<meta property=\"og:image:height\" content=\"572\" \/>\n\t<meta property=\"og:image:type\" content=\"image\/jpeg\" \/>\n<meta name=\"twitter:card\" content=\"summary_large_image\" \/>\n<meta name=\"twitter:label1\" content=\"Est. reading time\" \/>\n\t<meta name=\"twitter:data1\" content=\"8 minutit\" \/>\n<script type=\"application\/ld+json\" class=\"yoast-schema-graph\">{\"@context\":\"https:\\\/\\\/schema.org\",\"@graph\":[{\"@type\":\"WebPage\",\"@id\":\"https:\\\/\\\/kolmlovitrykikeskus.ee\\\/?page_id=2282\",\"url\":\"https:\\\/\\\/kolmlovitrykikeskus.ee\\\/?page_id=2282\",\"name\":\"Marc Bric messilahendused - Kolm L\u00f5vi Tr\u00fckikeskus\",\"isPartOf\":{\"@id\":\"https:\\\/\\\/kolmlovitrykikeskus.ee\\\/#website\"},\"primaryImageOfPage\":{\"@id\":\"https:\\\/\\\/kolmlovitrykikeskus.ee\\\/?page_id=2282#primaryimage\"},\"image\":{\"@id\":\"https:\\\/\\\/kolmlovitrykikeskus.ee\\\/?page_id=2282#primaryimage\"},\"thumbnailUrl\":\"https:\\\/\\\/kolmlovitrykikeskus.ee\\\/wp-content\\\/uploads\\\/2024\\\/08\\\/mark-bric-300x291.jpg\",\"datePublished\":\"2024-08-26T14:12:02+00:00\",\"dateModified\":\"2024-12-16T07:29:00+00:00\",\"description\":\"Marc Bric messim\u00f6\u00f6bel messistend stend rollup b\u00e4nner Kolm L\u00f5vi Tr\u00fckikeskus Marc Bric messilahendused\",\"breadcrumb\":{\"@id\":\"https:\\\/\\\/kolmlovitrykikeskus.ee\\\/?page_id=2282#breadcrumb\"},\"inLanguage\":\"et\",\"potentialAction\":[{\"@type\":\"ReadAction\",\"target\":[\"https:\\\/\\\/kolmlovitrykikeskus.ee\\\/?page_id=2282\"]}]},{\"@type\":\"ImageObject\",\"inLanguage\":\"et\",\"@id\":\"https:\\\/\\\/kolmlovitrykikeskus.ee\\\/?page_id=2282#primaryimage\",\"url\":\"https:\\\/\\\/kolmlovitrykikeskus.ee\\\/wp-content\\\/uploads\\\/2024\\\/08\\\/mark-bric.jpg\",\"contentUrl\":\"https:\\\/\\\/kolmlovitrykikeskus.ee\\\/wp-content\\\/uploads\\\/2024\\\/08\\\/mark-bric.jpg\",\"width\":589,\"height\":572},{\"@type\":\"BreadcrumbList\",\"@id\":\"https:\\\/\\\/kolmlovitrykikeskus.ee\\\/?page_id=2282#breadcrumb\",\"itemListElement\":[{\"@type\":\"ListItem\",\"position\":1,\"name\":\"Home\",\"item\":\"https:\\\/\\\/kolmlovitrykikeskus.ee\\\/\"},{\"@type\":\"ListItem\",\"position\":2,\"name\":\"Marc Bric messilahendused\"}]},{\"@type\":\"WebSite\",\"@id\":\"https:\\\/\\\/kolmlovitrykikeskus.ee\\\/#website\",\"url\":\"https:\\\/\\\/kolmlovitrykikeskus.ee\\\/\",\"name\":\"Kolm L\u00f5vi Tr\u00fckikeskus\",\"description\":\"Leiame lahenduse!\",\"publisher\":{\"@id\":\"https:\\\/\\\/kolmlovitrykikeskus.ee\\\/#organization\"},\"potentialAction\":[{\"@type\":\"SearchAction\",\"target\":{\"@type\":\"EntryPoint\",\"urlTemplate\":\"https:\\\/\\\/kolmlovitrykikeskus.ee\\\/?s={search_term_string}\"},\"query-input\":{\"@type\":\"PropertyValueSpecification\",\"valueRequired\":true,\"valueName\":\"search_term_string\"}}],\"inLanguage\":\"et\"},{\"@type\":\"Organization\",\"@id\":\"https:\\\/\\\/kolmlovitrykikeskus.ee\\\/#organization\",\"name\":\"Kolm L\u00f5vi Tr\u00fckikeskus\",\"url\":\"https:\\\/\\\/kolmlovitrykikeskus.ee\\\/\",\"logo\":{\"@type\":\"ImageObject\",\"inLanguage\":\"et\",\"@id\":\"https:\\\/\\\/kolmlovitrykikeskus.ee\\\/#\\\/schema\\\/logo\\\/image\\\/\",\"url\":\"https:\\\/\\\/kolmlovitrykikeskus.ee\\\/wp-content\\\/uploads\\\/2023\\\/12\\\/cropped-kltk-logo.png\",\"contentUrl\":\"https:\\\/\\\/kolmlovitrykikeskus.ee\\\/wp-content\\\/uploads\\\/2023\\\/12\\\/cropped-kltk-logo.png\",\"width\":640,\"height\":170,\"caption\":\"Kolm L\u00f5vi Tr\u00fckikeskus\"},\"image\":{\"@id\":\"https:\\\/\\\/kolmlovitrykikeskus.ee\\\/#\\\/schema\\\/logo\\\/image\\\/\"},\"sameAs\":[\"https:\\\/\\\/www.facebook.com\\\/kolmlovitrykikeskus\"]}]}<\/script>\n<!-- \/ Yoast SEO plugin. -->","yoast_head_json":{"title":"Marc Bric messilahendused - Kolm L\u00f5vi Tr\u00fckikeskus","description":"Marc Bric messim\u00f6\u00f6bel messistend stend rollup b\u00e4nner Kolm L\u00f5vi Tr\u00fckikeskus Marc Bric messilahendused","robots":{"index":"index","follow":"follow","max-snippet":"max-snippet:-1","max-image-preview":"max-image-preview:large","max-video-preview":"max-video-preview:-1"},"canonical":"https:\/\/kolmlovitrykikeskus.ee\/?page_id=2282","og_locale":"et_EE","og_type":"article","og_title":"Marc Bric messilahendused - Kolm L\u00f5vi Tr\u00fckikeskus","og_description":"Marc Bric messim\u00f6\u00f6bel messistend stend rollup b\u00e4nner Kolm L\u00f5vi Tr\u00fckikeskus Marc Bric messilahendused","og_url":"https:\/\/kolmlovitrykikeskus.ee\/?page_id=2282","og_site_name":"Kolm L\u00f5vi Tr\u00fckikeskus","article_publisher":"https:\/\/www.facebook.com\/kolmlovitrykikeskus","article_modified_time":"2024-12-16T07:29:00+00:00","og_image":[{"width":589,"height":572,"url":"https:\/\/kolmlovitrykikeskus.ee\/wp-content\/uploads\/2024\/08\/mark-bric.jpg","type":"image\/jpeg"}],"twitter_card":"summary_large_image","twitter_misc":{"Est. reading time":"8 minutit"},"schema":{"@context":"https:\/\/schema.org","@graph":[{"@type":"WebPage","@id":"https:\/\/kolmlovitrykikeskus.ee\/?page_id=2282","url":"https:\/\/kolmlovitrykikeskus.ee\/?page_id=2282","name":"Marc Bric messilahendused - Kolm L\u00f5vi Tr\u00fckikeskus","isPartOf":{"@id":"https:\/\/kolmlovitrykikeskus.ee\/#website"},"primaryImageOfPage":{"@id":"https:\/\/kolmlovitrykikeskus.ee\/?page_id=2282#primaryimage"},"image":{"@id":"https:\/\/kolmlovitrykikeskus.ee\/?page_id=2282#primaryimage"},"thumbnailUrl":"https:\/\/kolmlovitrykikeskus.ee\/wp-content\/uploads\/2024\/08\/mark-bric-300x291.jpg","datePublished":"2024-08-26T14:12:02+00:00","dateModified":"2024-12-16T07:29:00+00:00","description":"Marc Bric messim\u00f6\u00f6bel messistend stend rollup b\u00e4nner Kolm L\u00f5vi Tr\u00fckikeskus Marc Bric messilahendused","breadcrumb":{"@id":"https:\/\/kolmlovitrykikeskus.ee\/?page_id=2282#breadcrumb"},"inLanguage":"et","potentialAction":[{"@type":"ReadAction","target":["https:\/\/kolmlovitrykikeskus.ee\/?page_id=2282"]}]},{"@type":"ImageObject","inLanguage":"et","@id":"https:\/\/kolmlovitrykikeskus.ee\/?page_id=2282#primaryimage","url":"https:\/\/kolmlovitrykikeskus.ee\/wp-content\/uploads\/2024\/08\/mark-bric.jpg","contentUrl":"https:\/\/kolmlovitrykikeskus.ee\/wp-content\/uploads\/2024\/08\/mark-bric.jpg","width":589,"height":572},{"@type":"BreadcrumbList","@id":"https:\/\/kolmlovitrykikeskus.ee\/?page_id=2282#breadcrumb","itemListElement":[{"@type":"ListItem","position":1,"name":"Home","item":"https:\/\/kolmlovitrykikeskus.ee\/"},{"@type":"ListItem","position":2,"name":"Marc Bric messilahendused"}]},{"@type":"WebSite","@id":"https:\/\/kolmlovitrykikeskus.ee\/#website","url":"https:\/\/kolmlovitrykikeskus.ee\/","name":"Kolm L\u00f5vi Tr\u00fckikeskus","description":"Leiame lahenduse!","publisher":{"@id":"https:\/\/kolmlovitrykikeskus.ee\/#organization"},"potentialAction":[{"@type":"SearchAction","target":{"@type":"EntryPoint","urlTemplate":"https:\/\/kolmlovitrykikeskus.ee\/?s={search_term_string}"},"query-input":{"@type":"PropertyValueSpecification","valueRequired":true,"valueName":"search_term_string"}}],"inLanguage":"et"},{"@type":"Organization","@id":"https:\/\/kolmlovitrykikeskus.ee\/#organization","name":"Kolm L\u00f5vi Tr\u00fckikeskus","url":"https:\/\/kolmlovitrykikeskus.ee\/","logo":{"@type":"ImageObject","inLanguage":"et","@id":"https:\/\/kolmlovitrykikeskus.ee\/#\/schema\/logo\/image\/","url":"https:\/\/kolmlovitrykikeskus.ee\/wp-content\/uploads\/2023\/12\/cropped-kltk-logo.png","contentUrl":"https:\/\/kolmlovitrykikeskus.ee\/wp-content\/uploads\/2023\/12\/cropped-kltk-logo.png","width":640,"height":170,"caption":"Kolm L\u00f5vi Tr\u00fckikeskus"},"image":{"@id":"https:\/\/kolmlovitrykikeskus.ee\/#\/schema\/logo\/image\/"},"sameAs":["https:\/\/www.facebook.com\/kolmlovitrykikeskus"]}]}},"_links":{"self":[{"href":"https:\/\/kolmlovitrykikeskus.ee\/index.php?rest_route=\/wp\/v2\/pages\/2282","targetHints":{"allow":["GET"]}}],"collection":[{"href":"https:\/\/kolmlovitrykikeskus.ee\/index.php?rest_route=\/wp\/v2\/pages"}],"about":[{"href":"https:\/\/kolmlovitrykikeskus.ee\/index.php?rest_route=\/wp\/v2\/types\/page"}],"author":[{"embeddable":true,"href":"https:\/\/kolmlovitrykikeskus.ee\/index.php?rest_route=\/wp\/v2\/users\/5"}],"replies":[{"embeddable":true,"href":"https:\/\/kolmlovitrykikeskus.ee\/index.php?rest_route=%2Fwp%2Fv2%2Fcomments&post=2282"}],"version-history":[{"count":11,"href":"https:\/\/kolmlovitrykikeskus.ee\/index.php?rest_route=\/wp\/v2\/pages\/2282\/revisions"}],"predecessor-version":[{"id":4295,"href":"https:\/\/kolmlovitrykikeskus.ee\/index.php?rest_route=\/wp\/v2\/pages\/2282\/revisions\/4295"}],"wp:attachment":[{"href":"https:\/\/kolmlovitrykikeskus.ee\/index.php?rest_route=%2Fwp%2Fv2%2Fmedia&parent=2282"}],"curies":[{"name":"wp","href":"https:\/\/api.w.org\/{rel}","templated":true}]}}