{"id":2193,"date":"2024-08-26T18:35:05","date_gmt":"2024-08-26T16:35:05","guid":{"rendered":"https:\/\/kolmlovitrykikeskus.ee\/?page_id=2193"},"modified":"2024-11-11T09:16:04","modified_gmt":"2024-11-11T07:16:04","slug":"kutsed-kaardid","status":"publish","type":"page","link":"https:\/\/kolmlovitrykikeskus.ee\/?page_id=2193","title":{"rendered":"Kutsed, kaardid"},"content":{"rendered":"<p><img loading=\"lazy\" decoding=\"async\" class=\"alignnone wp-image-2197\" src=\"https:\/\/kolmlovitrykikeskus.ee\/wp-content\/uploads\/2024\/08\/abistava-hieroglyyfiga560px.jpg\" alt=\"\" width=\"687\" height=\"162\" srcset=\"https:\/\/kolmlovitrykikeskus.ee\/wp-content\/uploads\/2024\/08\/abistava-hieroglyyfiga560px.jpg 560w, https:\/\/kolmlovitrykikeskus.ee\/wp-content\/uploads\/2024\/08\/abistava-hieroglyyfiga560px-300x71.jpg 300w\" sizes=\"auto, (max-width: 687px) 100vw, 687px\" \/><\/p>\n<p>Kaadid v\u00f5i kutsed saame tr\u00fckkida mitmes erinevas tr\u00fckitehnoloogias. V\u00f5imalik kasutada erinevaid pabereid. Lisades efektv\u00e4rve, lakki, fooliumelemente, kullaga tr\u00fckitud paelasi jm elemente, mis muudavad kaardid efektseks ja pilkup\u00fc\u00fcdvaks.<\/p>\n<p>Keerulisematelt lahendustelt eeldame tiraa\u017ei olemasolu. \u00dcksikult valmistatud n\u00e4idise hind on kindlasti k\u00f5rgem kui poest ostes suures koguses tr\u00fckitud kaartidel. Eriliste lahenduste puhul ei ole oluline kui palju kaart maksis vaid selle erip\u00e4rasus ja ainulaadsus.<\/p>\n<p><img loading=\"lazy\" decoding=\"async\" class=\"size-medium wp-image-2196\" src=\"https:\/\/kolmlovitrykikeskus.ee\/wp-content\/uploads\/2024\/08\/kaart-helenile-300x251.jpg\" alt=\"\" width=\"300\" height=\"251\" srcset=\"https:\/\/kolmlovitrykikeskus.ee\/wp-content\/uploads\/2024\/08\/kaart-helenile-300x251.jpg 300w, https:\/\/kolmlovitrykikeskus.ee\/wp-content\/uploads\/2024\/08\/kaart-helenile.jpg 657w\" sizes=\"auto, (max-width: 300px) 100vw, 300px\" \/><img loading=\"lazy\" decoding=\"async\" class=\"alignnone wp-image-2195\" src=\"https:\/\/kolmlovitrykikeskus.ee\/wp-content\/uploads\/2024\/08\/kukeaasta-kaadid-IMG_9860-300x194.png\" alt=\"\" width=\"385\" height=\"249\" srcset=\"https:\/\/kolmlovitrykikeskus.ee\/wp-content\/uploads\/2024\/08\/kukeaasta-kaadid-IMG_9860-300x194.png 300w, https:\/\/kolmlovitrykikeskus.ee\/wp-content\/uploads\/2024\/08\/kukeaasta-kaadid-IMG_9860.png 520w\" sizes=\"auto, (max-width: 385px) 100vw, 385px\" \/><br \/>\n<em>Kaart &#8211; kinkekaart curious paberile<\/em><\/p>\n","protected":false},"excerpt":{"rendered":"<p>Kaadid v\u00f5i kutsed saame tr\u00fckkida mitmes erinevas tr\u00fckitehnoloogias. V\u00f5imalik kasutada erinevaid pabereid. Lisades efektv\u00e4rve, lakki, fooliumelemente, kullaga tr\u00fckitud paelasi jm elemente, mis muudavad kaardid efektseks [&#8230;]<\/p>\n","protected":false},"author":5,"featured_media":0,"parent":0,"menu_order":0,"comment_status":"closed","ping_status":"closed","template":"","meta":{"footnotes":""},"class_list":["post-2193","page","type-page","status-publish","hentry"],"yoast_head":"<!-- This site is optimized with the Yoast SEO plugin v27.5 - https:\/\/yoast.com\/product\/yoast-seo-wordpress\/ -->\n<title>Kutsed, kaardid - Kolm L\u00f5vi Tr\u00fckikeskus<\/title>\n<meta name=\"description\" content=\"Kutsed, kaardid Kolm L\u00f5vi Tr\u00fckikeskus kutse kaart\" \/>\n<meta name=\"robots\" content=\"index, follow, max-snippet:-1, max-image-preview:large, max-video-preview:-1\" \/>\n<link rel=\"canonical\" href=\"https:\/\/kolmlovitrykikeskus.ee\/?page_id=2193\" \/>\n<meta property=\"og:locale\" content=\"et_EE\" \/>\n<meta property=\"og:type\" content=\"article\" \/>\n<meta property=\"og:title\" content=\"Kutsed, kaardid - Kolm L\u00f5vi Tr\u00fckikeskus\" \/>\n<meta property=\"og:description\" content=\"Kutsed, kaardid Kolm L\u00f5vi Tr\u00fckikeskus kutse kaart\" \/>\n<meta property=\"og:url\" content=\"https:\/\/kolmlovitrykikeskus.ee\/?page_id=2193\" \/>\n<meta property=\"og:site_name\" content=\"Kolm L\u00f5vi Tr\u00fckikeskus\" \/>\n<meta property=\"article:publisher\" content=\"https:\/\/www.facebook.com\/kolmlovitrykikeskus\" \/>\n<meta property=\"article:modified_time\" content=\"2024-11-11T07:16:04+00:00\" \/>\n<meta property=\"og:image\" content=\"https:\/\/kolmlovitrykikeskus.ee\/wp-content\/uploads\/2024\/08\/abistava-hieroglyyfiga560px.jpg\" \/>\n<meta name=\"twitter:card\" content=\"summary_large_image\" \/>\n<meta name=\"twitter:label1\" content=\"Est. reading time\" \/>\n\t<meta name=\"twitter:data1\" content=\"1 minut\" \/>\n<script type=\"application\/ld+json\" class=\"yoast-schema-graph\">{\"@context\":\"https:\\\/\\\/schema.org\",\"@graph\":[{\"@type\":\"WebPage\",\"@id\":\"https:\\\/\\\/kolmlovitrykikeskus.ee\\\/?page_id=2193\",\"url\":\"https:\\\/\\\/kolmlovitrykikeskus.ee\\\/?page_id=2193\",\"name\":\"Kutsed, kaardid - Kolm L\u00f5vi Tr\u00fckikeskus\",\"isPartOf\":{\"@id\":\"https:\\\/\\\/kolmlovitrykikeskus.ee\\\/#website\"},\"primaryImageOfPage\":{\"@id\":\"https:\\\/\\\/kolmlovitrykikeskus.ee\\\/?page_id=2193#primaryimage\"},\"image\":{\"@id\":\"https:\\\/\\\/kolmlovitrykikeskus.ee\\\/?page_id=2193#primaryimage\"},\"thumbnailUrl\":\"https:\\\/\\\/kolmlovitrykikeskus.ee\\\/wp-content\\\/uploads\\\/2024\\\/08\\\/abistava-hieroglyyfiga560px.jpg\",\"datePublished\":\"2024-08-26T16:35:05+00:00\",\"dateModified\":\"2024-11-11T07:16:04+00:00\",\"description\":\"Kutsed, kaardid Kolm L\u00f5vi Tr\u00fckikeskus kutse kaart\",\"breadcrumb\":{\"@id\":\"https:\\\/\\\/kolmlovitrykikeskus.ee\\\/?page_id=2193#breadcrumb\"},\"inLanguage\":\"et\",\"potentialAction\":[{\"@type\":\"ReadAction\",\"target\":[\"https:\\\/\\\/kolmlovitrykikeskus.ee\\\/?page_id=2193\"]}]},{\"@type\":\"ImageObject\",\"inLanguage\":\"et\",\"@id\":\"https:\\\/\\\/kolmlovitrykikeskus.ee\\\/?page_id=2193#primaryimage\",\"url\":\"https:\\\/\\\/kolmlovitrykikeskus.ee\\\/wp-content\\\/uploads\\\/2024\\\/08\\\/abistava-hieroglyyfiga560px.jpg\",\"contentUrl\":\"https:\\\/\\\/kolmlovitrykikeskus.ee\\\/wp-content\\\/uploads\\\/2024\\\/08\\\/abistava-hieroglyyfiga560px.jpg\",\"width\":560,\"height\":132},{\"@type\":\"BreadcrumbList\",\"@id\":\"https:\\\/\\\/kolmlovitrykikeskus.ee\\\/?page_id=2193#breadcrumb\",\"itemListElement\":[{\"@type\":\"ListItem\",\"position\":1,\"name\":\"Home\",\"item\":\"https:\\\/\\\/kolmlovitrykikeskus.ee\\\/\"},{\"@type\":\"ListItem\",\"position\":2,\"name\":\"Kutsed, kaardid\"}]},{\"@type\":\"WebSite\",\"@id\":\"https:\\\/\\\/kolmlovitrykikeskus.ee\\\/#website\",\"url\":\"https:\\\/\\\/kolmlovitrykikeskus.ee\\\/\",\"name\":\"Kolm L\u00f5vi Tr\u00fckikeskus\",\"description\":\"Leiame lahenduse!\",\"publisher\":{\"@id\":\"https:\\\/\\\/kolmlovitrykikeskus.ee\\\/#organization\"},\"potentialAction\":[{\"@type\":\"SearchAction\",\"target\":{\"@type\":\"EntryPoint\",\"urlTemplate\":\"https:\\\/\\\/kolmlovitrykikeskus.ee\\\/?s={search_term_string}\"},\"query-input\":{\"@type\":\"PropertyValueSpecification\",\"valueRequired\":true,\"valueName\":\"search_term_string\"}}],\"inLanguage\":\"et\"},{\"@type\":\"Organization\",\"@id\":\"https:\\\/\\\/kolmlovitrykikeskus.ee\\\/#organization\",\"name\":\"Kolm L\u00f5vi Tr\u00fckikeskus\",\"url\":\"https:\\\/\\\/kolmlovitrykikeskus.ee\\\/\",\"logo\":{\"@type\":\"ImageObject\",\"inLanguage\":\"et\",\"@id\":\"https:\\\/\\\/kolmlovitrykikeskus.ee\\\/#\\\/schema\\\/logo\\\/image\\\/\",\"url\":\"https:\\\/\\\/kolmlovitrykikeskus.ee\\\/wp-content\\\/uploads\\\/2023\\\/12\\\/cropped-kltk-logo.png\",\"contentUrl\":\"https:\\\/\\\/kolmlovitrykikeskus.ee\\\/wp-content\\\/uploads\\\/2023\\\/12\\\/cropped-kltk-logo.png\",\"width\":640,\"height\":170,\"caption\":\"Kolm L\u00f5vi Tr\u00fckikeskus\"},\"image\":{\"@id\":\"https:\\\/\\\/kolmlovitrykikeskus.ee\\\/#\\\/schema\\\/logo\\\/image\\\/\"},\"sameAs\":[\"https:\\\/\\\/www.facebook.com\\\/kolmlovitrykikeskus\"]}]}<\/script>\n<!-- \/ Yoast SEO plugin. -->","yoast_head_json":{"title":"Kutsed, kaardid - Kolm L\u00f5vi Tr\u00fckikeskus","description":"Kutsed, kaardid Kolm L\u00f5vi Tr\u00fckikeskus kutse kaart","robots":{"index":"index","follow":"follow","max-snippet":"max-snippet:-1","max-image-preview":"max-image-preview:large","max-video-preview":"max-video-preview:-1"},"canonical":"https:\/\/kolmlovitrykikeskus.ee\/?page_id=2193","og_locale":"et_EE","og_type":"article","og_title":"Kutsed, kaardid - Kolm L\u00f5vi Tr\u00fckikeskus","og_description":"Kutsed, kaardid Kolm L\u00f5vi Tr\u00fckikeskus kutse kaart","og_url":"https:\/\/kolmlovitrykikeskus.ee\/?page_id=2193","og_site_name":"Kolm L\u00f5vi Tr\u00fckikeskus","article_publisher":"https:\/\/www.facebook.com\/kolmlovitrykikeskus","article_modified_time":"2024-11-11T07:16:04+00:00","og_image":[{"url":"https:\/\/kolmlovitrykikeskus.ee\/wp-content\/uploads\/2024\/08\/abistava-hieroglyyfiga560px.jpg","type":"","width":"","height":""}],"twitter_card":"summary_large_image","twitter_misc":{"Est. reading time":"1 minut"},"schema":{"@context":"https:\/\/schema.org","@graph":[{"@type":"WebPage","@id":"https:\/\/kolmlovitrykikeskus.ee\/?page_id=2193","url":"https:\/\/kolmlovitrykikeskus.ee\/?page_id=2193","name":"Kutsed, kaardid - Kolm L\u00f5vi Tr\u00fckikeskus","isPartOf":{"@id":"https:\/\/kolmlovitrykikeskus.ee\/#website"},"primaryImageOfPage":{"@id":"https:\/\/kolmlovitrykikeskus.ee\/?page_id=2193#primaryimage"},"image":{"@id":"https:\/\/kolmlovitrykikeskus.ee\/?page_id=2193#primaryimage"},"thumbnailUrl":"https:\/\/kolmlovitrykikeskus.ee\/wp-content\/uploads\/2024\/08\/abistava-hieroglyyfiga560px.jpg","datePublished":"2024-08-26T16:35:05+00:00","dateModified":"2024-11-11T07:16:04+00:00","description":"Kutsed, kaardid Kolm L\u00f5vi Tr\u00fckikeskus kutse kaart","breadcrumb":{"@id":"https:\/\/kolmlovitrykikeskus.ee\/?page_id=2193#breadcrumb"},"inLanguage":"et","potentialAction":[{"@type":"ReadAction","target":["https:\/\/kolmlovitrykikeskus.ee\/?page_id=2193"]}]},{"@type":"ImageObject","inLanguage":"et","@id":"https:\/\/kolmlovitrykikeskus.ee\/?page_id=2193#primaryimage","url":"https:\/\/kolmlovitrykikeskus.ee\/wp-content\/uploads\/2024\/08\/abistava-hieroglyyfiga560px.jpg","contentUrl":"https:\/\/kolmlovitrykikeskus.ee\/wp-content\/uploads\/2024\/08\/abistava-hieroglyyfiga560px.jpg","width":560,"height":132},{"@type":"BreadcrumbList","@id":"https:\/\/kolmlovitrykikeskus.ee\/?page_id=2193#breadcrumb","itemListElement":[{"@type":"ListItem","position":1,"name":"Home","item":"https:\/\/kolmlovitrykikeskus.ee\/"},{"@type":"ListItem","position":2,"name":"Kutsed, kaardid"}]},{"@type":"WebSite","@id":"https:\/\/kolmlovitrykikeskus.ee\/#website","url":"https:\/\/kolmlovitrykikeskus.ee\/","name":"Kolm L\u00f5vi Tr\u00fckikeskus","description":"Leiame lahenduse!","publisher":{"@id":"https:\/\/kolmlovitrykikeskus.ee\/#organization"},"potentialAction":[{"@type":"SearchAction","target":{"@type":"EntryPoint","urlTemplate":"https:\/\/kolmlovitrykikeskus.ee\/?s={search_term_string}"},"query-input":{"@type":"PropertyValueSpecification","valueRequired":true,"valueName":"search_term_string"}}],"inLanguage":"et"},{"@type":"Organization","@id":"https:\/\/kolmlovitrykikeskus.ee\/#organization","name":"Kolm L\u00f5vi Tr\u00fckikeskus","url":"https:\/\/kolmlovitrykikeskus.ee\/","logo":{"@type":"ImageObject","inLanguage":"et","@id":"https:\/\/kolmlovitrykikeskus.ee\/#\/schema\/logo\/image\/","url":"https:\/\/kolmlovitrykikeskus.ee\/wp-content\/uploads\/2023\/12\/cropped-kltk-logo.png","contentUrl":"https:\/\/kolmlovitrykikeskus.ee\/wp-content\/uploads\/2023\/12\/cropped-kltk-logo.png","width":640,"height":170,"caption":"Kolm L\u00f5vi Tr\u00fckikeskus"},"image":{"@id":"https:\/\/kolmlovitrykikeskus.ee\/#\/schema\/logo\/image\/"},"sameAs":["https:\/\/www.facebook.com\/kolmlovitrykikeskus"]}]}},"_links":{"self":[{"href":"https:\/\/kolmlovitrykikeskus.ee\/index.php?rest_route=\/wp\/v2\/pages\/2193","targetHints":{"allow":["GET"]}}],"collection":[{"href":"https:\/\/kolmlovitrykikeskus.ee\/index.php?rest_route=\/wp\/v2\/pages"}],"about":[{"href":"https:\/\/kolmlovitrykikeskus.ee\/index.php?rest_route=\/wp\/v2\/types\/page"}],"author":[{"embeddable":true,"href":"https:\/\/kolmlovitrykikeskus.ee\/index.php?rest_route=\/wp\/v2\/users\/5"}],"replies":[{"embeddable":true,"href":"https:\/\/kolmlovitrykikeskus.ee\/index.php?rest_route=%2Fwp%2Fv2%2Fcomments&post=2193"}],"version-history":[{"count":5,"href":"https:\/\/kolmlovitrykikeskus.ee\/index.php?rest_route=\/wp\/v2\/pages\/2193\/revisions"}],"predecessor-version":[{"id":3902,"href":"https:\/\/kolmlovitrykikeskus.ee\/index.php?rest_route=\/wp\/v2\/pages\/2193\/revisions\/3902"}],"wp:attachment":[{"href":"https:\/\/kolmlovitrykikeskus.ee\/index.php?rest_route=%2Fwp%2Fv2%2Fmedia&parent=2193"}],"curies":[{"name":"wp","href":"https:\/\/api.w.org\/{rel}","templated":true}]}}