{"id":2190,"date":"2024-08-26T18:51:09","date_gmt":"2024-08-26T16:51:09","guid":{"rendered":"https:\/\/kolmlovitrykikeskus.ee\/?page_id=2190"},"modified":"2025-01-09T10:23:11","modified_gmt":"2025-01-09T08:23:11","slug":"parkimiskell","status":"publish","type":"page","link":"https:\/\/kolmlovitrykikeskus.ee\/?page_id=2190","title":{"rendered":"Kellad"},"content":{"rendered":"<h1>Parkimiskell, informatiivne ajan\u00e4itaja, pausikell, k\u00f5rgemad pausikellad.<\/h1>\n<p>Parkimiskell on praktiline firmakink. Kingisaaja k\u00e4es leiab parkimiskell kindlasti kasutust ja<br \/>\nj\u00e4\u00e4b inimestele silma.<\/p>\n<p><img loading=\"lazy\" decoding=\"async\" class=\"alignnone wp-image-2189\" src=\"https:\/\/kolmlovitrykikeskus.ee\/wp-content\/uploads\/2024\/08\/parkimiskellad-tulentagasikell.jpg\" alt=\"\" width=\"1200\" height=\"387\" srcset=\"https:\/\/kolmlovitrykikeskus.ee\/wp-content\/uploads\/2024\/08\/parkimiskellad-tulentagasikell.jpg 657w, https:\/\/kolmlovitrykikeskus.ee\/wp-content\/uploads\/2024\/08\/parkimiskellad-tulentagasikell-300x97.jpg 300w\" sizes=\"auto, (max-width: 1200px) 100vw, 1200px\" \/><\/p>\n<p><img loading=\"lazy\" decoding=\"async\" class=\"alignnone wp-image-3700\" src=\"https:\/\/kolmlovitrykikeskus.ee\/wp-content\/uploads\/2024\/10\/parkimiskell-mallid.png\" alt=\"\" width=\"1200\" height=\"568\" srcset=\"https:\/\/kolmlovitrykikeskus.ee\/wp-content\/uploads\/2024\/10\/parkimiskell-mallid.png 1245w, https:\/\/kolmlovitrykikeskus.ee\/wp-content\/uploads\/2024\/10\/parkimiskell-mallid-300x142.png 300w, https:\/\/kolmlovitrykikeskus.ee\/wp-content\/uploads\/2024\/10\/parkimiskell-mallid-1024x484.png 1024w, https:\/\/kolmlovitrykikeskus.ee\/wp-content\/uploads\/2024\/10\/parkimiskell-mallid-768x363.png 768w\" sizes=\"auto, (max-width: 1200px) 100vw, 1200px\" \/><br \/>\n<em>Parkimiskellade suurused 100x100mm ja 100x135mm.<\/em><\/p>\n<p>Informatiivsed ajan\u00e4itajad, ehk teavituskellad &#8220;TULEN TAGASI &#8230;&#8221; saab n\u00e4iteks konksuga<br \/>\niminapa abil kinnitada klaasile. Valmisolevad teavituskellad iminapaga.<br \/>\nVALMISLAHENDUSED INTERNETI KAUDU! TELLI\u00a0 <a href=\"https:\/\/www.kohver.com\/\">www.kohver.com.<\/a><\/p>\n<p><img loading=\"lazy\" decoding=\"async\" class=\"wp-image-2187 aligncenter\" src=\"https:\/\/kolmlovitrykikeskus.ee\/wp-content\/uploads\/2024\/08\/metallistpausikelllaual.jpg\" alt=\"\" width=\"657\" height=\"419\" srcset=\"https:\/\/kolmlovitrykikeskus.ee\/wp-content\/uploads\/2024\/08\/metallistpausikelllaual.jpg 520w, https:\/\/kolmlovitrykikeskus.ee\/wp-content\/uploads\/2024\/08\/metallistpausikelllaual-300x192.jpg 300w\" sizes=\"auto, (max-width: 657px) 100vw, 657px\" \/><\/p>\n<p><img loading=\"lazy\" decoding=\"async\" class=\"wp-image-2186 aligncenter\" src=\"https:\/\/kolmlovitrykikeskus.ee\/wp-content\/uploads\/2024\/08\/metallistparkimiskell.jpg\" alt=\"\" width=\"659\" height=\"421\" srcset=\"https:\/\/kolmlovitrykikeskus.ee\/wp-content\/uploads\/2024\/08\/metallistparkimiskell.jpg 520w, https:\/\/kolmlovitrykikeskus.ee\/wp-content\/uploads\/2024\/08\/metallistparkimiskell-300x192.jpg 300w\" sizes=\"auto, (max-width: 659px) 100vw, 659px\" \/><\/p>\n<p><img loading=\"lazy\" decoding=\"async\" class=\"wp-image-2184 size-full aligncenter\" src=\"https:\/\/kolmlovitrykikeskus.ee\/wp-content\/uploads\/2024\/08\/avamiskellad.jpg\" alt=\"\" width=\"657\" height=\"278\" srcset=\"https:\/\/kolmlovitrykikeskus.ee\/wp-content\/uploads\/2024\/08\/avamiskellad.jpg 657w, https:\/\/kolmlovitrykikeskus.ee\/wp-content\/uploads\/2024\/08\/avamiskellad-300x127.jpg 300w\" sizes=\"auto, (max-width: 657px) 100vw, 657px\" \/><br \/>\n<em>Avame ja tuleme tagasi kellad kaupluste ustele.<\/em><\/p>\n<p><img loading=\"lazy\" decoding=\"async\" class=\"wp-image-2185 size-full aligncenter\" src=\"https:\/\/kolmlovitrykikeskus.ee\/wp-content\/uploads\/2024\/08\/laoskellad.jpg\" alt=\"\" width=\"657\" height=\"306\" srcset=\"https:\/\/kolmlovitrykikeskus.ee\/wp-content\/uploads\/2024\/08\/laoskellad.jpg 657w, https:\/\/kolmlovitrykikeskus.ee\/wp-content\/uploads\/2024\/08\/laoskellad-300x140.jpg 300w\" sizes=\"auto, (max-width: 657px) 100vw, 657px\" \/><br \/>\n<em>Parkimiskell firmas\u00fcmboolikaga on hea ja praktiline reklaamkingitus <a href=\"https:\/\/kolmlovitrykikeskus.ee\/?page_id=2076\">(n\u00e4idised).<\/a><\/em><\/p>\n<p><img loading=\"lazy\" decoding=\"async\" class=\"wp-image-2182 aligncenter\" src=\"https:\/\/kolmlovitrykikeskus.ee\/wp-content\/uploads\/2024\/08\/opikellad-520px.jpg\" alt=\"\" width=\"657\" height=\"245\" srcset=\"https:\/\/kolmlovitrykikeskus.ee\/wp-content\/uploads\/2024\/08\/opikellad-520px.jpg 520w, https:\/\/kolmlovitrykikeskus.ee\/wp-content\/uploads\/2024\/08\/opikellad-520px-300x112.jpg 300w\" sizes=\"auto, (max-width: 657px) 100vw, 657px\" \/><br \/>\n<em>\u00d5pikellad kellaaja tundma \u00f5ppimiseks lastele.<\/em><\/p>\n<p>Seierid PVC 0,3-0,5mm: valge, must, punane, roheline, sinine, kollane ja h\u00f5behall.<\/p>\n<p><img loading=\"lazy\" decoding=\"async\" class=\"wp-image-2181 size-full aligncenter\" src=\"https:\/\/kolmlovitrykikeskus.ee\/wp-content\/uploads\/2024\/08\/avatudsuletud-kolmlovi.jpg\" alt=\"\" width=\"657\" height=\"241\" srcset=\"https:\/\/kolmlovitrykikeskus.ee\/wp-content\/uploads\/2024\/08\/avatudsuletud-kolmlovi.jpg 657w, https:\/\/kolmlovitrykikeskus.ee\/wp-content\/uploads\/2024\/08\/avatudsuletud-kolmlovi-300x110.jpg 300w\" sizes=\"auto, (max-width: 657px) 100vw, 657px\" \/><\/p>\n<p><em>Avatud-suletud kahepoolsed sildid koos informatiivse kellaga &gt; <a href=\"https:\/\/kolmlovitrykikeskus.ee\/?page_id=2208\">TELLI SIIT.<\/a><\/em><\/p>\n<p>K\u00f5rgemad pausikellad kliendi soovitud tekstidega. Tellimiskogused alates 10st kellast.<\/p>\n<p><img loading=\"lazy\" decoding=\"async\" class=\"wp-image-2180 aligncenter\" src=\"https:\/\/kolmlovitrykikeskus.ee\/wp-content\/uploads\/2024\/08\/pikad-pausikellad1.png\" alt=\"\" width=\"657\" height=\"455\" srcset=\"https:\/\/kolmlovitrykikeskus.ee\/wp-content\/uploads\/2024\/08\/pikad-pausikellad1.png 520w, https:\/\/kolmlovitrykikeskus.ee\/wp-content\/uploads\/2024\/08\/pikad-pausikellad1-300x208.png 300w\" sizes=\"auto, (max-width: 657px) 100vw, 657px\" \/><\/p>\n<p><img loading=\"lazy\" decoding=\"async\" class=\"wp-image-2179 aligncenter\" src=\"https:\/\/kolmlovitrykikeskus.ee\/wp-content\/uploads\/2024\/08\/pikad-pausikellad2.png\" alt=\"\" width=\"657\" height=\"628\" srcset=\"https:\/\/kolmlovitrykikeskus.ee\/wp-content\/uploads\/2024\/08\/pikad-pausikellad2.png 520w, https:\/\/kolmlovitrykikeskus.ee\/wp-content\/uploads\/2024\/08\/pikad-pausikellad2-300x287.png 300w\" sizes=\"auto, (max-width: 657px) 100vw, 657px\" \/><\/p>\n<h4>T\u00fc\u00fcpilised parkimiskellade \/ pausikellade mallid.<\/h4>\n<p><img loading=\"lazy\" decoding=\"async\" class=\"wp-image-2189 size-full aligncenter\" src=\"https:\/\/kolmlovitrykikeskus.ee\/wp-content\/uploads\/2024\/08\/parkimiskellad-tulentagasikell.jpg\" alt=\"\" width=\"657\" height=\"212\" srcset=\"https:\/\/kolmlovitrykikeskus.ee\/wp-content\/uploads\/2024\/08\/parkimiskellad-tulentagasikell.jpg 657w, https:\/\/kolmlovitrykikeskus.ee\/wp-content\/uploads\/2024\/08\/parkimiskellad-tulentagasikell-300x97.jpg 300w\" sizes=\"auto, (max-width: 657px) 100vw, 657px\" \/><\/p>\n<p><img loading=\"lazy\" decoding=\"async\" class=\"wp-image-2176 size-full aligncenter\" src=\"https:\/\/kolmlovitrykikeskus.ee\/wp-content\/uploads\/2024\/08\/avatudsuletud657PA146907.jpg\" alt=\"\" width=\"657\" height=\"492\" srcset=\"https:\/\/kolmlovitrykikeskus.ee\/wp-content\/uploads\/2024\/08\/avatudsuletud657PA146907.jpg 657w, https:\/\/kolmlovitrykikeskus.ee\/wp-content\/uploads\/2024\/08\/avatudsuletud657PA146907-300x225.jpg 300w\" sizes=\"auto, (max-width: 657px) 100vw, 657px\" \/><\/p>\n<p><img loading=\"lazy\" decoding=\"async\" class=\"wp-image-2175 size-full aligncenter\" src=\"https:\/\/kolmlovitrykikeskus.ee\/wp-content\/uploads\/2024\/08\/lukuexpret-kell.jpeg\" alt=\"\" width=\"657\" height=\"365\" srcset=\"https:\/\/kolmlovitrykikeskus.ee\/wp-content\/uploads\/2024\/08\/lukuexpret-kell.jpeg 657w, https:\/\/kolmlovitrykikeskus.ee\/wp-content\/uploads\/2024\/08\/lukuexpret-kell-300x167.jpeg 300w\" sizes=\"auto, (max-width: 657px) 100vw, 657px\" \/><\/p>\n<p><img loading=\"lazy\" decoding=\"async\" class=\"wp-image-2174 size-full aligncenter\" src=\"https:\/\/kolmlovitrykikeskus.ee\/wp-content\/uploads\/2024\/08\/parkimisekelladelaovalik.jpg\" alt=\"\" width=\"657\" height=\"503\" srcset=\"https:\/\/kolmlovitrykikeskus.ee\/wp-content\/uploads\/2024\/08\/parkimisekelladelaovalik.jpg 657w, https:\/\/kolmlovitrykikeskus.ee\/wp-content\/uploads\/2024\/08\/parkimisekelladelaovalik-300x230.jpg 300w\" sizes=\"auto, (max-width: 657px) 100vw, 657px\" \/><\/p>\n","protected":false},"excerpt":{"rendered":"<p>Parkimiskell, informatiivne ajan\u00e4itaja, pausikell, k\u00f5rgemad pausikellad. Parkimiskell on praktiline firmakink. Kingisaaja k\u00e4es leiab parkimiskell kindlasti kasutust ja j\u00e4\u00e4b inimestele silma. Parkimiskellade suurused 100x100mm ja 100x135mm. [&#8230;]<\/p>\n","protected":false},"author":5,"featured_media":0,"parent":0,"menu_order":0,"comment_status":"closed","ping_status":"closed","template":"","meta":{"footnotes":""},"class_list":["post-2190","page","type-page","status-publish","hentry"],"yoast_head":"<!-- This site is optimized with the Yoast SEO plugin v27.5 - https:\/\/yoast.com\/product\/yoast-seo-wordpress\/ -->\n<title>Kellad - Kolm L\u00f5vi Tr\u00fckikeskus<\/title>\n<meta name=\"description\" content=\"Kellad Kolm L\u00f5vi Tr\u00fckikeskus avatud -suletud Parkimiskell, informatiivne ajan\u00e4itaja, pausikell, k\u00f5rgemad pausikellad\" \/>\n<meta name=\"robots\" content=\"index, follow, max-snippet:-1, max-image-preview:large, max-video-preview:-1\" \/>\n<link rel=\"canonical\" href=\"https:\/\/kolmlovitrykikeskus.ee\/?page_id=2190\" \/>\n<meta property=\"og:locale\" content=\"et_EE\" \/>\n<meta property=\"og:type\" content=\"article\" \/>\n<meta property=\"og:title\" content=\"Kellad - Kolm L\u00f5vi Tr\u00fckikeskus\" \/>\n<meta property=\"og:description\" content=\"Kellad Kolm L\u00f5vi Tr\u00fckikeskus avatud -suletud Parkimiskell, informatiivne ajan\u00e4itaja, pausikell, k\u00f5rgemad pausikellad\" \/>\n<meta property=\"og:url\" content=\"https:\/\/kolmlovitrykikeskus.ee\/?page_id=2190\" \/>\n<meta property=\"og:site_name\" content=\"Kolm L\u00f5vi Tr\u00fckikeskus\" \/>\n<meta property=\"article:publisher\" content=\"https:\/\/www.facebook.com\/kolmlovitrykikeskus\" \/>\n<meta property=\"article:modified_time\" content=\"2025-01-09T08:23:11+00:00\" \/>\n<meta property=\"og:image\" content=\"https:\/\/kolmlovitrykikeskus.ee\/wp-content\/uploads\/2024\/08\/parkimiskellad-tulentagasikell.jpg\" \/>\n\t<meta property=\"og:image:width\" content=\"657\" \/>\n\t<meta property=\"og:image:height\" content=\"212\" \/>\n\t<meta property=\"og:image:type\" content=\"image\/jpeg\" \/>\n<meta name=\"twitter:card\" content=\"summary_large_image\" \/>\n<meta name=\"twitter:label1\" content=\"Est. reading time\" \/>\n\t<meta name=\"twitter:data1\" content=\"4 minutit\" \/>\n<script type=\"application\/ld+json\" class=\"yoast-schema-graph\">{\"@context\":\"https:\\\/\\\/schema.org\",\"@graph\":[{\"@type\":\"WebPage\",\"@id\":\"https:\\\/\\\/kolmlovitrykikeskus.ee\\\/?page_id=2190\",\"url\":\"https:\\\/\\\/kolmlovitrykikeskus.ee\\\/?page_id=2190\",\"name\":\"Kellad - Kolm L\u00f5vi Tr\u00fckikeskus\",\"isPartOf\":{\"@id\":\"https:\\\/\\\/kolmlovitrykikeskus.ee\\\/#website\"},\"primaryImageOfPage\":{\"@id\":\"https:\\\/\\\/kolmlovitrykikeskus.ee\\\/?page_id=2190#primaryimage\"},\"image\":{\"@id\":\"https:\\\/\\\/kolmlovitrykikeskus.ee\\\/?page_id=2190#primaryimage\"},\"thumbnailUrl\":\"https:\\\/\\\/kolmlovitrykikeskus.ee\\\/wp-content\\\/uploads\\\/2024\\\/08\\\/parkimiskellad-tulentagasikell.jpg\",\"datePublished\":\"2024-08-26T16:51:09+00:00\",\"dateModified\":\"2025-01-09T08:23:11+00:00\",\"description\":\"Kellad Kolm L\u00f5vi Tr\u00fckikeskus avatud -suletud Parkimiskell, informatiivne ajan\u00e4itaja, pausikell, k\u00f5rgemad pausikellad\",\"breadcrumb\":{\"@id\":\"https:\\\/\\\/kolmlovitrykikeskus.ee\\\/?page_id=2190#breadcrumb\"},\"inLanguage\":\"et\",\"potentialAction\":[{\"@type\":\"ReadAction\",\"target\":[\"https:\\\/\\\/kolmlovitrykikeskus.ee\\\/?page_id=2190\"]}]},{\"@type\":\"ImageObject\",\"inLanguage\":\"et\",\"@id\":\"https:\\\/\\\/kolmlovitrykikeskus.ee\\\/?page_id=2190#primaryimage\",\"url\":\"https:\\\/\\\/kolmlovitrykikeskus.ee\\\/wp-content\\\/uploads\\\/2024\\\/08\\\/parkimiskellad-tulentagasikell.jpg\",\"contentUrl\":\"https:\\\/\\\/kolmlovitrykikeskus.ee\\\/wp-content\\\/uploads\\\/2024\\\/08\\\/parkimiskellad-tulentagasikell.jpg\",\"width\":657,\"height\":212},{\"@type\":\"BreadcrumbList\",\"@id\":\"https:\\\/\\\/kolmlovitrykikeskus.ee\\\/?page_id=2190#breadcrumb\",\"itemListElement\":[{\"@type\":\"ListItem\",\"position\":1,\"name\":\"Home\",\"item\":\"https:\\\/\\\/kolmlovitrykikeskus.ee\\\/\"},{\"@type\":\"ListItem\",\"position\":2,\"name\":\"Kellad\"}]},{\"@type\":\"WebSite\",\"@id\":\"https:\\\/\\\/kolmlovitrykikeskus.ee\\\/#website\",\"url\":\"https:\\\/\\\/kolmlovitrykikeskus.ee\\\/\",\"name\":\"Kolm L\u00f5vi Tr\u00fckikeskus\",\"description\":\"Leiame lahenduse!\",\"publisher\":{\"@id\":\"https:\\\/\\\/kolmlovitrykikeskus.ee\\\/#organization\"},\"potentialAction\":[{\"@type\":\"SearchAction\",\"target\":{\"@type\":\"EntryPoint\",\"urlTemplate\":\"https:\\\/\\\/kolmlovitrykikeskus.ee\\\/?s={search_term_string}\"},\"query-input\":{\"@type\":\"PropertyValueSpecification\",\"valueRequired\":true,\"valueName\":\"search_term_string\"}}],\"inLanguage\":\"et\"},{\"@type\":\"Organization\",\"@id\":\"https:\\\/\\\/kolmlovitrykikeskus.ee\\\/#organization\",\"name\":\"Kolm L\u00f5vi Tr\u00fckikeskus\",\"url\":\"https:\\\/\\\/kolmlovitrykikeskus.ee\\\/\",\"logo\":{\"@type\":\"ImageObject\",\"inLanguage\":\"et\",\"@id\":\"https:\\\/\\\/kolmlovitrykikeskus.ee\\\/#\\\/schema\\\/logo\\\/image\\\/\",\"url\":\"https:\\\/\\\/kolmlovitrykikeskus.ee\\\/wp-content\\\/uploads\\\/2023\\\/12\\\/cropped-kltk-logo.png\",\"contentUrl\":\"https:\\\/\\\/kolmlovitrykikeskus.ee\\\/wp-content\\\/uploads\\\/2023\\\/12\\\/cropped-kltk-logo.png\",\"width\":640,\"height\":170,\"caption\":\"Kolm L\u00f5vi Tr\u00fckikeskus\"},\"image\":{\"@id\":\"https:\\\/\\\/kolmlovitrykikeskus.ee\\\/#\\\/schema\\\/logo\\\/image\\\/\"},\"sameAs\":[\"https:\\\/\\\/www.facebook.com\\\/kolmlovitrykikeskus\"]}]}<\/script>\n<!-- \/ Yoast SEO plugin. -->","yoast_head_json":{"title":"Kellad - Kolm L\u00f5vi Tr\u00fckikeskus","description":"Kellad Kolm L\u00f5vi Tr\u00fckikeskus avatud -suletud Parkimiskell, informatiivne ajan\u00e4itaja, pausikell, k\u00f5rgemad pausikellad","robots":{"index":"index","follow":"follow","max-snippet":"max-snippet:-1","max-image-preview":"max-image-preview:large","max-video-preview":"max-video-preview:-1"},"canonical":"https:\/\/kolmlovitrykikeskus.ee\/?page_id=2190","og_locale":"et_EE","og_type":"article","og_title":"Kellad - Kolm L\u00f5vi Tr\u00fckikeskus","og_description":"Kellad Kolm L\u00f5vi Tr\u00fckikeskus avatud -suletud Parkimiskell, informatiivne ajan\u00e4itaja, pausikell, k\u00f5rgemad pausikellad","og_url":"https:\/\/kolmlovitrykikeskus.ee\/?page_id=2190","og_site_name":"Kolm L\u00f5vi Tr\u00fckikeskus","article_publisher":"https:\/\/www.facebook.com\/kolmlovitrykikeskus","article_modified_time":"2025-01-09T08:23:11+00:00","og_image":[{"width":657,"height":212,"url":"https:\/\/kolmlovitrykikeskus.ee\/wp-content\/uploads\/2024\/08\/parkimiskellad-tulentagasikell.jpg","type":"image\/jpeg"}],"twitter_card":"summary_large_image","twitter_misc":{"Est. reading time":"4 minutit"},"schema":{"@context":"https:\/\/schema.org","@graph":[{"@type":"WebPage","@id":"https:\/\/kolmlovitrykikeskus.ee\/?page_id=2190","url":"https:\/\/kolmlovitrykikeskus.ee\/?page_id=2190","name":"Kellad - Kolm L\u00f5vi Tr\u00fckikeskus","isPartOf":{"@id":"https:\/\/kolmlovitrykikeskus.ee\/#website"},"primaryImageOfPage":{"@id":"https:\/\/kolmlovitrykikeskus.ee\/?page_id=2190#primaryimage"},"image":{"@id":"https:\/\/kolmlovitrykikeskus.ee\/?page_id=2190#primaryimage"},"thumbnailUrl":"https:\/\/kolmlovitrykikeskus.ee\/wp-content\/uploads\/2024\/08\/parkimiskellad-tulentagasikell.jpg","datePublished":"2024-08-26T16:51:09+00:00","dateModified":"2025-01-09T08:23:11+00:00","description":"Kellad Kolm L\u00f5vi Tr\u00fckikeskus avatud -suletud Parkimiskell, informatiivne ajan\u00e4itaja, pausikell, k\u00f5rgemad pausikellad","breadcrumb":{"@id":"https:\/\/kolmlovitrykikeskus.ee\/?page_id=2190#breadcrumb"},"inLanguage":"et","potentialAction":[{"@type":"ReadAction","target":["https:\/\/kolmlovitrykikeskus.ee\/?page_id=2190"]}]},{"@type":"ImageObject","inLanguage":"et","@id":"https:\/\/kolmlovitrykikeskus.ee\/?page_id=2190#primaryimage","url":"https:\/\/kolmlovitrykikeskus.ee\/wp-content\/uploads\/2024\/08\/parkimiskellad-tulentagasikell.jpg","contentUrl":"https:\/\/kolmlovitrykikeskus.ee\/wp-content\/uploads\/2024\/08\/parkimiskellad-tulentagasikell.jpg","width":657,"height":212},{"@type":"BreadcrumbList","@id":"https:\/\/kolmlovitrykikeskus.ee\/?page_id=2190#breadcrumb","itemListElement":[{"@type":"ListItem","position":1,"name":"Home","item":"https:\/\/kolmlovitrykikeskus.ee\/"},{"@type":"ListItem","position":2,"name":"Kellad"}]},{"@type":"WebSite","@id":"https:\/\/kolmlovitrykikeskus.ee\/#website","url":"https:\/\/kolmlovitrykikeskus.ee\/","name":"Kolm L\u00f5vi Tr\u00fckikeskus","description":"Leiame lahenduse!","publisher":{"@id":"https:\/\/kolmlovitrykikeskus.ee\/#organization"},"potentialAction":[{"@type":"SearchAction","target":{"@type":"EntryPoint","urlTemplate":"https:\/\/kolmlovitrykikeskus.ee\/?s={search_term_string}"},"query-input":{"@type":"PropertyValueSpecification","valueRequired":true,"valueName":"search_term_string"}}],"inLanguage":"et"},{"@type":"Organization","@id":"https:\/\/kolmlovitrykikeskus.ee\/#organization","name":"Kolm L\u00f5vi Tr\u00fckikeskus","url":"https:\/\/kolmlovitrykikeskus.ee\/","logo":{"@type":"ImageObject","inLanguage":"et","@id":"https:\/\/kolmlovitrykikeskus.ee\/#\/schema\/logo\/image\/","url":"https:\/\/kolmlovitrykikeskus.ee\/wp-content\/uploads\/2023\/12\/cropped-kltk-logo.png","contentUrl":"https:\/\/kolmlovitrykikeskus.ee\/wp-content\/uploads\/2023\/12\/cropped-kltk-logo.png","width":640,"height":170,"caption":"Kolm L\u00f5vi Tr\u00fckikeskus"},"image":{"@id":"https:\/\/kolmlovitrykikeskus.ee\/#\/schema\/logo\/image\/"},"sameAs":["https:\/\/www.facebook.com\/kolmlovitrykikeskus"]}]}},"_links":{"self":[{"href":"https:\/\/kolmlovitrykikeskus.ee\/index.php?rest_route=\/wp\/v2\/pages\/2190","targetHints":{"allow":["GET"]}}],"collection":[{"href":"https:\/\/kolmlovitrykikeskus.ee\/index.php?rest_route=\/wp\/v2\/pages"}],"about":[{"href":"https:\/\/kolmlovitrykikeskus.ee\/index.php?rest_route=\/wp\/v2\/types\/page"}],"author":[{"embeddable":true,"href":"https:\/\/kolmlovitrykikeskus.ee\/index.php?rest_route=\/wp\/v2\/users\/5"}],"replies":[{"embeddable":true,"href":"https:\/\/kolmlovitrykikeskus.ee\/index.php?rest_route=%2Fwp%2Fv2%2Fcomments&post=2190"}],"version-history":[{"count":22,"href":"https:\/\/kolmlovitrykikeskus.ee\/index.php?rest_route=\/wp\/v2\/pages\/2190\/revisions"}],"predecessor-version":[{"id":4335,"href":"https:\/\/kolmlovitrykikeskus.ee\/index.php?rest_route=\/wp\/v2\/pages\/2190\/revisions\/4335"}],"wp:attachment":[{"href":"https:\/\/kolmlovitrykikeskus.ee\/index.php?rest_route=%2Fwp%2Fv2%2Fmedia&parent=2190"}],"curies":[{"name":"wp","href":"https:\/\/api.w.org\/{rel}","templated":true}]}}