{"id":2168,"date":"2024-08-26T19:02:49","date_gmt":"2024-08-26T17:02:49","guid":{"rendered":"https:\/\/kolmlovitrykikeskus.ee\/?page_id=2168"},"modified":"2024-12-13T09:26:56","modified_gmt":"2024-12-13T07:26:56","slug":"tanavate-nimesildid","status":"publish","type":"page","link":"https:\/\/kolmlovitrykikeskus.ee\/?page_id=2168","title":{"rendered":"T\u00e4navate nimesildid"},"content":{"rendered":"<h1>Aadresst\u00e4hised, t\u00e4navanimed, sildid t\u00e4navanimetustega, viidad ja majanumbrid, korterinumbrid, trepikojanumbrid.<\/h1>\n<p>Tavaliselt valmistame majanumbrid, t\u00e4navanimesildid korrosiooni- ja ilmastikukindlale komposiitmaterjalile. Veidi soodsam on tellida aadresst\u00e4hised 5mm plastikust, kuid nende vastupidavus piirdub ka 2-3 aastaga olenevalt p\u00e4ikesest ja muudest ilmastiku tingimustest (plastik muutub ilmastiku toimel hapraks).<\/p>\n<p>M\u00e4rgised saab tellida kaitsekilega. T\u00e4navanimetus kui ka majanumbreid saab tellida valgustpeegeldavast materjalist (helkur), et parandada n\u00e4htavust h\u00e4maras ja kehvades ilmastikuoludes. M\u00e4rgise nurkades on augud kinnitamiseks.<\/p>\n<p><img loading=\"lazy\" decoding=\"async\" class=\"alignnone wp-image-2171 size-full\" src=\"https:\/\/kolmlovitrykikeskus.ee\/wp-content\/uploads\/2024\/08\/tanava_nimesildid_numbrid19.png\" alt=\"\" width=\"520\" height=\"629\" srcset=\"https:\/\/kolmlovitrykikeskus.ee\/wp-content\/uploads\/2024\/08\/tanava_nimesildid_numbrid19.png 520w, https:\/\/kolmlovitrykikeskus.ee\/wp-content\/uploads\/2024\/08\/tanava_nimesildid_numbrid19-248x300.png 248w\" sizes=\"auto, (max-width: 520px) 100vw, 520px\" \/><\/p>\n<p>Aadresst\u00e4histe v\u00e4ljan\u00e4gemist ning kasutatavaid v\u00e4rve reguleerib Tallinna Linnavalitsuse m\u00e4\u00e4rus, millega kinnitati Tallinna aadresst\u00e4histe m\u00e4\u00e4rus.<br \/>\nSuuremate aadresst\u00e4histe k\u00f5rgus on 320mm (suurhoonestus, korruselamud) ja v\u00e4iksem 180mm (v\u00e4ikeelamud). Nimesildi maksimaalseks pikkuseks v\u00f5ib sildi 320mm k\u00f5rguse puhul olla 1200mm ja sildi 180mm k\u00f5rguse puhul 900mm. L\u00fchikese, kahe- kuni neljat\u00e4helise ja liigis\u00f5nakasutuseta nime puhul peavad t\u00e4navasildi pikkused olema 320mm k\u00f5rguse puhul 700mm ning 180mm k\u00f5rguse puhul 450mm. Suurema k\u00f5rgusega sildi puhul j\u00e4etakse vaba ruumi (raamjoone siseservast) 100mm ning v\u00e4iksema k\u00f5rgusega sildi puhul 50mm.<\/p>\n<p><a href=\"https:\/\/docs.google.com\/spreadsheets\/d\/1iMTzZP80XNOBLHBxZr-gNme8zrir91TdoC6nuLyKWqA\/pubhtml?gid=0&amp;single=true\">Hinnakirja vaata SIIT.<\/a><\/p>\n<p><img loading=\"lazy\" decoding=\"async\" class=\"alignnone wp-image-2170 size-full\" src=\"https:\/\/kolmlovitrykikeskus.ee\/wp-content\/uploads\/2024\/08\/majanumber16.jpg\" alt=\"\" width=\"520\" height=\"307\" srcset=\"https:\/\/kolmlovitrykikeskus.ee\/wp-content\/uploads\/2024\/08\/majanumber16.jpg 520w, https:\/\/kolmlovitrykikeskus.ee\/wp-content\/uploads\/2024\/08\/majanumber16-300x177.jpg 300w\" sizes=\"auto, (max-width: 520px) 100vw, 520px\" \/><\/p>\n<p>T\u00e4pne aadresst\u00e4hise pikkus s\u00f5ltub t\u00e4navanime ja numbri pikkusest. Aadresst\u00e4hise on eramajadel 180mm. Suurematel korterelamutel ja b\u00fcroohoonetel 320mm &#8211; k\u00fcsi hinnapakkumist info (\u00e4t) trykikeskus.ee.<\/p>\n<p>Alumiinium-komposiitplaat on kihiline plaat, mis on pikaajaliselt vastupidav ilmastikule, kuid ka l\u00f6\u00f6kidele. Valge 5mm plastik on vastupidav, kuid n\u00e4iteks talvek\u00fclmaga v\u00f5ib muututa hapraks ning pikaajaline vastupidavus ei ole nii hea kui alumiinium-komposiitplaadil.<\/p>\n<p>Tutvu: <a href=\"https:\/\/www.riigiteataja.ee\/akt\/425042014004?leiaKehtiv\">Tallinna aadressit\u00e4histe n\u00f5uded<\/a><\/p>\n<hr \/>\n<h2>Telli aadresst\u00e4his siit<\/h2>\n<h5>*) PALUN T\u00c4IDA K\u00d5IK ALLOLEVAD V\u00c4LJAD KORREKTSELT, SIIS SAAME TEIE KIRJA K\u00c4TTE.<\/h5>\n<p>(alusmaterjal 3,5mm alumiinium+plastik+alumiinium, vastupidav komposiitplaat). Valge kiri aadressis v\u00f5ib olla kas helkur v\u00f5i tavaline valge. Punase t\u00e4rniga v\u00e4ljad kohustuslikud.<\/p>\n<style id=\"wpforms-css-vars-3249\">\n\t\t\t\t#wpforms-3249 {\n\t\t\t\t\n\t\t\t}\n\t\t\t<\/style><div class=\"wpforms-container wpforms-container-full wpforms-render-modern\" id=\"wpforms-3249\"><form id=\"wpforms-form-3249\" class=\"wpforms-validate wpforms-form wpforms-ajax-form\" data-formid=\"3249\" method=\"post\" enctype=\"multipart\/form-data\" action=\"\/index.php?rest_route=%2Fwp%2Fv2%2Fpages%2F2168\" data-token=\"20d1474afd6781303fbf3f48733d9d27\" data-token-time=\"1778586499\"><noscript class=\"wpforms-error-noscript\">Please enable JavaScript in your browser to complete this form.<\/noscript><div id=\"wpforms-error-noscript\" style=\"display: none;\">Please enable JavaScript in your browser to complete this form.<\/div><div class=\"wpforms-field-container\">\t\t<div id=\"wpforms-3249-field_2-container\"\n\t\t\tclass=\"wpforms-field wpforms-field-text\"\n\t\t\tdata-field-type=\"text\"\n\t\t\tdata-field-id=\"2\"\n\t\t\t>\n\t\t\t<label class=\"wpforms-field-label\" for=\"wpforms-3249-field_2\" >T\u00e4psustav Ettev\u00f5tte Email<\/label>\n\t\t\t<input type=\"text\" id=\"wpforms-3249-field_2\" class=\"wpforms-field-medium\" name=\"wpforms[fields][2]\" >\n\t\t<\/div>\n\t\t<div id=\"wpforms-3249-field_32-container\" class=\"wpforms-field wpforms-field-textarea\" data-field-id=\"32\"><label class=\"wpforms-field-label\" for=\"wpforms-3249-field_32\">T\u00e4psustav info: <span class=\"wpforms-required-label\" aria-hidden=\"true\">*<\/span><\/label><textarea id=\"wpforms-3249-field_32\" class=\"wpforms-field-medium wpforms-field-required\" name=\"wpforms[fields][32]\" aria-errormessage=\"wpforms-3249-field_32-error\" aria-describedby=\"wpforms-3249-field_32-description\" required><\/textarea><div id=\"wpforms-3249-field_32-description\" class=\"wpforms-field-description\">Kirjuta siia t\u00e4navanimed ja numbrid. \nLisa ka linnaosa. All m\u00e4rgi \u00e4ra hoone t\u00fc\u00fcp.<\/div><\/div><div id=\"wpforms-3249-field_8-container\" class=\"wpforms-field wpforms-field-radio wpforms-list-inline\" data-field-id=\"8\"><fieldset><legend class=\"wpforms-field-label\">K\u00f5rgus: <span class=\"wpforms-required-label\" aria-hidden=\"true\">*<\/span><\/legend><ul id=\"wpforms-3249-field_8\" class=\"wpforms-field-required\"><li class=\"choice-1 depth-1\"><input type=\"radio\" id=\"wpforms-3249-field_8_1\" name=\"wpforms[fields][8]\" value=\"320mm (korruselamu, -hoone)\" aria-errormessage=\"wpforms-3249-field_8_1-error\" required ><label class=\"wpforms-field-label-inline\" for=\"wpforms-3249-field_8_1\">320mm (korruselamu, -hoone)<\/label><\/li><li class=\"choice-2 depth-1\"><input type=\"radio\" id=\"wpforms-3249-field_8_2\" name=\"wpforms[fields][8]\" value=\"180mm (eramu)\" aria-errormessage=\"wpforms-3249-field_8_2-error\" required ><label class=\"wpforms-field-label-inline\" for=\"wpforms-3249-field_8_2\">180mm (eramu)<\/label><\/li><\/ul><\/fieldset><\/div><div id=\"wpforms-3249-field_10-container\" class=\"wpforms-field wpforms-field-select wpforms-field-select-style-modern\" data-field-id=\"10\"><label class=\"wpforms-field-label\" for=\"wpforms-3249-field_10\">Materjal: <span class=\"wpforms-required-label\" aria-hidden=\"true\">*<\/span><\/label><select id=\"wpforms-3249-field_10\" class=\"wpforms-field-medium wpforms-field-required choicesjs-select\" data-size-class=\"wpforms-field-row wpforms-field-medium\" data-search-enabled=\"\" name=\"wpforms[fields][10]\" required=\"required\"><option value=\"\" class=\"placeholder\" disabled  selected='selected'><\/option><option value=\"Valgustpeegeldav valge+3 mm alumiinium-komposiitplaat\"  class=\"choice-1 depth-1\"  >Valgustpeegeldav valge+3 mm alumiinium-komposiitplaat<\/option><option value=\"Tavaline valge+3 mm alumiinium-komposiitplaat\"  class=\"choice-2 depth-1\"  >Tavaline valge+3 mm alumiinium-komposiitplaat<\/option><\/select><\/div><div id=\"wpforms-3249-field_33-container\" class=\"wpforms-field wpforms-field-number\" data-field-id=\"33\"><label class=\"wpforms-field-label\" for=\"wpforms-3249-field_33\">Kogus: <span class=\"wpforms-required-label\" aria-hidden=\"true\">*<\/span><\/label><input type=\"number\" id=\"wpforms-3249-field_33\" class=\"wpforms-field-small wpforms-field-required\" name=\"wpforms[fields][33]\" step=\"any\" aria-errormessage=\"wpforms-3249-field_33-error\" required><\/div><div id=\"wpforms-3249-field_29-container\" class=\"wpforms-field wpforms-field-name\" data-field-id=\"29\"><label class=\"wpforms-field-label\" for=\"wpforms-3249-field_29\">Kontaktisik: <span class=\"wpforms-required-label\" aria-hidden=\"true\">*<\/span><\/label><input type=\"text\" id=\"wpforms-3249-field_29\" class=\"wpforms-field-medium wpforms-field-required\" name=\"wpforms[fields][29]\" aria-errormessage=\"wpforms-3249-field_29-error\" required><\/div><div id=\"wpforms-3249-field_30-container\" class=\"wpforms-field wpforms-field-name\" data-field-id=\"30\"><label class=\"wpforms-field-label\" for=\"wpforms-3249-field_30\">Ettev\u00f5tte nimi:<\/label><input type=\"text\" id=\"wpforms-3249-field_30\" class=\"wpforms-field-medium\" name=\"wpforms[fields][30]\" aria-errormessage=\"wpforms-3249-field_30-error\" ><\/div><div id=\"wpforms-3249-field_1-container\" class=\"wpforms-field wpforms-field-name\" data-field-id=\"1\"><label class=\"wpforms-field-label\" for=\"wpforms-3249-field_1\">Kontakttelefon: <span class=\"wpforms-required-label\" aria-hidden=\"true\">*<\/span><\/label><input type=\"text\" id=\"wpforms-3249-field_1\" class=\"wpforms-field-medium wpforms-field-required\" name=\"wpforms[fields][1]\" aria-errormessage=\"wpforms-3249-field_1-error\" required><\/div><div id=\"wpforms-3249-field_7-container\" class=\"wpforms-field wpforms-field-email\" data-field-id=\"7\"><label class=\"wpforms-field-label\" for=\"wpforms-3249-field_7\">Email <span class=\"wpforms-required-label\" aria-hidden=\"true\">*<\/span><\/label><input type=\"email\" id=\"wpforms-3249-field_7\" class=\"wpforms-field-medium wpforms-field-required\" name=\"wpforms[fields][7]\" spellcheck=\"false\" aria-errormessage=\"wpforms-3249-field_7-error\" required><\/div><script>\n\t\t\t\t( function() {\n\t\t\t\t\tconst style = document.createElement( 'style' );\n\t\t\t\t\tstyle.appendChild( document.createTextNode( '#wpforms-3249-field_2-container { position: absolute !important; overflow: hidden !important; display: inline !important; height: 1px !important; width: 1px !important; z-index: -1000 !important; padding: 0 !important; } #wpforms-3249-field_2-container input { visibility: hidden; } #wpforms-conversational-form-page #wpforms-3249-field_2-container label { counter-increment: none; }' ) );\n\t\t\t\t\tdocument.head.appendChild( style );\n\t\t\t\t\tdocument.currentScript?.remove();\n\t\t\t\t} )();\n\t\t\t<\/script><\/div><!-- .wpforms-field-container --><div class=\"wpforms-recaptcha-container wpforms-is-recaptcha wpforms-is-recaptcha-type-invisible\" ><div class=\"g-recaptcha\" data-sitekey=\"6LdzjlYqAAAAAMAW4IVc8mLuJE2EYudua8gh8o5A\" data-size=\"invisible\"><\/div><\/div><div class=\"wpforms-submit-container\" ><input type=\"hidden\" name=\"wpforms[id]\" value=\"3249\"><input type=\"hidden\" name=\"page_title\" value=\"\"><input type=\"hidden\" name=\"page_url\" value=\"https:\/\/kolmlovitrykikeskus.ee\/index.php?rest_route=\/wp\/v2\/pages\/2168\"><input type=\"hidden\" name=\"url_referer\" value=\"\"><button type=\"submit\" name=\"wpforms[submit]\" id=\"wpforms-submit-3249\" class=\"wpforms-submit\" data-alt-text=\"Saadab...\" data-submit-text=\"Saada\" aria-live=\"assertive\" value=\"wpforms-submit\">Saada<\/button><img loading=\"lazy\" decoding=\"async\" src=\"https:\/\/kolmlovitrykikeskus.ee\/wp-content\/plugins\/wpforms-lite\/assets\/images\/submit-spin.svg\" class=\"wpforms-submit-spinner\" style=\"display: none;\" width=\"26\" height=\"26\" alt=\"Loading\"><\/div><\/form><\/div>  <!-- .wpforms-container -->\n","protected":false},"excerpt":{"rendered":"<p>Aadresst\u00e4hised, t\u00e4navanimed, sildid t\u00e4navanimetustega, viidad ja majanumbrid, korterinumbrid, trepikojanumbrid. Tavaliselt valmistame majanumbrid, t\u00e4navanimesildid korrosiooni- ja ilmastikukindlale komposiitmaterjalile. Veidi soodsam on tellida aadresst\u00e4hised 5mm plastikust, kuid [&#8230;]<\/p>\n","protected":false},"author":5,"featured_media":0,"parent":0,"menu_order":0,"comment_status":"closed","ping_status":"closed","template":"","meta":{"footnotes":""},"class_list":["post-2168","page","type-page","status-publish","hentry"],"yoast_head":"<!-- This site is optimized with the Yoast SEO plugin v27.5 - https:\/\/yoast.com\/product\/yoast-seo-wordpress\/ -->\n<title>T\u00e4navate nimesildid - Kolm L\u00f5vi Tr\u00fckikeskus<\/title>\n<meta name=\"description\" content=\"T\u00e4navate nimesildid Aadresst\u00e4hised, t\u00e4navanimed, sildid t\u00e4navanimetustega, viidad ja majanumbrid, korterinumbrid, trepikojanumbrid\" \/>\n<meta name=\"robots\" content=\"index, follow, max-snippet:-1, max-image-preview:large, max-video-preview:-1\" \/>\n<link rel=\"canonical\" href=\"https:\/\/kolmlovitrykikeskus.ee\/?page_id=2168\" \/>\n<meta property=\"og:locale\" content=\"et_EE\" \/>\n<meta property=\"og:type\" content=\"article\" \/>\n<meta property=\"og:title\" content=\"T\u00e4navate nimesildid - Kolm L\u00f5vi Tr\u00fckikeskus\" \/>\n<meta property=\"og:description\" content=\"T\u00e4navate nimesildid Aadresst\u00e4hised, t\u00e4navanimed, sildid t\u00e4navanimetustega, viidad ja majanumbrid, korterinumbrid, trepikojanumbrid\" \/>\n<meta property=\"og:url\" content=\"https:\/\/kolmlovitrykikeskus.ee\/?page_id=2168\" \/>\n<meta property=\"og:site_name\" content=\"Kolm L\u00f5vi Tr\u00fckikeskus\" \/>\n<meta property=\"article:publisher\" content=\"https:\/\/www.facebook.com\/kolmlovitrykikeskus\" \/>\n<meta property=\"article:modified_time\" content=\"2024-12-13T07:26:56+00:00\" \/>\n<meta property=\"og:image\" content=\"https:\/\/kolmlovitrykikeskus.ee\/wp-content\/uploads\/2024\/08\/tanava_nimesildid_numbrid19.png\" \/>\n\t<meta property=\"og:image:width\" content=\"520\" \/>\n\t<meta property=\"og:image:height\" content=\"629\" \/>\n\t<meta property=\"og:image:type\" content=\"image\/png\" \/>\n<meta name=\"twitter:card\" content=\"summary_large_image\" \/>\n<meta name=\"twitter:label1\" content=\"Est. reading time\" \/>\n\t<meta name=\"twitter:data1\" content=\"2 minutit\" \/>\n<script type=\"application\/ld+json\" class=\"yoast-schema-graph\">{\"@context\":\"https:\\\/\\\/schema.org\",\"@graph\":[{\"@type\":\"WebPage\",\"@id\":\"https:\\\/\\\/kolmlovitrykikeskus.ee\\\/?page_id=2168\",\"url\":\"https:\\\/\\\/kolmlovitrykikeskus.ee\\\/?page_id=2168\",\"name\":\"T\u00e4navate nimesildid - Kolm L\u00f5vi Tr\u00fckikeskus\",\"isPartOf\":{\"@id\":\"https:\\\/\\\/kolmlovitrykikeskus.ee\\\/#website\"},\"primaryImageOfPage\":{\"@id\":\"https:\\\/\\\/kolmlovitrykikeskus.ee\\\/?page_id=2168#primaryimage\"},\"image\":{\"@id\":\"https:\\\/\\\/kolmlovitrykikeskus.ee\\\/?page_id=2168#primaryimage\"},\"thumbnailUrl\":\"https:\\\/\\\/kolmlovitrykikeskus.ee\\\/wp-content\\\/uploads\\\/2024\\\/08\\\/tanava_nimesildid_numbrid19.png\",\"datePublished\":\"2024-08-26T17:02:49+00:00\",\"dateModified\":\"2024-12-13T07:26:56+00:00\",\"description\":\"T\u00e4navate nimesildid Aadresst\u00e4hised, t\u00e4navanimed, sildid t\u00e4navanimetustega, viidad ja majanumbrid, korterinumbrid, trepikojanumbrid\",\"breadcrumb\":{\"@id\":\"https:\\\/\\\/kolmlovitrykikeskus.ee\\\/?page_id=2168#breadcrumb\"},\"inLanguage\":\"et\",\"potentialAction\":[{\"@type\":\"ReadAction\",\"target\":[\"https:\\\/\\\/kolmlovitrykikeskus.ee\\\/?page_id=2168\"]}]},{\"@type\":\"ImageObject\",\"inLanguage\":\"et\",\"@id\":\"https:\\\/\\\/kolmlovitrykikeskus.ee\\\/?page_id=2168#primaryimage\",\"url\":\"https:\\\/\\\/kolmlovitrykikeskus.ee\\\/wp-content\\\/uploads\\\/2024\\\/08\\\/tanava_nimesildid_numbrid19.png\",\"contentUrl\":\"https:\\\/\\\/kolmlovitrykikeskus.ee\\\/wp-content\\\/uploads\\\/2024\\\/08\\\/tanava_nimesildid_numbrid19.png\",\"width\":520,\"height\":629},{\"@type\":\"BreadcrumbList\",\"@id\":\"https:\\\/\\\/kolmlovitrykikeskus.ee\\\/?page_id=2168#breadcrumb\",\"itemListElement\":[{\"@type\":\"ListItem\",\"position\":1,\"name\":\"Home\",\"item\":\"https:\\\/\\\/kolmlovitrykikeskus.ee\\\/\"},{\"@type\":\"ListItem\",\"position\":2,\"name\":\"T\u00e4navate nimesildid\"}]},{\"@type\":\"WebSite\",\"@id\":\"https:\\\/\\\/kolmlovitrykikeskus.ee\\\/#website\",\"url\":\"https:\\\/\\\/kolmlovitrykikeskus.ee\\\/\",\"name\":\"Kolm L\u00f5vi Tr\u00fckikeskus\",\"description\":\"Leiame lahenduse!\",\"publisher\":{\"@id\":\"https:\\\/\\\/kolmlovitrykikeskus.ee\\\/#organization\"},\"potentialAction\":[{\"@type\":\"SearchAction\",\"target\":{\"@type\":\"EntryPoint\",\"urlTemplate\":\"https:\\\/\\\/kolmlovitrykikeskus.ee\\\/?s={search_term_string}\"},\"query-input\":{\"@type\":\"PropertyValueSpecification\",\"valueRequired\":true,\"valueName\":\"search_term_string\"}}],\"inLanguage\":\"et\"},{\"@type\":\"Organization\",\"@id\":\"https:\\\/\\\/kolmlovitrykikeskus.ee\\\/#organization\",\"name\":\"Kolm L\u00f5vi Tr\u00fckikeskus\",\"url\":\"https:\\\/\\\/kolmlovitrykikeskus.ee\\\/\",\"logo\":{\"@type\":\"ImageObject\",\"inLanguage\":\"et\",\"@id\":\"https:\\\/\\\/kolmlovitrykikeskus.ee\\\/#\\\/schema\\\/logo\\\/image\\\/\",\"url\":\"https:\\\/\\\/kolmlovitrykikeskus.ee\\\/wp-content\\\/uploads\\\/2023\\\/12\\\/cropped-kltk-logo.png\",\"contentUrl\":\"https:\\\/\\\/kolmlovitrykikeskus.ee\\\/wp-content\\\/uploads\\\/2023\\\/12\\\/cropped-kltk-logo.png\",\"width\":640,\"height\":170,\"caption\":\"Kolm L\u00f5vi Tr\u00fckikeskus\"},\"image\":{\"@id\":\"https:\\\/\\\/kolmlovitrykikeskus.ee\\\/#\\\/schema\\\/logo\\\/image\\\/\"},\"sameAs\":[\"https:\\\/\\\/www.facebook.com\\\/kolmlovitrykikeskus\"]}]}<\/script>\n<!-- \/ Yoast SEO plugin. -->","yoast_head_json":{"title":"T\u00e4navate nimesildid - Kolm L\u00f5vi Tr\u00fckikeskus","description":"T\u00e4navate nimesildid Aadresst\u00e4hised, t\u00e4navanimed, sildid t\u00e4navanimetustega, viidad ja majanumbrid, korterinumbrid, trepikojanumbrid","robots":{"index":"index","follow":"follow","max-snippet":"max-snippet:-1","max-image-preview":"max-image-preview:large","max-video-preview":"max-video-preview:-1"},"canonical":"https:\/\/kolmlovitrykikeskus.ee\/?page_id=2168","og_locale":"et_EE","og_type":"article","og_title":"T\u00e4navate nimesildid - Kolm L\u00f5vi Tr\u00fckikeskus","og_description":"T\u00e4navate nimesildid Aadresst\u00e4hised, t\u00e4navanimed, sildid t\u00e4navanimetustega, viidad ja majanumbrid, korterinumbrid, trepikojanumbrid","og_url":"https:\/\/kolmlovitrykikeskus.ee\/?page_id=2168","og_site_name":"Kolm L\u00f5vi Tr\u00fckikeskus","article_publisher":"https:\/\/www.facebook.com\/kolmlovitrykikeskus","article_modified_time":"2024-12-13T07:26:56+00:00","og_image":[{"width":520,"height":629,"url":"https:\/\/kolmlovitrykikeskus.ee\/wp-content\/uploads\/2024\/08\/tanava_nimesildid_numbrid19.png","type":"image\/png"}],"twitter_card":"summary_large_image","twitter_misc":{"Est. reading time":"2 minutit"},"schema":{"@context":"https:\/\/schema.org","@graph":[{"@type":"WebPage","@id":"https:\/\/kolmlovitrykikeskus.ee\/?page_id=2168","url":"https:\/\/kolmlovitrykikeskus.ee\/?page_id=2168","name":"T\u00e4navate nimesildid - Kolm L\u00f5vi Tr\u00fckikeskus","isPartOf":{"@id":"https:\/\/kolmlovitrykikeskus.ee\/#website"},"primaryImageOfPage":{"@id":"https:\/\/kolmlovitrykikeskus.ee\/?page_id=2168#primaryimage"},"image":{"@id":"https:\/\/kolmlovitrykikeskus.ee\/?page_id=2168#primaryimage"},"thumbnailUrl":"https:\/\/kolmlovitrykikeskus.ee\/wp-content\/uploads\/2024\/08\/tanava_nimesildid_numbrid19.png","datePublished":"2024-08-26T17:02:49+00:00","dateModified":"2024-12-13T07:26:56+00:00","description":"T\u00e4navate nimesildid Aadresst\u00e4hised, t\u00e4navanimed, sildid t\u00e4navanimetustega, viidad ja majanumbrid, korterinumbrid, trepikojanumbrid","breadcrumb":{"@id":"https:\/\/kolmlovitrykikeskus.ee\/?page_id=2168#breadcrumb"},"inLanguage":"et","potentialAction":[{"@type":"ReadAction","target":["https:\/\/kolmlovitrykikeskus.ee\/?page_id=2168"]}]},{"@type":"ImageObject","inLanguage":"et","@id":"https:\/\/kolmlovitrykikeskus.ee\/?page_id=2168#primaryimage","url":"https:\/\/kolmlovitrykikeskus.ee\/wp-content\/uploads\/2024\/08\/tanava_nimesildid_numbrid19.png","contentUrl":"https:\/\/kolmlovitrykikeskus.ee\/wp-content\/uploads\/2024\/08\/tanava_nimesildid_numbrid19.png","width":520,"height":629},{"@type":"BreadcrumbList","@id":"https:\/\/kolmlovitrykikeskus.ee\/?page_id=2168#breadcrumb","itemListElement":[{"@type":"ListItem","position":1,"name":"Home","item":"https:\/\/kolmlovitrykikeskus.ee\/"},{"@type":"ListItem","position":2,"name":"T\u00e4navate nimesildid"}]},{"@type":"WebSite","@id":"https:\/\/kolmlovitrykikeskus.ee\/#website","url":"https:\/\/kolmlovitrykikeskus.ee\/","name":"Kolm L\u00f5vi Tr\u00fckikeskus","description":"Leiame lahenduse!","publisher":{"@id":"https:\/\/kolmlovitrykikeskus.ee\/#organization"},"potentialAction":[{"@type":"SearchAction","target":{"@type":"EntryPoint","urlTemplate":"https:\/\/kolmlovitrykikeskus.ee\/?s={search_term_string}"},"query-input":{"@type":"PropertyValueSpecification","valueRequired":true,"valueName":"search_term_string"}}],"inLanguage":"et"},{"@type":"Organization","@id":"https:\/\/kolmlovitrykikeskus.ee\/#organization","name":"Kolm L\u00f5vi Tr\u00fckikeskus","url":"https:\/\/kolmlovitrykikeskus.ee\/","logo":{"@type":"ImageObject","inLanguage":"et","@id":"https:\/\/kolmlovitrykikeskus.ee\/#\/schema\/logo\/image\/","url":"https:\/\/kolmlovitrykikeskus.ee\/wp-content\/uploads\/2023\/12\/cropped-kltk-logo.png","contentUrl":"https:\/\/kolmlovitrykikeskus.ee\/wp-content\/uploads\/2023\/12\/cropped-kltk-logo.png","width":640,"height":170,"caption":"Kolm L\u00f5vi Tr\u00fckikeskus"},"image":{"@id":"https:\/\/kolmlovitrykikeskus.ee\/#\/schema\/logo\/image\/"},"sameAs":["https:\/\/www.facebook.com\/kolmlovitrykikeskus"]}]}},"_links":{"self":[{"href":"https:\/\/kolmlovitrykikeskus.ee\/index.php?rest_route=\/wp\/v2\/pages\/2168","targetHints":{"allow":["GET"]}}],"collection":[{"href":"https:\/\/kolmlovitrykikeskus.ee\/index.php?rest_route=\/wp\/v2\/pages"}],"about":[{"href":"https:\/\/kolmlovitrykikeskus.ee\/index.php?rest_route=\/wp\/v2\/types\/page"}],"author":[{"embeddable":true,"href":"https:\/\/kolmlovitrykikeskus.ee\/index.php?rest_route=\/wp\/v2\/users\/5"}],"replies":[{"embeddable":true,"href":"https:\/\/kolmlovitrykikeskus.ee\/index.php?rest_route=%2Fwp%2Fv2%2Fcomments&post=2168"}],"version-history":[{"count":23,"href":"https:\/\/kolmlovitrykikeskus.ee\/index.php?rest_route=\/wp\/v2\/pages\/2168\/revisions"}],"predecessor-version":[{"id":4224,"href":"https:\/\/kolmlovitrykikeskus.ee\/index.php?rest_route=\/wp\/v2\/pages\/2168\/revisions\/4224"}],"wp:attachment":[{"href":"https:\/\/kolmlovitrykikeskus.ee\/index.php?rest_route=%2Fwp%2Fv2%2Fmedia&parent=2168"}],"curies":[{"name":"wp","href":"https:\/\/api.w.org\/{rel}","templated":true}]}}