{"id":2165,"date":"2024-08-26T19:06:33","date_gmt":"2024-08-26T17:06:33","guid":{"rendered":"https:\/\/kolmlovitrykikeskus.ee\/?page_id=2165"},"modified":"2024-11-12T10:56:38","modified_gmt":"2024-11-12T08:56:38","slug":"digifoolium-efekttrukk","status":"publish","type":"page","link":"https:\/\/kolmlovitrykikeskus.ee\/?page_id=2165","title":{"rendered":"Digifoolium"},"content":{"rendered":"<p>Digifooliumi kasutatakse v\u00e4ikesetiraa\u017eiliste ja digitr\u00fckis tr\u00fckitud tr\u00fckiste ilmestamiseks.<\/p>\n<p>Ta on sarnane tavalisele fooliumtr\u00fckile. Fooliumtr\u00fcki kiht kantakse eelnevalt tr\u00fckitud toonerkihi peale. Mida tumedam tooner ja mida siledam paber ja seda siledam j\u00e4\u00e4b ka digifooliumi kiht. N\u00e4iteks Curious Metallics paberil j\u00e4\u00e4b pind veidi kulutatud ilmega nn. vanutatud kulla efektiga. Igal juhul hea v\u00f5imalus visiitkaarti v\u00f5i kutsekaarti muuta s\u00e4ravalt pilkup\u00fc\u00fcdvaks.<\/p>\n<p><a href=\"https:\/\/kolmlovitrykikeskus.ee\/wp-content\/uploads\/2024\/08\/digifoolium.jpg\"><img loading=\"lazy\" decoding=\"async\" class=\"alignnone wp-image-2166 size-full\" src=\"https:\/\/kolmlovitrykikeskus.ee\/wp-content\/uploads\/2024\/08\/digifoolium-detail.jpg\" alt=\"\" width=\"506\" height=\"114\" srcset=\"https:\/\/kolmlovitrykikeskus.ee\/wp-content\/uploads\/2024\/08\/digifoolium-detail.jpg 506w, https:\/\/kolmlovitrykikeskus.ee\/wp-content\/uploads\/2024\/08\/digifoolium-detail-300x68.jpg 300w\" sizes=\"auto, (max-width: 506px) 100vw, 506px\" \/><\/a><br \/>\nKl\u00f5psa pildile, et n\u00e4ha detaile t\u00e4psemalt.<\/p>\n<p>Tumedal paberil t\u00f5useb fooliumiga r\u00f5hutatud detail eriti h\u00e4sti esile. V\u00e4ikeste kirjade\/kujundite puhul v\u00f5ib digifoolium j\u00e4\u00e4da katkendlik.<\/p>\n<p>Digifooliumi tehniliste v\u00f5imaluste, piirangute ja teiste tehnoloogiatega kombineerimise variantide kohta k\u00fcsi t\u00e4psemalt info (\u00e4t) trykikeskus.ee<\/p>\n<p>&nbsp;<\/p>\n","protected":false},"excerpt":{"rendered":"<p>Digifooliumi kasutatakse v\u00e4ikesetiraa\u017eiliste ja digitr\u00fckis tr\u00fckitud tr\u00fckiste ilmestamiseks. Ta on sarnane tavalisele fooliumtr\u00fckile. Fooliumtr\u00fcki kiht kantakse eelnevalt tr\u00fckitud toonerkihi peale. Mida tumedam tooner ja mida [&#8230;]<\/p>\n","protected":false},"author":5,"featured_media":0,"parent":0,"menu_order":0,"comment_status":"closed","ping_status":"closed","template":"","meta":{"footnotes":""},"class_list":["post-2165","page","type-page","status-publish","hentry"],"yoast_head":"<!-- This site is optimized with the Yoast SEO plugin v27.4 - https:\/\/yoast.com\/product\/yoast-seo-wordpress\/ -->\n<title>Digifoolium - Kolm L\u00f5vi Tr\u00fckikeskus<\/title>\n<meta name=\"description\" content=\"Digifoolium, fooliumtr\u00fckk, l\u00e4ikiv pind, efektne tr\u00fckk\" \/>\n<meta name=\"robots\" content=\"index, follow, max-snippet:-1, max-image-preview:large, max-video-preview:-1\" \/>\n<link rel=\"canonical\" href=\"https:\/\/kolmlovitrykikeskus.ee\/?page_id=2165\" \/>\n<meta property=\"og:locale\" content=\"et_EE\" \/>\n<meta property=\"og:type\" content=\"article\" \/>\n<meta property=\"og:title\" content=\"Digifoolium - Kolm L\u00f5vi Tr\u00fckikeskus\" \/>\n<meta property=\"og:description\" content=\"Digifoolium, fooliumtr\u00fckk, l\u00e4ikiv pind, efektne tr\u00fckk\" \/>\n<meta property=\"og:url\" content=\"https:\/\/kolmlovitrykikeskus.ee\/?page_id=2165\" \/>\n<meta property=\"og:site_name\" content=\"Kolm L\u00f5vi Tr\u00fckikeskus\" \/>\n<meta property=\"article:publisher\" content=\"https:\/\/www.facebook.com\/kolmlovitrykikeskus\" \/>\n<meta property=\"article:modified_time\" content=\"2024-11-12T08:56:38+00:00\" \/>\n<meta property=\"og:image\" content=\"https:\/\/kolmlovitrykikeskus.ee\/wp-content\/uploads\/2024\/08\/digifoolium-detail.jpg\" \/>\n<meta name=\"twitter:card\" content=\"summary_large_image\" \/>\n<meta name=\"twitter:label1\" content=\"Est. reading time\" \/>\n\t<meta name=\"twitter:data1\" content=\"1 minut\" \/>\n<script type=\"application\/ld+json\" class=\"yoast-schema-graph\">{\"@context\":\"https:\\\/\\\/schema.org\",\"@graph\":[{\"@type\":\"WebPage\",\"@id\":\"https:\\\/\\\/kolmlovitrykikeskus.ee\\\/?page_id=2165\",\"url\":\"https:\\\/\\\/kolmlovitrykikeskus.ee\\\/?page_id=2165\",\"name\":\"Digifoolium - Kolm L\u00f5vi Tr\u00fckikeskus\",\"isPartOf\":{\"@id\":\"https:\\\/\\\/kolmlovitrykikeskus.ee\\\/#website\"},\"primaryImageOfPage\":{\"@id\":\"https:\\\/\\\/kolmlovitrykikeskus.ee\\\/?page_id=2165#primaryimage\"},\"image\":{\"@id\":\"https:\\\/\\\/kolmlovitrykikeskus.ee\\\/?page_id=2165#primaryimage\"},\"thumbnailUrl\":\"https:\\\/\\\/kolmlovitrykikeskus.ee\\\/wp-content\\\/uploads\\\/2024\\\/08\\\/digifoolium-detail.jpg\",\"datePublished\":\"2024-08-26T17:06:33+00:00\",\"dateModified\":\"2024-11-12T08:56:38+00:00\",\"description\":\"Digifoolium, fooliumtr\u00fckk, l\u00e4ikiv pind, efektne tr\u00fckk\",\"breadcrumb\":{\"@id\":\"https:\\\/\\\/kolmlovitrykikeskus.ee\\\/?page_id=2165#breadcrumb\"},\"inLanguage\":\"et\",\"potentialAction\":[{\"@type\":\"ReadAction\",\"target\":[\"https:\\\/\\\/kolmlovitrykikeskus.ee\\\/?page_id=2165\"]}]},{\"@type\":\"ImageObject\",\"inLanguage\":\"et\",\"@id\":\"https:\\\/\\\/kolmlovitrykikeskus.ee\\\/?page_id=2165#primaryimage\",\"url\":\"https:\\\/\\\/kolmlovitrykikeskus.ee\\\/wp-content\\\/uploads\\\/2024\\\/08\\\/digifoolium-detail.jpg\",\"contentUrl\":\"https:\\\/\\\/kolmlovitrykikeskus.ee\\\/wp-content\\\/uploads\\\/2024\\\/08\\\/digifoolium-detail.jpg\",\"width\":506,\"height\":114},{\"@type\":\"BreadcrumbList\",\"@id\":\"https:\\\/\\\/kolmlovitrykikeskus.ee\\\/?page_id=2165#breadcrumb\",\"itemListElement\":[{\"@type\":\"ListItem\",\"position\":1,\"name\":\"Home\",\"item\":\"https:\\\/\\\/kolmlovitrykikeskus.ee\\\/\"},{\"@type\":\"ListItem\",\"position\":2,\"name\":\"Digifoolium\"}]},{\"@type\":\"WebSite\",\"@id\":\"https:\\\/\\\/kolmlovitrykikeskus.ee\\\/#website\",\"url\":\"https:\\\/\\\/kolmlovitrykikeskus.ee\\\/\",\"name\":\"Kolm L\u00f5vi Tr\u00fckikeskus\",\"description\":\"Leiame lahenduse!\",\"publisher\":{\"@id\":\"https:\\\/\\\/kolmlovitrykikeskus.ee\\\/#organization\"},\"potentialAction\":[{\"@type\":\"SearchAction\",\"target\":{\"@type\":\"EntryPoint\",\"urlTemplate\":\"https:\\\/\\\/kolmlovitrykikeskus.ee\\\/?s={search_term_string}\"},\"query-input\":{\"@type\":\"PropertyValueSpecification\",\"valueRequired\":true,\"valueName\":\"search_term_string\"}}],\"inLanguage\":\"et\"},{\"@type\":\"Organization\",\"@id\":\"https:\\\/\\\/kolmlovitrykikeskus.ee\\\/#organization\",\"name\":\"Kolm L\u00f5vi Tr\u00fckikeskus\",\"url\":\"https:\\\/\\\/kolmlovitrykikeskus.ee\\\/\",\"logo\":{\"@type\":\"ImageObject\",\"inLanguage\":\"et\",\"@id\":\"https:\\\/\\\/kolmlovitrykikeskus.ee\\\/#\\\/schema\\\/logo\\\/image\\\/\",\"url\":\"https:\\\/\\\/kolmlovitrykikeskus.ee\\\/wp-content\\\/uploads\\\/2023\\\/12\\\/cropped-kltk-logo.png\",\"contentUrl\":\"https:\\\/\\\/kolmlovitrykikeskus.ee\\\/wp-content\\\/uploads\\\/2023\\\/12\\\/cropped-kltk-logo.png\",\"width\":640,\"height\":170,\"caption\":\"Kolm L\u00f5vi Tr\u00fckikeskus\"},\"image\":{\"@id\":\"https:\\\/\\\/kolmlovitrykikeskus.ee\\\/#\\\/schema\\\/logo\\\/image\\\/\"},\"sameAs\":[\"https:\\\/\\\/www.facebook.com\\\/kolmlovitrykikeskus\"]}]}<\/script>\n<!-- \/ Yoast SEO plugin. -->","yoast_head_json":{"title":"Digifoolium - Kolm L\u00f5vi Tr\u00fckikeskus","description":"Digifoolium, fooliumtr\u00fckk, l\u00e4ikiv pind, efektne tr\u00fckk","robots":{"index":"index","follow":"follow","max-snippet":"max-snippet:-1","max-image-preview":"max-image-preview:large","max-video-preview":"max-video-preview:-1"},"canonical":"https:\/\/kolmlovitrykikeskus.ee\/?page_id=2165","og_locale":"et_EE","og_type":"article","og_title":"Digifoolium - Kolm L\u00f5vi Tr\u00fckikeskus","og_description":"Digifoolium, fooliumtr\u00fckk, l\u00e4ikiv pind, efektne tr\u00fckk","og_url":"https:\/\/kolmlovitrykikeskus.ee\/?page_id=2165","og_site_name":"Kolm L\u00f5vi Tr\u00fckikeskus","article_publisher":"https:\/\/www.facebook.com\/kolmlovitrykikeskus","article_modified_time":"2024-11-12T08:56:38+00:00","og_image":[{"url":"https:\/\/kolmlovitrykikeskus.ee\/wp-content\/uploads\/2024\/08\/digifoolium-detail.jpg","type":"","width":"","height":""}],"twitter_card":"summary_large_image","twitter_misc":{"Est. reading time":"1 minut"},"schema":{"@context":"https:\/\/schema.org","@graph":[{"@type":"WebPage","@id":"https:\/\/kolmlovitrykikeskus.ee\/?page_id=2165","url":"https:\/\/kolmlovitrykikeskus.ee\/?page_id=2165","name":"Digifoolium - Kolm L\u00f5vi Tr\u00fckikeskus","isPartOf":{"@id":"https:\/\/kolmlovitrykikeskus.ee\/#website"},"primaryImageOfPage":{"@id":"https:\/\/kolmlovitrykikeskus.ee\/?page_id=2165#primaryimage"},"image":{"@id":"https:\/\/kolmlovitrykikeskus.ee\/?page_id=2165#primaryimage"},"thumbnailUrl":"https:\/\/kolmlovitrykikeskus.ee\/wp-content\/uploads\/2024\/08\/digifoolium-detail.jpg","datePublished":"2024-08-26T17:06:33+00:00","dateModified":"2024-11-12T08:56:38+00:00","description":"Digifoolium, fooliumtr\u00fckk, l\u00e4ikiv pind, efektne tr\u00fckk","breadcrumb":{"@id":"https:\/\/kolmlovitrykikeskus.ee\/?page_id=2165#breadcrumb"},"inLanguage":"et","potentialAction":[{"@type":"ReadAction","target":["https:\/\/kolmlovitrykikeskus.ee\/?page_id=2165"]}]},{"@type":"ImageObject","inLanguage":"et","@id":"https:\/\/kolmlovitrykikeskus.ee\/?page_id=2165#primaryimage","url":"https:\/\/kolmlovitrykikeskus.ee\/wp-content\/uploads\/2024\/08\/digifoolium-detail.jpg","contentUrl":"https:\/\/kolmlovitrykikeskus.ee\/wp-content\/uploads\/2024\/08\/digifoolium-detail.jpg","width":506,"height":114},{"@type":"BreadcrumbList","@id":"https:\/\/kolmlovitrykikeskus.ee\/?page_id=2165#breadcrumb","itemListElement":[{"@type":"ListItem","position":1,"name":"Home","item":"https:\/\/kolmlovitrykikeskus.ee\/"},{"@type":"ListItem","position":2,"name":"Digifoolium"}]},{"@type":"WebSite","@id":"https:\/\/kolmlovitrykikeskus.ee\/#website","url":"https:\/\/kolmlovitrykikeskus.ee\/","name":"Kolm L\u00f5vi Tr\u00fckikeskus","description":"Leiame lahenduse!","publisher":{"@id":"https:\/\/kolmlovitrykikeskus.ee\/#organization"},"potentialAction":[{"@type":"SearchAction","target":{"@type":"EntryPoint","urlTemplate":"https:\/\/kolmlovitrykikeskus.ee\/?s={search_term_string}"},"query-input":{"@type":"PropertyValueSpecification","valueRequired":true,"valueName":"search_term_string"}}],"inLanguage":"et"},{"@type":"Organization","@id":"https:\/\/kolmlovitrykikeskus.ee\/#organization","name":"Kolm L\u00f5vi Tr\u00fckikeskus","url":"https:\/\/kolmlovitrykikeskus.ee\/","logo":{"@type":"ImageObject","inLanguage":"et","@id":"https:\/\/kolmlovitrykikeskus.ee\/#\/schema\/logo\/image\/","url":"https:\/\/kolmlovitrykikeskus.ee\/wp-content\/uploads\/2023\/12\/cropped-kltk-logo.png","contentUrl":"https:\/\/kolmlovitrykikeskus.ee\/wp-content\/uploads\/2023\/12\/cropped-kltk-logo.png","width":640,"height":170,"caption":"Kolm L\u00f5vi Tr\u00fckikeskus"},"image":{"@id":"https:\/\/kolmlovitrykikeskus.ee\/#\/schema\/logo\/image\/"},"sameAs":["https:\/\/www.facebook.com\/kolmlovitrykikeskus"]}]}},"_links":{"self":[{"href":"https:\/\/kolmlovitrykikeskus.ee\/index.php?rest_route=\/wp\/v2\/pages\/2165","targetHints":{"allow":["GET"]}}],"collection":[{"href":"https:\/\/kolmlovitrykikeskus.ee\/index.php?rest_route=\/wp\/v2\/pages"}],"about":[{"href":"https:\/\/kolmlovitrykikeskus.ee\/index.php?rest_route=\/wp\/v2\/types\/page"}],"author":[{"embeddable":true,"href":"https:\/\/kolmlovitrykikeskus.ee\/index.php?rest_route=\/wp\/v2\/users\/5"}],"replies":[{"embeddable":true,"href":"https:\/\/kolmlovitrykikeskus.ee\/index.php?rest_route=%2Fwp%2Fv2%2Fcomments&post=2165"}],"version-history":[{"count":6,"href":"https:\/\/kolmlovitrykikeskus.ee\/index.php?rest_route=\/wp\/v2\/pages\/2165\/revisions"}],"predecessor-version":[{"id":3940,"href":"https:\/\/kolmlovitrykikeskus.ee\/index.php?rest_route=\/wp\/v2\/pages\/2165\/revisions\/3940"}],"wp:attachment":[{"href":"https:\/\/kolmlovitrykikeskus.ee\/index.php?rest_route=%2Fwp%2Fv2%2Fmedia&parent=2165"}],"curies":[{"name":"wp","href":"https:\/\/api.w.org\/{rel}","templated":true}]}}