{"id":2126,"date":"2024-08-26T19:31:31","date_gmt":"2024-08-26T17:31:31","guid":{"rendered":"https:\/\/kolmlovitrykikeskus.ee\/?page_id=2126"},"modified":"2025-01-09T10:17:30","modified_gmt":"2025-01-09T08:17:30","slug":"stendid-ja-raamid-messilahendused","status":"publish","type":"page","link":"https:\/\/kolmlovitrykikeskus.ee\/?page_id=2126","title":{"rendered":"Stendid ja raamid. Messilahendused."},"content":{"rendered":"<h1>Kolm L\u00f5vi Tr\u00fckikeskus pakub erinevaid ekspositsioonilahendusi <a href=\"https:\/\/kolmlovitrykikeskus.ee\/?page_id=2282\">MarkBrick&#8217;ilt<\/a>.<\/h1>\n<p>Vaata allolevaid pilte ja konsulteeri kindlasti meiega kuidas v\u00f5iksite oma m\u00fc\u00fcgisaali, tooteesitlust, messiboksi silmapaistvamaks muuta.<br \/>\nLisaks pakutavatele raamidele, kinnitustele ja s\u00fcsteemidele, saame me valmistada neisse kogu vajaliku tr\u00fckimaterjali (pildid, plakatid, kangad jms). Lukustatavad klaasiga infostendid erinevates suurustes.<\/p>\n<h3>Valgusreklaam<\/h3>\n<p>VALGUSRAAMIDE KOHTA VAATA <a href=\"https:\/\/kolmlovitrykikeskus.ee\/?page_id=860\">siit.<\/a><\/p>\n<p><img loading=\"lazy\" decoding=\"async\" class=\"wp-image-2150 size-full aligncenter\" src=\"https:\/\/kolmlovitrykikeskus.ee\/wp-content\/uploads\/2024\/08\/poster-raamitud-kinnitus.jpg\" alt=\"\" width=\"657\" height=\"873\" srcset=\"https:\/\/kolmlovitrykikeskus.ee\/wp-content\/uploads\/2024\/08\/poster-raamitud-kinnitus.jpg 657w, https:\/\/kolmlovitrykikeskus.ee\/wp-content\/uploads\/2024\/08\/poster-raamitud-kinnitus-226x300.jpg 226w\" sizes=\"auto, (max-width: 657px) 100vw, 657px\" \/><\/p>\n<h3>Alumiiniumist raamid<\/h3>\n<p><img loading=\"lazy\" decoding=\"async\" class=\"wp-image-2149 size-full aligncenter\" src=\"https:\/\/kolmlovitrykikeskus.ee\/wp-content\/uploads\/2024\/08\/raamalumiinium.jpg\" alt=\"\" width=\"657\" height=\"362\" srcset=\"https:\/\/kolmlovitrykikeskus.ee\/wp-content\/uploads\/2024\/08\/raamalumiinium.jpg 657w, https:\/\/kolmlovitrykikeskus.ee\/wp-content\/uploads\/2024\/08\/raamalumiinium-300x165.jpg 300w\" sizes=\"auto, (max-width: 657px) 100vw, 657px\" \/><br \/>\n<em>Lisaks on meil v\u00f5imalik valmistada kliendile sobivates m\u00f5\u00f5tmetes soliidseid alumiiniumraame.<\/em><\/p>\n<h3>Peenikesed plastikraamid<\/h3>\n<p>Plastikraamid on saadaval tr\u00fckistele suurustes A6, A5, A4, A3, A2, A1.<br \/>\nPlastikraamid on kerged ning neid on v\u00f5imalik kleebitavate kinnitustega seinale paigutada ilma auku puurimata.<br \/>\nKui soovitakse graafika tr\u00fckkida \u00f5hukesele paberile tuleb raamides kasutada kattekilesid.<br \/>\nRaamid, mis on A4 v\u00f5i suuremad on soovitatav kleepida seinale v\u00e4hemalt nelja kinnitusega.<\/p>\n<p><img loading=\"lazy\" decoding=\"async\" class=\"wp-image-2148  aligncenter\" src=\"https:\/\/kolmlovitrykikeskus.ee\/wp-content\/uploads\/2024\/08\/plastraamid.jpg\" alt=\"\" width=\"664\" height=\"354\" srcset=\"https:\/\/kolmlovitrykikeskus.ee\/wp-content\/uploads\/2024\/08\/plastraamid.jpg 520w, https:\/\/kolmlovitrykikeskus.ee\/wp-content\/uploads\/2024\/08\/plastraamid-300x160.jpg 300w\" sizes=\"auto, (max-width: 664px) 100vw, 664px\" \/><\/p>\n<p>A6: graafika m\u00f5\u00f5t 105x148mm<br \/>\nA5: graafika m\u00f5\u00f5t 148x210mm<br \/>\nA4: graafika m\u00f5\u00f5t 210x297mm<br \/>\nA3: graafika m\u00f5\u00f5t 297x420mm<br \/>\nA2: graafika m\u00f5\u00f5t 420x594mm<br \/>\nA1: graafika m\u00f5\u00f5t 594x841mm<\/p>\n<p>Raamidel on v\u00e4rvivalik. P\u00fcsivalt laos hoiame musti raame.<br \/>\nRaamide v\u00e4rvused &#8211; sinine, roheline, punane, kollane, oran\u017e, must, l\u00e4bipaistev, valge. A1, A4 ja A5 suurust on ka halli v\u00e4rvi.<\/p>\n<p><img loading=\"lazy\" decoding=\"async\" class=\"alignnone wp-image-2147\" src=\"https:\/\/kolmlovitrykikeskus.ee\/wp-content\/uploads\/2024\/08\/mb-collect-300x205.jpg\" alt=\"\" width=\"341\" height=\"233\" srcset=\"https:\/\/kolmlovitrykikeskus.ee\/wp-content\/uploads\/2024\/08\/mb-collect-300x205.jpg 300w, https:\/\/kolmlovitrykikeskus.ee\/wp-content\/uploads\/2024\/08\/mb-collect.jpg 365w\" sizes=\"auto, (max-width: 341px) 100vw, 341px\" \/> <img loading=\"lazy\" decoding=\"async\" class=\"alignnone wp-image-2137 size-full\" src=\"https:\/\/kolmlovitrykikeskus.ee\/wp-content\/uploads\/2024\/08\/mb-messibixid.jpg\" alt=\"\" width=\"365\" height=\"245\" srcset=\"https:\/\/kolmlovitrykikeskus.ee\/wp-content\/uploads\/2024\/08\/mb-messibixid.jpg 365w, https:\/\/kolmlovitrykikeskus.ee\/wp-content\/uploads\/2024\/08\/mb-messibixid-300x201.jpg 300w\" sizes=\"auto, (max-width: 365px) 100vw, 365px\" \/><\/p>\n<h3>Roll-up<\/h3>\n<p><img loading=\"lazy\" decoding=\"async\" class=\"alignnone wp-image-2144 \" src=\"https:\/\/kolmlovitrykikeskus.ee\/wp-content\/uploads\/2024\/08\/mb-bannerup-lite-singleside.jpg\" alt=\"\" width=\"209\" height=\"355\" \/><img loading=\"lazy\" decoding=\"async\" class=\"alignnone wp-image-2151 \" src=\"https:\/\/kolmlovitrykikeskus.ee\/wp-content\/uploads\/2024\/08\/mb-bannerup-lite-complete.jpg\" alt=\"\" width=\"337\" height=\"362\" \/><\/p>\n<h3>Flexiframe<\/h3>\n<p><img loading=\"lazy\" decoding=\"async\" class=\"alignnone wp-image-2143\" src=\"https:\/\/kolmlovitrykikeskus.ee\/wp-content\/uploads\/2024\/08\/mb-budget-frame-300x230.jpg\" alt=\"\" width=\"356\" height=\"273\" srcset=\"https:\/\/kolmlovitrykikeskus.ee\/wp-content\/uploads\/2024\/08\/mb-budget-frame-300x230.jpg 300w, https:\/\/kolmlovitrykikeskus.ee\/wp-content\/uploads\/2024\/08\/mb-budget-frame.jpg 365w\" sizes=\"auto, (max-width: 356px) 100vw, 356px\" \/><img loading=\"lazy\" decoding=\"async\" class=\"alignnone wp-image-2142\" src=\"https:\/\/kolmlovitrykikeskus.ee\/wp-content\/uploads\/2024\/08\/mb-flexiframe-girl.jpg\" alt=\"\" width=\"200\" height=\"270\" \/><\/p>\n<p><img loading=\"lazy\" decoding=\"async\" class=\"alignnone wp-image-2141 size-full\" src=\"https:\/\/kolmlovitrykikeskus.ee\/wp-content\/uploads\/2024\/08\/flexiframe-sisu.jpg\" alt=\"\" width=\"173\" height=\"202\" \/><img loading=\"lazy\" decoding=\"async\" class=\"alignnone size-medium wp-image-2140\" src=\"https:\/\/kolmlovitrykikeskus.ee\/wp-content\/uploads\/2024\/08\/mb-flexiframe-nurgad.jpg\" alt=\"\" width=\"151\" height=\"191\" \/><img loading=\"lazy\" decoding=\"async\" class=\"alignnone size-medium wp-image-2139\" src=\"https:\/\/kolmlovitrykikeskus.ee\/wp-content\/uploads\/2024\/08\/mb-flexiframe-300x128.jpg\" alt=\"\" width=\"300\" height=\"128\" srcset=\"https:\/\/kolmlovitrykikeskus.ee\/wp-content\/uploads\/2024\/08\/mb-flexiframe-300x128.jpg 300w, https:\/\/kolmlovitrykikeskus.ee\/wp-content\/uploads\/2024\/08\/mb-flexiframe.jpg 365w\" sizes=\"auto, (max-width: 300px) 100vw, 300px\" \/><\/p>\n<h3>Messistendid<\/h3>\n<h3><img loading=\"lazy\" decoding=\"async\" class=\"alignnone size-medium wp-image-2138\" src=\"https:\/\/kolmlovitrykikeskus.ee\/wp-content\/uploads\/2024\/08\/mb-flexiframe-linkup.jpg\" alt=\"\" width=\"241\" height=\"250\" \/> \u00a0<img loading=\"lazy\" decoding=\"async\" class=\"wp-image-2137 alignnone\" src=\"https:\/\/kolmlovitrykikeskus.ee\/wp-content\/uploads\/2024\/08\/mb-messibixid-300x201.jpg\" alt=\"\" width=\"372\" height=\"249\" srcset=\"https:\/\/kolmlovitrykikeskus.ee\/wp-content\/uploads\/2024\/08\/mb-messibixid-300x201.jpg 300w, https:\/\/kolmlovitrykikeskus.ee\/wp-content\/uploads\/2024\/08\/mb-messibixid.jpg 365w\" sizes=\"auto, (max-width: 372px) 100vw, 372px\" \/><\/h3>\n<h3>Infotahvlid<\/h3>\n<h3><img loading=\"lazy\" decoding=\"async\" class=\"alignnone wp-image-2136\" src=\"https:\/\/kolmlovitrykikeskus.ee\/wp-content\/uploads\/2024\/08\/mb-flexiframe-lisad1-199x300.jpg\" alt=\"\" width=\"275\" height=\"415\" srcset=\"https:\/\/kolmlovitrykikeskus.ee\/wp-content\/uploads\/2024\/08\/mb-flexiframe-lisad1-199x300.jpg 199w, https:\/\/kolmlovitrykikeskus.ee\/wp-content\/uploads\/2024\/08\/mb-flexiframe-lisad1.jpg 365w\" sizes=\"auto, (max-width: 275px) 100vw, 275px\" \/>\u00a0 \u00a0<img loading=\"lazy\" decoding=\"async\" class=\"alignnone wp-image-2132 size-full\" src=\"https:\/\/kolmlovitrykikeskus.ee\/wp-content\/uploads\/2024\/08\/mb-multimaster-complete.jpg\" alt=\"\" width=\"313\" height=\"156\" srcset=\"https:\/\/kolmlovitrykikeskus.ee\/wp-content\/uploads\/2024\/08\/mb-multimaster-complete.jpg 313w, https:\/\/kolmlovitrykikeskus.ee\/wp-content\/uploads\/2024\/08\/mb-multimaster-complete-300x150.jpg 300w\" sizes=\"auto, (max-width: 313px) 100vw, 313px\" \/><\/h3>\n<p><img loading=\"lazy\" decoding=\"async\" class=\"alignnone wp-image-2134 \" src=\"https:\/\/kolmlovitrykikeskus.ee\/wp-content\/uploads\/2024\/08\/mb-flexiframe-varvid.jpg\" alt=\"\" width=\"340\" height=\"295\" \/><\/p>\n<p><img loading=\"lazy\" decoding=\"async\" class=\"alignnone size-medium wp-image-2152\" src=\"https:\/\/kolmlovitrykikeskus.ee\/wp-content\/uploads\/2024\/08\/mb-impression-116x300.jpg\" alt=\"\" width=\"116\" height=\"300\" srcset=\"https:\/\/kolmlovitrykikeskus.ee\/wp-content\/uploads\/2024\/08\/mb-impression-116x300.jpg 116w, https:\/\/kolmlovitrykikeskus.ee\/wp-content\/uploads\/2024\/08\/mb-impression.jpg 131w\" sizes=\"auto, (max-width: 116px) 100vw, 116px\" \/><img loading=\"lazy\" decoding=\"async\" class=\"alignnone size-medium wp-image-2133\" src=\"https:\/\/kolmlovitrykikeskus.ee\/wp-content\/uploads\/2024\/08\/mb-multimaster-119x300.jpg\" alt=\"\" width=\"119\" height=\"300\" srcset=\"https:\/\/kolmlovitrykikeskus.ee\/wp-content\/uploads\/2024\/08\/mb-multimaster-119x300.jpg 119w, https:\/\/kolmlovitrykikeskus.ee\/wp-content\/uploads\/2024\/08\/mb-multimaster.jpg 175w\" sizes=\"auto, (max-width: 119px) 100vw, 119px\" \/>\u00a0 <img loading=\"lazy\" decoding=\"async\" class=\"alignnone wp-image-2131 size-full\" src=\"https:\/\/kolmlovitrykikeskus.ee\/wp-content\/uploads\/2024\/08\/mb-snapup.jpg\" alt=\"\" width=\"365\" height=\"144\" srcset=\"https:\/\/kolmlovitrykikeskus.ee\/wp-content\/uploads\/2024\/08\/mb-snapup.jpg 365w, https:\/\/kolmlovitrykikeskus.ee\/wp-content\/uploads\/2024\/08\/mb-snapup-300x118.jpg 300w\" sizes=\"auto, (max-width: 365px) 100vw, 365px\" \/><br \/>\nVaata ka Mark Bric tooteid <a href=\"https:\/\/kolmlovitrykikeskus.ee\/?page_id=2282\">SIIT.<\/a><\/p>\n<p><img loading=\"lazy\" decoding=\"async\" class=\"alignnone wp-image-2130 size-medium\" src=\"https:\/\/kolmlovitrykikeskus.ee\/wp-content\/uploads\/2024\/08\/Display-Case-FSK-657px-300x300.jpg\" alt=\"\" width=\"300\" height=\"300\" srcset=\"https:\/\/kolmlovitrykikeskus.ee\/wp-content\/uploads\/2024\/08\/Display-Case-FSK-657px-300x300.jpg 300w, https:\/\/kolmlovitrykikeskus.ee\/wp-content\/uploads\/2024\/08\/Display-Case-FSK-657px-150x150.jpg 150w, https:\/\/kolmlovitrykikeskus.ee\/wp-content\/uploads\/2024\/08\/Display-Case-FSK-657px.jpg 657w\" sizes=\"auto, (max-width: 300px) 100vw, 300px\" \/><\/p>\n<p>FSK klaasiga stend v\u00e4listingimustes kui ka siseruumides kasutamiseks, tagasein magnettahvel.<br \/>\nNiiskuskindel. Lukustatav alumiiniumkorpus.<br \/>\n1. Suurus 2&#215;4 A4 puhul laius 510 x H 385mm (laiuti). KLO-FSK-2: 394.50+km<br \/>\n2. Suurus 4&#215;4 A4 puhul 510 x H 680mm (p\u00fcstine). KLO-FSK-4: 451.50+km<br \/>\n3. Suurus 8&#215;4 A4 puhul 930 x H 680mm (laiuti). KLO-FSK-8: 736,50+km<br \/>\n4. Suurus 16&#215;4 A4 puhul 930 x H 1275mm (p\u00fcstine). KLO-FSK-16: 886,50+km<br \/>\nNB! Juurde saab tellida sobivas v\u00e4rvis v\u00f5i kujundusega 25 v\u00f5i 32mm magnetid.<\/p>\n<p><img loading=\"lazy\" decoding=\"async\" class=\"alignnone wp-image-2129 size-medium\" src=\"https:\/\/kolmlovitrykikeskus.ee\/wp-content\/uploads\/2024\/08\/Display-Case-SSK-657px-300x300.jpg\" alt=\"\" width=\"300\" height=\"300\" srcset=\"https:\/\/kolmlovitrykikeskus.ee\/wp-content\/uploads\/2024\/08\/Display-Case-SSK-657px-300x300.jpg 300w, https:\/\/kolmlovitrykikeskus.ee\/wp-content\/uploads\/2024\/08\/Display-Case-SSK-657px-150x150.jpg 150w, https:\/\/kolmlovitrykikeskus.ee\/wp-content\/uploads\/2024\/08\/Display-Case-SSK-657px.jpg 657w\" sizes=\"auto, (max-width: 300px) 100vw, 300px\" \/><\/p>\n<p>SSK l\u00fckandklaasidega lukustatav stend, tagasein magnettahvel.<br \/>\nSobib sisetingimustesse, ei ole niiskuskindel.<br \/>\n1. Suurus 8&#215;4 A4 puhul laius 920 x H 674mm (laiuti). KLO-SSK-8: 736,50+km<br \/>\n2. Suurus 12&#215;4 A4 puhul 955 x H 950mm (laiuti). KLO-SSK-12: 811,50+km<br \/>\n3. Suurus 18&#215;4 A4 puhul 1350 x H 1050mm (laiuti). KLO-SSK-18: 906,00+km<br \/>\nNB! Juurde saab tellida sobivas v\u00e4rvis v\u00f5i kujundusega 25 v\u00f5i 32mm magnetid.<\/p>\n<p><img loading=\"lazy\" decoding=\"async\" class=\"alignnone wp-image-2128 size-full\" src=\"https:\/\/kolmlovitrykikeskus.ee\/wp-content\/uploads\/2024\/08\/display-RSK-4_x_a4-portree.jpg\" alt=\"\" width=\"341\" height=\"350\" srcset=\"https:\/\/kolmlovitrykikeskus.ee\/wp-content\/uploads\/2024\/08\/display-RSK-4_x_a4-portree.jpg 341w, https:\/\/kolmlovitrykikeskus.ee\/wp-content\/uploads\/2024\/08\/display-RSK-4_x_a4-portree-292x300.jpg 292w\" sizes=\"auto, (max-width: 341px) 100vw, 341px\" \/><\/p>\n<p>Lukustatav magnettahvliga stend RSK. Sobib ka \u00f5ues kasutamiseks &#8211; niiskuskindel.<br \/>\n1. Suurus 4&#215;4 A4 puhul 532x692mm (p\u00fcstine). KLO-RSK-4: 370,50+km<br \/>\n2. Suurus 6&#215;4 A4 puhul 692x752mm (p\u00fcstine). KLO-RSK-6: 424,50+km<br \/>\n3. Suurus 8&#215;4 A4 puhul 972x692mm (laiuti). KLO-RSK-8: 372,98+km<br \/>\n4. Suurus 9&#215;4 A4 puhul 752x1000mm (p\u00fcstine). KLO-RSK-9: 661,50<br \/>\n5. Suurus 12&#215;4 A4 puhul 972x1000mm (p\u00fcstine). KLO-RSK-12: 706,50+km<br \/>\nNB! Juurde saab tellida sobivas v\u00e4rvis v\u00f5i kujundusega 25 v\u00f5i 32mm magnetid.<\/p>\n","protected":false},"excerpt":{"rendered":"<p>Kolm L\u00f5vi Tr\u00fckikeskus pakub erinevaid ekspositsioonilahendusi MarkBrick&#8217;ilt. Vaata allolevaid pilte ja konsulteeri kindlasti meiega kuidas v\u00f5iksite oma m\u00fc\u00fcgisaali, tooteesitlust, messiboksi silmapaistvamaks muuta. Lisaks pakutavatele raamidele, [&#8230;]<\/p>\n","protected":false},"author":5,"featured_media":0,"parent":0,"menu_order":0,"comment_status":"closed","ping_status":"closed","template":"","meta":{"footnotes":""},"class_list":["post-2126","page","type-page","status-publish","hentry"],"yoast_head":"<!-- This site is optimized with the Yoast SEO plugin v27.5 - https:\/\/yoast.com\/product\/yoast-seo-wordpress\/ -->\n<title>Stendid ja raamid. Messilahendused. - Kolm L\u00f5vi Tr\u00fckikeskus<\/title>\n<meta name=\"description\" content=\"Stendid ja raamid. Messilahendused. roll-up, rollup, estlusstend, marc bric, messistend, flexiframe, seinaraamid, messistend banner\" \/>\n<meta name=\"robots\" content=\"index, follow, max-snippet:-1, max-image-preview:large, max-video-preview:-1\" \/>\n<link rel=\"canonical\" href=\"https:\/\/kolmlovitrykikeskus.ee\/?page_id=2126\" \/>\n<meta property=\"og:locale\" content=\"et_EE\" \/>\n<meta property=\"og:type\" content=\"article\" \/>\n<meta property=\"og:title\" content=\"Stendid ja raamid. Messilahendused. - Kolm L\u00f5vi Tr\u00fckikeskus\" \/>\n<meta property=\"og:description\" content=\"Stendid ja raamid. Messilahendused. roll-up, rollup, estlusstend, marc bric, messistend, flexiframe, seinaraamid, messistend banner\" \/>\n<meta property=\"og:url\" content=\"https:\/\/kolmlovitrykikeskus.ee\/?page_id=2126\" \/>\n<meta property=\"og:site_name\" content=\"Kolm L\u00f5vi Tr\u00fckikeskus\" \/>\n<meta property=\"article:publisher\" content=\"https:\/\/www.facebook.com\/kolmlovitrykikeskus\" \/>\n<meta property=\"article:modified_time\" content=\"2025-01-09T08:17:30+00:00\" \/>\n<meta property=\"og:image\" content=\"https:\/\/kolmlovitrykikeskus.ee\/wp-content\/uploads\/2024\/08\/poster-raamitud-kinnitus.jpg\" \/>\n\t<meta property=\"og:image:width\" content=\"657\" \/>\n\t<meta property=\"og:image:height\" content=\"873\" \/>\n\t<meta property=\"og:image:type\" content=\"image\/jpeg\" \/>\n<meta name=\"twitter:card\" content=\"summary_large_image\" \/>\n<meta name=\"twitter:label1\" content=\"Est. reading time\" \/>\n\t<meta name=\"twitter:data1\" content=\"7 minutit\" \/>\n<script type=\"application\/ld+json\" class=\"yoast-schema-graph\">{\"@context\":\"https:\\\/\\\/schema.org\",\"@graph\":[{\"@type\":\"WebPage\",\"@id\":\"https:\\\/\\\/kolmlovitrykikeskus.ee\\\/?page_id=2126\",\"url\":\"https:\\\/\\\/kolmlovitrykikeskus.ee\\\/?page_id=2126\",\"name\":\"Stendid ja raamid. Messilahendused. - Kolm L\u00f5vi Tr\u00fckikeskus\",\"isPartOf\":{\"@id\":\"https:\\\/\\\/kolmlovitrykikeskus.ee\\\/#website\"},\"primaryImageOfPage\":{\"@id\":\"https:\\\/\\\/kolmlovitrykikeskus.ee\\\/?page_id=2126#primaryimage\"},\"image\":{\"@id\":\"https:\\\/\\\/kolmlovitrykikeskus.ee\\\/?page_id=2126#primaryimage\"},\"thumbnailUrl\":\"https:\\\/\\\/kolmlovitrykikeskus.ee\\\/wp-content\\\/uploads\\\/2024\\\/08\\\/poster-raamitud-kinnitus.jpg\",\"datePublished\":\"2024-08-26T17:31:31+00:00\",\"dateModified\":\"2025-01-09T08:17:30+00:00\",\"description\":\"Stendid ja raamid. Messilahendused. roll-up, rollup, estlusstend, marc bric, messistend, flexiframe, seinaraamid, messistend banner\",\"breadcrumb\":{\"@id\":\"https:\\\/\\\/kolmlovitrykikeskus.ee\\\/?page_id=2126#breadcrumb\"},\"inLanguage\":\"et\",\"potentialAction\":[{\"@type\":\"ReadAction\",\"target\":[\"https:\\\/\\\/kolmlovitrykikeskus.ee\\\/?page_id=2126\"]}]},{\"@type\":\"ImageObject\",\"inLanguage\":\"et\",\"@id\":\"https:\\\/\\\/kolmlovitrykikeskus.ee\\\/?page_id=2126#primaryimage\",\"url\":\"https:\\\/\\\/kolmlovitrykikeskus.ee\\\/wp-content\\\/uploads\\\/2024\\\/08\\\/poster-raamitud-kinnitus.jpg\",\"contentUrl\":\"https:\\\/\\\/kolmlovitrykikeskus.ee\\\/wp-content\\\/uploads\\\/2024\\\/08\\\/poster-raamitud-kinnitus.jpg\",\"width\":657,\"height\":873},{\"@type\":\"BreadcrumbList\",\"@id\":\"https:\\\/\\\/kolmlovitrykikeskus.ee\\\/?page_id=2126#breadcrumb\",\"itemListElement\":[{\"@type\":\"ListItem\",\"position\":1,\"name\":\"Home\",\"item\":\"https:\\\/\\\/kolmlovitrykikeskus.ee\\\/\"},{\"@type\":\"ListItem\",\"position\":2,\"name\":\"Stendid ja raamid. Messilahendused.\"}]},{\"@type\":\"WebSite\",\"@id\":\"https:\\\/\\\/kolmlovitrykikeskus.ee\\\/#website\",\"url\":\"https:\\\/\\\/kolmlovitrykikeskus.ee\\\/\",\"name\":\"Kolm L\u00f5vi Tr\u00fckikeskus\",\"description\":\"Leiame lahenduse!\",\"publisher\":{\"@id\":\"https:\\\/\\\/kolmlovitrykikeskus.ee\\\/#organization\"},\"potentialAction\":[{\"@type\":\"SearchAction\",\"target\":{\"@type\":\"EntryPoint\",\"urlTemplate\":\"https:\\\/\\\/kolmlovitrykikeskus.ee\\\/?s={search_term_string}\"},\"query-input\":{\"@type\":\"PropertyValueSpecification\",\"valueRequired\":true,\"valueName\":\"search_term_string\"}}],\"inLanguage\":\"et\"},{\"@type\":\"Organization\",\"@id\":\"https:\\\/\\\/kolmlovitrykikeskus.ee\\\/#organization\",\"name\":\"Kolm L\u00f5vi Tr\u00fckikeskus\",\"url\":\"https:\\\/\\\/kolmlovitrykikeskus.ee\\\/\",\"logo\":{\"@type\":\"ImageObject\",\"inLanguage\":\"et\",\"@id\":\"https:\\\/\\\/kolmlovitrykikeskus.ee\\\/#\\\/schema\\\/logo\\\/image\\\/\",\"url\":\"https:\\\/\\\/kolmlovitrykikeskus.ee\\\/wp-content\\\/uploads\\\/2023\\\/12\\\/cropped-kltk-logo.png\",\"contentUrl\":\"https:\\\/\\\/kolmlovitrykikeskus.ee\\\/wp-content\\\/uploads\\\/2023\\\/12\\\/cropped-kltk-logo.png\",\"width\":640,\"height\":170,\"caption\":\"Kolm L\u00f5vi Tr\u00fckikeskus\"},\"image\":{\"@id\":\"https:\\\/\\\/kolmlovitrykikeskus.ee\\\/#\\\/schema\\\/logo\\\/image\\\/\"},\"sameAs\":[\"https:\\\/\\\/www.facebook.com\\\/kolmlovitrykikeskus\"]}]}<\/script>\n<!-- \/ Yoast SEO plugin. -->","yoast_head_json":{"title":"Stendid ja raamid. Messilahendused. - Kolm L\u00f5vi Tr\u00fckikeskus","description":"Stendid ja raamid. Messilahendused. roll-up, rollup, estlusstend, marc bric, messistend, flexiframe, seinaraamid, messistend banner","robots":{"index":"index","follow":"follow","max-snippet":"max-snippet:-1","max-image-preview":"max-image-preview:large","max-video-preview":"max-video-preview:-1"},"canonical":"https:\/\/kolmlovitrykikeskus.ee\/?page_id=2126","og_locale":"et_EE","og_type":"article","og_title":"Stendid ja raamid. Messilahendused. - Kolm L\u00f5vi Tr\u00fckikeskus","og_description":"Stendid ja raamid. Messilahendused. roll-up, rollup, estlusstend, marc bric, messistend, flexiframe, seinaraamid, messistend banner","og_url":"https:\/\/kolmlovitrykikeskus.ee\/?page_id=2126","og_site_name":"Kolm L\u00f5vi Tr\u00fckikeskus","article_publisher":"https:\/\/www.facebook.com\/kolmlovitrykikeskus","article_modified_time":"2025-01-09T08:17:30+00:00","og_image":[{"width":657,"height":873,"url":"https:\/\/kolmlovitrykikeskus.ee\/wp-content\/uploads\/2024\/08\/poster-raamitud-kinnitus.jpg","type":"image\/jpeg"}],"twitter_card":"summary_large_image","twitter_misc":{"Est. reading time":"7 minutit"},"schema":{"@context":"https:\/\/schema.org","@graph":[{"@type":"WebPage","@id":"https:\/\/kolmlovitrykikeskus.ee\/?page_id=2126","url":"https:\/\/kolmlovitrykikeskus.ee\/?page_id=2126","name":"Stendid ja raamid. Messilahendused. - Kolm L\u00f5vi Tr\u00fckikeskus","isPartOf":{"@id":"https:\/\/kolmlovitrykikeskus.ee\/#website"},"primaryImageOfPage":{"@id":"https:\/\/kolmlovitrykikeskus.ee\/?page_id=2126#primaryimage"},"image":{"@id":"https:\/\/kolmlovitrykikeskus.ee\/?page_id=2126#primaryimage"},"thumbnailUrl":"https:\/\/kolmlovitrykikeskus.ee\/wp-content\/uploads\/2024\/08\/poster-raamitud-kinnitus.jpg","datePublished":"2024-08-26T17:31:31+00:00","dateModified":"2025-01-09T08:17:30+00:00","description":"Stendid ja raamid. Messilahendused. roll-up, rollup, estlusstend, marc bric, messistend, flexiframe, seinaraamid, messistend banner","breadcrumb":{"@id":"https:\/\/kolmlovitrykikeskus.ee\/?page_id=2126#breadcrumb"},"inLanguage":"et","potentialAction":[{"@type":"ReadAction","target":["https:\/\/kolmlovitrykikeskus.ee\/?page_id=2126"]}]},{"@type":"ImageObject","inLanguage":"et","@id":"https:\/\/kolmlovitrykikeskus.ee\/?page_id=2126#primaryimage","url":"https:\/\/kolmlovitrykikeskus.ee\/wp-content\/uploads\/2024\/08\/poster-raamitud-kinnitus.jpg","contentUrl":"https:\/\/kolmlovitrykikeskus.ee\/wp-content\/uploads\/2024\/08\/poster-raamitud-kinnitus.jpg","width":657,"height":873},{"@type":"BreadcrumbList","@id":"https:\/\/kolmlovitrykikeskus.ee\/?page_id=2126#breadcrumb","itemListElement":[{"@type":"ListItem","position":1,"name":"Home","item":"https:\/\/kolmlovitrykikeskus.ee\/"},{"@type":"ListItem","position":2,"name":"Stendid ja raamid. Messilahendused."}]},{"@type":"WebSite","@id":"https:\/\/kolmlovitrykikeskus.ee\/#website","url":"https:\/\/kolmlovitrykikeskus.ee\/","name":"Kolm L\u00f5vi Tr\u00fckikeskus","description":"Leiame lahenduse!","publisher":{"@id":"https:\/\/kolmlovitrykikeskus.ee\/#organization"},"potentialAction":[{"@type":"SearchAction","target":{"@type":"EntryPoint","urlTemplate":"https:\/\/kolmlovitrykikeskus.ee\/?s={search_term_string}"},"query-input":{"@type":"PropertyValueSpecification","valueRequired":true,"valueName":"search_term_string"}}],"inLanguage":"et"},{"@type":"Organization","@id":"https:\/\/kolmlovitrykikeskus.ee\/#organization","name":"Kolm L\u00f5vi Tr\u00fckikeskus","url":"https:\/\/kolmlovitrykikeskus.ee\/","logo":{"@type":"ImageObject","inLanguage":"et","@id":"https:\/\/kolmlovitrykikeskus.ee\/#\/schema\/logo\/image\/","url":"https:\/\/kolmlovitrykikeskus.ee\/wp-content\/uploads\/2023\/12\/cropped-kltk-logo.png","contentUrl":"https:\/\/kolmlovitrykikeskus.ee\/wp-content\/uploads\/2023\/12\/cropped-kltk-logo.png","width":640,"height":170,"caption":"Kolm L\u00f5vi Tr\u00fckikeskus"},"image":{"@id":"https:\/\/kolmlovitrykikeskus.ee\/#\/schema\/logo\/image\/"},"sameAs":["https:\/\/www.facebook.com\/kolmlovitrykikeskus"]}]}},"_links":{"self":[{"href":"https:\/\/kolmlovitrykikeskus.ee\/index.php?rest_route=\/wp\/v2\/pages\/2126","targetHints":{"allow":["GET"]}}],"collection":[{"href":"https:\/\/kolmlovitrykikeskus.ee\/index.php?rest_route=\/wp\/v2\/pages"}],"about":[{"href":"https:\/\/kolmlovitrykikeskus.ee\/index.php?rest_route=\/wp\/v2\/types\/page"}],"author":[{"embeddable":true,"href":"https:\/\/kolmlovitrykikeskus.ee\/index.php?rest_route=\/wp\/v2\/users\/5"}],"replies":[{"embeddable":true,"href":"https:\/\/kolmlovitrykikeskus.ee\/index.php?rest_route=%2Fwp%2Fv2%2Fcomments&post=2126"}],"version-history":[{"count":19,"href":"https:\/\/kolmlovitrykikeskus.ee\/index.php?rest_route=\/wp\/v2\/pages\/2126\/revisions"}],"predecessor-version":[{"id":4332,"href":"https:\/\/kolmlovitrykikeskus.ee\/index.php?rest_route=\/wp\/v2\/pages\/2126\/revisions\/4332"}],"wp:attachment":[{"href":"https:\/\/kolmlovitrykikeskus.ee\/index.php?rest_route=%2Fwp%2Fv2%2Fmedia&parent=2126"}],"curies":[{"name":"wp","href":"https:\/\/api.w.org\/{rel}","templated":true}]}}