{"id":2096,"date":"2024-08-26T20:05:03","date_gmt":"2024-08-26T18:05:03","guid":{"rendered":"https:\/\/kolmlovitrykikeskus.ee\/?page_id=2096"},"modified":"2024-12-13T10:25:37","modified_gmt":"2024-12-13T08:25:37","slug":"cd-ja-dvd","status":"publish","type":"page","link":"https:\/\/kolmlovitrykikeskus.ee\/?page_id=2096","title":{"rendered":"CD ja DVD"},"content":{"rendered":"<h1>CD ja DVD toorikutele tr\u00fckk ja pakendite valmistamine<\/h1>\n<p><img loading=\"lazy\" decoding=\"async\" class=\"alignnone wp-image-2095 \" src=\"https:\/\/kolmlovitrykikeskus.ee\/wp-content\/uploads\/2024\/08\/cddvdtrykk-520px.jpg\" alt=\"\" width=\"564\" height=\"336\" srcset=\"https:\/\/kolmlovitrykikeskus.ee\/wp-content\/uploads\/2024\/08\/cddvdtrykk-520px.jpg 520w, https:\/\/kolmlovitrykikeskus.ee\/wp-content\/uploads\/2024\/08\/cddvdtrykk-520px-300x179.jpg 300w\" sizes=\"auto, (max-width: 564px) 100vw, 564px\" \/><\/p>\n<p>Tr\u00fckime CD ja DVD toorikutele t\u00e4isv\u00e4rvilisi (cmyk) kujundusi ilma etikette kasutamata. V\u00e4iksed ja keskmised tiraa\u017eid m\u00f5istliku hinnaga. DVD toorikud valge pealispinnaga. CD toorikud valge ja matt h\u00f5bedase pealispinnaga. Tr\u00fckitava pinna l\u00e4bim\u00f5\u00f5t 117mm, sisemine mittetr\u00fckitav pind olenevalt toorikust 17-26mm. Kujundamiseks mallide failid leiate <a href=\"https:\/\/kolmlovitrykikeskus.ee\/?page_id=731\">siit.<\/a><\/p>\n<p><span style=\"background-color: #ffff00;\">NB! Kujundusfailidesse l\u00f5ikejooni ega kokkutr\u00fcki m\u00e4rke palume mitte panna!<\/span><\/p>\n<p><img loading=\"lazy\" decoding=\"async\" class=\"alignnone wp-image-2094 size-full\" src=\"https:\/\/kolmlovitrykikeskus.ee\/wp-content\/uploads\/2024\/08\/cd-dvd-lihtsad-kaaned.jpg\" alt=\"\" width=\"560\" height=\"717\" srcset=\"https:\/\/kolmlovitrykikeskus.ee\/wp-content\/uploads\/2024\/08\/cd-dvd-lihtsad-kaaned.jpg 560w, https:\/\/kolmlovitrykikeskus.ee\/wp-content\/uploads\/2024\/08\/cd-dvd-lihtsad-kaaned-234x300.jpg 234w\" sizes=\"auto, (max-width: 560px) 100vw, 560px\" \/><br \/>\nKaaned<a href=\"https:\/\/kolmlovitrykikeskus.ee\/wp-content\/uploads\/2024\/08\/cd-kartongkaaned125x140mm.pdf\"> (PDF)<\/a> lamineeritud l\u00e4ikivaks, keskele kleebitud pehme kinnitusmumm 15mm. V\u00f5imalik panna kile\u00fcmbrikusse v\u00f5i termokilesse. \u00dcmbrise kindlalt sulgemiseks tellida kleebitav kinnituskeebis perfojoonega. V\u00f5imalik valmistada mikrokoguseid al 10tk. Kahepoolse (v\u00e4lis- ja sisek\u00fcljele) tr\u00fcki korral on kogus alates 50tk. M\u00f5\u00f5tudega joonis mallide lehelt.<\/p>\n<p><img loading=\"lazy\" decoding=\"async\" class=\"alignnone wp-image-2099\" src=\"https:\/\/kolmlovitrykikeskus.ee\/wp-content\/uploads\/2024\/08\/cd-plastkarp-clr-plast1-300x118.jpg\" alt=\"\" width=\"559\" height=\"220\" srcset=\"https:\/\/kolmlovitrykikeskus.ee\/wp-content\/uploads\/2024\/08\/cd-plastkarp-clr-plast1-300x118.jpg 300w, https:\/\/kolmlovitrykikeskus.ee\/wp-content\/uploads\/2024\/08\/cd-plastkarp-clr-plast1.jpg 551w\" sizes=\"auto, (max-width: 559px) 100vw, 559px\" \/><\/p>\n<p><img loading=\"lazy\" decoding=\"async\" class=\"alignnone wp-image-2098\" src=\"https:\/\/kolmlovitrykikeskus.ee\/wp-content\/uploads\/2024\/08\/cd-plastkarp-clr-plast2-300x171.jpg\" alt=\"\" width=\"560\" height=\"319\" srcset=\"https:\/\/kolmlovitrykikeskus.ee\/wp-content\/uploads\/2024\/08\/cd-plastkarp-clr-plast2-300x171.jpg 300w, https:\/\/kolmlovitrykikeskus.ee\/wp-content\/uploads\/2024\/08\/cd-plastkarp-clr-plast2.jpg 657w\" sizes=\"auto, (max-width: 560px) 100vw, 560px\" \/><br \/>\n<em>L\u00e4bipaistev kirgas plastkarp, tr\u00fckitud vahepaberid, lisatud esi- ja tagakaanele. Esikaane vahele on v\u00f5imalik panna ka raamatukene.<\/em><\/p>\n<p><img loading=\"lazy\" decoding=\"async\" class=\"alignnone wp-image-2093 size-full\" src=\"https:\/\/kolmlovitrykikeskus.ee\/wp-content\/uploads\/2024\/08\/cd-dvd-ymbrik-jaan.jpg\" alt=\"\" width=\"560\" height=\"398\" srcset=\"https:\/\/kolmlovitrykikeskus.ee\/wp-content\/uploads\/2024\/08\/cd-dvd-ymbrik-jaan.jpg 560w, https:\/\/kolmlovitrykikeskus.ee\/wp-content\/uploads\/2024\/08\/cd-dvd-ymbrik-jaan-300x213.jpg 300w\" sizes=\"auto, (max-width: 560px) 100vw, 560px\" \/><br \/>\n<em>Kartong\u00fcmbrik CD\/DVD jaoks: pinnaviimistlus poolmatt, matt-sametine, l\u00e4ikiv. CD \u00fcmbrik stantsitud. V\u00f5imalik valmistada ka v\u00e4ikeseid koguseid al 50-100tk.<\/em><\/p>\n<p><img loading=\"lazy\" decoding=\"async\" class=\"alignnone wp-image-2092\" src=\"https:\/\/kolmlovitrykikeskus.ee\/wp-content\/uploads\/2024\/08\/cdpakendid.jpg\" alt=\"\" width=\"560\" height=\"532\" srcset=\"https:\/\/kolmlovitrykikeskus.ee\/wp-content\/uploads\/2024\/08\/cdpakendid.jpg 657w, https:\/\/kolmlovitrykikeskus.ee\/wp-content\/uploads\/2024\/08\/cdpakendid-300x285.jpg 300w\" sizes=\"auto, (max-width: 560px) 100vw, 560px\" \/><br \/>\n<em>CD\/DVD pakenditesse v\u00e4iksed raamatukesed laulus\u00f5nade v\u00f5i muu infoga. V\u00f5imalik valmistada ka v\u00e4iksemaid kogused al 200tk.<\/em><\/p>\n<p>Efektpaberist volditud \u00fcmbris, peale v\u00f5imalik tr\u00fckkida siiditr\u00fckis v\u00f5i n\u00e4iteks kleebis kujundusega. Valmiskaante puhul kogused al. 1tk.<br \/>\nOma disaini puhul kogused alates juba 50-100tk.<\/p>\n<p><img loading=\"lazy\" decoding=\"async\" class=\"alignnone wp-image-2091\" src=\"https:\/\/kolmlovitrykikeskus.ee\/wp-content\/uploads\/2024\/08\/cd-pakk-kuldne657.jpg\" alt=\"\" width=\"560\" height=\"318\" srcset=\"https:\/\/kolmlovitrykikeskus.ee\/wp-content\/uploads\/2024\/08\/cd-pakk-kuldne657.jpg 657w, https:\/\/kolmlovitrykikeskus.ee\/wp-content\/uploads\/2024\/08\/cd-pakk-kuldne657-300x170.jpg 300w\" sizes=\"auto, (max-width: 560px) 100vw, 560px\" \/><br \/>\n<em>Kartongist stantsitud lamineeritud ja kleebitud sisuga digitray (must, valge, l\u00e4bipaistev sisu) CD\/DVD pakend. Kogused al. 50tk. Oma disaini puhul kogused alates juba 50-100tk.<\/em><\/p>\n<p><img loading=\"lazy\" decoding=\"async\" class=\"alignnone wp-image-2090\" src=\"https:\/\/kolmlovitrykikeskus.ee\/wp-content\/uploads\/2024\/08\/cd-pakendid2-657px-logoga-300x174.jpg\" alt=\"\" width=\"560\" height=\"326\" srcset=\"https:\/\/kolmlovitrykikeskus.ee\/wp-content\/uploads\/2024\/08\/cd-pakendid2-657px-logoga-300x174.jpg 300w, https:\/\/kolmlovitrykikeskus.ee\/wp-content\/uploads\/2024\/08\/cd-pakendid2-657px-logoga.jpg 657w\" sizes=\"auto, (max-width: 560px) 100vw, 560px\" \/><br \/>\nKartongist stantsitud lamineeritud CD\/DVD pakend. V\u00f5imalik katta seest ja v\u00e4ljast kujundusgraafikaga. Kogused al. 50tk.<\/p>\n<p><img loading=\"lazy\" decoding=\"async\" class=\"alignnone wp-image-2089\" src=\"https:\/\/kolmlovitrykikeskus.ee\/wp-content\/uploads\/2024\/08\/ziggywold-cd520px-300x99.jpg\" alt=\"\" width=\"560\" height=\"184\" srcset=\"https:\/\/kolmlovitrykikeskus.ee\/wp-content\/uploads\/2024\/08\/ziggywold-cd520px-300x99.jpg 300w, https:\/\/kolmlovitrykikeskus.ee\/wp-content\/uploads\/2024\/08\/ziggywold-cd520px.jpg 520w\" sizes=\"auto, (max-width: 560px) 100vw, 560px\" \/><br \/>\nPilutaskuga (mahutab pool CD &#8211; hea plaat k\u00e4tte saada), avaneb \u00fclespoole.<\/p>\n<p><img loading=\"lazy\" decoding=\"async\" class=\"alignnone size-medium wp-image-2088\" src=\"https:\/\/kolmlovitrykikeskus.ee\/wp-content\/uploads\/2024\/08\/cd-kaaned-taskuga-275x300.jpg\" alt=\"\" width=\"275\" height=\"300\" data-wp-editing=\"1\" srcset=\"https:\/\/kolmlovitrykikeskus.ee\/wp-content\/uploads\/2024\/08\/cd-kaaned-taskuga-275x300.jpg 275w, https:\/\/kolmlovitrykikeskus.ee\/wp-content\/uploads\/2024\/08\/cd-kaaned-taskuga.jpg 657w\" sizes=\"auto, (max-width: 275px) 100vw, 275px\" \/><br \/>\n<em>\u00dche k\u00fcljetaskuga (mahutab terve CD), keskelt avanev.<\/em><\/p>\n<p><img loading=\"lazy\" decoding=\"async\" class=\"alignnone size-medium wp-image-2100\" src=\"https:\/\/kolmlovitrykikeskus.ee\/wp-content\/uploads\/2024\/08\/kahetaskuga-cd-pakk-lisaleht-300x235.jpg\" alt=\"\" width=\"300\" height=\"235\" srcset=\"https:\/\/kolmlovitrykikeskus.ee\/wp-content\/uploads\/2024\/08\/kahetaskuga-cd-pakk-lisaleht-300x235.jpg 300w, https:\/\/kolmlovitrykikeskus.ee\/wp-content\/uploads\/2024\/08\/kahetaskuga-cd-pakk-lisaleht.jpg 602w\" sizes=\"auto, (max-width: 300px) 100vw, 300px\" \/>\u00a0 \u00a0<img loading=\"lazy\" decoding=\"async\" class=\"alignnone wp-image-2103\" src=\"https:\/\/kolmlovitrykikeskus.ee\/wp-content\/uploads\/2024\/08\/kahetaskujalisalehega-300x165.jpg\" alt=\"\" width=\"424\" height=\"233\" data-wp-editing=\"1\" srcset=\"https:\/\/kolmlovitrykikeskus.ee\/wp-content\/uploads\/2024\/08\/kahetaskujalisalehega-300x165.jpg 300w, https:\/\/kolmlovitrykikeskus.ee\/wp-content\/uploads\/2024\/08\/kahetaskujalisalehega-768x423.jpg 768w, https:\/\/kolmlovitrykikeskus.ee\/wp-content\/uploads\/2024\/08\/kahetaskujalisalehega.jpg 989w\" sizes=\"auto, (max-width: 424px) 100vw, 424px\" \/><br \/>\n<em>Kahe k\u00fcljetaskuga, keskel avanev CD tasku.<\/em><\/p>\n<p><img loading=\"lazy\" decoding=\"async\" class=\"alignnone wp-image-2101 \" src=\"https:\/\/kolmlovitrykikeskus.ee\/wp-content\/uploads\/2024\/08\/suur-kahetaskuga-pakend.jpg\" alt=\"\" width=\"736\" height=\"397\" srcset=\"https:\/\/kolmlovitrykikeskus.ee\/wp-content\/uploads\/2024\/08\/suur-kahetaskuga-pakend.jpg 558w, https:\/\/kolmlovitrykikeskus.ee\/wp-content\/uploads\/2024\/08\/suur-kahetaskuga-pakend-300x162.jpg 300w\" sizes=\"auto, (max-width: 736px) 100vw, 736px\" \/><br \/>\n<em>Kahe k\u00fcljetaskuga CD pakend. V\u00f5imalik kasutada kahe CD v\u00f5i lisa lehe ja \u00fche CD puhul. Kahepoolse sisupaberiga t\u00e4isgraafilised karbid suurematele tiraa\u017eidele al. 500tk.<\/em><\/p>\n<p><img loading=\"lazy\" decoding=\"async\" class=\"alignnone wp-image-2087\" src=\"https:\/\/kolmlovitrykikeskus.ee\/wp-content\/uploads\/2024\/08\/karbsiDVD-1aste-300x196.jpg\" alt=\"\" width=\"545\" height=\"356\" srcset=\"https:\/\/kolmlovitrykikeskus.ee\/wp-content\/uploads\/2024\/08\/karbsiDVD-1aste-300x196.jpg 300w, https:\/\/kolmlovitrykikeskus.ee\/wp-content\/uploads\/2024\/08\/karbsiDVD-1aste-768x501.jpg 768w, https:\/\/kolmlovitrykikeskus.ee\/wp-content\/uploads\/2024\/08\/karbsiDVD-1aste.jpg 1000w\" sizes=\"auto, (max-width: 545px) 100vw, 545px\" \/><\/p>\n<p><img loading=\"lazy\" decoding=\"async\" class=\"alignnone wp-image-2104\" src=\"https:\/\/kolmlovitrykikeskus.ee\/wp-content\/uploads\/2024\/08\/karbsiDVD-2aste-300x196.jpg\" alt=\"\" width=\"545\" height=\"356\" srcset=\"https:\/\/kolmlovitrykikeskus.ee\/wp-content\/uploads\/2024\/08\/karbsiDVD-2aste-300x196.jpg 300w, https:\/\/kolmlovitrykikeskus.ee\/wp-content\/uploads\/2024\/08\/karbsiDVD-2aste-768x501.jpg 768w, https:\/\/kolmlovitrykikeskus.ee\/wp-content\/uploads\/2024\/08\/karbsiDVD-2aste.jpg 1000w\" sizes=\"auto, (max-width: 545px) 100vw, 545px\" \/><br \/>\n<em>Suur CD\/DVD pakend kahe taskuga<\/em><\/p>\n<p>Lisaks tr\u00fckime CD ja DVD plaatidele ka siiditr\u00fckis (spot) v\u00f5i kleebime plaadile paberkleebise digitr\u00fckis (cmyk). Valmistame eritellimusel ja v\u00e4iketiraa\u017eides CD\/DVD pakendeid. Lisateenusena ISO-failide valmistamine kliendi plaadist ning v\u00e4ike tiraa\u017eides plaatide tira\u017eeerimine.<\/p>\n<p>DVD v\u00f5i CD plaadi hoidmiseks\/transportimiseks soovitame juurde osta \u00fcmbrise (karbi).<\/p>\n<p>Kujundamiseks saad mallid allalaadida siit: <a href=\"https:\/\/kolmlovitrykikeskus.ee\/wp-content\/uploads\/2024\/08\/cd-dvd-kujundusmall.pdf\">PDF.<\/a><\/p>\n<p><img loading=\"lazy\" decoding=\"async\" class=\"alignnone size-full wp-image-2086\" src=\"https:\/\/kolmlovitrykikeskus.ee\/wp-content\/uploads\/2024\/08\/kickout_karp.gif\" alt=\"\" width=\"260\" height=\"238\" \/> \u00a0<img loading=\"lazy\" decoding=\"async\" class=\"alignnone wp-image-2085\" src=\"https:\/\/kolmlovitrykikeskus.ee\/wp-content\/uploads\/2024\/08\/hyppav-kickout.gif\" alt=\"\" width=\"184\" height=\"112\" \/><br \/>\n<em>V\u00e4ljal\u00fckkav (kickout) CD\/DVD plaadi \u00fcmbris.<\/em><\/p>\n<p><img loading=\"lazy\" decoding=\"async\" class=\"alignnone wp-image-2084\" src=\"https:\/\/kolmlovitrykikeskus.ee\/wp-content\/uploads\/2024\/08\/cd-dvd-karbid-1-300x202.jpg\" alt=\"\" width=\"539\" height=\"363\" srcset=\"https:\/\/kolmlovitrykikeskus.ee\/wp-content\/uploads\/2024\/08\/cd-dvd-karbid-1-300x202.jpg 300w, https:\/\/kolmlovitrykikeskus.ee\/wp-content\/uploads\/2024\/08\/cd-dvd-karbid-1.jpg 700w\" sizes=\"auto, (max-width: 539px) 100vw, 539px\" \/><br \/>\nM\u00f5ningad teised traditsioonilised karbid, millele on v\u00f5imalik lisada ka tr\u00fckitud osa ja pakendada kilepakendisse.<\/p>\n<p><img loading=\"lazy\" decoding=\"async\" class=\"alignnone wp-image-2083\" src=\"https:\/\/kolmlovitrykikeskus.ee\/wp-content\/uploads\/2024\/08\/mini-cd-makettkaaned-300x289.jpg\" alt=\"\" width=\"537\" height=\"517\" srcset=\"https:\/\/kolmlovitrykikeskus.ee\/wp-content\/uploads\/2024\/08\/mini-cd-makettkaaned-300x289.jpg 300w, https:\/\/kolmlovitrykikeskus.ee\/wp-content\/uploads\/2024\/08\/mini-cd-makettkaaned.jpg 750w\" sizes=\"auto, (max-width: 537px) 100vw, 537px\" \/><br \/>\n<em>V\u00f5imalik on tellida oma plaatidele spetsiaalsed pakendid. Allpool on m\u00f5ningad efektpaberitest valmistatud CD\/DVD plaatide \u00fcmbrised.<\/em><\/p>\n<p><img loading=\"lazy\" decoding=\"async\" class=\"alignnone size-full wp-image-2081\" src=\"https:\/\/kolmlovitrykikeskus.ee\/wp-content\/uploads\/2024\/08\/eripaberistpakendid.jpg\" alt=\"\" width=\"268\" height=\"201\" \/> <img loading=\"lazy\" decoding=\"async\" class=\"alignnone size-full wp-image-2080\" src=\"https:\/\/kolmlovitrykikeskus.ee\/wp-content\/uploads\/2024\/08\/cd-dvd-karbid-2.jpg\" alt=\"\" width=\"268\" height=\"201\" \/><br \/>\n<em>Tavaline kahepoolne CD\/DVD pakendi m\u00f5\u00f5t on 140x125mm, mini-CD 100x120mm.<\/em><br \/>\n<em>Pinnalaotus esimesel juhul 280x125mm ja mini-CD puhul 200x120mm. Keskel plaadi kinnitamiseks mahulisest vahust kinnitusmumm. Juhul kui pakend on t\u00e4iskujundusega tr\u00fckitud siis soovitame pakendi lamineerida matt v\u00f5i l\u00e4ikiva 25mic laminaadiga.<\/em><\/p>\n<p>Valmis CD\/DVD pakendid efektpaberitest loe <a href=\"https:\/\/kolmlovitrykikeskus.ee\/?page_id=1825\">siit.<\/a><\/p>\n<p><img loading=\"lazy\" decoding=\"async\" class=\"alignnone wp-image-2079\" src=\"https:\/\/kolmlovitrykikeskus.ee\/wp-content\/uploads\/2024\/08\/cd-taskud.png\" alt=\"\" width=\"536\" height=\"430\" \/><br \/>\n<em>Kleebitavad CD\/DVD taskud<\/em><\/p>\n","protected":false},"excerpt":{"rendered":"<p>CD ja DVD toorikutele tr\u00fckk ja pakendite valmistamine Tr\u00fckime CD ja DVD toorikutele t\u00e4isv\u00e4rvilisi (cmyk) kujundusi ilma etikette kasutamata. V\u00e4iksed ja keskmised tiraa\u017eid m\u00f5istliku hinnaga. [&#8230;]<\/p>\n","protected":false},"author":5,"featured_media":0,"parent":0,"menu_order":0,"comment_status":"closed","ping_status":"closed","template":"","meta":{"footnotes":""},"class_list":["post-2096","page","type-page","status-publish","hentry"],"yoast_head":"<!-- This site is optimized with the Yoast SEO plugin v27.5 - https:\/\/yoast.com\/product\/yoast-seo-wordpress\/ -->\n<title>CD ja DVD - Kolm L\u00f5vi Tr\u00fckikeskus<\/title>\n<meta name=\"description\" content=\"CD ja DVD CD ja DVD toorikutele tr\u00fckk ja pakendite valmistamine\" \/>\n<meta name=\"robots\" content=\"index, follow, max-snippet:-1, max-image-preview:large, max-video-preview:-1\" \/>\n<link rel=\"canonical\" href=\"https:\/\/kolmlovitrykikeskus.ee\/?page_id=2096\" \/>\n<meta property=\"og:locale\" content=\"et_EE\" \/>\n<meta property=\"og:type\" content=\"article\" \/>\n<meta property=\"og:title\" content=\"CD ja DVD - Kolm L\u00f5vi Tr\u00fckikeskus\" \/>\n<meta property=\"og:description\" content=\"CD ja DVD CD ja DVD toorikutele tr\u00fckk ja pakendite valmistamine\" \/>\n<meta property=\"og:url\" content=\"https:\/\/kolmlovitrykikeskus.ee\/?page_id=2096\" \/>\n<meta property=\"og:site_name\" content=\"Kolm L\u00f5vi Tr\u00fckikeskus\" \/>\n<meta property=\"article:publisher\" content=\"https:\/\/www.facebook.com\/kolmlovitrykikeskus\" \/>\n<meta property=\"article:modified_time\" content=\"2024-12-13T08:25:37+00:00\" \/>\n<meta property=\"og:image\" content=\"https:\/\/kolmlovitrykikeskus.ee\/wp-content\/uploads\/2024\/08\/cddvdtrykk-520px.jpg\" \/>\n\t<meta property=\"og:image:width\" content=\"520\" \/>\n\t<meta property=\"og:image:height\" content=\"310\" \/>\n\t<meta property=\"og:image:type\" content=\"image\/jpeg\" \/>\n<meta name=\"twitter:card\" content=\"summary_large_image\" \/>\n<meta name=\"twitter:label1\" content=\"Est. reading time\" \/>\n\t<meta name=\"twitter:data1\" content=\"7 minutit\" \/>\n<script type=\"application\/ld+json\" class=\"yoast-schema-graph\">{\"@context\":\"https:\\\/\\\/schema.org\",\"@graph\":[{\"@type\":\"WebPage\",\"@id\":\"https:\\\/\\\/kolmlovitrykikeskus.ee\\\/?page_id=2096\",\"url\":\"https:\\\/\\\/kolmlovitrykikeskus.ee\\\/?page_id=2096\",\"name\":\"CD ja DVD - Kolm L\u00f5vi Tr\u00fckikeskus\",\"isPartOf\":{\"@id\":\"https:\\\/\\\/kolmlovitrykikeskus.ee\\\/#website\"},\"primaryImageOfPage\":{\"@id\":\"https:\\\/\\\/kolmlovitrykikeskus.ee\\\/?page_id=2096#primaryimage\"},\"image\":{\"@id\":\"https:\\\/\\\/kolmlovitrykikeskus.ee\\\/?page_id=2096#primaryimage\"},\"thumbnailUrl\":\"https:\\\/\\\/kolmlovitrykikeskus.ee\\\/wp-content\\\/uploads\\\/2024\\\/08\\\/cddvdtrykk-520px.jpg\",\"datePublished\":\"2024-08-26T18:05:03+00:00\",\"dateModified\":\"2024-12-13T08:25:37+00:00\",\"description\":\"CD ja DVD CD ja DVD toorikutele tr\u00fckk ja pakendite valmistamine\",\"breadcrumb\":{\"@id\":\"https:\\\/\\\/kolmlovitrykikeskus.ee\\\/?page_id=2096#breadcrumb\"},\"inLanguage\":\"et\",\"potentialAction\":[{\"@type\":\"ReadAction\",\"target\":[\"https:\\\/\\\/kolmlovitrykikeskus.ee\\\/?page_id=2096\"]}]},{\"@type\":\"ImageObject\",\"inLanguage\":\"et\",\"@id\":\"https:\\\/\\\/kolmlovitrykikeskus.ee\\\/?page_id=2096#primaryimage\",\"url\":\"https:\\\/\\\/kolmlovitrykikeskus.ee\\\/wp-content\\\/uploads\\\/2024\\\/08\\\/cddvdtrykk-520px.jpg\",\"contentUrl\":\"https:\\\/\\\/kolmlovitrykikeskus.ee\\\/wp-content\\\/uploads\\\/2024\\\/08\\\/cddvdtrykk-520px.jpg\",\"width\":520,\"height\":310},{\"@type\":\"BreadcrumbList\",\"@id\":\"https:\\\/\\\/kolmlovitrykikeskus.ee\\\/?page_id=2096#breadcrumb\",\"itemListElement\":[{\"@type\":\"ListItem\",\"position\":1,\"name\":\"Home\",\"item\":\"https:\\\/\\\/kolmlovitrykikeskus.ee\\\/\"},{\"@type\":\"ListItem\",\"position\":2,\"name\":\"CD ja DVD\"}]},{\"@type\":\"WebSite\",\"@id\":\"https:\\\/\\\/kolmlovitrykikeskus.ee\\\/#website\",\"url\":\"https:\\\/\\\/kolmlovitrykikeskus.ee\\\/\",\"name\":\"Kolm L\u00f5vi Tr\u00fckikeskus\",\"description\":\"Leiame lahenduse!\",\"publisher\":{\"@id\":\"https:\\\/\\\/kolmlovitrykikeskus.ee\\\/#organization\"},\"potentialAction\":[{\"@type\":\"SearchAction\",\"target\":{\"@type\":\"EntryPoint\",\"urlTemplate\":\"https:\\\/\\\/kolmlovitrykikeskus.ee\\\/?s={search_term_string}\"},\"query-input\":{\"@type\":\"PropertyValueSpecification\",\"valueRequired\":true,\"valueName\":\"search_term_string\"}}],\"inLanguage\":\"et\"},{\"@type\":\"Organization\",\"@id\":\"https:\\\/\\\/kolmlovitrykikeskus.ee\\\/#organization\",\"name\":\"Kolm L\u00f5vi Tr\u00fckikeskus\",\"url\":\"https:\\\/\\\/kolmlovitrykikeskus.ee\\\/\",\"logo\":{\"@type\":\"ImageObject\",\"inLanguage\":\"et\",\"@id\":\"https:\\\/\\\/kolmlovitrykikeskus.ee\\\/#\\\/schema\\\/logo\\\/image\\\/\",\"url\":\"https:\\\/\\\/kolmlovitrykikeskus.ee\\\/wp-content\\\/uploads\\\/2023\\\/12\\\/cropped-kltk-logo.png\",\"contentUrl\":\"https:\\\/\\\/kolmlovitrykikeskus.ee\\\/wp-content\\\/uploads\\\/2023\\\/12\\\/cropped-kltk-logo.png\",\"width\":640,\"height\":170,\"caption\":\"Kolm L\u00f5vi Tr\u00fckikeskus\"},\"image\":{\"@id\":\"https:\\\/\\\/kolmlovitrykikeskus.ee\\\/#\\\/schema\\\/logo\\\/image\\\/\"},\"sameAs\":[\"https:\\\/\\\/www.facebook.com\\\/kolmlovitrykikeskus\"]}]}<\/script>\n<!-- \/ Yoast SEO plugin. -->","yoast_head_json":{"title":"CD ja DVD - Kolm L\u00f5vi Tr\u00fckikeskus","description":"CD ja DVD CD ja DVD toorikutele tr\u00fckk ja pakendite valmistamine","robots":{"index":"index","follow":"follow","max-snippet":"max-snippet:-1","max-image-preview":"max-image-preview:large","max-video-preview":"max-video-preview:-1"},"canonical":"https:\/\/kolmlovitrykikeskus.ee\/?page_id=2096","og_locale":"et_EE","og_type":"article","og_title":"CD ja DVD - Kolm L\u00f5vi Tr\u00fckikeskus","og_description":"CD ja DVD CD ja DVD toorikutele tr\u00fckk ja pakendite valmistamine","og_url":"https:\/\/kolmlovitrykikeskus.ee\/?page_id=2096","og_site_name":"Kolm L\u00f5vi Tr\u00fckikeskus","article_publisher":"https:\/\/www.facebook.com\/kolmlovitrykikeskus","article_modified_time":"2024-12-13T08:25:37+00:00","og_image":[{"width":520,"height":310,"url":"https:\/\/kolmlovitrykikeskus.ee\/wp-content\/uploads\/2024\/08\/cddvdtrykk-520px.jpg","type":"image\/jpeg"}],"twitter_card":"summary_large_image","twitter_misc":{"Est. reading time":"7 minutit"},"schema":{"@context":"https:\/\/schema.org","@graph":[{"@type":"WebPage","@id":"https:\/\/kolmlovitrykikeskus.ee\/?page_id=2096","url":"https:\/\/kolmlovitrykikeskus.ee\/?page_id=2096","name":"CD ja DVD - Kolm L\u00f5vi Tr\u00fckikeskus","isPartOf":{"@id":"https:\/\/kolmlovitrykikeskus.ee\/#website"},"primaryImageOfPage":{"@id":"https:\/\/kolmlovitrykikeskus.ee\/?page_id=2096#primaryimage"},"image":{"@id":"https:\/\/kolmlovitrykikeskus.ee\/?page_id=2096#primaryimage"},"thumbnailUrl":"https:\/\/kolmlovitrykikeskus.ee\/wp-content\/uploads\/2024\/08\/cddvdtrykk-520px.jpg","datePublished":"2024-08-26T18:05:03+00:00","dateModified":"2024-12-13T08:25:37+00:00","description":"CD ja DVD CD ja DVD toorikutele tr\u00fckk ja pakendite valmistamine","breadcrumb":{"@id":"https:\/\/kolmlovitrykikeskus.ee\/?page_id=2096#breadcrumb"},"inLanguage":"et","potentialAction":[{"@type":"ReadAction","target":["https:\/\/kolmlovitrykikeskus.ee\/?page_id=2096"]}]},{"@type":"ImageObject","inLanguage":"et","@id":"https:\/\/kolmlovitrykikeskus.ee\/?page_id=2096#primaryimage","url":"https:\/\/kolmlovitrykikeskus.ee\/wp-content\/uploads\/2024\/08\/cddvdtrykk-520px.jpg","contentUrl":"https:\/\/kolmlovitrykikeskus.ee\/wp-content\/uploads\/2024\/08\/cddvdtrykk-520px.jpg","width":520,"height":310},{"@type":"BreadcrumbList","@id":"https:\/\/kolmlovitrykikeskus.ee\/?page_id=2096#breadcrumb","itemListElement":[{"@type":"ListItem","position":1,"name":"Home","item":"https:\/\/kolmlovitrykikeskus.ee\/"},{"@type":"ListItem","position":2,"name":"CD ja DVD"}]},{"@type":"WebSite","@id":"https:\/\/kolmlovitrykikeskus.ee\/#website","url":"https:\/\/kolmlovitrykikeskus.ee\/","name":"Kolm L\u00f5vi Tr\u00fckikeskus","description":"Leiame lahenduse!","publisher":{"@id":"https:\/\/kolmlovitrykikeskus.ee\/#organization"},"potentialAction":[{"@type":"SearchAction","target":{"@type":"EntryPoint","urlTemplate":"https:\/\/kolmlovitrykikeskus.ee\/?s={search_term_string}"},"query-input":{"@type":"PropertyValueSpecification","valueRequired":true,"valueName":"search_term_string"}}],"inLanguage":"et"},{"@type":"Organization","@id":"https:\/\/kolmlovitrykikeskus.ee\/#organization","name":"Kolm L\u00f5vi Tr\u00fckikeskus","url":"https:\/\/kolmlovitrykikeskus.ee\/","logo":{"@type":"ImageObject","inLanguage":"et","@id":"https:\/\/kolmlovitrykikeskus.ee\/#\/schema\/logo\/image\/","url":"https:\/\/kolmlovitrykikeskus.ee\/wp-content\/uploads\/2023\/12\/cropped-kltk-logo.png","contentUrl":"https:\/\/kolmlovitrykikeskus.ee\/wp-content\/uploads\/2023\/12\/cropped-kltk-logo.png","width":640,"height":170,"caption":"Kolm L\u00f5vi Tr\u00fckikeskus"},"image":{"@id":"https:\/\/kolmlovitrykikeskus.ee\/#\/schema\/logo\/image\/"},"sameAs":["https:\/\/www.facebook.com\/kolmlovitrykikeskus"]}]}},"_links":{"self":[{"href":"https:\/\/kolmlovitrykikeskus.ee\/index.php?rest_route=\/wp\/v2\/pages\/2096","targetHints":{"allow":["GET"]}}],"collection":[{"href":"https:\/\/kolmlovitrykikeskus.ee\/index.php?rest_route=\/wp\/v2\/pages"}],"about":[{"href":"https:\/\/kolmlovitrykikeskus.ee\/index.php?rest_route=\/wp\/v2\/types\/page"}],"author":[{"embeddable":true,"href":"https:\/\/kolmlovitrykikeskus.ee\/index.php?rest_route=\/wp\/v2\/users\/5"}],"replies":[{"embeddable":true,"href":"https:\/\/kolmlovitrykikeskus.ee\/index.php?rest_route=%2Fwp%2Fv2%2Fcomments&post=2096"}],"version-history":[{"count":17,"href":"https:\/\/kolmlovitrykikeskus.ee\/index.php?rest_route=\/wp\/v2\/pages\/2096\/revisions"}],"predecessor-version":[{"id":4255,"href":"https:\/\/kolmlovitrykikeskus.ee\/index.php?rest_route=\/wp\/v2\/pages\/2096\/revisions\/4255"}],"wp:attachment":[{"href":"https:\/\/kolmlovitrykikeskus.ee\/index.php?rest_route=%2Fwp%2Fv2%2Fmedia&parent=2096"}],"curies":[{"name":"wp","href":"https:\/\/api.w.org\/{rel}","templated":true}]}}