{"id":2076,"date":"2024-08-26T18:31:58","date_gmt":"2024-08-26T16:31:58","guid":{"rendered":"https:\/\/kolmlovitrykikeskus.ee\/?page_id=2076"},"modified":"2024-12-09T12:02:28","modified_gmt":"2024-12-09T10:02:28","slug":"stantsimine-nurkadeumardamine-neetimine-ja-aukude-puurimine","status":"publish","type":"page","link":"https:\/\/kolmlovitrykikeskus.ee\/?page_id=2076","title":{"rendered":"Stantsimine"},"content":{"rendered":"<h2>Nurkade \u00fcmardamine, neetimine ja aukude puurimine. Kinnitusr\u00f5ngad ja -poldid, k\u00f6itekummid, pappjalad.<\/h2>\n<p><a id=\"STANTSIMINE-LIIGUYLES\"><\/a>Stantsimisega saab valmistada erinevaid <a href=\"https:\/\/kolmlovitrykikeskus.ee\/?page_id=1800\">pakendeid,<\/a> <a href=\"https:\/\/kolmlovitrykikeskus.ee\/?page_id=2190&amp;preview=true\">parkimiskellasid<\/a>, mappkaasi jne.<\/p>\n<p>Sooduspakkumiste jaoks erinevad nn r\u00e4\u00e4kijad, n\u00e4iteks riidepuudele. Pikliku euroauguga n\u00e4iteks piluseina piikidele.<\/p>\n<p><img loading=\"lazy\" decoding=\"async\" class=\"alignnone wp-image-2075 size-full\" src=\"https:\/\/kolmlovitrykikeskus.ee\/wp-content\/uploads\/2024\/08\/riputused657.jpg\" alt=\"\" width=\"657\" height=\"95\" srcset=\"https:\/\/kolmlovitrykikeskus.ee\/wp-content\/uploads\/2024\/08\/riputused657.jpg 657w, https:\/\/kolmlovitrykikeskus.ee\/wp-content\/uploads\/2024\/08\/riputused657-300x43.jpg 300w\" sizes=\"auto, (max-width: 657px) 100vw, 657px\" \/><br \/>\n<em>Laiemad &#8220;r\u00e4\u00e4kijad&#8221; 95mm ja kitsamad 65mm. \u00dcmmargused 89mm ja valge 54x86mm.<\/em><\/p>\n<p><img loading=\"lazy\" decoding=\"async\" class=\"alignnone wp-image-2074 size-medium\" src=\"https:\/\/kolmlovitrykikeskus.ee\/wp-content\/uploads\/2024\/08\/pudelikaeltalker-246x300.jpg\" alt=\"\" width=\"246\" height=\"300\" srcset=\"https:\/\/kolmlovitrykikeskus.ee\/wp-content\/uploads\/2024\/08\/pudelikaeltalker-246x300.jpg 246w, https:\/\/kolmlovitrykikeskus.ee\/wp-content\/uploads\/2024\/08\/pudelikaeltalker.jpg 657w\" sizes=\"auto, (max-width: 246px) 100vw, 246px\" \/><\/p>\n<p><em>Pudeli kaela sobituv flaier s\u00f5numiga v\u00f5i s\u00fcmboolikaga 210x65mm.<\/em><\/p>\n<p><img loading=\"lazy\" decoding=\"async\" class=\"alignnone wp-image-2073 size-full\" src=\"https:\/\/kolmlovitrykikeskus.ee\/wp-content\/uploads\/2024\/08\/parkimiskellad.jpg\" alt=\"\" width=\"520\" height=\"331\" srcset=\"https:\/\/kolmlovitrykikeskus.ee\/wp-content\/uploads\/2024\/08\/parkimiskellad.jpg 520w, https:\/\/kolmlovitrykikeskus.ee\/wp-content\/uploads\/2024\/08\/parkimiskellad-300x191.jpg 300w\" sizes=\"auto, (max-width: 520px) 100vw, 520px\" \/><br \/>\n<em>Vastavalt kliendi soovile erinevad parkimiskellad. PARKIMISKELLADE INFOT VAATA KA <a href=\"https:\/\/kolmlovitrykikeskus.ee\/?page_id=2190&amp;preview=true\">SIIT.<\/a><\/em><\/p>\n<p><img loading=\"lazy\" decoding=\"async\" class=\"alignnone wp-image-2388 size-full\" src=\"https:\/\/kolmlovitrykikeskus.ee\/wp-content\/uploads\/2024\/08\/rebitavad-markeeringud2.jpg\" alt=\"\" width=\"520\" height=\"390\" srcset=\"https:\/\/kolmlovitrykikeskus.ee\/wp-content\/uploads\/2024\/08\/rebitavad-markeeringud2.jpg 520w, https:\/\/kolmlovitrykikeskus.ee\/wp-content\/uploads\/2024\/08\/rebitavad-markeeringud2-300x225.jpg 300w\" sizes=\"auto, (max-width: 520px) 100vw, 520px\" \/><br \/>\n<em>\u00dchekordsed rebitavad <a href=\"https:\/\/kolmlovitrykikeskus.ee\/?page_id=2389\">garderoobinumbrid<\/a>.\u00a0<\/em><\/p>\n<p><img loading=\"lazy\" decoding=\"async\" class=\"alignnone size-medium wp-image-2072\" src=\"https:\/\/kolmlovitrykikeskus.ee\/wp-content\/uploads\/2024\/08\/teavituskell-285x300.jpg\" alt=\"\" width=\"285\" height=\"300\" srcset=\"https:\/\/kolmlovitrykikeskus.ee\/wp-content\/uploads\/2024\/08\/teavituskell-285x300.jpg 285w, https:\/\/kolmlovitrykikeskus.ee\/wp-content\/uploads\/2024\/08\/teavituskell.jpg 657w\" sizes=\"auto, (max-width: 285px) 100vw, 285px\" \/><img loading=\"lazy\" decoding=\"async\" class=\"alignnone wp-image-2071\" src=\"https:\/\/kolmlovitrykikeskus.ee\/wp-content\/uploads\/2024\/08\/neetimine657-300x212.jpg\" alt=\"\" width=\"423\" height=\"299\" srcset=\"https:\/\/kolmlovitrykikeskus.ee\/wp-content\/uploads\/2024\/08\/neetimine657-300x212.jpg 300w, https:\/\/kolmlovitrykikeskus.ee\/wp-content\/uploads\/2024\/08\/neetimine657.jpg 657w\" sizes=\"auto, (max-width: 423px) 100vw, 423px\" \/><br \/>\n<em>Neetimisega saab erinevaid materjale j\u00e4igalt ja liikuvalt kokku \u00fchendada.<\/em><\/p>\n<p><img loading=\"lazy\" decoding=\"async\" class=\"alignnone wp-image-2059 size-full\" src=\"https:\/\/kolmlovitrykikeskus.ee\/wp-content\/uploads\/2024\/08\/kl_parkimiskell520.jpg\" alt=\"\" width=\"520\" height=\"398\" srcset=\"https:\/\/kolmlovitrykikeskus.ee\/wp-content\/uploads\/2024\/08\/kl_parkimiskell520.jpg 520w, https:\/\/kolmlovitrykikeskus.ee\/wp-content\/uploads\/2024\/08\/kl_parkimiskell520-300x230.jpg 300w\" sizes=\"auto, (max-width: 520px) 100vw, 520px\" \/><br \/>\n<em>Parkimiskella toorik. PARKIMISKELLADE INFOT VAATA KA <a href=\"https:\/\/kolmlovitrykikeskus.ee\/?page_id=2190&amp;preview=true\">SIIT.<\/a><\/em><\/p>\n<p><img loading=\"lazy\" decoding=\"async\" class=\"alignnone wp-image-2070 size-full\" src=\"https:\/\/kolmlovitrykikeskus.ee\/wp-content\/uploads\/2024\/08\/riputused520.jpg\" alt=\"\" width=\"520\" height=\"296\" srcset=\"https:\/\/kolmlovitrykikeskus.ee\/wp-content\/uploads\/2024\/08\/riputused520.jpg 520w, https:\/\/kolmlovitrykikeskus.ee\/wp-content\/uploads\/2024\/08\/riputused520-300x171.jpg 300w\" sizes=\"auto, (max-width: 520px) 100vw, 520px\" \/><br \/>\n<em>Riputuskonksud paberist v\u00f5i plastikust. V\u00f5imalik lisada liimitav osa.<\/em><\/p>\n<p><img loading=\"lazy\" decoding=\"async\" class=\"alignnone wp-image-2069 size-full\" src=\"https:\/\/kolmlovitrykikeskus.ee\/wp-content\/uploads\/2024\/08\/stantsitudsyda.jpg\" alt=\"\" width=\"520\" height=\"331\" srcset=\"https:\/\/kolmlovitrykikeskus.ee\/wp-content\/uploads\/2024\/08\/stantsitudsyda.jpg 520w, https:\/\/kolmlovitrykikeskus.ee\/wp-content\/uploads\/2024\/08\/stantsitudsyda-300x191.jpg 300w\" sizes=\"auto, (max-width: 520px) 100vw, 520px\" \/><br \/>\n<em>Papist stantsitud erinevad kujundid.<\/em><\/p>\n<p><img loading=\"lazy\" decoding=\"async\" class=\"alignnone wp-image-2068 size-full\" src=\"https:\/\/kolmlovitrykikeskus.ee\/wp-content\/uploads\/2024\/08\/tugijalg-papp.jpg\" alt=\"\" width=\"520\" height=\"331\" srcset=\"https:\/\/kolmlovitrykikeskus.ee\/wp-content\/uploads\/2024\/08\/tugijalg-papp.jpg 520w, https:\/\/kolmlovitrykikeskus.ee\/wp-content\/uploads\/2024\/08\/tugijalg-papp-300x191.jpg 300w\" sizes=\"auto, (max-width: 520px) 100vw, 520px\" \/><br \/>\n<em>Papist stantsitud tugijalg.<\/em><\/p>\n<p><img loading=\"lazy\" decoding=\"async\" class=\"alignnone wp-image-2067 \" src=\"https:\/\/kolmlovitrykikeskus.ee\/wp-content\/uploads\/2024\/08\/viskarp-pp506.jpg\" alt=\"\" width=\"518\" height=\"291\" srcset=\"https:\/\/kolmlovitrykikeskus.ee\/wp-content\/uploads\/2024\/08\/viskarp-pp506.jpg 506w, https:\/\/kolmlovitrykikeskus.ee\/wp-content\/uploads\/2024\/08\/viskarp-pp506-300x168.jpg 300w\" sizes=\"auto, (max-width: 518px) 100vw, 518px\" \/><br \/>\n<em>L\u00e4bipaistvast plastikust stantsitud visiitkaartide karp.<\/em><\/p>\n<p><img loading=\"lazy\" decoding=\"async\" class=\"alignnone wp-image-2066 size-full\" src=\"https:\/\/kolmlovitrykikeskus.ee\/wp-content\/uploads\/2024\/08\/kinnitusrongad.jpg\" alt=\"\" width=\"520\" height=\"176\" srcset=\"https:\/\/kolmlovitrykikeskus.ee\/wp-content\/uploads\/2024\/08\/kinnitusrongad.jpg 520w, https:\/\/kolmlovitrykikeskus.ee\/wp-content\/uploads\/2024\/08\/kinnitusrongad-300x102.jpg 300w\" sizes=\"auto, (max-width: 520px) 100vw, 520px\" \/><br \/>\n<em>Kinnitusr\u00f5ngad (lukustusega), n\u00e4iteks materjalin\u00e4idiste lehvikute kinnitamiseks <a href=\"https:\/\/kolmlovitrykikeskus.ee\/?page_id=453\">(lisainfo).<\/a><\/em><\/p>\n<p><img loading=\"lazy\" decoding=\"async\" class=\"alignnone wp-image-2065 size-full\" src=\"https:\/\/kolmlovitrykikeskus.ee\/wp-content\/uploads\/2024\/08\/paberipoldid.jpg\" alt=\"\" width=\"520\" height=\"233\" srcset=\"https:\/\/kolmlovitrykikeskus.ee\/wp-content\/uploads\/2024\/08\/paberipoldid.jpg 520w, https:\/\/kolmlovitrykikeskus.ee\/wp-content\/uploads\/2024\/08\/paberipoldid-300x134.jpg 300w\" sizes=\"auto, (max-width: 520px) 100vw, 520px\" \/><br \/>\n<em>Kinnituspoldid lehvikutele. Paberikruvid kruvik\u00f6itele &#8211; nr kaaned <a href=\"https:\/\/kolmlovitrykikeskus.ee\/?page_id=2213\">(SIIT).<\/a><\/em><\/p>\n<p><img loading=\"lazy\" decoding=\"async\" class=\"alignnone wp-image-2064 \" src=\"https:\/\/kolmlovitrykikeskus.ee\/wp-content\/uploads\/2024\/08\/vaiksediminapad-1024x697.jpg\" alt=\"\" width=\"518\" height=\"353\" srcset=\"https:\/\/kolmlovitrykikeskus.ee\/wp-content\/uploads\/2024\/08\/vaiksediminapad-1024x697.jpg 1024w, https:\/\/kolmlovitrykikeskus.ee\/wp-content\/uploads\/2024\/08\/vaiksediminapad-300x204.jpg 300w, https:\/\/kolmlovitrykikeskus.ee\/wp-content\/uploads\/2024\/08\/vaiksediminapad-768x523.jpg 768w, https:\/\/kolmlovitrykikeskus.ee\/wp-content\/uploads\/2024\/08\/vaiksediminapad-1536x1046.jpg 1536w, https:\/\/kolmlovitrykikeskus.ee\/wp-content\/uploads\/2024\/08\/vaiksediminapad-2048x1394.jpg 2048w, https:\/\/kolmlovitrykikeskus.ee\/wp-content\/uploads\/2024\/08\/vaiksediminapad-1800x1225.jpg 1800w\" sizes=\"auto, (max-width: 518px) 100vw, 518px\" \/><br \/>\n<em>V\u00e4iksed iminapad paberikinnitustega. Vaata teisi iminappkinnitusi <a href=\"https:\/\/kolmlovitrykikeskus.ee\/?page_id=399\">siit.<\/a><\/em><\/p>\n<p><img loading=\"lazy\" decoding=\"async\" class=\"alignnone wp-image-2060 \" src=\"https:\/\/kolmlovitrykikeskus.ee\/wp-content\/uploads\/2024\/08\/iminappkonksuga-1024x646.jpg\" alt=\"\" width=\"518\" height=\"327\" srcset=\"https:\/\/kolmlovitrykikeskus.ee\/wp-content\/uploads\/2024\/08\/iminappkonksuga-1024x646.jpg 1024w, https:\/\/kolmlovitrykikeskus.ee\/wp-content\/uploads\/2024\/08\/iminappkonksuga-300x189.jpg 300w, https:\/\/kolmlovitrykikeskus.ee\/wp-content\/uploads\/2024\/08\/iminappkonksuga-768x484.jpg 768w, https:\/\/kolmlovitrykikeskus.ee\/wp-content\/uploads\/2024\/08\/iminappkonksuga-1536x969.jpg 1536w, https:\/\/kolmlovitrykikeskus.ee\/wp-content\/uploads\/2024\/08\/iminappkonksuga-2048x1292.jpg 2048w, https:\/\/kolmlovitrykikeskus.ee\/wp-content\/uploads\/2024\/08\/iminappkonksuga-1800x1135.jpg 1800w\" sizes=\"auto, (max-width: 518px) 100vw, 518px\" \/><br \/>\n<em>Iminapp konksuga.<\/em><\/p>\n<p><img loading=\"lazy\" decoding=\"async\" class=\"alignnone wp-image-2063 \" src=\"https:\/\/kolmlovitrykikeskus.ee\/wp-content\/uploads\/2024\/08\/riputuskumm-1024x578.jpg\" alt=\"\" width=\"517\" height=\"292\" srcset=\"https:\/\/kolmlovitrykikeskus.ee\/wp-content\/uploads\/2024\/08\/riputuskumm-1024x578.jpg 1024w, https:\/\/kolmlovitrykikeskus.ee\/wp-content\/uploads\/2024\/08\/riputuskumm-300x169.jpg 300w, https:\/\/kolmlovitrykikeskus.ee\/wp-content\/uploads\/2024\/08\/riputuskumm-768x433.jpg 768w, https:\/\/kolmlovitrykikeskus.ee\/wp-content\/uploads\/2024\/08\/riputuskumm-1536x867.jpg 1536w, https:\/\/kolmlovitrykikeskus.ee\/wp-content\/uploads\/2024\/08\/riputuskumm-2048x1155.jpg 2048w, https:\/\/kolmlovitrykikeskus.ee\/wp-content\/uploads\/2024\/08\/riputuskumm-1800x1015.jpg 1800w, https:\/\/kolmlovitrykikeskus.ee\/wp-content\/uploads\/2024\/08\/riputuskumm-1840x1035.jpg 1840w\" sizes=\"auto, (max-width: 517px) 100vw, 517px\" \/><br \/>\n<em>K\u00f6itekummid erinevate pikkustega, n\u00e4iteks 270 ja 140mm.<\/em><\/p>\n<p><img loading=\"lazy\" decoding=\"async\" class=\"alignnone wp-image-2062 size-full\" src=\"https:\/\/kolmlovitrykikeskus.ee\/wp-content\/uploads\/2024\/08\/kleebitav-euroriputus.jpg\" alt=\"\" width=\"520\" height=\"349\" srcset=\"https:\/\/kolmlovitrykikeskus.ee\/wp-content\/uploads\/2024\/08\/kleebitav-euroriputus.jpg 520w, https:\/\/kolmlovitrykikeskus.ee\/wp-content\/uploads\/2024\/08\/kleebitav-euroriputus-300x201.jpg 300w\" sizes=\"auto, (max-width: 520px) 100vw, 520px\" \/><br \/>\n<em>\u00d5hukesest plastikust stantsitud euroriputus.<\/em><\/p>\n<p><img loading=\"lazy\" decoding=\"async\" class=\"alignnone wp-image-2061 \" src=\"https:\/\/kolmlovitrykikeskus.ee\/wp-content\/uploads\/2024\/08\/pappistkonks-1024x549.jpg\" alt=\"\" width=\"520\" height=\"279\" srcset=\"https:\/\/kolmlovitrykikeskus.ee\/wp-content\/uploads\/2024\/08\/pappistkonks-1024x549.jpg 1024w, https:\/\/kolmlovitrykikeskus.ee\/wp-content\/uploads\/2024\/08\/pappistkonks-300x161.jpg 300w, https:\/\/kolmlovitrykikeskus.ee\/wp-content\/uploads\/2024\/08\/pappistkonks-768x411.jpg 768w, https:\/\/kolmlovitrykikeskus.ee\/wp-content\/uploads\/2024\/08\/pappistkonks-1536x823.jpg 1536w, https:\/\/kolmlovitrykikeskus.ee\/wp-content\/uploads\/2024\/08\/pappistkonks-2048x1097.jpg 2048w, https:\/\/kolmlovitrykikeskus.ee\/wp-content\/uploads\/2024\/08\/pappistkonks-1800x964.jpg 1800w\" sizes=\"auto, (max-width: 520px) 100vw, 520px\" \/><br \/>\n<em>Stantsitud papist konksud.<\/em><\/p>\n<p><img loading=\"lazy\" decoding=\"async\" class=\"alignnone wp-image-2058 size-full\" src=\"https:\/\/kolmlovitrykikeskus.ee\/wp-content\/uploads\/2024\/08\/riputus20cm-serv.jpg\" alt=\"\" width=\"520\" height=\"133\" srcset=\"https:\/\/kolmlovitrykikeskus.ee\/wp-content\/uploads\/2024\/08\/riputus20cm-serv.jpg 520w, https:\/\/kolmlovitrykikeskus.ee\/wp-content\/uploads\/2024\/08\/riputus20cm-serv-300x77.jpg 300w\" sizes=\"auto, (max-width: 520px) 100vw, 520px\" \/><br \/>\n<em>Papist v\u00f5i plastikust kleebitav euroauguga riputus 200mm.<\/em><\/p>\n<p><img loading=\"lazy\" decoding=\"async\" class=\"alignnone wp-image-2057 \" src=\"https:\/\/kolmlovitrykikeskus.ee\/wp-content\/uploads\/2024\/08\/euroriputuskleebitav657.jpg\" alt=\"\" width=\"521\" height=\"333\" srcset=\"https:\/\/kolmlovitrykikeskus.ee\/wp-content\/uploads\/2024\/08\/euroriputuskleebitav657.jpg 657w, https:\/\/kolmlovitrykikeskus.ee\/wp-content\/uploads\/2024\/08\/euroriputuskleebitav657-300x192.jpg 300w\" sizes=\"auto, (max-width: 521px) 100vw, 521px\" \/><br \/>\n<em>Blisterpakend l\u00e4bipaistvast \u00f5hukesest PVC plastikust.<\/em><\/p>\n<p><img loading=\"lazy\" decoding=\"async\" class=\"alignnone wp-image-2056 size-medium\" src=\"https:\/\/kolmlovitrykikeskus.ee\/wp-content\/uploads\/2024\/08\/blisterpakk-300x245.jpg\" alt=\"\" width=\"300\" height=\"245\" srcset=\"https:\/\/kolmlovitrykikeskus.ee\/wp-content\/uploads\/2024\/08\/blisterpakk-300x245.jpg 300w, https:\/\/kolmlovitrykikeskus.ee\/wp-content\/uploads\/2024\/08\/blisterpakk.jpg 560w\" sizes=\"auto, (max-width: 300px) 100vw, 300px\" \/><img loading=\"lazy\" decoding=\"async\" class=\"alignnone wp-image-2055 \" src=\"https:\/\/kolmlovitrykikeskus.ee\/wp-content\/uploads\/2024\/08\/blisterpakk2-300x252.jpg\" alt=\"\" width=\"293\" height=\"246\" srcset=\"https:\/\/kolmlovitrykikeskus.ee\/wp-content\/uploads\/2024\/08\/blisterpakk2-300x252.jpg 300w, https:\/\/kolmlovitrykikeskus.ee\/wp-content\/uploads\/2024\/08\/blisterpakk2.jpg 560w\" sizes=\"auto, (max-width: 293px) 100vw, 293px\" \/><br \/>\n<em>Blisterpakend<\/em><\/p>\n<p><a href=\"#STANTSIMINE-LIIGUYLES\">LIIGU \u00dcLES<\/a><\/p>\n","protected":false},"excerpt":{"rendered":"<p>Nurkade \u00fcmardamine, neetimine ja aukude puurimine. Kinnitusr\u00f5ngad ja -poldid, k\u00f6itekummid, pappjalad. Stantsimisega saab valmistada erinevaid pakendeid, parkimiskellasid, mappkaasi jne. Sooduspakkumiste jaoks erinevad nn r\u00e4\u00e4kijad, n\u00e4iteks [&#8230;]<\/p>\n","protected":false},"author":5,"featured_media":0,"parent":0,"menu_order":0,"comment_status":"closed","ping_status":"closed","template":"","meta":{"footnotes":""},"class_list":["post-2076","page","type-page","status-publish","hentry"],"yoast_head":"<!-- This site is optimized with the Yoast SEO plugin v27.5 - https:\/\/yoast.com\/product\/yoast-seo-wordpress\/ -->\n<title>Stantsimine - Kolm L\u00f5vi Tr\u00fckikeskus<\/title>\n<meta name=\"description\" content=\"Stantsimine Nurkade \u00fcmardamine, neetimine ja aukude puurimine. Kinnitusr\u00f5ngad ja -poldid, k\u00f6itekummid, pappjalad.\" \/>\n<meta name=\"robots\" content=\"index, follow, max-snippet:-1, max-image-preview:large, max-video-preview:-1\" \/>\n<link rel=\"canonical\" href=\"https:\/\/kolmlovitrykikeskus.ee\/?page_id=2076\" \/>\n<meta property=\"og:locale\" content=\"et_EE\" \/>\n<meta property=\"og:type\" content=\"article\" \/>\n<meta property=\"og:title\" content=\"Stantsimine - Kolm L\u00f5vi Tr\u00fckikeskus\" \/>\n<meta property=\"og:description\" content=\"Stantsimine Nurkade \u00fcmardamine, neetimine ja aukude puurimine. Kinnitusr\u00f5ngad ja -poldid, k\u00f6itekummid, pappjalad.\" \/>\n<meta property=\"og:url\" content=\"https:\/\/kolmlovitrykikeskus.ee\/?page_id=2076\" \/>\n<meta property=\"og:site_name\" content=\"Kolm L\u00f5vi Tr\u00fckikeskus\" \/>\n<meta property=\"article:publisher\" content=\"https:\/\/www.facebook.com\/kolmlovitrykikeskus\" \/>\n<meta property=\"article:modified_time\" content=\"2024-12-09T10:02:28+00:00\" \/>\n<meta property=\"og:image\" content=\"https:\/\/kolmlovitrykikeskus.ee\/wp-content\/uploads\/2024\/08\/riputused657.jpg\" \/>\n\t<meta property=\"og:image:width\" content=\"657\" \/>\n\t<meta property=\"og:image:height\" content=\"95\" \/>\n\t<meta property=\"og:image:type\" content=\"image\/jpeg\" \/>\n<meta name=\"twitter:card\" content=\"summary_large_image\" \/>\n<meta name=\"twitter:label1\" content=\"Est. reading time\" \/>\n\t<meta name=\"twitter:data1\" content=\"6 minutit\" \/>\n<script type=\"application\/ld+json\" class=\"yoast-schema-graph\">{\"@context\":\"https:\\\/\\\/schema.org\",\"@graph\":[{\"@type\":\"WebPage\",\"@id\":\"https:\\\/\\\/kolmlovitrykikeskus.ee\\\/?page_id=2076\",\"url\":\"https:\\\/\\\/kolmlovitrykikeskus.ee\\\/?page_id=2076\",\"name\":\"Stantsimine - Kolm L\u00f5vi Tr\u00fckikeskus\",\"isPartOf\":{\"@id\":\"https:\\\/\\\/kolmlovitrykikeskus.ee\\\/#website\"},\"primaryImageOfPage\":{\"@id\":\"https:\\\/\\\/kolmlovitrykikeskus.ee\\\/?page_id=2076#primaryimage\"},\"image\":{\"@id\":\"https:\\\/\\\/kolmlovitrykikeskus.ee\\\/?page_id=2076#primaryimage\"},\"thumbnailUrl\":\"https:\\\/\\\/kolmlovitrykikeskus.ee\\\/wp-content\\\/uploads\\\/2024\\\/08\\\/riputused657.jpg\",\"datePublished\":\"2024-08-26T16:31:58+00:00\",\"dateModified\":\"2024-12-09T10:02:28+00:00\",\"description\":\"Stantsimine Nurkade \u00fcmardamine, neetimine ja aukude puurimine. Kinnitusr\u00f5ngad ja -poldid, k\u00f6itekummid, pappjalad.\",\"breadcrumb\":{\"@id\":\"https:\\\/\\\/kolmlovitrykikeskus.ee\\\/?page_id=2076#breadcrumb\"},\"inLanguage\":\"et\",\"potentialAction\":[{\"@type\":\"ReadAction\",\"target\":[\"https:\\\/\\\/kolmlovitrykikeskus.ee\\\/?page_id=2076\"]}]},{\"@type\":\"ImageObject\",\"inLanguage\":\"et\",\"@id\":\"https:\\\/\\\/kolmlovitrykikeskus.ee\\\/?page_id=2076#primaryimage\",\"url\":\"https:\\\/\\\/kolmlovitrykikeskus.ee\\\/wp-content\\\/uploads\\\/2024\\\/08\\\/riputused657.jpg\",\"contentUrl\":\"https:\\\/\\\/kolmlovitrykikeskus.ee\\\/wp-content\\\/uploads\\\/2024\\\/08\\\/riputused657.jpg\",\"width\":657,\"height\":95},{\"@type\":\"BreadcrumbList\",\"@id\":\"https:\\\/\\\/kolmlovitrykikeskus.ee\\\/?page_id=2076#breadcrumb\",\"itemListElement\":[{\"@type\":\"ListItem\",\"position\":1,\"name\":\"Home\",\"item\":\"https:\\\/\\\/kolmlovitrykikeskus.ee\\\/\"},{\"@type\":\"ListItem\",\"position\":2,\"name\":\"Stantsimine\"}]},{\"@type\":\"WebSite\",\"@id\":\"https:\\\/\\\/kolmlovitrykikeskus.ee\\\/#website\",\"url\":\"https:\\\/\\\/kolmlovitrykikeskus.ee\\\/\",\"name\":\"Kolm L\u00f5vi Tr\u00fckikeskus\",\"description\":\"Leiame lahenduse!\",\"publisher\":{\"@id\":\"https:\\\/\\\/kolmlovitrykikeskus.ee\\\/#organization\"},\"potentialAction\":[{\"@type\":\"SearchAction\",\"target\":{\"@type\":\"EntryPoint\",\"urlTemplate\":\"https:\\\/\\\/kolmlovitrykikeskus.ee\\\/?s={search_term_string}\"},\"query-input\":{\"@type\":\"PropertyValueSpecification\",\"valueRequired\":true,\"valueName\":\"search_term_string\"}}],\"inLanguage\":\"et\"},{\"@type\":\"Organization\",\"@id\":\"https:\\\/\\\/kolmlovitrykikeskus.ee\\\/#organization\",\"name\":\"Kolm L\u00f5vi Tr\u00fckikeskus\",\"url\":\"https:\\\/\\\/kolmlovitrykikeskus.ee\\\/\",\"logo\":{\"@type\":\"ImageObject\",\"inLanguage\":\"et\",\"@id\":\"https:\\\/\\\/kolmlovitrykikeskus.ee\\\/#\\\/schema\\\/logo\\\/image\\\/\",\"url\":\"https:\\\/\\\/kolmlovitrykikeskus.ee\\\/wp-content\\\/uploads\\\/2023\\\/12\\\/cropped-kltk-logo.png\",\"contentUrl\":\"https:\\\/\\\/kolmlovitrykikeskus.ee\\\/wp-content\\\/uploads\\\/2023\\\/12\\\/cropped-kltk-logo.png\",\"width\":640,\"height\":170,\"caption\":\"Kolm L\u00f5vi Tr\u00fckikeskus\"},\"image\":{\"@id\":\"https:\\\/\\\/kolmlovitrykikeskus.ee\\\/#\\\/schema\\\/logo\\\/image\\\/\"},\"sameAs\":[\"https:\\\/\\\/www.facebook.com\\\/kolmlovitrykikeskus\"]}]}<\/script>\n<!-- \/ Yoast SEO plugin. -->","yoast_head_json":{"title":"Stantsimine - Kolm L\u00f5vi Tr\u00fckikeskus","description":"Stantsimine Nurkade \u00fcmardamine, neetimine ja aukude puurimine. Kinnitusr\u00f5ngad ja -poldid, k\u00f6itekummid, pappjalad.","robots":{"index":"index","follow":"follow","max-snippet":"max-snippet:-1","max-image-preview":"max-image-preview:large","max-video-preview":"max-video-preview:-1"},"canonical":"https:\/\/kolmlovitrykikeskus.ee\/?page_id=2076","og_locale":"et_EE","og_type":"article","og_title":"Stantsimine - Kolm L\u00f5vi Tr\u00fckikeskus","og_description":"Stantsimine Nurkade \u00fcmardamine, neetimine ja aukude puurimine. Kinnitusr\u00f5ngad ja -poldid, k\u00f6itekummid, pappjalad.","og_url":"https:\/\/kolmlovitrykikeskus.ee\/?page_id=2076","og_site_name":"Kolm L\u00f5vi Tr\u00fckikeskus","article_publisher":"https:\/\/www.facebook.com\/kolmlovitrykikeskus","article_modified_time":"2024-12-09T10:02:28+00:00","og_image":[{"width":657,"height":95,"url":"https:\/\/kolmlovitrykikeskus.ee\/wp-content\/uploads\/2024\/08\/riputused657.jpg","type":"image\/jpeg"}],"twitter_card":"summary_large_image","twitter_misc":{"Est. reading time":"6 minutit"},"schema":{"@context":"https:\/\/schema.org","@graph":[{"@type":"WebPage","@id":"https:\/\/kolmlovitrykikeskus.ee\/?page_id=2076","url":"https:\/\/kolmlovitrykikeskus.ee\/?page_id=2076","name":"Stantsimine - Kolm L\u00f5vi Tr\u00fckikeskus","isPartOf":{"@id":"https:\/\/kolmlovitrykikeskus.ee\/#website"},"primaryImageOfPage":{"@id":"https:\/\/kolmlovitrykikeskus.ee\/?page_id=2076#primaryimage"},"image":{"@id":"https:\/\/kolmlovitrykikeskus.ee\/?page_id=2076#primaryimage"},"thumbnailUrl":"https:\/\/kolmlovitrykikeskus.ee\/wp-content\/uploads\/2024\/08\/riputused657.jpg","datePublished":"2024-08-26T16:31:58+00:00","dateModified":"2024-12-09T10:02:28+00:00","description":"Stantsimine Nurkade \u00fcmardamine, neetimine ja aukude puurimine. Kinnitusr\u00f5ngad ja -poldid, k\u00f6itekummid, pappjalad.","breadcrumb":{"@id":"https:\/\/kolmlovitrykikeskus.ee\/?page_id=2076#breadcrumb"},"inLanguage":"et","potentialAction":[{"@type":"ReadAction","target":["https:\/\/kolmlovitrykikeskus.ee\/?page_id=2076"]}]},{"@type":"ImageObject","inLanguage":"et","@id":"https:\/\/kolmlovitrykikeskus.ee\/?page_id=2076#primaryimage","url":"https:\/\/kolmlovitrykikeskus.ee\/wp-content\/uploads\/2024\/08\/riputused657.jpg","contentUrl":"https:\/\/kolmlovitrykikeskus.ee\/wp-content\/uploads\/2024\/08\/riputused657.jpg","width":657,"height":95},{"@type":"BreadcrumbList","@id":"https:\/\/kolmlovitrykikeskus.ee\/?page_id=2076#breadcrumb","itemListElement":[{"@type":"ListItem","position":1,"name":"Home","item":"https:\/\/kolmlovitrykikeskus.ee\/"},{"@type":"ListItem","position":2,"name":"Stantsimine"}]},{"@type":"WebSite","@id":"https:\/\/kolmlovitrykikeskus.ee\/#website","url":"https:\/\/kolmlovitrykikeskus.ee\/","name":"Kolm L\u00f5vi Tr\u00fckikeskus","description":"Leiame lahenduse!","publisher":{"@id":"https:\/\/kolmlovitrykikeskus.ee\/#organization"},"potentialAction":[{"@type":"SearchAction","target":{"@type":"EntryPoint","urlTemplate":"https:\/\/kolmlovitrykikeskus.ee\/?s={search_term_string}"},"query-input":{"@type":"PropertyValueSpecification","valueRequired":true,"valueName":"search_term_string"}}],"inLanguage":"et"},{"@type":"Organization","@id":"https:\/\/kolmlovitrykikeskus.ee\/#organization","name":"Kolm L\u00f5vi Tr\u00fckikeskus","url":"https:\/\/kolmlovitrykikeskus.ee\/","logo":{"@type":"ImageObject","inLanguage":"et","@id":"https:\/\/kolmlovitrykikeskus.ee\/#\/schema\/logo\/image\/","url":"https:\/\/kolmlovitrykikeskus.ee\/wp-content\/uploads\/2023\/12\/cropped-kltk-logo.png","contentUrl":"https:\/\/kolmlovitrykikeskus.ee\/wp-content\/uploads\/2023\/12\/cropped-kltk-logo.png","width":640,"height":170,"caption":"Kolm L\u00f5vi Tr\u00fckikeskus"},"image":{"@id":"https:\/\/kolmlovitrykikeskus.ee\/#\/schema\/logo\/image\/"},"sameAs":["https:\/\/www.facebook.com\/kolmlovitrykikeskus"]}]}},"_links":{"self":[{"href":"https:\/\/kolmlovitrykikeskus.ee\/index.php?rest_route=\/wp\/v2\/pages\/2076","targetHints":{"allow":["GET"]}}],"collection":[{"href":"https:\/\/kolmlovitrykikeskus.ee\/index.php?rest_route=\/wp\/v2\/pages"}],"about":[{"href":"https:\/\/kolmlovitrykikeskus.ee\/index.php?rest_route=\/wp\/v2\/types\/page"}],"author":[{"embeddable":true,"href":"https:\/\/kolmlovitrykikeskus.ee\/index.php?rest_route=\/wp\/v2\/users\/5"}],"replies":[{"embeddable":true,"href":"https:\/\/kolmlovitrykikeskus.ee\/index.php?rest_route=%2Fwp%2Fv2%2Fcomments&post=2076"}],"version-history":[{"count":19,"href":"https:\/\/kolmlovitrykikeskus.ee\/index.php?rest_route=\/wp\/v2\/pages\/2076\/revisions"}],"predecessor-version":[{"id":4196,"href":"https:\/\/kolmlovitrykikeskus.ee\/index.php?rest_route=\/wp\/v2\/pages\/2076\/revisions\/4196"}],"wp:attachment":[{"href":"https:\/\/kolmlovitrykikeskus.ee\/index.php?rest_route=%2Fwp%2Fv2%2Fmedia&parent=2076"}],"curies":[{"name":"wp","href":"https:\/\/api.w.org\/{rel}","templated":true}]}}