{"id":2020,"date":"2024-08-26T20:19:28","date_gmt":"2024-08-26T18:19:28","guid":{"rendered":"https:\/\/kolmlovitrykikeskus.ee\/?page_id=2020"},"modified":"2024-10-20T09:59:06","modified_gmt":"2024-10-20T07:59:06","slug":"kinnitused-rongad-rinnamarkidele-votmehoidjatele-rosettidele","status":"publish","type":"page","link":"https:\/\/kolmlovitrykikeskus.ee\/?page_id=2020","title":{"rendered":"Kinnitused, r\u00f5ngad rinnam\u00e4rkidele \/ v\u00f5tmehoidjatele \/ rosettidele."},"content":{"rendered":"<p><img loading=\"lazy\" decoding=\"async\" class=\"alignnone wp-image-2025\" src=\"https:\/\/kolmlovitrykikeskus.ee\/wp-content\/uploads\/2024\/08\/nr-506x319-kinnitused-300x189.jpg\" alt=\"\" width=\"560\" height=\"353\" srcset=\"https:\/\/kolmlovitrykikeskus.ee\/wp-content\/uploads\/2024\/08\/nr-506x319-kinnitused-300x189.jpg 300w, https:\/\/kolmlovitrykikeskus.ee\/wp-content\/uploads\/2024\/08\/nr-506x319-kinnitused.jpg 506w\" sizes=\"auto, (max-width: 560px) 100vw, 560px\" \/><br \/>\n<em>V\u00f5tmehoidjate lisakinnitused, v\u00f5tmer\u00f5ngad, karabiinid<\/em><\/p>\n<p>Hinnakiri (lisad eraldi ostes)<\/p>\n<ol>\n<li>Piklik ameerika t\u00fc\u00fcpi v\u00f5tmer\u00f5ngas: pakk 100tk 26\u20ac+km<br \/>\n1-49tk tk hinnaga 0.52+km ja 50-99tk tk hinnaga 0,39+km<\/li>\n<li>V\u00e4iksed ja suured v\u00f5tmer\u00f5ngad.<br \/>\nV\u00e4ikesed 16mm r\u00f5ngad: pakk 100tk 20\u20ac+km<br \/>\n1-49tk tk hind 0,40+km ja 50-99tk tk hind 0,30+km<\/li>\n<li>Suured 24mm r\u00f5ngad: pakk 100tk 22\u20ac+km<br \/>\n1-49tk tk hind 0,45+km ja 50-99tk tk hind 0,33+km<\/li>\n<li>Pika sabaga v\u00f5tmehoidjad. Pakk 100tk 35\u20ac+k\u00e4ibemaks<br \/>\n1-49tk tk hind 0,82+km ja 50-99tk tk hind 0,63+km<\/li>\n<li>Ketiga suur v\u00f5tmer\u00f5nga &#8211; tellitav. Pakk 100tk 99\u20ac+km<\/li>\n<li>V\u00e4ike karabiin (keermega). Pakk 100tk 135\u20ac+km<br \/>\n1-49tk hinnaga 2.70+km ja 50-99tk tk hinnaga 1.76+km<\/li>\n<li>Rosetikinnitused rihmale (n\u00f6\u00f6pauku). Pakk 100tk 55\u20ac+km<br \/>\n1-49tk tk hinnaga 1,10+km ja 50-99 tk hinnaga 0,83+km<\/li>\n<li>Lihtne karabiin &#8211; all eraldi foto. Pakk 22\u20ac+km<br \/>\n1-49tk tk hinnaga 0,44+km ja 50-99tk tk hinnaga 0,33+km<br \/>\nHindadele lisandub m\u00e4rgi (v\u00f5tmehoidja) valmistamine.<\/li>\n<\/ol>\n<p>Suuremad kogused alati parema hinnaga!<\/p>\n<p><img loading=\"lazy\" decoding=\"async\" class=\"alignnone size-medium wp-image-2024\" src=\"https:\/\/kolmlovitrykikeskus.ee\/wp-content\/uploads\/2024\/08\/haaknoel-kolmlovi-300x104.jpg\" alt=\"\" width=\"300\" height=\"104\" data-wp-editing=\"1\" srcset=\"https:\/\/kolmlovitrykikeskus.ee\/wp-content\/uploads\/2024\/08\/haaknoel-kolmlovi-300x104.jpg 300w, https:\/\/kolmlovitrykikeskus.ee\/wp-content\/uploads\/2024\/08\/haaknoel-kolmlovi.jpg 565w\" sizes=\"auto, (max-width: 300px) 100vw, 300px\" \/><br \/>\nHaakn\u00f5elkinnitused \/ kolm erinevat m\u00f5\u00f5tu 22, 25, 32mm \/ 100tk pakk 15eur+km, 200tk pakk 27+km, 500tk pakk 65+km<\/p>\n<p><img loading=\"lazy\" decoding=\"async\" class=\"alignnone size-medium wp-image-2023\" src=\"https:\/\/kolmlovitrykikeskus.ee\/wp-content\/uploads\/2024\/08\/EV90-DSC00035-300x214.jpg\" alt=\"\" width=\"300\" height=\"214\" srcset=\"https:\/\/kolmlovitrykikeskus.ee\/wp-content\/uploads\/2024\/08\/EV90-DSC00035-300x214.jpg 300w, https:\/\/kolmlovitrykikeskus.ee\/wp-content\/uploads\/2024\/08\/EV90-DSC00035.jpg 500w\" sizes=\"auto, (max-width: 300px) 100vw, 300px\" \/><br \/>\nV\u00e4ikese karabiini kasutamisest n\u00e4ide: 25mm musta tagaosaga v\u00f5tmehoidja + v\u00e4ike v\u00f5tmer\u00f5ngas + v\u00e4ike keermega karabiin.<\/p>\n<p><img loading=\"lazy\" decoding=\"async\" class=\"size-medium wp-image-2022\" src=\"https:\/\/kolmlovitrykikeskus.ee\/wp-content\/uploads\/2024\/08\/keermegakarabiin-25vh-300x66.jpg\" alt=\"\" width=\"300\" height=\"66\" srcset=\"https:\/\/kolmlovitrykikeskus.ee\/wp-content\/uploads\/2024\/08\/keermegakarabiin-25vh-300x66.jpg 300w, https:\/\/kolmlovitrykikeskus.ee\/wp-content\/uploads\/2024\/08\/keermegakarabiin-25vh.jpg 520w\" sizes=\"auto, (max-width: 300px) 100vw, 300px\" \/><br \/>\nV\u00f5tmehoidja v\u00e4ikese karabiini ja v\u00e4ikese v\u00f5tmer\u00f5ngaga<\/p>\n<p>Suured v\u00f5tmer\u00f5ngad ja k\u00f6iter\u00f5ngad leiate <a href=\"https:\/\/kolmlovitrykikeskus.ee\/?page_id=453\">SIIT.<\/a><\/p>\n","protected":false},"excerpt":{"rendered":"<p>V\u00f5tmehoidjate lisakinnitused, v\u00f5tmer\u00f5ngad, karabiinid Hinnakiri (lisad eraldi ostes) Piklik ameerika t\u00fc\u00fcpi v\u00f5tmer\u00f5ngas: pakk 100tk 26\u20ac+km 1-49tk tk hinnaga 0.52+km ja 50-99tk tk hinnaga 0,39+km V\u00e4iksed [&#8230;]<\/p>\n","protected":false},"author":5,"featured_media":0,"parent":0,"menu_order":0,"comment_status":"closed","ping_status":"closed","template":"","meta":{"footnotes":""},"class_list":["post-2020","page","type-page","status-publish","hentry"],"yoast_head":"<!-- This site is optimized with the Yoast SEO plugin v27.5 - https:\/\/yoast.com\/product\/yoast-seo-wordpress\/ -->\n<title>Kinnitused, r\u00f5ngad rinnam\u00e4rkidele \/ v\u00f5tmehoidjatele \/ rosettidele. - Kolm L\u00f5vi Tr\u00fckikeskus<\/title>\n<meta name=\"description\" content=\"Kinnitused r\u00f5ngad rinnam\u00e4rgid v\u00f5tmehoidjad rosetid Kinnitused, r\u00f5ngad rinnam\u00e4rkidele \/ v\u00f5tmehoidjatele \/ rosettidele.\" \/>\n<meta name=\"robots\" content=\"index, follow, max-snippet:-1, max-image-preview:large, max-video-preview:-1\" \/>\n<link rel=\"canonical\" href=\"https:\/\/kolmlovitrykikeskus.ee\/?page_id=2020\" \/>\n<meta property=\"og:locale\" content=\"et_EE\" \/>\n<meta property=\"og:type\" content=\"article\" \/>\n<meta property=\"og:title\" content=\"Kinnitused, r\u00f5ngad rinnam\u00e4rkidele \/ v\u00f5tmehoidjatele \/ rosettidele. - Kolm L\u00f5vi Tr\u00fckikeskus\" \/>\n<meta property=\"og:description\" content=\"Kinnitused r\u00f5ngad rinnam\u00e4rgid v\u00f5tmehoidjad rosetid Kinnitused, r\u00f5ngad rinnam\u00e4rkidele \/ v\u00f5tmehoidjatele \/ rosettidele.\" \/>\n<meta property=\"og:url\" content=\"https:\/\/kolmlovitrykikeskus.ee\/?page_id=2020\" \/>\n<meta property=\"og:site_name\" content=\"Kolm L\u00f5vi Tr\u00fckikeskus\" \/>\n<meta property=\"article:publisher\" content=\"https:\/\/www.facebook.com\/kolmlovitrykikeskus\" \/>\n<meta property=\"article:modified_time\" content=\"2024-10-20T07:59:06+00:00\" \/>\n<meta property=\"og:image\" content=\"https:\/\/kolmlovitrykikeskus.ee\/wp-content\/uploads\/2024\/08\/nr-506x319-kinnitused-300x189.jpg\" \/>\n<meta name=\"twitter:card\" content=\"summary_large_image\" \/>\n<meta name=\"twitter:label1\" content=\"Est. reading time\" \/>\n\t<meta name=\"twitter:data1\" content=\"2 minutit\" \/>\n<script type=\"application\/ld+json\" class=\"yoast-schema-graph\">{\"@context\":\"https:\\\/\\\/schema.org\",\"@graph\":[{\"@type\":\"WebPage\",\"@id\":\"https:\\\/\\\/kolmlovitrykikeskus.ee\\\/?page_id=2020\",\"url\":\"https:\\\/\\\/kolmlovitrykikeskus.ee\\\/?page_id=2020\",\"name\":\"Kinnitused, r\u00f5ngad rinnam\u00e4rkidele \\\/ v\u00f5tmehoidjatele \\\/ rosettidele. - Kolm L\u00f5vi Tr\u00fckikeskus\",\"isPartOf\":{\"@id\":\"https:\\\/\\\/kolmlovitrykikeskus.ee\\\/#website\"},\"primaryImageOfPage\":{\"@id\":\"https:\\\/\\\/kolmlovitrykikeskus.ee\\\/?page_id=2020#primaryimage\"},\"image\":{\"@id\":\"https:\\\/\\\/kolmlovitrykikeskus.ee\\\/?page_id=2020#primaryimage\"},\"thumbnailUrl\":\"https:\\\/\\\/kolmlovitrykikeskus.ee\\\/wp-content\\\/uploads\\\/2024\\\/08\\\/nr-506x319-kinnitused-300x189.jpg\",\"datePublished\":\"2024-08-26T18:19:28+00:00\",\"dateModified\":\"2024-10-20T07:59:06+00:00\",\"description\":\"Kinnitused r\u00f5ngad rinnam\u00e4rgid v\u00f5tmehoidjad rosetid Kinnitused, r\u00f5ngad rinnam\u00e4rkidele \\\/ v\u00f5tmehoidjatele \\\/ rosettidele.\",\"breadcrumb\":{\"@id\":\"https:\\\/\\\/kolmlovitrykikeskus.ee\\\/?page_id=2020#breadcrumb\"},\"inLanguage\":\"et\",\"potentialAction\":[{\"@type\":\"ReadAction\",\"target\":[\"https:\\\/\\\/kolmlovitrykikeskus.ee\\\/?page_id=2020\"]}]},{\"@type\":\"ImageObject\",\"inLanguage\":\"et\",\"@id\":\"https:\\\/\\\/kolmlovitrykikeskus.ee\\\/?page_id=2020#primaryimage\",\"url\":\"https:\\\/\\\/kolmlovitrykikeskus.ee\\\/wp-content\\\/uploads\\\/2024\\\/08\\\/nr-506x319-kinnitused.jpg\",\"contentUrl\":\"https:\\\/\\\/kolmlovitrykikeskus.ee\\\/wp-content\\\/uploads\\\/2024\\\/08\\\/nr-506x319-kinnitused.jpg\",\"width\":506,\"height\":319},{\"@type\":\"BreadcrumbList\",\"@id\":\"https:\\\/\\\/kolmlovitrykikeskus.ee\\\/?page_id=2020#breadcrumb\",\"itemListElement\":[{\"@type\":\"ListItem\",\"position\":1,\"name\":\"Home\",\"item\":\"https:\\\/\\\/kolmlovitrykikeskus.ee\\\/\"},{\"@type\":\"ListItem\",\"position\":2,\"name\":\"Kinnitused, r\u00f5ngad rinnam\u00e4rkidele \\\/ v\u00f5tmehoidjatele \\\/ rosettidele.\"}]},{\"@type\":\"WebSite\",\"@id\":\"https:\\\/\\\/kolmlovitrykikeskus.ee\\\/#website\",\"url\":\"https:\\\/\\\/kolmlovitrykikeskus.ee\\\/\",\"name\":\"Kolm L\u00f5vi Tr\u00fckikeskus\",\"description\":\"Leiame lahenduse!\",\"publisher\":{\"@id\":\"https:\\\/\\\/kolmlovitrykikeskus.ee\\\/#organization\"},\"potentialAction\":[{\"@type\":\"SearchAction\",\"target\":{\"@type\":\"EntryPoint\",\"urlTemplate\":\"https:\\\/\\\/kolmlovitrykikeskus.ee\\\/?s={search_term_string}\"},\"query-input\":{\"@type\":\"PropertyValueSpecification\",\"valueRequired\":true,\"valueName\":\"search_term_string\"}}],\"inLanguage\":\"et\"},{\"@type\":\"Organization\",\"@id\":\"https:\\\/\\\/kolmlovitrykikeskus.ee\\\/#organization\",\"name\":\"Kolm L\u00f5vi Tr\u00fckikeskus\",\"url\":\"https:\\\/\\\/kolmlovitrykikeskus.ee\\\/\",\"logo\":{\"@type\":\"ImageObject\",\"inLanguage\":\"et\",\"@id\":\"https:\\\/\\\/kolmlovitrykikeskus.ee\\\/#\\\/schema\\\/logo\\\/image\\\/\",\"url\":\"https:\\\/\\\/kolmlovitrykikeskus.ee\\\/wp-content\\\/uploads\\\/2023\\\/12\\\/cropped-kltk-logo.png\",\"contentUrl\":\"https:\\\/\\\/kolmlovitrykikeskus.ee\\\/wp-content\\\/uploads\\\/2023\\\/12\\\/cropped-kltk-logo.png\",\"width\":640,\"height\":170,\"caption\":\"Kolm L\u00f5vi Tr\u00fckikeskus\"},\"image\":{\"@id\":\"https:\\\/\\\/kolmlovitrykikeskus.ee\\\/#\\\/schema\\\/logo\\\/image\\\/\"},\"sameAs\":[\"https:\\\/\\\/www.facebook.com\\\/kolmlovitrykikeskus\"]}]}<\/script>\n<!-- \/ Yoast SEO plugin. -->","yoast_head_json":{"title":"Kinnitused, r\u00f5ngad rinnam\u00e4rkidele \/ v\u00f5tmehoidjatele \/ rosettidele. - Kolm L\u00f5vi Tr\u00fckikeskus","description":"Kinnitused r\u00f5ngad rinnam\u00e4rgid v\u00f5tmehoidjad rosetid Kinnitused, r\u00f5ngad rinnam\u00e4rkidele \/ v\u00f5tmehoidjatele \/ rosettidele.","robots":{"index":"index","follow":"follow","max-snippet":"max-snippet:-1","max-image-preview":"max-image-preview:large","max-video-preview":"max-video-preview:-1"},"canonical":"https:\/\/kolmlovitrykikeskus.ee\/?page_id=2020","og_locale":"et_EE","og_type":"article","og_title":"Kinnitused, r\u00f5ngad rinnam\u00e4rkidele \/ v\u00f5tmehoidjatele \/ rosettidele. - Kolm L\u00f5vi Tr\u00fckikeskus","og_description":"Kinnitused r\u00f5ngad rinnam\u00e4rgid v\u00f5tmehoidjad rosetid Kinnitused, r\u00f5ngad rinnam\u00e4rkidele \/ v\u00f5tmehoidjatele \/ rosettidele.","og_url":"https:\/\/kolmlovitrykikeskus.ee\/?page_id=2020","og_site_name":"Kolm L\u00f5vi Tr\u00fckikeskus","article_publisher":"https:\/\/www.facebook.com\/kolmlovitrykikeskus","article_modified_time":"2024-10-20T07:59:06+00:00","og_image":[{"url":"https:\/\/kolmlovitrykikeskus.ee\/wp-content\/uploads\/2024\/08\/nr-506x319-kinnitused-300x189.jpg","type":"","width":"","height":""}],"twitter_card":"summary_large_image","twitter_misc":{"Est. reading time":"2 minutit"},"schema":{"@context":"https:\/\/schema.org","@graph":[{"@type":"WebPage","@id":"https:\/\/kolmlovitrykikeskus.ee\/?page_id=2020","url":"https:\/\/kolmlovitrykikeskus.ee\/?page_id=2020","name":"Kinnitused, r\u00f5ngad rinnam\u00e4rkidele \/ v\u00f5tmehoidjatele \/ rosettidele. - Kolm L\u00f5vi Tr\u00fckikeskus","isPartOf":{"@id":"https:\/\/kolmlovitrykikeskus.ee\/#website"},"primaryImageOfPage":{"@id":"https:\/\/kolmlovitrykikeskus.ee\/?page_id=2020#primaryimage"},"image":{"@id":"https:\/\/kolmlovitrykikeskus.ee\/?page_id=2020#primaryimage"},"thumbnailUrl":"https:\/\/kolmlovitrykikeskus.ee\/wp-content\/uploads\/2024\/08\/nr-506x319-kinnitused-300x189.jpg","datePublished":"2024-08-26T18:19:28+00:00","dateModified":"2024-10-20T07:59:06+00:00","description":"Kinnitused r\u00f5ngad rinnam\u00e4rgid v\u00f5tmehoidjad rosetid Kinnitused, r\u00f5ngad rinnam\u00e4rkidele \/ v\u00f5tmehoidjatele \/ rosettidele.","breadcrumb":{"@id":"https:\/\/kolmlovitrykikeskus.ee\/?page_id=2020#breadcrumb"},"inLanguage":"et","potentialAction":[{"@type":"ReadAction","target":["https:\/\/kolmlovitrykikeskus.ee\/?page_id=2020"]}]},{"@type":"ImageObject","inLanguage":"et","@id":"https:\/\/kolmlovitrykikeskus.ee\/?page_id=2020#primaryimage","url":"https:\/\/kolmlovitrykikeskus.ee\/wp-content\/uploads\/2024\/08\/nr-506x319-kinnitused.jpg","contentUrl":"https:\/\/kolmlovitrykikeskus.ee\/wp-content\/uploads\/2024\/08\/nr-506x319-kinnitused.jpg","width":506,"height":319},{"@type":"BreadcrumbList","@id":"https:\/\/kolmlovitrykikeskus.ee\/?page_id=2020#breadcrumb","itemListElement":[{"@type":"ListItem","position":1,"name":"Home","item":"https:\/\/kolmlovitrykikeskus.ee\/"},{"@type":"ListItem","position":2,"name":"Kinnitused, r\u00f5ngad rinnam\u00e4rkidele \/ v\u00f5tmehoidjatele \/ rosettidele."}]},{"@type":"WebSite","@id":"https:\/\/kolmlovitrykikeskus.ee\/#website","url":"https:\/\/kolmlovitrykikeskus.ee\/","name":"Kolm L\u00f5vi Tr\u00fckikeskus","description":"Leiame lahenduse!","publisher":{"@id":"https:\/\/kolmlovitrykikeskus.ee\/#organization"},"potentialAction":[{"@type":"SearchAction","target":{"@type":"EntryPoint","urlTemplate":"https:\/\/kolmlovitrykikeskus.ee\/?s={search_term_string}"},"query-input":{"@type":"PropertyValueSpecification","valueRequired":true,"valueName":"search_term_string"}}],"inLanguage":"et"},{"@type":"Organization","@id":"https:\/\/kolmlovitrykikeskus.ee\/#organization","name":"Kolm L\u00f5vi Tr\u00fckikeskus","url":"https:\/\/kolmlovitrykikeskus.ee\/","logo":{"@type":"ImageObject","inLanguage":"et","@id":"https:\/\/kolmlovitrykikeskus.ee\/#\/schema\/logo\/image\/","url":"https:\/\/kolmlovitrykikeskus.ee\/wp-content\/uploads\/2023\/12\/cropped-kltk-logo.png","contentUrl":"https:\/\/kolmlovitrykikeskus.ee\/wp-content\/uploads\/2023\/12\/cropped-kltk-logo.png","width":640,"height":170,"caption":"Kolm L\u00f5vi Tr\u00fckikeskus"},"image":{"@id":"https:\/\/kolmlovitrykikeskus.ee\/#\/schema\/logo\/image\/"},"sameAs":["https:\/\/www.facebook.com\/kolmlovitrykikeskus"]}]}},"_links":{"self":[{"href":"https:\/\/kolmlovitrykikeskus.ee\/index.php?rest_route=\/wp\/v2\/pages\/2020","targetHints":{"allow":["GET"]}}],"collection":[{"href":"https:\/\/kolmlovitrykikeskus.ee\/index.php?rest_route=\/wp\/v2\/pages"}],"about":[{"href":"https:\/\/kolmlovitrykikeskus.ee\/index.php?rest_route=\/wp\/v2\/types\/page"}],"author":[{"embeddable":true,"href":"https:\/\/kolmlovitrykikeskus.ee\/index.php?rest_route=\/wp\/v2\/users\/5"}],"replies":[{"embeddable":true,"href":"https:\/\/kolmlovitrykikeskus.ee\/index.php?rest_route=%2Fwp%2Fv2%2Fcomments&post=2020"}],"version-history":[{"count":8,"href":"https:\/\/kolmlovitrykikeskus.ee\/index.php?rest_route=\/wp\/v2\/pages\/2020\/revisions"}],"predecessor-version":[{"id":3779,"href":"https:\/\/kolmlovitrykikeskus.ee\/index.php?rest_route=\/wp\/v2\/pages\/2020\/revisions\/3779"}],"wp:attachment":[{"href":"https:\/\/kolmlovitrykikeskus.ee\/index.php?rest_route=%2Fwp%2Fv2%2Fmedia&parent=2020"}],"curies":[{"name":"wp","href":"https:\/\/api.w.org\/{rel}","templated":true}]}}