{"id":2008,"date":"2024-08-26T20:23:45","date_gmt":"2024-08-26T18:23:45","guid":{"rendered":"https:\/\/kolmlovitrykikeskus.ee\/?page_id=2008"},"modified":"2026-01-28T14:48:37","modified_gmt":"2026-01-28T12:48:37","slug":"rosett-rinnamargile-rinnamark-64mm","status":"publish","type":"page","link":"https:\/\/kolmlovitrykikeskus.ee\/?page_id=2008","title":{"rendered":"ROSETT RINNAM\u00c4RGILE +rinnam\u00e4rk 64mm"},"content":{"rendered":"<h4>ROSETT RINNAM\u00c4RGILE (+rinnam\u00e4rk 64mm)<br \/>\nRoseti lisamine meene- ja reklaamm\u00e4rkidele muudab tavalise reklaamm\u00e4rgi eriti pidulikuks.<br \/>\nRosette on v\u00f5imalik tellida ainult koos 64mm rinnam\u00e4rkidega (haakn\u00f5elkinnitusega).<\/h4>\n<p>Ise kujundamiseks leiab failid <a href=\"https:\/\/kolmlovitrykikeskus.ee\/?page_id=689\">siit.<\/a><br \/>\nRosettide ja m\u00e4rkidel tellimusele lisandub teenustasu tellimuse kohta on alates 14.50+km iga kujunduse eest.<br \/>\nLihtsamad m\u00e4rkide kujunduse hind j\u00e4\u00e4b teenustasu piiresse. Hinnale v\u00f5ivad lisanduda kasutatavate piltide, fontide v\u00f5i karikatuuride litsentsitasud. Kujundust\u00f6\u00f6dele tehakse alati indikatiivne hinnapakkumise l\u00e4htudes klientide ideetest ja kujundust\u00f6\u00f6de mahust.<\/p>\n<p>1&#8230;5 tk: rosett 5.95+km + m\u00e4rgid kokku 18.40+km (+nimelised 30% kallimad)<br \/>\n+ vajadusel ilupaelad lisaks (rinnam\u00e4rgi hind s\u00f5ltub kogusest)<\/p>\n<p>6&#8230;10 tk: rosett 5.85+km + m\u00e4rgi tk hind 3.10 &#8230; 1.84+km (+nimelised 30% kallimad)<br \/>\n+ vajadusel ilupaelad lisaks (rinnam\u00e4rgi hind s\u00f5ltub kogusest)<\/p>\n<p>11&#8230;30 tk: rosett 5.75+km + m\u00e4rgi tk hind 1.76&#8230;1.14+km (+nimelised 30% kallimad)<br \/>\n+ vajadusel ilupaelad lisaks (rinnam\u00e4rgi hind s\u00f5ltub kogusest)<\/p>\n<p>31&#8230;70 tk: rosett 5.65+km + m\u00e4rgi tk hind 1.14 &#8230; 0.98+km (+nimelised 30% kallimad)<br \/>\n+ vajadusel ilupaelad lisaks (rinnam\u00e4rgi hind s\u00f5ltub kogusest)<\/p>\n<p>71&#8230;99 tk: rosett 5.55+km + m\u00e4rgi tk hind 0.98+km (+nimelised 30% kallimad)<br \/>\n+ vajadusel ilupaelad lisaks (rinnam\u00e4rgi hind s\u00f5ltub kogusest)<\/p>\n<p>100&#8230;+ tk: rosett 5.45+km (teeme hinnapakkumise) + m\u00e4rgi tk hind 0.96+km (+nimelised 30% kallimad)<br \/>\n+ vajadusel ilupaelad lisaks (rinnam\u00e4rgi hind s\u00f5ltub kogusest)<\/p>\n<p>\u00dchev\u00e4rvilistele rosettidele on n\u00fc\u00fcd v\u00f5imalik lisada ilma tr\u00fckita v\u00f5i tr\u00fckitud ilupaelad (alates 150tk) &#8211; k\u00fcsi pakkumist.<\/p>\n<p><img loading=\"lazy\" decoding=\"async\" class=\"alignnone size-medium wp-image-2018\" src=\"https:\/\/kolmlovitrykikeskus.ee\/wp-content\/uploads\/2024\/08\/rosetipaelaloiked-300x189.jpg\" alt=\"\" width=\"300\" height=\"189\" srcset=\"https:\/\/kolmlovitrykikeskus.ee\/wp-content\/uploads\/2024\/08\/rosetipaelaloiked-300x189.jpg 300w, https:\/\/kolmlovitrykikeskus.ee\/wp-content\/uploads\/2024\/08\/rosetipaelaloiked.jpg 519w\" sizes=\"auto, (max-width: 300px) 100vw, 300px\" \/><\/p>\n<p><img loading=\"lazy\" decoding=\"async\" class=\"alignnone wp-image-2017\" src=\"https:\/\/kolmlovitrykikeskus.ee\/wp-content\/uploads\/2024\/08\/rosetid-pulm506-300x236.jpg\" alt=\"\" width=\"243\" height=\"191\" srcset=\"https:\/\/kolmlovitrykikeskus.ee\/wp-content\/uploads\/2024\/08\/rosetid-pulm506-300x236.jpg 300w, https:\/\/kolmlovitrykikeskus.ee\/wp-content\/uploads\/2024\/08\/rosetid-pulm506.jpg 506w\" sizes=\"auto, (max-width: 243px) 100vw, 243px\" \/> \u00a0<img loading=\"lazy\" decoding=\"async\" class=\"alignnone wp-image-2016\" src=\"https:\/\/kolmlovitrykikeskus.ee\/wp-content\/uploads\/2024\/08\/pikkadepaeltega-rosetid-300x196.jpg\" alt=\"\" width=\"292\" height=\"190\" srcset=\"https:\/\/kolmlovitrykikeskus.ee\/wp-content\/uploads\/2024\/08\/pikkadepaeltega-rosetid-300x196.jpg 300w, https:\/\/kolmlovitrykikeskus.ee\/wp-content\/uploads\/2024\/08\/pikkadepaeltega-rosetid.jpg 520w\" sizes=\"auto, (max-width: 292px) 100vw, 292px\" \/><\/p>\n<p><img loading=\"lazy\" decoding=\"async\" class=\"alignnone size-full wp-image-2015\" src=\"https:\/\/kolmlovitrykikeskus.ee\/wp-content\/uploads\/2024\/08\/sinine268.jpg\" alt=\"\" width=\"268\" height=\"213\" \/> \u00a0<img loading=\"lazy\" decoding=\"async\" class=\"alignnone size-full wp-image-2014\" src=\"https:\/\/kolmlovitrykikeskus.ee\/wp-content\/uploads\/2024\/08\/kuldne268.jpg\" alt=\"\" width=\"268\" height=\"213\" \/><\/p>\n<p><img loading=\"lazy\" decoding=\"async\" class=\"alignnone wp-image-2013\" src=\"https:\/\/kolmlovitrykikeskus.ee\/wp-content\/uploads\/2024\/08\/kollane-ilupaeltega-210x300.jpg\" alt=\"\" width=\"268\" height=\"382\" srcset=\"https:\/\/kolmlovitrykikeskus.ee\/wp-content\/uploads\/2024\/08\/kollane-ilupaeltega-210x300.jpg 210w, https:\/\/kolmlovitrykikeskus.ee\/wp-content\/uploads\/2024\/08\/kollane-ilupaeltega.jpg 268w\" sizes=\"auto, (max-width: 268px) 100vw, 268px\" \/> \u00a0<img loading=\"lazy\" decoding=\"async\" class=\"alignnone wp-image-2012\" src=\"https:\/\/kolmlovitrykikeskus.ee\/wp-content\/uploads\/2024\/08\/punane-ilupaeltega1-210x300.jpg\" alt=\"\" width=\"268\" height=\"383\" srcset=\"https:\/\/kolmlovitrykikeskus.ee\/wp-content\/uploads\/2024\/08\/punane-ilupaeltega1-210x300.jpg 210w, https:\/\/kolmlovitrykikeskus.ee\/wp-content\/uploads\/2024\/08\/punane-ilupaeltega1.jpg 268w\" sizes=\"auto, (max-width: 268px) 100vw, 268px\" \/><br \/>\nKollane rosett koos sirgel\u00f5ikeliste ilupaeltega ja punane koos kahel\u00f5ikeliste ilupaeltega.<\/p>\n<p><img loading=\"lazy\" decoding=\"async\" class=\"alignnone size-medium wp-image-2011\" src=\"https:\/\/kolmlovitrykikeskus.ee\/wp-content\/uploads\/2024\/08\/rosetivarvid520-2-300x174.jpg\" alt=\"\" width=\"300\" height=\"174\" srcset=\"https:\/\/kolmlovitrykikeskus.ee\/wp-content\/uploads\/2024\/08\/rosetivarvid520-2-300x174.jpg 300w, https:\/\/kolmlovitrykikeskus.ee\/wp-content\/uploads\/2024\/08\/rosetivarvid520-2.jpg 520w\" sizes=\"auto, (max-width: 300px) 100vw, 300px\" \/> \u00a0<img loading=\"lazy\" decoding=\"async\" class=\"alignnone size-medium wp-image-2010\" src=\"https:\/\/kolmlovitrykikeskus.ee\/wp-content\/uploads\/2024\/08\/mitmevarvilinerosett-300x173.jpg\" alt=\"\" width=\"300\" height=\"173\" srcset=\"https:\/\/kolmlovitrykikeskus.ee\/wp-content\/uploads\/2024\/08\/mitmevarvilinerosett-300x173.jpg 300w, https:\/\/kolmlovitrykikeskus.ee\/wp-content\/uploads\/2024\/08\/mitmevarvilinerosett.jpg 520w\" sizes=\"auto, (max-width: 300px) 100vw, 300px\" \/><br \/>\n\u00dcks osa v\u00f5imalikest rosetipaela v\u00e4rvidest. Kui ei leia pildilt sobilikku k\u00fcsi meilt info (\u00e4tt) trykikeskus.ee.<br \/>\nNB! <em><span style=\"text-decoration: underline;\">Hetkel mitmev\u00e4rvilisi rosette rinnam\u00e4rkidele tehnilistel p\u00f5hjustel pakkuda ei ole v\u00f5imalik<\/span>.<\/em><\/p>\n<p>&nbsp;<\/p>\n","protected":false},"excerpt":{"rendered":"<p>ROSETT RINNAM\u00c4RGILE (+rinnam\u00e4rk 64mm) Roseti lisamine meene- ja reklaamm\u00e4rkidele muudab tavalise reklaamm\u00e4rgi eriti pidulikuks. Rosette on v\u00f5imalik tellida ainult koos 64mm rinnam\u00e4rkidega (haakn\u00f5elkinnitusega). Ise kujundamiseks [&#8230;]<\/p>\n","protected":false},"author":5,"featured_media":0,"parent":0,"menu_order":0,"comment_status":"closed","ping_status":"closed","template":"","meta":{"footnotes":""},"class_list":["post-2008","page","type-page","status-publish","hentry"],"yoast_head":"<!-- This site is optimized with the Yoast SEO plugin v27.4 - https:\/\/yoast.com\/product\/yoast-seo-wordpress\/ -->\n<title>ROSETT RINNAM\u00c4RGILE +rinnam\u00e4rk 64mm - Kolm L\u00f5vi Tr\u00fckikeskus<\/title>\n<meta name=\"description\" content=\"ROSETT RINNAM\u00c4RGILE +rinnam\u00e4rk 64mm Kolm L\u00f5vi Tr\u00fckikeskus ROSETT RINNAM\u00c4RGILE +rinnam\u00e4rk 64mm\" \/>\n<meta name=\"robots\" content=\"index, follow, max-snippet:-1, max-image-preview:large, max-video-preview:-1\" \/>\n<link rel=\"canonical\" href=\"https:\/\/kolmlovitrykikeskus.ee\/?page_id=2008\" \/>\n<meta property=\"og:locale\" content=\"et_EE\" \/>\n<meta property=\"og:type\" content=\"article\" \/>\n<meta property=\"og:title\" content=\"ROSETT RINNAM\u00c4RGILE +rinnam\u00e4rk 64mm - Kolm L\u00f5vi Tr\u00fckikeskus\" \/>\n<meta property=\"og:description\" content=\"ROSETT RINNAM\u00c4RGILE +rinnam\u00e4rk 64mm Kolm L\u00f5vi Tr\u00fckikeskus ROSETT RINNAM\u00c4RGILE +rinnam\u00e4rk 64mm\" \/>\n<meta property=\"og:url\" content=\"https:\/\/kolmlovitrykikeskus.ee\/?page_id=2008\" \/>\n<meta property=\"og:site_name\" content=\"Kolm L\u00f5vi Tr\u00fckikeskus\" \/>\n<meta property=\"article:publisher\" content=\"https:\/\/www.facebook.com\/kolmlovitrykikeskus\" \/>\n<meta property=\"article:modified_time\" content=\"2026-01-28T12:48:37+00:00\" \/>\n<meta property=\"og:image\" content=\"https:\/\/kolmlovitrykikeskus.ee\/wp-content\/uploads\/2024\/08\/rosetipaelaloiked.jpg\" \/>\n\t<meta property=\"og:image:width\" content=\"519\" \/>\n\t<meta property=\"og:image:height\" content=\"327\" \/>\n\t<meta property=\"og:image:type\" content=\"image\/jpeg\" \/>\n<meta name=\"twitter:card\" content=\"summary_large_image\" \/>\n<meta name=\"twitter:label1\" content=\"Est. reading time\" \/>\n\t<meta name=\"twitter:data1\" content=\"4 minutit\" \/>\n<script type=\"application\/ld+json\" class=\"yoast-schema-graph\">{\"@context\":\"https:\\\/\\\/schema.org\",\"@graph\":[{\"@type\":\"WebPage\",\"@id\":\"https:\\\/\\\/kolmlovitrykikeskus.ee\\\/?page_id=2008\",\"url\":\"https:\\\/\\\/kolmlovitrykikeskus.ee\\\/?page_id=2008\",\"name\":\"ROSETT RINNAM\u00c4RGILE +rinnam\u00e4rk 64mm - Kolm L\u00f5vi Tr\u00fckikeskus\",\"isPartOf\":{\"@id\":\"https:\\\/\\\/kolmlovitrykikeskus.ee\\\/#website\"},\"primaryImageOfPage\":{\"@id\":\"https:\\\/\\\/kolmlovitrykikeskus.ee\\\/?page_id=2008#primaryimage\"},\"image\":{\"@id\":\"https:\\\/\\\/kolmlovitrykikeskus.ee\\\/?page_id=2008#primaryimage\"},\"thumbnailUrl\":\"https:\\\/\\\/kolmlovitrykikeskus.ee\\\/wp-content\\\/uploads\\\/2024\\\/08\\\/rosetipaelaloiked-300x189.jpg\",\"datePublished\":\"2024-08-26T18:23:45+00:00\",\"dateModified\":\"2026-01-28T12:48:37+00:00\",\"description\":\"ROSETT RINNAM\u00c4RGILE +rinnam\u00e4rk 64mm Kolm L\u00f5vi Tr\u00fckikeskus ROSETT RINNAM\u00c4RGILE +rinnam\u00e4rk 64mm\",\"breadcrumb\":{\"@id\":\"https:\\\/\\\/kolmlovitrykikeskus.ee\\\/?page_id=2008#breadcrumb\"},\"inLanguage\":\"et\",\"potentialAction\":[{\"@type\":\"ReadAction\",\"target\":[\"https:\\\/\\\/kolmlovitrykikeskus.ee\\\/?page_id=2008\"]}]},{\"@type\":\"ImageObject\",\"inLanguage\":\"et\",\"@id\":\"https:\\\/\\\/kolmlovitrykikeskus.ee\\\/?page_id=2008#primaryimage\",\"url\":\"https:\\\/\\\/kolmlovitrykikeskus.ee\\\/wp-content\\\/uploads\\\/2024\\\/08\\\/rosetipaelaloiked.jpg\",\"contentUrl\":\"https:\\\/\\\/kolmlovitrykikeskus.ee\\\/wp-content\\\/uploads\\\/2024\\\/08\\\/rosetipaelaloiked.jpg\",\"width\":519,\"height\":327},{\"@type\":\"BreadcrumbList\",\"@id\":\"https:\\\/\\\/kolmlovitrykikeskus.ee\\\/?page_id=2008#breadcrumb\",\"itemListElement\":[{\"@type\":\"ListItem\",\"position\":1,\"name\":\"Home\",\"item\":\"https:\\\/\\\/kolmlovitrykikeskus.ee\\\/\"},{\"@type\":\"ListItem\",\"position\":2,\"name\":\"ROSETT RINNAM\u00c4RGILE +rinnam\u00e4rk 64mm\"}]},{\"@type\":\"WebSite\",\"@id\":\"https:\\\/\\\/kolmlovitrykikeskus.ee\\\/#website\",\"url\":\"https:\\\/\\\/kolmlovitrykikeskus.ee\\\/\",\"name\":\"Kolm L\u00f5vi Tr\u00fckikeskus\",\"description\":\"Leiame lahenduse!\",\"publisher\":{\"@id\":\"https:\\\/\\\/kolmlovitrykikeskus.ee\\\/#organization\"},\"potentialAction\":[{\"@type\":\"SearchAction\",\"target\":{\"@type\":\"EntryPoint\",\"urlTemplate\":\"https:\\\/\\\/kolmlovitrykikeskus.ee\\\/?s={search_term_string}\"},\"query-input\":{\"@type\":\"PropertyValueSpecification\",\"valueRequired\":true,\"valueName\":\"search_term_string\"}}],\"inLanguage\":\"et\"},{\"@type\":\"Organization\",\"@id\":\"https:\\\/\\\/kolmlovitrykikeskus.ee\\\/#organization\",\"name\":\"Kolm L\u00f5vi Tr\u00fckikeskus\",\"url\":\"https:\\\/\\\/kolmlovitrykikeskus.ee\\\/\",\"logo\":{\"@type\":\"ImageObject\",\"inLanguage\":\"et\",\"@id\":\"https:\\\/\\\/kolmlovitrykikeskus.ee\\\/#\\\/schema\\\/logo\\\/image\\\/\",\"url\":\"https:\\\/\\\/kolmlovitrykikeskus.ee\\\/wp-content\\\/uploads\\\/2023\\\/12\\\/cropped-kltk-logo.png\",\"contentUrl\":\"https:\\\/\\\/kolmlovitrykikeskus.ee\\\/wp-content\\\/uploads\\\/2023\\\/12\\\/cropped-kltk-logo.png\",\"width\":640,\"height\":170,\"caption\":\"Kolm L\u00f5vi Tr\u00fckikeskus\"},\"image\":{\"@id\":\"https:\\\/\\\/kolmlovitrykikeskus.ee\\\/#\\\/schema\\\/logo\\\/image\\\/\"},\"sameAs\":[\"https:\\\/\\\/www.facebook.com\\\/kolmlovitrykikeskus\"]}]}<\/script>\n<!-- \/ Yoast SEO plugin. -->","yoast_head_json":{"title":"ROSETT RINNAM\u00c4RGILE +rinnam\u00e4rk 64mm - Kolm L\u00f5vi Tr\u00fckikeskus","description":"ROSETT RINNAM\u00c4RGILE +rinnam\u00e4rk 64mm Kolm L\u00f5vi Tr\u00fckikeskus ROSETT RINNAM\u00c4RGILE +rinnam\u00e4rk 64mm","robots":{"index":"index","follow":"follow","max-snippet":"max-snippet:-1","max-image-preview":"max-image-preview:large","max-video-preview":"max-video-preview:-1"},"canonical":"https:\/\/kolmlovitrykikeskus.ee\/?page_id=2008","og_locale":"et_EE","og_type":"article","og_title":"ROSETT RINNAM\u00c4RGILE +rinnam\u00e4rk 64mm - Kolm L\u00f5vi Tr\u00fckikeskus","og_description":"ROSETT RINNAM\u00c4RGILE +rinnam\u00e4rk 64mm Kolm L\u00f5vi Tr\u00fckikeskus ROSETT RINNAM\u00c4RGILE +rinnam\u00e4rk 64mm","og_url":"https:\/\/kolmlovitrykikeskus.ee\/?page_id=2008","og_site_name":"Kolm L\u00f5vi Tr\u00fckikeskus","article_publisher":"https:\/\/www.facebook.com\/kolmlovitrykikeskus","article_modified_time":"2026-01-28T12:48:37+00:00","og_image":[{"width":519,"height":327,"url":"https:\/\/kolmlovitrykikeskus.ee\/wp-content\/uploads\/2024\/08\/rosetipaelaloiked.jpg","type":"image\/jpeg"}],"twitter_card":"summary_large_image","twitter_misc":{"Est. reading time":"4 minutit"},"schema":{"@context":"https:\/\/schema.org","@graph":[{"@type":"WebPage","@id":"https:\/\/kolmlovitrykikeskus.ee\/?page_id=2008","url":"https:\/\/kolmlovitrykikeskus.ee\/?page_id=2008","name":"ROSETT RINNAM\u00c4RGILE +rinnam\u00e4rk 64mm - Kolm L\u00f5vi Tr\u00fckikeskus","isPartOf":{"@id":"https:\/\/kolmlovitrykikeskus.ee\/#website"},"primaryImageOfPage":{"@id":"https:\/\/kolmlovitrykikeskus.ee\/?page_id=2008#primaryimage"},"image":{"@id":"https:\/\/kolmlovitrykikeskus.ee\/?page_id=2008#primaryimage"},"thumbnailUrl":"https:\/\/kolmlovitrykikeskus.ee\/wp-content\/uploads\/2024\/08\/rosetipaelaloiked-300x189.jpg","datePublished":"2024-08-26T18:23:45+00:00","dateModified":"2026-01-28T12:48:37+00:00","description":"ROSETT RINNAM\u00c4RGILE +rinnam\u00e4rk 64mm Kolm L\u00f5vi Tr\u00fckikeskus ROSETT RINNAM\u00c4RGILE +rinnam\u00e4rk 64mm","breadcrumb":{"@id":"https:\/\/kolmlovitrykikeskus.ee\/?page_id=2008#breadcrumb"},"inLanguage":"et","potentialAction":[{"@type":"ReadAction","target":["https:\/\/kolmlovitrykikeskus.ee\/?page_id=2008"]}]},{"@type":"ImageObject","inLanguage":"et","@id":"https:\/\/kolmlovitrykikeskus.ee\/?page_id=2008#primaryimage","url":"https:\/\/kolmlovitrykikeskus.ee\/wp-content\/uploads\/2024\/08\/rosetipaelaloiked.jpg","contentUrl":"https:\/\/kolmlovitrykikeskus.ee\/wp-content\/uploads\/2024\/08\/rosetipaelaloiked.jpg","width":519,"height":327},{"@type":"BreadcrumbList","@id":"https:\/\/kolmlovitrykikeskus.ee\/?page_id=2008#breadcrumb","itemListElement":[{"@type":"ListItem","position":1,"name":"Home","item":"https:\/\/kolmlovitrykikeskus.ee\/"},{"@type":"ListItem","position":2,"name":"ROSETT RINNAM\u00c4RGILE +rinnam\u00e4rk 64mm"}]},{"@type":"WebSite","@id":"https:\/\/kolmlovitrykikeskus.ee\/#website","url":"https:\/\/kolmlovitrykikeskus.ee\/","name":"Kolm L\u00f5vi Tr\u00fckikeskus","description":"Leiame lahenduse!","publisher":{"@id":"https:\/\/kolmlovitrykikeskus.ee\/#organization"},"potentialAction":[{"@type":"SearchAction","target":{"@type":"EntryPoint","urlTemplate":"https:\/\/kolmlovitrykikeskus.ee\/?s={search_term_string}"},"query-input":{"@type":"PropertyValueSpecification","valueRequired":true,"valueName":"search_term_string"}}],"inLanguage":"et"},{"@type":"Organization","@id":"https:\/\/kolmlovitrykikeskus.ee\/#organization","name":"Kolm L\u00f5vi Tr\u00fckikeskus","url":"https:\/\/kolmlovitrykikeskus.ee\/","logo":{"@type":"ImageObject","inLanguage":"et","@id":"https:\/\/kolmlovitrykikeskus.ee\/#\/schema\/logo\/image\/","url":"https:\/\/kolmlovitrykikeskus.ee\/wp-content\/uploads\/2023\/12\/cropped-kltk-logo.png","contentUrl":"https:\/\/kolmlovitrykikeskus.ee\/wp-content\/uploads\/2023\/12\/cropped-kltk-logo.png","width":640,"height":170,"caption":"Kolm L\u00f5vi Tr\u00fckikeskus"},"image":{"@id":"https:\/\/kolmlovitrykikeskus.ee\/#\/schema\/logo\/image\/"},"sameAs":["https:\/\/www.facebook.com\/kolmlovitrykikeskus"]}]}},"_links":{"self":[{"href":"https:\/\/kolmlovitrykikeskus.ee\/index.php?rest_route=\/wp\/v2\/pages\/2008","targetHints":{"allow":["GET"]}}],"collection":[{"href":"https:\/\/kolmlovitrykikeskus.ee\/index.php?rest_route=\/wp\/v2\/pages"}],"about":[{"href":"https:\/\/kolmlovitrykikeskus.ee\/index.php?rest_route=\/wp\/v2\/types\/page"}],"author":[{"embeddable":true,"href":"https:\/\/kolmlovitrykikeskus.ee\/index.php?rest_route=\/wp\/v2\/users\/5"}],"replies":[{"embeddable":true,"href":"https:\/\/kolmlovitrykikeskus.ee\/index.php?rest_route=%2Fwp%2Fv2%2Fcomments&post=2008"}],"version-history":[{"count":9,"href":"https:\/\/kolmlovitrykikeskus.ee\/index.php?rest_route=\/wp\/v2\/pages\/2008\/revisions"}],"predecessor-version":[{"id":4669,"href":"https:\/\/kolmlovitrykikeskus.ee\/index.php?rest_route=\/wp\/v2\/pages\/2008\/revisions\/4669"}],"wp:attachment":[{"href":"https:\/\/kolmlovitrykikeskus.ee\/index.php?rest_route=%2Fwp%2Fv2%2Fmedia&parent=2008"}],"curies":[{"name":"wp","href":"https:\/\/api.w.org\/{rel}","templated":true}]}}