{"id":1997,"date":"2024-08-27T10:58:20","date_gmt":"2024-08-27T08:58:20","guid":{"rendered":"https:\/\/kolmlovitrykikeskus.ee\/?page_id=1997"},"modified":"2024-11-12T10:40:44","modified_gmt":"2024-11-12T08:40:44","slug":"rinnasildid-nimesildid-magnetiga","status":"publish","type":"page","link":"https:\/\/kolmlovitrykikeskus.ee\/?page_id=1997","title":{"rendered":"Rinnasildid, nimesildid magnetiga."},"content":{"rendered":"<h4>Kristallitud nimesildid. Kerged metallist nimesildid. Plastikust rinnasildid. Plastikust 75x32mm rinnasilt 2mm magnetkinnitusega. OVAALNE RINNASILT 68&#215;46 mm plastikkattega. Ovaalne 60x28mm kristallitav rinnam\u00e4rk magnetkinnitusega.<\/h4>\n<h4>Kui \u00f5hukene kangas ei v\u00f5imalda v\u00f5i teenindajal v\u00f5ib n\u00f5elaga silt olla takistuseks v\u00f5i ohuallikaks, siis on v\u00f5imalik valida magnetkinnitusega rinnasildid.<\/h4>\n<h4>VAHETATAVATE NIMEDEGA rinnam\u00e4rgid \/ nimesildid <a href=\"https:\/\/kolmlovitrykikeskus.ee\/?page_id=1980&amp;preview=true\">(pikemalt siin).<\/a> Magnetkinnitusega.<\/h4>\n<p><img loading=\"lazy\" decoding=\"async\" class=\"alignnone wp-image-1984 size-full\" src=\"https:\/\/kolmlovitrykikeskus.ee\/wp-content\/uploads\/2024\/08\/soliidne_nimesilt520px.jpg\" alt=\"\" width=\"520\" height=\"250\" srcset=\"https:\/\/kolmlovitrykikeskus.ee\/wp-content\/uploads\/2024\/08\/soliidne_nimesilt520px.jpg 520w, https:\/\/kolmlovitrykikeskus.ee\/wp-content\/uploads\/2024\/08\/soliidne_nimesilt520px-300x144.jpg 300w\" sizes=\"auto, (max-width: 520px) 100vw, 520px\" \/><br \/>\nSoliidne nimesilt, kuldne, h\u00f5bedane, nimi vahetatav.<\/p>\n<p><img loading=\"lazy\" decoding=\"async\" class=\"alignnone wp-image-1990 size-full\" src=\"https:\/\/kolmlovitrykikeskus.ee\/wp-content\/uploads\/2024\/08\/praktiline_nimesilt_520px.jpg\" alt=\"\" width=\"520\" height=\"250\" srcset=\"https:\/\/kolmlovitrykikeskus.ee\/wp-content\/uploads\/2024\/08\/praktiline_nimesilt_520px.jpg 520w, https:\/\/kolmlovitrykikeskus.ee\/wp-content\/uploads\/2024\/08\/praktiline_nimesilt_520px-300x144.jpg 300w\" sizes=\"auto, (max-width: 520px) 100vw, 520px\" \/><br \/>\nH\u00f5bedase \u00e4\u00e4rega praktiline rinnasilt kolmes suuruses, nimi vahetatav.<\/p>\n<p><img loading=\"lazy\" decoding=\"async\" class=\"alignnone wp-image-1931 size-full\" src=\"https:\/\/kolmlovitrykikeskus.ee\/wp-content\/uploads\/2024\/08\/praktiline_kuldne_nimesilt520px.jpg\" alt=\"\" width=\"520\" height=\"250\" srcset=\"https:\/\/kolmlovitrykikeskus.ee\/wp-content\/uploads\/2024\/08\/praktiline_kuldne_nimesilt520px.jpg 520w, https:\/\/kolmlovitrykikeskus.ee\/wp-content\/uploads\/2024\/08\/praktiline_kuldne_nimesilt520px-300x144.jpg 300w\" sizes=\"auto, (max-width: 520px) 100vw, 520px\" \/><br \/>\nKuldse \u00e4\u00e4rega praktiline rinnasilt kolmes suuruses, nimi vahetatav.<\/p>\n<p><img loading=\"lazy\" decoding=\"async\" class=\"alignnone wp-image-1989 size-full\" src=\"https:\/\/kolmlovitrykikeskus.ee\/wp-content\/uploads\/2024\/08\/lihtne_nimesilt520px.jpg\" alt=\"\" width=\"520\" height=\"250\" srcset=\"https:\/\/kolmlovitrykikeskus.ee\/wp-content\/uploads\/2024\/08\/lihtne_nimesilt520px.jpg 520w, https:\/\/kolmlovitrykikeskus.ee\/wp-content\/uploads\/2024\/08\/lihtne_nimesilt520px-300x144.jpg 300w\" sizes=\"auto, (max-width: 520px) 100vw, 520px\" \/><br \/>\nIlma \u00e4\u00e4reta soliidne nimesilt mitmes m\u00f5\u00f5dus, nimi vahetatav.<\/p>\n<p><img loading=\"lazy\" decoding=\"async\" class=\"alignnone wp-image-1996 size-full\" src=\"https:\/\/kolmlovitrykikeskus.ee\/wp-content\/uploads\/2024\/08\/ovaalne-rinnamark68x46mm-520.jpg\" alt=\"\" width=\"520\" height=\"367\" srcset=\"https:\/\/kolmlovitrykikeskus.ee\/wp-content\/uploads\/2024\/08\/ovaalne-rinnamark68x46mm-520.jpg 520w, https:\/\/kolmlovitrykikeskus.ee\/wp-content\/uploads\/2024\/08\/ovaalne-rinnamark68x46mm-520-300x212.jpg 300w\" sizes=\"auto, (max-width: 520px) 100vw, 520px\" \/><br \/>\n<strong>OVAALNE RINNASILT 68x46mm<\/strong> plastikkattega ja magnetkinnitusega. Nimed ei ole vahetatavad.<\/p>\n<p>Alusmaterjal kuldse v\u00f5i h\u00f5bedase pinnaviimistlusega alumiinium, peal plastikklaas. Fotol olev punane on tr\u00fckitud h\u00f5bedasele alumiiniumpinnale kergelt l\u00e4bipaistvalt. V\u00e4rvilised pinnad tulevadki kergelt l\u00e4bipaistvad, mis muudab k\u00f5ik mustast heledamad v\u00e4rvid kergelt metallik l\u00e4ikeliseks. Nimed ei ole vahetatavad.<\/p>\n<p><img loading=\"lazy\" decoding=\"async\" class=\"alignnone wp-image-1995 size-full\" src=\"https:\/\/kolmlovitrykikeskus.ee\/wp-content\/uploads\/2024\/08\/plastikust-rinnamark-2mm-520.jpg\" alt=\"\" width=\"520\" height=\"204\" srcset=\"https:\/\/kolmlovitrykikeskus.ee\/wp-content\/uploads\/2024\/08\/plastikust-rinnamark-2mm-520.jpg 520w, https:\/\/kolmlovitrykikeskus.ee\/wp-content\/uploads\/2024\/08\/plastikust-rinnamark-2mm-520-300x118.jpg 300w\" sizes=\"auto, (max-width: 520px) 100vw, 520px\" \/><br \/>\n<strong>PLASTIKUST RINNAM\u00c4RK MAGNETIGA<\/strong> (plastik 2mm). Nimi ei ole vahetatav. <span style=\"color: #999999;\">HP32879<\/span><\/p>\n<p><img loading=\"lazy\" decoding=\"async\" class=\"alignnone wp-image-1978 size-full\" src=\"https:\/\/kolmlovitrykikeskus.ee\/wp-content\/uploads\/2024\/08\/kristallitudrinnamarkmagnetiga.jpg\" alt=\"\" width=\"520\" height=\"134\" srcset=\"https:\/\/kolmlovitrykikeskus.ee\/wp-content\/uploads\/2024\/08\/kristallitudrinnamarkmagnetiga.jpg 520w, https:\/\/kolmlovitrykikeskus.ee\/wp-content\/uploads\/2024\/08\/kristallitudrinnamarkmagnetiga-300x77.jpg 300w\" sizes=\"auto, (max-width: 520px) 100vw, 520px\" \/><br \/>\n<strong>KRISTALLITUD rinnam\u00e4rk.<\/strong> Saadaval kolmes m\u00f5\u00f5dus 60&#215;20, 60&#215;25, 60x30mm.<br \/>\nV\u00f5imalik kinnituseks valida ka klamber\/haakn\u00f5elaga. Nimi ei ole vahetatav. <span style=\"color: #999999;\">HP32879<\/span><\/p>\n<p><img loading=\"lazy\" decoding=\"async\" class=\"alignnone wp-image-1983 size-full\" src=\"https:\/\/kolmlovitrykikeskus.ee\/wp-content\/uploads\/2024\/08\/plastik-rinnasilt-86x54mm.jpg\" alt=\"\" width=\"520\" height=\"180\" srcset=\"https:\/\/kolmlovitrykikeskus.ee\/wp-content\/uploads\/2024\/08\/plastik-rinnasilt-86x54mm.jpg 520w, https:\/\/kolmlovitrykikeskus.ee\/wp-content\/uploads\/2024\/08\/plastik-rinnasilt-86x54mm-300x104.jpg 300w\" sizes=\"auto, (max-width: 520px) 100vw, 520px\" \/><br \/>\nPlastikust rinnasildid magnetkinnistustega, valge alus, suurus 86x54mm. Nimi ei ole vahetatav.<\/p>\n<p><img loading=\"lazy\" decoding=\"async\" class=\"alignnone wp-image-1982 size-full\" src=\"https:\/\/kolmlovitrykikeskus.ee\/wp-content\/uploads\/2024\/08\/rinnasilt-60x30mm.jpg\" alt=\"\" width=\"520\" height=\"481\" srcset=\"https:\/\/kolmlovitrykikeskus.ee\/wp-content\/uploads\/2024\/08\/rinnasilt-60x30mm.jpg 520w, https:\/\/kolmlovitrykikeskus.ee\/wp-content\/uploads\/2024\/08\/rinnasilt-60x30mm-300x278.jpg 300w\" sizes=\"auto, (max-width: 520px) 100vw, 520px\" \/><br \/>\nKerged \u00f5hukesest metallist alustel rinnasildid magnetkinnitustega. V\u00f5imalik tellida ka teisi m\u00f5\u00f5te. Rinnasildialuste v\u00e4rvid kuld, h\u00f5be ja valge. Nimi ei ole vahetatav.<\/p>\n<p><img loading=\"lazy\" decoding=\"async\" class=\"alignnone wp-image-1976 \" src=\"https:\/\/kolmlovitrykikeskus.ee\/wp-content\/uploads\/2024\/08\/ovaalne-kristallitud.jpg\" alt=\"\" width=\"522\" height=\"313\" srcset=\"https:\/\/kolmlovitrykikeskus.ee\/wp-content\/uploads\/2024\/08\/ovaalne-kristallitud.jpg 490w, https:\/\/kolmlovitrykikeskus.ee\/wp-content\/uploads\/2024\/08\/ovaalne-kristallitud-300x180.jpg 300w\" sizes=\"auto, (max-width: 522px) 100vw, 522px\" \/><br \/>\nOvaalne rinnam\u00e4rk 60x28mm, v\u00f5imalik kristallida ja kinnituseks sobib magnetkinnitus. Nimi ei ole vahetatav.<\/p>\n<p><img loading=\"lazy\" decoding=\"async\" class=\"alignnone wp-image-1994 \" src=\"https:\/\/kolmlovitrykikeskus.ee\/wp-content\/uploads\/2024\/08\/magnetiga2-560t.jpg\" alt=\"\" width=\"522\" height=\"920\" srcset=\"https:\/\/kolmlovitrykikeskus.ee\/wp-content\/uploads\/2024\/08\/magnetiga2-560t.jpg 560w, https:\/\/kolmlovitrykikeskus.ee\/wp-content\/uploads\/2024\/08\/magnetiga2-560t-170x300.jpg 170w\" sizes=\"auto, (max-width: 522px) 100vw, 522px\" \/><br \/>\nGraafika ja kujunduse jaoks on A ja B variant parem, sest on ruumis ka logodele ja muule graafikale. Nimed ei ole vahetatavad.<\/p>\n","protected":false},"excerpt":{"rendered":"<p>Kristallitud nimesildid. Kerged metallist nimesildid. Plastikust rinnasildid. Plastikust 75x32mm rinnasilt 2mm magnetkinnitusega. OVAALNE RINNASILT 68&#215;46 mm plastikkattega. Ovaalne 60x28mm kristallitav rinnam\u00e4rk magnetkinnitusega. Kui \u00f5hukene kangas [&#8230;]<\/p>\n","protected":false},"author":5,"featured_media":0,"parent":0,"menu_order":0,"comment_status":"closed","ping_status":"closed","template":"","meta":{"footnotes":""},"class_list":["post-1997","page","type-page","status-publish","hentry"],"yoast_head":"<!-- This site is optimized with the Yoast SEO plugin v27.4 - https:\/\/yoast.com\/product\/yoast-seo-wordpress\/ -->\n<title>Rinnasildid, nimesildid magnetiga. - Kolm L\u00f5vi Tr\u00fckikeskus<\/title>\n<meta name=\"description\" content=\"Rinnasildid, nimesildid magnetiga. Kolm L\u00f5vi Tr\u00fckikeskus Rinnasildid nimesildid magnetiga\" \/>\n<meta name=\"robots\" content=\"index, follow, max-snippet:-1, max-image-preview:large, max-video-preview:-1\" \/>\n<link rel=\"canonical\" href=\"https:\/\/kolmlovitrykikeskus.ee\/?page_id=1997\" \/>\n<meta property=\"og:locale\" content=\"et_EE\" \/>\n<meta property=\"og:type\" content=\"article\" \/>\n<meta property=\"og:title\" content=\"Rinnasildid, nimesildid magnetiga. - Kolm L\u00f5vi Tr\u00fckikeskus\" \/>\n<meta property=\"og:description\" content=\"Rinnasildid, nimesildid magnetiga. Kolm L\u00f5vi Tr\u00fckikeskus Rinnasildid nimesildid magnetiga\" \/>\n<meta property=\"og:url\" content=\"https:\/\/kolmlovitrykikeskus.ee\/?page_id=1997\" \/>\n<meta property=\"og:site_name\" content=\"Kolm L\u00f5vi Tr\u00fckikeskus\" \/>\n<meta property=\"article:publisher\" content=\"https:\/\/www.facebook.com\/kolmlovitrykikeskus\" \/>\n<meta property=\"article:modified_time\" content=\"2024-11-12T08:40:44+00:00\" \/>\n<meta property=\"og:image\" content=\"https:\/\/kolmlovitrykikeskus.ee\/wp-content\/uploads\/2024\/08\/soliidne_nimesilt520px.jpg\" \/>\n<meta name=\"twitter:card\" content=\"summary_large_image\" \/>\n<meta name=\"twitter:label1\" content=\"Est. reading time\" \/>\n\t<meta name=\"twitter:data1\" content=\"4 minutit\" \/>\n<script type=\"application\/ld+json\" class=\"yoast-schema-graph\">{\"@context\":\"https:\\\/\\\/schema.org\",\"@graph\":[{\"@type\":\"WebPage\",\"@id\":\"https:\\\/\\\/kolmlovitrykikeskus.ee\\\/?page_id=1997\",\"url\":\"https:\\\/\\\/kolmlovitrykikeskus.ee\\\/?page_id=1997\",\"name\":\"Rinnasildid, nimesildid magnetiga. - Kolm L\u00f5vi Tr\u00fckikeskus\",\"isPartOf\":{\"@id\":\"https:\\\/\\\/kolmlovitrykikeskus.ee\\\/#website\"},\"primaryImageOfPage\":{\"@id\":\"https:\\\/\\\/kolmlovitrykikeskus.ee\\\/?page_id=1997#primaryimage\"},\"image\":{\"@id\":\"https:\\\/\\\/kolmlovitrykikeskus.ee\\\/?page_id=1997#primaryimage\"},\"thumbnailUrl\":\"https:\\\/\\\/kolmlovitrykikeskus.ee\\\/wp-content\\\/uploads\\\/2024\\\/08\\\/soliidne_nimesilt520px.jpg\",\"datePublished\":\"2024-08-27T08:58:20+00:00\",\"dateModified\":\"2024-11-12T08:40:44+00:00\",\"description\":\"Rinnasildid, nimesildid magnetiga. Kolm L\u00f5vi Tr\u00fckikeskus Rinnasildid nimesildid magnetiga\",\"breadcrumb\":{\"@id\":\"https:\\\/\\\/kolmlovitrykikeskus.ee\\\/?page_id=1997#breadcrumb\"},\"inLanguage\":\"et\",\"potentialAction\":[{\"@type\":\"ReadAction\",\"target\":[\"https:\\\/\\\/kolmlovitrykikeskus.ee\\\/?page_id=1997\"]}]},{\"@type\":\"ImageObject\",\"inLanguage\":\"et\",\"@id\":\"https:\\\/\\\/kolmlovitrykikeskus.ee\\\/?page_id=1997#primaryimage\",\"url\":\"https:\\\/\\\/kolmlovitrykikeskus.ee\\\/wp-content\\\/uploads\\\/2024\\\/08\\\/soliidne_nimesilt520px.jpg\",\"contentUrl\":\"https:\\\/\\\/kolmlovitrykikeskus.ee\\\/wp-content\\\/uploads\\\/2024\\\/08\\\/soliidne_nimesilt520px.jpg\",\"width\":520,\"height\":250},{\"@type\":\"BreadcrumbList\",\"@id\":\"https:\\\/\\\/kolmlovitrykikeskus.ee\\\/?page_id=1997#breadcrumb\",\"itemListElement\":[{\"@type\":\"ListItem\",\"position\":1,\"name\":\"Home\",\"item\":\"https:\\\/\\\/kolmlovitrykikeskus.ee\\\/\"},{\"@type\":\"ListItem\",\"position\":2,\"name\":\"Rinnasildid, nimesildid magnetiga.\"}]},{\"@type\":\"WebSite\",\"@id\":\"https:\\\/\\\/kolmlovitrykikeskus.ee\\\/#website\",\"url\":\"https:\\\/\\\/kolmlovitrykikeskus.ee\\\/\",\"name\":\"Kolm L\u00f5vi Tr\u00fckikeskus\",\"description\":\"Leiame lahenduse!\",\"publisher\":{\"@id\":\"https:\\\/\\\/kolmlovitrykikeskus.ee\\\/#organization\"},\"potentialAction\":[{\"@type\":\"SearchAction\",\"target\":{\"@type\":\"EntryPoint\",\"urlTemplate\":\"https:\\\/\\\/kolmlovitrykikeskus.ee\\\/?s={search_term_string}\"},\"query-input\":{\"@type\":\"PropertyValueSpecification\",\"valueRequired\":true,\"valueName\":\"search_term_string\"}}],\"inLanguage\":\"et\"},{\"@type\":\"Organization\",\"@id\":\"https:\\\/\\\/kolmlovitrykikeskus.ee\\\/#organization\",\"name\":\"Kolm L\u00f5vi Tr\u00fckikeskus\",\"url\":\"https:\\\/\\\/kolmlovitrykikeskus.ee\\\/\",\"logo\":{\"@type\":\"ImageObject\",\"inLanguage\":\"et\",\"@id\":\"https:\\\/\\\/kolmlovitrykikeskus.ee\\\/#\\\/schema\\\/logo\\\/image\\\/\",\"url\":\"https:\\\/\\\/kolmlovitrykikeskus.ee\\\/wp-content\\\/uploads\\\/2023\\\/12\\\/cropped-kltk-logo.png\",\"contentUrl\":\"https:\\\/\\\/kolmlovitrykikeskus.ee\\\/wp-content\\\/uploads\\\/2023\\\/12\\\/cropped-kltk-logo.png\",\"width\":640,\"height\":170,\"caption\":\"Kolm L\u00f5vi Tr\u00fckikeskus\"},\"image\":{\"@id\":\"https:\\\/\\\/kolmlovitrykikeskus.ee\\\/#\\\/schema\\\/logo\\\/image\\\/\"},\"sameAs\":[\"https:\\\/\\\/www.facebook.com\\\/kolmlovitrykikeskus\"]}]}<\/script>\n<!-- \/ Yoast SEO plugin. -->","yoast_head_json":{"title":"Rinnasildid, nimesildid magnetiga. - Kolm L\u00f5vi Tr\u00fckikeskus","description":"Rinnasildid, nimesildid magnetiga. Kolm L\u00f5vi Tr\u00fckikeskus Rinnasildid nimesildid magnetiga","robots":{"index":"index","follow":"follow","max-snippet":"max-snippet:-1","max-image-preview":"max-image-preview:large","max-video-preview":"max-video-preview:-1"},"canonical":"https:\/\/kolmlovitrykikeskus.ee\/?page_id=1997","og_locale":"et_EE","og_type":"article","og_title":"Rinnasildid, nimesildid magnetiga. - Kolm L\u00f5vi Tr\u00fckikeskus","og_description":"Rinnasildid, nimesildid magnetiga. Kolm L\u00f5vi Tr\u00fckikeskus Rinnasildid nimesildid magnetiga","og_url":"https:\/\/kolmlovitrykikeskus.ee\/?page_id=1997","og_site_name":"Kolm L\u00f5vi Tr\u00fckikeskus","article_publisher":"https:\/\/www.facebook.com\/kolmlovitrykikeskus","article_modified_time":"2024-11-12T08:40:44+00:00","og_image":[{"url":"https:\/\/kolmlovitrykikeskus.ee\/wp-content\/uploads\/2024\/08\/soliidne_nimesilt520px.jpg","type":"","width":"","height":""}],"twitter_card":"summary_large_image","twitter_misc":{"Est. reading time":"4 minutit"},"schema":{"@context":"https:\/\/schema.org","@graph":[{"@type":"WebPage","@id":"https:\/\/kolmlovitrykikeskus.ee\/?page_id=1997","url":"https:\/\/kolmlovitrykikeskus.ee\/?page_id=1997","name":"Rinnasildid, nimesildid magnetiga. - Kolm L\u00f5vi Tr\u00fckikeskus","isPartOf":{"@id":"https:\/\/kolmlovitrykikeskus.ee\/#website"},"primaryImageOfPage":{"@id":"https:\/\/kolmlovitrykikeskus.ee\/?page_id=1997#primaryimage"},"image":{"@id":"https:\/\/kolmlovitrykikeskus.ee\/?page_id=1997#primaryimage"},"thumbnailUrl":"https:\/\/kolmlovitrykikeskus.ee\/wp-content\/uploads\/2024\/08\/soliidne_nimesilt520px.jpg","datePublished":"2024-08-27T08:58:20+00:00","dateModified":"2024-11-12T08:40:44+00:00","description":"Rinnasildid, nimesildid magnetiga. Kolm L\u00f5vi Tr\u00fckikeskus Rinnasildid nimesildid magnetiga","breadcrumb":{"@id":"https:\/\/kolmlovitrykikeskus.ee\/?page_id=1997#breadcrumb"},"inLanguage":"et","potentialAction":[{"@type":"ReadAction","target":["https:\/\/kolmlovitrykikeskus.ee\/?page_id=1997"]}]},{"@type":"ImageObject","inLanguage":"et","@id":"https:\/\/kolmlovitrykikeskus.ee\/?page_id=1997#primaryimage","url":"https:\/\/kolmlovitrykikeskus.ee\/wp-content\/uploads\/2024\/08\/soliidne_nimesilt520px.jpg","contentUrl":"https:\/\/kolmlovitrykikeskus.ee\/wp-content\/uploads\/2024\/08\/soliidne_nimesilt520px.jpg","width":520,"height":250},{"@type":"BreadcrumbList","@id":"https:\/\/kolmlovitrykikeskus.ee\/?page_id=1997#breadcrumb","itemListElement":[{"@type":"ListItem","position":1,"name":"Home","item":"https:\/\/kolmlovitrykikeskus.ee\/"},{"@type":"ListItem","position":2,"name":"Rinnasildid, nimesildid magnetiga."}]},{"@type":"WebSite","@id":"https:\/\/kolmlovitrykikeskus.ee\/#website","url":"https:\/\/kolmlovitrykikeskus.ee\/","name":"Kolm L\u00f5vi Tr\u00fckikeskus","description":"Leiame lahenduse!","publisher":{"@id":"https:\/\/kolmlovitrykikeskus.ee\/#organization"},"potentialAction":[{"@type":"SearchAction","target":{"@type":"EntryPoint","urlTemplate":"https:\/\/kolmlovitrykikeskus.ee\/?s={search_term_string}"},"query-input":{"@type":"PropertyValueSpecification","valueRequired":true,"valueName":"search_term_string"}}],"inLanguage":"et"},{"@type":"Organization","@id":"https:\/\/kolmlovitrykikeskus.ee\/#organization","name":"Kolm L\u00f5vi Tr\u00fckikeskus","url":"https:\/\/kolmlovitrykikeskus.ee\/","logo":{"@type":"ImageObject","inLanguage":"et","@id":"https:\/\/kolmlovitrykikeskus.ee\/#\/schema\/logo\/image\/","url":"https:\/\/kolmlovitrykikeskus.ee\/wp-content\/uploads\/2023\/12\/cropped-kltk-logo.png","contentUrl":"https:\/\/kolmlovitrykikeskus.ee\/wp-content\/uploads\/2023\/12\/cropped-kltk-logo.png","width":640,"height":170,"caption":"Kolm L\u00f5vi Tr\u00fckikeskus"},"image":{"@id":"https:\/\/kolmlovitrykikeskus.ee\/#\/schema\/logo\/image\/"},"sameAs":["https:\/\/www.facebook.com\/kolmlovitrykikeskus"]}]}},"_links":{"self":[{"href":"https:\/\/kolmlovitrykikeskus.ee\/index.php?rest_route=\/wp\/v2\/pages\/1997","targetHints":{"allow":["GET"]}}],"collection":[{"href":"https:\/\/kolmlovitrykikeskus.ee\/index.php?rest_route=\/wp\/v2\/pages"}],"about":[{"href":"https:\/\/kolmlovitrykikeskus.ee\/index.php?rest_route=\/wp\/v2\/types\/page"}],"author":[{"embeddable":true,"href":"https:\/\/kolmlovitrykikeskus.ee\/index.php?rest_route=\/wp\/v2\/users\/5"}],"replies":[{"embeddable":true,"href":"https:\/\/kolmlovitrykikeskus.ee\/index.php?rest_route=%2Fwp%2Fv2%2Fcomments&post=1997"}],"version-history":[{"count":11,"href":"https:\/\/kolmlovitrykikeskus.ee\/index.php?rest_route=\/wp\/v2\/pages\/1997\/revisions"}],"predecessor-version":[{"id":3927,"href":"https:\/\/kolmlovitrykikeskus.ee\/index.php?rest_route=\/wp\/v2\/pages\/1997\/revisions\/3927"}],"wp:attachment":[{"href":"https:\/\/kolmlovitrykikeskus.ee\/index.php?rest_route=%2Fwp%2Fv2%2Fmedia&parent=1997"}],"curies":[{"name":"wp","href":"https:\/\/api.w.org\/{rel}","templated":true}]}}