{"id":1905,"date":"2024-08-27T13:49:53","date_gmt":"2024-08-27T11:49:53","guid":{"rendered":"https:\/\/kolmlovitrykikeskus.ee\/?page_id=1905"},"modified":"2024-12-13T10:22:17","modified_gmt":"2024-12-13T08:22:17","slug":"pehmed-pvc-kaelakaartide-taskute-moodud","status":"publish","type":"page","link":"https:\/\/kolmlovitrykikeskus.ee\/?page_id=1905","title":{"rendered":"Pehmed PVC kaelakaartide taskud"},"content":{"rendered":"<p>Elastsest PVC-materjalist kaelakaardi taskud, millesse saab panna tr\u00fckitud kaelakaardi ja muud vajalikud tr\u00fckised. \u00dclemisse ossa saab kinnitada kaelapaela, \u201ekroko\u201d-kinnituse, kuulketi v\u00f5i kaelapaela koos kinnitusklambriga. Fotod taskute kohta leiate <a href=\"https:\/\/kolmlovitrykikeskus.ee\/?page_id=954\">siit.<\/a><\/p>\n<p><img loading=\"lazy\" decoding=\"async\" class=\"alignnone wp-image-1906\" src=\"https:\/\/kolmlovitrykikeskus.ee\/wp-content\/uploads\/2024\/08\/kaelakaarditaskud54x86mm-1-300x212.jpg\" alt=\"\" width=\"519\" height=\"367\" srcset=\"https:\/\/kolmlovitrykikeskus.ee\/wp-content\/uploads\/2024\/08\/kaelakaarditaskud54x86mm-1-300x212.jpg 300w, https:\/\/kolmlovitrykikeskus.ee\/wp-content\/uploads\/2024\/08\/kaelakaarditaskud54x86mm-1.jpg 520w\" sizes=\"auto, (max-width: 519px) 100vw, 519px\" \/><br \/>\nElastsed l\u00e4bipaistvad taskud kaelakaartidele 54x86mm (horisontaalsete taskute v\u00e4lism\u00f5\u00f5t 94x79mm ja vertikaalsete 94x79mm).<\/p>\n<p><img loading=\"lazy\" decoding=\"async\" class=\"alignnone wp-image-1907\" src=\"https:\/\/kolmlovitrykikeskus.ee\/wp-content\/uploads\/2024\/08\/kiletasku-115x84mm-300x158.jpg\" alt=\"\" width=\"518\" height=\"273\" srcset=\"https:\/\/kolmlovitrykikeskus.ee\/wp-content\/uploads\/2024\/08\/kiletasku-115x84mm-300x158.jpg 300w, https:\/\/kolmlovitrykikeskus.ee\/wp-content\/uploads\/2024\/08\/kiletasku-115x84mm.jpg 500w\" sizes=\"auto, (max-width: 518px) 100vw, 518px\" \/><\/p>\n<p><img loading=\"lazy\" decoding=\"async\" class=\"alignnone wp-image-1908 size-full\" src=\"https:\/\/kolmlovitrykikeskus.ee\/wp-content\/uploads\/2024\/08\/plastkarabiin.jpg\" alt=\"\" width=\"519\" height=\"363\" srcset=\"https:\/\/kolmlovitrykikeskus.ee\/wp-content\/uploads\/2024\/08\/plastkarabiin.jpg 519w, https:\/\/kolmlovitrykikeskus.ee\/wp-content\/uploads\/2024\/08\/plastkarabiin-300x210.jpg 300w\" sizes=\"auto, (max-width: 519px) 100vw, 519px\" \/><\/p>\n<hr \/>\n<p><strong>L\u00e4bipaistvad kaelakaardi taskud \u00fclalt avatud.<\/strong><\/p>\n<p><strong>P\u00f5hiliste laotoodete joonised ja m\u00f5\u00f5dud<\/strong> (+ sissemahtuva tr\u00fckise m\u00f5\u00f5dud).<\/p>\n<p><img loading=\"lazy\" decoding=\"async\" class=\"alignnone wp-image-1904\" src=\"https:\/\/kolmlovitrykikeskus.ee\/wp-content\/uploads\/2024\/08\/pvc-taskud-1-300x157.jpg\" alt=\"\" width=\"520\" height=\"271\" srcset=\"https:\/\/kolmlovitrykikeskus.ee\/wp-content\/uploads\/2024\/08\/pvc-taskud-1-300x157.jpg 300w, https:\/\/kolmlovitrykikeskus.ee\/wp-content\/uploads\/2024\/08\/pvc-taskud-1.jpg 692w\" sizes=\"auto, (max-width: 520px) 100vw, 520px\" \/><\/p>\n<p><img loading=\"lazy\" decoding=\"async\" src=\"http:\/\/kolmlovi.ee\/media\/clear10x10px.gif\" alt=\"\" width=\"10\" height=\"10\" \/><img loading=\"lazy\" decoding=\"async\" class=\"alignnone wp-image-1903\" src=\"https:\/\/kolmlovitrykikeskus.ee\/wp-content\/uploads\/2024\/08\/pvc-taskud-2-300x157.jpg\" alt=\"\" width=\"520\" height=\"271\" srcset=\"https:\/\/kolmlovitrykikeskus.ee\/wp-content\/uploads\/2024\/08\/pvc-taskud-2-300x157.jpg 300w, https:\/\/kolmlovitrykikeskus.ee\/wp-content\/uploads\/2024\/08\/pvc-taskud-2.jpg 692w\" sizes=\"auto, (max-width: 520px) 100vw, 520px\" \/><\/p>\n<p><img loading=\"lazy\" decoding=\"async\" class=\"alignnone wp-image-1902\" src=\"https:\/\/kolmlovitrykikeskus.ee\/wp-content\/uploads\/2024\/08\/pvc-taskud-3-300x225.jpg\" alt=\"\" width=\"520\" height=\"391\" srcset=\"https:\/\/kolmlovitrykikeskus.ee\/wp-content\/uploads\/2024\/08\/pvc-taskud-3-300x225.jpg 300w, https:\/\/kolmlovitrykikeskus.ee\/wp-content\/uploads\/2024\/08\/pvc-taskud-3.jpg 692w\" sizes=\"auto, (max-width: 520px) 100vw, 520px\" \/><\/p>\n<h4>Lamineeritud kaelakaardid<\/h4>\n<p>Kapslisse lamineeritud kaelakaardid. Informatsiooni peale lamineerimist ei ole v\u00f5imalik lisada ega vahetada. Rohkem pilt kaelakaartide kohta\u00a0<a href=\"https:\/\/kolmlovitrykikeskus.ee\/?page_id=954\">siit.<\/a><\/p>\n<p><img loading=\"lazy\" decoding=\"async\" class=\"alignnone wp-image-1901\" src=\"https:\/\/kolmlovitrykikeskus.ee\/wp-content\/uploads\/2024\/08\/Lamineerimistaskud54x86mm-300x208.jpg\" alt=\"\" width=\"520\" height=\"360\" srcset=\"https:\/\/kolmlovitrykikeskus.ee\/wp-content\/uploads\/2024\/08\/Lamineerimistaskud54x86mm-300x208.jpg 300w, https:\/\/kolmlovitrykikeskus.ee\/wp-content\/uploads\/2024\/08\/Lamineerimistaskud54x86mm.jpg 692w\" sizes=\"auto, (max-width: 520px) 100vw, 520px\" \/><\/p>\n<hr \/>\n<h4>Eritellimused ja ettetellitavad PVC-taskud<\/h4>\n<p><strong>L\u00e4bipaistev tasku, kaubainfo tasku.<\/strong>\u00a0Mahutab tr\u00fckise 105x148mm. V\u00e4lism\u00f5\u00f5dud 116&#215;157+21mm, auk 5mm, tagaklapp 20mm. Pehme PVC-plastik paksusega 160mic.\u00a0Pakk 1000tk &#8211; 296+km (v\u00e4ike pakendid 100tk 76+km, 500tk 189+km).\u00a0<span style=\"background-color: #ffff00;\"><strong><em>Suurematel kogustele k\u00fcsi hinnapakkumist<\/em><\/strong><\/span><em><span style=\"background-color: #ffff00;\"><strong>.<\/strong><\/span>\u00a0<\/em>V\u00f5imalik saada ka teistes suuruses kaubainfo taskuid.\u00a0Valmistamine ja tarne min 2 n\u00e4dalat.<\/p>\n<p><img loading=\"lazy\" decoding=\"async\" class=\"alignnone wp-image-1900 size-full\" src=\"https:\/\/kolmlovitrykikeskus.ee\/wp-content\/uploads\/2024\/08\/a6-tasku-verikaalne.png\" alt=\"\" width=\"520\" height=\"520\" srcset=\"https:\/\/kolmlovitrykikeskus.ee\/wp-content\/uploads\/2024\/08\/a6-tasku-verikaalne.png 520w, https:\/\/kolmlovitrykikeskus.ee\/wp-content\/uploads\/2024\/08\/a6-tasku-verikaalne-300x300.png 300w, https:\/\/kolmlovitrykikeskus.ee\/wp-content\/uploads\/2024\/08\/a6-tasku-verikaalne-150x150.png 150w\" sizes=\"auto, (max-width: 520px) 100vw, 520px\" \/><br \/>\nMahutab tr\u00fckise, t\u00f6\u00f6t\u00f5endi 86x54mm (CR80). Valmistamine ja tarne min 2 n\u00e4dalat.<\/p>\n<p><img loading=\"lazy\" decoding=\"async\" class=\"alignnone wp-image-1899 size-full\" src=\"https:\/\/kolmlovitrykikeskus.ee\/wp-content\/uploads\/2024\/08\/cr80-tasku-horisontaalne.png\" alt=\"\" width=\"520\" height=\"520\" srcset=\"https:\/\/kolmlovitrykikeskus.ee\/wp-content\/uploads\/2024\/08\/cr80-tasku-horisontaalne.png 520w, https:\/\/kolmlovitrykikeskus.ee\/wp-content\/uploads\/2024\/08\/cr80-tasku-horisontaalne-300x300.png 300w, https:\/\/kolmlovitrykikeskus.ee\/wp-content\/uploads\/2024\/08\/cr80-tasku-horisontaalne-150x150.png 150w\" sizes=\"auto, (max-width: 520px) 100vw, 520px\" \/><br \/>\nMahutab tr\u00fckise, t\u00f6\u00f6t\u00f5endi 54x86mm (CR80). Valmistamine ja tarne min 2 n\u00e4dalat.<\/p>\n<p><img loading=\"lazy\" decoding=\"async\" class=\"alignnone wp-image-1898 size-full\" src=\"https:\/\/kolmlovitrykikeskus.ee\/wp-content\/uploads\/2024\/08\/cr80-tasku-vertikaalne.png\" alt=\"\" width=\"520\" height=\"520\" srcset=\"https:\/\/kolmlovitrykikeskus.ee\/wp-content\/uploads\/2024\/08\/cr80-tasku-vertikaalne.png 520w, https:\/\/kolmlovitrykikeskus.ee\/wp-content\/uploads\/2024\/08\/cr80-tasku-vertikaalne-300x300.png 300w, https:\/\/kolmlovitrykikeskus.ee\/wp-content\/uploads\/2024\/08\/cr80-tasku-vertikaalne-150x150.png 150w\" sizes=\"auto, (max-width: 520px) 100vw, 520px\" \/><br \/>\nL\u00e4bipaistvad kaelakaarditaskud traks kinnitusega<\/p>\n","protected":false},"excerpt":{"rendered":"<p>Elastsest PVC-materjalist kaelakaardi taskud, millesse saab panna tr\u00fckitud kaelakaardi ja muud vajalikud tr\u00fckised. \u00dclemisse ossa saab kinnitada kaelapaela, \u201ekroko\u201d-kinnituse, kuulketi v\u00f5i kaelapaela koos kinnitusklambriga. Fotod [&#8230;]<\/p>\n","protected":false},"author":5,"featured_media":0,"parent":0,"menu_order":0,"comment_status":"closed","ping_status":"closed","template":"","meta":{"footnotes":""},"class_list":["post-1905","page","type-page","status-publish","hentry"],"yoast_head":"<!-- This site is optimized with the Yoast SEO plugin v27.5 - https:\/\/yoast.com\/product\/yoast-seo-wordpress\/ -->\n<title>Pehmed PVC kaelakaartide taskud - Kolm L\u00f5vi Tr\u00fckikeskus<\/title>\n<meta name=\"description\" content=\"Kolm L\u00f5vi Tr\u00fckikeskus Pehmed PVC kaelakaartide taskud kaelakaart t\u00f6\u00f6t\u00f5end tr\u00fckiteenused prinditeenused print\" \/>\n<meta name=\"robots\" content=\"index, follow, max-snippet:-1, max-image-preview:large, max-video-preview:-1\" \/>\n<link rel=\"canonical\" href=\"https:\/\/kolmlovitrykikeskus.ee\/?page_id=1905\" \/>\n<meta property=\"og:locale\" content=\"et_EE\" \/>\n<meta property=\"og:type\" content=\"article\" \/>\n<meta property=\"og:title\" content=\"Pehmed PVC kaelakaartide taskud - Kolm L\u00f5vi Tr\u00fckikeskus\" \/>\n<meta property=\"og:description\" content=\"Kolm L\u00f5vi Tr\u00fckikeskus Pehmed PVC kaelakaartide taskud kaelakaart t\u00f6\u00f6t\u00f5end tr\u00fckiteenused prinditeenused print\" \/>\n<meta property=\"og:url\" content=\"https:\/\/kolmlovitrykikeskus.ee\/?page_id=1905\" \/>\n<meta property=\"og:site_name\" content=\"Kolm L\u00f5vi Tr\u00fckikeskus\" \/>\n<meta property=\"article:publisher\" content=\"https:\/\/www.facebook.com\/kolmlovitrykikeskus\" \/>\n<meta property=\"article:modified_time\" content=\"2024-12-13T08:22:17+00:00\" \/>\n<meta property=\"og:image\" content=\"https:\/\/kolmlovitrykikeskus.ee\/wp-content\/uploads\/2024\/08\/kaelakaarditaskud54x86mm-1.jpg\" \/>\n\t<meta property=\"og:image:width\" content=\"520\" \/>\n\t<meta property=\"og:image:height\" content=\"367\" \/>\n\t<meta property=\"og:image:type\" content=\"image\/jpeg\" \/>\n<meta name=\"twitter:card\" content=\"summary_large_image\" \/>\n<meta name=\"twitter:label1\" content=\"Est. reading time\" \/>\n\t<meta name=\"twitter:data1\" content=\"3 minutit\" \/>\n<script type=\"application\/ld+json\" class=\"yoast-schema-graph\">{\"@context\":\"https:\\\/\\\/schema.org\",\"@graph\":[{\"@type\":\"WebPage\",\"@id\":\"https:\\\/\\\/kolmlovitrykikeskus.ee\\\/?page_id=1905\",\"url\":\"https:\\\/\\\/kolmlovitrykikeskus.ee\\\/?page_id=1905\",\"name\":\"Pehmed PVC kaelakaartide taskud - Kolm L\u00f5vi Tr\u00fckikeskus\",\"isPartOf\":{\"@id\":\"https:\\\/\\\/kolmlovitrykikeskus.ee\\\/#website\"},\"primaryImageOfPage\":{\"@id\":\"https:\\\/\\\/kolmlovitrykikeskus.ee\\\/?page_id=1905#primaryimage\"},\"image\":{\"@id\":\"https:\\\/\\\/kolmlovitrykikeskus.ee\\\/?page_id=1905#primaryimage\"},\"thumbnailUrl\":\"https:\\\/\\\/kolmlovitrykikeskus.ee\\\/wp-content\\\/uploads\\\/2024\\\/08\\\/kaelakaarditaskud54x86mm-1-300x212.jpg\",\"datePublished\":\"2024-08-27T11:49:53+00:00\",\"dateModified\":\"2024-12-13T08:22:17+00:00\",\"description\":\"Kolm L\u00f5vi Tr\u00fckikeskus Pehmed PVC kaelakaartide taskud kaelakaart t\u00f6\u00f6t\u00f5end tr\u00fckiteenused prinditeenused print\",\"breadcrumb\":{\"@id\":\"https:\\\/\\\/kolmlovitrykikeskus.ee\\\/?page_id=1905#breadcrumb\"},\"inLanguage\":\"et\",\"potentialAction\":[{\"@type\":\"ReadAction\",\"target\":[\"https:\\\/\\\/kolmlovitrykikeskus.ee\\\/?page_id=1905\"]}]},{\"@type\":\"ImageObject\",\"inLanguage\":\"et\",\"@id\":\"https:\\\/\\\/kolmlovitrykikeskus.ee\\\/?page_id=1905#primaryimage\",\"url\":\"https:\\\/\\\/kolmlovitrykikeskus.ee\\\/wp-content\\\/uploads\\\/2024\\\/08\\\/kaelakaarditaskud54x86mm-1.jpg\",\"contentUrl\":\"https:\\\/\\\/kolmlovitrykikeskus.ee\\\/wp-content\\\/uploads\\\/2024\\\/08\\\/kaelakaarditaskud54x86mm-1.jpg\",\"width\":520,\"height\":367},{\"@type\":\"BreadcrumbList\",\"@id\":\"https:\\\/\\\/kolmlovitrykikeskus.ee\\\/?page_id=1905#breadcrumb\",\"itemListElement\":[{\"@type\":\"ListItem\",\"position\":1,\"name\":\"Home\",\"item\":\"https:\\\/\\\/kolmlovitrykikeskus.ee\\\/\"},{\"@type\":\"ListItem\",\"position\":2,\"name\":\"Pehmed PVC kaelakaartide taskud\"}]},{\"@type\":\"WebSite\",\"@id\":\"https:\\\/\\\/kolmlovitrykikeskus.ee\\\/#website\",\"url\":\"https:\\\/\\\/kolmlovitrykikeskus.ee\\\/\",\"name\":\"Kolm L\u00f5vi Tr\u00fckikeskus\",\"description\":\"Leiame lahenduse!\",\"publisher\":{\"@id\":\"https:\\\/\\\/kolmlovitrykikeskus.ee\\\/#organization\"},\"potentialAction\":[{\"@type\":\"SearchAction\",\"target\":{\"@type\":\"EntryPoint\",\"urlTemplate\":\"https:\\\/\\\/kolmlovitrykikeskus.ee\\\/?s={search_term_string}\"},\"query-input\":{\"@type\":\"PropertyValueSpecification\",\"valueRequired\":true,\"valueName\":\"search_term_string\"}}],\"inLanguage\":\"et\"},{\"@type\":\"Organization\",\"@id\":\"https:\\\/\\\/kolmlovitrykikeskus.ee\\\/#organization\",\"name\":\"Kolm L\u00f5vi Tr\u00fckikeskus\",\"url\":\"https:\\\/\\\/kolmlovitrykikeskus.ee\\\/\",\"logo\":{\"@type\":\"ImageObject\",\"inLanguage\":\"et\",\"@id\":\"https:\\\/\\\/kolmlovitrykikeskus.ee\\\/#\\\/schema\\\/logo\\\/image\\\/\",\"url\":\"https:\\\/\\\/kolmlovitrykikeskus.ee\\\/wp-content\\\/uploads\\\/2023\\\/12\\\/cropped-kltk-logo.png\",\"contentUrl\":\"https:\\\/\\\/kolmlovitrykikeskus.ee\\\/wp-content\\\/uploads\\\/2023\\\/12\\\/cropped-kltk-logo.png\",\"width\":640,\"height\":170,\"caption\":\"Kolm L\u00f5vi Tr\u00fckikeskus\"},\"image\":{\"@id\":\"https:\\\/\\\/kolmlovitrykikeskus.ee\\\/#\\\/schema\\\/logo\\\/image\\\/\"},\"sameAs\":[\"https:\\\/\\\/www.facebook.com\\\/kolmlovitrykikeskus\"]}]}<\/script>\n<!-- \/ Yoast SEO plugin. -->","yoast_head_json":{"title":"Pehmed PVC kaelakaartide taskud - Kolm L\u00f5vi Tr\u00fckikeskus","description":"Kolm L\u00f5vi Tr\u00fckikeskus Pehmed PVC kaelakaartide taskud kaelakaart t\u00f6\u00f6t\u00f5end tr\u00fckiteenused prinditeenused print","robots":{"index":"index","follow":"follow","max-snippet":"max-snippet:-1","max-image-preview":"max-image-preview:large","max-video-preview":"max-video-preview:-1"},"canonical":"https:\/\/kolmlovitrykikeskus.ee\/?page_id=1905","og_locale":"et_EE","og_type":"article","og_title":"Pehmed PVC kaelakaartide taskud - Kolm L\u00f5vi Tr\u00fckikeskus","og_description":"Kolm L\u00f5vi Tr\u00fckikeskus Pehmed PVC kaelakaartide taskud kaelakaart t\u00f6\u00f6t\u00f5end tr\u00fckiteenused prinditeenused print","og_url":"https:\/\/kolmlovitrykikeskus.ee\/?page_id=1905","og_site_name":"Kolm L\u00f5vi Tr\u00fckikeskus","article_publisher":"https:\/\/www.facebook.com\/kolmlovitrykikeskus","article_modified_time":"2024-12-13T08:22:17+00:00","og_image":[{"width":520,"height":367,"url":"https:\/\/kolmlovitrykikeskus.ee\/wp-content\/uploads\/2024\/08\/kaelakaarditaskud54x86mm-1.jpg","type":"image\/jpeg"}],"twitter_card":"summary_large_image","twitter_misc":{"Est. reading time":"3 minutit"},"schema":{"@context":"https:\/\/schema.org","@graph":[{"@type":"WebPage","@id":"https:\/\/kolmlovitrykikeskus.ee\/?page_id=1905","url":"https:\/\/kolmlovitrykikeskus.ee\/?page_id=1905","name":"Pehmed PVC kaelakaartide taskud - Kolm L\u00f5vi Tr\u00fckikeskus","isPartOf":{"@id":"https:\/\/kolmlovitrykikeskus.ee\/#website"},"primaryImageOfPage":{"@id":"https:\/\/kolmlovitrykikeskus.ee\/?page_id=1905#primaryimage"},"image":{"@id":"https:\/\/kolmlovitrykikeskus.ee\/?page_id=1905#primaryimage"},"thumbnailUrl":"https:\/\/kolmlovitrykikeskus.ee\/wp-content\/uploads\/2024\/08\/kaelakaarditaskud54x86mm-1-300x212.jpg","datePublished":"2024-08-27T11:49:53+00:00","dateModified":"2024-12-13T08:22:17+00:00","description":"Kolm L\u00f5vi Tr\u00fckikeskus Pehmed PVC kaelakaartide taskud kaelakaart t\u00f6\u00f6t\u00f5end tr\u00fckiteenused prinditeenused print","breadcrumb":{"@id":"https:\/\/kolmlovitrykikeskus.ee\/?page_id=1905#breadcrumb"},"inLanguage":"et","potentialAction":[{"@type":"ReadAction","target":["https:\/\/kolmlovitrykikeskus.ee\/?page_id=1905"]}]},{"@type":"ImageObject","inLanguage":"et","@id":"https:\/\/kolmlovitrykikeskus.ee\/?page_id=1905#primaryimage","url":"https:\/\/kolmlovitrykikeskus.ee\/wp-content\/uploads\/2024\/08\/kaelakaarditaskud54x86mm-1.jpg","contentUrl":"https:\/\/kolmlovitrykikeskus.ee\/wp-content\/uploads\/2024\/08\/kaelakaarditaskud54x86mm-1.jpg","width":520,"height":367},{"@type":"BreadcrumbList","@id":"https:\/\/kolmlovitrykikeskus.ee\/?page_id=1905#breadcrumb","itemListElement":[{"@type":"ListItem","position":1,"name":"Home","item":"https:\/\/kolmlovitrykikeskus.ee\/"},{"@type":"ListItem","position":2,"name":"Pehmed PVC kaelakaartide taskud"}]},{"@type":"WebSite","@id":"https:\/\/kolmlovitrykikeskus.ee\/#website","url":"https:\/\/kolmlovitrykikeskus.ee\/","name":"Kolm L\u00f5vi Tr\u00fckikeskus","description":"Leiame lahenduse!","publisher":{"@id":"https:\/\/kolmlovitrykikeskus.ee\/#organization"},"potentialAction":[{"@type":"SearchAction","target":{"@type":"EntryPoint","urlTemplate":"https:\/\/kolmlovitrykikeskus.ee\/?s={search_term_string}"},"query-input":{"@type":"PropertyValueSpecification","valueRequired":true,"valueName":"search_term_string"}}],"inLanguage":"et"},{"@type":"Organization","@id":"https:\/\/kolmlovitrykikeskus.ee\/#organization","name":"Kolm L\u00f5vi Tr\u00fckikeskus","url":"https:\/\/kolmlovitrykikeskus.ee\/","logo":{"@type":"ImageObject","inLanguage":"et","@id":"https:\/\/kolmlovitrykikeskus.ee\/#\/schema\/logo\/image\/","url":"https:\/\/kolmlovitrykikeskus.ee\/wp-content\/uploads\/2023\/12\/cropped-kltk-logo.png","contentUrl":"https:\/\/kolmlovitrykikeskus.ee\/wp-content\/uploads\/2023\/12\/cropped-kltk-logo.png","width":640,"height":170,"caption":"Kolm L\u00f5vi Tr\u00fckikeskus"},"image":{"@id":"https:\/\/kolmlovitrykikeskus.ee\/#\/schema\/logo\/image\/"},"sameAs":["https:\/\/www.facebook.com\/kolmlovitrykikeskus"]}]}},"_links":{"self":[{"href":"https:\/\/kolmlovitrykikeskus.ee\/index.php?rest_route=\/wp\/v2\/pages\/1905","targetHints":{"allow":["GET"]}}],"collection":[{"href":"https:\/\/kolmlovitrykikeskus.ee\/index.php?rest_route=\/wp\/v2\/pages"}],"about":[{"href":"https:\/\/kolmlovitrykikeskus.ee\/index.php?rest_route=\/wp\/v2\/types\/page"}],"author":[{"embeddable":true,"href":"https:\/\/kolmlovitrykikeskus.ee\/index.php?rest_route=\/wp\/v2\/users\/5"}],"replies":[{"embeddable":true,"href":"https:\/\/kolmlovitrykikeskus.ee\/index.php?rest_route=%2Fwp%2Fv2%2Fcomments&post=1905"}],"version-history":[{"count":8,"href":"https:\/\/kolmlovitrykikeskus.ee\/index.php?rest_route=\/wp\/v2\/pages\/1905\/revisions"}],"predecessor-version":[{"id":4215,"href":"https:\/\/kolmlovitrykikeskus.ee\/index.php?rest_route=\/wp\/v2\/pages\/1905\/revisions\/4215"}],"wp:attachment":[{"href":"https:\/\/kolmlovitrykikeskus.ee\/index.php?rest_route=%2Fwp%2Fv2%2Fmedia&parent=1905"}],"curies":[{"name":"wp","href":"https:\/\/api.w.org\/{rel}","templated":true}]}}