{"id":1590,"date":"2024-08-22T13:59:51","date_gmt":"2024-08-22T11:59:51","guid":{"rendered":"https:\/\/kolmlovitrykikeskus.ee\/?page_id=1590"},"modified":"2024-10-02T09:31:49","modified_gmt":"2024-10-02T07:31:49","slug":"tassidele-trukk","status":"publish","type":"page","link":"https:\/\/kolmlovitrykikeskus.ee\/?page_id=1590","title":{"rendered":"Tasside hinnakiri"},"content":{"rendered":"<p>Indikatiivne hinnakiri tasside tr\u00fckkimiseks. Kindlasti k\u00fcsige eelnevalt hinnapakkumist.<br \/>\nAllolevatele hindadele lisandub k\u00e4ibemaks.<\/p>\n<table style=\"border-collapse: collapse; width: 30.0149%; height: 106px;\">\n<tbody>\n<tr style=\"height: 56px;\">\n<td style=\"width: 33.3333%; height: 56px;\">Kogus<\/td>\n<td style=\"width: 33.3333%; height: 56px;\">Hind<\/td>\n<td style=\"width: 33.3333%; height: 56px;\">1 t\u00fcki hind<\/td>\n<\/tr>\n<tr style=\"height: 10px;\">\n<td style=\"width: 33.3333%; height: 10px;\">1<\/td>\n<td style=\"width: 33.3333%; height: 10px;\">29.08+km<\/td>\n<td style=\"width: 33.3333%; height: 10px;\"><\/td>\n<\/tr>\n<tr style=\"height: 10px;\">\n<td style=\"width: 33.3333%; height: 10px;\">2<\/td>\n<td style=\"width: 33.3333%; height: 10px;\">36,83+km<\/td>\n<td style=\"width: 33.3333%; height: 10px;\">13,415+km<\/td>\n<\/tr>\n<tr style=\"height: 10px;\">\n<td style=\"width: 33.3333%; height: 10px;\">3<\/td>\n<td style=\"width: 33.3333%; height: 10px;\">44,58+km<\/td>\n<td style=\"width: 33.3333%; height: 10px;\">14,86+km<\/td>\n<\/tr>\n<tr style=\"height: 10px;\">\n<td style=\"width: 33.3333%; height: 10px;\">4<\/td>\n<td style=\"width: 33.3333%; height: 10px;\">52,33+km<\/td>\n<td style=\"width: 33.3333%; height: 10px;\">13,0825+km<\/td>\n<\/tr>\n<tr style=\"height: 10px;\">\n<td style=\"width: 33.3333%; height: 10px;\">5<\/td>\n<td style=\"width: 33.3333%; height: 10px;\">60,08+km<\/td>\n<td style=\"width: 33.3333%; height: 10px;\">12,016+km<\/td>\n<\/tr>\n<\/tbody>\n<\/table>\n<p>Koguse kasvades tk hind odavneb.<\/p>\n<p>NB! Kui iga tass on erinev siis lisandub 1\u20ac+km iga erineva tassi kohta. Lihtsamad arvutigraafilised t\u00f6\u00f6d hinna sees. Tassidele saab peale tr\u00fckkida logosid, nimesid, fotosid ja h\u00fc\u00fcdlauseid. Tassid on ise valged. Kliendi algmaterjalide ja juhtn\u00f6\u00f6ride j\u00e4rgi saame teha kujundused.<\/p>\n","protected":false},"excerpt":{"rendered":"<p>Indikatiivne hinnakiri tasside tr\u00fckkimiseks. Kindlasti k\u00fcsige eelnevalt hinnapakkumist. Allolevatele hindadele lisandub k\u00e4ibemaks. Kogus Hind 1 t\u00fcki hind 1 29.08+km 2 36,83+km 13,415+km 3 44,58+km 14,86+km [&#8230;]<\/p>\n","protected":false},"author":5,"featured_media":0,"parent":0,"menu_order":0,"comment_status":"closed","ping_status":"closed","template":"","meta":{"footnotes":""},"class_list":["post-1590","page","type-page","status-publish","hentry"],"yoast_head":"<!-- This site is optimized with the Yoast SEO plugin v27.5 - https:\/\/yoast.com\/product\/yoast-seo-wordpress\/ -->\n<title>Tasside hinnakiri - Kolm L\u00f5vi Tr\u00fckikeskus<\/title>\n<meta name=\"description\" content=\"Tasside hinnakiri Kolm L\u00f5vi Tr\u00fckikeskus Tassidele tr\u00fckk\" \/>\n<meta name=\"robots\" content=\"index, follow, max-snippet:-1, max-image-preview:large, max-video-preview:-1\" \/>\n<link rel=\"canonical\" href=\"https:\/\/kolmlovitrykikeskus.ee\/?page_id=1590\" \/>\n<meta property=\"og:locale\" content=\"et_EE\" \/>\n<meta property=\"og:type\" content=\"article\" \/>\n<meta property=\"og:title\" content=\"Tasside hinnakiri - Kolm L\u00f5vi Tr\u00fckikeskus\" \/>\n<meta property=\"og:description\" content=\"Tasside hinnakiri Kolm L\u00f5vi Tr\u00fckikeskus Tassidele tr\u00fckk\" \/>\n<meta property=\"og:url\" content=\"https:\/\/kolmlovitrykikeskus.ee\/?page_id=1590\" \/>\n<meta property=\"og:site_name\" content=\"Kolm L\u00f5vi Tr\u00fckikeskus\" \/>\n<meta property=\"article:publisher\" content=\"https:\/\/www.facebook.com\/kolmlovitrykikeskus\" \/>\n<meta property=\"article:modified_time\" content=\"2024-10-02T07:31:49+00:00\" \/>\n<meta name=\"twitter:card\" content=\"summary_large_image\" \/>\n<meta name=\"twitter:label1\" content=\"Est. reading time\" \/>\n\t<meta name=\"twitter:data1\" content=\"1 minut\" \/>\n<script type=\"application\/ld+json\" class=\"yoast-schema-graph\">{\"@context\":\"https:\\\/\\\/schema.org\",\"@graph\":[{\"@type\":\"WebPage\",\"@id\":\"https:\\\/\\\/kolmlovitrykikeskus.ee\\\/?page_id=1590\",\"url\":\"https:\\\/\\\/kolmlovitrykikeskus.ee\\\/?page_id=1590\",\"name\":\"Tasside hinnakiri - Kolm L\u00f5vi Tr\u00fckikeskus\",\"isPartOf\":{\"@id\":\"https:\\\/\\\/kolmlovitrykikeskus.ee\\\/#website\"},\"datePublished\":\"2024-08-22T11:59:51+00:00\",\"dateModified\":\"2024-10-02T07:31:49+00:00\",\"description\":\"Tasside hinnakiri Kolm L\u00f5vi Tr\u00fckikeskus Tassidele tr\u00fckk\",\"breadcrumb\":{\"@id\":\"https:\\\/\\\/kolmlovitrykikeskus.ee\\\/?page_id=1590#breadcrumb\"},\"inLanguage\":\"et\",\"potentialAction\":[{\"@type\":\"ReadAction\",\"target\":[\"https:\\\/\\\/kolmlovitrykikeskus.ee\\\/?page_id=1590\"]}]},{\"@type\":\"BreadcrumbList\",\"@id\":\"https:\\\/\\\/kolmlovitrykikeskus.ee\\\/?page_id=1590#breadcrumb\",\"itemListElement\":[{\"@type\":\"ListItem\",\"position\":1,\"name\":\"Home\",\"item\":\"https:\\\/\\\/kolmlovitrykikeskus.ee\\\/\"},{\"@type\":\"ListItem\",\"position\":2,\"name\":\"Tasside hinnakiri\"}]},{\"@type\":\"WebSite\",\"@id\":\"https:\\\/\\\/kolmlovitrykikeskus.ee\\\/#website\",\"url\":\"https:\\\/\\\/kolmlovitrykikeskus.ee\\\/\",\"name\":\"Kolm L\u00f5vi Tr\u00fckikeskus\",\"description\":\"Leiame lahenduse!\",\"publisher\":{\"@id\":\"https:\\\/\\\/kolmlovitrykikeskus.ee\\\/#organization\"},\"potentialAction\":[{\"@type\":\"SearchAction\",\"target\":{\"@type\":\"EntryPoint\",\"urlTemplate\":\"https:\\\/\\\/kolmlovitrykikeskus.ee\\\/?s={search_term_string}\"},\"query-input\":{\"@type\":\"PropertyValueSpecification\",\"valueRequired\":true,\"valueName\":\"search_term_string\"}}],\"inLanguage\":\"et\"},{\"@type\":\"Organization\",\"@id\":\"https:\\\/\\\/kolmlovitrykikeskus.ee\\\/#organization\",\"name\":\"Kolm L\u00f5vi Tr\u00fckikeskus\",\"url\":\"https:\\\/\\\/kolmlovitrykikeskus.ee\\\/\",\"logo\":{\"@type\":\"ImageObject\",\"inLanguage\":\"et\",\"@id\":\"https:\\\/\\\/kolmlovitrykikeskus.ee\\\/#\\\/schema\\\/logo\\\/image\\\/\",\"url\":\"https:\\\/\\\/kolmlovitrykikeskus.ee\\\/wp-content\\\/uploads\\\/2023\\\/12\\\/cropped-kltk-logo.png\",\"contentUrl\":\"https:\\\/\\\/kolmlovitrykikeskus.ee\\\/wp-content\\\/uploads\\\/2023\\\/12\\\/cropped-kltk-logo.png\",\"width\":640,\"height\":170,\"caption\":\"Kolm L\u00f5vi Tr\u00fckikeskus\"},\"image\":{\"@id\":\"https:\\\/\\\/kolmlovitrykikeskus.ee\\\/#\\\/schema\\\/logo\\\/image\\\/\"},\"sameAs\":[\"https:\\\/\\\/www.facebook.com\\\/kolmlovitrykikeskus\"]}]}<\/script>\n<!-- \/ Yoast SEO plugin. -->","yoast_head_json":{"title":"Tasside hinnakiri - Kolm L\u00f5vi Tr\u00fckikeskus","description":"Tasside hinnakiri Kolm L\u00f5vi Tr\u00fckikeskus Tassidele tr\u00fckk","robots":{"index":"index","follow":"follow","max-snippet":"max-snippet:-1","max-image-preview":"max-image-preview:large","max-video-preview":"max-video-preview:-1"},"canonical":"https:\/\/kolmlovitrykikeskus.ee\/?page_id=1590","og_locale":"et_EE","og_type":"article","og_title":"Tasside hinnakiri - Kolm L\u00f5vi Tr\u00fckikeskus","og_description":"Tasside hinnakiri Kolm L\u00f5vi Tr\u00fckikeskus Tassidele tr\u00fckk","og_url":"https:\/\/kolmlovitrykikeskus.ee\/?page_id=1590","og_site_name":"Kolm L\u00f5vi Tr\u00fckikeskus","article_publisher":"https:\/\/www.facebook.com\/kolmlovitrykikeskus","article_modified_time":"2024-10-02T07:31:49+00:00","twitter_card":"summary_large_image","twitter_misc":{"Est. reading time":"1 minut"},"schema":{"@context":"https:\/\/schema.org","@graph":[{"@type":"WebPage","@id":"https:\/\/kolmlovitrykikeskus.ee\/?page_id=1590","url":"https:\/\/kolmlovitrykikeskus.ee\/?page_id=1590","name":"Tasside hinnakiri - Kolm L\u00f5vi Tr\u00fckikeskus","isPartOf":{"@id":"https:\/\/kolmlovitrykikeskus.ee\/#website"},"datePublished":"2024-08-22T11:59:51+00:00","dateModified":"2024-10-02T07:31:49+00:00","description":"Tasside hinnakiri Kolm L\u00f5vi Tr\u00fckikeskus Tassidele tr\u00fckk","breadcrumb":{"@id":"https:\/\/kolmlovitrykikeskus.ee\/?page_id=1590#breadcrumb"},"inLanguage":"et","potentialAction":[{"@type":"ReadAction","target":["https:\/\/kolmlovitrykikeskus.ee\/?page_id=1590"]}]},{"@type":"BreadcrumbList","@id":"https:\/\/kolmlovitrykikeskus.ee\/?page_id=1590#breadcrumb","itemListElement":[{"@type":"ListItem","position":1,"name":"Home","item":"https:\/\/kolmlovitrykikeskus.ee\/"},{"@type":"ListItem","position":2,"name":"Tasside hinnakiri"}]},{"@type":"WebSite","@id":"https:\/\/kolmlovitrykikeskus.ee\/#website","url":"https:\/\/kolmlovitrykikeskus.ee\/","name":"Kolm L\u00f5vi Tr\u00fckikeskus","description":"Leiame lahenduse!","publisher":{"@id":"https:\/\/kolmlovitrykikeskus.ee\/#organization"},"potentialAction":[{"@type":"SearchAction","target":{"@type":"EntryPoint","urlTemplate":"https:\/\/kolmlovitrykikeskus.ee\/?s={search_term_string}"},"query-input":{"@type":"PropertyValueSpecification","valueRequired":true,"valueName":"search_term_string"}}],"inLanguage":"et"},{"@type":"Organization","@id":"https:\/\/kolmlovitrykikeskus.ee\/#organization","name":"Kolm L\u00f5vi Tr\u00fckikeskus","url":"https:\/\/kolmlovitrykikeskus.ee\/","logo":{"@type":"ImageObject","inLanguage":"et","@id":"https:\/\/kolmlovitrykikeskus.ee\/#\/schema\/logo\/image\/","url":"https:\/\/kolmlovitrykikeskus.ee\/wp-content\/uploads\/2023\/12\/cropped-kltk-logo.png","contentUrl":"https:\/\/kolmlovitrykikeskus.ee\/wp-content\/uploads\/2023\/12\/cropped-kltk-logo.png","width":640,"height":170,"caption":"Kolm L\u00f5vi Tr\u00fckikeskus"},"image":{"@id":"https:\/\/kolmlovitrykikeskus.ee\/#\/schema\/logo\/image\/"},"sameAs":["https:\/\/www.facebook.com\/kolmlovitrykikeskus"]}]}},"_links":{"self":[{"href":"https:\/\/kolmlovitrykikeskus.ee\/index.php?rest_route=\/wp\/v2\/pages\/1590","targetHints":{"allow":["GET"]}}],"collection":[{"href":"https:\/\/kolmlovitrykikeskus.ee\/index.php?rest_route=\/wp\/v2\/pages"}],"about":[{"href":"https:\/\/kolmlovitrykikeskus.ee\/index.php?rest_route=\/wp\/v2\/types\/page"}],"author":[{"embeddable":true,"href":"https:\/\/kolmlovitrykikeskus.ee\/index.php?rest_route=\/wp\/v2\/users\/5"}],"replies":[{"embeddable":true,"href":"https:\/\/kolmlovitrykikeskus.ee\/index.php?rest_route=%2Fwp%2Fv2%2Fcomments&post=1590"}],"version-history":[{"count":1,"href":"https:\/\/kolmlovitrykikeskus.ee\/index.php?rest_route=\/wp\/v2\/pages\/1590\/revisions"}],"predecessor-version":[{"id":1591,"href":"https:\/\/kolmlovitrykikeskus.ee\/index.php?rest_route=\/wp\/v2\/pages\/1590\/revisions\/1591"}],"wp:attachment":[{"href":"https:\/\/kolmlovitrykikeskus.ee\/index.php?rest_route=%2Fwp%2Fv2%2Fmedia&parent=1590"}],"curies":[{"name":"wp","href":"https:\/\/api.w.org\/{rel}","templated":true}]}}