{"id":1206,"date":"2024-08-13T15:54:56","date_gmt":"2024-08-13T13:54:56","guid":{"rendered":"https:\/\/kolmlovitrykikeskus.ee\/?page_id=1206"},"modified":"2025-08-19T20:36:33","modified_gmt":"2025-08-19T18:36:33","slug":"aeg-jargmise-aasta-kalendreid-tellida","status":"publish","type":"page","link":"https:\/\/kolmlovitrykikeskus.ee\/?page_id=1206","title":{"rendered":"KALENDRID! K\u00e4es on 2026. aasta kalendrite tellimise aeg!"},"content":{"rendered":"<h3><a id=\"liigu-ules-kalendrid\"><\/a>FIRMA GRAAFIKAGA KALENDER<\/h3>\n<h4>seinale v\u00f5i lauale on praktiline kingitus, mis leiab kindlasti kasutust ja j\u00e4\u00e4b inimestele silma.<br \/>\nKalendrip\u00e4is ja reklaamriba on kujundatud kliendi graafikaga.<\/h4>\n<h3>\u00a0\u00a0<img loading=\"lazy\" decoding=\"async\" class=\"alignnone wp-image-3732 size-full\" src=\"https:\/\/kolmlovitrykikeskus.ee\/wp-content\/uploads\/2024\/10\/kalendrid2019-1.png\" alt=\"\" width=\"560\" height=\"541\" srcset=\"https:\/\/kolmlovitrykikeskus.ee\/wp-content\/uploads\/2024\/10\/kalendrid2019-1.png 560w, https:\/\/kolmlovitrykikeskus.ee\/wp-content\/uploads\/2024\/10\/kalendrid2019-1-300x290.png 300w\" sizes=\"auto, (max-width: 560px) 100vw, 560px\" \/><\/h3>\n<h3><img loading=\"lazy\" decoding=\"async\" class=\"alignnone wp-image-3730 \" src=\"https:\/\/kolmlovitrykikeskus.ee\/wp-content\/uploads\/2024\/10\/kalendrid2019-3.png\" alt=\"\" width=\"548\" height=\"312\" srcset=\"https:\/\/kolmlovitrykikeskus.ee\/wp-content\/uploads\/2024\/10\/kalendrid2019-3.png 450w, https:\/\/kolmlovitrykikeskus.ee\/wp-content\/uploads\/2024\/10\/kalendrid2019-3-300x171.png 300w\" sizes=\"auto, (max-width: 548px) 100vw, 548px\" \/><\/h3>\n<ul>\n<li><strong style=\"font-size: 16px;\">TRIO\u00a0<\/strong>kalendril on korraga ees kolm kuud.<\/li>\n<li><strong style=\"font-size: 16px;\">MONO\u00a0<\/strong>kalendril on \u00fcks kuu suurelt ees ja kaks kuud v\u00e4ikselt all.<\/li>\n<li><strong style=\"font-size: 16px;\">TRIO MEMO<\/strong> kalendril on kolm kuud korraga ees ja servas on m\u00e4rkmetes riba \u00fclevalt alla jooksva kuu kohta.<\/li>\n<\/ul>\n<p>Kalender on kokku k\u00f6idetud h\u00f5bedase k\u00f6itespiraaliga. Kalendril on staatiline kuup\u00e4evam\u00e4rkija.<br \/>\n<u style=\"font-size: 16px;\">P\u00e4isegraafika<\/u> 297x210mm bleed 5mm, k\u00f5iteservas ohutusvaru 15mm.<br \/>\n<u style=\"font-size: 16px;\">Reklaamriba<\/u> all 297x50mm + bleed 5mm. K\u00f6itespiraal on h\u00f5bedane. Lisateenusena saab tellida p\u00e4isepildile L\u00c4IKIVA v\u00f5i MATT pinnaviimistluse, riputusava \u00f6\u00f6simise tugevduseks ning kujunduse. Hinnakirja hindadele ning tellimistasule lisandub hetkel Eesti Vabariigis kehtiv k\u00e4ibemaks.<\/p>\n<p><em>Hinnakiri kehtib kuni 31.12.2024 uuemaid hindasi k\u00fcsi <a style=\"background-color: #ffcc00;\" href=\"https:\/\/kolmlovitrykikeskus.ee\/?page_id=73\"><strong>siit<\/strong><\/a>.<\/em><\/p>\n<table style=\"border-collapse: collapse; width: 69.1806%; height: 261px;\">\n<tbody>\n<tr style=\"height: 24px; background-color: #ffd770;\">\n<td style=\"width: 14.2857%; height: 24px; border-style: groove;\">Kogus\/t\u00fc\u00fcp<\/td>\n<td style=\"width: 14.2857%; text-align: center; height: 24px;\">Uno<\/td>\n<td style=\"width: 14.2857%; text-align: center; height: 24px;\">Trio<\/td>\n<td style=\"width: 14.2857%; text-align: center; height: 24px;\">Memo<\/td>\n<td style=\"width: 14.2857%; text-align: center; height: 24px;\">Trio MAX<\/td>\n<td style=\"width: 14.2857%; text-align: center; height: 24px;\">Laua<br \/>\nkolmnurk A5<\/td>\n<td style=\"width: 0.750188%; text-align: center; height: 24px;\">Reklaamriba<br \/>\n4+0v<\/td>\n<\/tr>\n<tr style=\"height: 24px;\">\n<td style=\"width: 14.2857%; height: 24px;\">2-3tk<\/td>\n<td style=\"width: 14.2857%; text-align: center; height: 24px;\">10.50-7.85<\/td>\n<td style=\"width: 14.2857%; text-align: center; height: 24px;\">10.50-7.85<\/td>\n<td style=\"width: 14.2857%; text-align: center; height: 24px;\">\u00a010.50-8.20<\/td>\n<td style=\"width: 14.2857%; text-align: center; height: 24px;\">k\u00fcsi HP<\/td>\n<td style=\"width: 14.2857%; text-align: center; height: 24px;\">\u00a0k\u00fcsi HP<\/td>\n<td style=\"width: 0.750188%; text-align: center; height: 24px;\">\u00a03.00-5.00<\/td>\n<\/tr>\n<tr style=\"height: 24px;\">\n<td style=\"width: 14.2857%; height: 24px;\">4-10tk<\/td>\n<td style=\"width: 14.2857%; text-align: center; height: 24px;\">\u00a06.75<\/td>\n<td style=\"width: 14.2857%; text-align: center; height: 24px;\">6.85<\/td>\n<td style=\"width: 14.2857%; text-align: center; height: 24px;\">\u00a07.85<\/td>\n<td style=\"width: 14.2857%; text-align: center; height: 24px;\">k\u00fcsi HP<\/td>\n<td style=\"width: 14.2857%; text-align: center; height: 24px;\">k\u00fcsi HP<\/td>\n<td style=\"width: 0.750188%; text-align: center; height: 24px;\">\u00a02.50<\/td>\n<\/tr>\n<tr style=\"height: 24px;\">\n<td style=\"width: 14.2857%; height: 24px;\">11-20tk<\/td>\n<td style=\"width: 14.2857%; text-align: center; height: 24px;\">5.65<\/td>\n<td style=\"width: 14.2857%; text-align: center; height: 24px;\">5.85<\/td>\n<td style=\"width: 14.2857%; text-align: center; height: 24px;\">6.75<\/td>\n<td style=\"width: 14.2857%; text-align: center; height: 24px;\">k\u00fcsi HP<\/td>\n<td style=\"width: 14.2857%; text-align: center; height: 24px;\">k\u00fcsi HP<\/td>\n<td style=\"width: 0.750188%; text-align: center; height: 24px;\">\u00a02.00<\/td>\n<\/tr>\n<tr style=\"height: 24px;\">\n<td style=\"width: 14.2857%; height: 24px;\">21-49tk<\/td>\n<td style=\"width: 14.2857%; text-align: center; height: 24px;\">4.40<\/td>\n<td style=\"width: 14.2857%; text-align: center; height: 24px;\">4.45<\/td>\n<td style=\"width: 14.2857%; text-align: center; height: 24px;\">5.80<\/td>\n<td style=\"width: 14.2857%; text-align: center; height: 24px;\">8.20<\/td>\n<td style=\"width: 14.2857%; text-align: center; height: 24px;\">k\u00fcsi HP<\/td>\n<td style=\"width: 0.750188%; text-align: center; height: 24px;\">\u00a01.50<\/td>\n<\/tr>\n<tr style=\"height: 24px;\">\n<td style=\"width: 14.2857%; height: 24px;\">50-100tk<\/td>\n<td style=\"width: 14.2857%; text-align: center; height: 24px;\">3.78<\/td>\n<td style=\"width: 14.2857%; text-align: center; height: 24px;\">4.03<\/td>\n<td style=\"width: 14.2857%; text-align: center; height: 24px;\">5.10<\/td>\n<td style=\"width: 14.2857%; text-align: center; height: 24px;\">7.10<\/td>\n<td style=\"width: 14.2857%; text-align: center; height: 24px;\">k\u00fcsi HP<\/td>\n<td style=\"width: 0.750188%; text-align: center; height: 24px;\">\u00a00.90<\/td>\n<\/tr>\n<tr style=\"height: 21px;\">\n<td style=\"width: 14.2857%; height: 21px;\">101-200tk<\/td>\n<td style=\"width: 14.2857%; text-align: center; height: 21px;\">2.70<\/td>\n<td style=\"width: 14.2857%; text-align: center; height: 21px;\">2.94<\/td>\n<td style=\"width: 14.2857%; text-align: center; height: 21px;\">3.80<\/td>\n<td style=\"width: 14.2857%; text-align: center; height: 21px;\">6.35<\/td>\n<td style=\"width: 14.2857%; text-align: center; height: 21px;\">k\u00fcsi HP<\/td>\n<td style=\"width: 0.750188%; text-align: center; height: 21px;\">0.80<\/td>\n<\/tr>\n<tr style=\"height: 24px;\">\n<td style=\"width: 14.2857%; height: 24px;\">201-300tk<\/td>\n<td style=\"width: 14.2857%; text-align: center; height: 24px;\">2.07<\/td>\n<td style=\"width: 14.2857%; text-align: center; height: 24px;\">2.42<\/td>\n<td style=\"width: 14.2857%; text-align: center; height: 24px;\">3.15<\/td>\n<td style=\"width: 14.2857%; text-align: center; height: 24px;\">6.10<\/td>\n<td style=\"width: 14.2857%; text-align: center; height: 24px;\">\u00a0k\u00fcsi HP<\/td>\n<td style=\"width: 0.750188%; text-align: center; height: 24px;\">\u00a00.69<\/td>\n<\/tr>\n<tr style=\"height: 24px;\">\n<td style=\"width: 14.2857%; height: 24px;\">\u00a0301-400tk<\/td>\n<td style=\"width: 14.2857%; text-align: center; height: 24px;\">1.98<\/td>\n<td style=\"width: 14.2857%; text-align: center; height: 24px;\">2.28<\/td>\n<td style=\"width: 14.2857%; text-align: center; height: 24px;\">2.95<\/td>\n<td style=\"width: 14.2857%; text-align: center; height: 24px;\">5.85<\/td>\n<td style=\"width: 14.2857%; text-align: center; height: 24px;\">k\u00fcsi HP<\/td>\n<td style=\"width: 0.750188%; text-align: center; height: 24px;\">\u00a00.56<\/td>\n<\/tr>\n<tr style=\"height: 24px;\">\n<td style=\"width: 14.2857%; height: 24px;\">\u00a0401-500tk<\/td>\n<td style=\"width: 14.2857%; text-align: center; height: 24px;\">1.89<\/td>\n<td style=\"width: 14.2857%; text-align: center; height: 24px;\">2.14<\/td>\n<td style=\"width: 14.2857%; text-align: center; height: 24px;\">2.75<\/td>\n<td style=\"width: 14.2857%; text-align: center; height: 24px;\">5.45<\/td>\n<td style=\"width: 14.2857%; text-align: center; height: 24px;\">k\u00fcsi HP<\/td>\n<td style=\"width: 0.750188%; text-align: center; height: 24px;\">\u00a00.47<\/td>\n<\/tr>\n<tr style=\"height: 24px;\">\n<td style=\"width: 14.2857%; height: 24px;\">\u00a0alates 501 tk<\/td>\n<td style=\"width: 14.2857%; text-align: center; height: 24px;\">k\u00fcsi HP<\/td>\n<td style=\"width: 14.2857%; text-align: center; height: 24px;\">k\u00fcsi HP<\/td>\n<td style=\"width: 14.2857%; text-align: center; height: 24px;\">k\u00fcsi HP<\/td>\n<td style=\"width: 14.2857%; text-align: center; height: 24px;\">\u00a0k\u00fcsi HP<\/td>\n<td style=\"width: 14.2857%; text-align: center; height: 24px;\">k\u00fcsi HP<\/td>\n<td style=\"width: 0.750188%; text-align: center; height: 24px;\">k\u00fcsi HP<\/td>\n<\/tr>\n<\/tbody>\n<\/table>\n<h4>Lauakalender<\/h4>\n<p>Lauakalender on firmat reklaamiv, s\u00f5numit edastav ja praktiline kingitus. Valmistame erineva kuju ja kujundusega, t\u00e4pselt selliseid nagu teil vaja on.<\/p>\n<p><img loading=\"lazy\" decoding=\"async\" class=\"alignnone wp-image-3726 size-full\" src=\"https:\/\/kolmlovitrykikeskus.ee\/wp-content\/uploads\/2024\/10\/lauakalender-A5port-500.jpg\" alt=\"\" width=\"730\" height=\"500\" srcset=\"https:\/\/kolmlovitrykikeskus.ee\/wp-content\/uploads\/2024\/10\/lauakalender-A5port-500.jpg 730w, https:\/\/kolmlovitrykikeskus.ee\/wp-content\/uploads\/2024\/10\/lauakalender-A5port-500-300x205.jpg 300w\" sizes=\"auto, (max-width: 730px) 100vw, 730px\" \/><\/p>\n<p><img loading=\"lazy\" decoding=\"async\" class=\"alignnone wp-image-3727 \" src=\"https:\/\/kolmlovitrykikeskus.ee\/wp-content\/uploads\/2024\/10\/lauakalender-infoportaalile.jpg\" alt=\"\" width=\"728\" height=\"660\" srcset=\"https:\/\/kolmlovitrykikeskus.ee\/wp-content\/uploads\/2024\/10\/lauakalender-infoportaalile.jpg 657w, https:\/\/kolmlovitrykikeskus.ee\/wp-content\/uploads\/2024\/10\/lauakalender-infoportaalile-300x272.jpg 300w\" sizes=\"auto, (max-width: 728px) 100vw, 728px\" \/><\/p>\n<p><img loading=\"lazy\" decoding=\"async\" class=\"alignnone wp-image-3725 \" src=\"https:\/\/kolmlovitrykikeskus.ee\/wp-content\/uploads\/2024\/10\/taskukalendrid520px.jpg\" alt=\"\" width=\"727\" height=\"477\" srcset=\"https:\/\/kolmlovitrykikeskus.ee\/wp-content\/uploads\/2024\/10\/taskukalendrid520px.jpg 520w, https:\/\/kolmlovitrykikeskus.ee\/wp-content\/uploads\/2024\/10\/taskukalendrid520px-300x197.jpg 300w\" sizes=\"auto, (max-width: 727px) 100vw, 727px\" \/><br \/>\nTaskukalender on tore praktiline kingitus.<\/p>\n<h6><a href=\"#liigu-ules-kalendrid\">Liigu \u00fcles<\/a><\/h6>\n","protected":false},"excerpt":{"rendered":"<p>FIRMA GRAAFIKAGA KALENDER seinale v\u00f5i lauale on praktiline kingitus, mis leiab kindlasti kasutust ja j\u00e4\u00e4b inimestele silma. Kalendrip\u00e4is ja reklaamriba on kujundatud kliendi graafikaga. \u00a0\u00a0 [&#8230;]<\/p>\n","protected":false},"author":5,"featured_media":0,"parent":0,"menu_order":0,"comment_status":"closed","ping_status":"closed","template":"","meta":{"footnotes":""},"class_list":["post-1206","page","type-page","status-publish","hentry"],"yoast_head":"<!-- This site is optimized with the Yoast SEO plugin v27.5 - https:\/\/yoast.com\/product\/yoast-seo-wordpress\/ -->\n<title>KALENDRID! K\u00e4es on 2026. aasta kalendrite tellimise aeg! - Kolm L\u00f5vi Tr\u00fckikeskus<\/title>\n<meta name=\"description\" content=\"kalender lauakalender taskukalender\" \/>\n<meta name=\"robots\" content=\"index, follow, max-snippet:-1, max-image-preview:large, max-video-preview:-1\" \/>\n<link rel=\"canonical\" href=\"https:\/\/kolmlovitrykikeskus.ee\/?page_id=1206\" \/>\n<meta property=\"og:locale\" content=\"et_EE\" \/>\n<meta property=\"og:type\" content=\"article\" \/>\n<meta property=\"og:title\" content=\"KALENDRID! K\u00e4es on 2026. aasta kalendrite tellimise aeg! - Kolm L\u00f5vi Tr\u00fckikeskus\" \/>\n<meta property=\"og:description\" content=\"kalender lauakalender taskukalender\" \/>\n<meta property=\"og:url\" content=\"https:\/\/kolmlovitrykikeskus.ee\/?page_id=1206\" \/>\n<meta property=\"og:site_name\" content=\"Kolm L\u00f5vi Tr\u00fckikeskus\" \/>\n<meta property=\"article:publisher\" content=\"https:\/\/www.facebook.com\/kolmlovitrykikeskus\" \/>\n<meta property=\"article:modified_time\" content=\"2025-08-19T18:36:33+00:00\" \/>\n<meta property=\"og:image\" content=\"https:\/\/kolmlovitrykikeskus.ee\/wp-content\/uploads\/2024\/10\/kalendrid2019-1.png\" \/>\n\t<meta property=\"og:image:width\" content=\"560\" \/>\n\t<meta property=\"og:image:height\" content=\"541\" \/>\n\t<meta property=\"og:image:type\" content=\"image\/png\" \/>\n<meta name=\"twitter:card\" content=\"summary_large_image\" \/>\n<meta name=\"twitter:label1\" content=\"Est. reading time\" \/>\n\t<meta name=\"twitter:data1\" content=\"3 minutit\" \/>\n<script type=\"application\/ld+json\" class=\"yoast-schema-graph\">{\"@context\":\"https:\\\/\\\/schema.org\",\"@graph\":[{\"@type\":\"WebPage\",\"@id\":\"https:\\\/\\\/kolmlovitrykikeskus.ee\\\/?page_id=1206\",\"url\":\"https:\\\/\\\/kolmlovitrykikeskus.ee\\\/?page_id=1206\",\"name\":\"KALENDRID! K\u00e4es on 2026. aasta kalendrite tellimise aeg! - Kolm L\u00f5vi Tr\u00fckikeskus\",\"isPartOf\":{\"@id\":\"https:\\\/\\\/kolmlovitrykikeskus.ee\\\/#website\"},\"primaryImageOfPage\":{\"@id\":\"https:\\\/\\\/kolmlovitrykikeskus.ee\\\/?page_id=1206#primaryimage\"},\"image\":{\"@id\":\"https:\\\/\\\/kolmlovitrykikeskus.ee\\\/?page_id=1206#primaryimage\"},\"thumbnailUrl\":\"https:\\\/\\\/kolmlovitrykikeskus.ee\\\/wp-content\\\/uploads\\\/2024\\\/10\\\/kalendrid2019-1.png\",\"datePublished\":\"2024-08-13T13:54:56+00:00\",\"dateModified\":\"2025-08-19T18:36:33+00:00\",\"description\":\"kalender lauakalender taskukalender\",\"breadcrumb\":{\"@id\":\"https:\\\/\\\/kolmlovitrykikeskus.ee\\\/?page_id=1206#breadcrumb\"},\"inLanguage\":\"et\",\"potentialAction\":[{\"@type\":\"ReadAction\",\"target\":[\"https:\\\/\\\/kolmlovitrykikeskus.ee\\\/?page_id=1206\"]}]},{\"@type\":\"ImageObject\",\"inLanguage\":\"et\",\"@id\":\"https:\\\/\\\/kolmlovitrykikeskus.ee\\\/?page_id=1206#primaryimage\",\"url\":\"https:\\\/\\\/kolmlovitrykikeskus.ee\\\/wp-content\\\/uploads\\\/2024\\\/10\\\/kalendrid2019-1.png\",\"contentUrl\":\"https:\\\/\\\/kolmlovitrykikeskus.ee\\\/wp-content\\\/uploads\\\/2024\\\/10\\\/kalendrid2019-1.png\",\"width\":560,\"height\":541},{\"@type\":\"BreadcrumbList\",\"@id\":\"https:\\\/\\\/kolmlovitrykikeskus.ee\\\/?page_id=1206#breadcrumb\",\"itemListElement\":[{\"@type\":\"ListItem\",\"position\":1,\"name\":\"Home\",\"item\":\"https:\\\/\\\/kolmlovitrykikeskus.ee\\\/\"},{\"@type\":\"ListItem\",\"position\":2,\"name\":\"KALENDRID! K\u00e4es on 2026. aasta kalendrite tellimise aeg!\"}]},{\"@type\":\"WebSite\",\"@id\":\"https:\\\/\\\/kolmlovitrykikeskus.ee\\\/#website\",\"url\":\"https:\\\/\\\/kolmlovitrykikeskus.ee\\\/\",\"name\":\"Kolm L\u00f5vi Tr\u00fckikeskus\",\"description\":\"Leiame lahenduse!\",\"publisher\":{\"@id\":\"https:\\\/\\\/kolmlovitrykikeskus.ee\\\/#organization\"},\"potentialAction\":[{\"@type\":\"SearchAction\",\"target\":{\"@type\":\"EntryPoint\",\"urlTemplate\":\"https:\\\/\\\/kolmlovitrykikeskus.ee\\\/?s={search_term_string}\"},\"query-input\":{\"@type\":\"PropertyValueSpecification\",\"valueRequired\":true,\"valueName\":\"search_term_string\"}}],\"inLanguage\":\"et\"},{\"@type\":\"Organization\",\"@id\":\"https:\\\/\\\/kolmlovitrykikeskus.ee\\\/#organization\",\"name\":\"Kolm L\u00f5vi Tr\u00fckikeskus\",\"url\":\"https:\\\/\\\/kolmlovitrykikeskus.ee\\\/\",\"logo\":{\"@type\":\"ImageObject\",\"inLanguage\":\"et\",\"@id\":\"https:\\\/\\\/kolmlovitrykikeskus.ee\\\/#\\\/schema\\\/logo\\\/image\\\/\",\"url\":\"https:\\\/\\\/kolmlovitrykikeskus.ee\\\/wp-content\\\/uploads\\\/2023\\\/12\\\/cropped-kltk-logo.png\",\"contentUrl\":\"https:\\\/\\\/kolmlovitrykikeskus.ee\\\/wp-content\\\/uploads\\\/2023\\\/12\\\/cropped-kltk-logo.png\",\"width\":640,\"height\":170,\"caption\":\"Kolm L\u00f5vi Tr\u00fckikeskus\"},\"image\":{\"@id\":\"https:\\\/\\\/kolmlovitrykikeskus.ee\\\/#\\\/schema\\\/logo\\\/image\\\/\"},\"sameAs\":[\"https:\\\/\\\/www.facebook.com\\\/kolmlovitrykikeskus\"]}]}<\/script>\n<!-- \/ Yoast SEO plugin. -->","yoast_head_json":{"title":"KALENDRID! K\u00e4es on 2026. aasta kalendrite tellimise aeg! - Kolm L\u00f5vi Tr\u00fckikeskus","description":"kalender lauakalender taskukalender","robots":{"index":"index","follow":"follow","max-snippet":"max-snippet:-1","max-image-preview":"max-image-preview:large","max-video-preview":"max-video-preview:-1"},"canonical":"https:\/\/kolmlovitrykikeskus.ee\/?page_id=1206","og_locale":"et_EE","og_type":"article","og_title":"KALENDRID! K\u00e4es on 2026. aasta kalendrite tellimise aeg! - Kolm L\u00f5vi Tr\u00fckikeskus","og_description":"kalender lauakalender taskukalender","og_url":"https:\/\/kolmlovitrykikeskus.ee\/?page_id=1206","og_site_name":"Kolm L\u00f5vi Tr\u00fckikeskus","article_publisher":"https:\/\/www.facebook.com\/kolmlovitrykikeskus","article_modified_time":"2025-08-19T18:36:33+00:00","og_image":[{"width":560,"height":541,"url":"https:\/\/kolmlovitrykikeskus.ee\/wp-content\/uploads\/2024\/10\/kalendrid2019-1.png","type":"image\/png"}],"twitter_card":"summary_large_image","twitter_misc":{"Est. reading time":"3 minutit"},"schema":{"@context":"https:\/\/schema.org","@graph":[{"@type":"WebPage","@id":"https:\/\/kolmlovitrykikeskus.ee\/?page_id=1206","url":"https:\/\/kolmlovitrykikeskus.ee\/?page_id=1206","name":"KALENDRID! K\u00e4es on 2026. aasta kalendrite tellimise aeg! - Kolm L\u00f5vi Tr\u00fckikeskus","isPartOf":{"@id":"https:\/\/kolmlovitrykikeskus.ee\/#website"},"primaryImageOfPage":{"@id":"https:\/\/kolmlovitrykikeskus.ee\/?page_id=1206#primaryimage"},"image":{"@id":"https:\/\/kolmlovitrykikeskus.ee\/?page_id=1206#primaryimage"},"thumbnailUrl":"https:\/\/kolmlovitrykikeskus.ee\/wp-content\/uploads\/2024\/10\/kalendrid2019-1.png","datePublished":"2024-08-13T13:54:56+00:00","dateModified":"2025-08-19T18:36:33+00:00","description":"kalender lauakalender taskukalender","breadcrumb":{"@id":"https:\/\/kolmlovitrykikeskus.ee\/?page_id=1206#breadcrumb"},"inLanguage":"et","potentialAction":[{"@type":"ReadAction","target":["https:\/\/kolmlovitrykikeskus.ee\/?page_id=1206"]}]},{"@type":"ImageObject","inLanguage":"et","@id":"https:\/\/kolmlovitrykikeskus.ee\/?page_id=1206#primaryimage","url":"https:\/\/kolmlovitrykikeskus.ee\/wp-content\/uploads\/2024\/10\/kalendrid2019-1.png","contentUrl":"https:\/\/kolmlovitrykikeskus.ee\/wp-content\/uploads\/2024\/10\/kalendrid2019-1.png","width":560,"height":541},{"@type":"BreadcrumbList","@id":"https:\/\/kolmlovitrykikeskus.ee\/?page_id=1206#breadcrumb","itemListElement":[{"@type":"ListItem","position":1,"name":"Home","item":"https:\/\/kolmlovitrykikeskus.ee\/"},{"@type":"ListItem","position":2,"name":"KALENDRID! K\u00e4es on 2026. aasta kalendrite tellimise aeg!"}]},{"@type":"WebSite","@id":"https:\/\/kolmlovitrykikeskus.ee\/#website","url":"https:\/\/kolmlovitrykikeskus.ee\/","name":"Kolm L\u00f5vi Tr\u00fckikeskus","description":"Leiame lahenduse!","publisher":{"@id":"https:\/\/kolmlovitrykikeskus.ee\/#organization"},"potentialAction":[{"@type":"SearchAction","target":{"@type":"EntryPoint","urlTemplate":"https:\/\/kolmlovitrykikeskus.ee\/?s={search_term_string}"},"query-input":{"@type":"PropertyValueSpecification","valueRequired":true,"valueName":"search_term_string"}}],"inLanguage":"et"},{"@type":"Organization","@id":"https:\/\/kolmlovitrykikeskus.ee\/#organization","name":"Kolm L\u00f5vi Tr\u00fckikeskus","url":"https:\/\/kolmlovitrykikeskus.ee\/","logo":{"@type":"ImageObject","inLanguage":"et","@id":"https:\/\/kolmlovitrykikeskus.ee\/#\/schema\/logo\/image\/","url":"https:\/\/kolmlovitrykikeskus.ee\/wp-content\/uploads\/2023\/12\/cropped-kltk-logo.png","contentUrl":"https:\/\/kolmlovitrykikeskus.ee\/wp-content\/uploads\/2023\/12\/cropped-kltk-logo.png","width":640,"height":170,"caption":"Kolm L\u00f5vi Tr\u00fckikeskus"},"image":{"@id":"https:\/\/kolmlovitrykikeskus.ee\/#\/schema\/logo\/image\/"},"sameAs":["https:\/\/www.facebook.com\/kolmlovitrykikeskus"]}]}},"_links":{"self":[{"href":"https:\/\/kolmlovitrykikeskus.ee\/index.php?rest_route=\/wp\/v2\/pages\/1206","targetHints":{"allow":["GET"]}}],"collection":[{"href":"https:\/\/kolmlovitrykikeskus.ee\/index.php?rest_route=\/wp\/v2\/pages"}],"about":[{"href":"https:\/\/kolmlovitrykikeskus.ee\/index.php?rest_route=\/wp\/v2\/types\/page"}],"author":[{"embeddable":true,"href":"https:\/\/kolmlovitrykikeskus.ee\/index.php?rest_route=\/wp\/v2\/users\/5"}],"replies":[{"embeddable":true,"href":"https:\/\/kolmlovitrykikeskus.ee\/index.php?rest_route=%2Fwp%2Fv2%2Fcomments&post=1206"}],"version-history":[{"count":70,"href":"https:\/\/kolmlovitrykikeskus.ee\/index.php?rest_route=\/wp\/v2\/pages\/1206\/revisions"}],"predecessor-version":[{"id":4635,"href":"https:\/\/kolmlovitrykikeskus.ee\/index.php?rest_route=\/wp\/v2\/pages\/1206\/revisions\/4635"}],"wp:attachment":[{"href":"https:\/\/kolmlovitrykikeskus.ee\/index.php?rest_route=%2Fwp%2Fv2%2Fmedia&parent=1206"}],"curies":[{"name":"wp","href":"https:\/\/api.w.org\/{rel}","templated":true}]}}